{"id":5127,"date":"2024-07-04T13:42:47","date_gmt":"2024-07-04T10:42:47","guid":{"rendered":"https:\/\/izopaga.lt\/?post_type=product&#038;p=5127"},"modified":"2024-12-05T16:18:48","modified_gmt":"2024-12-05T14:18:48","slug":"samsung-oras-vanduo-silumos-siurblys-ae200rnwseg-eu-ae040rxedeg-eu-44-kw-su-integruotu-200l-talpos-boileriu-2","status":"publish","type":"product","link":"https:\/\/izopaga.lt\/en\/produktai\/samsung-oras-vanduo-silumos-siurblys-ae200rnwseg-eu-ae040rxedeg-eu-44-kw-su-integruotu-200l-talpos-boileriu-2\/","title":{"rendered":"Samsung oras-vanduo \u0161ilumos siurblys AE200RNWSEG\/EU-AE040RXEDEG\/EU 4,4 kW (su integruotu 200l talpos boileriu)"},"content":{"rendered":"<div class=\"aem-GridColumn aem-GridColumn--default--12\">\n<section class=\"section in-view\">\n<div class=\"pdp-header pdp-header--is-not-modal\">\n<div class=\"pdp-header__inner\">\n<div class=\"pdp-header__images\">\n<div class=\"pdp-header__info\">\n<p class=\"pdp-header__info__fiche\"><span class=\"efficiency-aplus3\">A+++<\/span><\/p>\n<\/div>\n<\/div>\n<\/div>\n<\/div>\n<\/section>\n<\/div>\n<p>&nbsp;<\/p>\n<div class=\"aem-GridColumn aem-GridColumn--default--12\">\n<section class=\"section in-view\">\n<div class=\"pdp-header pdp-header--is-not-modal\">\n<div class=\"pdp-header__inner\">\n<div class=\"pdp-header__panel\">\n<div class=\"pdp-header__panel__inner\">\n<div class=\"pdp-header__panel__inner-headlines in-modal\">\n<h1>Split ClimateHub<\/h1>\n<p>M\u016bs\u0173 \u201eSamsung\u201c \u0161ilumos siurbliai efektyviai konvertuoja \u0161ilum\u0105 i\u0161 lauko oro \u012f \u0161ilum\u0105 patalpose per radiatorius, grindin\u012f \u0161ildym\u0105 ir kar\u0161t\u0105 vanden\u012f.<\/p>\n<p>\u0160ilumos siurblys yra ne\u012ftik\u0117tinai universalus, tod\u0117l puikiai tinka nepriklausomai nuo situacijos \u2013 tiek naujai statomuose, tiek renovuojamuose namuose,<\/p>\n<p>tiek kei\u010diant tradicin\u012f dujin\u012f vandens \u0161ildytuv\u0105.<\/p>\n<p>Jie taip pat tinka butuose, nes lauko \u012frenginiui reikia nedaug vietos.<\/p>\n<\/div>\n<p><strong>Kompakti\u0161kas \u012frenginio dydis<\/strong><\/p>\n<\/div>\n<\/div>\n<\/div>\n<\/div>\n<\/section>\n<\/div>\n<div class=\"aem-GridColumn aem-GridColumn--default--12\">\n<section class=\"section in-view\">\n<div id=\"\" class=\"tabs-carousel\">\n<div class=\"tabs-carousel__inner\">\n<div class=\"tabs-carousel__inner-wrapper\">\n<div class=\"swiper-container swiper-container-initialized swiper-container-horizontal swiper-container-pointer-events tabs-carousel__slides\">\n<div class=\"swiper-wrapper\">\n<div class=\"swiper-slide swiper-slide-active\">\n<div class=\"tabs-carousel__slide\">\n<div class=\"tabs-carousel__slide__content\">\n<div class=\"tabs-carousel__slide__image\"><img decoding=\"async\" class=\"tabs-carousel__slide__image__desktop\" src=\"https:\/\/samsung-climatesolutions.com\/content\/dam\/dtnl-aem-samsung-seace\/gb\/en-gb\/products\/features\/ehs\/split\/climatehub\/18_easy-installation\/dk-climatehub-introduction.png\/jcr:content\/renditions\/image-carousel.jpeg\" alt=\"Dk-climatehub-introduction.png\" \/><\/div>\n<\/div>\n<\/div>\n<\/div>\n<\/div>\n<\/div>\n<\/div>\n<\/div>\n<\/div>\n<\/section>\n<\/div>\n<div class=\"aem-GridColumn aem-GridColumn--default--12\">\n<section class=\"section in-view\">\n<div id=\"\" class=\"tabs-carousel\">\n<div class=\"tabs-carousel__inner\">\n<div class=\"tabs-carousel__inner-wrapper\">\n<div class=\"swiper-container swiper-container-initialized swiper-container-horizontal swiper-container-pointer-events tabs-carousel__slides\">\n<div class=\"swiper-wrapper\">\n<div class=\"swiper-slide swiper-slide-active\">\n<div class=\"tabs-carousel__slide\">\n<div class=\"tabs-carousel__slide__content\">\n<div class=\"tabs-carousel__slide__text-col\">\n<h4 class=\"tabs-carousel__slide__trumpet\">Lengvas \u012fdiegimas<\/h4>\n<h3 class=\"tabs-carousel__slide__headline\">Kompakti\u0161ka ir integruota konstrukcija<\/h3>\n<div class=\"tabs-carousel__slide__description rich-text\">Kompakti\u0161kas \u201eClimateHub Mono\u201c, \u201eSplit\u201c ir \u201eTDM Plus\u201c sistemas lengviau tvarkyti ir jos u\u017eima gerokai ma\u017eiau vietos,<\/div>\n<div class=\"tabs-carousel__slide__description rich-text\">tod\u0117l jas galima \u012frengti \u012fvairiausiose vietose, pavyzd\u017eiui, virtuv\u0117je ar pagalbin\u0117se patalpose, ir jas labai paprasta \u012frengti ir pri\u017ei\u016br\u0117ti.<\/div>\n<div class=\"tabs-carousel__slide__description rich-text\">\u012e rezervuar\u0105 integruotas vandens ruo\u0161imo \u012frenginys sujungia \u012fprastin\u012f vandens ruo\u0161imo \u012frengin\u012f arba valdymo rinkin\u012f,<\/div>\n<div class=\"tabs-carousel__slide__description rich-text\">didel\u012f 200 arba 260 litr\u0173 talpos kar\u0161to vandens rezervuar\u0105 ir dal\u012f vandens vamzd\u017ei\u0173.<\/div>\n<\/div>\n<\/div>\n<\/div>\n<\/div>\n<\/div>\n<\/div>\n<\/div>\n<\/div>\n<\/div>\n<\/section>\n<\/div>\n<div class=\"aem-GridColumn aem-GridColumn--default--12\">\n<section class=\"section in-view\">\n<div id=\"\" class=\"tabs-carousel\">\n<div class=\"tabs-carousel__inner\">\n<div class=\"tabs-carousel__inner-wrapper\">\n<div class=\"swiper-container swiper-container-initialized swiper-container-horizontal swiper-container-pointer-events tabs-carousel__slides\">\n<div class=\"swiper-wrapper\">\n<div class=\"swiper-slide swiper-slide-next\">\n<div class=\"tabs-carousel__slide\">\n<div class=\"tabs-carousel__slide__content\">\n<div class=\"tabs-carousel__slide__image\"><img fetchpriority=\"high\" decoding=\"async\" class=\"tabs-carousel__slide__image__desktop\" src=\"https:\/\/samsung-climatesolutions.com\/content\/dam\/dtnl-aem-samsung-seace\/gb\/en-gb\/products\/features\/ehs\/split\/climatehub\/20_convenient-control\/dk-convenient-control.png\/jcr:content\/renditions\/image-carousel.jpeg\" alt=\"Dk-convenient-control.png\" width=\"446\" height=\"446\" \/><\/div>\n<\/div>\n<\/div>\n<\/div>\n<\/div>\n<\/div>\n<\/div>\n<\/div>\n<\/div>\n<\/section>\n<\/div>\n<div class=\"aem-GridColumn aem-GridColumn--default--12\">\n<section class=\"section in-view\">\n<div id=\"\" class=\"tabs-carousel\">\n<div class=\"tabs-carousel__inner\">\n<div class=\"tabs-carousel__inner-wrapper\">\n<div class=\"swiper-container swiper-container-initialized swiper-container-horizontal swiper-container-pointer-events tabs-carousel__slides\">\n<div class=\"swiper-wrapper\">\n<div class=\"swiper-slide swiper-slide-next\">\n<div class=\"tabs-carousel__slide\">\n<div class=\"tabs-carousel__slide__content\">\n<div class=\"tabs-carousel__slide__text-col\">\n<h3 class=\"tabs-carousel__slide__headline\">Patogus ir intuityvus valdymas<\/h3>\n<\/div>\n<\/div>\n<\/div>\n<\/div>\n<\/div>\n<\/div>\n<\/div>\n<\/div>\n<\/div>\n<\/section>\n<\/div>\n<div class=\"aem-GridColumn aem-GridColumn--default--12\">\n<section class=\"section in-view\">\n<div id=\"\" class=\"tabs-carousel\">\n<div class=\"tabs-carousel__inner\">\n<div class=\"tabs-carousel__inner-wrapper\">\n<div class=\"swiper-container swiper-container-initialized swiper-container-horizontal swiper-container-pointer-events tabs-carousel__slides\">\n<div class=\"swiper-wrapper\">\n<div class=\"swiper-slide\">\n<div class=\"tabs-carousel__slide\">\n<div class=\"tabs-carousel__slide__content\">\n<div class=\"tabs-carousel__slide__image\"><img decoding=\"async\" class=\"tabs-carousel__slide__image__desktop\" src=\"https:\/\/samsung-climatesolutions.com\/content\/dam\/dtnl-aem-samsung-seace\/gb\/en-gb\/products\/features\/ehs\/split\/climatehub\/21_smart-connectivity\/dk-smart-connectivity.png\/jcr:content\/renditions\/image-carousel.jpeg\" alt=\"Dk-smart-connectivity.png\" width=\"400\" height=\"400\" \/><\/div>\n<\/div>\n<\/div>\n<\/div>\n<\/div>\n<\/div>\n<\/div>\n<\/div>\n<\/div>\n<\/section>\n<\/div>\n<div class=\"aem-GridColumn aem-GridColumn--default--12\">\n<section class=\"section in-view\">\n<div id=\"\" class=\"tabs-carousel\">\n<div class=\"tabs-carousel__inner\">\n<div class=\"tabs-carousel__inner-wrapper\">\n<div class=\"swiper-container swiper-container-initialized swiper-container-horizontal swiper-container-pointer-events tabs-carousel__slides\">\n<div class=\"swiper-wrapper\">\n<div class=\"swiper-slide\">\n<div class=\"tabs-carousel__slide\">\n<div class=\"tabs-carousel__slide__content\">\n<div class=\"tabs-carousel__slide__text-col\">\n<h4 class=\"tabs-carousel__slide__trumpet\">I\u0161manusis ry\u0161ys<\/h4>\n<h3 class=\"tabs-carousel__slide__headline\">Valdymas ir prie\u017ei\u016bra per \u201eSamsung SmartThings\u201c program\u0117l\u0119<\/h3>\n<\/div>\n<\/div>\n<\/div>\n<\/div>\n<\/div>\n<\/div>\n<\/div>\n<\/div>\n<\/div>\n<\/section>\n<\/div>\n<div class=\"aem-GridColumn aem-GridColumn--default--12\">\n<section class=\"section in-view\">\n<div id=\"\" class=\"tabs-carousel\">\n<div class=\"tabs-carousel__inner\">\n<div class=\"tabs-carousel__inner-wrapper\">\n<div class=\"swiper-container swiper-container-initialized swiper-container-horizontal swiper-container-pointer-events tabs-carousel__slides\">\n<div class=\"swiper-wrapper\">\n<div class=\"swiper-slide\">\n<div class=\"tabs-carousel__slide\">\n<div class=\"tabs-carousel__slide__content\">\n<div class=\"tabs-carousel__slide__image\"><img decoding=\"async\" class=\"tabs-carousel__slide__image__desktop\" src=\"https:\/\/samsung-climatesolutions.com\/content\/dam\/dtnl-aem-samsung-seace\/gb\/en-gb\/products\/features\/ehs\/split\/climatehub\/20_convenient-control\/dk-convenient-control-1.png\/jcr:content\/renditions\/image-carousel.jpeg\" alt=\"Dk-convenient-control-1.png\" width=\"452\" height=\"452\" \/><\/div>\n<\/div>\n<\/div>\n<\/div>\n<\/div>\n<\/div>\n<\/div>\n<\/div>\n<\/div>\n<\/section>\n<\/div>\n<div>\n<p>Ma\u017eai triuk\u0161mo keliantis veikimas<\/p>\n<p>Tylus veikimas<\/p>\n<\/div>\n<div>\n<p>Vandens talpykloje yra kar\u0161to buitinio vandens tiekimo sistema. J\u012f galima \u012fsigyti \u012fvairi\u0173 dyd\u017ei\u0173, tod\u0117l jis gali tilpti beveik bet kurioje erdv\u0117je.<\/p>\n<p>Taip pat galite rinktis pagal talp\u0105: \u201eSamsung ClimateHub\u201c si\u016blo rinktis 200 arba 260 litr\u0173 talpykl\u0105, tod\u0117l galite pasirinkti variant\u0105,<br \/>\ngeriau atitinkant\u012f j\u016bs\u0173 \u0161eimos dyd\u012f ir numatom\u0105 vandens suvartojim\u0105.<\/p>\n<p><img loading=\"lazy\" decoding=\"async\" class=\"alignnone\" src=\"https:\/\/samsung-climatesolutions.com\/content\/dam\/dtnl-aem-samsung-seace\/gb\/en-gb\/lifestyle\/products\/ehs\/dk-clima-home-multi-tdm-windfree.jpg\/jcr:content\/renditions\/image-visual.png\" alt=\"dk clima home multi tdm windfree\" width=\"1052\" height=\"507\" \/><\/p>\n<\/div>\n<p>&nbsp;<\/p>\n<p>&nbsp;<\/p>\n<p>&nbsp;<\/p>\n<div>\n<p>&nbsp;<\/p>\n<\/div>","protected":false},"excerpt":{"rendered":"<table class=\"woocommerce-product-attributes shop_attributes\">\n<tbody>\n<tr class=\"woocommerce-product-attributes-item woocommerce-product-attributes-item--attribute_pa_eer-cop\">\n<th class=\"woocommerce-product-attributes-item__label\">EER\/COP<\/th>\n<td class=\"woocommerce-product-attributes-item__value\">4.59\/5.20<\/td>\n<\/tr>\n<tr class=\"woocommerce-product-attributes-item woocommerce-product-attributes-item--attribute_pa_wifi-valdymas\">\n<th class=\"woocommerce-product-attributes-item__label\">WiFi valdymas<\/th>\n<td class=\"woocommerce-product-attributes-item__value\">Reikalingas priedas<\/td>\n<\/tr>\n<tr class=\"woocommerce-product-attributes-item woocommerce-product-attributes-item--attribute_pa_sildymo-galia\">\n<th class=\"woocommerce-product-attributes-item__label\">\u0160ildymo galia<\/th>\n<td class=\"woocommerce-product-attributes-item__value\">4.4 kW<\/td>\n<\/tr>\n<tr class=\"woocommerce-product-attributes-item woocommerce-product-attributes-item--attribute_pa_spalva\">\n<th class=\"woocommerce-product-attributes-item__label\">Prek\u0117s spalva<\/th>\n<td class=\"woocommerce-product-attributes-item__value\">Balta<\/td>\n<\/tr>\n<\/tbody>\n<\/table>\n<p>&nbsp;<\/p>","protected":false},"featured_media":6413,"template":"","meta":{"om_disable_all_campaigns":false,"_monsterinsights_skip_tracking":false,"_monsterinsights_sitenote_active":false,"_monsterinsights_sitenote_note":"","_monsterinsights_sitenote_category":0},"product_brand":[],"product_cat":[48],"product_tag":[230,249,250],"class_list":{"0":"post-5127","1":"product","2":"type-product","3":"status-publish","4":"has-post-thumbnail","6":"product_cat-silumos-siurbliai-oras-vanduo","7":"product_tag-4-kw","8":"product_tag-istrinti-termina-samsung-oras-vanduo-6ilumos-siurblys-samsung-oras-vanduo-silumos-siurblys","9":"product_tag-samsung-oras-vanduo-silumos-siurblys-ae200rnwseg-eu-ae040rxedeg-eu-4","10":"pa_boileris-su-boileriu","11":"pa_galingumas-4-4-kw","12":"pa_wifi-valdymas-reikalingas-priedas","14":"first","15":"instock","16":"sale","17":"shipping-taxable","18":"purchasable","19":"product-type-simple"},"aioseo_notices":[],"_links":{"self":[{"href":"https:\/\/izopaga.lt\/en\/wp-json\/wp\/v2\/product\/5127","targetHints":{"allow":["GET"]}}],"collection":[{"href":"https:\/\/izopaga.lt\/en\/wp-json\/wp\/v2\/product"}],"about":[{"href":"https:\/\/izopaga.lt\/en\/wp-json\/wp\/v2\/types\/product"}],"wp:featuredmedia":[{"embeddable":true,"href":"https:\/\/izopaga.lt\/en\/wp-json\/wp\/v2\/media\/6413"}],"wp:attachment":[{"href":"https:\/\/izopaga.lt\/en\/wp-json\/wp\/v2\/media?parent=5127"}],"wp:term":[{"taxonomy":"product_brand","embeddable":true,"href":"https:\/\/izopaga.lt\/en\/wp-json\/wp\/v2\/product_brand?post=5127"},{"taxonomy":"product_cat","embeddable":true,"href":"https:\/\/izopaga.lt\/en\/wp-json\/wp\/v2\/product_cat?post=5127"},{"taxonomy":"product_tag","embeddable":true,"href":"https:\/\/izopaga.lt\/en\/wp-json\/wp\/v2\/product_tag?post=5127"}],"curies":[{"name":"wp","href":"https:\/\/api.w.org\/{rel}","templated":true}]}}