{"id":5341,"date":"2024-07-14T12:14:11","date_gmt":"2024-07-14T09:14:11","guid":{"rendered":"https:\/\/izopaga.lt\/?post_type=product&#038;p=5341"},"modified":"2024-11-08T14:40:17","modified_gmt":"2024-11-08T12:40:17","slug":"gree-sieninis-oro-kondicionierius-pular-gwh12agb-k6dna1a-i-gwh12agb-k6dna1a-o-32-34-kw","status":"publish","type":"product","link":"https:\/\/izopaga.lt\/en\/produktai\/gree-sieninis-oro-kondicionierius-pular-gwh12agb-k6dna1a-i-gwh12agb-k6dna1a-o-32-34-kw\/","title":{"rendered":"GREE sieninis oro kondicionierius PULAR GWH12AGB-K6DNA1A\/I + GWH12AGB-K6DNA1A\/O 3,2\/3,4 kW"},"content":{"rendered":"<h4>Oro kondicionierius su\u00a0<em>&#8222;G10 Inverter&#8221;<\/em>\u00a0technologija, kuri pasi\u017eyminti \u017eemo da\u017enio veikimu, su ja \u012franga dirba kur kas tyliau ir suvartoja ma\u017eiau elektros energijos.<br \/>\nIntegruotas Wifi modulis leid\u017eia sekti \u012frenginio veikimo, keisti nustatymus nesant namuose.<br \/>\nEfektyviai \u0161ildo lauko temperat\u016brai nukritus<strong>\u00a0iki -15\u00b0C.<\/strong><br \/>\n<strong>Technin\u0117s charakteristikos:<\/strong><br \/>\n\u2022 v\u0117sinimo\/\u0161ildymo galia: 2,5\/2,8 kW;<br \/>\n\u2022 automatinis i\u0161sivalymas. I\u0161jungus oro kondicionieri\u0173, vidin\u0117s dalies ventiliatorius veikia tol, kol i\u0161garina dr\u0117gm\u0119. Tod\u0117l vidin\u0117je dalyje nesikaupia bakterijos ir pel\u0117siai;<br \/>\n\u2022 &#8222;I Feel&#8221; funkcija &#8211; ji v\u0117sina arba \u0161ildo t\u0105 erdv\u0119, kur pad\u0117site valdymo pultel\u012f. Tai naudinga, jei neketinate v\u0117sinti ar \u0161ildyti visos patalpos, o norite komforto tik numatytoje patalpos vietoje;<br \/>\n\u2022 +8\u00b0C funkcija &#8211; patogu naudoti tuomet, kai i\u0161vykstate ilgesniam laikui i\u0161 nuolat negyvenam\u0173 patalp\u0173;<br \/>\n\u2022 prie vienos i\u0161orin\u0117s dalies galima prijungti kelias vidines dalis;<br \/>\n\u2022 komplektuojamas su pulteliu, kuriuo parinksite norim\u0105 veikimo re\u017eim\u0105 (v\u0117sinimo, \u0161ildymo, miego, turbo, tylaus veikimo), ventiliatoriaus p\u016btimo greit\u012f ir kt. Papildomai galima u\u017esakyti pultel\u012f, tvirtinam\u0105 ant sienos;<br \/>\n\u2022 energijos efektyvumo klas\u0117 (v\u0117s.\/\u0161ild.): A++\/A+++;<br \/>\n\u2022 sezoninis naudingo veikimo koeficientas SEER \/ SCOP (v\u0117sinimo \/ \u0161ildymo re\u017eime): 6,5\/5,1;<br \/>\n\u2022 triuk\u0161mo lygis: nuo 21 iki 38 dB(A);<br \/>\n\u2022 oro srautas: nuo 250 iki 500 m\u00b3\/h;<br \/>\n\u2022 naudojamas R32 \u0161altne\u0161is;<br \/>\n\u2022 vamzd\u017ei\u0173 pajungimo skersmuo (skystis+dujos):1\/4&#8243;+3\/8&#8243;;<br \/>\n\u2022 i\u0161orin\u0117 dalis apsaugota nuo u\u017e\u0161alimo;<br \/>\n\u2022 i\u0161orin\u0117s dalies triuk\u0161mo lygis 51dB(A);<br \/>\n\u2022 maksimalus auk\u0161\u010di\u0173 skirtumas tarp vidin\u0117s ir i\u0161orin\u0117s dalies: 10 metr\u0173;<br \/>\n\u2022 min.\/maks. vamzdyno ilgis: 3\/15 m.<\/h4>\n<div class=\"row\">\n<div class=\"col-lg-12 col-md-12 col-xs-12 col-sm-12\">\n<div class=\"main-img-box-left\">\n<h2>Naujausia G-10 Inverter technologija<\/h2>\n<p class=\"description\">U\u017esitikrinkite\u00a0 ma\u017eas energijos s\u0105naudas, tiksliai valdydami temperat\u016br\u0105 ir triuk\u0161m\u0105<\/p>\n<p><img decoding=\"async\" src=\"https:\/\/static.tossdown.com\/site\/images\/318be60f3ec9c1a8b9cbe7db1c05cb52_1628950543.jpg\" alt=\"\" \/><\/p>\n<\/div>\n<\/div>\n<\/div>\n<div class=\"row\">\n<div class=\"col-lg-12 col-md-12 col-xs-12 col-sm-12\">\n<div class=\"main-img-box-left\">\n<h2>4D oro srautas<\/h2>\n<p class=\"description\">Efektyvus oro kondicionavimas visame kambaryje,\u00a0 kad b\u016bt\u0173 u\u017etikrintas maksimalus komfortas<\/p>\n<p><img decoding=\"async\" src=\"https:\/\/static.tossdown.com\/site\/images\/d9e562031fded28e8b210108d911d304_1656940773.png\" alt=\"\" \/><\/p>\n<\/div>\n<\/div>\n<\/div>\n<div class=\"row\">\n<div class=\"col-lg-12 col-md-12 col-xs-12 col-sm-12\">\n<div class=\"main-img-box-left\">\n<h2>Vieno skydelio Easy Clean filtras<\/h2>\n<p class=\"description\">U\u017etikrina efektyv\u0173 veikim\u0105 bei filtro valym\u0105 be r\u016bpes\u010di\u0173<\/p>\n<p><img decoding=\"async\" src=\"https:\/\/static.tossdown.com\/site\/images\/58cc8306662645498bb80d99405edc41_1628951242.jpg\" alt=\"\" \/><\/p>\n<\/div>\n<\/div>\n<\/div>\n<div class=\"row\">\n<div class=\"col-lg-12 col-md-12 col-xs-12 col-sm-12\">\n<div class=\"main-img-box-left\">\n<h2>Septyni ventiliatoriaus grei\u010diai<\/h2>\n<p class=\"description\">Tylus, \u017eemas, vidutinis \u017eemas, vidutinis, vidutinis auk\u0161tas, auk\u0161tas, turbo ventiliatoriaus. Grei\u010dio reguliavimas pagal j\u016bs\u0173 norus.<\/p>\n<p><img decoding=\"async\" src=\"https:\/\/static.tossdown.com\/site\/images\/9ac45cefe9b6c57c4f7a0deea3f71fc2_1628951280.jpg\" alt=\"\" \/><\/p>\n<\/div>\n<\/div>\n<\/div>\n<div class=\"row\">\n<div class=\"col-lg-12 col-md-12 col-xs-12 col-sm-12\">\n<div class=\"main-img-box-left\">\n<h2>\u017demos \u012ftampos paleidimas<\/h2>\n<p class=\"description\">\u012esijungia net esant \u017eemai 150 V \u012ftampai esant galios svyravimams, kad u\u017etikrint\u0173 nuolatin\u012f na\u0161um\u0105 ir komfort\u0105<\/p>\n<p><img decoding=\"async\" src=\"https:\/\/static.tossdown.com\/site\/images\/b6c958fd734528f376390fc4b29acfe1_1628951327.jpg\" alt=\"\" \/><\/p>\n<\/div>\n<\/div>\n<\/div>\n<div class=\"row\">\n<div class=\"col-lg-12 col-md-12 col-xs-12 col-sm-12\">\n<div class=\"main-img-box-left\">\n<h2>\u0160altos plazmos generatorius<\/h2>\n<p class=\"description\">Labai efektyvi \u0161alta plazma u\u017etikrina iki 3 kart\u0173 didesn\u012f sterilizavimo greit\u012f, ir geresn\u0119 patalp\u0173 oro kokyb\u0119<\/p>\n<p><img decoding=\"async\" src=\"https:\/\/static.tossdown.com\/site\/images\/d6dfae39788e703626c4ff7f55ad2136_1628951432.jpg\" alt=\"\" \/><\/p>\n<\/div>\n<\/div>\n<\/div>\n<div class=\"row\">\n<div class=\"col-lg-12 col-md-12 col-xs-12 col-sm-12\">\n<div class=\"main-img-box-left\">\n<h2>Besi\u016blis dizainas su dvigubu oro deflektoriumi<\/h2>\n<p class=\"description\">Puikiai tinka bet kokioje aplinkoje su papildomu dvigubu oro deflektoriumi, u\u017etikrinan\u010diu vienod\u0105 v\u0117sinim\u0105 net 90\u00b0 kryptimi<\/p>\n<p><img decoding=\"async\" src=\"https:\/\/static.tossdown.com\/site\/images\/3b0102065bd260cd946b4c3fe5358f76_1628951921.jpg\" alt=\"\" \/><\/p>\n<\/div>\n<\/div>\n<\/div>\n<div class=\"row\">\n<div class=\"col-lg-12 col-md-12 col-xs-12 col-sm-12\">\n<div class=\"main-img-box-left\">\n<h2>Tylus<\/h2>\n<p class=\"description\">Veikia tyliai, kad suteikt\u0173 jums ypating\u0105 komfort\u0105 ir jauki\u0105 patirt\u012f<\/p>\n<p><img decoding=\"async\" src=\"https:\/\/static.tossdown.com\/site\/images\/2e0a1eeb0dc8181fe9695f4b16172920_1628952071.jpg\" alt=\"\" \/><\/p>\n<\/div>\n<\/div>\n<\/div>\n<table>\n<tbody>\n<tr>\n<td>I\u0161orin\u0117 dalis<\/td>\n<td>GWH09AGA-K6DNA1A\/O<\/td>\n<\/tr>\n<tr>\n<td>Vidin\u0117 dalis<\/td>\n<td>GWH09AGA-K6DNA1A\/I<\/td>\n<\/tr>\n<tr>\n<td>Galia nom. (min.\u2013maks.), v\u0117sinant, kW<\/td>\n<td>2,5 (0,5\u20133,25)<\/td>\n<\/tr>\n<tr>\n<td>Galia nom. (min.\u2013maks.), \u0161ildant, kW<\/td>\n<td>2,8 (0,5\u20133,5)<\/td>\n<\/tr>\n<tr>\n<td>Elektrin\u0117 galia nom. (min.\u2013maks.), v\u0117sinant, kW<\/td>\n<td>0,72 (0,15\u20131,3)<\/td>\n<\/tr>\n<tr>\n<td>Elektrin\u0117 galia nom. (min.\u2013maks.), \u0161ildant, kW<\/td>\n<td>0,75 (0,14\u20131,5)<\/td>\n<\/tr>\n<tr>\n<td>Maksimali srov\u0117, v\u0117sinant, A<\/td>\n<td>3,2<\/td>\n<\/tr>\n<tr>\n<td>Maksimali srov\u0117, \u0161ildant, A<\/td>\n<td>3,2<\/td>\n<\/tr>\n<tr>\n<td>Sezoninis naudingo veikimo koeficientas SEER \/ SCOP, W\/W<\/td>\n<td>6,5 \/ 4,0<\/td>\n<\/tr>\n<tr>\n<td>Naudingo veikimo koeficientas EER \/ COP, W\/W<\/td>\n<td>3,47 \/ 3,73<\/td>\n<\/tr>\n<tr>\n<td>Energijos efektyvumo klas\u0117 (v\u0117s. \/ \u0161ild.)<\/td>\n<td>A++ \/ A+<\/td>\n<\/tr>\n<tr>\n<td>Oro kiekis (maks. \/ vid. \/ min.), vidin\u0117 dalis,\u00a0m\u00b3\/h<\/td>\n<td>500 \/ 470 \/ 430 \/ 390 \/ 320 \/ 270 \/ 250<\/td>\n<\/tr>\n<tr>\n<td>Triuk\u0161mo lygis (maks. \/ vid. \/ min.), vidin\u0117 dalis, dB(A)<\/td>\n<td>38 \/ 36 \/ 34 \/ 32 \/ 28 \/ 25 \/ 21<\/td>\n<\/tr>\n<tr>\n<td>Triuk\u0161mo lygis (maks. \/ vid. \/ min.), i\u0161orin\u0117 dalis, dB(A)<\/td>\n<td>51<\/td>\n<\/tr>\n<tr>\n<td>Matmenys (auk\u0161tis x plotis x gylis), vidin\u0117 dalis, mm<\/td>\n<td>260x704x185<\/td>\n<\/tr>\n<tr>\n<td>Matmenys (auk\u0161tis x plotis x gylis), i\u0161orin\u0117 dalis, mm<\/td>\n<td>550x732x330<\/td>\n<\/tr>\n<tr>\n<td>Svoris, vidin\u0117 \/ i\u0161orin\u0117 dalis, kg<\/td>\n<td>7,5 \/ 25<\/td>\n<\/tr>\n<tr>\n<td>Vamzd\u017ei\u0173 prijungimo skersmuo, skystis, coliai<\/td>\n<td>1 \/ 4<\/td>\n<\/tr>\n<tr>\n<td>Vamzd\u017ei\u0173 prijungimo skersmuo, dujos, coliai<\/td>\n<td>3 \/ 8<\/td>\n<\/tr>\n<tr>\n<td>Min. \/ maks. vamzdyno ilgis, m<\/td>\n<td>3 \/ 15<\/td>\n<\/tr>\n<tr>\n<td>Maksimalus auk\u0161\u010di\u0173 skirtumas, m<\/td>\n<td>10<\/td>\n<\/tr>\n<tr>\n<td>Darbin\u0117s temperat\u016bros ribos (min. \/ maks.), v\u0117sinimas, \u2070C<\/td>\n<td>\u201315~43<\/td>\n<\/tr>\n<tr>\n<td>Darbin\u0117s temperat\u016bros ribos (min. \/ maks.), \u0161ildymas, \u2070C<\/td>\n<td>\u201315~24<\/td>\n<\/tr>\n<tr>\n<td>Darbin\u0117s temperat\u016bros ribos (min. \/ maks.), vidin\u0117 dalis, \u2070C<\/td>\n<td>16~30<\/td>\n<\/tr>\n<tr>\n<td>Freonas<\/td>\n<td>R32<\/td>\n<\/tr>\n<tr>\n<td>Freono kiekis \/ papildymas nuo, kg\/m<\/td>\n<td>0,5 \/ 5,0<\/td>\n<\/tr>\n<tr>\n<td>Freono papildymo kiekis, g\/m<\/td>\n<td>16<\/td>\n<\/tr>\n<tr>\n<td>Elektros tiekimas \/ privedamas prie dalies, V-Ph-Hz<\/td>\n<td>220-1-50 \/ i\u0161orin\u0117s<\/td>\n<\/tr>\n<tr>\n<td>Laidas tarp vidin\u0117s ir i\u0161orin\u0117s dali\u0173, \u00d8mm\u00b2<\/td>\n<td>4\u00d71,5<\/td>\n<\/tr>\n<tr>\n<td>\u012evado laidas, \u00d8mm\u00b2<\/td>\n<td>3\u00d71,5<\/td>\n<\/tr>\n<\/tbody>\n<\/table>","protected":false},"excerpt":{"rendered":"<table class=\"woocommerce-product-attributes shop_attributes\">\n<tbody>\n<tr class=\"woocommerce-product-attributes-item woocommerce-product-attributes-item--attribute_pa_energijos-klase\">\n<th class=\"woocommerce-product-attributes-item__label\">Energijos klas\u0117<\/th>\n<td class=\"woocommerce-product-attributes-item__value\">A++\/A+<\/td>\n<\/tr>\n<tr class=\"woocommerce-product-attributes-item woocommerce-product-attributes-item--attribute_pa_patalpoms-iki\">\n<th class=\"woocommerce-product-attributes-item__label\">Patalpoms iki (\u33a1)<\/th>\n<td class=\"woocommerce-product-attributes-item__value\">30<\/td>\n<\/tr>\n<tr class=\"woocommerce-product-attributes-item woocommerce-product-attributes-item--attribute_pa_wifi-valdymas\">\n<th class=\"woocommerce-product-attributes-item__label\">WiFi valdymas<\/th>\n<td class=\"woocommerce-product-attributes-item__value\">Taip<\/td>\n<\/tr>\n<tr class=\"woocommerce-product-attributes-item woocommerce-product-attributes-item--attribute_pa_nominali-galia\">\n<th class=\"woocommerce-product-attributes-item__label\">Nominali galia<\/th>\n<td class=\"woocommerce-product-attributes-item__value\">2.5\/2.8 kW<\/td>\n<\/tr>\n<tr class=\"woocommerce-product-attributes-item woocommerce-product-attributes-item--attribute_pa_spalva\">\n<th class=\"woocommerce-product-attributes-item__label\">Prek\u0117s spalva<\/th>\n<td class=\"woocommerce-product-attributes-item__value\">Balta<\/td>\n<\/tr>\n<\/tbody>\n<\/table>","protected":false},"featured_media":6375,"template":"","meta":{"om_disable_all_campaigns":false,"_monsterinsights_skip_tracking":false,"_monsterinsights_sitenote_active":false,"_monsterinsights_sitenote_note":"","_monsterinsights_sitenote_category":0},"product_brand":[],"product_cat":[103],"product_tag":[229,230,157,160,158,228,231],"class_list":{"0":"post-5341","1":"product","2":"type-product","3":"status-publish","4":"has-post-thumbnail","6":"product_cat-oro-kondicionieriai-oras-oras","7":"product_tag-2-3","8":"product_tag-4-kw","9":"product_tag-gree-oras-oras","10":"product_tag-gree-oro-kondicionieriai","11":"product_tag-gree-oro-kondicionierius","12":"product_tag-gree-sieninis-oro-kondicionierius-pular-gwh12agb-k6dna1a-i-gwh12agb-k6dna1a-o-3","13":"product_tag-gwh12agb-k6dna1a-i-gwh12agb-k6dna1a-o-3","14":"pa_galingumas-3-4-kw","15":"pa_wifi-valdymas-taip","17":"first","18":"instock","19":"sale","20":"shipping-taxable","21":"purchasable","22":"product-type-simple"},"aioseo_notices":[],"_links":{"self":[{"href":"https:\/\/izopaga.lt\/en\/wp-json\/wp\/v2\/product\/5341","targetHints":{"allow":["GET"]}}],"collection":[{"href":"https:\/\/izopaga.lt\/en\/wp-json\/wp\/v2\/product"}],"about":[{"href":"https:\/\/izopaga.lt\/en\/wp-json\/wp\/v2\/types\/product"}],"wp:featuredmedia":[{"embeddable":true,"href":"https:\/\/izopaga.lt\/en\/wp-json\/wp\/v2\/media\/6375"}],"wp:attachment":[{"href":"https:\/\/izopaga.lt\/en\/wp-json\/wp\/v2\/media?parent=5341"}],"wp:term":[{"taxonomy":"product_brand","embeddable":true,"href":"https:\/\/izopaga.lt\/en\/wp-json\/wp\/v2\/product_brand?post=5341"},{"taxonomy":"product_cat","embeddable":true,"href":"https:\/\/izopaga.lt\/en\/wp-json\/wp\/v2\/product_cat?post=5341"},{"taxonomy":"product_tag","embeddable":true,"href":"https:\/\/izopaga.lt\/en\/wp-json\/wp\/v2\/product_tag?post=5341"}],"curies":[{"name":"wp","href":"https:\/\/api.w.org\/{rel}","templated":true}]}}