{"id":5471,"date":"2024-07-25T15:00:12","date_gmt":"2024-07-25T12:00:12","guid":{"rendered":"https:\/\/izopaga.lt\/?post_type=product&#038;p=5471"},"modified":"2024-11-13T15:18:46","modified_gmt":"2024-11-13T13:18:46","slug":"silumos-siurblys-oras-oras-oro-kondicionierius-gree-lomo-nordic-gwh12qcxb-k6dnc2f-i-gwh12afc-k6dna2f-o-35-367-kw","status":"publish","type":"product","link":"https:\/\/izopaga.lt\/en\/produktai\/silumos-siurblys-oras-oras-oro-kondicionierius-gree-lomo-nordic-gwh12qcxb-k6dnc2f-i-gwh12afc-k6dna2f-o-35-367-kw\/","title":{"rendered":"\u0160ilumos siurblys oras-oras oro kondicionierius Gree Lomo Nordic GWH12QCXB-K6DNC2F\/I + GWH12AFC-K6DNA2F\/O 3,5\/3,67 kW"},"content":{"rendered":"<h4>GREE LOMO NORDIC<\/h4>\n<h4>Oro kondicionierius su\u00a0<em>&#8222;G10 Inverter&#8221;<\/em>\u00a0technologija, kuri pasi\u017eyminti \u017eemo da\u017enio veikimu, su ja \u012franga dirba kur kas tyliau ir suvartoja ma\u017eiau elektros energijos.<br \/>\nIntegruotas Wifi modulis leid\u017eia sekti \u012frenginio veikimo, keisti nustatymus nesant namuose.<br \/>\nEfektyviai \u0161ildo lauko temperat\u016brai nukritus<strong>\u00a0iki -25\u00b0C.\u00a0<\/strong>V\u0117sinimas galimas lauko temperat\u016brai nukritus<strong>\u00a0iki -15\u00b0C.<\/strong><br \/>\n<strong>Technin\u0117s charakteristikos:<\/strong><br \/>\n\u2022 v\u0117sinimo\/\u0161ildymo galia: 3,51 (0,9\u20134,4) \/ 3,81 (0,8\u20134,5)kW;<br \/>\n\u2022 su &#8222;I feel &#8221; funkcija, kuri v\u0117sina arba \u0161ildo tik t\u0105 patalpos dal\u012f, kurioje yra pad\u0117tas pultelis. Jame integruotas jutiklis perduoda vidinei daliai esam\u0105 aplinkos temperat\u016bros reik\u0161m\u0119, o vidin\u0117 dalis \u0161ildo arba v\u0117sina or\u0105 iki norimos aplinkos temperat\u016bros.<br \/>\n\u2022 automatinis i\u0161sivalymas. I\u0161jungus oro kondicionieri\u0173, vidin\u0117s dalies ventiliatorius veikia tol, kol i\u0161garina dr\u0117gm\u0119. Tod\u0117l vidin\u0117je dalyje nesikaupia bakterijos ir pel\u0117siai;<br \/>\n\u2022 +8\u00b0C palaikymo funkcija. I\u0161vykus ilgesniam laikui b\u016bsite tikri, kad patalpos temperat\u016bra nenukris \u017eemiau +8 laipsni\u0173.<br \/>\n\u2022 i\u0161orin\u0117 dalis apsaugota nuo u\u017e\u0161alimo (ant i\u0161orin\u0117s dalies dugno yra sumontuotas elektrinis \u0161ildymo kabelis, kuris \u012fsijungia prie \u017eem\u0173 temperat\u016br\u0173);<br \/>\n\u2022 sezoninis naudingo veikimo koeficientas SEER \/ SCOP (v\u0117sinimo \/ \u0161ildymo re\u017eime): 7,1\/5,2;<br \/>\n\u2022 vidin\u0117s dalies garso sl\u0117gis: nuo 25 iki 42 dB(A);<br \/>\n\u2022 i\u0161orin\u0117s dalies garso sl\u0117gis: 52 dB(A);<br \/>\n\u2022 vidin\u0117s dalies oro srautas: nuo 360 iki 700 m\u00b3\/h;<br \/>\n\u2022 vamzd\u017ei\u0173 pajungimo skersmuo (skystis+dujos):1\/4&#8243;+3\/8&#8243;;<\/h4>\n<div class=\"product-page-argument\">\n<div class=\"_content-wrapper\"><span class=\"_title\"><span>Ekologi\u0161kas \u0161ilumos siurblys<\/span><\/span><\/p>\n<div class=\"_text\">\n<p><span>Gree Lomo Nordic oro \u0161ilumos siurblys naudoja R32 \u0161altne\u0161\u012f, kuris pla\u010diai naudojamas oro kondicionieriuose ir \u0161ilumos siurbliuose. Tai vienas i\u0161 naujausi\u0173 \u0161altne\u0161i\u0173, kuris palaipsniui kei\u010dia senesnius \u0161altne\u0161ius, tokius kaip R22 ir R410A.<\/span><\/p>\n<p><span>R32 turi daug prana\u0161um\u0173 prie\u0161 senesnius \u0161altne\u0161ius. Vienas i\u0161 pagrindini\u0173 privalum\u0173 yra ma\u017eesnis globalinio at\u0161ilimo potencialas (GWP), o tai rei\u0161kia, kad med\u017eiaga n\u0117ra tokia kenksminga klimatui kaip kiti \u0161altne\u0161iai.<\/span><\/p>\n<p><span>Be to, R32 \u0161altne\u0161is yra saugesnis ir lengviau valdomas nei senesni \u0161altne\u0161iai.<\/span><\/p>\n<p><span>Taigi, R32 yra modernus ir efektyvus \u0161altne\u0161is, turintis kelet\u0105 prana\u0161um\u0173 prie\u0161 senesnius \u0161altne\u0161ius. Tai pa\u017eangus pasirinkimas, padedantis suma\u017einti poveik\u012f aplinkai ir u\u017etikrinantis efektyv\u0173 bei saug\u0173 v\u0117sinim\u0105 ir \u0161ildym\u0105.<\/span><\/p>\n<p>&nbsp;<\/p>\n<\/div>\n<\/div>\n<div class=\"_image-wrapper\"><img fetchpriority=\"high\" decoding=\"async\" class=\"\" src=\"https:\/\/storage.googleapis.com\/prod-kliimamarket-ee\/public\/media\/2019\/11\/zave-r32-bra-for-miljon-300px-300px.webp\" width=\"410\" height=\"410\" \/><\/div>\n<\/div>\n<div class=\"product-page-argument\">\n<div><\/div>\n<div class=\"_content-wrapper\"><span class=\"_title\"><span>\u0160varus patalp\u0173 klimatas (\u0161alta plazma)<\/span><\/span><\/p>\n<div class=\"_text\">\n<p><span>Patirkite nauj\u0105 patalp\u0173 oro kokyb\u0117s lyg\u012f naudodami m\u016bs\u0173 moderniausius Gree \u0161ilumos siurblius su pa\u017eangia \u0161altos plazmos technologija. Atsisveikinkite su oro ter\u0161alais ir sveikinkit\u0117s su sveikesne, patogesne aplinka.<\/span><\/p>\n<p><span>\u0160altos plazmos technologija siekiama suma\u017einti oro tar\u0161\u0105 ir pagerinti patalp\u0173 oro kokyb\u0119, padedant sukurti sveikesn\u0119 ir patogesn\u0119 aplink\u0105 gyventi, dirbti ir \u017eaisti. Tai gali b\u016bti ypa\u010d naudinga \u017emon\u0117ms, sergantiems alergijomis, astma ir kitomis kv\u0117pavimo tak\u0173 ligomis, nes padeda suma\u017einti alergen\u0173 ir patogen\u0173 kiek\u012f ore.<\/span><\/p>\n<p>&nbsp;<\/p>\n<\/div>\n<\/div>\n<div class=\"_image-wrapper\"><img decoding=\"async\" class=\"\" src=\"https:\/\/storage.googleapis.com\/prod-kliimamarket-ee\/public\/media\/2023\/07\/adobestock-420201777-1--300px-200px.webp\" width=\"470\" height=\"313\" \/><\/div>\n<\/div>\n<div class=\"product-page-argument\">\n<div class=\"_content-wrapper\"><span class=\"_title\"><span>Patogus valdymas<\/span><\/span><\/p>\n<div class=\"_text\">\n<p><span>Gree Lomo Nordic serijos \u0161ilumos siurblys yra labai paprastas ir patogus naudoti. Komplektuojamas su nuotolinio valdymo pulteliu, kuris leid\u017eia lengvai valdyti ir programuoti \u012frengin\u012f pagal savo poreikius.<\/span><\/p>\n<p><span>D\u0117l \u012fmontuoto WIFI modulio Lomo Nordic serijos \u0161ilumos siurbl\u012f galima valdyti ir nuotoliniu b\u016bdu per EWPE SMART telefono program\u0117l\u0119.<\/span><\/p>\n<p><img decoding=\"async\" class=\"\" src=\"https:\/\/storage.googleapis.com\/prod-kliimamarket-ee\/public\/media\/2022\/02\/zave-wifi-smart-1-300px-300px.webp\" width=\"499\" height=\"499\" \/><\/p>\n<\/div>\n<\/div>\n<\/div>","protected":false},"excerpt":{"rendered":"<p>Gree \u0161ilumos siurbliai gaminami Gree gamykloje. Gree gamykla taip pat gamina daugelio kit\u0173 gerai \u017einom\u0173 preki\u0173 \u017eenkl\u0173, toki\u0173 kaip Cooper&amp;Hunter ir Electrolux, \u0161ilumos siurblius. Naudojant \u012fmontuot\u0105 WIFI modul\u012f \u012frengin\u012f galima patogiai valdyti per atstum\u0105. Gree \u0161ilumos siurbliai yra pritaikyti \u0161altam klimatui, tod\u0117l yra labai populiar\u016bs tiek Skandinavijos, tiek Estijos, Latvijos ir Lietuvos rinkose.<\/p>\n<table class=\"woocommerce-product-attributes shop_attributes\">\n<tbody>\n<tr class=\"woocommerce-product-attributes-item woocommerce-product-attributes-item--attribute_pa_energijos-klase\">\n<th class=\"woocommerce-product-attributes-item__label\">Energijos klas\u0117<\/th>\n<td class=\"woocommerce-product-attributes-item__value\">A++\/A+++<\/td>\n<\/tr>\n<tr class=\"woocommerce-product-attributes-item woocommerce-product-attributes-item--attribute_pa_patalpoms-iki\">\n<th class=\"woocommerce-product-attributes-item__label\">Patalpoms iki (\u33a1)<\/th>\n<td class=\"woocommerce-product-attributes-item__value\">40<\/td>\n<\/tr>\n<tr class=\"woocommerce-product-attributes-item woocommerce-product-attributes-item--attribute_pa_wifi-valdymas\">\n<th class=\"woocommerce-product-attributes-item__label\">WiFi valdymas<\/th>\n<td class=\"woocommerce-product-attributes-item__value\">Taip<\/td>\n<\/tr>\n<tr class=\"woocommerce-product-attributes-item woocommerce-product-attributes-item--attribute_pa_nominali-galia\">\n<th class=\"woocommerce-product-attributes-item__label\">Nominali galia<\/th>\n<td class=\"woocommerce-product-attributes-item__value\">3.51\/3.81 kW<\/td>\n<\/tr>\n<tr class=\"woocommerce-product-attributes-item woocommerce-product-attributes-item--attribute_pa_spalva\">\n<th class=\"woocommerce-product-attributes-item__label\">Prek\u0117s spalva<\/th>\n<td class=\"woocommerce-product-attributes-item__value\">Balta<\/td>\n<\/tr>\n<\/tbody>\n<\/table>","protected":false},"featured_media":6448,"template":"","meta":{"om_disable_all_campaigns":false,"_monsterinsights_skip_tracking":false,"_monsterinsights_sitenote_active":false,"_monsterinsights_sitenote_note":"","_monsterinsights_sitenote_category":0},"product_brand":[],"product_cat":[103],"product_tag":[157,160,158,159],"class_list":{"0":"post-5471","1":"product","2":"type-product","3":"status-publish","4":"has-post-thumbnail","6":"product_cat-oro-kondicionieriai-oras-oras","7":"product_tag-gree-oras-oras","8":"product_tag-gree-oro-kondicionieriai","9":"product_tag-gree-oro-kondicionierius","10":"product_tag-gwh12qcxb-k6dnc2f-i-gwh12afc-k6dna2f-o","11":"pa_galingumas-3-8-kw","12":"pa_wifi-valdymas-taip","14":"first","15":"instock","16":"sale","17":"shipping-taxable","18":"purchasable","19":"product-type-simple"},"aioseo_notices":[],"_links":{"self":[{"href":"https:\/\/izopaga.lt\/en\/wp-json\/wp\/v2\/product\/5471","targetHints":{"allow":["GET"]}}],"collection":[{"href":"https:\/\/izopaga.lt\/en\/wp-json\/wp\/v2\/product"}],"about":[{"href":"https:\/\/izopaga.lt\/en\/wp-json\/wp\/v2\/types\/product"}],"wp:featuredmedia":[{"embeddable":true,"href":"https:\/\/izopaga.lt\/en\/wp-json\/wp\/v2\/media\/6448"}],"wp:attachment":[{"href":"https:\/\/izopaga.lt\/en\/wp-json\/wp\/v2\/media?parent=5471"}],"wp:term":[{"taxonomy":"product_brand","embeddable":true,"href":"https:\/\/izopaga.lt\/en\/wp-json\/wp\/v2\/product_brand?post=5471"},{"taxonomy":"product_cat","embeddable":true,"href":"https:\/\/izopaga.lt\/en\/wp-json\/wp\/v2\/product_cat?post=5471"},{"taxonomy":"product_tag","embeddable":true,"href":"https:\/\/izopaga.lt\/en\/wp-json\/wp\/v2\/product_tag?post=5471"}],"curies":[{"name":"wp","href":"https:\/\/api.w.org\/{rel}","templated":true}]}}