{"id":5633,"date":"2024-08-02T11:36:10","date_gmt":"2024-08-02T08:36:10","guid":{"rendered":"https:\/\/izopaga.lt\/?post_type=product&#038;p=5633"},"modified":"2024-08-31T20:53:00","modified_gmt":"2024-08-31T17:53:00","slug":"haier-monoblokas-5kw-silumos-siurblys-oras-vanduo-au052fycrbhwyr-e27atw-a01","status":"publish","type":"product","link":"https:\/\/izopaga.lt\/en\/produktai\/haier-monoblokas-5kw-silumos-siurblys-oras-vanduo-au052fycrbhwyr-e27atw-a01\/","title":{"rendered":"Haier monoblokas 5kW \u0161ilumos siurblys oras-vanduo AU052FYCRB(HW)+YR-E27+ATW-A01"},"content":{"rendered":"<h3 style=\"font-weight: 500;\"><b><strong>Haier monoblokas 5kW \u0161ilumos siurblys oras-vanduo su valdymo moduli\u0173 ir valdykli\u0173<\/strong><\/b><b><strong>.<br \/>\n<\/strong><\/b><b><strong>AU052FYCRB(HW)\u00a0+ YR-E27 + ATW-A01<\/strong><\/b><\/h3>\n<h4 style=\"font-weight: 500;\">Naujos kartos Haier \u0161ilumos siurblys ORAS\u2013VANDUO Haier Monoblock SUPER AQUA. \u0160is \u0161ilumos siurblys pagamintas i\u0161 kokybi\u0161k\u0173 komponent\u0173 ir med\u017eiag\u0173. Jis pasi\u017eymi ypa\u010d auk\u0161tu energijos efektyvumu ir didesne \u0161ilumos galia naudojant ma\u017eiau energijos.<\/h4>\n<h4 style=\"font-weight: 500;\">Inverterinis \u0161ilumos siurblys \u201eHaier\u201c skirtas nam\u0173 \u0161ildymui, v\u0117sinimui bei kar\u0161to vandens ruo\u0161imui.<\/h4>\n<h4 style=\"font-weight: 500;\">Naujos kartos \u0161ilumos siurbli\u0173 na\u0161umas svyruoja nuo 5kW iki 16 kW. Jis i\u0161siskiria temperat\u016bros reguliavimo tikslumu ir momentiniu kambari\u0173 \u0161ildymo re\u017eimu. Haier monoblokai siurbliai gaminami 4 gali\u0173: 5kW, 8 kW, 11 kW ir 16 kW. Visi modeliai turi dviej\u0173 pakop\u0173 inverterin\u012f kompresori\u0173 \u201eMitsubishi Electric\u201c<\/h4>\n<h4 style=\"font-weight: 500;\">DC Inverter kompresorius ir naudojamos gars\u0105 slopinan\u010dios med\u017eiagos ma\u017eina \u0161ilumos siurblio garsumo lyg\u012f.<\/h4>\n<h4 style=\"font-weight: 500;\">Daugyb\u0117 \u012fdiegt\u0173 funkcij\u0173 u\u017etikrina naudojimo komfort\u0105.<\/h4>\n<h4 style=\"font-weight: 500;\">I\u0161mani nuo u\u017e\u0161alimo sauganti technologija automati\u0161kai \u012fvertina temperat\u016bros skirtum\u0105, kad u\u017etikrint\u0173 tinkam\u0105 vandens ir terp\u0117s temperat\u016br\u0105 sistemoje, taip apsaugodama sistem\u0105 nuo u\u017e\u0161alimo.<\/h4>\n<h4 style=\"font-weight: 500;\">Haier \u0161ilumos siurblys \u0161ilum\u0105 namuose gali paskirstyti per \u012fvairius \u0161ilumos imtuvus, pvz., ventiliatorinius konvektorius, grindin\u012f \u0161ildym\u0105 ar tradicinius radiatorius.<\/h4>\n<h4 style=\"font-weight: 500;\">Efektyvaus darbo lauko temperat\u016bros intervalas:<\/h4>\n<h4 style=\"font-weight: 500;\">\u2022 v\u0117sinimas nuo +10\u00b0\u0421 iki +48\u00b0\u0421<\/h4>\n<h4 style=\"font-weight: 500;\">\u2022 \u0161ildymas nuo -25\u00b0\u0421 iki +35\u00b0\u0421<\/h4>\n<h4 style=\"font-weight: 500;\">\u2022 kar\u0161tas vanduo nuo -25\u00b0\u0421 iki +35\u00b0\u0421<\/h4>\n<h4 style=\"font-weight: 500;\">Pagrindin\u0117s funkcijos:<\/h4>\n<h4 style=\"font-weight: 500;\">\u2022 Adaptyvus \u0161ildymas priklausomai nuo lauko temperat\u016bros;<\/h4>\n<h4 style=\"font-weight: 500;\">\u2022 Patalp\u0173 \u0161ildymas \/ v\u0117sinimas;<\/h4>\n<h4 style=\"font-weight: 500;\">\u2022 Kar\u0161to vandens ruo\u0161imas + patalp\u0173 \u0161ildymas \/ v\u0117sinimas;<\/h4>\n<h4 style=\"font-weight: 500;\">\u2022 Automatin\u0117 klimato kontrol\u0117;<\/h4>\n<h4 style=\"font-weight: 500;\">\u2022 Greitas kar\u0161to vandens ruo\u0161imas, naktinis r\u0117\u017eimas, apsauga nuo u\u017e\u0161alimo;<\/h4>\n<h4 style=\"font-weight: 500;\">\u2022 Savait\u0117s dien\u0173 temperat\u016briniai nustatymai;<\/h4>\n<h4 style=\"font-weight: 500;\">\u2022 Naujas \u0161ilumos siurblio valdiklis su intuityviomis funkcijomis.<\/h4>\n<h4 style=\"font-weight: 500;\">Privalumai:<\/h4>\n<h4 style=\"font-weight: 500;\">\u2022 Dviej\u0173 pakop\u0173 kompresoriaus tipas;<\/h4>\n<h4 style=\"font-weight: 500;\">\u2022 Stabilus darbas \u017eemose temperat\u016brose;<\/h4>\n<h4 style=\"font-weight: 500;\">\u2022 I\u0161laikoma galia bei energetinis efektyvumas;<\/h4>\n<h4 style=\"font-weight: 500;\">\u2022 Energijos klas\u0117 A++;<\/h4>\n<h4 style=\"font-weight: 500;\">\u2022 QUIET re\u017eimas;<\/h4>\n<h4 style=\"font-weight: 500;\">\u2022 I\u0161mani apsauga nuo u\u017e\u0161alimo;<\/h4>\n<h4 style=\"font-weight: 500;\"><b><strong>60 m\u0117n. garantija.<\/strong><\/b><\/h4>\n<h4 style=\"font-weight: 500;\"><img decoding=\"async\" src=\"https:\/\/www.manosiluma.lt\/image\/catalog\/silumos-siurbliai\/Haier\/Haier_silumos_siurblio_privalumai.jpg\" \/><\/h4>\n<h4 style=\"font-weight: 500;\">Techniniai duomenis:<\/h4>\n<p><img decoding=\"async\" src=\"https:\/\/www.manosiluma.lt\/image\/catalog\/silumos-siurbliai\/Haier\/haier_monoblok_AU082FYCRA(HW)_AU112FYCRA(HW)_AU162FYCRA(HW).jpg\" \/><\/p>\n<p>Si\u016blome montavimo paslaugas. Pra\u0161ome kreiptis telefonu\u00a0<b><strong>+370 672 47424\u00a0 <\/strong><\/b>arba ra\u0161yti el.<b><strong>\u00a0<\/strong><\/b>pa\u0161tu<b><strong> noriu@izopaga.lt<\/strong><\/b><\/p>","protected":false},"excerpt":{"rendered":"<table class=\"woocommerce-product-attributes shop_attributes\">\n<tbody>\n<tr class=\"woocommerce-product-attributes-item woocommerce-product-attributes-item--attribute_pa_eer-cop\">\n<th class=\"woocommerce-product-attributes-item__label\">EER\/COP<\/th>\n<td class=\"woocommerce-product-attributes-item__value\">3.40\/4.40<\/td>\n<\/tr>\n<tr class=\"woocommerce-product-attributes-item woocommerce-product-attributes-item--attribute_pa_wifi-valdymas\">\n<th class=\"woocommerce-product-attributes-item__label\">WiFi valdymas<\/th>\n<td class=\"woocommerce-product-attributes-item__value\">Ne<\/td>\n<\/tr>\n<tr class=\"woocommerce-product-attributes-item woocommerce-product-attributes-item--attribute_pa_sildymo-galia\">\n<th class=\"woocommerce-product-attributes-item__label\">\u0160ildymo galia<\/th>\n<td class=\"woocommerce-product-attributes-item__value\">5.0 kW<\/td>\n<\/tr>\n<tr class=\"woocommerce-product-attributes-item woocommerce-product-attributes-item--attribute_pa_spalva\">\n<th class=\"woocommerce-product-attributes-item__label\">Prek\u0117s spalva<\/th>\n<td class=\"woocommerce-product-attributes-item__value\">Balta<\/td>\n<\/tr>\n<\/tbody>\n<\/table>\n<p>&nbsp;<\/p>","protected":false},"featured_media":5635,"template":"","meta":{"om_disable_all_campaigns":false,"_monsterinsights_skip_tracking":false,"_monsterinsights_sitenote_active":false,"_monsterinsights_sitenote_note":"","_monsterinsights_sitenote_category":0},"product_brand":[],"product_cat":[59],"product_tag":[],"class_list":{"0":"post-5633","1":"product","2":"type-product","3":"status-publish","4":"has-post-thumbnail","6":"product_cat-silumos-siurbliai-oras-vanduo-monoblokai","7":"pa_boileris-be-boilerio","8":"pa_galingumas-5-0-kw","9":"pa_wifi-valdymas-ne","11":"first","12":"instock","13":"sale","14":"shipping-taxable","15":"purchasable","16":"product-type-simple"},"aioseo_notices":[],"_links":{"self":[{"href":"https:\/\/izopaga.lt\/en\/wp-json\/wp\/v2\/product\/5633","targetHints":{"allow":["GET"]}}],"collection":[{"href":"https:\/\/izopaga.lt\/en\/wp-json\/wp\/v2\/product"}],"about":[{"href":"https:\/\/izopaga.lt\/en\/wp-json\/wp\/v2\/types\/product"}],"wp:featuredmedia":[{"embeddable":true,"href":"https:\/\/izopaga.lt\/en\/wp-json\/wp\/v2\/media\/5635"}],"wp:attachment":[{"href":"https:\/\/izopaga.lt\/en\/wp-json\/wp\/v2\/media?parent=5633"}],"wp:term":[{"taxonomy":"product_brand","embeddable":true,"href":"https:\/\/izopaga.lt\/en\/wp-json\/wp\/v2\/product_brand?post=5633"},{"taxonomy":"product_cat","embeddable":true,"href":"https:\/\/izopaga.lt\/en\/wp-json\/wp\/v2\/product_cat?post=5633"},{"taxonomy":"product_tag","embeddable":true,"href":"https:\/\/izopaga.lt\/en\/wp-json\/wp\/v2\/product_tag?post=5633"}],"curies":[{"name":"wp","href":"https:\/\/api.w.org\/{rel}","templated":true}]}}