{"id":5671,"date":"2024-08-05T16:18:57","date_gmt":"2024-08-05T13:18:57","guid":{"rendered":"https:\/\/izopaga.lt\/?post_type=product&#038;p=5671"},"modified":"2025-08-21T10:26:23","modified_gmt":"2025-08-21T07:26:23","slug":"haier-super-aqua-split-10kw-silumos-siurblys-oras-vanduo-aw102sncha-hu102wamna","status":"publish","type":"product","link":"https:\/\/izopaga.lt\/en\/produktai\/haier-super-aqua-split-10kw-silumos-siurblys-oras-vanduo-aw102sncha-hu102wamna\/","title":{"rendered":"Haier SUPER AQUA Split 10kW \u0161ilumos siurblys oras-vanduo AW102SNCHA \/ HU102WAMNA"},"content":{"rendered":"<h3><span style=\"font-family: Calibri, sans-serif;\"><b>Haier \u0161<\/b><\/span><b>ilumos siurblys\u00a0<\/b><b>oras-vanduo<\/b><b>\u00a0SUPER AQUA Split 10kW<\/b><\/h3>\n<p><em>Haier SUPER AQUA Split\u00a0<\/em><span style=\"color: #302e2f; font-family: latobold, sans-serif;\"><i>AW102SNCHA \/ HU102WAMNA<\/i><\/span><\/p>\n<p>\u0160ilumos siurblys\u00a0<em>Haier SUPER AQUA split<\/em>\u00a0\u2013 tai produktas, kuris yra efektyviausias ir ekologi\u0161kiausias sprendimas pastat\u0173 \u0161ildymui ir kar\u0161to vandens ruo\u0161imui.\u00a0\u0160ilumos siurblys leid\u017eia reguliuoti \u012fvairias temperat\u016bros ribas, taip pat pritaikyti j\u0105 pagal vartotojo patogum\u0105.\u00a0\u0160ilumos siurbliai SUPER AQUA SPLIT si\u016blo itin tyl\u0173 darb\u0105 \u2013 60\u00a0dB,\u00a0naudojamas tylus ventiliatoriaus variklis.\u00a0Ai\u0161k\u016bs ir intuityv\u016bs valdikliai leid\u017eia lengvai ir skaidriai valdyti vis\u0105 \u0161ildymo sistem\u0105 ir kar\u0161to vandens temperat\u016br\u0105.<\/p>\n<p><img decoding=\"async\" src=\"https:\/\/www.manosiluma.lt\/image\/catalog\/silumos-siurbliai\/Haier\/Haier_split_Super_Aqua_valdikllis.jpg\" \/><\/p>\n<p>I\u0161manusis jutiklis neleid\u017eia sistemai u\u017e\u0161alti at\u0161iauriomis s\u0105lygomis.\u00a0Srauto jungiklis stebi ir signalizuoja, kai vandens srautas yra minimalus, o tai padeda i\u0161vengti sistemos vandens u\u017e\u0161alimo au\u0161inimo re\u017eimu.<\/p>\n<p><span class=\"mce-nbsp-wrap\" contenteditable=\"false\">\u00a0<\/span><span style=\"color: #302e2f; font-family: latolight, Arial, sans-serif;\"><b>Auk\u0161ta tiekiamo vandens temperat\u016bra<\/b><\/span><\/p>\n<p><span style=\"color: #302e2f; font-family: latolight, Arial, sans-serif;\">\u201eHaier Super Aqua\u201c tinka tiek \u0161ildom\u0173 grind\u0173, tiek radiatorin\u0117ms sistemoms. Tiekiamo vandens temperat\u016bra\u00a0<\/span>(60 \u00b0C) palaikoma be papildom\u0173 \u0161ildytuv\u0173 net tuomet, kai aplinkos temperat\u016bra nukrenta iki -14\u00b0 C<\/p>\n<p><img decoding=\"async\" src=\"https:\/\/www.manosiluma.lt\/image\/catalog\/silumos-siurbliai\/Haier\/Haier_split_Super_Aqua_-14C.jpg\" \/><\/p>\n<p><b>Platus darbinis diapazonas<\/b><\/p>\n<p>&nbsp;<\/p>\n<p><span style=\"color: #302e2f; font-family: latolight, Arial, sans-serif;\">\u0160ildymo re\u017eimas veikia net tuomet, kai lauke temperat\u016bra nukrenta iki -25 \u00b0 C<\/span><\/p>\n<p><img decoding=\"async\" src=\"https:\/\/www.manosiluma.lt\/image\/catalog\/silumos-siurbliai\/Haier\/Haier_split_Super_Aqua_-25C.jpg\" \/><\/p>\n<p><span style=\"color: #302e2f; font-family: latolight, Arial, sans-serif;\"><b>Paprastas tre\u010di\u0173j\u0173 \u0161ali\u0173 BMS sprendimas<\/b><\/span><\/p>\n<p><span style=\"color: #302e2f; font-family: latolight, Arial, sans-serif;\">Vidiniame bloke integravus MODBUS RTU ry\u0161io protokol\u0105, \u012frengin\u012f galima tiesiogiai prijungti prie tre\u010di\u0173j\u0173 \u0161ali\u0173\u00a0<\/span>BMS ar BAS. Papildomas MODBUS adapteris nereikalingas.<\/p>\n<p><img decoding=\"async\" src=\"https:\/\/www.manosiluma.lt\/image\/catalog\/silumos-siurbliai\/Haier\/Haier_split_Super_Aqua_-BMS.jpg\" \/><\/p>\n<p>&nbsp;<\/p>\n<p><span style=\"color: #302e2f; font-family: latolight, Arial, sans-serif;\"><b>Didelis efektyvumas<\/b><\/span><\/p>\n<p><span style=\"color: #302e2f; font-family: latolight, Arial, sans-serif;\">Sezoninio patalp\u0173 \u0161ildymo energijos vartojimo efektyvumo klas\u0117 siekia A+++, kai tiekiamo vandens\u00a0<\/span>temperat\u016bra yra 35 \u00b0C ir A++, kai tiekiamo vandens temperat\u016bra yra 55 \u00b0C.<\/p>\n<p><img decoding=\"async\" src=\"https:\/\/www.manosiluma.lt\/image\/catalog\/silumos-siurbliai\/Haier\/Haier_split_Super_Aqua_didelis_efektyvumas.jpg\" \/><\/p>\n<ul style=\"font-weight: 400;\">\n<li><b><strong>Nepriekai\u0161tingas veikimas<\/strong><\/b><\/li>\n<\/ul>\n<p style=\"font-weight: 400;\">Aplinkai draugi\u0161kas\u00a0R32.\u00a0\u012erenginyje naudojamas R32 \u0161altne\u0161is, kuris,\u00a0lyginant su kitais \u0161altne\u0161iais, pavyzd\u017eiui, R410A,\u00a0daro ma\u017eesn\u012f poveik\u012f aplinkai. R32 visuotinio\u00a0at\u0161ilimo potencialas\u00a0(GWP) siekia vos tre\u010ddal\u012f R410A. \u0160is aplinkai\u00a0draugi\u0161kas sprendimas \u017eenkliai suma\u017eina CO2\u00a0emisij\u0105.<\/p>\n<ul style=\"font-weight: 400;\">\n<li><b><strong>Maksimalus komfortas<\/strong><\/b><\/li>\n<\/ul>\n<p style=\"font-weight: 400;\">Garantuotas \u0161ildymas.\u00a0Papildomas \u0161ildytuvas.\u00a0Papildomo \u0161ildytuvo funkcija nustatoma laidiniu valdikliu. Rekomenduojame papildomo \u0161ildytuvo funkcij\u0105 laikyti\u00a0\u012fjungt\u0105 kai kuriuose \u0161altesniuose ar dr\u0117gnesniuose regionuose. Kai lauko temperat\u016bra per \u017eema ir nepavyksta\u00a0pasiekti nustatytos tiekiamo vandens temperat\u016bros, automati\u0161kai \u012fjungiamas papildomas \u0161ildytuvas.<\/p>\n<p style=\"font-weight: 400;\">Avarinis re\u017eimas.\u00a0I\u0161skyrus papildomam \u0161ildytuvui. \u201eHaier Super Aqua\u201c galima derinti su sistemoje esan\u010diu katilu. \u012erenginiui nustojus\u00a0veikti d\u0117l nenumatyt\u0173 problem\u0173, katil\u0105 ar papildom\u0105 \u0161ildytuv\u0105 galima naudoti atskirai arba kartu kaip atsargin\u0119\u00a0sistem\u0105, kad \u0161ildymas nesustot\u0173<\/p>\n<ul style=\"font-weight: 400;\">\n<li><b><strong>Sterilizavimas<\/strong><\/b><\/li>\n<\/ul>\n<p style=\"font-weight: 400;\">Naudotojai gali tiesiogiai aktyvinti sterilizavimo funkcij\u0105 ir valdiklyje nustatyti sterilizavimo dat\u0105 ir laik\u0105. Vandens\u00a0talpykloje reguliariais intervalais temperat\u016bra pakeliama iki 75 \u00b0\u0421, kad \u017e\u016bt\u0173 visos vandenyje esan\u010dios legioneli\u0173\u00a0bakterijos. Sterilizavimo metu valdiklio ekrane rodoma piktograma, \u012fsp\u0117janti naudotojus apie vykstan\u010di\u0105 proced\u016br\u0105.\u00a0Pastaba: tik tuomet, kai kar\u0161to vandens talpyklos elektrinis \u0161ildytuvas yra valdomas \u201eHaier\u201c \u012frenginiu.<\/p>\n<p><img decoding=\"async\" src=\"https:\/\/www.manosiluma.lt\/image\/catalog\/silumos-siurbliai\/Haier\/Haier_split_charakteristikos.jpg\" \/><\/p>\n<p>Si\u016blome montavimo paslaugas. Pra\u0161ome kreiptis telefonu\u00a0<b><strong>+370 672 47424\u00a0 <\/strong><\/b>arba ra\u0161yti el.<b><strong>\u00a0<\/strong><\/b>pa\u0161tu<b><strong> noriu@izopaga.lt<\/strong><\/b><\/p>","protected":false},"excerpt":{"rendered":"<table class=\"woocommerce-product-attributes shop_attributes\">\n<tbody>\n<tr class=\"woocommerce-product-attributes-item woocommerce-product-attributes-item--attribute_pa_eer-cop\">\n<th class=\"woocommerce-product-attributes-item__label\">EER\/COP<\/th>\n<td class=\"woocommerce-product-attributes-item__value\">4.17\/4.71<\/td>\n<\/tr>\n<tr class=\"woocommerce-product-attributes-item woocommerce-product-attributes-item--attribute_pa_wifi-valdymas\">\n<th class=\"woocommerce-product-attributes-item__label\">WiFi valdymas<\/th>\n<td class=\"woocommerce-product-attributes-item__value\">Ne<\/td>\n<\/tr>\n<tr class=\"woocommerce-product-attributes-item woocommerce-product-attributes-item--attribute_pa_sildymo-galia\">\n<th class=\"woocommerce-product-attributes-item__label\">\u0160ildymo galia<\/th>\n<td class=\"woocommerce-product-attributes-item__value\">10.0 kW<\/td>\n<\/tr>\n<tr class=\"woocommerce-product-attributes-item woocommerce-product-attributes-item--attribute_pa_spalva\">\n<th class=\"woocommerce-product-attributes-item__label\">Prek\u0117s spalva<\/th>\n<td class=\"woocommerce-product-attributes-item__value\">Balta<\/td>\n<\/tr>\n<\/tbody>\n<\/table>","protected":false},"featured_media":5668,"template":"","meta":{"om_disable_all_campaigns":false,"_monsterinsights_skip_tracking":false,"_monsterinsights_sitenote_active":false,"_monsterinsights_sitenote_note":"","_monsterinsights_sitenote_category":0},"product_brand":[],"product_cat":[48],"product_tag":[],"class_list":{"0":"post-5671","1":"product","2":"type-product","3":"status-publish","4":"has-post-thumbnail","6":"product_cat-silumos-siurbliai-oras-vanduo","7":"pa_boileris-be-boilerio","8":"pa_galingumas-10-kw","9":"pa_wifi-valdymas-reikalingas-priedas","11":"first","12":"instock","13":"sale","14":"shipping-taxable","15":"purchasable","16":"product-type-simple"},"aioseo_notices":[],"_links":{"self":[{"href":"https:\/\/izopaga.lt\/en\/wp-json\/wp\/v2\/product\/5671","targetHints":{"allow":["GET"]}}],"collection":[{"href":"https:\/\/izopaga.lt\/en\/wp-json\/wp\/v2\/product"}],"about":[{"href":"https:\/\/izopaga.lt\/en\/wp-json\/wp\/v2\/types\/product"}],"wp:featuredmedia":[{"embeddable":true,"href":"https:\/\/izopaga.lt\/en\/wp-json\/wp\/v2\/media\/5668"}],"wp:attachment":[{"href":"https:\/\/izopaga.lt\/en\/wp-json\/wp\/v2\/media?parent=5671"}],"wp:term":[{"taxonomy":"product_brand","embeddable":true,"href":"https:\/\/izopaga.lt\/en\/wp-json\/wp\/v2\/product_brand?post=5671"},{"taxonomy":"product_cat","embeddable":true,"href":"https:\/\/izopaga.lt\/en\/wp-json\/wp\/v2\/product_cat?post=5671"},{"taxonomy":"product_tag","embeddable":true,"href":"https:\/\/izopaga.lt\/en\/wp-json\/wp\/v2\/product_tag?post=5671"}],"curies":[{"name":"wp","href":"https:\/\/api.w.org\/{rel}","templated":true}]}}