{"id":6284,"date":"2024-09-12T14:57:06","date_gmt":"2024-09-12T11:57:06","guid":{"rendered":"https:\/\/izopaga.lt\/?post_type=product&#038;p=6284"},"modified":"2025-03-07T09:40:00","modified_gmt":"2025-03-07T07:40:00","slug":"panasonic-silumos-siurblys-oras-vanduo-aquarea-viskas-viename-k-karta-7-kw-vienfazis-boileris-185-l-wh-adc0309k3e5-wh-udz07ke5","status":"publish","type":"product","link":"https:\/\/izopaga.lt\/en\/produktai\/panasonic-silumos-siurblys-oras-vanduo-aquarea-viskas-viename-k-karta-7-kw-vienfazis-boileris-185-l-wh-adc0309k3e5-wh-udz07ke5\/","title":{"rendered":"PANASONIC \u0160ilumos siurblys oras-vanduo   Aquarea K karta, 7 kW su integruotu Boileriu 185 L WH-ADC0309K3E5 \/ WH-UDZ07KE5 7kW"},"content":{"rendered":"<div class=\"trans_original template class_template_admin template-1\">\n<div class=\"row\">\n<div class=\"col-md-12 text-center\">\n<p class=\"p1\"><b>Novatori\u0161ka konstrukcija, efektyvumas, ry\u0161ys ir tvarumas.<\/b><\/p>\n<p class=\"p1\">Panasonic \u201eAquarea\u201c K karta yra novatori\u0161ka ma\u017eomis energijos s\u0105naudomis pasi\u017eyminti \u0161ildymo, v\u0117sinimo ir buitinio kar\u0161to vandens ruo\u0161imo sistema, u\u017etikrinanti nepakartojam\u0105 na\u0161um\u0105.<\/p>\n<div class=\"trans_original template class_template_admin template-1\">\n<div class=\"row\">\n<div class=\"col-md-12 text-center\">\n<div>\n<p class=\"p1\">\u201eAquarea\u201c asortimentas atitinka auk\u0161\u010diausi\u0105 energijos vartojimo efektyvumo kriterij\u0173 lyg\u012f pagal Europos energijos vertinimo sistem\u0105.<\/p>\n<p class=\"p3\">Energijos vartojimo efektyvumo \u017eenklinimo sistemos reglamentas (ES) Nr. 811\/2013.<\/p>\n<div class=\"trans_original template class_template_admin template-1\">\n<div class=\"row\">\n<div class=\"col-md-12 text-center\"><\/div>\n<\/div>\n<\/div>\n<div class=\"trans_original template class_template_admin template-1\">\n<div class=\"row\">\n<div class=\"col-md-12 text-center\">\n<div>\n<div><\/div>\n<div>\n<p class=\"p2\"><b>Auk\u0161\u010diausio lygio komfortas ir efektyvumas.<\/b><\/p>\n<p class=\"p4\">Su ma\u017eesniu triuk\u0161mo lygiu ir padidintu komfortu bei efektyvumu, naujos kartos \u201eAquarea\u201c \u0161ilumos siurbliai si\u016blo pla\u010di\u0105 technologin\u0119 pa\u017eang\u0105, kartu i\u0161laikant \u201ePanasonic Aquarea\u201c asortimento stipri\u0105sias puses.<\/p>\n<p class=\"p4\">Naujoji serija pasi\u017eymi puikiu iki 5,12 SCOP, o tai u\u017etikrina i\u0161skirtin\u012f efektyvum\u0105. Jie yra patikimi net esant \u017eemai temperat\u016brai.\u201eAquarea\u201c serijoje \u2013 visa eil\u0117 skirting\u0173 gali\u0173 modeli\u0173, tai leis pasirinkti oro s\u0105lygas ir j\u016bs\u0173 namo tip\u0105 atitinkan\u010di\u0105 \u012frang\u0105.<\/p>\n<p class=\"p4\">Naujosios \u201eAquarea\u201c K ir L kartos privalumas \u2013 ir suma\u017eintas garso lygis, iki 8 dB(A) ma\u017eesnis nei ankstesniuose modeliuose. D\u0117l \u0161io prana\u0161umo \u012frengimas tampa lankstesnis, nes atsiranda daugiau galimybi\u0173 parenkant montavimo viet\u0105.<\/p>\n<\/div>\n<\/div>\n<div class=\"trans_original template class_template_admin template-1\">\n<div class=\"row\">\n<div class=\"col-md-12 text-center\"><img decoding=\"async\" id=\"campo_2_216093\" class=\"img-fluid\" src=\"https:\/\/cdn.aircon.panasonic.eu\/uploads\/__\/clima_happenings\/2023\/01%20AQUAREA\/AQUAREA%20L\/03-Aquarea-L.jpg\" \/><\/div>\n<\/div>\n<\/div>\n<div class=\"trans_original admin_fix_row\">\n<div class=\"row template class_template_admin template-21\">\n<div class=\"col-md-12 span12\">\n<p class=\"p1\">\n<\/div>\n<\/div>\n<\/div>\n<div class=\"trans_original admin_fix_row\">\n<div class=\"row template class_template_admin template-14\">\n<div class=\"col-md-3 span3\">\n<p><img decoding=\"async\" id=\"campo_1_216095\" class=\"img-fluid\" src=\"https:\/\/cdn.aircon.panasonic.eu\/uploads\/__\/clima_happenings\/2023\/01%20AQUAREA\/AQUAREA%20K\/09-Aquarea-K.jpg\" \/><\/p>\n<div>\n<p class=\"p1\"><b>Platus asortimentas<\/b><\/p>\n<p class=\"p2\">Platus asortimentas, tinkantis visiems namams:<\/p>\n<p class=\"p2\">Didelis na\u0161umas ir T-CAP.<\/p>\n<\/div>\n<\/div>\n<div class=\"col-md-3 span3\">\n<p><img decoding=\"async\" id=\"campo_3_216095\" class=\"img-fluid\" src=\"https:\/\/cdn.aircon.panasonic.eu\/uploads\/__\/clima_happenings\/2023\/01%20AQUAREA\/AQUAREA%20L\/10-Aquarea-L.jpg\" \/><\/p>\n<div>\n<p class=\"p1\"><b>Patobulintas \u0161varus dizainas<\/b><\/p>\n<p class=\"p2\">Rafinuotas lauko dizainas, derinamas su aplinka.<\/p>\n<\/div>\n<\/div>\n<div class=\"col-md-3 span3\">\n<p><img decoding=\"async\" id=\"campo_5_216095\" class=\"img-fluid\" src=\"https:\/\/cdn.aircon.panasonic.eu\/uploads\/__\/clima_happenings\/2023\/01%20AQUAREA\/AQUAREA%20L\/12-Aquarea-L.jpg\" \/><\/p>\n<div>\n<p class=\"p1\"><b>Didelis efektyvumas<\/b><\/p>\n<p class=\"p2\">A+++ energijos klas\u0117 su SCOP 5,33*<\/p>\n<p class=\"p3\">*3 kW K serija<\/p>\n<\/div>\n<\/div>\n<div class=\"col-md-3 span3\">\n<p><img decoding=\"async\" id=\"campo_7_216095\" class=\"img-fluid\" src=\"https:\/\/cdn.aircon.panasonic.eu\/uploads\/__\/clima_happenings\/2023\/01%20AQUAREA\/AQUAREA%20K\/12-Aquarea-k.jpg\" \/><\/p>\n<div>\n<p class=\"p1\"><b>Auk\u0161tas buitinio kar\u0161to vandens efektyvumas<\/b><\/p>\n<p class=\"p2\">Kar\u0161to vandens COP iki 3,5.<\/p>\n<\/div>\n<\/div>\n<\/div>\n<\/div>\n<div class=\"trans_original admin_fix_row\">\n<div class=\"row template class_template_admin template-14\">\n<div class=\"col-md-3 span3\">\n<p><img decoding=\"async\" id=\"campo_1_216096\" class=\"img-fluid\" src=\"https:\/\/cdn.aircon.panasonic.eu\/uploads\/__\/clima_happenings\/2023\/01%20AQUAREA\/AQUAREA%20L\/13-Aquarea-L.jpg\" \/><\/p>\n<div>\n<p class=\"p1\"><b>Tylus veikimas<\/b><\/p>\n<p class=\"p2\">ERP lygio suma\u017einimas iki 55 dB(A)*.<\/p>\n<p class=\"p3\">*5 kW K serija<\/p>\n<\/div>\n<\/div>\n<div class=\"col-md-3 span3\">\n<p><img decoding=\"async\" id=\"campo_3_216096\" class=\"img-fluid\" src=\"https:\/\/cdn.aircon.panasonic.eu\/uploads\/__\/clima_happenings\/2023\/01%20AQUAREA\/AQUAREA%20K\/14-Aquarea-K.jpg\" \/><\/p>\n<div>\n<p class=\"p1\"><b>I\u0161einantis vanduo <\/b><\/p>\n<p class=\"p2\">Iki 60\u00b0C vandens i\u0161leidimo anga iki -10\u00b0C lauke.<\/p>\n<\/div>\n<\/div>\n<div class=\"col-md-3 span3\">\n<p><img decoding=\"async\" id=\"campo_5_216096\" class=\"img-fluid\" src=\"https:\/\/cdn.aircon.panasonic.eu\/uploads\/__\/clima_happenings\/2023\/01%20AQUAREA\/AQUAREA%20L\/15-Aquarea-L.jpg\" \/><\/p>\n<div>\n<p class=\"p1\"><b>Ekstremalios s\u0105lygos<\/b><\/p>\n<p class=\"p2\">Kompresorius veikia iki -25\u00b0C lauko temperat\u016bros.<\/p>\n<\/div>\n<\/div>\n<div class=\"col-md-3 span3\">\n<p><img decoding=\"async\" id=\"campo_7_216096\" class=\"img-fluid\" src=\"https:\/\/cdn.aircon.panasonic.eu\/uploads\/__\/clima_happenings\/2023\/01%20AQUAREA\/AQUAREA%20K\/16-Aquarea-K.jpg\" \/><\/p>\n<div>\n<p class=\"p1\"><b>T-CAP<\/b><\/p>\n<p class=\"p2\">T-CAP veikimas iki -28\u00b0C.<\/p>\n<\/div>\n<\/div>\n<\/div>\n<\/div>\n<div class=\"trans_original admin_fix_row\">\n<div class=\"row template class_template_admin template-14\">\n<div class=\"col-md-3 span3\">\n<p><img decoding=\"async\" id=\"campo_1_216097\" class=\"img-fluid\" src=\"https:\/\/cdn.aircon.panasonic.eu\/uploads\/__\/clima_happenings\/2023\/01%20AQUAREA\/AQUAREA%20L\/16-Aquarea-L.jpg\" \/><\/p>\n<div>\n<p class=\"p1\"><b>M\u0117lynpelekis<\/b><span class=\"s1\">\u00a0<\/span><\/p>\n<p class=\"p2\">Lauko \u0161ilumokai\u010dio apsauga nuo m\u0117lyn\u0173j\u0173 pelek\u0173 apdorojimo at\u0161iauriomis aplinkos s\u0105lygomis.<\/p>\n<\/div>\n<\/div>\n<div class=\"col-md-3 span3\">\n<p><img decoding=\"async\" id=\"campo_3_216097\" class=\"img-fluid\" src=\"https:\/\/cdn.aircon.panasonic.eu\/uploads\/__\/clima_happenings\/2023\/01%20AQUAREA\/AQUAREA%20L\/18-Aquarea-L.jpg\" \/><\/p>\n<div>\n<p class=\"p1\"><b>Auk\u0161tos specifikacijos<\/b><\/p>\n<p class=\"p2\">\u012emontuotas vandens sl\u0117gio jutiklis, U-Vacua\u00a0<sup>TM<\/sup>\u00a0izoliacija, lengvas montavimas Wi-Fi, palaiko gyvenam\u0173j\u0173 patalp\u0173 v\u0117dinimo \u012frengin\u012f.<\/p>\n<\/div>\n<\/div>\n<div class=\"col-md-3 span3\">\n<p><img decoding=\"async\" id=\"campo_5_216097\" class=\"img-fluid\" src=\"https:\/\/cdn.aircon.panasonic.eu\/uploads\/__\/clima_happenings\/2023\/01%20AQUAREA\/AQUAREA%20L\/19-Aquarea-L.jpg\" \/><\/p>\n<div>\n<p class=\"p1\"><b>Lengvas montavimas ir prie\u017ei\u016bra<\/b><\/p>\n<p class=\"p2\">Patobulintas vidaus ir lauko \u012frengini\u0173 prieinamumas, prakti\u0161kumas ir lankstumas.<\/p>\n<\/div>\n<\/div>\n<div class=\"col-md-3 span3\">\n<p><img decoding=\"async\" id=\"campo_7_216097\" class=\"img-fluid\" src=\"https:\/\/cdn.aircon.panasonic.eu\/uploads\/__\/clima_happenings\/2023\/01%20AQUAREA\/AQUAREA%20L\/20-Aquarea-L.jpg\" \/><\/p>\n<div>\n<p class=\"p1\"><b>Pasirenkama \u201eAquarea Smart\u201c ir \u201eService Cloud\u201c.<\/b><\/p>\n<p class=\"p2\">Nuotolinis valdymas ir prie\u017ei\u016bra.<\/p>\n<\/div>\n<\/div>\n<\/div>\n<\/div>\n<div class=\"trans_original template class_template_admin template-1\">\n<div class=\"row\">\n<div class=\"col-md-12 text-center\">\n<div><\/div>\n<p><img decoding=\"async\" id=\"campo_2_216098\" class=\"img-fluid\" src=\"https:\/\/cdn.aircon.panasonic.eu\/uploads\/__\/clima_happenings\/2023\/01%20AQUAREA\/AQUAREA%20K\/17-Aquarea-K.jpg\" \/><\/p>\n<\/div>\n<\/div>\n<\/div>\n<div class=\"trans_original template class_template_admin template-1\">\n<div class=\"row\">\n<div class=\"col-md-12 text-center\">\n<div>\n<p class=\"p1\">Harmonija tarp technologij\u0173 ir nam\u0173<\/p>\n<p class=\"p3\">\u012erenginys \u201eViskas viename\u201c ir \u201eBi-bloc\u201c vidinis blokas yra sukurti taip, kad lengvai \u012fsiliet\u0173 \u012f j\u016bs\u0173 vidin\u0119 erdv\u0119.<\/p>\n<p class=\"p3\">Auk\u0161\u010diausios kokyb\u0117s balta spalva, i\u0161tikima \u201eAquarea\u201c dvasiai, kuri\u0105 pabr\u0117\u017eia skland\u017eiai integruotas valdiklis, suteikiantis eleganti\u0161k\u0105 juod\u0105 juost\u0105 visame \u012frenginyje.<\/p>\n<p class=\"p3\">Lauko blokas sukurtas taip, kad harmoningai der\u0117t\u0173 su architekt\u016bra ir aplinka ir tyliai veikt\u0173.<\/p>\n<\/div>\n<p><img decoding=\"async\" id=\"campo_2_216099\" class=\"img-fluid\" src=\"https:\/\/cdn.aircon.panasonic.eu\/uploads\/__\/clima_happenings\/2023\/01%20AQUAREA\/AQUAREA%20K\/18-Aquarea-K.jpg\" \/><\/p>\n<\/div>\n<\/div>\n<\/div>\n<div class=\"trans_original template class_template_admin template-1\">\n<div class=\"row\">\n<div class=\"col-md-12 text-center\">\n<div>\n<p class=\"p1\">Aquarea K Generation suteikia dar daugiau<\/p>\n<p class=\"p3\">Itin efektyv\u016bs Panasonic sprendimai gali pad\u0117ti \u017eenkliai suma\u017einti namo energijos s\u0105naudas, tuo pa\u010diu i\u0161laikomas auk\u0161tas komforto lygis ir gera patalp\u0173 oro kokyb\u0117.<\/p>\n<\/div>\n<\/div>\n<\/div>\n<\/div>\n<\/div>\n<\/div>\n<\/div>\n<div class=\"trans_original admin_fix_row\">\n<div class=\"row template class_template_admin template-20\">\n<div class=\"col-md-6 span6\">\n<div>\n<p><b>K serija<\/b><\/p>\n<ul>\n<li>Idealus sprendimas naujoms statyboms<\/li>\n<li>Su R32 \u0161altne\u0161iu<\/li>\n<li>\u0160altne\u0161io jungties tarp vidinio ir lauko blok\u0173 palaikymas<\/li>\n<li>Paduodamo srauto vandens temperat\u016bra iki 60 \u00b0C (kai lauko temperat\u016bra iki -10 \u00b0C)<\/li>\n<li>Si\u016bloma \u201eHigh Performance\u201c (liet. didelio na\u0161umo) ir T-CAP gama ekstremalaus \u0161al\u010dio s\u0105lygoms<\/li>\n<li>Patobulintas dizainas su nauju vidaus bloku, tobulai papildan\u010diu j\u016bs\u0173 namus; taip pat atnaujintas, architekt\u016bri\u0161kai simpati\u0161kas antracito pilkos spalvos lauko blokas<\/li>\n<li>Sklandus ry\u0161io integravimas, su galimybe integruoti \u201eWi-Fi\u201c modul\u012f \u012f vidaus \u012frengin\u012f<\/li>\n<\/ul>\n<\/div>\n<\/div>\n<div class=\"col-md-6 span6\">\n<div>\n<p class=\"p1\"><b>L serija<\/b><\/p>\n<ul>\n<li>Idealiai tinka modernizuojant, atnaujinant namus su esamais radiatoriais<\/li>\n<li>Su nat\u016braliu \u0161altne\u0161iu R290<\/li>\n<li>Hidraulin\u0117 jungtis tarp vidinio ir lauko blok\u0173<\/li>\n<li>Paduodamo srauto vandens temperat\u016bra iki 75 \u00b0C (kai lauko temperat\u016bra iki -10 \u00b0C)<\/li>\n<li>Buitinis kar\u0161tas vanduo iki 65 \u00b0C be \u0161ildytuvo rezervuaro sterilizavimui<\/li>\n<li>Patobulintas dizainas su nauju vidaus bloku, tobulai papildan\u010diu j\u016bs\u0173 namus; taip pat atnaujintas, architekt\u016bri\u0161kai simpati\u0161kas antracito pilkos spalvos lauko blokas<\/li>\n<li>Sklandus ry\u0161io integravimas, su galimybe integruoti \u201eWi-Fi\u201c modul\u012f \u012f vidaus \u012frengin\u012f<\/li>\n<\/ul>\n<\/div>\n<\/div>\n<\/div>\n<\/div>\n<\/div>\n<\/div>\n<\/div>\n<\/div>\n<\/div>\n<\/div>\n<div><img decoding=\"async\" src=\"https:\/\/esaurida.lt\/wp-content\/uploads\/2023\/10\/Panasonic-K-karta-specifikacija.jpg\" \/><\/div>\n<\/div>","protected":false},"excerpt":{"rendered":"<h6>Naujos K kartos \u0161ilumos siurblys oras vanduo Panasonic Aquarea WH-ADC0309K3E5 \/ WH-UDZ07KE5\u00a0 tenas 3kW arba 6kW R32 freonas, vienfazis, 7 kW. Integruotas vandens \u0161ildytuvas 185 L<\/h6>\n<p>\u201eAquarea\u201c \u012fsisavina \u0161ilumos energij\u0105 i\u0161 aplinkos oro, kuri\u0105 panaudoja kar\u0161to vandens ruo\u0161imui ir J\u016bs\u0173 nam\u0173 \u0161ildymui. \u0160ildymo \u012frang\u0105 pasirinkite, atsi\u017evelgdami \u012f pastato tip\u0105, dyd\u012f, gyvenan\u010di\u0173 asmen\u0173 kiek\u012f ir asmeninius poreikius.<\/p>\n<table class=\"woocommerce-product-attributes shop_attributes\">\n<tbody>\n<tr class=\"woocommerce-product-attributes-item woocommerce-product-attributes-item--attribute_pa_eer-cop\">\n<th class=\"woocommerce-product-attributes-item__label\">EER\/COP<\/th>\n<td class=\"woocommerce-product-attributes-item__value\">4.72\/4.86<\/td>\n<\/tr>\n<tr class=\"woocommerce-product-attributes-item woocommerce-product-attributes-item--attribute_pa_wifi-valdymas\">\n<th class=\"woocommerce-product-attributes-item__label\">WiFi valdymas<\/th>\n<td class=\"woocommerce-product-attributes-item__value\">Taip<\/td>\n<\/tr>\n<tr class=\"woocommerce-product-attributes-item woocommerce-product-attributes-item--attribute_pa_sildymo-galia\">\n<th class=\"woocommerce-product-attributes-item__label\">\u0160ildymo galia<\/th>\n<td class=\"woocommerce-product-attributes-item__value\">7.00 kW<\/td>\n<\/tr>\n<tr class=\"woocommerce-product-attributes-item woocommerce-product-attributes-item--attribute_pa_spalva\">\n<th class=\"woocommerce-product-attributes-item__label\">Prek\u0117s spalva<\/th>\n<td class=\"woocommerce-product-attributes-item__value\">Balta \/Pilka<\/td>\n<\/tr>\n<\/tbody>\n<\/table>","protected":false},"featured_media":6290,"template":"","meta":{"om_disable_all_campaigns":false,"_monsterinsights_skip_tracking":false,"_monsterinsights_sitenote_active":false,"_monsterinsights_sitenote_note":"","_monsterinsights_sitenote_category":0},"product_brand":[],"product_cat":[48],"product_tag":[],"class_list":{"0":"post-6284","1":"product","2":"type-product","3":"status-publish","4":"has-post-thumbnail","6":"product_cat-silumos-siurbliai-oras-vanduo","7":"pa_boileris-su-boileriu","8":"pa_galingumas-7-0-kw","9":"pa_wifi-valdymas-reikalingas-priedas","11":"first","12":"instock","13":"sale","14":"shipping-taxable","15":"purchasable","16":"product-type-simple"},"aioseo_notices":[],"_links":{"self":[{"href":"https:\/\/izopaga.lt\/en\/wp-json\/wp\/v2\/product\/6284","targetHints":{"allow":["GET"]}}],"collection":[{"href":"https:\/\/izopaga.lt\/en\/wp-json\/wp\/v2\/product"}],"about":[{"href":"https:\/\/izopaga.lt\/en\/wp-json\/wp\/v2\/types\/product"}],"wp:featuredmedia":[{"embeddable":true,"href":"https:\/\/izopaga.lt\/en\/wp-json\/wp\/v2\/media\/6290"}],"wp:attachment":[{"href":"https:\/\/izopaga.lt\/en\/wp-json\/wp\/v2\/media?parent=6284"}],"wp:term":[{"taxonomy":"product_brand","embeddable":true,"href":"https:\/\/izopaga.lt\/en\/wp-json\/wp\/v2\/product_brand?post=6284"},{"taxonomy":"product_cat","embeddable":true,"href":"https:\/\/izopaga.lt\/en\/wp-json\/wp\/v2\/product_cat?post=6284"},{"taxonomy":"product_tag","embeddable":true,"href":"https:\/\/izopaga.lt\/en\/wp-json\/wp\/v2\/product_tag?post=6284"}],"curies":[{"name":"wp","href":"https:\/\/api.w.org\/{rel}","templated":true}]}}