{"id":6294,"date":"2024-09-12T16:57:10","date_gmt":"2024-09-12T13:57:10","guid":{"rendered":"https:\/\/izopaga.lt\/?post_type=product&#038;p=6294"},"modified":"2025-07-16T16:41:22","modified_gmt":"2025-07-16T13:41:22","slug":"daikin-altherma-3r-774-kw-3-kartos-silumos-siurblys-oras-vanduo-viskas-viename-su-integruotu-boileriu-180l-vienfazis-ehvh08s18e6v-erga06evh","status":"publish","type":"product","link":"https:\/\/izopaga.lt\/en\/produktai\/daikin-altherma-3r-774-kw-3-kartos-silumos-siurblys-oras-vanduo-viskas-viename-su-integruotu-boileriu-180l-vienfazis-ehvh08s18e6v-erga06evh\/","title":{"rendered":"DAIKIN ALTHERMA 3R 7,74 kW \u0161ilumos siurblys oras vanduo su integruotu boileriu 180L vienfazis EHVH08S18E6V  ERGA06EVH 7,74 kW"},"content":{"rendered":"<h1>Daikin Altherma \u0161ilumos siurbliai oras\/vanduo 3 kartos<\/h1>\n<h3 class=\"western\">Tyla ir komfortas! Kilm\u0117s \u0161alis Japonija<\/h3>\n<div><\/div>\n<div>Tre\u010dios kartos Daikin Altherma \u0161ilumos siurbliai &#8211; tai puiki investicija \u012f komfort\u0105 ir energijos taupym\u0105.<\/div>\n<div>\n<p>Daikin Altherma 3 \u0161ilumos siurbliai oras vanduo idealiai tinka senos statybos nam\u0173 renovacijai: naujos kartos \u017ealiosios energijos \u0161altinis, puikiai veikiantis su senos sistemos radiatoriais. Taip pat ir naujos statybos pastatuose. Daikin tre\u010diosios kartos \u0161ilumos siurbli\u0173 oras-vanduo sprendimas yra tinkamiausias u\u017etikrinant\u00a0<strong>65\u00b0C<\/strong>\u00a0tiekiamo vandens temperat\u016br\u0105 net lauko temperat\u016brai siekiant\u00a0<strong>\u201325 \u00b0 C<\/strong>. Tai vienas i\u0161 geriausi\u0173, kainos ir kokyb\u0117s santyk\u012f atitinkan\u010di\u0173 sprendim\u0173. Su integruotu 180 arba <strong>230 l<\/strong>\u00a0vandens pa\u0161ildymo boileriu.<\/p>\n<p>Oras bei vanduo Daikin siurbliuose gali b\u016bti naudojami ne tik \u0161ildant, bet ir \u0161iltuoju met\u0173 laiku v\u0117sinant patalpas (u\u017esakoma papildomai). Tokiu atveju \u012f vid\u0173 \u012fleid\u017eiamas v\u0117sus, o i\u0161 patalp\u0173 pa\u0161alinamas \u0161iltas oras.<\/p>\n<p>Daikin Altherma 3 \u0161ilumos siurblys oras vanduo naudoja i\u0161 oro paimam\u0105 \u0161ilum\u0105, tod\u0117l nereikia erdvios katilin\u0117s ir vietos kuro sand\u0117liavimui. Montavim\u0105 supaprastina tai, jog nereikia joki\u0173 duj\u0173 i\u0161metimo sistemos.<\/p>\n<\/div>\n<div>\n<p><img fetchpriority=\"high\" decoding=\"async\" src=\"https:\/\/oromeistras.lt\/img\/cms\/dorado\/product\/daikin-altherma-3-oras-vanduo-silumos-siurblys-oromeistras_2.jpg\" alt=\"\" width=\"800\" height=\"478\" \/><\/p>\n<p>&nbsp;<\/p>\n<p><strong>Naudojamas ekologi\u0161kesnis R32 freonas.<\/strong><\/p>\n<div id=\"col-1410674822\" class=\"col medium-6 small-12 large-6\">\n<div class=\"col-inner text-right\">\n<div id=\"text-3967818630\" class=\"text\">\n<h3>&#8222;Daikin&#8221; vidinis blokas su integruota kar\u0161to vandens talpa<\/h3>\n<ul>\n<li>Palyginus su \u012fprastu Daikin \u0161ilumos siurblio oras vanduo vidiniu bloku, vidaus \u012frenginys su integruota kart\u0161to Vandens talpa labai suma\u017eina \u012frengimui reikaling\u0105 viet\u0105.<\/li>\n<li>\u012epa\u010d kompakti\u0161ko dyd\u017eio \u012frenginys kuris u\u017eima tik 595 x 600 mm ploto, puikiai \u012fsilieja \u012f bendr\u0105 kit\u0173 buitini\u0173 prietais\u0173 organik\u0105. Tokio tipo \u0161ilumos siurbli\u0173 diegimo procesas \u012fpa\u010d kompakti\u0161kas.<\/li>\n<li>Nepaisant to, kad \u012frenginyje jau integruota kar\u0161to Vandens talpa, vamzdyn\u0173 prijungimai yra sumontuoti vir\u0161uje, \u0161is sprendimas kardinaliai pakei\u010dia \u012fmontuoto \u012frenginio galutin\u012f vaizd\u0105, tod\u0117l jis gali b\u016bti montuojamas net gyvenamuosiuose patalpose nesugadindamas bendro dizaino vientisumo.<\/li>\n<li>180 l talpos \u012frenginio su integruotu bkar\u0161to Vandens boileriu montavimo auk\u0161tis yra 1,65 m ir 1,85 m 230 l talpos boileriu, bendras reikalingas montavimo auk\u0161tis yra ma\u017eiau nei 2 m.<\/li>\n<li>&#8222;Daikin&#8221; vidinio bloko kompakti\u0161kumas yra pabr\u0117\u017eiamas aptakiu dizainu ir \u0161iuolaiki\u0161ka i\u0161vaizda, \u0161is dizainas susitapatina su kitais moderniai buitiniai prietaisais.<\/li>\n<\/ul>\n<\/div>\n<\/div>\n<\/div>\n<div id=\"col-530320988\" class=\"col medium-6 small-12 large-6 small-col-first\">\n<div class=\"col-inner text-center\">\n<div id=\"image_1806234268\" class=\"img has-hover x md-x lg-x y md-y lg-y\">\n<div class=\"img-inner dark\"><img decoding=\"async\" class=\"attachment-large size-large\" src=\"https:\/\/hidroshop.lt\/wp-content\/uploads\/2021\/02\/Daikin-2.jpg\" alt=\"\" width=\"717\" height=\"764\" \/><\/div>\n<\/div>\n<\/div>\n<\/div>\n<h3>Daikin Altherma 3 \u0161ilumos siurbli\u0173 oras vanduo privalumai<\/h3>\n<p>&#8211; lyginant su ankstesn\u0117s kartos \u0161ilumos siurbliais, \u0161is Altherma modelis turi 8 % didesn\u012f \u0161ilumokait\u012f, kuris pagerina \u0161ilumos atidavim\u0105;<\/p>\n<p>&#8211; tinka tiek grindiniam \u0161ildymui, tiek su \u017eematemperat\u016briais radiatoriais;<\/p>\n<p>&#8211; naudojamas ekologi\u0161kas R32 freonas;<\/p>\n<p>&#8211; galima jungti prie esamos \u0161ildymo ar saul\u0117s kolektori\u0173 sistemos;<\/p>\n<p>&#8211; su integruotu 6 kW kaitinimo elementu;<\/p>\n<p>&#8211; i\u0161orinis blokas su apsauga nuo u\u017e\u0161alimo;<\/p>\n<p>&#8211; komplektuojamas su programuojamu valdikliu;<\/p>\n<p>&#8211; jungiamas \u012f vienfaz\u012f elektros tinkl\u0105;<\/p>\n<p>&#8211; eleganti\u0161kas dizainas, nesud\u0117tingas montavimas;<\/p>\n<p>&#8211; puikiai pritaikoma daugumoje nam\u0173;<\/p>\n<p>&#8211; konstrukcij\u0105 galima sujungti su atskiru kar\u0161to vandens rezervuaru;<\/p>\n<p>&#8211; auk\u0161\u010diausia energetin\u0117 klas\u0117 A+++;<\/p>\n<p>&#8211; \u201eBluevolution\u201c technologija suma\u017eina \u012f atmosfer\u0105 i\u0161metamo anglies dioksido kiek\u012f;<\/p>\n<p>&#8211;\u00a0 MMI ir Daikin Eye technologija;<\/p>\n<p>&#8211; naujesnio modelio ventiliatoriai ir j\u0173 varikliai;<\/p>\n<p>&#8211; apatin\u0117s plok\u0161t\u0117s nuda\u017eytos siekiant i\u0161vengti korozijos;<\/p>\n<p>&#8211; naujesnio modelio atramos su greito fiksavimo laikikliu bei papildomu tvirtinimu siekiant i\u0161vengti susilankstymo.<\/p>\n<h3>Wifi modulis i\u0161ple\u010diantis valdymo galimybes<\/h3>\n<p>Valdykite Daikin Altherma 3 \u0161ilumos siurbl\u012f oras vanduo i\u0161 bet kurios vietos su i\u0161maniuoju telefonu, ne\u0161iojamu kompiuteriu, staliniu kompiuteriu, plan\u0161ete ar lie\u010diamo ekrano \u012frenginius. Nusta\u010dius \u012frang\u0105, \u201eDaikin Eye\u201c technologija u\u017etikrins \u201eDaikin Altherma 3\u201c sistemos \u0161ildymo ir apr\u016bpinimo kar\u0161tu vandeniu funkcij\u0105 bei garantuos, kad suteikiamas komfortas atitikt\u0173 j\u016bs\u0173 poreikius! Sistem\u0105 gal\u0117site paprastai valdyti ir pri\u017ei\u016br\u0117ti naudodamiesi program\u0117le!<\/p>\n<p><img decoding=\"async\" src=\"https:\/\/oromeistras.lt\/img\/cms\/dorado\/product\/daikin-eye-oromeistras.png\" alt=\"\" width=\"800\" height=\"533\" \/><\/p>\n<p>Daikin Altherma 3 \u0161ilumos siurblys oras vanduo yra sukurtas Europos rinkai, tod\u0117l jis ekonomi\u0161kai veikia m\u016bs\u0173 klimato s\u0105lygomis. Tai vienas i\u0161 pirmaujan\u010di\u0173 \u0161ilumos siurbli\u0173 prek\u0117s \u017eenkl\u0173.<\/p>\n<p>&nbsp;<\/p>\n<\/div>\n<div><\/div>\n<table class=\"woocommerce-product-attributes shop_attributes\">\n<tbody>\n<tr class=\"woocommerce-product-attributes-item woocommerce-product-attributes-item--attribute_pa_galia-kw-7-c-35-c\">\n<th class=\"woocommerce-product-attributes-item__label\">Galia kw +7 C \/ +35 C<\/th>\n<td class=\"woocommerce-product-attributes-item__value\">7.74<\/td>\n<\/tr>\n<tr class=\"woocommerce-product-attributes-item woocommerce-product-attributes-item--attribute_pa_gamintojas\">\n<th class=\"woocommerce-product-attributes-item__label\">Gamintojas<\/th>\n<td class=\"woocommerce-product-attributes-item__value\">Daikin<\/td>\n<\/tr>\n<tr class=\"woocommerce-product-attributes-item woocommerce-product-attributes-item--attribute_pa_itampa-v\">\n<th class=\"woocommerce-product-attributes-item__label\">\u012etampa (V)<\/th>\n<td class=\"woocommerce-product-attributes-item__value\">230V (vienos faz\u0117s)<\/td>\n<\/tr>\n<tr class=\"woocommerce-product-attributes-item woocommerce-product-attributes-item--attribute_pa_kilmes-salis\">\n<th class=\"woocommerce-product-attributes-item__label\">Kilm\u0117s \u0161alis<\/th>\n<td class=\"woocommerce-product-attributes-item__value\">Japonija<\/td>\n<\/tr>\n<tr class=\"woocommerce-product-attributes-item woocommerce-product-attributes-item--attribute_pa_efektyviai-veikia-iki-c\">\n<th class=\"woocommerce-product-attributes-item__label\">Efektyviai veikia iki (C)<\/th>\n<td class=\"woocommerce-product-attributes-item__value\">-25<\/td>\n<\/tr>\n<tr class=\"woocommerce-product-attributes-item woocommerce-product-attributes-item--attribute_pa_su-integruotu-boileriu\">\n<th class=\"woocommerce-product-attributes-item__label\">Kar\u0161o vandens ruo\u0161os tipas<\/th>\n<td class=\"woocommerce-product-attributes-item__value\">Su integruota kar\u0161to vandens talpa<\/td>\n<\/tr>\n<tr class=\"woocommerce-product-attributes-item woocommerce-product-attributes-item--attribute_pa_integruoto-el-teno-galia-kw\">\n<th class=\"woocommerce-product-attributes-item__label\">Integruoto el. Teno galia (kw)<\/th>\n<td class=\"woocommerce-product-attributes-item__value\">6 kw<\/td>\n<\/tr>\n<tr class=\"woocommerce-product-attributes-item woocommerce-product-attributes-item--attribute_pa_galia-kw-15-c-35-c\">\n<th class=\"woocommerce-product-attributes-item__label\">Galia (kw) &#8211; 15 C \/ +35 C<\/th>\n<td class=\"woocommerce-product-attributes-item__value\">5.56<\/td>\n<\/tr>\n<tr class=\"woocommerce-product-attributes-item woocommerce-product-attributes-item--attribute_pa_galia-kw-15-c-45-c\">\n<th class=\"woocommerce-product-attributes-item__label\">Galia (kw) &#8211; 15 C \/ +45 C<\/th>\n<td class=\"woocommerce-product-attributes-item__value\">5.5<\/td>\n<\/tr>\n<tr class=\"woocommerce-product-attributes-item woocommerce-product-attributes-item--attribute_pa_galia-kw-15-c-50-55-c\">\n<th class=\"woocommerce-product-attributes-item__label\">Galia (kw) &#8211; 15 C \/ +50\/55 C<\/th>\n<td class=\"woocommerce-product-attributes-item__value\">5.22<\/td>\n<\/tr>\n<tr class=\"woocommerce-product-attributes-item woocommerce-product-attributes-item--attribute_pa_cop-7-c-35-c\">\n<th class=\"woocommerce-product-attributes-item__label\">COP +7 C \/ +35 C<\/th>\n<td class=\"woocommerce-product-attributes-item__value\">4.75<\/td>\n<\/tr>\n<tr class=\"woocommerce-product-attributes-item woocommerce-product-attributes-item--attribute_pa_cop-15-c-35-c\">\n<th class=\"woocommerce-product-attributes-item__label\">COP -15 C \/ +35 C<\/th>\n<td class=\"woocommerce-product-attributes-item__value\">2.14<\/td>\n<\/tr>\n<tr class=\"woocommerce-product-attributes-item woocommerce-product-attributes-item--attribute_pa_cop-15-c-45-c\">\n<th class=\"woocommerce-product-attributes-item__label\">COP -15 C \/ +45 C<\/th>\n<td class=\"woocommerce-product-attributes-item__value\">1.8<\/td>\n<\/tr>\n<tr class=\"woocommerce-product-attributes-item woocommerce-product-attributes-item--attribute_pa_cop-15-c-50-55-c\">\n<th class=\"woocommerce-product-attributes-item__label\">COP -15 C \/ +50\/55 C<\/th>\n<td class=\"woocommerce-product-attributes-item__value\">1.56<\/td>\n<\/tr>\n<tr class=\"woocommerce-product-attributes-item woocommerce-product-attributes-item--attribute_pa_galia-prated-kw\">\n<th class=\"woocommerce-product-attributes-item__label\">Galia Prated (kw)<\/th>\n<td class=\"woocommerce-product-attributes-item__value\">7<\/td>\n<\/tr>\n<tr class=\"woocommerce-product-attributes-item woocommerce-product-attributes-item--attribute_pa_lauko-bl-garso-galia-dba\">\n<th class=\"woocommerce-product-attributes-item__label\">Lauko bl. garso galia dBA<\/th>\n<td class=\"woocommerce-product-attributes-item__value\">47<\/td>\n<\/tr>\n<tr class=\"woocommerce-product-attributes-item woocommerce-product-attributes-item--attribute_pa_saltnesis-freonas\">\n<th class=\"woocommerce-product-attributes-item__label\">\u0160altne\u0161is (freonas)<\/th>\n<td class=\"woocommerce-product-attributes-item__value\">R32<\/td>\n<\/tr>\n<tr class=\"woocommerce-product-attributes-item woocommerce-product-attributes-item--attribute_pa_vidaus-bl-matmenys-hxwxd-mm\">\n<th class=\"woocommerce-product-attributes-item__label\">Vidaus bl. matmenys HxWxD mm<\/th>\n<td class=\"woocommerce-product-attributes-item__value\">1650 x 595 x 629<\/td>\n<\/tr>\n<tr class=\"woocommerce-product-attributes-item woocommerce-product-attributes-item--attribute_pa_lauko-bl-matmenys-hxwxd-mm\">\n<th class=\"woocommerce-product-attributes-item__label\">Lauko bl. matmenys HxWxD mm<\/th>\n<td class=\"woocommerce-product-attributes-item__value\">740 x 884 x 388<\/td>\n<\/tr>\n<tr class=\"woocommerce-product-attributes-item woocommerce-product-attributes-item--attribute_pa_vid-bl-svoris-neto-bruto-kg\">\n<th class=\"woocommerce-product-attributes-item__label\">Vid.bl. svoris neto\/bruto kg<\/th>\n<td class=\"woocommerce-product-attributes-item__value\">119<\/td>\n<\/tr>\n<tr class=\"woocommerce-product-attributes-item woocommerce-product-attributes-item--attribute_pa_isor-bl-svor-neto-bruto-kg\">\n<th class=\"woocommerce-product-attributes-item__label\">\u012e\u0161or.bl. svor. neto\/bruto kg<\/th>\n<td class=\"woocommerce-product-attributes-item__value\">58.5<\/td>\n<\/tr>\n<tr class=\"woocommerce-product-attributes-item woocommerce-product-attributes-item--attribute_pa_vandens-talpa-l\">\n<th class=\"woocommerce-product-attributes-item__label\">Vandens talpa (L)<\/th>\n<td class=\"woocommerce-product-attributes-item__value\">180<\/td>\n<\/tr>\n<tr class=\"woocommerce-product-attributes-item woocommerce-product-attributes-item--attribute_pa_max-vandens-temp-c\">\n<th class=\"woocommerce-product-attributes-item__label\">Max. vandens temp. ( C )<\/th>\n<td class=\"woocommerce-product-attributes-item__value\">70<\/td>\n<\/tr>\n<tr class=\"woocommerce-product-attributes-item woocommerce-product-attributes-item--attribute_pa_el-maitinimas-laido-storis\">\n<th class=\"woocommerce-product-attributes-item__label\">El. maitinimas\/laido storis<\/th>\n<td class=\"woocommerce-product-attributes-item__value\">3 x 4mm\u00b2<\/td>\n<\/tr>\n<tr class=\"woocommerce-product-attributes-item woocommerce-product-attributes-item--attribute_pa_freono-r32-kiek-isor-bloke\">\n<th class=\"woocommerce-product-attributes-item__label\">Freono R32 kiek. i\u0161or. Bloke<\/th>\n<td class=\"woocommerce-product-attributes-item__value\">1.5<\/td>\n<\/tr>\n<tr class=\"woocommerce-product-attributes-item woocommerce-product-attributes-item--attribute_pa_darb-temp-rib-sald-sild\">\n<th class=\"woocommerce-product-attributes-item__label\">Darb. temp. rib. \u0161ald.\/\u0161ild.<\/th>\n<td class=\"woocommerce-product-attributes-item__value\">-25~35<\/td>\n<\/tr>\n<tr class=\"woocommerce-product-attributes-item woocommerce-product-attributes-item--attribute_pa_energ-ef-klase-sald-sild\">\n<th class=\"woocommerce-product-attributes-item__label\">Energ. Ef. klas\u0117 \u0161ald.\/\u0161ild.<\/th>\n<td class=\"woocommerce-product-attributes-item__value\">A++\/A+++<\/td>\n<\/tr>\n<tr class=\"woocommerce-product-attributes-item woocommerce-product-attributes-item--attribute_pa_scop-35c-55c\">\n<th class=\"woocommerce-product-attributes-item__label\">SCOP (35C\/55C)<\/th>\n<td class=\"woocommerce-product-attributes-item__value\">4.47\/3.26<\/td>\n<\/tr>\n<tr class=\"woocommerce-product-attributes-item woocommerce-product-attributes-item--attribute_pa_galia-sildymui\">\n<th class=\"woocommerce-product-attributes-item__label\">Galia (\u0160ildymui)<\/th>\n<td class=\"woocommerce-product-attributes-item__value\">6-10 kw (80 \u2013 160m2)<\/td>\n<\/tr>\n<\/tbody>\n<\/table>","protected":false},"excerpt":{"rendered":"<ul>\n<li>A+++ Energijos klas\u0117 \u0161ildymui<\/li>\n<li>Tinka radiatoriams ir grind\u0173 \u0161ildymo sistemoms<\/li>\n<li>Be ten\u0173 pagalbos veikia net iki -25 C<\/li>\n<li>Gali ruo\u0161ti net iki + 65 C termofikat\u0105<\/li>\n<li>Integruotas 6 kw el. Tenas<\/li>\n<li>Net 5 m. garantija kompresoriui<\/li>\n<li>Atnaujintas Altherma 3 modelis<\/li>\n<li>Naujausios kartos R32 \u0161altne\u0161is<\/li>\n<li>Integruotas magnetinis purvo separatorius<\/li>\n<\/ul>\n<table class=\"woocommerce-product-attributes shop_attributes\">\n<tbody>\n<tr class=\"woocommerce-product-attributes-item woocommerce-product-attributes-item--attribute_pa_eer-cop\">\n<th class=\"woocommerce-product-attributes-item__label\">COP<\/th>\n<td class=\"woocommerce-product-attributes-item__value\">4.75<\/td>\n<\/tr>\n<tr class=\"woocommerce-product-attributes-item woocommerce-product-attributes-item--attribute_pa_wifi-valdymas\">\n<th class=\"woocommerce-product-attributes-item__label\">WiFi valdymas<\/th>\n<td class=\"woocommerce-product-attributes-item__value\">Taip<\/td>\n<\/tr>\n<tr class=\"woocommerce-product-attributes-item woocommerce-product-attributes-item--attribute_pa_sildymo-galia\">\n<th class=\"woocommerce-product-attributes-item__label\">\u0160ildymo galia<\/th>\n<td class=\"woocommerce-product-attributes-item__value\">7.7 kW<\/td>\n<\/tr>\n<tr class=\"woocommerce-product-attributes-item woocommerce-product-attributes-item--attribute_pa_spalva\">\n<th class=\"woocommerce-product-attributes-item__label\">Prek\u0117s spalva<\/th>\n<td class=\"woocommerce-product-attributes-item__value\">Balta<\/td>\n<\/tr>\n<\/tbody>\n<\/table>","protected":false},"featured_media":6280,"template":"","meta":{"om_disable_all_campaigns":false,"_monsterinsights_skip_tracking":false,"_monsterinsights_sitenote_active":false,"_monsterinsights_sitenote_note":"","_monsterinsights_sitenote_category":0},"product_brand":[],"product_cat":[48],"product_tag":[128,529,127,129,130],"class_list":{"0":"post-6294","1":"product","2":"type-product","3":"status-publish","4":"has-post-thumbnail","6":"product_cat-silumos-siurbliai-oras-vanduo","7":"product_tag-daikin","8":"product_tag-daikin-7-kw-oras-vanduo-su-integruotu-boileriu","9":"product_tag-daikin-altherma-3-r-ehvh08s18e6v-erga06evh-oras-vanduo-silumos-siurblys-su-integruotu-boileriu-180-l-vandens-talpa","10":"product_tag-oras-vanduo","11":"product_tag-silumos-siurbliai","12":"pa_boileris-su-boileriu","13":"pa_galingumas-7-74-kw","14":"pa_wifi-valdymas-taip","16":"first","17":"instock","18":"sale","19":"shipping-taxable","20":"purchasable","21":"product-type-simple"},"aioseo_notices":[],"_links":{"self":[{"href":"https:\/\/izopaga.lt\/en\/wp-json\/wp\/v2\/product\/6294","targetHints":{"allow":["GET"]}}],"collection":[{"href":"https:\/\/izopaga.lt\/en\/wp-json\/wp\/v2\/product"}],"about":[{"href":"https:\/\/izopaga.lt\/en\/wp-json\/wp\/v2\/types\/product"}],"wp:featuredmedia":[{"embeddable":true,"href":"https:\/\/izopaga.lt\/en\/wp-json\/wp\/v2\/media\/6280"}],"wp:attachment":[{"href":"https:\/\/izopaga.lt\/en\/wp-json\/wp\/v2\/media?parent=6294"}],"wp:term":[{"taxonomy":"product_brand","embeddable":true,"href":"https:\/\/izopaga.lt\/en\/wp-json\/wp\/v2\/product_brand?post=6294"},{"taxonomy":"product_cat","embeddable":true,"href":"https:\/\/izopaga.lt\/en\/wp-json\/wp\/v2\/product_cat?post=6294"},{"taxonomy":"product_tag","embeddable":true,"href":"https:\/\/izopaga.lt\/en\/wp-json\/wp\/v2\/product_tag?post=6294"}],"curies":[{"name":"wp","href":"https:\/\/api.w.org\/{rel}","templated":true}]}}