{"id":6322,"date":"2024-09-30T15:43:34","date_gmt":"2024-09-30T12:43:34","guid":{"rendered":"https:\/\/izopaga.lt\/?post_type=product&#038;p=6322"},"modified":"2026-01-12T11:57:24","modified_gmt":"2026-01-12T09:57:24","slug":"aux-silumos-siurblys-oras-vanduo-aux-split-achp-h12-4r3h-122-kw-kopija","status":"publish","type":"product","link":"https:\/\/izopaga.lt\/en\/produktai\/aux-silumos-siurblys-oras-vanduo-aux-split-achp-h12-4r3h-122-kw-kopija\/","title":{"rendered":"AUX \u0160ilumos siurblys oras &#8211; vanduo AUX Split ACHP-H12\/4R3H 12,2 kW"},"content":{"rendered":"<p>&nbsp;<\/p>\n<p>Visi pagrindiniai komponentai yra nuolatin\u0117s srov\u0117s da\u017enio keitimo<a href=\"https:\/\/lhp.lt\/wp-content\/uploads\/2024\/02\/1.png\"><img fetchpriority=\"high\" decoding=\"async\" class=\"wp-image-6839 alignright\" src=\"https:\/\/lhp.lt\/wp-content\/uploads\/2024\/02\/1.png\" sizes=\"(max-width: 339px) 100vw, 339px\" srcset=\"https:\/\/lhp.lt\/wp-content\/uploads\/2024\/02\/1.png 450w, https:\/\/lhp.lt\/wp-content\/uploads\/2024\/02\/1-300x186.png 300w, https:\/\/lhp.lt\/wp-content\/uploads\/2024\/02\/1-280x174.png 280w\" alt=\"\" width=\"339\" height=\"210\" \/><\/a><br \/>\ntechnologijos, su elektroniniu i\u0161sipl\u0117timo vo\u017etuvu tiksliam reguliavimui, gali u\u017etikrinti stabil\u0173: \u0161ildym\u0105 \u0119sant aplinkos temperat\u016brai -25<br \/>\n\u00b0C ~ 35 \u00b0C, kar\u0161to vandens paruo\u0161im\u0105 \u0119sant aplinkos temperat\u016brai \u2013<br \/>\n25 \u00b0C ~ 43 \u00b0C, v\u0117sinim\u0105 \u0119sant aplinkos temperat\u016brai \u2013 5 \u00b0C~52 \u00b0C<br \/>\nVeikiant tik kompresoriui maksimali kar\u0161to vandens paruo\u0161imo<br \/>\ntemperat\u016bra gali siekti +65 \u00b0C, o maksimali kar\u0161to vandens boilerio<br \/>\ntemperat\u016bra gali siekti +57 \u00b0C.<\/p>\n<p>&nbsp;<\/p>\n<p>Vartotojai gali pasirinkti vien\u0105 i\u0161 keturi\u0173 \u0161ilumos siurblio valdymo<a href=\"https:\/\/lhp.lt\/wp-content\/uploads\/2024\/02\/2.png\"><img decoding=\"async\" class=\"wp-image-6843 alignright\" src=\"https:\/\/lhp.lt\/wp-content\/uploads\/2024\/02\/2.png\" sizes=\"(max-width: 438px) 100vw, 438px\" srcset=\"https:\/\/lhp.lt\/wp-content\/uploads\/2024\/02\/2.png 509w, https:\/\/lhp.lt\/wp-content\/uploads\/2024\/02\/2-300x134.png 300w, https:\/\/lhp.lt\/wp-content\/uploads\/2024\/02\/2-280x125.png 280w\" alt=\"\" width=\"438\" height=\"196\" \/><\/a><br \/>\nb\u016bd\u0173 pagal: \u0161ildomo vandens temperat\u016bros valdym\u0105, patalp\u0173<br \/>\ntemperat\u016bros daviklio valdym\u0105, patalp\u0173 temperat\u016bros reguliatoriaus valdym\u0105 ir buferin\u0117s talpos valdym\u0105.<\/p>\n<p>&nbsp;<\/p>\n<p>&nbsp;<\/p>\n<p>&nbsp;<\/p>\n<p>Dviej\u0173 kont\u016br\u0173 valdymas, kad tuo pa\u010diu metu b\u016bt\u0173 tiekiamas auk\u0161tos temperat\u016bros vanduo (\u0161ildymo radiatoriui) ir vidutin\u0117s bei \u017eemos temperat\u016bros vanduo (grind\u0173 \u0161ildymui).<\/p>\n<p><strong>Atostog\u0173 re\u017eimas<\/strong><\/p>\n<p>Atostog\u0173 metu \u0161ilumos siurblys palaiko ma\u017eos apkrovos veikim\u0105 ir ma\u017eina elektros s\u0105naudas, palaikydamas patalp\u0173 temperat\u016br\u0105<\/p>\n<p>\u0160ilumos siurblys kas savait\u0119 nustatytu laiku \u012fjungs vandens bako dezinfekavimo funkcij\u0105, kad sterilizuot\u0173 vandens bak\u0105<br \/>\nir u\u017etikrint\u0173 saug\u0173 buitinio kar\u0161to vandens naudojim\u0105.<\/p>\n<p><strong>ECO re\u017eimas<\/strong><\/p>\n<p>Dviguba temperat\u016bros zonos valdymas leid\u017eia valdyti vandens temperat\u016br\u0105 nepriklausomai ir automati\u0161kai, pagal<br \/>\naplinkos temperat\u016bros poky\u010dius.<br \/>\n9 \u0161ildymo kreiv\u0117s: 8 \u2013 ios nustatytos gamykloje, o 9-\u0105 galima keisti pagl<br \/>\nsavo poreikius<\/p>\n<p>&nbsp;<\/p>\n<p><strong>Valdymas telefonu<\/strong><\/p>\n<p>&nbsp;<\/p>\n<p><a href=\"https:\/\/lhp.lt\/wp-content\/uploads\/2024\/02\/3.png\"><img decoding=\"async\" class=\"alignnone size-full wp-image-6847\" src=\"https:\/\/lhp.lt\/wp-content\/uploads\/2024\/02\/3.png\" sizes=\"(max-width: 1110px) 100vw, 1110px\" srcset=\"https:\/\/lhp.lt\/wp-content\/uploads\/2024\/02\/3.png 1110w, https:\/\/lhp.lt\/wp-content\/uploads\/2024\/02\/3-300x155.png 300w, https:\/\/lhp.lt\/wp-content\/uploads\/2024\/02\/3-1024x528.png 1024w, https:\/\/lhp.lt\/wp-content\/uploads\/2024\/02\/3-768x396.png 768w, https:\/\/lhp.lt\/wp-content\/uploads\/2024\/02\/3-280x144.png 280w, https:\/\/lhp.lt\/wp-content\/uploads\/2024\/02\/3-600x309.png 600w\" alt=\"\" width=\"1110\" height=\"572\" \/><\/a><\/p>\n<p>&nbsp;<\/p>\n<p>\u0160ildymas iki -25C lauko oro temperat\u016bros;<br \/>\n* Kar\u0161to vandens ruo\u0161imas iki 65C;<br \/>\n* Wi-Fi valdymas;<br \/>\n* Energijos efektyvumo klas\u0117 A+++;<br \/>\n* SCOP iki 5,2;<br \/>\n* Dvej\u0173 rotori\u0173 inverterinis kompresorius;<br \/>\n* Ekologi\u0161kas R32 freonas;<br \/>\n* Ypatingai tylus vidinis ir i\u0161orinis blokas.<\/p>\n<p><img decoding=\"async\" src=\"https:\/\/silumamums.lt\/wp-content\/uploads\/2024\/04\/Ekrano-kopija-2024-04-12-101108.png\" alt=\"AUX \u0161ilumos siurbliai ORAS - VANDUO ACHP\" \/><\/p>","protected":false},"excerpt":{"rendered":"<p>\u0160ildymas iki -25C lauko oro temperat\u016bros;<br \/>\n* Kar\u0161to vandens ruo\u0161imas iki 65C;<br \/>\n* Wi-Fi valdymas;<br \/>\n* Energijos efektyvumo klas\u0117 A+++;<br \/>\n* SCOP iki 5,2;<br \/>\n* Dvej\u0173 rotori\u0173 inverterinis kompresorius;<br \/>\n* Ekologi\u0161kas R32 freonas;<br \/>\n* Ypatingai tylus vidinis ir i\u0161orinis blokas.<\/p>\n<table class=\"woocommerce-product-attributes shop_attributes\">\n<tbody>\n<tr class=\"woocommerce-product-attributes-item woocommerce-product-attributes-item--attribute_pa_eer-cop\">\n<th class=\"woocommerce-product-attributes-item__label\">EER\/COP<\/th>\n<td class=\"woocommerce-product-attributes-item__value\">4.00\/5.00<\/td>\n<\/tr>\n<tr class=\"woocommerce-product-attributes-item woocommerce-product-attributes-item--attribute_pa_wifi-valdymas\">\n<th class=\"woocommerce-product-attributes-item__label\">WiFi valdymas<\/th>\n<td class=\"woocommerce-product-attributes-item__value\">Taip<\/td>\n<\/tr>\n<tr class=\"woocommerce-product-attributes-item woocommerce-product-attributes-item--attribute_pa_sildymo-galia\">\n<th class=\"woocommerce-product-attributes-item__label\">\u0160ildymo galia<\/th>\n<td class=\"woocommerce-product-attributes-item__value\">12.2 kW<\/td>\n<\/tr>\n<tr class=\"woocommerce-product-attributes-item woocommerce-product-attributes-item--attribute_pa_spalva\">\n<th class=\"woocommerce-product-attributes-item__label\">Prek\u0117s spalva<\/th>\n<td class=\"woocommerce-product-attributes-item__value\">Balta<\/td>\n<\/tr>\n<\/tbody>\n<\/table>","protected":false},"featured_media":6318,"template":"","meta":{"om_disable_all_campaigns":false,"_monsterinsights_skip_tracking":false,"_monsterinsights_sitenote_active":false,"_monsterinsights_sitenote_note":"","_monsterinsights_sitenote_category":0},"product_brand":[],"product_cat":[48],"product_tag":[184,185,174,175,183],"class_list":{"0":"post-6322","1":"product","2":"type-product","3":"status-publish","4":"has-post-thumbnail","6":"product_cat-silumos-siurbliai-oras-vanduo","7":"product_tag-2-kw","8":"product_tag-achp-h12-4r3h","9":"product_tag-aux-oras-vanduo","10":"product_tag-aux-silumos-siurbliai-oras-vanduo","11":"product_tag-aux-silumos-siurblys-oras-vanduo-aux-split-achp-h12-4r3h-12","12":"pa_boileris-be-boilerio","13":"pa_galingumas-12-kw","14":"pa_wifi-valdymas-taip","16":"first","17":"instock","18":"sale","19":"shipping-taxable","20":"purchasable","21":"product-type-simple"},"aioseo_notices":[],"_links":{"self":[{"href":"https:\/\/izopaga.lt\/en\/wp-json\/wp\/v2\/product\/6322","targetHints":{"allow":["GET"]}}],"collection":[{"href":"https:\/\/izopaga.lt\/en\/wp-json\/wp\/v2\/product"}],"about":[{"href":"https:\/\/izopaga.lt\/en\/wp-json\/wp\/v2\/types\/product"}],"wp:featuredmedia":[{"embeddable":true,"href":"https:\/\/izopaga.lt\/en\/wp-json\/wp\/v2\/media\/6318"}],"wp:attachment":[{"href":"https:\/\/izopaga.lt\/en\/wp-json\/wp\/v2\/media?parent=6322"}],"wp:term":[{"taxonomy":"product_brand","embeddable":true,"href":"https:\/\/izopaga.lt\/en\/wp-json\/wp\/v2\/product_brand?post=6322"},{"taxonomy":"product_cat","embeddable":true,"href":"https:\/\/izopaga.lt\/en\/wp-json\/wp\/v2\/product_cat?post=6322"},{"taxonomy":"product_tag","embeddable":true,"href":"https:\/\/izopaga.lt\/en\/wp-json\/wp\/v2\/product_tag?post=6322"}],"curies":[{"name":"wp","href":"https:\/\/api.w.org\/{rel}","templated":true}]}}