{"id":6410,"date":"2024-11-08T14:55:14","date_gmt":"2024-11-08T12:55:14","guid":{"rendered":"https:\/\/izopaga.lt\/?post_type=product&#038;p=6410"},"modified":"2024-11-08T15:55:26","modified_gmt":"2024-11-08T13:55:26","slug":"aux-monoblokas-142-kw-silumos-siurblys-oras-vanduo-achp-h14-5r2ha-m-r290","status":"publish","type":"product","link":"https:\/\/izopaga.lt\/en\/produktai\/aux-monoblokas-142-kw-silumos-siurblys-oras-vanduo-achp-h14-5r2ha-m-r290\/","title":{"rendered":"AUX monoblokas 14,2 kW \u0161ilumos siurblys oras-vanduo ACHP-H14\/5R2HA-M R290"},"content":{"rendered":"<p><a href=\"https:\/\/lhp.lt\/wp-content\/uploads\/2024\/02\/Mono.png\"><img fetchpriority=\"high\" decoding=\"async\" class=\"wp-image-6997 aligncenter\" src=\"https:\/\/lhp.lt\/wp-content\/uploads\/2024\/02\/Mono.png\" sizes=\"(max-width: 839px) 100vw, 839px\" srcset=\"https:\/\/lhp.lt\/wp-content\/uploads\/2024\/02\/Mono.png 1030w, https:\/\/lhp.lt\/wp-content\/uploads\/2024\/02\/Mono-300x110.png 300w, https:\/\/lhp.lt\/wp-content\/uploads\/2024\/02\/Mono-1024x377.png 1024w, https:\/\/lhp.lt\/wp-content\/uploads\/2024\/02\/Mono-768x283.png 768w, https:\/\/lhp.lt\/wp-content\/uploads\/2024\/02\/Mono-280x103.png 280w, https:\/\/lhp.lt\/wp-content\/uploads\/2024\/02\/Mono-600x221.png 600w\" alt=\"\" width=\"839\" height=\"309\" \/><br \/>\n<\/a><\/p>\n<p><strong>Didelis galingumas<\/strong><\/p>\n<p>\u2022 100 % na\u0161umas nesuma\u017einant galios esant lauko temperat\u016brai -7\u00b0C.<br \/>\n\u2022 Tiekiamas kar\u0161tas vanduo +80\u00b0C temperat\u016broje, esant lauko temperat\u016brai -10\u00b0C<\/p>\n<p><strong>Apsauga nuo sprogimo<\/strong><\/p>\n<p>Hermeti\u0161ka elektrin\u0117 valdymo d\u0117\u017e\u0117,\u00a0 \u00a0 \u00a0 \u00a0 \u00a0 \u00a0 \u00a0 \u00a0 \u00a0 \u00a0 \u00a0 \u00a0 \u00a0 \u00a0 \u00a0 \u00a0 \u00a0 \u00a0 \u00a0 \u00a0 \u00a0Auk\u0161to sl\u0117gio daviklis<br \/>\natskirta nuo nutek\u0117jusio \u0161altne\u0161io<a href=\"https:\/\/lhp.lt\/wp-content\/uploads\/2024\/02\/mono-2.png\"><img decoding=\"async\" class=\"wp-image-7001 aligncenter\" src=\"https:\/\/lhp.lt\/wp-content\/uploads\/2024\/02\/mono-2.png\" sizes=\"(max-width: 851px) 100vw, 851px\" srcset=\"https:\/\/lhp.lt\/wp-content\/uploads\/2024\/02\/mono-2.png 974w, https:\/\/lhp.lt\/wp-content\/uploads\/2024\/02\/mono-2-300x80.png 300w, https:\/\/lhp.lt\/wp-content\/uploads\/2024\/02\/mono-2-768x206.png 768w, https:\/\/lhp.lt\/wp-content\/uploads\/2024\/02\/mono-2-280x75.png 280w, https:\/\/lhp.lt\/wp-content\/uploads\/2024\/02\/mono-2-600x161.png 600w\" alt=\"\" width=\"851\" height=\"228\" \/><\/a><\/p>\n<p><strong>Triuk\u0161mo ma\u017einimas<\/strong><br \/>\n\u2022 Kompresorius apvyniotas gars\u0105 sugerian\u010diomis med\u017eiagomis. Su gars\u0105 slopinan\u010diomis med\u017eiagomis viduje;<br \/>\n\u2022 Ventiliatorius su lenktais sparnuot\u0117s kra\u0161tais turi atitinkam\u0105 kamp\u0105, kad suma\u017eint\u0173 s\u016bkurin\u012f triuk\u0161m\u0105;<br \/>\n\u2022 Unikalios grotel\u0117s suma\u017eina v\u0117jo pasiprie\u0161inim\u0105;<br \/>\n\u2022 Vietose skleid\u017eian\u010diose gars\u0105 sumontuota medvilnin\u0117 garso izoliacija;<br \/>\n\u2022 I\u0161orinio bloko triuk\u0161mas siekia net 35 dB u\u017e 3 metr\u0173.<\/p>\n<p><a href=\"https:\/\/lhp.lt\/wp-content\/uploads\/2024\/02\/Mono-3.png\"><img decoding=\"async\" class=\"wp-image-7005 aligncenter\" src=\"https:\/\/lhp.lt\/wp-content\/uploads\/2024\/02\/Mono-3.png\" sizes=\"(max-width: 866px) 100vw, 866px\" srcset=\"https:\/\/lhp.lt\/wp-content\/uploads\/2024\/02\/Mono-3.png 1142w, https:\/\/lhp.lt\/wp-content\/uploads\/2024\/02\/Mono-3-300x121.png 300w, https:\/\/lhp.lt\/wp-content\/uploads\/2024\/02\/Mono-3-1024x414.png 1024w, https:\/\/lhp.lt\/wp-content\/uploads\/2024\/02\/Mono-3-768x311.png 768w, https:\/\/lhp.lt\/wp-content\/uploads\/2024\/02\/Mono-3-280x113.png 280w, https:\/\/lhp.lt\/wp-content\/uploads\/2024\/02\/Mono-3-600x243.png 600w\" alt=\"\" width=\"866\" height=\"350\" \/><\/a><\/p>\n<p><strong>8 kambari\u0173 valdymas:<a href=\"https:\/\/lhp.lt\/wp-content\/uploads\/2024\/02\/mono-4.png\"><img loading=\"lazy\" decoding=\"async\" class=\"wp-image-7009 alignright\" src=\"https:\/\/lhp.lt\/wp-content\/uploads\/2024\/02\/mono-4.png\" sizes=\"(max-width: 666px) 100vw, 666px\" srcset=\"https:\/\/lhp.lt\/wp-content\/uploads\/2024\/02\/mono-4.png 736w, https:\/\/lhp.lt\/wp-content\/uploads\/2024\/02\/mono-4-300x119.png 300w, https:\/\/lhp.lt\/wp-content\/uploads\/2024\/02\/mono-4-280x111.png 280w, https:\/\/lhp.lt\/wp-content\/uploads\/2024\/02\/mono-4-600x237.png 600w\" alt=\"\" width=\"666\" height=\"263\" \/><\/a><\/strong><\/p>\n<p>&nbsp;<\/p>\n<p>&nbsp;<\/p>\n<p>&nbsp;<\/p>\n<p>&nbsp;<\/p>\n<p>&nbsp;<\/p>\n<p>&nbsp;<\/p>\n<p>&nbsp;<\/p>\n<p>&nbsp;<\/p>\n<p><strong>Valdymas telefonu<\/strong><\/p>\n<p>Parametr\u0173 nustatymas, energijos suvartojimo u\u017eklausa, atostog\u0173 re\u017eimas ir kt.<\/p>\n<p><a href=\"https:\/\/lhp.lt\/wp-content\/uploads\/2024\/02\/Mono-5.png\"><img loading=\"lazy\" decoding=\"async\" class=\"size-full wp-image-7013 aligncenter\" src=\"https:\/\/lhp.lt\/wp-content\/uploads\/2024\/02\/Mono-5.png\" sizes=\"(max-width: 1155px) 100vw, 1155px\" srcset=\"https:\/\/lhp.lt\/wp-content\/uploads\/2024\/02\/Mono-5.png 1155w, https:\/\/lhp.lt\/wp-content\/uploads\/2024\/02\/Mono-5-300x130.png 300w, https:\/\/lhp.lt\/wp-content\/uploads\/2024\/02\/Mono-5-1024x442.png 1024w, https:\/\/lhp.lt\/wp-content\/uploads\/2024\/02\/Mono-5-768x332.png 768w, https:\/\/lhp.lt\/wp-content\/uploads\/2024\/02\/Mono-5-280x121.png 280w, https:\/\/lhp.lt\/wp-content\/uploads\/2024\/02\/Mono-5-600x259.png 600w\" alt=\"\" width=\"1155\" height=\"499\" \/><\/a><\/p>\n<p><strong>Tikslus temperat\u016bros valdymas telefonu<\/strong><\/p>\n<p>\u2022 Grind\u0173 \u0161ildymo pamai\u0161ymo vo\u017etuvo atidarymo\/u\u017edarymo valdymas realiu laiku;<br \/>\n\u2022 Vandens temperat\u016bros reguliavimas \u00b10,5\u00b0C Parametr\u0173 nustatymas, energijos suvartojimo u\u017eklausa, atostog\u0173 r\u0117\u017eimas ir kt.<\/p>\n<p><strong>Lygiagretus keli\u0173 \u012frengini\u0173 prijungimas<a href=\"https:\/\/lhp.lt\/wp-content\/uploads\/2024\/02\/mono-6.png\"><img loading=\"lazy\" decoding=\"async\" class=\"wp-image-7017 alignright\" src=\"https:\/\/lhp.lt\/wp-content\/uploads\/2024\/02\/mono-6.png\" sizes=\"(max-width: 394px) 100vw, 394px\" srcset=\"https:\/\/lhp.lt\/wp-content\/uploads\/2024\/02\/mono-6.png 461w, https:\/\/lhp.lt\/wp-content\/uploads\/2024\/02\/mono-6-300x170.png 300w, https:\/\/lhp.lt\/wp-content\/uploads\/2024\/02\/mono-6-280x159.png 280w\" alt=\"\" width=\"394\" height=\"223\" \/><\/a><\/strong><\/p>\n<p>&nbsp;<\/p>\n<p>Vienu metu veikia 8 \u012frenginiai Maksimali galia 128kW<\/p>\n<p>&nbsp;<\/p>\n<p>&nbsp;<\/p>\n<p>&nbsp;<\/p>\n<p>&nbsp;<\/p>\n<p><strong>\u012erengini\u0173 rotacija<a href=\"https:\/\/lhp.lt\/wp-content\/uploads\/2024\/02\/Mono-7.png\"><img loading=\"lazy\" decoding=\"async\" class=\"wp-image-7021 alignright\" src=\"https:\/\/lhp.lt\/wp-content\/uploads\/2024\/02\/Mono-7.png\" sizes=\"(max-width: 612px) 100vw, 612px\" srcset=\"https:\/\/lhp.lt\/wp-content\/uploads\/2024\/02\/Mono-7.png 711w, https:\/\/lhp.lt\/wp-content\/uploads\/2024\/02\/Mono-7-300x171.png 300w, https:\/\/lhp.lt\/wp-content\/uploads\/2024\/02\/Mono-7-280x159.png 280w, https:\/\/lhp.lt\/wp-content\/uploads\/2024\/02\/Mono-7-600x342.png 600w\" alt=\"\" width=\"612\" height=\"349\" \/><\/a><\/strong><\/p>\n<p>U\u017etikrina, kad kiekvieno lauko \u012frenginio<br \/>\nveikimo laikas b\u016bt\u0173 tolygus<\/p>\n<p>&nbsp;<\/p>\n<p>&nbsp;<\/p>\n<p>&nbsp;<\/p>\n<p>&nbsp;<\/p>\n<p>&nbsp;<\/p>\n<p>Atitinkami ES standartai ir teis\u0117s aktai:<br \/>\nEN14511; EN14825; EN50564; EN12102;<\/p>\n<p>&nbsp;<\/p>\n<table border=\"1\" cellspacing=\"0\" cellpadding=\"0\">\n<tbody>\n<tr>\n<td valign=\"top\"><\/td>\n<td valign=\"top\">Modelis<\/td>\n<td valign=\"top\">ACHP-H06\/4R2HA-M<\/td>\n<td valign=\"top\">ACHP-H08\/5R2HA-M<\/td>\n<td valign=\"top\">ACHP-H10\/5R2HA-M<\/td>\n<td valign=\"top\">ACHP-H12\/5R2HA-M<\/td>\n<td valign=\"top\">ACHP-H14\/5R2HA-M<\/td>\n<td valign=\"top\">ACHP-H16\/5R2HA-M<\/td>\n<\/tr>\n<tr>\n<td valign=\"top\"><\/td>\n<td valign=\"top\">Sildymo galia (kW)<\/td>\n<td valign=\"top\">6,2<\/td>\n<td valign=\"top\">8,4<\/td>\n<td valign=\"top\">10<\/td>\n<td valign=\"top\">12<\/td>\n<td valign=\"top\">14,2<\/td>\n<td valign=\"top\">15,21<\/td>\n<\/tr>\n<tr>\n<td valign=\"top\">Sildymas A7\/35 (1) El. Galia (kW)<\/td>\n<td valign=\"top\"><\/td>\n<td valign=\"top\">1,27<\/td>\n<td valign=\"top\">1,68<\/td>\n<td valign=\"top\">2,13<\/td>\n<td valign=\"top\">2,5<\/td>\n<td valign=\"top\">3,11<\/td>\n<td valign=\"top\">3,41<\/td>\n<\/tr>\n<tr>\n<td valign=\"top\"><\/td>\n<td valign=\"top\">COP<\/td>\n<td valign=\"top\">4,9<\/td>\n<td valign=\"top\">5<\/td>\n<td valign=\"top\">4,7<\/td>\n<td valign=\"top\">4,8<\/td>\n<td valign=\"top\">4,57<\/td>\n<td valign=\"top\">4,47<\/td>\n<\/tr>\n<tr>\n<td colspan=\"2\" valign=\"top\">Sildymo galia (kW)<\/td>\n<td valign=\"top\">6,61<\/td>\n<td valign=\"top\">8,42<\/td>\n<td valign=\"top\">10,27<\/td>\n<td valign=\"top\">12,17<\/td>\n<td valign=\"top\">14,2<\/td>\n<td valign=\"top\">15,21<\/td>\n<\/tr>\n<tr>\n<td valign=\"top\">Sildymas A7\/45<\/td>\n<td valign=\"top\">El. Galia (kW)<\/td>\n<td valign=\"top\">1,72<\/td>\n<td valign=\"top\">2,16<\/td>\n<td valign=\"top\">2,78<\/td>\n<td valign=\"top\">3,24<\/td>\n<td valign=\"top\">4,00<\/td>\n<td valign=\"top\">4,47<\/td>\n<\/tr>\n<tr>\n<td valign=\"top\"><\/td>\n<td valign=\"top\">COP<\/td>\n<td valign=\"top\">3,84<\/td>\n<td valign=\"top\">3,89<\/td>\n<td valign=\"top\">3,69<\/td>\n<td valign=\"top\">3,76<\/td>\n<td valign=\"top\">3,55<\/td>\n<td valign=\"top\">3,4<\/td>\n<\/tr>\n<tr>\n<td valign=\"top\"><\/td>\n<td valign=\"top\">Sildymo galia (kW)<\/td>\n<td valign=\"top\">6,2<\/td>\n<td valign=\"top\">7,8<\/td>\n<td valign=\"top\">9,5<\/td>\n<td valign=\"top\">12<\/td>\n<td valign=\"top\">14<\/td>\n<td valign=\"top\">15,21<\/td>\n<\/tr>\n<tr>\n<td valign=\"top\">Sildymas A7\/55 (2) El. Galia (kW)<\/td>\n<td valign=\"top\"><\/td>\n<td valign=\"top\">2<\/td>\n<td valign=\"top\">2,44<\/td>\n<td valign=\"top\">3,11<\/td>\n<td valign=\"top\">3,87<\/td>\n<td valign=\"top\">4,67<\/td>\n<td valign=\"top\">5,26<\/td>\n<\/tr>\n<tr>\n<td valign=\"top\"><\/td>\n<td valign=\"top\">COP<\/td>\n<td valign=\"top\">3,1<\/td>\n<td valign=\"top\">3,2<\/td>\n<td valign=\"top\">3,05<\/td>\n<td valign=\"top\">3,1<\/td>\n<td valign=\"top\">3<\/td>\n<td valign=\"top\">2,89<\/td>\n<\/tr>\n<tr>\n<td valign=\"top\"><\/td>\n<td valign=\"top\">Sildymo galia (KW)<\/td>\n<td valign=\"top\">6,04<\/td>\n<td valign=\"top\">7,19<\/td>\n<td valign=\"top\">8,22<\/td>\n<td valign=\"top\">10,14<\/td>\n<td valign=\"top\">11,66<\/td>\n<td valign=\"top\">12,88<\/td>\n<\/tr>\n<tr>\n<td valign=\"top\">Sildymas A-7\/35<\/td>\n<td valign=\"top\">El. Galia (kW)<\/td>\n<td valign=\"top\">2,03<\/td>\n<td valign=\"top\">2,37<\/td>\n<td valign=\"top\">2,85<\/td>\n<td valign=\"top\">3,57<\/td>\n<td valign=\"top\">4,26<\/td>\n<td valign=\"top\">5,07<\/td>\n<\/tr>\n<tr>\n<td colspan=\"2\" valign=\"top\">COP<\/td>\n<td valign=\"top\">2,98<\/td>\n<td valign=\"top\">3,03<\/td>\n<td valign=\"top\">2,88<\/td>\n<td valign=\"top\">2,84<\/td>\n<td valign=\"top\">2,74<\/td>\n<td valign=\"top\">2,54<\/td>\n<\/tr>\n<tr>\n<td valign=\"top\"><\/td>\n<td valign=\"top\">Saldymo galia (KW)<\/td>\n<td valign=\"top\">6,8<\/td>\n<td valign=\"top\">7,5<\/td>\n<td valign=\"top\">8,9<\/td>\n<td valign=\"top\">11,5<\/td>\n<td valign=\"top\">14<\/td>\n<td valign=\"top\">14<\/td>\n<\/tr>\n<tr>\n<td valign=\"top\">Saldymas A35\/7 (3) El. Galia (kW)<\/td>\n<td valign=\"top\"><\/td>\n<td valign=\"top\">2,19<\/td>\n<td valign=\"top\">2,17<\/td>\n<td valign=\"top\">2,74<\/td>\n<td valign=\"top\">3,8<\/td>\n<td valign=\"top\">3,89<\/td>\n<td valign=\"top\">5,7<\/td>\n<\/tr>\n<tr>\n<td valign=\"top\"><\/td>\n<td valign=\"top\">EER<\/td>\n<td valign=\"top\">3,1<\/td>\n<td valign=\"top\">3,45<\/td>\n<td valign=\"top\">3,25<\/td>\n<td valign=\"top\">3,05<\/td>\n<td valign=\"top\">3,6<\/td>\n<td valign=\"top\">2,46<\/td>\n<\/tr>\n<tr>\n<td colspan=\"2\" valign=\"top\">Vandens temp. +35 \u00b0C<\/p>\n<p>Energetinio efek-<\/td>\n<td valign=\"top\">A+++<\/td>\n<td valign=\"top\">A+++<\/td>\n<td valign=\"top\">A+++<\/td>\n<td valign=\"top\">A+++<\/td>\n<td valign=\"top\">A+++<\/td>\n<td valign=\"top\">A+++<\/td>\n<\/tr>\n<tr>\n<td colspan=\"2\" valign=\"top\">tyvumo klas\u00e9 (4)<\/p>\n<p>Vandens temp. +55 \u00b0C<\/td>\n<td valign=\"top\">A+++<\/td>\n<td valign=\"top\">A+++<\/td>\n<td valign=\"top\">A+++<\/td>\n<td valign=\"top\">A+++<\/td>\n<td valign=\"top\">A+++<\/td>\n<td valign=\"top\">A+++<\/td>\n<\/tr>\n<tr>\n<td colspan=\"2\" valign=\"top\">Vandens temp. +35 \u00b0C<\/td>\n<td valign=\"top\">4,96<\/td>\n<td valign=\"top\">5,22<\/td>\n<td valign=\"top\">5,2<\/td>\n<td valign=\"top\">4,82<\/td>\n<td valign=\"top\">4,71<\/td>\n<td valign=\"top\">4,63<\/td>\n<\/tr>\n<tr>\n<td colspan=\"2\" valign=\"top\">SCOP (5)<\/p>\n<p>Vandens temp. +55 \u00b0C<\/td>\n<td valign=\"top\">3,53<\/td>\n<td valign=\"top\">3,37<\/td>\n<td valign=\"top\">3,5<\/td>\n<td valign=\"top\">3,46<\/td>\n<td valign=\"top\">3,48<\/td>\n<td valign=\"top\">3,43<\/td>\n<\/tr>\n<tr>\n<td colspan=\"2\" valign=\"top\">Maitinimas<\/td>\n<td valign=\"top\">220-240\/1\/50<\/td>\n<td valign=\"top\">380-415\/3\/50<\/td>\n<td valign=\"top\">380-415\/3\/50<\/td>\n<td valign=\"top\">380-415\/3\/50<\/td>\n<td valign=\"top\">380-415\/3\/50<\/td>\n<td valign=\"top\">380-415\/3\/50<\/td>\n<\/tr>\n<tr>\n<td colspan=\"2\" valign=\"top\">Elektra<\/p>\n<p>Auto. jungilis (A)<\/td>\n<td valign=\"top\">14<\/td>\n<td valign=\"top\">10<\/td>\n<td valign=\"top\">10<\/td>\n<td valign=\"top\">14<\/td>\n<td valign=\"top\">14<\/td>\n<td valign=\"top\">14<\/td>\n<\/tr>\n<tr>\n<td valign=\"top\"><\/td>\n<td valign=\"top\">Maitinimo kabelis<\/td>\n<td valign=\"top\">3x6mm2<\/td>\n<td valign=\"top\">5x4mm2<\/td>\n<td valign=\"top\">5x4mm2<\/td>\n<td valign=\"top\">5x6mm2<\/td>\n<td valign=\"top\">5x6mm2<\/td>\n<td valign=\"top\">5x6mm2<\/td>\n<\/tr>\n<tr>\n<td colspan=\"2\" valign=\"top\">Kompresorius<\/td>\n<td valign=\"top\">GMCC<\/td>\n<td colspan=\"5\" rowspan=\"1\" valign=\"top\">Panasonic nuolatin\u0117s srov\u0117s dviej\u0173 rotori\u0173 inverteris<\/td>\n<\/tr>\n<tr>\n<td colspan=\"2\" valign=\"top\">Garso slegis (dB(A))<\/td>\n<td valign=\"top\">42<\/td>\n<td valign=\"top\">51<\/td>\n<td valign=\"top\">51<\/td>\n<td valign=\"top\">53<\/td>\n<td valign=\"top\">53<\/td>\n<td valign=\"top\">53<\/td>\n<\/tr>\n<tr>\n<td colspan=\"2\" valign=\"top\">Garso galios lygis dB(A)<\/td>\n<td valign=\"top\">55<\/td>\n<td valign=\"top\">63<\/td>\n<td valign=\"top\">63<\/td>\n<td valign=\"top\">65<\/td>\n<td valign=\"top\">65<\/td>\n<td valign=\"top\">685<\/td>\n<\/tr>\n<tr>\n<td colspan=\"2\" valign=\"top\">Ismatavimai (mm)<\/td>\n<td valign=\"top\">1130x420x710<\/td>\n<td valign=\"top\">1280x420x1040<\/td>\n<td valign=\"top\">1280x420x1040<\/td>\n<td valign=\"top\">1280&#215;420\u00d71040<\/td>\n<td valign=\"top\">1280x420x1040<\/td>\n<\/tr>\n<tr>\n<td valign=\"top\">Svoris (kg)<\/td>\n<td valign=\"top\"><\/td>\n<td valign=\"top\">93<\/td>\n<td valign=\"top\">136<\/td>\n<td valign=\"top\">136<\/td>\n<td valign=\"top\">154<\/td>\n<td valign=\"top\">154<\/td>\n<td valign=\"top\">154<\/td>\n<\/tr>\n<tr>\n<td colspan=\"2\" valign=\"top\">Freonas<\/td>\n<td valign=\"top\">R290<\/td>\n<td valign=\"top\">R290<\/td>\n<td valign=\"top\">R290<\/td>\n<td valign=\"top\">R290<\/td>\n<td valign=\"top\">R290<\/td>\n<td valign=\"top\">R290<\/td>\n<\/tr>\n<tr>\n<td colspan=\"2\" valign=\"top\">Kiekis (kg)<\/td>\n<td valign=\"top\">0,55<\/td>\n<td valign=\"top\">0,9<\/td>\n<td valign=\"top\">0,9<\/td>\n<td valign=\"top\">1,35<\/td>\n<td valign=\"top\">1,35<\/td>\n<td valign=\"top\">1,35<\/td>\n<\/tr>\n<tr>\n<td colspan=\"2\" valign=\"top\">Pajungimo vamzd\u00e4iu diametras<\/td>\n<td valign=\"top\">1\u2019\u2019<\/td>\n<td valign=\"top\">1\u2019\u2019<\/td>\n<td valign=\"top\">1\u2019\u2019<\/td>\n<td valign=\"top\">1\u2019\u2019<\/td>\n<td valign=\"top\">1\u2019\u2019<\/td>\n<td valign=\"top\">1\u2019\u2019<\/td>\n<\/tr>\n<tr>\n<td valign=\"top\">Maksimalus kelimo auk\u0161tis (m)<\/td>\n<td valign=\"top\"><\/td>\n<td colspan=\"6\" rowspan=\"1\" valign=\"top\">9<\/td>\n<\/tr>\n<tr>\n<td colspan=\"2\" valign=\"top\">I\u0161sipletimo indas (L)<\/td>\n<td valign=\"top\">5<\/td>\n<td valign=\"top\">5<\/td>\n<td valign=\"top\">5<\/td>\n<td valign=\"top\">5<\/td>\n<td valign=\"top\">5<\/td>\n<td valign=\"top\">5<\/td>\n<\/tr>\n<tr>\n<td colspan=\"2\" valign=\"top\">El. Teno galia (kW)<\/td>\n<td valign=\"top\">3<\/td>\n<td valign=\"top\">9<\/td>\n<td valign=\"top\">9<\/td>\n<td valign=\"top\">9<\/td>\n<td valign=\"top\">9<\/td>\n<td valign=\"top\">9<\/td>\n<\/tr>\n<tr>\n<td colspan=\"2\" valign=\"top\">Sildymas<\/td>\n<td valign=\"top\">-25~+35\u00b0C<\/td>\n<td valign=\"top\">-25~+35\u00b0C<\/td>\n<td valign=\"top\">-25~+35\u00b0C<\/td>\n<td valign=\"top\">-25~+35\u00b0C<\/td>\n<td valign=\"top\">-25~+35\u00b0C<\/td>\n<td valign=\"top\">-25~+35\u00b0C<\/td>\n<\/tr>\n<tr>\n<td colspan=\"2\" valign=\"top\">Darbin\u0117s lauko\u00a0temperatu\u016bos ribos<\/p>\n<p>Karsto vandens ruo\u0161.<\/td>\n<td valign=\"top\">-25~+43\u00b0C<\/td>\n<td valign=\"top\">-25~+43\u00b0C<\/td>\n<td valign=\"top\">-25~+43\u00b0C<\/td>\n<td valign=\"top\">-25~+43\u00b0C<\/td>\n<td valign=\"top\">-25~+43\u00b0C<\/td>\n<td valign=\"top\">-25~+43\u00b0C<\/td>\n<\/tr>\n<tr>\n<td colspan=\"2\" valign=\"top\">&nbsp;<\/p>\n<p>V\u0117sinimas<\/td>\n<td valign=\"top\">-5~52\u00b0C<\/td>\n<td valign=\"top\">-5~52\u00b0C<\/td>\n<td valign=\"top\">-5~52\u00b0C<\/td>\n<td valign=\"top\">-5~52\u00b0C<\/td>\n<td valign=\"top\">-5~52\u00b0C<\/td>\n<td valign=\"top\">-5~52\u00b0C<\/td>\n<\/tr>\n<\/tbody>\n<\/table>\n<p>&nbsp;<\/p>\n<p>&nbsp;<\/p>\n<p>(EU) No 811:2013; (EU) No 813:2013; OJ 2014\/C 207\/02:2014.<\/p>\n<p>1. Lauko temperat\u016bra 7\u2070C DB, 85% R.H.; EWT 30\u2070C, LWT 35\u2070C.<br \/>\n2. Lauko temperat\u016bra 7\u2070C DB, 85% R.H.; EWT 47\u2070C, LWT 55\u2070C.<br \/>\n3. Lauko temperat\u016bra 35\u2070C DB; EWT 12\u2070C, LWT 7\u2070C.<\/p>","protected":false},"excerpt":{"rendered":"<p>ACHP-H14\/5R2HA-M<\/p>\n<p>-Nekinta galia prie -7 Laipsn. Lauko temperat\u016bros<\/p>\n<p>-Tyliai dirba 3m atstumu tik 35 dB<\/p>\n<p>-R290 Freonas saugo gamt\u0105<\/p>\n<p>-Auk\u0161tas efektyvumas A+++ \/ 55 Laipsn.<\/p>\n<p>&nbsp;<\/p>\n<table class=\"woocommerce-product-attributes shop_attributes\">\n<tbody>\n<tr class=\"woocommerce-product-attributes-item woocommerce-product-attributes-item--attribute_pa_eer-cop\">\n<th class=\"woocommerce-product-attributes-item__label\">EER\/COP<\/th>\n<td class=\"woocommerce-product-attributes-item__value\">3.6\/4.57<\/td>\n<\/tr>\n<tr class=\"woocommerce-product-attributes-item woocommerce-product-attributes-item--attribute_pa_wifi-valdymas\">\n<th class=\"woocommerce-product-attributes-item__label\">WiFi valdymas<\/th>\n<td class=\"woocommerce-product-attributes-item__value\">Taip<\/td>\n<\/tr>\n<tr class=\"woocommerce-product-attributes-item woocommerce-product-attributes-item--attribute_pa_sildymo-galia\">\n<th class=\"woocommerce-product-attributes-item__label\">\u0160ildymo galia<\/th>\n<td class=\"woocommerce-product-attributes-item__value\">14.2 kW<\/td>\n<\/tr>\n<tr class=\"woocommerce-product-attributes-item woocommerce-product-attributes-item--attribute_pa_spalva\">\n<th class=\"woocommerce-product-attributes-item__label\">Prek\u0117s spalva<\/th>\n<td class=\"woocommerce-product-attributes-item__value\">Juoda\/Pilka<\/td>\n<\/tr>\n<\/tbody>\n<\/table>","protected":false},"featured_media":6369,"template":"","meta":{"om_disable_all_campaigns":false,"_monsterinsights_skip_tracking":false,"_monsterinsights_sitenote_active":false,"_monsterinsights_sitenote_note":"","_monsterinsights_sitenote_category":0},"product_brand":[],"product_cat":[59],"product_tag":[244,242,243,223],"class_list":{"0":"post-6410","1":"product","2":"type-product","3":"status-publish","4":"has-post-thumbnail","6":"product_cat-silumos-siurbliai-oras-vanduo-monoblokai","7":"product_tag-2-kw-silumos-siurblys-oras-vanduo-achp-h14-5r2ha-m-r290","8":"product_tag-achp-h14-5r2ha-m","9":"product_tag-aux-monoblokas-14","10":"product_tag-oras-vanduo-aux","11":"pa_boileris-be-boilerio","12":"pa_galingumas-10-kw","13":"pa_wifi-valdymas-taip","15":"first","16":"instock","17":"sale","18":"shipping-taxable","19":"purchasable","20":"product-type-simple"},"aioseo_notices":[],"_links":{"self":[{"href":"https:\/\/izopaga.lt\/en\/wp-json\/wp\/v2\/product\/6410","targetHints":{"allow":["GET"]}}],"collection":[{"href":"https:\/\/izopaga.lt\/en\/wp-json\/wp\/v2\/product"}],"about":[{"href":"https:\/\/izopaga.lt\/en\/wp-json\/wp\/v2\/types\/product"}],"wp:featuredmedia":[{"embeddable":true,"href":"https:\/\/izopaga.lt\/en\/wp-json\/wp\/v2\/media\/6369"}],"wp:attachment":[{"href":"https:\/\/izopaga.lt\/en\/wp-json\/wp\/v2\/media?parent=6410"}],"wp:term":[{"taxonomy":"product_brand","embeddable":true,"href":"https:\/\/izopaga.lt\/en\/wp-json\/wp\/v2\/product_brand?post=6410"},{"taxonomy":"product_cat","embeddable":true,"href":"https:\/\/izopaga.lt\/en\/wp-json\/wp\/v2\/product_cat?post=6410"},{"taxonomy":"product_tag","embeddable":true,"href":"https:\/\/izopaga.lt\/en\/wp-json\/wp\/v2\/product_tag?post=6410"}],"curies":[{"name":"wp","href":"https:\/\/api.w.org\/{rel}","templated":true}]}}