{"id":6425,"date":"2024-11-11T17:16:46","date_gmt":"2024-11-11T15:16:46","guid":{"rendered":"https:\/\/izopaga.lt\/?post_type=product&#038;p=6425"},"modified":"2024-11-11T17:30:58","modified_gmt":"2024-11-11T15:30:58","slug":"hisense-hi-therma-split-ahw-100hcds1-ahm-100hcdsaa-10-0-kw-oras-vanduo-silumos-siurblys","status":"publish","type":"product","link":"https:\/\/izopaga.lt\/en\/produktai\/hisense-hi-therma-split-ahw-100hcds1-ahm-100hcdsaa-10-0-kw-oras-vanduo-silumos-siurblys\/","title":{"rendered":"Hisense Hi-Therma Split AHW-100HCDS1 &#8211; AHM-100HCDSAA 10.0 kW oras-vanduo \u0161ilumos siurblys"},"content":{"rendered":"<h1>Hi-Therma Split<\/h1>\n<div class=\"category-desc\">\n<div>\n<div id=\"djslider-loader162\" class=\"djslider-loader djslider-loader-default\" tabindex=\"0\">\n<div id=\"djslider162\" class=\"djslider djslider-default\">\n<div id=\"slider-container162\" class=\"slider-container\">\n<p><img decoding=\"async\" src=\"https:\/\/www.komfortomeistras.lt\/images\/Userfiles\/hisense_split_sandara.jpg\" \/><\/p>\n<p>&nbsp;<\/p>\n<p>Inovatyvi Hisense Hi-Therma oras &#8211; vanduo sistema, tai \u012frenginiai sunaudojantis ma\u017eai energijos \u0161ildymui, v\u0117sinimui ir kar\u0161to vandens ruo\u0161imui, u\u017etikrinantis auk\u0161t\u0105 na\u0161um\u0105 net esant ekstremalioms lauko temperat\u016broms. Absoliutus komfortas d\u0117l efektyvaus ir ekologi\u0161kai \u0161varaus veikimo.<\/p>\n<\/div>\n<\/div>\n<\/div>\n<\/div>\n<p>Palyginti su \u012fprastu elektriniu \u0161ildytuvu ar i\u0161kastinio kuro katilu, Hi-Therma sistema yra daug ekologi\u0161kesn\u0117 ir taupesn\u0117. Iki \u0161iol tradicin\u0117se \u0161ildymo sistemose daugiausia buvo naudojamas kuras, pavyzd\u017eiui, dujos, nafta ir anglis, ta\u010diau \u0161is kuras ter\u0161ia aplink\u0105, \u012f or\u0105 i\u0161skiria didelius anglies dvideginio kiekius, sukelia globali\u0105 klimato kait\u0105. Hi-Therma \u0161ilumos siurblio sistema suma\u017eina aplinkos tar\u0161\u0105 i\u0161laikant auk\u0161t\u0105 energijos vartojimo efektyvum\u0105.<\/p>\n<p>\u0160ilumos siurblio oras-vanduo sistema veikia su nedideliu kiekiu elektros, i\u0161gauna atsinaujinan\u010di\u0105 \u0161ilum\u0105 i\u0161 lauko oro ir pristato didel\u012f \u0161ilumos kiek\u012f \u012f j\u016bs\u0173 namus. \u0160ilumos galia kelis kartus didesn\u0117 u\u017e sunaudojam\u0105 elektros energij\u0105, tod\u0117l sistema pasi\u017eymi itin auk\u0161tu naudingumo koeficientu.<\/p>\n<p>Visi Hi-Therma \u0161ilumos siurbli\u0173 modeliai turi KEYMARK sertifikat\u0105. KEYMARK yra savanori\u0161kas, nepriklausomas Europos sertifikavimo \u017eenklas (5 ISO sertifikavimo klas\u0117), skirtas visiems \u0161ilumos siurbliams, kombinuotiems \u0161ilumos siurbliams ir vandens \u0161ildytuvams (pagal Ecoesign, ES reglamento 813\/2013 ir 814\/20113 reikalavimus). Sertifikatus i\u0161duoda nepriklausomos sertifikavimo \u012fstaigos, kad atitikt\u0173 schemos reikalavimus. Su\u017einoti apie Hisense Hi-Therma sertifikuotus \u0161ilumos siurblius galite adresu: www.heatpumpkeymark.com<\/p>\n<p>Hi-Therma \u0161ilumos siurblys turi kelet\u0105 papildom\u0173 parink\u010di\u0173:<\/p>\n<p>&#8211; valdiklis su dideliu spalvotu ekranu ir spalvota indikacija.<br \/>\n&#8211; i\u0161manus ir paprastas valdymas.<br \/>\n&#8211; energijos vartojimo efektyvumas A+++.<br \/>\n&#8211; stabilus \u0161ildymas iki -25 \u2103.<br \/>\n&#8211; tiekiamo vandens temperat\u016bra 60 \u2103.<br \/>\n&#8211; vandens \u0161ildymas iki 75 \u2103.<br \/>\n&#8211; du atskiri temperat\u016bros ciklai \u0161iltoms grindims ir radiatoriams.<br \/>\n&#8211; energijos suvartojimo vizualizacija.<br \/>\n&#8211; centralizuotas \u012fvairi\u0173 vandens cikl\u0173 valdymas.<br \/>\n&#8211; individualus kambario valdymas.<br \/>\n&#8211; savaitinis laikmatis.<br \/>\n&#8211; ECO\/QUIET\/NIGHT re\u017eimai.<br \/>\n&#8211; dviej\u0173 kambari\u0173 termostatai.<br \/>\n&#8211; Nepriklausomas temperat\u016bros reguliavimas iki 7 kambari\u0173.<br \/>\n&#8211; automatin\u0117 grind\u0173 d\u017eiovinimo programa.<br \/>\n&#8211; Komforti\u0161kas baseino \u0161ildymas 24 -33 \u2103.<br \/>\n&#8211; tylus darbo re\u017eimas 8 DB (A).<br \/>\n&#8211; prijungimas prie pagalbinio \u0161ilumos \u0161altinio &#8211; saul\u0117s kolektoriaus ir boilerio.<\/p>\n<p>&nbsp;<\/p>\n<\/div>\n<p>Hisense Hi-Therma oras-vanduo \u0161ilumos siurbliai yra skirti naudoti gyvenamosiose ir komercin\u0117se patalpose. Jie idealiai tinka naujiems ir renovuotiems seniems pastatams ir pasi\u017eymi auk\u0161tu SCOP iki 5,17 ir vienodai auk\u0161tu patalp\u0173 \u0161ildymo efektyvumu. Red Dot Design Award apdovanojim\u0105 pelniusios sistemos si\u016blo efektyv\u0173 sprendim\u0105 \u0161ildymui, v\u0117sinimui ir kar\u0161to vandens gamybai. Patogus valdiklis turi i\u0161man\u0173j\u012f spalvot\u0105 ekran\u0105 ir gali b\u016bti valdomas intuityviai. Hisense \u201eHi Mit II App\u201c u\u017etikrina \u0161iuolaiki\u0161k\u0105 ir patog\u0173 sistemos veikim\u0105 bet kada ir bet kur.<\/p>\n<p>Hi-Therma Integra serija yra oro\/vandens \u0161ilumos siurbli\u0173 sistema su integruotu geriamojo vandens rezervuaru. Be to, integruota talpa taupo viet\u0105 ir suma\u017eina diegimo pastangas. I\u0161 esm\u0117s padalintas i\u0161d\u0117stymas leid\u017eia lanks\u010diai montuoti ir i\u0161gauti auk\u0161t\u0105 energijos vartojimo efektyvum\u0105. Sistemos kar\u0161to vandens bakas pagamintas i\u0161 auk\u0161tos kokyb\u0117s DUPLEX 2205 med\u017eiagos, kuri u\u017etikrina puiki\u0105 vandens kokyb\u0119. Be to, \u012f kar\u0161to vandens bak\u0105 integruotos elektrinio \u0161ildymo ir dezinfekcijos funkcijos, kurios gali b\u016bti valdomos nepriklausomai viena nuo kitos.<\/p>\n<p>Integruodami vandens rezervuar\u0105 ir valdymo komponentus sutaupysite iki 30% vietos savo namuose ar bute. Taip atsiras daugiau vietos kitiems dalykams, o laisv\u0105 erdv\u0119 gal\u0117site i\u0161naudoti lanks\u010diau. Integra Combi hidro modulis turi cirkuliacin\u012f siurbl\u012f ir 3 kryp\u010di\u0173 perjungimo vo\u017etuv\u0105, kuris u\u017etikrina kar\u0161to vandens pirmumo grandin\u0119. Vietoje esantis cirkuliacinis siurblys u\u017etikrina nuolatin\u0119 cirkuliacij\u0105 ir taip greit\u0105 kar\u0161to vandens tiekim\u0105 \u012f tiekimo ta\u0161kus.<\/p>\n<p><a href=\"https:\/\/izopaga.lt\/wp-content\/uploads\/2024\/11\/Screenshot-2024-11-04-165106.png\"><img fetchpriority=\"high\" decoding=\"async\" class=\"alignnone size-medium wp-image-6352\" src=\"https:\/\/izopaga.lt\/wp-content\/uploads\/2024\/11\/Screenshot-2024-11-04-165106-285x300.png\" alt=\"\" width=\"285\" height=\"300\" \/><\/a><\/p>\n<p>Plok\u0161telinio \u0161ilumokai\u010dio \u0161ilumos efektyvumas ir apsauga nuo u\u017e\u0161alimo<br \/>\nHi-Therma Integra \u012frengti pa\u017eang\u016bs pagrindiniai komponentai, \u012fskaitant didelio efektyvumo plok\u0161telin\u012f<br \/>\n\u0161ilumokait\u012f, nuolatin\u0117s srov\u0117s didelio srauto siurbl\u012f, trij\u0173 lygi\u0173 elektrin\u012f \u0161ildytuv\u0105 ir didel\u0117s talpos vandens bak\u0105,<br \/>\ntod\u0117l \u012fmontuot\u0105 \u012frengin\u012f lengva sumontuoti ir nekyla problem\u0173 d\u0117l vandens u\u017e\u0161alimo.<\/p>\n<p>Stilingas vidaus \u012frenginio valdiklis<br \/>\nIntuityvi s\u0105saja<br \/>\nVidaus \u012frenginys turi \u012fmontuot\u0105 ekrano valdikl\u012f, kur\u012f galima lengvai valdyti ranken\u0117le ir<br \/>\nmygtukais, visus vandens ciklus ir patalpas galima konfig\u016bruoti atskirai. Pagrindin\u0117<br \/>\ns\u0105saja gali intuityviai rodyti kiekvieno vandens ciklo nustatymus ir esam\u0105 vandens<br \/>\ntemperat\u016br\u0105 realiu laiku. Aplink valdikl\u012f esanti \u0161viesos diod\u0173 juostel\u0117 rodo esam\u0105 darbo<br \/>\nre\u017eim\u0105.<\/p>\n<p>&nbsp;<\/p>\n<p><a href=\"https:\/\/izopaga.lt\/wp-content\/uploads\/2024\/11\/Screenshot-2024-11-04-170345.png\"><img decoding=\"async\" class=\"alignnone size-medium wp-image-6357\" src=\"https:\/\/izopaga.lt\/wp-content\/uploads\/2024\/11\/Screenshot-2024-11-04-170345-300x229.png\" alt=\"\" width=\"300\" height=\"229\" \/><\/a><\/p>\n<div id=\"2\" class=\"elementor-element elementor-element-53a72da3 elementor-widget elementor-widget-wd_title\" data-id=\"53a72da3\" data-element_type=\"widget\" data-widget_type=\"wd_title.default\">\n<div class=\"elementor-widget-container\">\n<div class=\"title-wrapper set-mb-s reset-last-child wd-title-color-primary wd-title-style-overlined wd-title-size-default text-left\">\n<div class=\"liner-continer\">\n<h4 class=\"woodmart-title-container title wd-fontsize-l\"><\/h4>\n<\/div>\n<\/div>\n<\/div>\n<\/div>\n<div class=\"elementor-element elementor-element-7f400e28 wd-single-content elementor-widget elementor-widget-wd_single_product_content\" data-id=\"7f400e28\" data-element_type=\"widget\" data-widget_type=\"wd_single_product_content.default\">\n<div class=\"elementor-widget-container\">\n<p>&nbsp;<\/p>\n<table class=\"attribute\" cellspacing=\"0\">\n<thead>\n<tr>\n<td colspan=\"2\">\u012erenginio specifikacija<\/td>\n<\/tr>\n<\/thead>\n<tbody>\n<tr>\n<td>Skirtas patalp\u0173 plotui iki m\u00b2<\/td>\n<td>200<\/td>\n<\/tr>\n<tr>\n<td>V\u0117sinimo nominali (minimali\/maksimali) galia kW<\/td>\n<td>8.5<\/td>\n<\/tr>\n<tr>\n<td>\u0160ildymo nominali (minimali\/maksimali) galia kW<\/td>\n<td>10.0<\/td>\n<\/tr>\n<tr>\n<td>SEER<\/td>\n<td><\/td>\n<\/tr>\n<tr>\n<td>SCOP<\/td>\n<td>4.83<\/td>\n<\/tr>\n<tr>\n<td>V\u0117sina prie \u00b0C<\/td>\n<td>46<\/td>\n<\/tr>\n<tr>\n<td>\u0160ildo prie \u00b0C<\/td>\n<td>-25<\/td>\n<\/tr>\n<tr>\n<td>Vidinio bloko matmenys (PxAxG) mm<\/td>\n<td>520x890x419<\/td>\n<\/tr>\n<tr>\n<td>I\u0161orinio bloko matmenys (PxAxG) mm<\/td>\n<td>900x750x340<\/td>\n<\/tr>\n<tr>\n<td>Energetinio efektyvumo klas\u0117<\/td>\n<td>A+++<\/td>\n<\/tr>\n<tr>\n<td>Maksimalus naudojamas el. galingumas W<\/td>\n<td><\/td>\n<\/tr>\n<tr>\n<td>Vidinio bloko tipas<\/td>\n<td>split<\/td>\n<\/tr>\n<tr>\n<td>Svoris kg<\/td>\n<td>45<\/td>\n<\/tr>\n<tr>\n<td>Svoris i\u0161orinio bloko kg<\/td>\n<td>51<\/td>\n<\/tr>\n<tr>\n<td>Maksimali ruo\u0161iamo \u0161ilto vandens temperat\u016bra \u00b0C<\/td>\n<td>60<\/td>\n<\/tr>\n<tr>\n<td>Kar\u0161to vandens talpos t\u016bris l<\/td>\n<td>n\u0117ra<\/td>\n<\/tr>\n<tr>\n<td>I\u0161orinio bloko tipas<\/td>\n<td><\/td>\n<\/tr>\n<tr>\n<td>Vidini\u0173 blok\u0173 pajungimo skai\u010dius prie i\u0161orinio bloko<\/td>\n<td>1<\/td>\n<\/tr>\n<tr>\n<td>El. maitinimo fazi\u0173 skai\u010dius<\/td>\n<td>1<\/td>\n<\/tr>\n<tr>\n<td>Jungiam\u0173j\u0173 vamzd\u017ei\u0173 diametrai (skystis\/dujos) inch (mm)<\/td>\n<td>3\/8&#8243; \/ 5\/8&#8243;<\/td>\n<\/tr>\n<tr>\n<td>\u0160altne\u0161is<\/td>\n<td>R32<\/td>\n<\/tr>\n<tr>\n<td>WiFi<\/td>\n<td>papildomai<\/td>\n<\/tr>\n<tr>\n<td>Garantija m\u0117n.<\/td>\n<td>24<\/td>\n<\/tr>\n<\/tbody>\n<\/table>\n<\/div>\n<\/div>","protected":false},"excerpt":{"rendered":"<ul>\n<li>Veikia nuo -25\u00b0C lauko oro temperat\u016bros.<\/li>\n<li>Naudingumo koeficientas COP iki 4,80.<\/li>\n<li>Inverteriniai kompresoriai su R32a.<\/li>\n<li>\u012emontuotas papildomas elektros generatorius 3,0 kWt\/val.<\/li>\n<li>Elektros pajungimas 230V (1 faz\u0117).<\/li>\n<\/ul>\n<p><b>Wi-Fi<\/b>\u00a0modulis parduodamas atskirai (222 Eur)<\/p>\n<ul>\n<li>Garso sl\u0117gio lygis \u012eprastas re\u017eimas (\u0161ildymas \/ v\u0117sinimas): 48\/47dB(A);<\/li>\n<li>energijos klas\u0117 A+++, kai i\u0161leid\u017eiamo vandens temperat\u016bra 35\u00b0C<\/li>\n<\/ul>\n<table class=\"woocommerce-product-attributes shop_attributes\">\n<tbody>\n<tr class=\"woocommerce-product-attributes-item woocommerce-product-attributes-item--attribute_pa_eer-cop\">\n<th class=\"woocommerce-product-attributes-item__label\">EER\/COP<\/th>\n<td class=\"woocommerce-product-attributes-item__value\">-\/4.80<\/td>\n<\/tr>\n<tr class=\"woocommerce-product-attributes-item woocommerce-product-attributes-item--attribute_pa_wifi-valdymas\">\n<th class=\"woocommerce-product-attributes-item__label\">WiFi valdymas<\/th>\n<td class=\"woocommerce-product-attributes-item__value\">Taip<\/td>\n<\/tr>\n<tr class=\"woocommerce-product-attributes-item woocommerce-product-attributes-item--attribute_pa_sildymo-galia\">\n<th class=\"woocommerce-product-attributes-item__label\">\u0160ildymo galia<\/th>\n<td class=\"woocommerce-product-attributes-item__value\">10.0 kW<\/td>\n<\/tr>\n<tr class=\"woocommerce-product-attributes-item woocommerce-product-attributes-item--attribute_pa_spalva\">\n<th class=\"woocommerce-product-attributes-item__label\">Prek\u0117s spalva<\/th>\n<td class=\"woocommerce-product-attributes-item__value\">Balta\/Pilka<\/td>\n<\/tr>\n<\/tbody>\n<\/table>","protected":false},"featured_media":6426,"template":"","meta":{"om_disable_all_campaigns":false,"_monsterinsights_skip_tracking":false,"_monsterinsights_sitenote_active":false,"_monsterinsights_sitenote_note":"","_monsterinsights_sitenote_category":0},"product_brand":[],"product_cat":[48],"product_tag":[258,212,257,211],"class_list":{"0":"post-6425","1":"product","2":"type-product","3":"status-publish","4":"has-post-thumbnail","6":"product_cat-silumos-siurbliai-oras-vanduo","7":"product_tag-ahw-100hcds1-ahm-100hcdsaa","8":"product_tag-hisens-oras-vanduo-silumos-siurblys","9":"product_tag-hisense-hi-therma-split-ahw-100hcds1-ahm-100hcdsaa-10-0-kw-oras-vanduo-silumos-siurblys","10":"product_tag-hisense-oras-vanduo","11":"pa_boileris-be-boilerio","12":"pa_galingumas-10-0-kw","13":"pa_wifi-valdymas-reikalingas-priedas","15":"first","16":"instock","17":"sale","18":"shipping-taxable","19":"purchasable","20":"product-type-simple"},"aioseo_notices":[],"_links":{"self":[{"href":"https:\/\/izopaga.lt\/en\/wp-json\/wp\/v2\/product\/6425","targetHints":{"allow":["GET"]}}],"collection":[{"href":"https:\/\/izopaga.lt\/en\/wp-json\/wp\/v2\/product"}],"about":[{"href":"https:\/\/izopaga.lt\/en\/wp-json\/wp\/v2\/types\/product"}],"wp:featuredmedia":[{"embeddable":true,"href":"https:\/\/izopaga.lt\/en\/wp-json\/wp\/v2\/media\/6426"}],"wp:attachment":[{"href":"https:\/\/izopaga.lt\/en\/wp-json\/wp\/v2\/media?parent=6425"}],"wp:term":[{"taxonomy":"product_brand","embeddable":true,"href":"https:\/\/izopaga.lt\/en\/wp-json\/wp\/v2\/product_brand?post=6425"},{"taxonomy":"product_cat","embeddable":true,"href":"https:\/\/izopaga.lt\/en\/wp-json\/wp\/v2\/product_cat?post=6425"},{"taxonomy":"product_tag","embeddable":true,"href":"https:\/\/izopaga.lt\/en\/wp-json\/wp\/v2\/product_tag?post=6425"}],"curies":[{"name":"wp","href":"https:\/\/api.w.org\/{rel}","templated":true}]}}