{"id":6488,"date":"2024-12-09T10:37:30","date_gmt":"2024-12-09T08:37:30","guid":{"rendered":"https:\/\/izopaga.lt\/?post_type=product&#038;p=6488"},"modified":"2025-11-14T09:26:59","modified_gmt":"2025-11-14T07:26:59","slug":"tcl-tri-thermal-silumos-siurblys-oras-vanduo-split-thfld-14s-6hbp-a-thf-14s-hbpo-a-smkld-14s-6hbp-a-14-0-kw","status":"publish","type":"product","link":"https:\/\/izopaga.lt\/en\/produktai\/tcl-tri-thermal-silumos-siurblys-oras-vanduo-split-thfld-14s-6hbp-a-thf-14s-hbpo-a-smkld-14s-6hbp-a-14-0-kw\/","title":{"rendered":"TCL Tri-Thermal \u0160ilumos siurblys oras-vanduo split THFLd-14S\/6HBp-A  THF-14S\/HBpO-A SMKLd-14S\/6HBp-A  14.0 kW"},"content":{"rendered":"<div class=\"classic-video-wrapper white\">\n<div id=\"videoCmp_nTuSD5YF\" class=\"classic-video-container lazy_load_container classic-video-full mobile-classic-video-simple\">\n<div class=\"classic-video-cover\">\n<div class=\"\"><picture class=\"\"><img decoding=\"async\" src=\"https:\/\/aws-obg-image-lb-4.tcl.com\/content\/dam\/brandsite\/region\/europe\/products\/heat-pump\/product\/r32-split\/ksp\/pc\/r32-split-kv.jpg?t=1719563544993&amp;w=2560&amp;webp=true&amp;dpr=1&amp;rendition=2400\" alt=\"290 RUB\" data-lazy-loaded=\"\" \/><\/picture><\/div>\n<div class=\"classic-video-cover-wrapper center bottom mobile-center mobile-top\">\n<div class=\"classic-video-cover-content classic-video-cover-theme-black\">\n<div class=\"rich-text pc-richtext\">\n<h2>R32 trij\u0173 termini\u0173 ATW \u0161ilumos siurbli\u0173 padalinta serija<\/h2>\n<\/div>\n<\/div>\n<\/div>\n<\/div>\n<\/div>\n<\/div>\n<div class=\"message-carousels\">\n<div class=\"message-carousels-comp zoom-animate\">\n<div class=\"message-carousels-container white auto component-padding-top\">\n<div class=\"content list\">\n<div class=\"message-cards columns-3\" data-columns=\"3\" data-rows=\"1\" data-filter=\"false\" data-thumbnailratio=\"50.0\">\n<div class=\"message-cards-wrapper lazy_load_container card-wrapper-flex-center cardListPaddingBottom\">\n<div class=\"list-item\">\n<div class=\"message-card-item\">\n<div class=\"background\"><picture class=\"\"><img decoding=\"async\" src=\"https:\/\/aws-obg-image-lb-4.tcl.com\/content\/dam\/brandsite\/region\/europe\/products\/heat-pump\/product\/r32-mono\/ksp\/pc\/3zone.jpg?t=1719555170056&amp;w=592&amp;webp=true&amp;dpr=1&amp;rendition=2400\" alt=\"3 zon\u0173 temp. Kontrol\u0117\" data-lazy-loaded=\"\" \/><\/picture><\/div>\n<section class=\"message-card-content with-thumbnail align-center\">\n<div class=\"main-content\">\n<h2 class=\"message-card-title\">3 zon\u0173 temp. Kontrol\u0117<\/h2>\n<\/div>\n<\/section>\n<\/div>\n<\/div>\n<div class=\"list-item\">\n<div class=\"message-card-item\">\n<div class=\"background\"><picture class=\"\"><img decoding=\"async\" src=\"https:\/\/aws-obg-image-lb-3.tcl.com\/content\/dam\/brandsite\/region\/europe\/products\/heat-pump\/product\/r32-mono\/ksp\/pc\/updated-online.jpg?t=1719555170121&amp;w=592&amp;webp=true&amp;dpr=1&amp;rendition=2400\" alt=\"Internetin\u0117 paslauga\" data-lazy-loaded=\"\" \/><\/picture><\/div>\n<section class=\"message-card-content with-thumbnail align-center\">\n<div class=\"main-content\">\n<h2 class=\"message-card-title\">Internetin\u0117 paslauga<\/h2>\n<\/div>\n<\/section>\n<\/div>\n<\/div>\n<div class=\"list-item\">\n<div class=\"message-card-item\">\n<div class=\"background\"><picture class=\"\"><img decoding=\"async\" src=\"https:\/\/aws-obg-image-lb-4.tcl.com\/content\/dam\/brandsite\/region\/europe\/products\/heat-pump\/product\/r32-mono\/ksp\/pc\/m-lvt-65.png?t=1727590771843&amp;w=592&amp;webp=true&amp;dpr=1&amp;rendition=2400\" alt=\"Max.LWT 65\u00b0C\" data-lazy-loaded=\"\" \/><\/picture><\/div>\n<section class=\"message-card-content with-thumbnail align-center\">\n<div class=\"main-content\">\n<h2 class=\"message-card-title\">Maksimali Termofikato Temperat\u016bra 65\u00b0C<\/h2>\n<\/div>\n<\/section>\n<\/div>\n<\/div>\n<\/div>\n<div class=\"extra marginToCardsList\"><\/div>\n<\/div>\n<\/div>\n<\/div>\n<\/div>\n<\/div>\n<div id=\"featureImageAndText_pG5MJATT\" class=\"image-text-group white component-padding-top auto\" data-view-layout=\"simple\" data-pc-layout=\"column\" data-mob-layout=\"column\" data-content-type=\"stationary\" data-carousel-type=\"together\" data-carousel-item=\"marketing\" data-carousel-delay=\"0\">\n<div class=\"image-text-title\">\n<h2 class=\"title title-center title-m-size\">Pagrindiniai komponentai<\/h2>\n<\/div>\n<div class=\"layout-simple\">\n<div class=\"image-text-group__stationary flex-direction--column flex-direction--mobile--column\">\n<div id=\"wrapper0\" class=\"image-group__wrapper lazy_load_container\"><a class=\"image-group__item\" target=\"_blank\" rel=\"nofollow noopener\" data-media-type=\"image\" data-view-track=\"{&quot;event_name&quot;:&quot;view_image&quot;,&quot;event_parameters&quot;:{&quot;module_name&quot;:&quot;Key Components(ODU)&quot;}}\"><picture class=\"\"><source srcset=\"https:\/\/aws-obg-image-lb-3.tcl.com\/content\/dam\/brandsite\/region\/europe\/products\/heat-pump\/product\/r32-split\/ksp\/mob\/r32-split-odu-mob.jpg?t=1719565191698&amp;w=834&amp;webp=true&amp;dpr=1&amp;rendition=2400\" media=\"(max-width: 834px)\" \/><source srcset=\"https:\/\/aws-obg-image-lb-5.tcl.com\/content\/dam\/brandsite\/region\/europe\/products\/heat-pump\/product\/r32-split\/ksp\/pc\/r32-split-odu.jpg?t=1719563545704&amp;w=1200&amp;webp=true&amp;dpr=1&amp;rendition=2400\" media=\"(min-width: 835px)\" \/><img decoding=\"async\" class=\"image-group__item-img media-target\" src=\"https:\/\/aws-obg-image-lb-5.tcl.com\/content\/dam\/brandsite\/region\/europe\/products\/heat-pump\/product\/r32-split\/ksp\/pc\/r32-split-odu.jpg?t=1719563545704&amp;w=1200&amp;webp=true&amp;dpr=1&amp;rendition=2400\" data-lazy-loaded=\"\" \/><\/picture><\/a><\/div>\n<\/div>\n<\/div>\n<\/div>\n<div class=\"showcase-card-grid\">\n<div class=\"showcase-card-grid-container white\">\n<div class=\"marketing-box lazy_load_container\">\n<div class=\"marketing-card-grid pc-grid-card\">\n<div class=\"grid-item opacity-transition-item\">\n<div class=\"link\"><\/div>\n<\/div>\n<div class=\"grid-item opacity-transition-item\">\n<div class=\"link\">\n<div class=\"content-box black\">\n<div class=\"content-box-flex\">\n<div class=\"card-grid-box bottom\">\n<div class=\"marketing-text-box\">\n<div class=\"marketing-set-flex bottom\">\n<div class=\"common-rich-text marketing-set-overflow\">\n<h5><\/h5>\n<\/div>\n<\/div>\n<\/div>\n<\/div>\n<\/div>\n<\/div>\n<\/div>\n<\/div>\n<\/div>\n<\/div>\n<\/div>\n<\/div>\n<div id=\"featureImageAndText_hpgv6EBE\" class=\"image-text-group white component-padding-top auto\" data-view-layout=\"simple\" data-pc-layout=\"column\" data-mob-layout=\"column\" data-content-type=\"stationary\" data-carousel-type=\"together\" data-carousel-item=\"marketing\" data-carousel-delay=\"0\">\n<div class=\"image-text-title\">\n<h2 class=\"title title-center title-m-size\">Pagrindiniai komponentai<\/h2>\n<\/div>\n<div class=\"layout-simple\">\n<div class=\"image-text-group__stationary flex-direction--column flex-direction--mobile--column\">\n<div id=\"wrapper0\" class=\"image-group__wrapper lazy_load_container\"><a class=\"image-group__item\" target=\"_blank\" rel=\"nofollow noopener\" data-media-type=\"image\" data-view-track=\"{&quot;event_name&quot;:&quot;view_image&quot;,&quot;event_parameters&quot;:{&quot;module_name&quot;:&quot;Key Components(IDU)&quot;}}\"><picture class=\"\"><source srcset=\"https:\/\/aws-obg-image-lb-1.tcl.com\/content\/dam\/brandsite\/region\/europe\/products\/heat-pump\/product\/r32-split\/ksp\/pc\/r32-split-idu-01.jpg?t=1724037126081&amp;w=834&amp;webp=true&amp;dpr=1&amp;rendition=2400\" media=\"(max-width: 834px)\" \/><source srcset=\"https:\/\/aws-obg-image-lb-3.tcl.com\/content\/dam\/brandsite\/region\/europe\/products\/heat-pump\/product\/r32-split\/ksp\/pc\/r32-split-idu-01.jpg?t=1724037126081&amp;w=1200&amp;webp=true&amp;dpr=1&amp;rendition=2400\" media=\"(min-width: 835px)\" \/><img decoding=\"async\" class=\"image-group__item-img media-target\" src=\"https:\/\/aws-obg-image-lb-3.tcl.com\/content\/dam\/brandsite\/region\/europe\/products\/heat-pump\/product\/r32-split\/ksp\/pc\/r32-split-idu-01.jpg?t=1724037126081&amp;w=1200&amp;webp=true&amp;dpr=1&amp;rendition=2400\" data-lazy-loaded=\"\" \/><\/picture><\/a><\/div>\n<\/div>\n<\/div>\n<\/div>\n<div class=\"showcase-card-grid\">\n<div class=\"showcase-card-grid-container white\">\n<div class=\"marketing-box lazy_load_container\">\n<div class=\"marketing-card-grid pc-grid-card\">\n<div class=\"grid-item opacity-transition-item\">\n<div class=\"link\"><\/div>\n<\/div>\n<\/div>\n<\/div>\n<\/div>\n<\/div>\n<div class=\"showcase-card-grid\">\n<div class=\"showcase-card-grid-container white\">\n<div class=\"marketing-box lazy_load_container\">\n<div class=\"marketing-card-grid pc-grid-card\">\n<div class=\"grid-item opacity-transition-item\">\n<div class=\"link\">\n<div class=\"content-box black\">\n<div class=\"content-box-flex\">\n<div class=\"card-grid-box bottom\">\n<div class=\"marketing-text-box\">\n<div class=\"marketing-set-flex bottom\">\n<div class=\"common-rich-text marketing-set-overflow\">\n<h5><\/h5>\n<\/div>\n<\/div>\n<\/div>\n<\/div>\n<\/div>\n<\/div>\n<\/div>\n<\/div>\n<\/div>\n<\/div>\n<\/div>\n<\/div>\n<div id=\"featureImageAndText_3OfFyWaC\" class=\"image-text-group white component-padding-top auto\" data-view-layout=\"simple\" data-pc-layout=\"row-reverse\" data-mob-layout=\"column\" data-content-type=\"stationary\" data-carousel-type=\"together\" data-carousel-item=\"marketing\" data-carousel-delay=\"0\">\n<div class=\"layout-simple\">\n<div class=\"image-text-group__stationary flex-direction--row-reverse flex-direction--mobile--column\">\n<div class=\"text-group__wrapper\">\n<div class=\"text-group__item\" data-view-track=\"{&quot;event_name&quot;:&quot;view_text&quot;,&quot;event_parameters&quot;:{&quot;module_name&quot;:&quot;Feature Image And Text&quot;}}\">\n<div class=\"text-group__item__content\">\n<div class=\"text-group__item__wrap\">\n<div class=\"rich-text common\">\n<h2>Patogiau ir suma\u017einkite s\u0105skaitas u\u017e \u0161ildym\u0105 naudodami 3 zon\u0173 temperat\u016bros valdym\u0105<\/h2>\n<p>Optimali aplinkos temperat\u016bra skiriasi priklausomai nuo skirting\u0173 demografini\u0173 rodikli\u0173. TCL \u0161ilumos siurbliai gali vienu metu reguliuoti temperat\u016br\u0105 trijose zonose, tenkindami individualius poreikius ir sutaupydami \u0161ildymo s\u0105skaitas.<\/p>\n<\/div>\n<\/div>\n<\/div>\n<\/div>\n<\/div>\n<div id=\"wrapper0\" class=\"image-group__wrapper lazy_load_container\"><a class=\"image-group__item\" target=\"_blank\" rel=\"nofollow noopener\" data-media-type=\"image\" data-view-track=\"{&quot;event_name&quot;:&quot;view_image&quot;,&quot;event_parameters&quot;:{&quot;module_name&quot;:&quot;Feature Image And Text&quot;}}\"><picture class=\"\"><source srcset=\"https:\/\/aws-obg-image-lb-3.tcl.com\/content\/dam\/brandsite\/region\/europe\/products\/heat-pump\/product\/r32-split\/ksp\/mob\/r32-split-more-mob.jpg?t=1719565191394&amp;w=834&amp;webp=true&amp;dpr=1&amp;rendition=2400\" media=\"(max-width: 834px)\" \/><source srcset=\"https:\/\/aws-obg-image-lb-5.tcl.com\/content\/dam\/brandsite\/region\/europe\/products\/heat-pump\/product\/r32-split\/ksp\/pc\/r32-split-more.jpg?t=1719563545292&amp;w=600&amp;webp=true&amp;dpr=1&amp;rendition=2400\" media=\"(min-width: 835px)\" \/><img decoding=\"async\" class=\"image-group__item-img media-target\" src=\"https:\/\/aws-obg-image-lb-5.tcl.com\/content\/dam\/brandsite\/region\/europe\/products\/heat-pump\/product\/r32-split\/ksp\/pc\/r32-split-more.jpg?t=1719563545292&amp;w=600&amp;webp=true&amp;dpr=1&amp;rendition=2400\" data-lazy-loaded=\"\" \/><\/picture><\/a><\/div>\n<\/div>\n<\/div>\n<\/div>\n<div class=\"graphics-card\">\n<div class=\"graphics-card-wrap white transparent component-padding-top fade-in-up-container\">\n<div class=\"graphics-card-cnt\" data-dialog-id=\"commonTitle_gsgXSwww\">\n<div class=\"graphics-pc-wrap graphics-card-vertical graphics-three-columns\" data-scroll=\"graphicsBannerCard\" data-model=\"pc\">\n<div class=\"li-cnt\">\n<div class=\"text-wrap\">\n<div class=\"li-desc\">\n<div class=\"rich-text common\">\n<h2><span style=\"font-size: 16px;\">I\u0161manusis program\u0173 valdymas<\/span><\/h2>\n<\/div>\n<\/div>\n<\/div>\n<\/div>\n<\/div>\n<\/div>\n<\/div>\n<\/div>\n<div id=\"featureImageAndText_O0QjC65u\" class=\"image-text-group white component-padding-top auto\" data-view-layout=\"simple\" data-pc-layout=\"column\" data-mob-layout=\"column\" data-content-type=\"stationary\" data-carousel-type=\"together\" data-carousel-item=\"marketing\" data-carousel-delay=\"0\">\n<div class=\"layout-simple\">\n<div class=\"image-text-group__stationary flex-direction--column flex-direction--mobile--column\">\n<div class=\"text-group__wrapper\">\n<div class=\"text-group__item\" data-view-track=\"{&quot;event_name&quot;:&quot;view_text&quot;,&quot;event_parameters&quot;:{&quot;module_name&quot;:&quot;Intelligent App Control&quot;}}\">\n<div class=\"text-group__item__content\">\n<div class=\"text-group__item__wrap\">\n<div class=\"rich-text common\">\n<p>Re\u017eimo reguliavimas | Kaskadinis valdymas<\/p>\n<p>Energijos suvartojimo registravimas | Sanitarinis kar\u0161to vandens prioritetinis re\u017eimas<\/p>\n<p>\u012erenginio b\u016bsenos ir informacijos apie gedim\u0105 ekranas | Temperat\u016bra, laikma\u010dio nustatymas ir kt.<\/p>\n<\/div>\n<\/div>\n<\/div>\n<\/div>\n<\/div>\n<div id=\"wrapper0\" class=\"image-group__wrapper lazy_load_container\"><a class=\"image-group__item\" target=\"_blank\" rel=\"nofollow noopener\" data-media-type=\"image\" data-view-track=\"{&quot;event_name&quot;:&quot;view_image&quot;,&quot;event_parameters&quot;:{&quot;module_name&quot;:&quot;Intelligent App Control&quot;}}\"><picture class=\"\"><source srcset=\"https:\/\/aws-obg-image-lb-3.tcl.com\/content\/dam\/brandsite\/region\/europe\/products\/heat-pump\/product\/r32-split\/ksp\/mob\/r32-split-app-mob.jpg?t=1719565190086&amp;w=834&amp;webp=true&amp;dpr=1&amp;rendition=2400\" media=\"(max-width: 834px)\" \/><source srcset=\"https:\/\/aws-obg-image-lb-2.tcl.com\/content\/dam\/brandsite\/region\/europe\/products\/heat-pump\/product\/r32-split\/ksp\/pc\/r32-split-app.jpg?t=1719563680771&amp;w=1200&amp;webp=true&amp;dpr=1&amp;rendition=2400\" media=\"(min-width: 835px)\" \/><img decoding=\"async\" class=\"image-group__item-img media-target\" src=\"https:\/\/aws-obg-image-lb-2.tcl.com\/content\/dam\/brandsite\/region\/europe\/products\/heat-pump\/product\/r32-split\/ksp\/pc\/r32-split-app.jpg?t=1719563680771&amp;w=1200&amp;webp=true&amp;dpr=1&amp;rendition=2400\" data-lazy-loaded=\"\" \/><\/picture><\/a><\/div>\n<\/div>\n<\/div>\n<\/div>\n<div id=\"featureImageAndText_n9sIDrHl\" class=\"image-text-group white component-padding-top auto\" data-view-layout=\"simple\" data-pc-layout=\"column\" data-mob-layout=\"column\" data-content-type=\"stationary\" data-carousel-type=\"together\" data-carousel-item=\"marketing\" data-carousel-delay=\"0\">\n<div class=\"image-text-title\">\n<h2 class=\"title title-center title-m-size\">Internetin\u0117 paslauga<\/h2>\n<\/div>\n<div class=\"layout-simple\">\n<div class=\"image-text-group__stationary flex-direction--column flex-direction--mobile--column\">\n<div class=\"text-group__wrapper\">\n<div class=\"text-group__item\" data-view-track=\"{&quot;event_name&quot;:&quot;view_text&quot;,&quot;event_parameters&quot;:{&quot;module_name&quot;:&quot;Online Service&quot;}}\">\n<div class=\"text-group__item__content\">\n<div class=\"text-group__item__wrap\">\n<div class=\"rich-text common\">\n<p>Lengvi programin\u0117s \u012frangos atnaujinimai | Parametr\u0173 paleidimas<\/p>\n<p>Nuotolinis \u0161ilumos siurblio steb\u0117jimas<\/p>\n<\/div>\n<\/div>\n<\/div>\n<\/div>\n<\/div>\n<div id=\"wrapper0\" class=\"image-group__wrapper lazy_load_container\"><a class=\"image-group__item\" target=\"_blank\" rel=\"nofollow noopener\" data-media-type=\"image\" data-view-track=\"{&quot;event_name&quot;:&quot;view_image&quot;,&quot;event_parameters&quot;:{&quot;module_name&quot;:&quot;Online Service&quot;}}\"><picture class=\"\"><source srcset=\"https:\/\/aws-obg-image-lb-2.tcl.com\/content\/dam\/brandsite\/region\/europe\/products\/heat-pump\/product\/r32-split\/ksp\/mob\/r32-split-online-mob.jpg?t=1719565192021&amp;w=834&amp;webp=true&amp;dpr=1&amp;rendition=2400\" media=\"(max-width: 834px)\" \/><source srcset=\"https:\/\/aws-obg-image-lb-5.tcl.com\/content\/dam\/brandsite\/region\/europe\/products\/heat-pump\/product\/r32-split\/ksp\/pc\/r32-split-online.jpg?t=1719563545864&amp;w=1200&amp;webp=true&amp;dpr=1&amp;rendition=2400\" media=\"(min-width: 835px)\" \/><img decoding=\"async\" class=\"image-group__item-img media-target\" src=\"https:\/\/aws-obg-image-lb-5.tcl.com\/content\/dam\/brandsite\/region\/europe\/products\/heat-pump\/product\/r32-split\/ksp\/pc\/r32-split-online.jpg?t=1719563545864&amp;w=1200&amp;webp=true&amp;dpr=1&amp;rendition=2400\" data-lazy-loaded=\"\" \/><\/picture><\/a><\/div>\n<\/div>\n<\/div>\n<\/div>\n<div id=\"featureImageAndText_bqrZ7URX\" class=\"image-text-group white component-padding-bottom auto\" data-view-layout=\"simple\" data-pc-layout=\"column\" data-mob-layout=\"column\" data-content-type=\"stationary\" data-carousel-type=\"together\" data-carousel-item=\"marketing\" data-carousel-delay=\"0\">\n<div class=\"layout-simple\">\n<div class=\"image-text-group__stationary flex-direction--column flex-direction--mobile--column\">\n<div id=\"wrapper0\" class=\"image-group__wrapper lazy_load_container\"><\/div>\n<\/div>\n<\/div>\n<\/div>\n<p>&nbsp;<\/p>\n<p><strong>\u0160ildymas, v\u0117sinimas, kar\u0161tas vanduo: visapusiai sprendimai k\u016brybi\u0161kam gyvenimui<\/strong><\/p>\n<p><strong>Sezonini\u0173 patalp\u0173 \u0161ildymo energijos vartojimo efektyvumas<\/strong><\/p>\n<p>vidurkis iki <strong>A+++<\/strong> (35 \u2103)<\/p>\n<p>vidurkis iki <strong>A++<\/strong> (55 \u2103)<\/p>\n<p>Did\u017eiausia tiekiamo vandens temperat\u016bra <strong>65 \u2103<\/strong><\/p>\n<p>\u201eTri-thermal\u201c \u2013 tai universali integruota sistema, u\u017etikrinanti patalp\u0173 \u0161ildym\u0105, v\u0117sinim\u0105 ir buitinio kar\u0161to vandens ruo\u0161im\u0105 visus metus. Naudojant \u0161i\u0105 sistem\u0105 galima atsisakyti tradicini\u0173 dujini\u0173 ar skystojo kuro katil\u0173 arba naudoti juos lygiagre\u010diai.<\/p>\n<p><strong>Gerai \u017einomo preki\u0173 \u017eenklo NS inverterinis kompresorius (GMCC &#8211; Midea)<\/strong><\/p>\n<p><strong>Patikimi elektros komponentai<\/strong><\/p>\n<ul>\n<li>Atsparus didelei srovei ir auk\u0161tai temperat\u016brai.<\/li>\n<\/ul>\n<p><strong>Didelis sl\u0117gio santykis<\/strong><\/p>\n<ul>\n<li>\u017demas \u012fsiurbimo sl\u0117gis<\/li>\n<li>Auk\u0161tas tiekimo sl\u0117gis<\/li>\n<li>\u0160ildymas esant \u017eemai aplinkos temperat\u016brai<\/li>\n<\/ul>\n<p><strong>Ma\u017ea alyvos i\u0161eiga<\/strong><\/p>\n<ul>\n<li>Optimizuota vidin\u0117 talpykla<\/li>\n<li>Reikia ma\u017eiau alyvos<\/li>\n<li>Veiksmingai i\u0161spr\u0119sta alyvos gr\u0105\u017einimo problema<\/li>\n<li><strong>NS inverterinis variklis<\/strong>\n<ul>\n<li>Labai na\u0161us, did\u017eiausias SCOP 4,82<\/li>\n<\/ul>\n<p><strong>\u00a0<\/strong><\/p>\n<p><strong>Ma\u017eai triuk\u0161mo ir vibracij\u0173<\/strong><\/p>\n<ul>\n<li>Vibracij\u0105 optimizuoja du rotoriai<\/li>\n<li>Triuk\u0161m\u0105 optimizuoja dvisluoksniai slopintuvai<\/li>\n<\/ul>\n<p><strong>\u00a0<\/strong><strong>Patikimas t\u016bris<\/strong><\/p>\n<p>Didel\u0117 alyvos talpykla, Tinka naudoti dalin\u0117s apkrovos s\u0105lygomis ir su ilgais vamzd\u017eiais\u00a0 \u00a0 \u00a0 \u00a0 \u00a0 \u00a0 \u00a0 \u00a0 \u00a0 \u00a0 \u00a0 \u00a0 \u00a0 \u00a0 \u00a0 \u00a0 \u00a0 \u00a0 \u00a0 \u00a0 \u00a0 \u00a0 \u00a0 \u00a0 \u00a0 \u00a0 \u00a0 \u00a0 \u00a0 \u00a0 \u00a0 \u00a0 \u00a0 \u00a0 \u00a0 \u00a0 \u00a0 \u00a0 \u00a0 \u00a0 \u00a0 \u00a0 \u00a0 \u00a0 \u00a0 \u00a0 \u00a0 \u00a0<img fetchpriority=\"high\" decoding=\"async\" class=\"\" src=\"https:\/\/areacooling.com\/wp-content\/uploads\/2021\/07\/gmcc.jpg\" alt=\"GMCC Compressors - Area Cooling Solutions\" width=\"815\" height=\"458\" \/><\/li>\n<\/ul>\n<p>&nbsp;<\/p>\n<p><strong>Labai na\u0161us L tipo \u0161ilumokaitis<\/strong><\/p>\n<p>Pritaikius pa\u017eangi\u0105 3D dinamin\u0119 analiz\u0119 ir kry\u017eminio srauto kelio dizain\u0105, oro t\u016bris padid\u0117jo 8 %, o \u0161ilumos mainai tapo efektyvesni.<\/p>\n<p><strong>\u0160ilumos tiekimo vamzdis vidiniu sriegiu<\/strong><\/p>\n<ul>\n<li>Naudojant hidrofilines antikorozines briaunas, \u0161ilumos perdavimo efektyvumas padid\u0117jo 6 %.<\/li>\n<\/ul>\n<p><strong>Gofruotos briaunos<\/strong><\/p>\n<ul>\n<li>Naudojamas vamzdis, kurio \u0161ilumos main\u0173 efektyvumas yra 10\u00a0% didesnis.<\/li>\n<li><strong>Bepakopis inverterinis ventiliatoriaus variklis<\/strong><\/li>\n<li>Tolygus grei\u010dio reguliavimas ir 20 % ma\u017eesn\u0117s energijos s\u0105naudos, palyginti su kintamosios srov\u0117s varikliais. Originali \u012fmontuota pavara, didelis variklio efektyvumas, patikimumas<\/li>\n<li>Bepakopis oro t\u016brio reguliavimas, tikslus valdymas<\/li>\n<li>Tylus veikimas<\/li>\n<li>E klas\u0117s izoliacija<\/li>\n<\/ul>\n<p><strong>Plok\u0161telinis \u0161ilumokaitis<\/strong><\/p>\n<ul>\n<li>Atsparus auk\u0161tai temperat\u016brai ir sl\u0117giui<\/li>\n<li>Kompakti\u0161kas dizainas, ma\u017eesnis t\u016bris, ma\u017eesni sl\u0117gio nuostoliai<\/li>\n<li>Labai atsparus korozijai<\/li>\n<li>Didelis \u0161iluminis efektyvumas ir ma\u017eesnis u\u017esiter\u0161imo koeficientas<\/li>\n<li>Lengvas montavimas ir prie\u017ei\u016bra<\/li>\n<li>Esant tokiems pat sl\u0117gio nuostoliams, plok\u0161telinio \u0161ilumokai\u010dio \u0161ilumos perdavimo koeficientas yra 3\u20135 kartus didesnis nei vamzdinio \u0161ilumokai\u010dio, o plotas sudaro vos 1\/3 vamzdinio \u0161ilumokai\u010dio ploto.<\/li>\n<\/ul>\n<p><strong>\u017demas triuk\u0161mo <\/strong><\/p>\n<ul>\n<li>Galima pasirinkti \u012fvairius tyliuosius re\u017eimus: tyl\u0173j\u012f re\u017eim\u0105, nakties tyl\u0173j\u012f re\u017eim\u0105, itin tyl\u0173 re\u017eim\u0105.<\/li>\n<li>Optimizuota de\u0161iniosios ir galin\u0117s pus\u0117s plok\u0161\u010di\u0173 konstrukcija, pagr\u012fsta 3D modeliavimu, labai suma\u017eina vibracij\u0105 ir darbin\u012f triuk\u0161m\u0105.<\/li>\n<\/ul>\n<p><strong>Laidinis valdiklis<\/strong><\/p>\n<ul>\n<li>Skyst\u0173j\u0173 kristal\u0173 ekranas, dvikryptis ry\u0161ys, foninis ap\u0161vietimas nakt\u012f<\/li>\n<li>\u201eWi-Fi\u201c ry\u0161ys ir valdymas internetu<\/li>\n<li>\u012evairios kalbos<\/li>\n<li>Nustatomi parametrai ir gedim\u0173 per\u017ei\u016bra<\/li>\n<li>Dienos, savait\u0117s tvarkara\u0161\u010diai tiksliai valdo veikimo re\u017eimus, tod\u0117l nereikia bijoti, kad naudotojas k\u0105 nors pamir\u0161.<\/li>\n<\/ul>\n<p>&nbsp;<\/p>\n<p>&nbsp;<\/p>\n<p>&nbsp;<\/p>\n<p><a href=\"https:\/\/pvgroup.pl\/en\/wp-content\/Uploads\/2022\/12\/TCL-heat-pump-controller-pvgroup.webp\"><img decoding=\"async\" class=\"size-full wp-image-34128 aligncenter\" src=\"https:\/\/pvgroup.pl\/wp-content\/uploads\/2022\/12\/Sterownik-pompa-ciepla-TCL-pvgroup.webp\" sizes=\"(max-width: 596px) 100vw, 596px\" srcset=\"https:\/\/pvgroup.pl\/wp-content\/uploads\/2022\/12\/Sterownik-pompa-ciepla-TCL-pvgroup.webp 596w, https:\/\/pvgroup.pl\/wp-content\/uploads\/2022\/12\/Sterownik-pompa-ciepla-TCL-pvgroup-297x300.webp 297w, https:\/\/pvgroup.pl\/wp-content\/uploads\/2022\/12\/Sterownik-pompa-ciepla-TCL-pvgroup-100x100.webp 100w\" alt=\"TCL heat pump controller pvgroup.pl\" width=\"596\" height=\"602\" \/><\/a><\/p>\n<p><img decoding=\"async\" src=\"https:\/\/pvgroup.pl\/wp-content\/uploads\/2022\/12\/Certyfikat-pompa-12-16.webp\" alt=\"Pump certificate 12-16\" \/><\/p>","protected":false},"excerpt":{"rendered":"<ul class=\"highlights\">\n<li class=\"highlight-item\">\u00b7\u00a03 zon\u0173 temp. Kontrol\u0117<\/li>\n<li class=\"highlight-item\">\u00b7\u00a0Didelis efektyvumas: did\u017eiausias SCOP iki 5,07<\/li>\n<li class=\"highlight-item\">\u00b7\u00a0Maks. LWT 65 \u2103<\/li>\n<li class=\"highlight-item\">\u00b7\u00a0Ma\u017eas triuk\u0161mas: 35 dB(A) 3 m atstumu<\/li>\n<li class=\"highlight-item\">\u00b7\u00a0ES reikalavimus atitinkantis R32: ma\u017eas GWP\/0 ODP<\/li>\n<li class=\"highlight-item\">\u00b7\u00a0Internetin\u0117 paslauga<\/li>\n<li class=\"highlight-item\">\u00b7\u00a0Nuotolinis steb\u0117jimas<\/li>\n<\/ul>\n<table class=\"woocommerce-product-attributes shop_attributes\">\n<tbody>\n<tr class=\"woocommerce-product-attributes-item woocommerce-product-attributes-item--attribute_pa_eer-cop\">\n<th class=\"woocommerce-product-attributes-item__label\">EER\/COP<\/th>\n<td class=\"woocommerce-product-attributes-item__value\">3.75\/4.75<\/td>\n<\/tr>\n<tr class=\"woocommerce-product-attributes-item woocommerce-product-attributes-item--attribute_pa_wifi-valdymas\">\n<th class=\"woocommerce-product-attributes-item__label\">WiFi valdymas<\/th>\n<td class=\"woocommerce-product-attributes-item__value\">Taip<\/td>\n<\/tr>\n<tr class=\"woocommerce-product-attributes-item woocommerce-product-attributes-item--attribute_pa_sildymo-galia\">\n<th class=\"woocommerce-product-attributes-item__label\">\u0160ildymo galia<\/th>\n<td class=\"woocommerce-product-attributes-item__value\">14.0 kW<\/td>\n<\/tr>\n<tr class=\"woocommerce-product-attributes-item woocommerce-product-attributes-item--attribute_pa_spalva\">\n<th class=\"woocommerce-product-attributes-item__label\">Prek\u0117s spalva<\/th>\n<td class=\"woocommerce-product-attributes-item__value\">Balta<\/td>\n<\/tr>\n<\/tbody>\n<\/table>","protected":false},"featured_media":6478,"template":"","meta":{"om_disable_all_campaigns":false,"_monsterinsights_skip_tracking":false,"_monsterinsights_sitenote_active":false,"_monsterinsights_sitenote_note":"","_monsterinsights_sitenote_category":0},"product_brand":[],"product_cat":[48],"product_tag":[282,281,292,293],"class_list":{"0":"post-6488","1":"product","2":"type-product","3":"status-publish","4":"has-post-thumbnail","6":"product_cat-silumos-siurbliai-oras-vanduo","7":"product_tag-oras-vanduo-tcl","8":"product_tag-silumos-siurblys-oras-vanduo-split-tcl","9":"product_tag-tcl-tri-thermal-silumos-siurblys-oras-vanduo-split-thfld-14s-6hbp-a-thf-14s-hbpo-a-smkld-14s-6hbp-a-14-0-kw","10":"product_tag-thfld-14s-6hbp-a-thf-14s-hbpo-a-smkld-14s-6hbp-a","11":"pa_boileris-be-boilerio","12":"pa_galingumas-14-kw","13":"pa_wifi-valdymas-taip","15":"first","16":"outofstock","17":"sale","18":"shipping-taxable","19":"purchasable","20":"product-type-simple"},"aioseo_notices":[],"_links":{"self":[{"href":"https:\/\/izopaga.lt\/en\/wp-json\/wp\/v2\/product\/6488","targetHints":{"allow":["GET"]}}],"collection":[{"href":"https:\/\/izopaga.lt\/en\/wp-json\/wp\/v2\/product"}],"about":[{"href":"https:\/\/izopaga.lt\/en\/wp-json\/wp\/v2\/types\/product"}],"wp:featuredmedia":[{"embeddable":true,"href":"https:\/\/izopaga.lt\/en\/wp-json\/wp\/v2\/media\/6478"}],"wp:attachment":[{"href":"https:\/\/izopaga.lt\/en\/wp-json\/wp\/v2\/media?parent=6488"}],"wp:term":[{"taxonomy":"product_brand","embeddable":true,"href":"https:\/\/izopaga.lt\/en\/wp-json\/wp\/v2\/product_brand?post=6488"},{"taxonomy":"product_cat","embeddable":true,"href":"https:\/\/izopaga.lt\/en\/wp-json\/wp\/v2\/product_cat?post=6488"},{"taxonomy":"product_tag","embeddable":true,"href":"https:\/\/izopaga.lt\/en\/wp-json\/wp\/v2\/product_tag?post=6488"}],"curies":[{"name":"wp","href":"https:\/\/api.w.org\/{rel}","templated":true}]}}