{"id":6509,"date":"2025-01-16T16:53:50","date_gmt":"2025-01-16T14:53:50","guid":{"rendered":"https:\/\/izopaga.lt\/?post_type=product&#038;p=6509"},"modified":"2025-01-16T17:15:33","modified_gmt":"2025-01-16T15:15:33","slug":"samsung-oras-vanduo-silumos-siurblys-su-integruotu-200l-talpos-boileriu-ae200rnwseg-eu-ae060rxedeg-eu-60-kw","status":"publish","type":"product","link":"https:\/\/izopaga.lt\/en\/produktai\/samsung-oras-vanduo-silumos-siurblys-su-integruotu-200l-talpos-boileriu-ae200rnwseg-eu-ae060rxedeg-eu-60-kw\/","title":{"rendered":"Samsung oras-vanduo \u0161ilumos siurblys su integruotu 200l talpos boileriu AE200RNWSEG\/EU AE060RXEDEG\/EU 6,0 kW"},"content":{"rendered":"<div class=\"aem-GridColumn aem-GridColumn--default--12\">\n<section class=\"section in-view\">\n<div class=\"pdp-header pdp-header--is-not-modal\">\n<div class=\"pdp-header__inner\">\n<div class=\"pdp-header__images\">\n<div class=\"pdp-header__info\">\n<p class=\"pdp-header__info__fiche\"><span class=\"efficiency-aplus3\">A+++<\/span><\/p>\n<\/div>\n<\/div>\n<\/div>\n<\/div>\n<\/section>\n<\/div>\n<p>&nbsp;<\/p>\n<div class=\"aem-GridColumn aem-GridColumn--default--12\">\n<section class=\"section in-view\">\n<div class=\"pdp-header pdp-header--is-not-modal\">\n<div class=\"pdp-header__inner\">\n<div class=\"pdp-header__panel\">\n<div class=\"pdp-header__panel__inner\">\n<div class=\"pdp-header__panel__inner-headlines in-modal\">\n<h1>Split ClimateHub<\/h1>\n<p>M\u016bs\u0173 \u201eSamsung\u201c \u0161ilumos siurbliai efektyviai konvertuoja \u0161ilum\u0105 i\u0161 lauko oro \u012f \u0161ilum\u0105 patalpose per radiatorius, grindin\u012f \u0161ildym\u0105 ir kar\u0161t\u0105 vanden\u012f.<\/p>\n<p>\u0160ilumos siurblys yra ne\u012ftik\u0117tinai universalus, tod\u0117l puikiai tinka nepriklausomai nuo situacijos \u2013 tiek naujai statomuose, tiek renovuojamuose namuose,<\/p>\n<p>tiek kei\u010diant tradicin\u012f dujin\u012f vandens \u0161ildytuv\u0105.<\/p>\n<p>Jie taip pat tinka butuose, nes lauko \u012frenginiui reikia nedaug vietos.<\/p>\n<\/div>\n<p><strong>Kompakti\u0161kas \u012frenginio dydis<\/strong><\/p>\n<\/div>\n<\/div>\n<\/div>\n<\/div>\n<\/section>\n<\/div>\n<div class=\"aem-GridColumn aem-GridColumn--default--12\">\n<section class=\"section in-view\">\n<div id=\"\" class=\"tabs-carousel\">\n<div class=\"tabs-carousel__inner\">\n<div class=\"tabs-carousel__inner-wrapper\">\n<div class=\"swiper-container swiper-container-initialized swiper-container-horizontal swiper-container-pointer-events tabs-carousel__slides\">\n<div class=\"swiper-wrapper\">\n<div class=\"swiper-slide swiper-slide-active\">\n<div class=\"tabs-carousel__slide\">\n<div class=\"tabs-carousel__slide__content\">\n<div class=\"tabs-carousel__slide__image\"><img decoding=\"async\" class=\"tabs-carousel__slide__image__desktop\" src=\"https:\/\/samsung-climatesolutions.com\/content\/dam\/dtnl-aem-samsung-seace\/gb\/en-gb\/products\/features\/ehs\/split\/climatehub\/18_easy-installation\/dk-climatehub-introduction.png\/jcr:content\/renditions\/image-carousel.jpeg\" alt=\"Dk-climatehub-introduction.png\" \/><\/div>\n<\/div>\n<\/div>\n<\/div>\n<\/div>\n<\/div>\n<\/div>\n<\/div>\n<\/div>\n<\/section>\n<\/div>\n<div class=\"aem-GridColumn aem-GridColumn--default--12\">\n<section class=\"section in-view\">\n<div id=\"\" class=\"tabs-carousel\">\n<div class=\"tabs-carousel__inner\">\n<div class=\"tabs-carousel__inner-wrapper\">\n<div class=\"swiper-container swiper-container-initialized swiper-container-horizontal swiper-container-pointer-events tabs-carousel__slides\">\n<div class=\"swiper-wrapper\">\n<div class=\"swiper-slide swiper-slide-active\">\n<div class=\"tabs-carousel__slide\">\n<div class=\"tabs-carousel__slide__content\">\n<div class=\"tabs-carousel__slide__text-col\">\n<h4 class=\"tabs-carousel__slide__trumpet\">Lengvas \u012fdiegimas<\/h4>\n<h3 class=\"tabs-carousel__slide__headline\">Kompakti\u0161ka ir integruota konstrukcija<\/h3>\n<div class=\"tabs-carousel__slide__description rich-text\">Kompakti\u0161kas \u201eClimateHub Mono\u201c, \u201eSplit\u201c ir \u201eTDM Plus\u201c sistemas lengviau tvarkyti ir jos u\u017eima gerokai ma\u017eiau vietos,<\/div>\n<div class=\"tabs-carousel__slide__description rich-text\">tod\u0117l jas galima \u012frengti \u012fvairiausiose vietose, pavyzd\u017eiui, virtuv\u0117je ar pagalbin\u0117se patalpose, ir jas labai paprasta \u012frengti ir pri\u017ei\u016br\u0117ti.<\/div>\n<div class=\"tabs-carousel__slide__description rich-text\">\u012e rezervuar\u0105 integruotas vandens ruo\u0161imo \u012frenginys sujungia \u012fprastin\u012f vandens ruo\u0161imo \u012frengin\u012f arba valdymo rinkin\u012f,<\/div>\n<div class=\"tabs-carousel__slide__description rich-text\">didel\u012f 200 arba 260 litr\u0173 talpos kar\u0161to vandens rezervuar\u0105 ir dal\u012f vandens vamzd\u017ei\u0173.<\/div>\n<\/div>\n<\/div>\n<\/div>\n<\/div>\n<\/div>\n<\/div>\n<\/div>\n<\/div>\n<\/div>\n<\/section>\n<\/div>\n<div class=\"aem-GridColumn aem-GridColumn--default--12\">\n<section class=\"section in-view\">\n<div id=\"\" class=\"tabs-carousel\">\n<div class=\"tabs-carousel__inner\">\n<div class=\"tabs-carousel__inner-wrapper\">\n<div class=\"swiper-container swiper-container-initialized swiper-container-horizontal swiper-container-pointer-events tabs-carousel__slides\">\n<div class=\"swiper-wrapper\">\n<div class=\"swiper-slide swiper-slide-next\">\n<div class=\"tabs-carousel__slide\">\n<div class=\"tabs-carousel__slide__content\">\n<div class=\"tabs-carousel__slide__image\"><img fetchpriority=\"high\" decoding=\"async\" class=\"tabs-carousel__slide__image__desktop\" src=\"https:\/\/samsung-climatesolutions.com\/content\/dam\/dtnl-aem-samsung-seace\/gb\/en-gb\/products\/features\/ehs\/split\/climatehub\/20_convenient-control\/dk-convenient-control.png\/jcr:content\/renditions\/image-carousel.jpeg\" alt=\"Dk-convenient-control.png\" width=\"446\" height=\"446\" \/><\/div>\n<\/div>\n<\/div>\n<\/div>\n<\/div>\n<\/div>\n<\/div>\n<\/div>\n<\/div>\n<\/section>\n<\/div>\n<div class=\"aem-GridColumn aem-GridColumn--default--12\">\n<section class=\"section in-view\">\n<div id=\"\" class=\"tabs-carousel\">\n<div class=\"tabs-carousel__inner\">\n<div class=\"tabs-carousel__inner-wrapper\">\n<div class=\"swiper-container swiper-container-initialized swiper-container-horizontal swiper-container-pointer-events tabs-carousel__slides\">\n<div class=\"swiper-wrapper\">\n<div class=\"swiper-slide swiper-slide-next\">\n<div class=\"tabs-carousel__slide\">\n<div class=\"tabs-carousel__slide__content\">\n<div class=\"tabs-carousel__slide__text-col\">\n<h3 class=\"tabs-carousel__slide__headline\">Patogus ir intuityvus valdymas<\/h3>\n<\/div>\n<\/div>\n<\/div>\n<\/div>\n<\/div>\n<\/div>\n<\/div>\n<\/div>\n<\/div>\n<\/section>\n<\/div>\n<div class=\"aem-GridColumn aem-GridColumn--default--12\">\n<section class=\"section in-view\">\n<div id=\"\" class=\"tabs-carousel\">\n<div class=\"tabs-carousel__inner\">\n<div class=\"tabs-carousel__inner-wrapper\">\n<div class=\"swiper-container swiper-container-initialized swiper-container-horizontal swiper-container-pointer-events tabs-carousel__slides\">\n<div class=\"swiper-wrapper\">\n<div class=\"swiper-slide\">\n<div class=\"tabs-carousel__slide\">\n<div class=\"tabs-carousel__slide__content\">\n<div class=\"tabs-carousel__slide__image\"><img decoding=\"async\" class=\"tabs-carousel__slide__image__desktop\" src=\"https:\/\/samsung-climatesolutions.com\/content\/dam\/dtnl-aem-samsung-seace\/gb\/en-gb\/products\/features\/ehs\/split\/climatehub\/21_smart-connectivity\/dk-smart-connectivity.png\/jcr:content\/renditions\/image-carousel.jpeg\" alt=\"Dk-smart-connectivity.png\" width=\"400\" height=\"400\" \/><\/div>\n<\/div>\n<\/div>\n<\/div>\n<\/div>\n<\/div>\n<\/div>\n<\/div>\n<\/div>\n<\/section>\n<\/div>\n<div class=\"aem-GridColumn aem-GridColumn--default--12\">\n<section class=\"section in-view\">\n<div id=\"\" class=\"tabs-carousel\">\n<div class=\"tabs-carousel__inner\">\n<div class=\"tabs-carousel__inner-wrapper\">\n<div class=\"swiper-container swiper-container-initialized swiper-container-horizontal swiper-container-pointer-events tabs-carousel__slides\">\n<div class=\"swiper-wrapper\">\n<div class=\"swiper-slide\">\n<div class=\"tabs-carousel__slide\">\n<div class=\"tabs-carousel__slide__content\">\n<div class=\"tabs-carousel__slide__text-col\">\n<h4 class=\"tabs-carousel__slide__trumpet\">I\u0161manusis ry\u0161ys<\/h4>\n<h3 class=\"tabs-carousel__slide__headline\">Valdymas ir prie\u017ei\u016bra per \u201eSamsung SmartThings\u201c program\u0117l\u0119<\/h3>\n<\/div>\n<\/div>\n<\/div>\n<\/div>\n<\/div>\n<\/div>\n<\/div>\n<\/div>\n<\/div>\n<\/section>\n<\/div>\n<div class=\"aem-GridColumn aem-GridColumn--default--12\">\n<section class=\"section in-view\">\n<div id=\"\" class=\"tabs-carousel\">\n<div class=\"tabs-carousel__inner\">\n<div class=\"tabs-carousel__inner-wrapper\">\n<div class=\"swiper-container swiper-container-initialized swiper-container-horizontal swiper-container-pointer-events tabs-carousel__slides\">\n<div class=\"swiper-wrapper\">\n<div class=\"swiper-slide\">\n<div class=\"tabs-carousel__slide\">\n<div class=\"tabs-carousel__slide__content\">\n<div class=\"tabs-carousel__slide__image\"><img decoding=\"async\" class=\"tabs-carousel__slide__image__desktop\" src=\"https:\/\/samsung-climatesolutions.com\/content\/dam\/dtnl-aem-samsung-seace\/gb\/en-gb\/products\/features\/ehs\/split\/climatehub\/20_convenient-control\/dk-convenient-control-1.png\/jcr:content\/renditions\/image-carousel.jpeg\" alt=\"Dk-convenient-control-1.png\" width=\"452\" height=\"452\" \/><\/div>\n<\/div>\n<\/div>\n<\/div>\n<\/div>\n<\/div>\n<\/div>\n<\/div>\n<\/div>\n<\/section>\n<\/div>\n<div>\n<p>Ma\u017eai triuk\u0161mo keliantis veikimas<\/p>\n<p>Tylus veikimas<\/p>\n<\/div>\n<div>\n<p>Vandens talpykloje yra kar\u0161to buitinio vandens tiekimo sistema. J\u012f galima \u012fsigyti \u012fvairi\u0173 dyd\u017ei\u0173, tod\u0117l jis gali tilpti beveik bet kurioje erdv\u0117je.<\/p>\n<p>Taip pat galite rinktis pagal talp\u0105: \u201eSamsung ClimateHub\u201c si\u016blo rinktis 200 arba 260 litr\u0173 talpykl\u0105, tod\u0117l galite pasirinkti variant\u0105,<br \/>\ngeriau atitinkant\u012f j\u016bs\u0173 \u0161eimos dyd\u012f ir numatom\u0105 vandens suvartojim\u0105.<\/p>\n<p><img loading=\"lazy\" decoding=\"async\" class=\"alignnone\" src=\"https:\/\/samsung-climatesolutions.com\/content\/dam\/dtnl-aem-samsung-seace\/gb\/en-gb\/lifestyle\/products\/ehs\/dk-clima-home-multi-tdm-windfree.jpg\/jcr:content\/renditions\/image-visual.png\" alt=\"dk clima home multi tdm windfree\" width=\"1052\" height=\"507\" \/><\/p>\n<\/div>\n<p>&nbsp;<\/p>\n<table border=\"0\" cellspacing=\"0\" cellpadding=\"0\">\n<tbody>\n<tr>\n<th scope=\"row\">Vidinio bloko modelis<\/th>\n<td>AE200RNWSEG\/EU<\/td>\n<\/tr>\n<tr>\n<th scope=\"row\">I\u0161orinio bloko modelis<\/th>\n<td>AE060RXEDEG\/EU<\/td>\n<\/tr>\n<tr>\n<th scope=\"row\">Rekomenduojamos \u0161aldymo temperat\u016br\u0173 ribos, \u00b0C<\/th>\n<td>10~46<\/td>\n<\/tr>\n<tr>\n<th scope=\"row\">Rekomenduojamos \u0161ildymo temperat\u016br\u0173 ribos, \u00b0C<\/th>\n<td>-25~35<\/td>\n<\/tr>\n<tr>\n<th scope=\"row\">Rekomenduojamos temperat\u016br\u0173 ribos kar\u0161tam vandeniui ruo\u0161ti (air-to-water), \u00b0C<\/th>\n<td>-25~43<\/td>\n<\/tr>\n<tr>\n<th scope=\"row\">Elektros maitinimas, \u03a6\/V\/Hz<\/th>\n<td>1 \/ 220-240 \/ 50<\/td>\n<\/tr>\n<tr>\n<th scope=\"row\">Nominali \u0161ildymo galia, kW<\/th>\n<td>6<\/td>\n<\/tr>\n<tr>\n<th scope=\"row\">Nominali \u0161aldymo galia, kW<\/th>\n<td>6.5<\/td>\n<\/tr>\n<tr>\n<th scope=\"row\">\u0160ildymo galia, esant A35\u00b0C \/ W+18\u00b0C, kW<\/th>\n<td>6<\/td>\n<\/tr>\n<tr>\n<th scope=\"row\">\u0160aldymo galia, esant A35\u00b0C \/ W+18\u00b0C, kW<\/th>\n<td>6.5<\/td>\n<\/tr>\n<tr>\n<th scope=\"row\">\u0160ildymo galia, esant A2\u00b0C \/ W+35\u00b0C, kW<\/th>\n<td>5.2<\/td>\n<\/tr>\n<tr>\n<th scope=\"row\"><strong>\u0160ildymo galia, esant A7\u00b0C \/ W+55\u00b0C,\u00a0kW<\/strong><\/th>\n<td>5.2<\/td>\n<\/tr>\n<tr>\n<th scope=\"row\"><strong>\u0160ildymo galia, esant A-7\u00b0C \/ W+35\u00b0C, kW<\/strong><\/th>\n<td>5.5<\/td>\n<\/tr>\n<tr>\n<th scope=\"row\">\u0160ildymo galia, esant -15\u00b0C, kW<\/th>\n<td>5<\/td>\n<\/tr>\n<tr>\n<th scope=\"row\">\u0160ildymo galia, esant A-20\u00b0C \/ W+35\u00b0C, kW<\/th>\n<td>4.35<\/td>\n<\/tr>\n<tr>\n<th scope=\"row\">\u0160ildymo elektros s\u0105naudos, esant A35\u00b0C \/ W+18\u00b0C, kW<\/th>\n<td>1.22<\/td>\n<\/tr>\n<tr>\n<th scope=\"row\">\u0160aldymo elektros s\u0105naudos, esant A35\u00b0C \/ W+18\u00b0C, kW<\/th>\n<td>1.47<\/td>\n<\/tr>\n<tr>\n<th scope=\"row\">\u0160ildymo elektros s\u0105naudos, esant A-7\u00b0C \/ W+35\u00b0C, kW<\/th>\n<td>2<\/td>\n<\/tr>\n<tr>\n<th scope=\"row\">\u0160ildymo darbin\u0117 srov\u0117 esant A35\u00b0C \/ W+18\u00b0C, A<\/th>\n<td>5.6<\/td>\n<\/tr>\n<tr>\n<th scope=\"row\">\u0160aldymo darbin\u0117 srov\u0117 esant A35\u00b0C \/ W+18\u00b0C, A<\/th>\n<td>6.7<\/td>\n<\/tr>\n<tr>\n<th scope=\"row\">Vamzd\u017ei\u0173 ilgis ( laukas &#8211; vidus ), m<\/th>\n<td>30<\/td>\n<\/tr>\n<tr>\n<th scope=\"row\">Vamzd\u017ei\u0173 auk\u0161\u010di\u0173 skirtumas ( tarp ID \/ OD ), m<\/th>\n<td>20<\/td>\n<\/tr>\n<tr>\n<th scope=\"row\"><strong>\u0160altne\u0161io tipas<\/strong><\/th>\n<td>R32<\/td>\n<\/tr>\n<tr>\n<th scope=\"row\"><strong>\u0160altne\u0161io kiekis (\u2009gamykli\u0161kai u\u017epildyta\u2009),\u00a0kg\u2009\/\u2009tCO2e<\/strong><\/th>\n<td>1.2 \/ 0.81<\/td>\n<\/tr>\n<tr>\n<th scope=\"row\">\u012erenginio dalis, u\u017epildyta \u0161altne\u0161iu, m<\/th>\n<td>15<\/td>\n<\/tr>\n<tr>\n<th scope=\"row\">\u0160ildymo energijos klas\u0117 SCOP (35\u00b0C)<\/th>\n<td>A++<\/td>\n<\/tr>\n<tr>\n<th scope=\"row\">Boilerio energijos efektyvumo klas\u0117<\/th>\n<td>A+<\/td>\n<\/tr>\n<tr>\n<th scope=\"row\">Sezoninis \u0161aldymo naudingumo koeficientas, SEER<\/th>\n<td>4.73<\/td>\n<\/tr>\n<tr>\n<th scope=\"row\"><strong>\u0160ildymo naudingumo koeficientas, esant A35\u00b0C \/ W+18\u00b0C,\u00a0COP<\/strong><\/th>\n<td>4.92<\/td>\n<\/tr>\n<tr>\n<th scope=\"row\">\u0160aldymo naudingumo koeficientas, esant A35\u00b0C \/ W+18\u00b0C, EER<\/th>\n<td>4.42<\/td>\n<\/tr>\n<tr>\n<th scope=\"row\">\u0160ildymo naudingumo koeficientas, esant A2\u00b0C \/ W+35, COP<\/th>\n<td>3.51<\/td>\n<\/tr>\n<tr>\n<th scope=\"row\">\u0160ildymo naudingumo koeficientas, esant A7\u00b0C \/ W+55, COP<\/th>\n<td>2.87<\/td>\n<\/tr>\n<tr>\n<th scope=\"row\"><strong>\u0160ildymo naudingumo koeficientas, esant A-7\u00b0C \/ W+35\u00b0C,\u00a0COP<\/strong><\/th>\n<td>2.75<\/td>\n<\/tr>\n<tr>\n<th scope=\"row\">\u0160ildymo naudingumo koeficientas, esant -15\u00b0C, COP<\/th>\n<td>2.38<\/td>\n<\/tr>\n<tr>\n<th scope=\"row\">\u0160ildymo naudingumo koeficientas, esant A-20\u00b0C \/ W+35, COP<\/th>\n<td>2.21<\/td>\n<\/tr>\n<tr>\n<th scope=\"row\">Sezoninis \u0161ildymo naudingumo koeficientas (35\u00b0C), esant A35\u00b0C \/ W+18\u00b0C, SCOP<\/th>\n<td>4.58<\/td>\n<\/tr>\n<tr>\n<th scope=\"row\">Oro srautas ( \u0161aldymas ), m3\/min<\/th>\n<td>43<\/td>\n<\/tr>\n<tr>\n<th scope=\"row\">Vidinio bloko triuk\u0161mo lygis \/ garso sl\u0117gis ( \u0161aldymas \/ \u0161ildymas ), dB(A)<\/th>\n<td>26\/26<\/td>\n<\/tr>\n<tr>\n<th scope=\"row\">I\u0161orinio bloko triuk\u0161mo lygis \/ garso sl\u0117gis ( \u0161aldymas \/ \u0161ildymas ), dB(A)<\/th>\n<td>47\/47<\/td>\n<\/tr>\n<tr>\n<th scope=\"row\">Boilerio gabaritai ( plotis \/ auk\u0161tis \/ gylis ), mm<\/th>\n<td>595x1800x700<\/td>\n<\/tr>\n<tr>\n<th scope=\"row\">I\u0161orinio bloko gabaritai ( plotis \/ auk\u0161tis \/ gylis ), mm<\/th>\n<td>880x638x310<\/td>\n<\/tr>\n<tr>\n<th scope=\"row\">Boilerio svoris, kg<\/th>\n<td>136<\/td>\n<\/tr>\n<tr>\n<th scope=\"row\">I\u0161orinio bloko svoris, kg<\/th>\n<td>46.5<\/td>\n<\/tr>\n<tr>\n<th scope=\"row\">Skystos faz\u0117s vamzd\u017ei\u0173 skersmuo, \u03a6, mm ( inch )<\/th>\n<td>6.35 (1\/4&#8243;)<\/td>\n<\/tr>\n<tr>\n<th scope=\"row\">Duj\u0173 faz\u0117s vamzd\u017ei\u0173 skersmuo, \u03a6, mm ( inch )<\/th>\n<td>15.88 (5\/8&#8243;)<\/td>\n<\/tr>\n<tr>\n<th scope=\"row\">Vandens prijungimo vamzd\u017ei\u0173 skersmuo (in\/ou), \u03a6 mm<\/th>\n<td>28\/28<\/td>\n<\/tr>\n<tr>\n<th scope=\"row\">Vandens prijungimo vamzd\u017ei\u0173 skersmuo (kar\u0161tam vandeniui DHW), \u03a6 mm<\/th>\n<td>22\/22<\/td>\n<\/tr>\n<tr>\n<th scope=\"row\">Rekomenduojamas saugiklis, A<\/th>\n<td>20<\/td>\n<\/tr>\n<tr>\n<th scope=\"row\">PdesignH (LWT 35\u00b0C)<\/th>\n<td>6<\/td>\n<\/tr>\n<tr>\n<th scope=\"row\">Kompresoriaus tipas<\/th>\n<td>BLDC Twin Rotary<\/td>\n<\/tr>\n<tr>\n<th scope=\"row\">Kompresoriaus modelis<\/th>\n<td>UB4TN8200FE4SS<\/td>\n<\/tr>\n<tr>\n<th scope=\"row\">Kompresoriaus tepal\u0173 tipas<\/th>\n<td>POE<\/td>\n<\/tr>\n<tr>\n<th scope=\"row\">Kar\u0161to vandens talpos t\u016bris, L<\/th>\n<td>200<\/td>\n<\/tr>\n<tr>\n<th scope=\"row\">Maksimali vandens temperat\u016bra, \u00b0C<\/th>\n<td>70<\/td>\n<\/tr>\n<tr>\n<th scope=\"row\">Vandens sl\u0117gis (maksimalus), bar<\/th>\n<td>3<\/td>\n<\/tr>\n<tr>\n<th scope=\"row\">I\u0161sipl\u0117timo indas, L<\/th>\n<td>8<\/td>\n<\/tr>\n<tr>\n<th scope=\"row\">Integruotas t\u016brinis \u0161ildytuvas<\/th>\n<td>Yra<\/td>\n<\/tr>\n<\/tbody>\n<\/table>\n<p>&nbsp;<\/p>\n<div>\n<p>&nbsp;<\/p>\n<\/div>","protected":false},"excerpt":{"rendered":"<table class=\"woocommerce-product-attributes shop_attributes\">\n<tbody>\n<tr class=\"woocommerce-product-attributes-item woocommerce-product-attributes-item--attribute_pa_eer-cop\">\n<th class=\"woocommerce-product-attributes-item__label\">EER\/COP<\/th>\n<td class=\"woocommerce-product-attributes-item__value\">4.42\/4.92<\/td>\n<\/tr>\n<tr class=\"woocommerce-product-attributes-item woocommerce-product-attributes-item--attribute_pa_wifi-valdymas\">\n<th class=\"woocommerce-product-attributes-item__label\">WiFi valdymas<\/th>\n<td class=\"woocommerce-product-attributes-item__value\">Reikalingas priedas<\/td>\n<\/tr>\n<tr class=\"woocommerce-product-attributes-item woocommerce-product-attributes-item--attribute_pa_sildymo-galia\">\n<th class=\"woocommerce-product-attributes-item__label\">\u0160ildymo galia<\/th>\n<td class=\"woocommerce-product-attributes-item__value\">6.0 kW<\/td>\n<\/tr>\n<tr class=\"woocommerce-product-attributes-item woocommerce-product-attributes-item--attribute_pa_spalva\">\n<th class=\"woocommerce-product-attributes-item__label\">Prek\u0117s spalva<\/th>\n<td class=\"woocommerce-product-attributes-item__value\">Balta<\/td>\n<\/tr>\n<\/tbody>\n<\/table>\n<p>&nbsp;<\/p>","protected":false},"featured_media":6413,"template":"","meta":{"om_disable_all_campaigns":false,"_monsterinsights_skip_tracking":false,"_monsterinsights_sitenote_active":false,"_monsterinsights_sitenote_note":"","_monsterinsights_sitenote_category":0},"product_brand":[],"product_cat":[48],"product_tag":[177,249,319,320,318],"class_list":{"0":"post-6509","1":"product","2":"type-product","3":"status-publish","4":"has-post-thumbnail","6":"product_cat-silumos-siurbliai-oras-vanduo","7":"product_tag-0-kw","8":"product_tag-istrinti-termina-samsung-oras-vanduo-6ilumos-siurblys-samsung-oras-vanduo-silumos-siurblys","9":"product_tag-oras-vanduo-silumos-siurblys-samsung","10":"product_tag-samsung-6-kw-oras-vanduo","11":"product_tag-samsung-oras-vanduo-silumos-siurblys-su-integruotu-200l-talpos-boileriu-ae200rnwseg-eu-ae060rxedeg-eu-6","12":"pa_boileris-su-boileriu","13":"pa_galingumas-6-0-kw","14":"pa_wifi-valdymas-reikalingas-priedas","16":"first","17":"instock","18":"sale","19":"shipping-taxable","20":"purchasable","21":"product-type-simple"},"aioseo_notices":[],"_links":{"self":[{"href":"https:\/\/izopaga.lt\/en\/wp-json\/wp\/v2\/product\/6509","targetHints":{"allow":["GET"]}}],"collection":[{"href":"https:\/\/izopaga.lt\/en\/wp-json\/wp\/v2\/product"}],"about":[{"href":"https:\/\/izopaga.lt\/en\/wp-json\/wp\/v2\/types\/product"}],"wp:featuredmedia":[{"embeddable":true,"href":"https:\/\/izopaga.lt\/en\/wp-json\/wp\/v2\/media\/6413"}],"wp:attachment":[{"href":"https:\/\/izopaga.lt\/en\/wp-json\/wp\/v2\/media?parent=6509"}],"wp:term":[{"taxonomy":"product_brand","embeddable":true,"href":"https:\/\/izopaga.lt\/en\/wp-json\/wp\/v2\/product_brand?post=6509"},{"taxonomy":"product_cat","embeddable":true,"href":"https:\/\/izopaga.lt\/en\/wp-json\/wp\/v2\/product_cat?post=6509"},{"taxonomy":"product_tag","embeddable":true,"href":"https:\/\/izopaga.lt\/en\/wp-json\/wp\/v2\/product_tag?post=6509"}],"curies":[{"name":"wp","href":"https:\/\/api.w.org\/{rel}","templated":true}]}}