{"id":6536,"date":"2025-01-30T15:12:37","date_gmt":"2025-01-30T13:12:37","guid":{"rendered":"https:\/\/izopaga.lt\/?post_type=product&#038;p=6536"},"modified":"2025-03-07T09:33:42","modified_gmt":"2025-03-07T07:33:42","slug":"panasonic-silumos-siurblys-oras-vanduo-aquarea-t-cap-9kw-su-integruotu-boileriu-185l-wh-adc0916h9e8-wh-ux09he8-9kw","status":"publish","type":"product","link":"https:\/\/izopaga.lt\/en\/produktai\/panasonic-silumos-siurblys-oras-vanduo-aquarea-t-cap-9kw-su-integruotu-boileriu-185l-wh-adc0916h9e8-wh-ux09he8-9kw\/","title":{"rendered":"PANASONIC \u0160ilumos siurblys oras-vanduo Aquarea T-Cap 9kW su integruotu Boileriu 185L WH-ADC0916H9E8 \/ WH-UX09HE8  9kW"},"content":{"rendered":"<p><strong>Aquarea T-CAP\u00a0\u0161ilumos siurbli\u0173 linija palaiko pastovi\u0105 nominali\u0105 \u0161ildymo gali\u0105 lauko temperat\u016brai nukritus iki -7\u00b0C ar net iki -20\u00b0C be elektrinio teno pagalbos.\u00a0T-CAP serijos \u0161ilumos siurblius\u00a0ypa\u010d rekomenduojame tuomet, kai \u0161ilumos siurblys bus vienintelis \u0161ilumos \u0161altinis.<\/strong><\/p>\n<div>\n<h3>Kaip Aquarea T-CAP palaiko na\u0161um\u0105 net -20\u00b0C lauke.<\/h3>\n<p>D\u0117l efektyvaus \u0161altne\u0161io valdymo per m\u016bs\u0173 unikal\u0173 dviej\u0173 vamzd\u017ei\u0173 \u0161ilumokait\u012f ir aplinkkel\u012f Aquarea T-CAP u\u017etikrina stabil\u0173 \u0161ildym\u0105 net -20\u00b0C temperat\u016broje.<\/p>\n<p><b>Dviej\u0173 vamzd\u017ei\u0173 \u0161ilumokaitis.<\/b><br \/>\n\u017demo sl\u0117gio ir \u017eemos temperat\u016bros \u0161altne\u0161is vidiniame vamzdyje.<\/p>\n<\/div>\n<h2><img decoding=\"async\" id=\"campo_2_90845\" class=\"img-fluid\" src=\"https:\/\/cdn.aircon.panasonic.eu\/uploads\/__\/clima_happenings\/2020\/WH\/WH%20AQ%20T-CAP\/WH_PANASONIC_AQUAREA_T-CAP_06.jpg\" \/><\/h2>\n<div class=\"trans_original admin_fix_row\">\n<div class=\"row template class_template_admin template-21\">\n<div class=\"col-md-12 span12\"><\/div>\n<\/div>\n<\/div>\n<div class=\"trans_original admin_fix_row\">\n<div class=\"row template template-1px-black class_template_admin template-1\">\n<div class=\"col-md-4 span4\">\n<div class=\"\"><\/div>\n<\/div>\n<\/div>\n<\/div>\n<h2><strong>Aquarea T-CAP 9kW Viskas viename \u0161ilumos siurblys\u00a0 su R410A \u0161altne\u0161iu<\/strong><\/h2>\n<p><strong>T-CAP serijos \u0161ilumos siurbliai<\/strong>\u00a0\u00a0yra \u012frenginiai, idealiai tinkantys energij\u0105 taupantiems namams, tiek vienam, tiek daugiabu\u010diams. Skirtas modernizuoti ir naudojamas naujose patalpose. Prietaisai u\u017etikrina tinkam\u0105 temperat\u016br\u0105 namuose ir kar\u0161t\u0105 vanden\u012f net esant labai \u017eemai lauko temperat\u016brai,\u00a0\u00a0<strong>net iki -28\u00b0C<\/strong> . Auk\u0161tos kokyb\u0117s komponentus suk\u016br\u0117 ir pagamino Panasonic, tod\u0117l siurblio veikimas yra tiesiog patikimas. \u00a0<strong>R410A \u0161altne\u0161is<\/strong>\u00a0, kur\u012f sudaro R32 (50%) ir R125 (50%) mi\u0161inys.<\/p>\n<p><img decoding=\"async\" src=\"https:\/\/cdn.aircon.panasonic.eu\/uploads\/__\/clima_happenings\/2020\/WH\/WH%20AQ%20T-CAP\/WH_PANASONIC_AQUAREA_T-CAP_03.jpg\" \/><\/p>\n<p>&nbsp;<\/p>\n<p><strong>Didelis efektyvumas ir energijos taupymas.<\/strong><\/p>\n<p>\u0160ilumos siurblys naudoja novatori\u0161k\u0105 ir itin efektyvi\u0105\u00a0\u00a0<strong>oras-vanduo technologij\u0105<\/strong>\u00a0. \u0160i technologija leid\u017eia \u0161ilumos siurbliui surinkti ir panaudoti \u0161ilumin\u0119 energij\u0105 i\u0161 mus supan\u010dio oro. Tokiu b\u016bdu m\u016bs\u0173 vandeniui ir namams \u0161ildyti \u012frenginys sunaudoja iki 80 % energijos. Trumpai tariant, tai yra\u00a0\u00a0<strong>iki 80% nemokamos energijos<\/strong>\u00a0, tod\u0117l labai sutaupome m\u016bs\u0173 nam\u0173 \u016bkio i\u0161laid\u0173. D\u0117l didelio efektyvumo ir energijos taupymo \u0161ilumos siurblys i\u0161skiria\u00a0\u00a0<strong>minimalias CO2 emisijas<\/strong>\u00a0, tod\u0117l m\u016bs\u0173 namas bus ne tik ekonomi\u0161kas, bet ir ekologi\u0161kas bei draugi\u0161kas aplinkai. B\u016bkime EKO!<\/p>\n<p><img decoding=\"async\" src=\"https:\/\/multi-eko.pl\/img\/cms\/pompy-ciepla-panasonic\/oszczednosc.png\" alt=\"\" width=\"90\" height=\"83\" \/>\u00a0 \u00a0 \u00a0 \u00a0 \u00a0 \u00a0 \u00a0<img decoding=\"async\" src=\"https:\/\/multi-eko.pl\/img\/cms\/pompy-ciepla-panasonic\/zmniejszczenie-sladu-weglowego.png\" alt=\"\" width=\"86\" height=\"76\" \/>\u00a0 \u00a0\u00a0\u00a0 \u00a0 \u00a0 \u00a0 \u00a0<img decoding=\"async\" src=\"https:\/\/multi-eko.pl\/img\/cms\/pompy-ciepla-panasonic\/system-do-twoich-potrzeb.png\" alt=\"\" width=\"80\" height=\"74\" \/><\/p>\n<p>&nbsp;<\/p>\n<p><strong>Nuotolinis \u0161ilumos siurblio valdymas \u201eAquarea Smart Club\u201c.<\/strong><\/p>\n<p><strong>Kas yra \u201eAquarea Smart Club\u201c?<\/strong>\u00a0\u00a0Tai i\u0161mani, pa\u017eangi debes\u0173 paslauga, kurios d\u0117ka gal\u0117site nuotoliniu b\u016bdu valdyti \u0161ilumos siurblio darb\u0105 i\u0161 savo i\u0161maniojo telefono, ne\u0161iojamojo kompiuterio ar plan\u0161etinio kompiuterio, keisti pvz., kambario ar vandens temperat\u016br\u0105, nustatyti darbo grafik\u0105 ar steb\u0117ti energij\u0105 vartojimo. J\u016bs turite visi\u0161k\u0105 kontrol\u0119 7 dienas per savait\u0119, 24 valandas per par\u0105, nepaisant to, kur \u0161iuo metu esate.\u00a0\u00a0<strong>Interneto modulis CZ-TAWI1 \u012f komplekt\u0105 ne\u012feina.<\/strong><\/p>\n<p><strong>\u00a0 \u00a0 \u00a0 \u00a0 \u00a0 \u00a0 \u00a0 \u00a0 \u00a0 \u00a0 \u00a0 \u00a0 \u00a0 \u00a0 \u00a0 \u00a0\u00a0<img loading=\"lazy\" decoding=\"async\" src=\"https:\/\/multi-eko.pl\/img\/cms\/smartfon.jpg\" alt=\"\" width=\"225\" height=\"225\" \/>\u00a0 \u00a0 \u00a0<img loading=\"lazy\" decoding=\"async\" src=\"https:\/\/multi-eko.pl\/img\/cms\/tablet.jpg\" alt=\"\" width=\"231\" height=\"231\" \/><\/strong><\/p>\n<p>&nbsp;<\/p>\n<p>&nbsp;<\/p>\n<p>&nbsp;<\/p>\n<h3>Svarbiausios \u201ePanasonic Aquarea T-CAP All In One\u201c 9kW KIT-AXC09HE8 \u0161ilumos siurblio savyb\u0117s ir privalumai<\/h3>\n<ul>\n<li>Didelis efektyvumas ir energijos taupymas<\/li>\n<li>\u017demas triuk\u0161mo lygis<\/li>\n<li>Ma\u017eos CO2 emisijos<\/li>\n<li>Energijos klas\u0117 A++<\/li>\n<li>Speciali programin\u0117 \u012franga, skirta energij\u0105 taupantiems namams, minimali i\u0161\u0117jimo temperat\u016bra: 20\u00b0C<\/li>\n<li>Veikia itin \u017eemoje temperat\u016broje, iki -28\u00b0C<\/li>\n<li>Lengvas montavimas ir prie\u017ei\u016bra<\/li>\n<li>Debes\u0173 nuotolinio valdymo pultas (b\u016btinas CZ-TAW1 modulis)<\/li>\n<li>Automatinis oro valymo vo\u017etuvas<\/li>\n<li>Maksimali hidraulinio modulio i\u0161\u0117jimo temperat\u016bra: 60\u00b0C<\/li>\n<li>Ner\u016bdijan\u010dio plieno bakas, talpa 185 l<\/li>\n<\/ul>\n<p><img loading=\"lazy\" decoding=\"async\" class=\"\" src=\"https:\/\/oromeistras.lt\/img\/cms\/dorado\/product\/12-kW-T-CAP-Bi-Bloc-H%20-Panasonic-AQUAREA-oromeistras.png\" alt=\"\" width=\"724\" height=\"882\" \/><\/p>\n<p>&nbsp;<\/p>\n<table>\n<tbody>\n<tr>\n<td>\u0160ildymo galia esant +7 \u00b0C (vandens \u0161ildymas iki 35 \u00b0C)<\/td>\n<td><\/td>\n<td>kW<\/td>\n<td>9,00<\/td>\n<\/tr>\n<tr>\n<td>COP esant +7 \u00b0C (vandens \u0161ildymas iki 35 \u00b0C)<\/td>\n<td><\/td>\n<td>W\/W<\/td>\n<td>4,84<\/td>\n<\/tr>\n<tr>\n<td>\u0160ildymo galia esant +2 \u00b0C (vandens \u0161ildymas iki 35 \u00b0C)<\/td>\n<td><\/td>\n<td>kW<\/td>\n<td>9,00<\/td>\n<\/tr>\n<tr>\n<td>COP esant +2 \u00b0C (vandens \u0161ildymas iki 35 \u00b0C)<\/td>\n<td><\/td>\n<td>W\/W<\/td>\n<td>3,59<\/td>\n<\/tr>\n<tr>\n<td>\u0160ildymo galia esant -7 \u00b0C (vandens \u0161ildymas iki 35 \u00b0C)<\/td>\n<td><\/td>\n<td>kW<\/td>\n<td>9,00<\/td>\n<\/tr>\n<tr>\n<td>COP esant -7 \u00b0C (vandens \u0161ildymas iki 35 \u00b0C)<\/td>\n<td><\/td>\n<td>W\/W<\/td>\n<td>2,85<\/td>\n<\/tr>\n<tr>\n<td>\u0160ildymo galia esant -15 \u00b0C (vandens \u0161ildymas iki 35 \u00b0C)<\/td>\n<td><\/td>\n<td>kW<\/td>\n<td>9,00<\/td>\n<\/tr>\n<tr>\n<td>COP esant -15 \u00b0C (vandens \u0161ildymas iki 35 \u00b0C)<\/td>\n<td><\/td>\n<td>W\/W<\/td>\n<td>2,56<\/td>\n<\/tr>\n<tr>\n<td>V\u0117sinimo galia esant 35 \u00b0C (vandens v\u0117sinimas iki 7\/12 \u00b0C)<\/td>\n<td><\/td>\n<td>kW<\/td>\n<td>7,00<\/td>\n<\/tr>\n<tr>\n<td>EER esant 35 \u00b0C (vandens v\u0117sinimas iki 7\/12 \u00b0C)<\/td>\n<td><\/td>\n<td>W\/W<\/td>\n<td>3,17<\/td>\n<\/tr>\n<tr>\n<td>Energijos naudojimo efektyvumo klas\u0117 esant at 35 \u00b0C\u00b9 \/ 55 \u00b0C\u00b9 \/ DHW\u00b2<\/td>\n<td><\/td>\n<td><\/td>\n<td>A++\/A++\/A<\/td>\n<\/tr>\n<tr>\n<td>Sistemos etiket\u0117 35 \u00b0C \/ 55 \u00b0C\u00b3<\/td>\n<td><\/td>\n<td><\/td>\n<td>A+++\/A++<\/td>\n<\/tr>\n<tr>\n<td><strong>Vidaus blokas<\/strong><\/td>\n<td colspan=\"3\"><strong>WH-ADC0916H9E8<\/strong><\/td>\n<\/tr>\n<tr>\n<td>Garso sl\u0117gio lygis<\/td>\n<td>\u0160ildymas \/ v\u0117sinimas<\/td>\n<td>dB(A)<\/td>\n<td>33 \/ 33<\/td>\n<\/tr>\n<tr>\n<td>Matmenys \/ grynasis svoris<\/td>\n<td>Auk\u0161tis \u00d7 Plotis \u00d7 Gylis<\/td>\n<td>mm \/ kg<\/td>\n<td>1.800 x 598 x 717 \/ 126<\/td>\n<\/tr>\n<tr>\n<td>Vandens vamzd\u017eio jungtis<\/td>\n<td><\/td>\n<td>Col.<\/td>\n<td>R 1 \u00bc<\/td>\n<\/tr>\n<tr>\n<td rowspan=\"2\">A klas\u0117s siurblys<\/td>\n<td>Grei\u010di\u0173 skai\u010dius<\/td>\n<td><\/td>\n<td>Kintamas greitis<\/td>\n<\/tr>\n<tr>\n<td>\u012evesties galia (min. \/ maks.)<\/td>\n<td>W<\/td>\n<td>36 \/ 152<\/td>\n<\/tr>\n<tr>\n<td>\u0160ildomo vandens srautas (\u2206T=5 K. 35 \u00b0C)<\/td>\n<td><\/td>\n<td>l\/min.<\/td>\n<td>25,80<\/td>\n<\/tr>\n<tr>\n<td>Integruoto elektrinio \u0161ildytuvo galia<\/td>\n<td><\/td>\n<td>kW<\/td>\n<td>9<\/td>\n<\/tr>\n<tr>\n<td>Rekomenduojamas saugiklis<\/td>\n<td><\/td>\n<td>A<\/td>\n<td>20 \/ 20<\/td>\n<\/tr>\n<tr>\n<td>Rekomenduojamas kabelio dydis, tiekimas 1 ir 2<\/td>\n<td><\/td>\n<td>mm\u00b2<\/td>\n<td>5 x 1,5 \/ 5 x 1,5<\/td>\n<\/tr>\n<tr>\n<td>Vandens t\u016bris<\/td>\n<td><\/td>\n<td>l<\/td>\n<td>185<\/td>\n<\/tr>\n<tr>\n<td>Maksimali vandens temperat\u016bra<\/td>\n<td><\/td>\n<td>\u00b0C<\/td>\n<td>65<\/td>\n<\/tr>\n<tr>\n<td>Med\u017eiaga rezervuaro viduje<\/td>\n<td><\/td>\n<td><\/td>\n<td>Ner\u016bdijantis plienas<\/td>\n<\/tr>\n<tr>\n<td><strong>I\u0161or\u0117s blokas<\/strong><\/td>\n<td colspan=\"3\"><strong>WH-UX09HE8<\/strong><\/td>\n<\/tr>\n<tr>\n<td>Garso sl\u0117gio lygis<\/td>\n<td>\u0160ildymas \/ v\u0117sinimas<\/td>\n<td>dB(A)<\/td>\n<td>51 \/ 49<\/td>\n<\/tr>\n<tr>\n<td>Matmenys \/ svoris<\/td>\n<td>Auk\u0161tis \u00d7 Plotis \u00d7 Gylis<\/td>\n<td>mm \/ kg<\/td>\n<td>1.340 x 900 x 320 \/ 108<\/td>\n<\/tr>\n<tr>\n<td>\u0160aldalas (R410A)<\/td>\n<td><\/td>\n<td>kg \/ TCO2<br \/>\nEq.<\/td>\n<td>2,85 \/ 5,951<\/td>\n<\/tr>\n<tr>\n<td>Vamzd\u017eio skersmuo<\/td>\n<td>Skys\u010dio vamzdis \/ duj\u0173 vamzdis<\/td>\n<td>Col. (mm)<\/td>\n<td>3\/8 (9,52) \/ 5\/8 (15,88)<\/td>\n<\/tr>\n<tr>\n<td colspan=\"2\">Vamzd\u017eio ilgio diapazonas \/ pakilimo skirtumas (\u012f\u0117j.\/i\u0161\u0117j.)<\/td>\n<td>m<\/td>\n<td>3 ~ 30 \/ 20<\/td>\n<\/tr>\n<tr>\n<td colspan=\"2\">Vamzd\u017eio ilgis papildomoms dujoms \/ papildom\u0173 duj\u0173 kiekis<\/td>\n<td>m \/ g\/m<\/td>\n<td>10 \/ 50<\/td>\n<\/tr>\n<tr>\n<td>Veikimo diapazonas<\/td>\n<td>I\u0161or\u0117s aplinka<\/td>\n<td>\u00b0C<\/td>\n<td>-28 ~ +35<\/td>\n<\/tr>\n<tr>\n<td>Paduodama temperat\u016bra<\/td>\n<td>\u0160ildymas \/ v\u0117sinimas<\/td>\n<td>\u00b0C<\/td>\n<td>25 ~ 60 \/ 5 ~ 20<\/td>\n<\/tr>\n<\/tbody>\n<\/table>","protected":false},"excerpt":{"rendered":"<ul>\n<li><strong>-7\u00b0C ar net iki -20\u00b0C be elektrinio teno pagalbos T-CAP<\/strong><\/li>\n<li>Didelis efektyvumas ir energijos taupymas<\/li>\n<li>\u017demas triuk\u0161mo lygis<\/li>\n<li>Ma\u017eos CO2 emisijos<\/li>\n<li>Energijos klas\u0117 A++<\/li>\n<li>Speciali programin\u0117 \u012franga, skirta energij\u0105 taupantiems namams, minimali i\u0161\u0117jimo temperat\u016bra: 20\u00b0C<\/li>\n<li>Veikia itin \u017eemoje temperat\u016broje, iki -28\u00b0C<\/li>\n<li>Lengvas montavimas ir prie\u017ei\u016bra<\/li>\n<li>Debes\u0173 nuotolinio valdymo pultas (b\u016btinas CZ-TAW1 modulis)<\/li>\n<li>Automatinis oro valymo vo\u017etuvas<\/li>\n<li>Maksimali hidraulinio modulio i\u0161\u0117jimo temperat\u016bra: 60\u00b0C<\/li>\n<li>Ner\u016bdijan\u010dio plieno bakas, talpa 185 l<\/li>\n<\/ul>\n<table class=\"woocommerce-product-attributes shop_attributes\">\n<tbody>\n<tr class=\"woocommerce-product-attributes-item woocommerce-product-attributes-item--attribute_pa_eer-cop\">\n<th class=\"woocommerce-product-attributes-item__label\">EER\/COP<\/th>\n<td class=\"woocommerce-product-attributes-item__value\">3.17\/4.84<\/td>\n<\/tr>\n<tr class=\"woocommerce-product-attributes-item woocommerce-product-attributes-item--attribute_pa_wifi-valdymas\">\n<th class=\"woocommerce-product-attributes-item__label\">WiFi valdymas<\/th>\n<td class=\"woocommerce-product-attributes-item__value\">Taip<\/td>\n<\/tr>\n<tr class=\"woocommerce-product-attributes-item woocommerce-product-attributes-item--attribute_pa_sildymo-galia\">\n<th class=\"woocommerce-product-attributes-item__label\">\u0160ildymo galia<\/th>\n<td class=\"woocommerce-product-attributes-item__value\">9.00 kW<\/td>\n<\/tr>\n<tr class=\"woocommerce-product-attributes-item woocommerce-product-attributes-item--attribute_pa_spalva\">\n<th class=\"woocommerce-product-attributes-item__label\">Prek\u0117s spalva<\/th>\n<td class=\"woocommerce-product-attributes-item__value\">Balta \/Balta<\/td>\n<\/tr>\n<\/tbody>\n<\/table>","protected":false},"featured_media":6547,"template":"","meta":{"om_disable_all_campaigns":false,"_monsterinsights_skip_tracking":false,"_monsterinsights_sitenote_active":false,"_monsterinsights_sitenote_note":"","_monsterinsights_sitenote_category":0},"product_brand":[],"product_cat":[48],"product_tag":[326,264,324,332,331],"class_list":{"0":"post-6536","1":"product","2":"type-product","3":"status-publish","4":"has-post-thumbnail","6":"product_cat-silumos-siurbliai-oras-vanduo","7":"product_tag-9-kw-tcap","8":"product_tag-panasonic-oras-vanduo","9":"product_tag-panasonic-silumos-siurblys-oras-vanduo-aquarea-t-cap","10":"product_tag-t-cap-9kw","11":"product_tag-wh-adc0916h9e8-wh-ux09he8","12":"pa_boileris-su-boileriu","13":"pa_galingumas-9-0-kw","14":"pa_wifi-valdymas-reikalingas-priedas","16":"first","17":"instock","18":"sale","19":"shipping-taxable","20":"purchasable","21":"product-type-simple"},"aioseo_notices":[],"_links":{"self":[{"href":"https:\/\/izopaga.lt\/en\/wp-json\/wp\/v2\/product\/6536","targetHints":{"allow":["GET"]}}],"collection":[{"href":"https:\/\/izopaga.lt\/en\/wp-json\/wp\/v2\/product"}],"about":[{"href":"https:\/\/izopaga.lt\/en\/wp-json\/wp\/v2\/types\/product"}],"wp:featuredmedia":[{"embeddable":true,"href":"https:\/\/izopaga.lt\/en\/wp-json\/wp\/v2\/media\/6547"}],"wp:attachment":[{"href":"https:\/\/izopaga.lt\/en\/wp-json\/wp\/v2\/media?parent=6536"}],"wp:term":[{"taxonomy":"product_brand","embeddable":true,"href":"https:\/\/izopaga.lt\/en\/wp-json\/wp\/v2\/product_brand?post=6536"},{"taxonomy":"product_cat","embeddable":true,"href":"https:\/\/izopaga.lt\/en\/wp-json\/wp\/v2\/product_cat?post=6536"},{"taxonomy":"product_tag","embeddable":true,"href":"https:\/\/izopaga.lt\/en\/wp-json\/wp\/v2\/product_tag?post=6536"}],"curies":[{"name":"wp","href":"https:\/\/api.w.org\/{rel}","templated":true}]}}