{"id":6592,"date":"2025-02-21T15:01:16","date_gmt":"2025-02-21T13:01:16","guid":{"rendered":"https:\/\/izopaga.lt\/?post_type=product&#038;p=6592"},"modified":"2025-02-21T15:04:21","modified_gmt":"2025-02-21T13:04:21","slug":"heiko-thermal-plus-12kw-silumos-siurblys-oras-vanduo-monoblokas-su-integruotu-boileriu-250-l","status":"publish","type":"product","link":"https:\/\/izopaga.lt\/en\/produktai\/heiko-thermal-plus-12kw-silumos-siurblys-oras-vanduo-monoblokas-su-integruotu-boileriu-250-l\/","title":{"rendered":"HEIKO THERMAL PLUS 12kW \u0161ilumos siurblys oras-vanduo monoblokas su integruotu boileriu 250 L"},"content":{"rendered":"<h4 style=\"font-weight: 500;\"><b><strong>HEIKO THERMAL PLUS 12kW \u0161ilumos siurblys oras-vanduo monoblokas su integruotu boileriu 250L<\/strong><\/b><\/h4>\n<ul>\n<li style=\"font-weight: 400;\">Du mai\u0161ymo kont\u016brai valdo skirtingas \u0161ildymo zonas<\/li>\n<li style=\"font-weight: 400;\">Paduodamo vandens temperat\u016bros reguliavimas pagal lauko temperat\u016br\u0105 automati\u0161kai<\/li>\n<li style=\"font-weight: 400;\">Lengvas valdymas su BMS sistema<\/li>\n<li style=\"font-weight: 400;\">\u012erenginys gali automati\u0161kai perjungti darbo re\u017eim\u0105 pagal aplinkos temperat\u016br\u0105<\/li>\n<li style=\"font-weight: 400;\">Vandens temperat\u016bros reguliavimas taupant energij\u0105 ir suma\u017einant triuk\u0161m\u0105<\/li>\n<li style=\"font-weight: 400;\">Nuotolinio valdymo pultas, lengvas aptarnavimas<\/li>\n<\/ul>\n<section id=\"shopify-section-template--17904134586635__a443cee9-28f7-4426-99c1-34760cc36307\" class=\"shopify-section section\">\n<div class=\"isolate\">\n<div class=\"rich-text content-container color-background-1 gradient rich-text--full-width content-container--full-width section-template--17904134586635__a443cee9-28f7-4426-99c1-34760cc36307-padding\">\n<div class=\"rich-text__wrapper rich-text__wrapper--left page-width\">\n<div class=\"rich-text__blocks left\">\n<div class=\"rich-text__text rte\">THERMAL Plus monoblokai \u0161ilumos siurbliai \u2013 tai energij\u0105 taupantys \u012frenginiai, kurie ima energij\u0105 i\u0161 oro ir naudoja j\u0105 pastato \u0161ildymui ar v\u0117sinimui bei \u0161ildomam vandens ruo\u0161imui. Jie gali b\u016bti naudojami tiek individualiuose namuose, tiek komerciniuose pastatuose. Heiko \u0161ilumos siurbliai yra pa\u017eang\u016bs \u012frenginiai, garantuojantys efektyv\u0173 ir saug\u0173 darb\u0105.<\/div>\n<\/div>\n<\/div>\n<\/div>\n<\/div>\n<\/section>\n<p><img decoding=\"async\" src=\"https:\/\/www.manosiluma.lt\/image\/catalog\/silumos-siurbliai\/Heiko\/Heiko-award_keymark.jpg\" \/><\/p>\n<p style=\"font-weight: 400;\">THERMAL Plus \u0161ilumos siurbliai turi\u00a0<b><strong>KEYMARK<\/strong><\/b>\u00a0sertifikat\u0105. Tai Europos \u017eenklas, patvirtinantis gamini\u0173 ir paslaug\u0173 atitikt\u012f Europos standartams. Nors CE \u017eenklas \u012frodo atitikt\u012f minimaliems teisiniams reikalavimams, KEYMARK suteikia vartotojui tikr\u0105 prid\u0117tin\u0119 vert\u0119: patikrint\u0105 ir sertifikuot\u0105 vienod\u0173 Europos kokyb\u0117s standart\u0173 laikym\u0105si.<\/p>\n<p style=\"font-weight: 400;\">Produktas gali b\u016bti pa\u017eym\u0117tas KEYMARK tik tuo atveju, jei jis buvo anks\u010diau i\u0161bandytas ir sertifikuotas neutralios, nepriklausomos ir kompetentingos institucijos.<\/p>\n<p><img decoding=\"async\" src=\"https:\/\/www.manosiluma.lt\/image\/catalog\/silumos-siurbliai\/Heiko\/bafa_heiko.png\" \/><\/p>\n<p style=\"font-weight: 400;\">Heiko \u0161ilumos siurbliai yra \u012ftraukti \u012f Vokietijos\u00a0<b><strong>BAFA<\/strong><\/b>\u00a0finansavimo s\u0105ra\u0161\u0105. Jie yra pagrindinis Vokietijos tvarios energijos gamybos ir aplinkos apsaugos strategijos elementas. D\u0117l didelio efektyvumo ir minimalaus poveikio nat\u016braliai aplinkai jie yra patraukli alternatyva tradicin\u0117ms \u0161ildymo sistemoms, pagr\u012fstoms i\u0161kastinio kuro deginimu. Tod\u0117l juos perkant galima tik\u0117tis patraukli\u0173 finansini\u0173 paskat\u0173 i\u0161 Vokietijos vyriausyb\u0117s program\u0173.<\/p>\n<p><img decoding=\"async\" src=\"https:\/\/www.manosiluma.lt\/image\/cache\/catalog\/silumos-siurbliai\/Heiko\/Heiko-THERMAL-PLUS-silumos-siurbliai-oras-vanduo-500x500.png\" alt=\"HEIKO_THERMAL_PLUS_6kW\" \/><img decoding=\"async\" src=\"https:\/\/ventilatie-recuperare.ro\/wp-content\/uploads\/2022\/12\/pompa-caldura-heiko-thermal-plus-mic-458x458.jpg\" alt=\"Pompa de caldura aer-apa HEIKO Thermal Plus 15 kW, monobloc\" \/><\/p>\n<p style=\"font-weight: 400;\">D\u0117l turim\u0173 finansavimo program\u0173 Vokietija tampa vis patrauklesne \u0161ilumos siurbli\u0173 k\u016brimo ir naudojimo rinka. Did\u017eiul\u0117\u00a0<b><strong>BAFA<\/strong><\/b>\u00a0finansavimo programos s\u0117km\u0117\u00a0tai tik patvirtina. HEIKO yra patikrintas pasirinkimas Europos rinkoje.<\/p>\n<p style=\"font-weight: 400;\"><b><strong>Hidraulinis modulis \u2013 VISKAS VIENAME<\/strong><\/b><\/p>\n<p style=\"font-weight: 400;\">Kompakti\u0161kos konstrukcijos hidraulinis modulis su integruotu 250 litr\u0173 kar\u0161to vandens<br \/>\nrezervuaru yra paruo\u0161tas naudoti. Joki\u0173 papildom\u0173 sistemos komponent\u0173<br \/>\npirkti nereikia, o kar\u0161to vandens rezervuaro montavimui nereikia papildomos vietos. Modulis<br \/>\nleid\u017eia lengvai ir saugiai prijungti hidraulines jungtis.<\/p>\n<p style=\"font-weight: 400;\"><b><strong>Du \u0161ildymo kont\u016brai<\/strong><\/b><\/p>\n<p style=\"font-weight: 400;\">Standartinis THERMAL Plus \u0161ilumos siurblys gali b\u016bti sukonfig\u016bruotas taip, kad<br \/>\ntuo pa\u010diu metu tiekt\u0173 skirtingas \u0161ilumos apkrovas, pvz., radiatorin\u0119 patalp\u0173 \u0161ildymo sistem\u0105 ir grind\u0173<br \/>\n\u0161ildymo sistem\u0105. Su dviem \u0161ildymo kont\u016brais temperat\u016bra skirtingomis \u0161ilumos apkrovomis<br \/>\ngali b\u016bti valdoma atskirai; Prakti\u0161kai<br \/>\nradiatoriams ir grind\u0173 \u0161ildymui galima nustatyti skirtingus temperat\u016bros nustatymus.<\/p>\n<p style=\"font-weight: 400;\"><b><strong>Platus temperat\u016bros diapazonas \u2013 patikimas veikimas visomis s\u0105lygomis<\/strong><\/b><\/p>\n<p style=\"font-weight: 400;\">Heiko \u0161ilumos siurbliai yra patikimi \u012frenginiai, kurie veikia nuo -25\u00b0C lauke ir gali<br \/>\n\u0161ildyti kar\u0161t\u0105 vanden\u012f iki 55\u00b0C.<\/p>\n<p style=\"font-weight: 400;\"><b><strong>Wi-Fi valdymas<\/strong><\/b><\/p>\n<p style=\"font-weight: 400;\">Standartinis Wi-Fi valdymas pagerina Heiko \u0161ilumos siurbli\u0173 valdymo komfort\u0105<br \/>\n. Lengva ir intuityvi program\u0117l\u0117 mobiliesiems \u012frenginiams leid\u017eia steb\u0117ti \u012frenginio b\u016bsen\u0105,<br \/>\nrodyti esamas energijos s\u0105naudas ir keisti temperat\u016bros nustatymus.<\/p>\n<p style=\"font-weight: 400;\"><b><strong>Modernus valdymo pultas<\/strong><\/b><\/p>\n<p style=\"font-weight: 400;\">Integruotas valdymo pultas leid\u017eia lengvai ir greitai pakeisti veikimo parametrus. Valdiklio meniu galimas keliomis kalbomis.<\/p>\n<p style=\"font-weight: 400;\"><b><strong>Tylus veikimas<\/strong><\/b><\/p>\n<p style=\"font-weight: 400;\">\u0160ilumos siurbliai Heiko THERMAL Plus turi nuolatin\u0117s srov\u0117s varikli\u0173 ventiliatorius, gerai gars\u0105 izoliuojant\u012f \u0161altne\u0161io kompresori\u0173 ir optimizuot\u0105 oro ventiliatoriaus konstrukcij\u0105, u\u017etikrinan\u010di\u0105 labai tyl\u0173 darb\u0105 jau esant 52 dB(A). \u012erenginiai taip pat gali veikti tyliu re\u017eimu, kad b\u016bt\u0173 patogiau dirbant ar ilsintis.<\/p>\n<p style=\"font-weight: 400;\"><b><strong>Automatinis or\u0173 valdymas<\/strong><\/b><\/p>\n<p style=\"font-weight: 400;\">\u0160ilumos siurbliai Heiko THERMAL veikia automatiniu procesu, valdomu pagal oro temperat\u016bros kreives. Prakti\u0161kai tai rei\u0161kia, kad \u0161ilumos siurblio veikimas automati\u0161kai pritaikomas prie esam\u0173 oro s\u0105lyg\u0173 be jokio \u017emogaus \u012fsiki\u0161imo.<\/p>\n<p style=\"font-weight: 400;\"><b><strong>Da\u017enio keitiklio technologija<\/strong><\/b><\/p>\n<p style=\"font-weight: 400;\">Da\u017enio keitiklio technologija leid\u017eia ekonomi\u0161kai efektyviai eksploatuoti \u0161ilumos siurbl\u012f be staigi\u0173 kompresoriaus \u012ftampos da\u017enio \u0161uoli\u0173. Tai u\u017etikrina energijos taupym\u0105 ir tyl\u0173 veikim\u0105. \u012erenginiai turi A+++ energetin\u012f \u012fvertinim\u0105.<\/p>\n<h3><\/h3>\n<h3>PRIVALUMAI<\/h3>\n<table width=\"100%\">\n<tbody>\n<tr>\n<td><img decoding=\"async\" id=\"my2\" src=\"https:\/\/swatt.pl\/img\/cms\/Pompy%20ciep%C5%82a\/HEIKO\/IKONY%20ZALET\/modul_hydrauliczny@350x.png\" alt=\"Piktograma: \u012fmontuotas bakas\" width=\"76\" height=\"76\" \/><\/td>\n<td><strong>Integruotas kar\u0161to vandens bakas (250l)<br \/>\n<\/strong><\/td>\n<\/tr>\n<tr>\n<td><img decoding=\"async\" id=\"my3\" src=\"https:\/\/swatt.pl\/img\/cms\/Pompy%20ciep%C5%82a\/HEIKO\/IKONY%20ZALET\/dwa_obiegi_grzewcze@350x.png\" alt=\"Piktograma: \u0161ildymo kont\u016brai\" width=\"76\" height=\"76\" \/><\/td>\n<td><strong>Du \u0161ildymo kont\u016brai<br \/>\n<\/strong><\/td>\n<\/tr>\n<tr>\n<td><img decoding=\"async\" id=\"my6\" src=\"https:\/\/swatt.pl\/img\/cms\/Pompy%20ciep%C5%82a\/HEIKO\/IKONY%20ZALET\/szeroki_zakres@350x.png\" alt=\"Piktograma: temperat\u016bra\" width=\"76\" height=\"76\" \/><\/td>\n<td><strong>Platus temperat\u016bros diapazonas<br \/>\n<\/strong><\/td>\n<\/tr>\n<tr>\n<td><img loading=\"lazy\" decoding=\"async\" id=\"my8\" src=\"https:\/\/swatt.pl\/img\/cms\/Pompy%20ciep%C5%82a\/HEIKO\/IKONY%20ZALET\/wifi@350x.png\" alt=\"Piktograma: \u201eWi-Fi\u201c.\" width=\"76\" height=\"76\" \/><\/td>\n<td><strong>\u201eWi-Fi\u201c valdikliai<br \/>\n<\/strong><\/td>\n<\/tr>\n<tr>\n<td><img loading=\"lazy\" decoding=\"async\" id=\"my9\" src=\"https:\/\/swatt.pl\/img\/cms\/Pompy%20ciep%C5%82a\/HEIKO\/IKONY%20ZALET\/panel_ster@350x.png\" alt=\"Piktograma: Valdymo skydas\" width=\"76\" height=\"76\" \/><\/td>\n<td><strong>Modernus valdymo pultas<br \/>\n<\/strong><\/td>\n<\/tr>\n<tr>\n<td><img loading=\"lazy\" decoding=\"async\" id=\"my11\" src=\"https:\/\/swatt.pl\/img\/cms\/Pompy%20ciep%C5%82a\/HEIKO\/IKONY%20ZALET\/sterowanie_pogodowe@350x.png\" alt=\"Piktograma: Oras\" width=\"76\" height=\"76\" \/><\/td>\n<td><strong>Automatinis or\u0173 valdymas<br \/>\n<\/strong><\/td>\n<\/tr>\n<tr>\n<td><img loading=\"lazy\" decoding=\"async\" id=\"my12\" src=\"https:\/\/swatt.pl\/img\/cms\/Pompy%20ciep%C5%82a\/HEIKO\/IKONY%20ZALET\/cicha_praca@350x.png\" alt=\"Piktograma: Tyli tiesa\" width=\"76\" height=\"76\" \/><\/td>\n<td><strong>Tylus veikimas<br \/>\n<\/strong><\/td>\n<\/tr>\n<tr>\n<td><img loading=\"lazy\" decoding=\"async\" id=\"my13\" src=\"https:\/\/swatt.pl\/img\/cms\/Pompy%20ciep%C5%82a\/HEIKO\/IKONY%20ZALET\/tech_inwerterowa@350x.png\" alt=\"Piktograma: technologija\" width=\"76\" height=\"76\" \/><\/td>\n<td><strong>Inverterio technologija<br \/>\n<\/strong><\/td>\n<\/tr>\n<tr>\n<td><img loading=\"lazy\" decoding=\"async\" class=\"\" src=\"https:\/\/afd-marketing.velux.com\/-\/media\/marketing\/lt\/images\/garantija\/id10168043-garantija-5-metu-lt-940x470.png?iar=0&amp;cc=grid_4&amp;key=1689586920\" alt=\"VELUX 5 metu garantija\" width=\"252\" height=\"126\" \/><\/td>\n<td><strong>5 met\u0173 garantija. *Privaloma atlikti aptarnavim\u0105 vien\u0105 kart \u012f metus \/ kasmet.<\/strong><\/td>\n<\/tr>\n<\/tbody>\n<\/table>\n<p><img decoding=\"async\" src=\"https:\/\/www.manosiluma.lt\/image\/catalog\/silumos-siurbliai\/Heiko\/heiko-thermal-plius-viskas-viename-250l-silumos-siurblis-oras-vanduo-charakteristikos.jpg.jpg\" \/><\/p>","protected":false},"excerpt":{"rendered":"<p><strong>Padalintos konstrukcijos \u0161ilumos siurblys su integruotu 250 litr\u0173 kar\u0161to vandens baku yra patikimas ir efektyvus \u0161ildymo ir kar\u0161to vandens tiekimo variantas. Viet\u0105 taupantis ir lengvai montuojamas \u2013 idealus pasirinkimas j\u016bs\u0173 namams<\/strong><\/p>\n<p><strong>&#8211; \u0160ildymas ir v\u0117sinimas viename<\/strong><\/p>\n<p><strong>&#8211; 2 \u0161ildymo kont\u016brai<\/strong><\/p>\n<p><strong>&#8211; inverteri\u0173 technologija<\/strong><\/p>\n<p><strong>&#8211; 250 litr\u0173 kar\u0161to vandens bakas<\/strong><\/p>\n<p><strong>&#8211; or\u0173 automatika<\/strong><\/p>\n<p><strong>&#8211; Wi-Fi valdymas<\/strong><\/p>\n<p><strong>&#8211; Modernus valdymo pultas<\/strong><\/p>\n<p><strong>&#8211; Mitsubishi arba Panasonic kompresoriai<\/strong><\/p>","protected":false},"featured_media":6583,"template":"","meta":{"om_disable_all_campaigns":false,"_monsterinsights_skip_tracking":false,"_monsterinsights_sitenote_active":false,"_monsterinsights_sitenote_note":"","_monsterinsights_sitenote_category":0},"product_brand":[],"product_cat":[48],"product_tag":[346,345,343,349,350],"class_list":{"0":"post-6592","1":"product","2":"type-product","3":"status-publish","4":"has-post-thumbnail","6":"product_cat-silumos-siurbliai-oras-vanduo","7":"product_tag-heiko-monoblokas","8":"product_tag-heiko-ras-vanduo","9":"product_tag-heiko-silumos-siurblys-oras-vanduo-monoblokas","10":"product_tag-heiko-thermal-plus-12kw","11":"product_tag-heiko-thermal-plus-12kw-silumos-siurblys-oras-vanduo-monoblokas-su-integruotu-boileriu-250-l","12":"pa_boileris-su-boileriu","13":"pa_galingumas-12-kw","14":"pa_wifi-valdymas-taip","16":"first","17":"instock","18":"sale","19":"shipping-taxable","20":"purchasable","21":"product-type-simple"},"aioseo_notices":[],"_links":{"self":[{"href":"https:\/\/izopaga.lt\/en\/wp-json\/wp\/v2\/product\/6592","targetHints":{"allow":["GET"]}}],"collection":[{"href":"https:\/\/izopaga.lt\/en\/wp-json\/wp\/v2\/product"}],"about":[{"href":"https:\/\/izopaga.lt\/en\/wp-json\/wp\/v2\/types\/product"}],"wp:featuredmedia":[{"embeddable":true,"href":"https:\/\/izopaga.lt\/en\/wp-json\/wp\/v2\/media\/6583"}],"wp:attachment":[{"href":"https:\/\/izopaga.lt\/en\/wp-json\/wp\/v2\/media?parent=6592"}],"wp:term":[{"taxonomy":"product_brand","embeddable":true,"href":"https:\/\/izopaga.lt\/en\/wp-json\/wp\/v2\/product_brand?post=6592"},{"taxonomy":"product_cat","embeddable":true,"href":"https:\/\/izopaga.lt\/en\/wp-json\/wp\/v2\/product_cat?post=6592"},{"taxonomy":"product_tag","embeddable":true,"href":"https:\/\/izopaga.lt\/en\/wp-json\/wp\/v2\/product_tag?post=6592"}],"curies":[{"name":"wp","href":"https:\/\/api.w.org\/{rel}","templated":true}]}}