{"id":6681,"date":"2025-04-10T09:02:00","date_gmt":"2025-04-10T06:02:00","guid":{"rendered":"https:\/\/izopaga.lt\/?post_type=product&#038;p=6681"},"modified":"2025-04-10T09:11:22","modified_gmt":"2025-04-10T06:11:22","slug":"inventor-dark-oras-oras-silumos-siurblys-oro-kondicionierius-dr2vi32-18wfi-dr2vo32-18-50-kw","status":"publish","type":"product","link":"https:\/\/izopaga.lt\/en\/produktai\/inventor-dark-oras-oras-silumos-siurblys-oro-kondicionierius-dr2vi32-18wfi-dr2vo32-18-50-kw\/","title":{"rendered":"Inventor Dark oras-oras \u0161ilumos siurblys \/ oro kondicionierius DR2VI32-18WFI\/ DR2VO32-18 5,0 kW"},"content":{"rendered":"<section id=\"5-year-warranty\" class=\"fasa fasa-dark p-top\">\n<div class=\"lazyload image-wrapper bg-cover v-flex lg600 md600 sm450 xs300 b-loaded\">\n<div class=\"the-container-lg hidden-sm hidden-xs\">\n<div class=\"the-content col-md-push-1 col-md-5 col-xs-12 trans-bg\">\n<h2 style=\"text-align: left;\">5 met\u0173 garantija visiems Inventor oro kondicionieriams BE PAPILDOM\u0172 S\u0104LYG\u0172<\/h2>\n<p style=\"text-align: left;\"><a href=\"https:\/\/izopaga.lt\/wp-content\/uploads\/2025\/04\/5mgaranttija-1.png\"><img fetchpriority=\"high\" decoding=\"async\" class=\"alignnone size-medium wp-image-6628\" src=\"https:\/\/izopaga.lt\/wp-content\/uploads\/2025\/04\/5mgaranttija-1-300x251.png\" alt=\"\" width=\"300\" height=\"251\" \/><\/a><\/p>\n<h1>Nauja Dark serija su jonizatoriumi, novatori\u0161ku dizainu, \u0391+++ energijos klase, 4 kryp\u010di\u0173 oro srautu ir belaid\u017eiu internetu!<\/h1>\n<ul>\n<li>Maksimali apsauga nuo mikrob\u0173, bakterij\u0173 ir virus\u0173 d\u0117l integruoto Aqua Ionizer<\/li>\n<li>\u012esp\u016bdingas dizainas, atnaujinantis kiekvien\u0105 viet\u0105<\/li>\n<li>Energijos taupymas ir puikus na\u0161umas su A +++ energijos klase<\/li>\n<li>Tolygus oro paskirstymas ir subalansuota temperat\u016bra d\u0117l 4 kryp\u010di\u0173 oro srauto<\/li>\n<li>Visi\u0161kas patogumas nustatant oro kondicionieri\u0173, kad ir kur b\u016btum\u0117te d\u0117l i\u0161maniojo nuotolinio valdymo per Wi-Fi<\/li>\n<\/ul>\n<p style=\"text-align: left;\"><img decoding=\"async\" class=\"\" src=\"https:\/\/ac.inv-static.com\/images\/Eurovent\/EUROVENT.png\" alt=\"Eurovent&quot;\" width=\"378\" height=\"137\" \/><\/p>\n<h2 style=\"text-align: left;\">Eurovent sertifikatas<\/h2>\n<p style=\"text-align: left;\">\u201eInventor\u201c oro kondicionieriai yra sertifikuoti EUROVENT d\u0117l j\u0173 didelio na\u0161umo, technini\u0173 charakteristik\u0173, \u012fskaitant energijos suvartojim\u0105 ir triuk\u0161mo lyg\u012f.<\/p>\n<h2>Auk\u0161tos kokyb\u0117s \u0161varus oras j\u016bs\u0173 vietoje!<\/h2>\n<p>\u012esp\u016bding\u0173 estetini\u0173 oro kondicionieri\u0173 serija \u201eDark\u201c, parduodama 9.000\/12.000\/18.000\/24.000 btu, u\u017etikrina geriausias s\u0105lygas j\u016bs\u0173 nam\u0173 aplinkoje, u\u017etikrindamas saugum\u0105 jums ir j\u016bs\u0173 artimiesiems. D\u0117l \u012fmontuoto galingo vandens jonizatoriaus, kuris nat\u016braliai ir efektyviai pa\u0161alina kenksmingas pl\u016bduriuojan\u010dias daleles, tokias kaip mikrobai, bakterijos, virusai, \u017eiedadulk\u0117s, d\u016bmai, dulk\u0117s, kvapai ir kt., r\u016bpinasi ne tik idealia temperat\u016bra. ne tik j\u016bs\u0173 vietoje, bet ir j\u016bs\u0173 sveikatai, apsaugant jus nuo nepalanki\u0173 aplinkos s\u0105lyg\u0173. Tuo pa\u010diu metu novatori\u0161kas juodo veidrod\u017eio dizainas, b\u016bdingas vidaus blokui, garantuoja absoliut\u0173 j\u016bs\u0173 vietos estetikos atnaujinim\u0105 ir pritaikym\u0105 bet kokiai dekoracijai, kuri\u0105 norite suteikti savo namams. Auk\u0161ta A+++ serijos energijos klas\u0117 prisideda prie absoliutaus energijos taupymo, tuo pa\u010diu u\u017etikrinant \u012fsp\u016bding\u0105 na\u0161um\u0105 net pa\u010diomis sud\u0117tingiausiomis s\u0105lygomis, taip pat galimyb\u0119 valdyti \u201eWi-Fi\u201c ry\u0161\u012f, kad ir kur b\u016btum\u0117te i\u0161 savo i\u0161maniojo telefono ar plan\u0161etinio kompiuterio. Vienodas 4 kryp\u010di\u0173 oro srautas u\u017etikrina tobul\u0105 temperat\u016bros balans\u0105 kiekvienoje vietos dalyje, tolygiai perne\u0161damas or\u0105 horizontaliu ir vertikaliu ventiliacijos s\u016bpuokli\u0173 judesiu.<\/p>\n<div class=\"mb40 p-xs-16 fasa\" style=\"text-align: left;\">\n<div class=\"mb40 p-xs-16 fasa\">\n<div>Funkcijos \/ Technologijos<\/div>\n<\/div>\n<div class=\"row1 equal-heights-container\">\n<div class=\"usp-tertiary mb40 equal-heights-item col-sm-offset-0 col-xs-offset-2 col-sm-4 col-xs-8\">\n<div class=\"\">\n<div>\n<h5 class=\"like-uppercase\">Nuotolinis \u012fjungimas \/ i\u0161jungimas<\/h5>\n<p>I\u0161 anksto \u012fdiegto \u012fjungimo ir i\u0161jungimo kontakto teikiam\u0173 parink\u010di\u0173 \u012fvairov\u0117 leid\u017eia lanks\u010diai valdyti oro kondicionierius, taupant laik\u0105 ir energij\u0105. Sumontuokite dur\u0173 jungikl\u012f arba nuotolinius jungiklius, kad gal\u0117tum\u0117te lengvai ir akimirksniu \u012fjungti arba i\u0161jungti \u012frenginius.<\/p>\n<\/div>\n<\/div>\n<\/div>\n<div class=\"usp-tertiary mb40 equal-heights-item col-sm-offset-0 col-xs-offset-2 col-sm-4 col-xs-8\">\n<div class=\"\">\n<div>\n<h5 class=\"like-uppercase\">Centrinis valdymas<\/h5>\n<p>Centralizuotas (iki 64 vidini\u0173 \u012frengini\u0173), registrat\u016bra, lietimui jautrus laidinis valdiklis, belaidis internetas ir daugelis kit\u0173.<\/p>\n<\/div>\n<\/div>\n<\/div>\n<div class=\"usp-tertiary mb40 equal-heights-item col-sm-offset-0 col-xs-offset-2 col-sm-4 col-xs-8\">\n<div class=\"\">\n<div>\n<h5 class=\"like-uppercase\">BMS ry\u0161ys<\/h5>\n<p>Papildykite savo prijungt\u0173 gamini\u0173 portfel\u012f integruodami \u201eInventor\u201c oro kondicionierius \u012f savo BMS (pastato valdymo sistem\u0105). Sukurkite integruot\u0105 ekosistem\u0105, apiman\u010di\u0105 oro kondicionavimo, v\u0117dinimo, ap\u0161vietimo ir apsaugos sistemas, visi\u0161kai suderintas su j\u016bs\u0173 pastato poreikiais. M\u0117gaukit\u0117s greitu, lengvu ir efektyviu vis\u0173 \u0161i\u0173 skirting\u0173 sistem\u0173 valdymu per centrin\u012f valdym\u0105 ir pasiekite optimal\u0173 efektyvum\u0105 bei komfort\u0105 savo pastate. *Reikia atskirai \u012fsigyti prijungimo rinkin\u012f<\/p>\n<\/div>\n<\/div>\n<\/div>\n<\/div>\n<div>\n<div class=\"row1 equal-heights-container\">\n<div class=\"usp-tertiary mb40 equal-heights-item col-sm-offset-0 col-xs-offset-2 col-sm-4 col-xs-8\">\n<div class=\"\">\n<div>\n<h5 class=\"like-uppercase\">Itin tylus re\u017eimas<\/h5>\n<p>\u012ejunkite itin tylaus veikimo re\u017eim\u0105 ir m\u0117gaukit\u0117s absoliu\u010dia tyla savo kambaryje.<\/p>\n<\/div>\n<\/div>\n<\/div>\n<div class=\"usp-tertiary mb40 equal-heights-item col-sm-offset-0 col-xs-offset-2 col-sm-4 col-xs-8\">\n<div class=\"\">\n<div>\n<h5 class=\"like-uppercase\">V\u0117sinimas esant \u017eemai aplinkos temperat\u016brai -20 \u00b0C<\/h5>\n<p>Ypatinga lauko bloko konstrukcija u\u017etikrina efektyv\u0173 ir veiksming\u0105 \u0161aldym\u0105 net -20 \u00b0C temperat\u016broje.<\/p>\n<\/div>\n<\/div>\n<\/div>\n<div class=\"usp-tertiary mb40 equal-heights-item col-sm-offset-0 col-xs-offset-2 col-sm-4 col-xs-8\">\n<div class=\"\">\n<div>\n<h5 class=\"like-uppercase\">\u0160ildymas esant \u017eemai aplinkos temperat\u016brai -20 \u00b0<\/h5>\n<p>Ypatinga lauko bloko konstrukcija u\u017etikrina efektyv\u0173 ir veiksming\u0105 \u0161ildym\u0105 net -20 \u00b0C temperat\u016broje.<\/p>\n<\/div>\n<\/div>\n<\/div>\n<\/div>\n<div class=\"row1 equal-heights-container\">\n<div class=\"usp-tertiary mb40 equal-heights-item col-sm-offset-0 col-xs-offset-2 col-sm-4 col-xs-8\">\n<div class=\"\">\n<div>\n<h5 class=\"like-uppercase\">Didelio tankio oro dulki\u0173 filtras<\/h5>\n<p>I\u0161skirtinis filtras optimizuoja filtravimo poveik\u012f 40 %. .<\/p>\n<\/div>\n<\/div>\n<\/div>\n<div class=\"usp-tertiary mb40 equal-heights-item col-sm-offset-0 col-xs-offset-2 col-sm-4 col-xs-8\">\n<div class=\"\">\n<div>\n<h5 class=\"like-uppercase\">24 valand\u0173 laikmatis<\/h5>\n<p>Nustatykite, kad \u012frenginys \u012fsijungt\u0173 ir i\u0161sijungt\u0173 automati\u0161kai per 24 val. laikotarp\u012f.<\/p>\n<\/div>\n<\/div>\n<\/div>\n<div class=\"usp-tertiary mb40 equal-heights-item col-sm-offset-0 col-xs-offset-2 col-sm-4 col-xs-8\">\n<div class=\"\">\n<div>\n<h5 class=\"like-uppercase\">Miego re\u017eimas<\/h5>\n<p>\u012ejungus miego re\u017eim\u0105, oro kondicionierius sureguliuoja kambario temperat\u016br\u0105, kad b\u016bt\u0173 u\u017etikrintos puikios miego s\u0105lygos ir sutaupyta daug energijos.<\/p>\n<\/div>\n<\/div>\n<\/div>\n<\/div>\n<div class=\"row1 equal-heights-container\">\n<div class=\"usp-tertiary mb40 equal-heights-item col-sm-offset-0 col-xs-offset-2 col-sm-4 col-xs-8\">\n<div class=\"\">\n<div>\n<h5 class=\"like-uppercase\">&#8222;Auto Swing&#8221; re\u017eimas<\/h5>\n<p>V\u0117s\u0173 arba \u0161ilt\u0105 or\u0105 paskirsto \u012f did\u017eiausi\u0105 plot\u0105 automati\u0161kai judindamas horizontalias sklendes.<\/p>\n<\/div>\n<\/div>\n<\/div>\n<div class=\"usp-tertiary mb40 equal-heights-item col-sm-offset-0 col-xs-offset-2 col-sm-4 col-xs-8\">\n<div class=\"\">\n<div>\n<h5 class=\"like-uppercase\">\u017daliuzi\u0173 pad\u0117ties atmintis<\/h5>\n<p>Horizontaliosios \u017ealiuz\u0117s automati\u0161kai persikels \u012f t\u0105 pa\u010di\u0105 pad\u0117t\u012f, kuri\u0105 nustat\u0117te paskutin\u012f kart\u0105 \u012fjung\u0119 \u012frengin\u012f.<\/p>\n<\/div>\n<\/div>\n<\/div>\n<div class=\"usp-tertiary mb40 equal-heights-item col-sm-offset-0 col-xs-offset-2 col-sm-4 col-xs-8\">\n<div class=\"\">\n<div>\n<h5 class=\"like-uppercase\">Apsaugos nuo \u0161alto oro funkcija<\/h5>\n<p>Patalp\u0173 ventiliatoriaus greitis automati\u0161kai reguliuojamas nuo \u017eemiausio laipsnio iki nustatymo laipsnio pagal garintuvo temperat\u016br\u0105, kai \u012frenginys pradeda \u0161ildymo operacij\u0105.<\/p>\n<\/div>\n<\/div>\n<\/div>\n<\/div>\n<div class=\"row1 equal-heights-container\">\n<div class=\"usp-tertiary mb40 equal-heights-item col-sm-offset-0 col-xs-offset-2 col-md-3 col-sm-6 col-xs-8\">\n<div class=\"\">\n<div>\n<h5 class=\"like-uppercase\">Turbo re\u017eimas<\/h5>\n<p>\u0160i funkcija tam tikram laikotarpiui padidina v\u0117sinimo ir \u0161ildymo gali\u0105 ir priver\u010dia kambar\u012f greitai atv\u0117sti arba su\u0161ilti.<\/p>\n<\/div>\n<\/div>\n<\/div>\n<div class=\"usp-tertiary mb40 equal-heights-item col-sm-offset-0 col-xs-offset-2 col-md-3 col-sm-6 col-xs-8\">\n<div class=\"\">\n<div>\n<h5 class=\"like-uppercase\">Automatinis paleidimas i\u0161 naujo<\/h5>\n<p>Jei oro kondicionierius netik\u0117tai sugenda d\u0117l elektros tiekimo nutraukimo tai bus i\u0161 naujo automati\u0161kai paleistas ankstesniu nustatymo re\u017eimu, kai tik maitinimas atsinaujins.<\/p>\n<\/div>\n<\/div>\n<\/div>\n<div class=\"usp-tertiary mb40 equal-heights-item col-sm-offset-0 col-xs-offset-2 col-md-3 col-sm-6 col-xs-8\">\n<div class=\"\">\n<div>\n<h5 class=\"like-uppercase\">Automatin\u0117 klaid\u0173 diagnostika<\/h5>\n<p>Kai ne\u012fprastas veikimas ar dali\u0173 gedimas \u012frenginys i\u0161sijungs automati\u0161kai. kad apsaugot\u0173 sistem\u0105. Tuo tarpu jis nurodys apsaugos arba klaidos kod\u0105 kad b\u016bt\u0173 galima greitai atlikti remont\u0105.<\/p>\n<\/div>\n<\/div>\n<\/div>\n<div class=\"usp-tertiary mb40 equal-heights-item col-sm-offset-0 col-xs-offset-2 col-md-3 col-sm-6 col-xs-8\">\n<div class=\"\">\n<div>\n<h5 class=\"like-uppercase\">\u0160aldymo skys\u010dio nuot\u0117kio aptikimas<\/h5>\n<p>Vidinis \u012frenginys rodys klaidos kod\u0105 &#8222;EC&#8221; ir automati\u0161kai sustos, kai bus aptiktas \u0161aldymo skys\u010dio nuot\u0117kis.<\/p>\n<\/div>\n<\/div>\n<\/div>\n<\/div>\n<div class=\"row1 equal-heights-container\">\n<div class=\"usp-tertiary mb40 equal-heights-item col-sm-offset-0 col-xs-offset-2 col-sm-4 col-xs-8\">\n<div class=\"\">\n<div>\n<h5 class=\"like-uppercase\">Dvipusis drena\u017eas<\/h5>\n<p>Kair\u0117je ir de\u0161in\u0117je vidinio bloko pus\u0117je galima prijungti drena\u017eo \u017earn\u0105, tod\u0117l lengva montuoti.<\/p>\n<\/div>\n<\/div>\n<\/div>\n<div class=\"usp-tertiary mb40 equal-heights-item col-sm-offset-0 col-xs-offset-2 col-sm-4 col-xs-8\">\n<div class=\"\">\n<div>\n<h5 class=\"like-uppercase\">Visi nuolatin\u0117s srov\u0117s keitikliai<\/h5>\n<p>Vidinio ir i\u0161orinio blok\u0173 ventiliatori\u0173 varikliai bei kompresorius buvo patobulinti naudojant \u201eAll DC Inverter\u201c technologij\u0105. Taip kompresorius gali keisti na\u0161um\u0105 priklausomai nuo patalpos atmosferos poreiki\u0173 ir sukurti puikias s\u0105lygas j\u016bs\u0173 patalpoje.<\/p>\n<\/div>\n<\/div>\n<\/div>\n<div class=\"usp-tertiary mb40 equal-heights-item col-sm-offset-0 col-xs-offset-2 col-sm-4 col-xs-8\">\n<div class=\"\">\n<div>\n<h5 class=\"like-uppercase\">R32 ECO \u0161altne\u0161is<\/h5>\n<p>R32 ECO \u0161altne\u0161is, kurio globalinio at\u0161ilimo potencialas yra 68 % ma\u017eesnis, pad\u0117s \u017eymiai pagerinti j\u016bs\u0173 oro kondicionieriaus veikim\u0105 ir smarkiai prisid\u0117ti prie apsaugos nuo globalinio at\u0161ilimo. Jis nedaro neigiamo poveikio ozono sluoksniui, prisideda prie visuotinio at\u0161ilimo poveikio ma\u017einimo sulaikydamas ma\u017eesn\u012f \u0161ilumos kiek\u012f (GWP = 675) ir gali b\u016bti lengvai pakartotinai naudojamas bei perdirbamas.<\/p>\n<\/div>\n<\/div>\n<\/div>\n<\/div>\n<\/div>\n<\/div>\n<div>\n<div class=\"row1 equal-heights-container mb40\">\n<table width=\"1212\">\n<tbody>\n<tr>\n<td colspan=\"5\" rowspan=\"2\" width=\"718\">LT<\/td>\n<td colspan=\"4\" width=\"494\">MODELIS<\/td>\n<\/tr>\n<tr>\n<td width=\"120\">DR2VI-09WFI\/ DR2VO-09<\/td>\n<td width=\"120\">DR2VI-12WFI\/ DR2VO-12<\/td>\n<td width=\"120\">DR2VI32-18WFI\/ DR2VO32-18<\/td>\n<td width=\"134\">DR2VI32-24WFI\/ DR2VO32-24<\/td>\n<\/tr>\n<tr>\n<td colspan=\"2\" rowspan=\"39\">SPECIFICATIONS<\/td>\n<td colspan=\"3\" width=\"608\">\u0160aldymo galia (Btu\/h)<\/td>\n<td>9.000 (2.730-12.620)<\/td>\n<td>12.000 (3.410-13.650)<\/td>\n<td>18.000 (4.430-19.790)<\/td>\n<td>24.000 (7.500-29.000)<\/td>\n<\/tr>\n<tr>\n<td colspan=\"3\" width=\"608\">\u0160aldymo galia (kWatt)<\/td>\n<td>2.6 (0.8-3.2)<\/td>\n<td>3.5 (1.0-4.0)<\/td>\n<td>5.0 (1.30-5.80)<\/td>\n<td>7.0 (2.2-8.5)<\/td>\n<\/tr>\n<tr>\n<td colspan=\"3\" width=\"608\">\u0160ildymo galia (Btu\/h)<\/td>\n<td>11.000 (2.730-14.330)<\/td>\n<td>14.500 (3.410-17.740)<\/td>\n<td>18.150 (4.770-20.470)<\/td>\n<td>28.000 (8.190-34.120)<\/td>\n<\/tr>\n<tr>\n<td colspan=\"3\" width=\"608\">\u0160ildymo galia (kWatt)<\/td>\n<td>3.2 (0.8-4.2)<\/td>\n<td>4.2 (1.0-5.2)<\/td>\n<td>5.2 (1.4-6.0)<\/td>\n<td>8.1 (2.40-10.0)<\/td>\n<\/tr>\n<tr>\n<td rowspan=\"12\" width=\"198\">Sezoninis efektyvumas<br \/>\n(pagal EN14825)<\/td>\n<td rowspan=\"4\">\u0160aldymas<\/td>\n<td>Projektin\u0117 (kW)<\/td>\n<td>2.6<\/td>\n<td>3.5<\/td>\n<td>5.0<\/td>\n<td>7.0<\/td>\n<\/tr>\n<tr>\n<td width=\"280\">Energijos klas\u0117<\/td>\n<td>A+++<\/td>\n<td>A+++<\/td>\n<td>A++<\/td>\n<td>A++<\/td>\n<\/tr>\n<tr>\n<td>SEER<\/td>\n<td>8.5<\/td>\n<td>8.5<\/td>\n<td>6.1<\/td>\n<td>7.1<\/td>\n<\/tr>\n<tr>\n<td>Energijos suvartojimas (kWh\/metus)<\/td>\n<td>107<\/td>\n<td>144<\/td>\n<td>287<\/td>\n<td>350<\/td>\n<\/tr>\n<tr>\n<td rowspan=\"4\" width=\"130\">\u0160ildymas<br \/>\n(Vidurin\u0117 klimato zona)<\/td>\n<td>Projektin\u0117 (kW)<\/td>\n<td>2.4<\/td>\n<td>2.8<\/td>\n<td>4.6<\/td>\n<td>5.6<\/td>\n<\/tr>\n<tr>\n<td width=\"280\">Energijos klas\u0117<\/td>\n<td>A++<\/td>\n<td>A++<\/td>\n<td>A+<\/td>\n<td>A+<\/td>\n<\/tr>\n<tr>\n<td>SCOP<\/td>\n<td>4.6<\/td>\n<td>4.6<\/td>\n<td>4.0<\/td>\n<td>4.0<\/td>\n<\/tr>\n<tr>\n<td>Energijos suvartojimas (kWh\/metus)<\/td>\n<td>731<\/td>\n<td>854<\/td>\n<td>1 610<\/td>\n<td>1 963<\/td>\n<\/tr>\n<tr>\n<td rowspan=\"4\" width=\"130\">\u0160ildymas<br \/>\n(\u0160ilta zona)<\/td>\n<td>Projektin\u0117 (kW)<\/td>\n<td>2.3<\/td>\n<td>2.8<\/td>\n<td>4.6<\/td>\n<td>5.6<\/td>\n<\/tr>\n<tr>\n<td width=\"280\">Energijos klas\u0117<\/td>\n<td>A+++<\/td>\n<td>A+++<\/td>\n<td>A+++<\/td>\n<td>A+++<\/td>\n<\/tr>\n<tr>\n<td>SCOP<\/td>\n<td>5.1<\/td>\n<td>5.1<\/td>\n<td>5.1<\/td>\n<td>5.1<\/td>\n<\/tr>\n<tr>\n<td>Energijos suvartojimas (kWh\/metus)<\/td>\n<td>6.31<\/td>\n<td>768<\/td>\n<td>1 263<\/td>\n<td>1 537<\/td>\n<\/tr>\n<tr>\n<td colspan=\"3\" width=\"608\">\u012etampa\/Da\u017enis\/faz\u0117 (V\/Hz\/Ph)<\/td>\n<td>230\/50\/1<\/td>\n<td>230\/50\/1<\/td>\n<td>230\/50\/1<\/td>\n<td>230\/50\/1<\/td>\n<\/tr>\n<tr>\n<td colspan=\"2\" rowspan=\"2\">Sov\u0117 (A)<\/td>\n<td width=\"280\">\u0160aldymas<\/td>\n<td>2.9 (0.9-6.7)<\/td>\n<td>3.9 (1.4-6.7)<\/td>\n<td>6.5 (1.8-8.9)<\/td>\n<td>9.6 (3.2-13)<\/td>\n<\/tr>\n<tr>\n<td width=\"280\">\u0160ildymas<\/td>\n<td>3.6 (1.3-7.2)<\/td>\n<td>5.0 (1.3-7.2)<\/td>\n<td>6.3 (2.3-11.3)<\/td>\n<td>9.7 (3.2-13)<\/td>\n<\/tr>\n<tr>\n<td colspan=\"2\" rowspan=\"2\">Elektrin\u0117\u00a0 galia (W)<\/td>\n<td width=\"280\">\u0160aldymas<\/td>\n<td>0.65 (0.2-1.5)<\/td>\n<td>0.87 (0.3-1.5)<\/td>\n<td>1.46 (0.4-2.0)<\/td>\n<td>2.16 (0.7-2.9)<\/td>\n<\/tr>\n<tr>\n<td width=\"280\">\u0160ildymas<\/td>\n<td>0.8 (0.3-1.6)<\/td>\n<td>1.1 (0.5-1.6)<\/td>\n<td>1.4 (0.5-2.5)<\/td>\n<td>2.18 (0.7-2.9)<\/td>\n<\/tr>\n<tr>\n<td colspan=\"3\">Oro srautas (Turbo\/Auk\u0161tas\/Vidutinis\/\u017demas) (m3\/h)<\/td>\n<td>650\/600\/500\/450<\/td>\n<td>700\/650\/550\/500<\/td>\n<td>1.000\/900\/800\/600<\/td>\n<td>1.300\/1.200\/1.000\/850<\/td>\n<\/tr>\n<tr>\n<td colspan=\"2\" rowspan=\"3\">Triuk\u0161mo lygis [dB(A)]<\/td>\n<td rowspan=\"2\" width=\"280\">Vidinis blokas<br \/>\n(Tylus\/\u017demas\/Vidutinis\/Auk\u0161tas)<\/td>\n<td rowspan=\"2\">20\/25\/30\/35<\/td>\n<td rowspan=\"2\">22\/29\/33\/38<\/td>\n<td rowspan=\"2\">30\/35\/40\/44<\/td>\n<td rowspan=\"2\">30\/37\/43\/47<\/td>\n<\/tr>\n<tr>\n<td>I\u0161orinis blokas<\/td>\n<td>47<\/td>\n<td>48<\/td>\n<td>53<\/td>\n<td>52<\/td>\n<\/tr>\n<tr>\n<td colspan=\"2\" rowspan=\"2\">triuk\u0161mo sl\u0117gio lygis [dB(A)]<\/td>\n<td width=\"280\">Vidinis blokas<\/td>\n<td>54<\/td>\n<td>56<\/td>\n<td>59<\/td>\n<td>60<\/td>\n<\/tr>\n<tr>\n<td>I\u0161orinis blokas<\/td>\n<td>59<\/td>\n<td>61<\/td>\n<td>65<\/td>\n<td>65<\/td>\n<\/tr>\n<tr>\n<td colspan=\"2\" rowspan=\"2\">Dr\u0117gm\u0117s surinkimo t\u016bris<\/td>\n<td>L\/val<\/td>\n<td>1.2<\/td>\n<td>1.6<\/td>\n<td>2.0<\/td>\n<td>2.8<\/td>\n<\/tr>\n<tr>\n<td>L\/dien\u0105<\/td>\n<td>28.8<\/td>\n<td>38.4<\/td>\n<td>48.0<\/td>\n<td>67.2<\/td>\n<\/tr>\n<tr>\n<td colspan=\"3\">Kompresoriaus tipas<\/td>\n<td>ROTARY<\/td>\n<td>ROTARY<\/td>\n<td>ROTARY<\/td>\n<td>ROTARY<\/td>\n<\/tr>\n<tr>\n<td colspan=\"3\" width=\"608\">Skys\u010dio linija |Gar\u0173 linija<\/td>\n<td>1\/4&#8243; | 3\/8&#8243;<\/td>\n<td>1\/4&#8243; | 3\/8&#8243;<\/td>\n<td>1\/4&#8243; | 1\/2&#8243;<\/td>\n<td>1\/4&#8243; | 1\/2&#8243;<\/td>\n<\/tr>\n<tr>\n<td colspan=\"3\" width=\"608\">I\u0161orinio bloko elektros \u012fvadas \/ saugiklis (\u039d\u03bfxmm2)\/(\u0391)<\/td>\n<td>10<\/td>\n<td>10<\/td>\n<td>16<\/td>\n<td>16<\/td>\n<\/tr>\n<tr>\n<td colspan=\"3\" width=\"608\">Signalo laidas (Noxmm2)<\/td>\n<td>4&#215;1.5<\/td>\n<td>4&#215;1.5<\/td>\n<td>4&#215;1.5<\/td>\n<td>4&#215;1.5<\/td>\n<\/tr>\n<tr>\n<td colspan=\"2\" rowspan=\"2\" width=\"328\">Matmenys<br \/>\n(PxGxA) (mm)<\/td>\n<td width=\"280\">Vidinis blokas<\/td>\n<td>887x211x281<\/td>\n<td>887x211x281<\/td>\n<td>1.030x233x322<\/td>\n<td>1.115x248x336<\/td>\n<\/tr>\n<tr>\n<td width=\"280\">I\u0161orinis blokas<\/td>\n<td>800x280x550<\/td>\n<td>800x280x550<\/td>\n<td>800x280x550<\/td>\n<td>890x353x697<\/td>\n<\/tr>\n<tr>\n<td colspan=\"2\" width=\"328\">Net Svoris (kg)<\/td>\n<td width=\"280\">Vidinis\/I\u0161orinis blokas<\/td>\n<td>10.0\/29.0<\/td>\n<td>10.0\/31.5<\/td>\n<td>13.0\/32.7<\/td>\n<td>16.0\/47.3<\/td>\n<\/tr>\n<tr>\n<td colspan=\"3\" width=\"608\">\u00a0\u0160altne\u0161is\/kiekis (g)<\/td>\n<td>R32\/650<\/td>\n<td>R32\/940<\/td>\n<td>R32\/900<\/td>\n<td>R32\/1.200<\/td>\n<\/tr>\n<tr>\n<td colspan=\"2\" rowspan=\"2\" width=\"328\">Veikimo temperat\u016bros diapazonas (\u00b0C)<\/td>\n<td width=\"280\">\u0160aldymas<\/td>\n<td>\u00a0-20~43<\/td>\n<td>\u00a0-20~43<\/td>\n<td>\u00a0-20~43<\/td>\n<td>\u00a0-20~43<\/td>\n<\/tr>\n<tr>\n<td width=\"280\">\u0160ildymas<\/td>\n<td>\u00a0-20~24<\/td>\n<td>\u00a0-20~24<\/td>\n<td>\u00a0-20~24<\/td>\n<td>\u00a0-20~24<\/td>\n<\/tr>\n<tr>\n<td rowspan=\"24\">FUNKCIJOS<\/td>\n<td width=\"84\">PAGR. F-ja<\/td>\n<td colspan=\"7\">Jonizatorius<\/td>\n<\/tr>\n<tr>\n<td width=\"84\">2-a f-ja<\/td>\n<td colspan=\"7\">Inovatyvus dizainas<\/td>\n<\/tr>\n<tr>\n<td width=\"84\">3-ia f-ja<\/td>\n<td colspan=\"7\">\u0391+++ energijos klas\u0117<\/td>\n<\/tr>\n<tr>\n<td width=\"84\">4-a f-ja<\/td>\n<td colspan=\"7\">4 kryp\u010di\u0173 oro srautas<\/td>\n<\/tr>\n<tr>\n<td width=\"84\">5-a f-ja<\/td>\n<td colspan=\"7\">Wi-Fi Standartas &#8211; &#8222;Inventor Control&#8221;<\/td>\n<\/tr>\n<tr>\n<td rowspan=\"19\" width=\"84\">kitos funkcijos<\/td>\n<td colspan=\"7\">Nuotolinis on\/off<\/td>\n<\/tr>\n<tr>\n<td colspan=\"7\">Centrinis valdymas<\/td>\n<\/tr>\n<tr>\n<td colspan=\"7\">S\u0105saja su BMS<\/td>\n<\/tr>\n<tr>\n<td colspan=\"7\">Ultra Tylus r\u0117\u017eimas<\/td>\n<\/tr>\n<tr>\n<td colspan=\"7\">\u0160aldymas esant \u017eemoms temperat\u016broms (-20\u00b0C)<\/td>\n<\/tr>\n<tr>\n<td colspan=\"7\">\u0160ildymas esant \u017eemoms temperat\u016broms (-20\u00b0C)<\/td>\n<\/tr>\n<tr>\n<td colspan=\"7\">Didelio tankio oro dulki\u0173 filtras<\/td>\n<\/tr>\n<tr>\n<td colspan=\"7\" width=\"1102\">24-val laikmatis<\/td>\n<\/tr>\n<tr>\n<td colspan=\"7\">Miego r\u0117\u017eimas<\/td>\n<\/tr>\n<tr>\n<td colspan=\"7\">Automatin\u0117s oro srauto sklend\u0117s<\/td>\n<\/tr>\n<tr>\n<td colspan=\"7\">Oro srauto sklend\u017ei\u0173 atmintis<\/td>\n<\/tr>\n<tr>\n<td colspan=\"7\">Kar\u0161tas Startas<\/td>\n<\/tr>\n<tr>\n<td colspan=\"7\">Turbo r\u0117\u017eimas<\/td>\n<\/tr>\n<tr>\n<td colspan=\"7\">Automatinis paleidimas i\u0161 naujo<\/td>\n<\/tr>\n<tr>\n<td colspan=\"7\">Automatin\u0117 klaid\u0173 diagnostika<\/td>\n<\/tr>\n<tr>\n<td colspan=\"7\">\u0160altne\u0161io nuot\u0117kio aptikimas<\/td>\n<\/tr>\n<tr>\n<td colspan=\"7\">Dviej\u0173 kryp\u010di\u0173 drenavimas<\/td>\n<\/tr>\n<tr>\n<td colspan=\"7\">Kompresoriaus apsauga<\/td>\n<\/tr>\n<tr>\n<td colspan=\"7\">R32 ECO \u0161altne\u0161is<\/td>\n<\/tr>\n<\/tbody>\n<\/table>\n<\/div>\n<\/div>\n<\/div>\n<\/div>\n<\/div>\n<\/section>\n","protected":false},"excerpt":{"rendered":"<h2>Nauja \u201eDark\u201c serija su jonizatoriumi, novatori\u0161kas dizainas, A +++ energijos klas\u0117, 4 kryp\u010di\u0173 oro srautas ir \u201eWi-Fi\u201c valdymas!<\/h2>\n<ul>\n<li>\u0160ildymas iki -20 Laipsni\u0173 \u0161al\u010dio<\/li>\n<li>D\u0117l \u012fmontuoto jonizatoriaus maksimali apsauga nuo mikrob\u0173, bakterij\u0173 ir virus\u0173<\/li>\n<li>\u012esp\u016bdingas dizainas, atnaujinantis kiekvien\u0105 viet\u0105<\/li>\n<li>Energijos taupymas ir puikios savyb\u0117s naudojant A +++ energijos klas\u0119<\/li>\n<li>Vienodas oro pasiskirstymas ir subalansuota temperat\u016bra d\u0117l 4 kryp\u010di\u0173 oro srauto<\/li>\n<li>D\u0117l intelektualiojo nuotolinio valdymo, veikian\u010dio per \u201eWi-Fi\u201c, bet kokio patogumo, nustatant oro kondicionieri\u0173, kad ir kur beb\u016btum\u0117te<\/li>\n<\/ul>\n<table class=\"woocommerce-product-attributes shop_attributes\">\n<tbody>\n<tr class=\"woocommerce-product-attributes-item woocommerce-product-attributes-item--attribute_pa_energijos-klase\">\n<th class=\"woocommerce-product-attributes-item__label\">Energijos klas\u0117<\/th>\n<td class=\"woocommerce-product-attributes-item__value\">A++\/A+++<\/td>\n<\/tr>\n<tr class=\"woocommerce-product-attributes-item woocommerce-product-attributes-item--attribute_pa_patalpoms-iki\">\n<th class=\"woocommerce-product-attributes-item__label\">Patalpoms iki (\u33a1)<\/th>\n<td class=\"woocommerce-product-attributes-item__value\">60<\/td>\n<\/tr>\n<tr class=\"woocommerce-product-attributes-item woocommerce-product-attributes-item--attribute_pa_wifi-valdymas\">\n<th class=\"woocommerce-product-attributes-item__label\">WiFi valdymas<\/th>\n<td class=\"woocommerce-product-attributes-item__value\">Yra<\/td>\n<\/tr>\n<tr class=\"woocommerce-product-attributes-item woocommerce-product-attributes-item--attribute_pa_nominali-galia\">\n<th class=\"woocommerce-product-attributes-item__label\">Nominali galia<\/th>\n<td class=\"woocommerce-product-attributes-item__value\">5.0\/5.2 kW<\/td>\n<\/tr>\n<tr class=\"woocommerce-product-attributes-item woocommerce-product-attributes-item--attribute_pa_spalva\">\n<th class=\"woocommerce-product-attributes-item__label\">Prek\u0117s spalva<\/th>\n<td class=\"woocommerce-product-attributes-item__value\">Pilka\/Juoda<\/td>\n<\/tr>\n<\/tbody>\n<\/table>\n<p>&nbsp;<\/p>","protected":false},"featured_media":6673,"template":"","meta":{"om_disable_all_campaigns":false,"_monsterinsights_skip_tracking":false,"_monsterinsights_sitenote_active":false,"_monsterinsights_sitenote_note":"","_monsterinsights_sitenote_category":0},"product_brand":[],"product_cat":[103],"product_tag":[386,379,365],"class_list":{"0":"post-6681","1":"product","2":"type-product","3":"status-publish","4":"has-post-thumbnail","6":"product_cat-oro-kondicionieriai-oras-oras","7":"product_tag-dr2vi32-18wfi-dr2vo32-18","8":"product_tag-inventor-comfort-oras-oras-silumos-siurblys-oro-kondicionierius","9":"product_tag-inventor-oro-kondicionieriai","10":"pa_galingumas-5-0-kw","11":"pa_wifi-valdymas-taip","13":"first","14":"instock","15":"sale","16":"shipping-taxable","17":"purchasable","18":"product-type-simple"},"aioseo_notices":[],"_links":{"self":[{"href":"https:\/\/izopaga.lt\/en\/wp-json\/wp\/v2\/product\/6681","targetHints":{"allow":["GET"]}}],"collection":[{"href":"https:\/\/izopaga.lt\/en\/wp-json\/wp\/v2\/product"}],"about":[{"href":"https:\/\/izopaga.lt\/en\/wp-json\/wp\/v2\/types\/product"}],"wp:featuredmedia":[{"embeddable":true,"href":"https:\/\/izopaga.lt\/en\/wp-json\/wp\/v2\/media\/6673"}],"wp:attachment":[{"href":"https:\/\/izopaga.lt\/en\/wp-json\/wp\/v2\/media?parent=6681"}],"wp:term":[{"taxonomy":"product_brand","embeddable":true,"href":"https:\/\/izopaga.lt\/en\/wp-json\/wp\/v2\/product_brand?post=6681"},{"taxonomy":"product_cat","embeddable":true,"href":"https:\/\/izopaga.lt\/en\/wp-json\/wp\/v2\/product_cat?post=6681"},{"taxonomy":"product_tag","embeddable":true,"href":"https:\/\/izopaga.lt\/en\/wp-json\/wp\/v2\/product_tag?post=6681"}],"curies":[{"name":"wp","href":"https:\/\/api.w.org\/{rel}","templated":true}]}}