{"id":6830,"date":"2025-06-03T11:00:05","date_gmt":"2025-06-03T08:00:05","guid":{"rendered":"https:\/\/izopaga.lt\/?post_type=product&#038;p=6830"},"modified":"2026-01-29T08:29:30","modified_gmt":"2026-01-29T06:29:30","slug":"iglu-silumos-siurblys-oras-vanduo-iglu-inuit-6-wti-su-integruotu-boileriu-200l-60-kw","status":"publish","type":"product","link":"https:\/\/izopaga.lt\/en\/produktai\/iglu-silumos-siurblys-oras-vanduo-iglu-inuit-6-wti-su-integruotu-boileriu-200l-60-kw\/","title":{"rendered":"iGLu \u0160ilumos siurblys oras-vanduo iGLU Inuit 6 WTI su integruotu boileriu 200L 6,0 kW"},"content":{"rendered":"<p>5 metai GARANTIJA<\/p>\n<p>IGLU Inuit \u0161ilumos siurbliai nam\u0173 \u0161ildymui, v\u0117sinimui ir kar\u0161to vandens ruo\u0161imui naudoja or\u0105, kur\u012f perduoda i\u0161 vienos aplinkos \u012f kit\u0105. Net esant \u017eemai lauko temperat\u016brai i\u0161 oro yra i\u0161gaunama \u0161iluma ir nukreipiama \u012f pastato vid\u0173.<\/p>\n<p>V\u0117sinant vyksta atvirk\u0161tinis procesas \u2013 patalpose susikaupusi \u0161iluma, siurblio pagalba yra perduodama \u012f lauk\u0105.<\/p>\n<p><img fetchpriority=\"high\" decoding=\"async\" class=\"alignnone wp-image-2593 size-full\" src=\"https:\/\/iglutech.eu\/wp-content\/uploads\/Lietuvos-energetikos-agentura-finansavimas.png\" alt=\"tinka apva paramai\" width=\"350\" height=\"200\" \/><\/p>\n<p>Lietuvos \u0161ilumos siurbli\u0173 gamintojas IGLU si\u016blo sprendimus tiek individuali\u0173, tiek daugiabu\u010di\u0173 nam\u0173 gyventojams bei pramonin\u0117s ir visuomenin\u0117s paskirties objektams.<br \/>\n<strong>\u0160ildymui, v\u0117sinimui ir kar\u0161to vandens ruo\u0161imui<\/strong> skirti IGLU \u0161ilumos siurbliai pasi\u017eymi i\u0161skirtiniu, solid\u017eiu dizainu \u2013 ant j\u0173 korpuso n\u0117ra n\u0117 vieno mygtuko, tik \u0161vie\u010diantis IGLU logotipas, kuris indikuoja siurblio b\u016bsen\u0105. IGLU siurbliai yra valdomi mobilia program\u0117le net ten, kur n\u0117ra interneto ry\u0161io \u2013 tam \u0161ilumos siurbliuose gamintojas \u012fdieg\u0117 <strong>lokalaus valdymo funkcij\u0105<\/strong>.<br \/>\nDar viena naujov\u0117 \u2013 visi IGLU \u0161ilumos siurbliai yra prijungiami prie <strong>nuotolinio serviso platformos<\/strong>, kurioje nuolat stebimas siurblio darbas, o trikd\u017eius galima i\u0161spr\u0119sti ir be meistro atvykimo \u012f viet\u0105.<br \/>\nGaukite m\u016bs\u0173 prekybos partneri\u0173 pasi\u016blym\u0105 \u0161ilumos siurbliui \u012fsigyti ar nemokam\u0105 gamintojo konsultacij\u0105.<\/p>\n<h3><strong>Oras-vanduo \u0161ildymo sistema<\/strong><\/h3>\n<p><img decoding=\"async\" class=\"alignleft wp-image-18658\" src=\"https:\/\/www.dahlgera.lt\/wp-content\/uploads\/oras-vanduo-s.-siurbiai-1.png\" sizes=\"(max-width: 564px) 100vw, 564px\" srcset=\"https:\/\/www.dahlgera.lt\/wp-content\/uploads\/\/oras-vanduo-s.-siurbiai-1.png 828w, https:\/\/www.dahlgera.lt\/wp-content\/uploads\/\/oras-vanduo-s.-siurbiai-1-300x191.png 300w, https:\/\/www.dahlgera.lt\/wp-content\/uploads\/\/oras-vanduo-s.-siurbiai-1-800x508.png 800w, https:\/\/www.dahlgera.lt\/wp-content\/uploads\/\/oras-vanduo-s.-siurbiai-1-768x488.png 768w\" alt=\"\u0160ilumos siurbliai IGLU\" width=\"564\" height=\"358\" \/>Oras-vanduo \u0161ildymo sistemos principas \u2013 kai nam\u0173 \u0161ildymui, v\u0117sinimui ir kar\u0161to vandens ruo\u0161imui naudojamas oras, kuris perduodamas i\u0161 vienos aplinkos \u012f kit\u0105. Net esant \u017eemai lauko temperat\u016brai i\u0161 oro yra i\u0161gaunama \u0161iluma ir nukreipiama \u012f pastato vid\u0173. V\u0117sinant vykdomas atvirk\u0161tinis procesas \u2013 patalpose susikaupusi \u0161iluma, siurblio pagalba yra perduodama \u012f lauk\u0105.<\/p>\n<p><strong>Ore sukaupta energija \u0161ildymo privalumai:<\/strong><\/p>\n<ul>\n<li>\u0160ildymo naudingumas siekia 300 %, t.y. i\u0161 1 kW elektros energijos galima pagaminti iki 3 kW \u0161ilumin\u0117s energijos.<\/li>\n<li>Reikalingos ma\u017eesn\u0117s pradin\u0117s investicijos.<\/li>\n<li>Lengvai instaliuojamas tiek naujuose, tiek renovuojamuose objektuose.<\/li>\n<li>Puikiai tinka objektams nutolusiose vietov\u0117se, nedidelio ploto gyvenamiesiems namams, kaimo turizmo sodyboms bei koted\u017eams.<\/li>\n<li>Tvarus, aplinkai draugi\u0161kas \u0161ildymo sprendimas.<\/li>\n<\/ul>\n<p>&nbsp;<\/p>\n<p>&nbsp;<\/p>\n<h3><strong>\u0160ilumos siurbliai\u00a0<\/strong><strong>IGLU \u00ae Inuit oras-vanduo<\/strong><\/h3>\n<p>Nedidelio ploto individualiems namams, koted\u017eams ir kaimo turizmo sodyboms\u00a0<strong>IGLU\u00ae<\/strong>\u00a0gamintojas gali pasi\u016blyti\u00a0<strong>IGLU\u00ae Inuit\u00a0<\/strong>oras-vanduo \u0161ilumos siurbli\u0173 grup\u0119.<\/p>\n<div id=\"attachment_18739\" class=\"wp-caption alignnone\">\n<p><img decoding=\"async\" class=\"wp-image-18739\" src=\"https:\/\/www.dahlgera.lt\/wp-content\/uploads\/iglu-inuit-3.png\" sizes=\"(max-width: 866px) 100vw, 866px\" srcset=\"https:\/\/www.dahlgera.lt\/wp-content\/uploads\/\/iglu-inuit-3.png 1665w, https:\/\/www.dahlgera.lt\/wp-content\/uploads\/\/iglu-inuit-3-300x168.png 300w, https:\/\/www.dahlgera.lt\/wp-content\/uploads\/\/iglu-inuit-3-800x448.png 800w, https:\/\/www.dahlgera.lt\/wp-content\/uploads\/\/iglu-inuit-3-768x430.png 768w, https:\/\/www.dahlgera.lt\/wp-content\/uploads\/\/iglu-inuit-3-1536x861.png 1536w\" alt=\"\u0160ilumos siurbliai IGLU\" width=\"866\" height=\"485\" aria-describedby=\"caption-attachment-18739\" \/><\/p>\n<p id=\"caption-attachment-18739\" class=\"wp-caption-text\">\u0160ilumos siurbliai IGLU<\/p>\n<\/div>\n<p>&nbsp;<\/p>\n<h3><strong>IGLU\u00ae Inuit oras-vanduo \u0161ilumos siurbli\u0173 privalumai<\/strong><\/h3>\n<ul>\n<li><strong>Optimaliausias pasirinkimas daugumai nam\u0173.<\/strong>\u00a0Oras-vanduo sistema reikalauja ~30 % ma\u017eesni\u0173 pradini\u0173 investicij\u0173, lyginant su gruntas-vanduo sistema.<\/li>\n<li><strong>Patogus ir lengvas montavimas.<\/strong>\u00a0Oras-vanduo \u0161ilumos siurbliai pasi\u017eymi itin lengva instaliacija \u2013 montavimo darbai gali b\u016bti atliekami vos per 1 d.<\/li>\n<li><strong>Saugus ir aplinkai draugi\u0161kas \u0161ildymo sprendimas.<\/strong>\u00a0IGLU\u00ae Inuit \u0161ilumos siurblyje nevyksta jokie degimo procesai, tod\u0117l jis\u00a0<strong>nei\u0161skiria aplinkai kenksmingo CO2<\/strong>. Sistema yra 100% saugi, nekelianti gaisro ar sprogimo pavojaus.<\/li>\n<li><strong>I\u0161mani \u0161ilumos siurblio kontrol\u0117 su IGLU\u00ae Home program\u0117le net ten, kur n\u0117ra interneto ry\u0161io.\u00a0<\/strong><\/li>\n<li><strong>Pastovus ir ne pertraukiamas \u0161ilumos siurblio darbo steb\u0117jimas nuotolinio serviso platformoje.<\/strong>\u00a0IGLU\u00ae \u0161ilumos siurbliai yra prijungiami prie nuotolinio serviso platformos, kuri padeda laiku aptikti ir i\u0161spr\u0119sti sistemos trikd\u017eius, net be meistro i\u0161kvietimo \u012f objekt\u0105.<\/li>\n<li><strong>Vietinis gamintojo servisas.<\/strong>\u00a0Garantin\u0119 ir po garantin\u0119\u00a0<strong>IGLU\u00ae Inuit<\/strong>\u00a0\u0161ilumos siurbli\u0173 prie\u017ei\u016br\u0105 bei paleidimo darbus vykdo vietinis gamintojo servisas.<\/li>\n<\/ul>\n<table class=\"woocommerce-product-attributes shop_attributes\">\n<tbody>\n<tr class=\"woocommerce-product-attributes-item woocommerce-product-attributes-item--attribute_pa_tipas\">\n<th class=\"woocommerce-product-attributes-item__label\">Tipas<\/th>\n<td class=\"woocommerce-product-attributes-item__value\">Oras-vanduo<\/td>\n<\/tr>\n<tr class=\"woocommerce-product-attributes-item woocommerce-product-attributes-item--attribute_pa_ss-kategorija\">\n<th class=\"woocommerce-product-attributes-item__label\">Kategorija<\/th>\n<td class=\"woocommerce-product-attributes-item__value\">Kintamos galios \u0161ilumos siurbliai<\/td>\n<\/tr>\n<tr class=\"woocommerce-product-attributes-item woocommerce-product-attributes-item--attribute_pa_vidinis-blokas\">\n<th class=\"woocommerce-product-attributes-item__label\">Vidinis blokas<\/th>\n<td class=\"woocommerce-product-attributes-item__value\">IGLU Inuit 6 WTSIU<\/td>\n<\/tr>\n<tr class=\"woocommerce-product-attributes-item woocommerce-product-attributes-item--attribute_pa_matmenys\">\n<th class=\"woocommerce-product-attributes-item__label\">Matmenys<\/th>\n<td class=\"woocommerce-product-attributes-item__value\">1650x600x625<\/td>\n<\/tr>\n<tr class=\"woocommerce-product-attributes-item woocommerce-product-attributes-item--attribute_pa_vandens-sildytuvas\">\n<th class=\"woocommerce-product-attributes-item__label\">Vandens \u0161ildytuvas<\/th>\n<td class=\"woocommerce-product-attributes-item__value\">Su vandens \u0161ildytuvu (200 l)<\/td>\n<\/tr>\n<tr class=\"woocommerce-product-attributes-item woocommerce-product-attributes-item--attribute_pa_garso-lygis\">\n<th class=\"woocommerce-product-attributes-item__label\">Garso lygis<\/th>\n<td class=\"woocommerce-product-attributes-item__value\">26 dB<\/td>\n<\/tr>\n<tr class=\"woocommerce-product-attributes-item woocommerce-product-attributes-item--attribute_pa_isorinis-blokas\">\n<th class=\"woocommerce-product-attributes-item__label\">I\u0161orinis blokas<\/th>\n<td class=\"woocommerce-product-attributes-item__value\">IGLU Inuit 6 ISOU<\/td>\n<\/tr>\n<tr class=\"woocommerce-product-attributes-item woocommerce-product-attributes-item--attribute_pa_gabaritiniai-matmenys\">\n<th class=\"woocommerce-product-attributes-item__label\">Gabaritiniai matmenys<\/th>\n<td class=\"woocommerce-product-attributes-item__value\">880x638x310<\/td>\n<\/tr>\n<tr class=\"woocommerce-product-attributes-item woocommerce-product-attributes-item--attribute_pa_silumine-galia\">\n<th class=\"woocommerce-product-attributes-item__label\">\u0160ilumin\u0117 galia<\/th>\n<td class=\"woocommerce-product-attributes-item__value\">6 kW<\/td>\n<\/tr>\n<tr class=\"woocommerce-product-attributes-item woocommerce-product-attributes-item--attribute_pa_saldymo-galia-a35-w18\">\n<th class=\"woocommerce-product-attributes-item__label\">\u0160aldymo galia (A35\/W18)<\/th>\n<td class=\"woocommerce-product-attributes-item__value\">6,5 kW<\/td>\n<\/tr>\n<tr class=\"woocommerce-product-attributes-item woocommerce-product-attributes-item--attribute_pa_cop-a7-w35\">\n<th class=\"woocommerce-product-attributes-item__label\">COP (A7\/W35)<\/th>\n<td class=\"woocommerce-product-attributes-item__value\">4,92<\/td>\n<\/tr>\n<tr class=\"woocommerce-product-attributes-item woocommerce-product-attributes-item--attribute_pa_eer-a35-w18\">\n<th class=\"woocommerce-product-attributes-item__label\">EER (A35\/W18)<\/th>\n<td class=\"woocommerce-product-attributes-item__value\">4,42<\/td>\n<\/tr>\n<tr class=\"woocommerce-product-attributes-item woocommerce-product-attributes-item--attribute_pa_saltnesis\">\n<th class=\"woocommerce-product-attributes-item__label\">\u0160altne\u0161is<\/th>\n<td class=\"woocommerce-product-attributes-item__value\">R32<\/td>\n<\/tr>\n<tr class=\"woocommerce-product-attributes-item woocommerce-product-attributes-item--attribute_pa_garso-slegio-lygis\">\n<th class=\"woocommerce-product-attributes-item__label\">Garso sl\u0117gio lygis<\/th>\n<td class=\"woocommerce-product-attributes-item__value\">47 dB<\/td>\n<\/tr>\n<\/tbody>\n<\/table>","protected":false},"excerpt":{"rendered":"<ul>\n<li>5 metai Garantija<\/li>\n<li>Tipas \u2013 vienfazis;<\/li>\n<li>Kategorija \u2013 kintamos galios \u0161ilumos siurbliai;<\/li>\n<li>Vidinis blokas \u2013 IGLU Inuit 6 WTSIU;<\/li>\n<li>Matmenys \u2013 1650x600x625;<\/li>\n<li>Vandens \u0161ildytuvas \u2013 su vandens \u0161ildytuvu (200 l);<\/li>\n<li>Garso lygis \u2013 26 dB;<\/li>\n<li>I\u0161orinis blokas \u2013 IGLU Inuit 6 ISOU;<\/li>\n<li>Gabaritiniai matmenys \u2013 880x638x310;<\/li>\n<li><\/li>\n<li>\u0160altne\u0161is \u2013 R32;<\/li>\n<\/ul>\n<table class=\"woocommerce-product-attributes shop_attributes\">\n<tbody>\n<tr class=\"woocommerce-product-attributes-item woocommerce-product-attributes-item--attribute_pa_eer-cop\">\n<th class=\"woocommerce-product-attributes-item__label\">EER\/COP<\/th>\n<td class=\"woocommerce-product-attributes-item__value\">4.42\/4.92<\/td>\n<\/tr>\n<tr class=\"woocommerce-product-attributes-item woocommerce-product-attributes-item--attribute_pa_wifi-valdymas\">\n<th class=\"woocommerce-product-attributes-item__label\">WiFi valdymas<\/th>\n<td class=\"woocommerce-product-attributes-item__value\">Yra<\/td>\n<\/tr>\n<tr class=\"woocommerce-product-attributes-item woocommerce-product-attributes-item--attribute_pa_sildymo-galia\">\n<th class=\"woocommerce-product-attributes-item__label\">\u0160ildymo galia<\/th>\n<td class=\"woocommerce-product-attributes-item__value\">6.0 kW<\/td>\n<\/tr>\n<tr class=\"woocommerce-product-attributes-item woocommerce-product-attributes-item--attribute_pa_spalva\">\n<th class=\"woocommerce-product-attributes-item__label\">Prek\u0117s spalva<\/th>\n<td class=\"woocommerce-product-attributes-item__value\">Juoda\/Balta<\/td>\n<\/tr>\n<\/tbody>\n<\/table>\n<p>&nbsp;<\/p>","protected":false},"featured_media":6831,"template":"","meta":{"om_disable_all_campaigns":false,"_monsterinsights_skip_tracking":false,"_monsterinsights_sitenote_active":false,"_monsterinsights_sitenote_note":"","_monsterinsights_sitenote_category":0},"product_brand":[],"product_cat":[48],"product_tag":[428,429,427,426],"class_list":{"0":"post-6830","1":"product","2":"type-product","3":"status-publish","4":"has-post-thumbnail","6":"product_cat-silumos-siurbliai-oras-vanduo","7":"product_tag-iglu-inuit-6-wti","8":"product_tag-iglu-oras-vanduo","9":"product_tag-silumos-siurblys-oras-vanduo-iglu","10":"product_tag-silumos-siurblys-oras-vanduo-iglu-inuit-6-wti-su-integruotu-boileriu-200l","11":"pa_boileris-su-boileriu","12":"pa_galingumas-6-0-kw","13":"pa_wifi-valdymas-taip","15":"first","16":"instock","17":"sale","18":"shipping-taxable","19":"purchasable","20":"product-type-simple"},"aioseo_notices":[],"_links":{"self":[{"href":"https:\/\/izopaga.lt\/en\/wp-json\/wp\/v2\/product\/6830","targetHints":{"allow":["GET"]}}],"collection":[{"href":"https:\/\/izopaga.lt\/en\/wp-json\/wp\/v2\/product"}],"about":[{"href":"https:\/\/izopaga.lt\/en\/wp-json\/wp\/v2\/types\/product"}],"wp:featuredmedia":[{"embeddable":true,"href":"https:\/\/izopaga.lt\/en\/wp-json\/wp\/v2\/media\/6831"}],"wp:attachment":[{"href":"https:\/\/izopaga.lt\/en\/wp-json\/wp\/v2\/media?parent=6830"}],"wp:term":[{"taxonomy":"product_brand","embeddable":true,"href":"https:\/\/izopaga.lt\/en\/wp-json\/wp\/v2\/product_brand?post=6830"},{"taxonomy":"product_cat","embeddable":true,"href":"https:\/\/izopaga.lt\/en\/wp-json\/wp\/v2\/product_cat?post=6830"},{"taxonomy":"product_tag","embeddable":true,"href":"https:\/\/izopaga.lt\/en\/wp-json\/wp\/v2\/product_tag?post=6830"}],"curies":[{"name":"wp","href":"https:\/\/api.w.org\/{rel}","templated":true}]}}