{"id":6858,"date":"2025-06-03T16:46:26","date_gmt":"2025-06-03T13:46:26","guid":{"rendered":"https:\/\/izopaga.lt\/?post_type=product&#038;p=6858"},"modified":"2025-06-03T16:51:52","modified_gmt":"2025-06-03T13:51:52","slug":"geoterminis-silumos-siurblys-iglu-aleut-9-wt-su-integruotu-boileriu-200l-90-kw","status":"publish","type":"product","link":"https:\/\/izopaga.lt\/en\/produktai\/geoterminis-silumos-siurblys-iglu-aleut-9-wt-su-integruotu-boileriu-200l-90-kw\/","title":{"rendered":"Geoterminis \u0161ilumos siurblys IGLU Aleut 9 WT su integruotu boileriu 200L 9,0 kW"},"content":{"rendered":"<div class=\"woocommerce-product-details__short-description\">\n<p>5 metai GARANTIJA<\/p>\n<p>Auk\u0161to efektyvumo geoterminis \u0161ilumos siurblys, skirtas patalp\u0173 \u0161ildymui, v\u0117sinimui (pasyviam ir aktyviam) bei kar\u0161to vandens ruo\u0161imui.<\/p>\n<p>Lietuvoje gaminami \u0161ilumos siurbliai IGLU Aleut, kaip atsinaujinant\u012f \u0161altin\u012f naudoja grunt\u0105, kuriame sukaupta energija \u012f \u0161ildymo\/v\u0117sinimo sistem\u0105 patenka pasitelkus vertikal\u0173 arba horizontal\u0173 lauko kont\u016br\u0105. Taip u\u017etikrinami minimal\u016bs \u0161ildymo ka\u0161tai bei energijos nuostoliai.<\/p>\n<p>IGLU Aleut 5 kW galios \u0161ilumos siurbl\u012f rekomenduojama \u012frengti individualiuose namuose bei koted\u017euose, kuri\u0173 plotas siekia 60-120 kvadratini\u0173 metr\u0173.<\/p>\n<p><img fetchpriority=\"high\" decoding=\"async\" class=\"alignnone wp-image-2593 size-full\" src=\"https:\/\/iglutech.eu\/wp-content\/uploads\/Lietuvos-energetikos-agentura-finansavimas.png\" alt=\"tinka apva paramai\" width=\"350\" height=\"200\" \/><\/p>\n<\/div>\n<p>IGLU Aleut \u2013 inovatyv\u016bs, patikimi, geoterminiai \u0161ilumos siurbliai, skirti \u0161iuolaikinio namo gyventojui. Pasi\u017eymi itin efektyviu veikimu ir dideliu naudingumo koeficientu esant net labai \u017eemoms lauko temperat\u016broms. \u0160ilumos gaminimui naudoja nemokam\u0105, gamtoje sukaupt\u0105 energij\u0105 ir u\u017etikrina minimalias patalp\u0173 \u0161ildymo bei v\u0117sinimo s\u0105naudas. Prisideda prie CO2 kiekio ma\u017einimo, tausoja aplink\u0105.<\/p>\n<p>Pagaminti Lietuvoje.<\/p>\n<p>Naudojimas: individual\u016bs gyvenamieji namai ir koted\u017eai<\/p>\n<p><strong>IGLU geotermini\u0173 \u0161ilumos siurbli\u0173 privalumai:<\/strong><\/p>\n<ul>\n<li>Intuityvi vartotojo s\u0105saja lietuvi\u0173 kalba<\/li>\n<li>Elektroninis agento \u012fpur\u0161kimas<\/li>\n<li>Nuotolinis valdymas ir prie\u017ei\u016bra<\/li>\n<li>Naujausios kartos cirkuliaciniai siurbliai<\/li>\n<li>Spiraliniai kompresoriai<\/li>\n<li>Plok\u0161teliniai \u0161ilumokai\u010diai<\/li>\n<li>Integruota, 200l vandens \u0161ildymo talpa (boileris)<\/li>\n<\/ul>\n<p><img decoding=\"async\" class=\"\" src=\"https:\/\/iglutech.eu\/wp-content\/uploads\/Energy_label_IGLU_Aleut_9WT_3.png\" width=\"515\" height=\"515\" \/><img decoding=\"async\" class=\"\" src=\"https:\/\/iglutech.eu\/wp-content\/uploads\/Energy_label_IGLU_Aleut_9WT_1.png\" width=\"515\" height=\"515\" \/><\/p>\n<table class=\"woocommerce-product-attributes shop_attributes\">\n<tbody>\n<tr class=\"woocommerce-product-attributes-item woocommerce-product-attributes-item--attribute_pa_tipas\">\n<th class=\"woocommerce-product-attributes-item__label\">Tipas<\/th>\n<td class=\"woocommerce-product-attributes-item__value\">Gruntas-vanduo<\/td>\n<\/tr>\n<tr class=\"woocommerce-product-attributes-item woocommerce-product-attributes-item--attribute_pa_ss-kategorija\">\n<th class=\"woocommerce-product-attributes-item__label\">Kategorija<\/th>\n<td class=\"woocommerce-product-attributes-item__value\">Pastovios galios \u0161ilumos siurbliai<\/td>\n<\/tr>\n<tr class=\"woocommerce-product-attributes-item woocommerce-product-attributes-item--attribute_pa_svoris-kg\">\n<th class=\"woocommerce-product-attributes-item__label\">Svoris (kg)<\/th>\n<td class=\"woocommerce-product-attributes-item__value\">200 kg<\/td>\n<\/tr>\n<tr class=\"woocommerce-product-attributes-item woocommerce-product-attributes-item--attribute_pa_matmenys-cm\">\n<th class=\"woocommerce-product-attributes-item__label\">Matmenys (cm)<\/th>\n<td class=\"woocommerce-product-attributes-item__value\">70\u00d770\u00d7175 cm<\/td>\n<\/tr>\n<tr class=\"woocommerce-product-attributes-item woocommerce-product-attributes-item--attribute_pa_vandens-sildytuvas\">\n<th class=\"woocommerce-product-attributes-item__label\">Vandens \u0161ildytuvas<\/th>\n<td class=\"woocommerce-product-attributes-item__value\">Su vandens \u0161ildytuvu (200 l)<\/td>\n<\/tr>\n<tr class=\"woocommerce-product-attributes-item woocommerce-product-attributes-item--attribute_pa_garso-lygis-isorinis\">\n<th class=\"woocommerce-product-attributes-item__label\">Garso lygis (vidinis blokas)<\/th>\n<td class=\"woocommerce-product-attributes-item__value\">42 dB<\/td>\n<\/tr>\n<tr class=\"woocommerce-product-attributes-item woocommerce-product-attributes-item--attribute_pa_silumine-galia\">\n<th class=\"woocommerce-product-attributes-item__label\">\u0160ilumin\u0117 galia<\/th>\n<td class=\"woocommerce-product-attributes-item__value\">9 kW<\/td>\n<\/tr>\n<tr class=\"woocommerce-product-attributes-item woocommerce-product-attributes-item--attribute_pa_cop-bo-w35\">\n<th class=\"woocommerce-product-attributes-item__label\">COP B0\/W35<\/th>\n<td class=\"woocommerce-product-attributes-item__value\">4,45<\/td>\n<\/tr>\n<tr class=\"woocommerce-product-attributes-item woocommerce-product-attributes-item--attribute_pa_scop-b0-w35\">\n<th class=\"woocommerce-product-attributes-item__label\">SCOP B0\/W35<\/th>\n<td class=\"woocommerce-product-attributes-item__value\">5,72<\/td>\n<\/tr>\n<tr class=\"woocommerce-product-attributes-item woocommerce-product-attributes-item--attribute_pa_efektyvumo-klase\">\n<th class=\"woocommerce-product-attributes-item__label\">EFEKTYVUMO KLAS\u0116 (patalp\u0173 \u0161ildymas 35\/55\u00b0C)<\/th>\n<td class=\"woocommerce-product-attributes-item__value\">A+++ \/ A+++<\/td>\n<\/tr>\n<tr class=\"woocommerce-product-attributes-item woocommerce-product-attributes-item--attribute_pa_jungimas-i-elektros-tinkla\">\n<th class=\"woocommerce-product-attributes-item__label\">Jungimas \u012f elektros tinkl\u0105<\/th>\n<td class=\"woocommerce-product-attributes-item__value\">400 V 3 N~50 Hz<\/td>\n<\/tr>\n<tr class=\"woocommerce-product-attributes-item woocommerce-product-attributes-item--attribute_pa_kompresoriaus-tipas\">\n<th class=\"woocommerce-product-attributes-item__label\">Kompresoriaus tipas<\/th>\n<td class=\"woocommerce-product-attributes-item__value\">Spiralinis<\/td>\n<\/tr>\n<tr class=\"woocommerce-product-attributes-item woocommerce-product-attributes-item--attribute_pa_nuotolinis-valdymas\">\n<th class=\"woocommerce-product-attributes-item__label\">Nuotolinis valdymas<\/th>\n<td class=\"woocommerce-product-attributes-item__value\">yra<\/td>\n<\/tr>\n<tr class=\"woocommerce-product-attributes-item woocommerce-product-attributes-item--attribute_pa_saltnesis\">\n<th class=\"woocommerce-product-attributes-item__label\">\u0160altne\u0161is<\/th>\n<td class=\"woocommerce-product-attributes-item__value\">R407C<\/td>\n<\/tr>\n<tr class=\"woocommerce-product-attributes-item woocommerce-product-attributes-item--attribute_pa_saltnesio-kiekis-kg\">\n<th class=\"woocommerce-product-attributes-item__label\">\u0160altne\u0161io kiekis (kg)<\/th>\n<td class=\"woocommerce-product-attributes-item__value\">1,35<\/td>\n<\/tr>\n<tr class=\"woocommerce-product-attributes-item woocommerce-product-attributes-item--attribute_pa_meniu-kalbos\">\n<th class=\"woocommerce-product-attributes-item__label\">Meniu kalbos<\/th>\n<td class=\"woocommerce-product-attributes-item__value\">LT, EN, RU, PL, SV<\/td>\n<\/tr>\n<\/tbody>\n<\/table>","protected":false},"excerpt":{"rendered":"<p>5 metai GARANTIJA<\/p>\n<p><strong>I\u0161mani komforto kontrol\u0117 su IGLU Home program\u0117le<br \/>\n<\/strong><\/p>\n<ul>\n<li>Itin patogus patalp\u0173 oro bei kar\u0161to vandens ruo\u0161imo temperat\u016br\u0173 reguliavimas<\/li>\n<li>Energijos sunaudojimo, pagaminto \u0161ilumos kiekio, COP\/SCOP monitoringas<\/li>\n<li>\u012erenginio b\u016bkl\u0117s ir darbini\u0173 sistemos parametr\u0173 steb\u0117jimas<\/li>\n<li>Prane\u0161imai apie sistemos klaidas ir gedimus<\/li>\n<li>\u012erenginio \u012fjungimas\/i\u0161jungimas, v\u0117sinimo funkcijos aktyvavimas<\/li>\n<li>Energijos efektyvumo klas\u0117 &#8211; A+++<\/li>\n<li>SCOP (B0\/W35) &#8211; 5,72<\/li>\n<li>SCOP (B0\/W45) &#8211; 4,26<\/li>\n<li>\u0160altne\u0161is &#8211; R407C<\/li>\n<li>Min. tiekiamo srauto temperat\u016bra &#8211; 15 \u00b0C<\/li>\n<li>Maks. tiekiamo srauto temperat\u016bra &#8211; 60 \u00b0C<\/li>\n<li>Maks. leid\u017eiamasis darbinis sl\u0117gis &#8211; 4,0 bar<\/li>\n<li>Kar\u0161to vandens talpos t\u016bris &#8211; 200 l<\/li>\n<li>Kar\u0161to vandens talpos\u00a0med\u017eiaga &#8211; ner\u016bdijantis plienas<\/li>\n<\/ul>\n<table class=\"woocommerce-product-attributes shop_attributes\">\n<tbody>\n<tr class=\"woocommerce-product-attributes-item woocommerce-product-attributes-item--attribute_pa_eer-cop\">\n<th class=\"woocommerce-product-attributes-item__label\">COP<\/th>\n<td class=\"woocommerce-product-attributes-item__value\">4.45<\/td>\n<\/tr>\n<tr class=\"woocommerce-product-attributes-item woocommerce-product-attributes-item--attribute_pa_wifi-valdymas\">\n<th class=\"woocommerce-product-attributes-item__label\">WiFi valdymas<\/th>\n<td class=\"woocommerce-product-attributes-item__value\">Taip<\/td>\n<\/tr>\n<tr class=\"woocommerce-product-attributes-item woocommerce-product-attributes-item--attribute_pa_sildymo-galia\">\n<th class=\"woocommerce-product-attributes-item__label\">\u0160ildymo galia<\/th>\n<td class=\"woocommerce-product-attributes-item__value\">9.0 kW<\/td>\n<\/tr>\n<tr class=\"woocommerce-product-attributes-item woocommerce-product-attributes-item--attribute_pa_spalva\">\n<th class=\"woocommerce-product-attributes-item__label\">Prek\u0117s spalva<\/th>\n<td class=\"woocommerce-product-attributes-item__value\">Juoda<\/td>\n<\/tr>\n<\/tbody>\n<\/table>","protected":false},"featured_media":6826,"template":"","meta":{"om_disable_all_campaigns":false,"_monsterinsights_skip_tracking":false,"_monsterinsights_sitenote_active":false,"_monsterinsights_sitenote_note":"","_monsterinsights_sitenote_category":0},"product_brand":[],"product_cat":[415],"product_tag":[177,442,443,444,418,425,423,424,422,421],"class_list":{"0":"post-6858","1":"product","2":"type-product","3":"status-publish","4":"has-post-thumbnail","6":"product_cat-geoterminiai-gruntas-vanduo","7":"product_tag-0-kw","8":"product_tag-geoterminis-silumos-siurblys-iglu-aleut-9-wt-su-integruotu-boileriu-200l-9","9":"product_tag-iglu-aleut-9-wt","10":"product_tag-iglu-aleut-9-wt-su-integruotu-boileriu","11":"product_tag-iglu-geoterminiai-silumos-siurbliai","12":"product_tag-iglu-geoterminis","13":"product_tag-iglu-gruntas-vanduo","14":"product_tag-iglu-zeme-vanduo","15":"product_tag-lietuviskas-geoterminis-siurblys","16":"product_tag-lietuvislas-geoterminis-sildymas","17":"pa_boileris-su-boileriu","18":"pa_galingumas-9-0-kw","19":"pa_wifi-valdymas-taip","21":"first","22":"instock","23":"sale","24":"shipping-taxable","25":"purchasable","26":"product-type-simple"},"aioseo_notices":[],"_links":{"self":[{"href":"https:\/\/izopaga.lt\/en\/wp-json\/wp\/v2\/product\/6858","targetHints":{"allow":["GET"]}}],"collection":[{"href":"https:\/\/izopaga.lt\/en\/wp-json\/wp\/v2\/product"}],"about":[{"href":"https:\/\/izopaga.lt\/en\/wp-json\/wp\/v2\/types\/product"}],"wp:featuredmedia":[{"embeddable":true,"href":"https:\/\/izopaga.lt\/en\/wp-json\/wp\/v2\/media\/6826"}],"wp:attachment":[{"href":"https:\/\/izopaga.lt\/en\/wp-json\/wp\/v2\/media?parent=6858"}],"wp:term":[{"taxonomy":"product_brand","embeddable":true,"href":"https:\/\/izopaga.lt\/en\/wp-json\/wp\/v2\/product_brand?post=6858"},{"taxonomy":"product_cat","embeddable":true,"href":"https:\/\/izopaga.lt\/en\/wp-json\/wp\/v2\/product_cat?post=6858"},{"taxonomy":"product_tag","embeddable":true,"href":"https:\/\/izopaga.lt\/en\/wp-json\/wp\/v2\/product_tag?post=6858"}],"curies":[{"name":"wp","href":"https:\/\/api.w.org\/{rel}","templated":true}]}}