{"id":6863,"date":"2025-06-04T11:56:50","date_gmt":"2025-06-04T08:56:50","guid":{"rendered":"https:\/\/izopaga.lt\/?post_type=product&#038;p=6863"},"modified":"2025-06-04T12:02:30","modified_gmt":"2025-06-04T09:02:30","slug":"geoterminis-silumos-siurblys-iglu-aleut-inverter-12-wti-su-integruotu-boileriu-200l-120-kw","status":"publish","type":"product","link":"https:\/\/izopaga.lt\/en\/produktai\/geoterminis-silumos-siurblys-iglu-aleut-inverter-12-wti-su-integruotu-boileriu-200l-120-kw\/","title":{"rendered":"Geoterminis \u0161ilumos siurblys iGLu Aleut inverter 12 WTI su integruotu boileriu 200L 12,0 kW"},"content":{"rendered":"<p>5 metai GARANTIJA<\/p>\n<p>Ilgaam\u017ei\u0161ki, geoterminiai \u0161ilumos siurbliai, skirti \u0161iuolaikinio namo gyventojui. \u0160ilumos ir v\u0117sos gaminimui naudoja gamtoje sukaupt\u0105, nemokam\u0105 energij\u0105 ir u\u017etikrina minimalias s\u0105naudas. Pagaminti Lietuvoje. Naudojimas: individual\u016bs gyvenamieji namai ir koted\u017eai<br \/>\n<strong>Vienas \u012frenginys \u2013 trys funkcijos<\/strong><br \/>\nNaujos kartos IGLU Aleut \u0161ilumos siurbliai naudoja \u017eem\u0117s gelm\u0117se sukaupt\u0105, \u0161vari\u0105 energij\u0105 ne tik patalp\u0173 \u0161ildymui, bet ir v\u0117sinimui, kar\u0161to vandens ruo\u0161imui.<br \/>\n<strong>Didesnis efektyvumas \u2013 ma\u017eesn\u0117s s\u0105naudos<\/strong><br \/>\nKruop\u0161\u010diai parinkti bei tarpusavyje suderinti \u0161ilumos siurbli\u0173 komponentai leid\u017eia pasiekti did\u017eiausi\u0105 sezonin\u012f efektyvum\u0105 ir u\u017etikrinti minimalias s\u0105naudas.<br \/>\n<strong>Nuotolinis valdymas i\u0161 bet kurios pasaulio vietos<\/strong><br \/>\nIGLU Home program\u0117l\u0117 leid\u017eia valdyti \u012frengin\u012f realiuoju laiku, steb\u0117ti darbinius \u0161ildymo sistemos parametrus, elektros s\u0105naudas, pagamint\u0105 \u0161ilumin\u0119 energij\u0105 ir momentin\u012f efektyvumo koeficient\u0105.<br \/>\n<strong>IGLU geotermini\u0173 \u0161ilumos siurbli\u0173 privalumai:<\/strong><\/p>\n<ul>\n<li>Intuityvi vartotojo s\u0105saja lietuvi\u0173 kalba<\/li>\n<li>Elektroninis agento \u012fpur\u0161kimas<\/li>\n<li>Nuotolinis valdymas ir prie\u017ei\u016bra<\/li>\n<li>Naujausios kartos cirkuliaciniai siurbliai<\/li>\n<li>Spiraliniai kompresoriai<\/li>\n<li>Plok\u0161teliniai \u0161ilumokai\u010diai<\/li>\n<\/ul>\n<ul>\n<li>SCOP (B0\/W35) &#8211; 5,75<\/li>\n<li>\u0160altne\u0161is &#8211; R407C<\/li>\n<li>Min. tiekiamo srauto temperat\u016bra &#8211; 15 \u00b0C<\/li>\n<li>Maks. tiekiamo srauto temperat\u016bra &#8211; 60 \u00b0C<\/li>\n<li>Maks. leid\u017eiamasis darbinis sl\u0117gis &#8211; 4,0 bar<\/li>\n<li>Kar\u0161to vandens talpos t\u016bris &#8211; 200 l<\/li>\n<li>Kar\u0161to vandens talpos\u00a0med\u017eiaga &#8211; ner\u016bdijantis plienas<\/li>\n<\/ul>\n<p><img fetchpriority=\"high\" decoding=\"async\" class=\"\" src=\"https:\/\/iglutech.eu\/wp-content\/uploads\/Energy_label_IGLU_Aleut_12WTI_3.png\" width=\"684\" height=\"684\" \/><img decoding=\"async\" class=\"\" src=\"https:\/\/iglutech.eu\/wp-content\/uploads\/Energy_label_IGLU_Aleut_12WTI_1.png\" width=\"683\" height=\"683\" \/><\/p>\n<table class=\"woocommerce-product-attributes shop_attributes\">\n<tbody>\n<tr class=\"woocommerce-product-attributes-item woocommerce-product-attributes-item--attribute_pa_produkto-pavadinimas\">\n<th class=\"woocommerce-product-attributes-item__label\">Produkto pavadinimas<\/th>\n<td class=\"woocommerce-product-attributes-item__value\">IGLU Aleut 12 WTI<\/td>\n<\/tr>\n<tr class=\"woocommerce-product-attributes-item woocommerce-product-attributes-item--attribute_pa_tipas\">\n<th class=\"woocommerce-product-attributes-item__label\">Tipas<\/th>\n<td class=\"woocommerce-product-attributes-item__value\">Gruntas-vanduo<\/td>\n<\/tr>\n<tr class=\"woocommerce-product-attributes-item woocommerce-product-attributes-item--attribute_pa_ss-kategorija\">\n<th class=\"woocommerce-product-attributes-item__label\">Kategorija<\/th>\n<td class=\"woocommerce-product-attributes-item__value\">Kintamos galios \u0161ilumos siurbliai<\/td>\n<\/tr>\n<tr class=\"woocommerce-product-attributes-item woocommerce-product-attributes-item--attribute_pa_matmenys-cm\">\n<th class=\"woocommerce-product-attributes-item__label\">Matmenys (cm)<\/th>\n<td class=\"woocommerce-product-attributes-item__value\">70\u00d770\u00d7175 cm<\/td>\n<\/tr>\n<tr class=\"woocommerce-product-attributes-item woocommerce-product-attributes-item--attribute_pa_vandens-sildytuvas\">\n<th class=\"woocommerce-product-attributes-item__label\">Vandens \u0161ildytuvas<\/th>\n<td class=\"woocommerce-product-attributes-item__value\">Su vandens \u0161ildytuvu (200 l)<\/td>\n<\/tr>\n<tr class=\"woocommerce-product-attributes-item woocommerce-product-attributes-item--attribute_pa_scop-b0-w35\">\n<th class=\"woocommerce-product-attributes-item__label\">SCOP B0\/W35<\/th>\n<td class=\"woocommerce-product-attributes-item__value\">5,75<\/td>\n<\/tr>\n<tr class=\"woocommerce-product-attributes-item woocommerce-product-attributes-item--attribute_pa_saltnesio-kiekis-kg\">\n<th class=\"woocommerce-product-attributes-item__label\">\u0160altne\u0161io kiekis (kg)<\/th>\n<td class=\"woocommerce-product-attributes-item__value\">1,45<\/td>\n<\/tr>\n<\/tbody>\n<\/table>","protected":false},"excerpt":{"rendered":"<p>5 metai GARANTIJA<\/p>\n<p><strong>I\u0161mani komforto kontrol\u0117 su IGLU Home program\u0117le<br \/>\n<\/strong><\/p>\n<ul>\n<li>Energijos efektyvumo klas\u0117 &#8211; A+++<\/li>\n<li>SCOP (B0\/W35) &#8211; 5,75<\/li>\n<li>\u0160altne\u0161is &#8211; R407C<\/li>\n<li>Min. tiekiamo srauto temperat\u016bra &#8211; 15 \u00b0C<\/li>\n<li>Maks. tiekiamo srauto temperat\u016bra &#8211; 60 \u00b0C<\/li>\n<li>Maks. leid\u017eiamasis darbinis sl\u0117gis &#8211; 4,0 bar<\/li>\n<li>Kar\u0161to vandens talpos t\u016bris &#8211; 200 l<\/li>\n<li>Kar\u0161to vandens talpos\u00a0med\u017eiaga &#8211; ner\u016bdijantis plienas<\/li>\n<\/ul>\n<table class=\"woocommerce-product-attributes shop_attributes\">\n<tbody>\n<tr class=\"woocommerce-product-attributes-item woocommerce-product-attributes-item--attribute_pa_eer-cop\">\n<th class=\"woocommerce-product-attributes-item__label\">SCOP<\/th>\n<td class=\"woocommerce-product-attributes-item__value\">5.75<\/td>\n<\/tr>\n<tr class=\"woocommerce-product-attributes-item woocommerce-product-attributes-item--attribute_pa_wifi-valdymas\">\n<th class=\"woocommerce-product-attributes-item__label\">WiFi valdymas<\/th>\n<td class=\"woocommerce-product-attributes-item__value\">Taip<\/td>\n<\/tr>\n<tr class=\"woocommerce-product-attributes-item woocommerce-product-attributes-item--attribute_pa_sildymo-galia\">\n<th class=\"woocommerce-product-attributes-item__label\">\u0160ildymo galia<\/th>\n<td class=\"woocommerce-product-attributes-item__value\">4-12.0 kW<\/td>\n<\/tr>\n<tr class=\"woocommerce-product-attributes-item woocommerce-product-attributes-item--attribute_pa_spalva\">\n<th class=\"woocommerce-product-attributes-item__label\">Prek\u0117s spalva<\/th>\n<td class=\"woocommerce-product-attributes-item__value\">Juoda<\/td>\n<\/tr>\n<\/tbody>\n<\/table>","protected":false},"featured_media":6826,"template":"","meta":{"om_disable_all_campaigns":false,"_monsterinsights_skip_tracking":false,"_monsterinsights_sitenote_active":false,"_monsterinsights_sitenote_note":"","_monsterinsights_sitenote_category":0},"product_brand":[],"product_cat":[415],"product_tag":[177,458,460,459,418,425,423,424,422,421],"class_list":{"0":"post-6863","1":"product","2":"type-product","3":"status-publish","4":"has-post-thumbnail","6":"product_cat-geoterminiai-gruntas-vanduo","7":"product_tag-0-kw","8":"product_tag-geoterminis-silumos-siurblys-iglu-aleut-inverter-12-wti-su-integruotu-boileriu-200l-12","9":"product_tag-iglu-aleut-inverter-12-wti","10":"product_tag-iglu-aleut-inverter-12-wti-su-integruotu-boileriu","11":"product_tag-iglu-geoterminiai-silumos-siurbliai","12":"product_tag-iglu-geoterminis","13":"product_tag-iglu-gruntas-vanduo","14":"product_tag-iglu-zeme-vanduo","15":"product_tag-lietuviskas-geoterminis-siurblys","16":"product_tag-lietuvislas-geoterminis-sildymas","17":"pa_boileris-su-boileriu","18":"pa_galingumas-12-kw","19":"pa_wifi-valdymas-taip","21":"first","22":"instock","23":"sale","24":"shipping-taxable","25":"purchasable","26":"product-type-simple"},"aioseo_notices":[],"_links":{"self":[{"href":"https:\/\/izopaga.lt\/en\/wp-json\/wp\/v2\/product\/6863","targetHints":{"allow":["GET"]}}],"collection":[{"href":"https:\/\/izopaga.lt\/en\/wp-json\/wp\/v2\/product"}],"about":[{"href":"https:\/\/izopaga.lt\/en\/wp-json\/wp\/v2\/types\/product"}],"wp:featuredmedia":[{"embeddable":true,"href":"https:\/\/izopaga.lt\/en\/wp-json\/wp\/v2\/media\/6826"}],"wp:attachment":[{"href":"https:\/\/izopaga.lt\/en\/wp-json\/wp\/v2\/media?parent=6863"}],"wp:term":[{"taxonomy":"product_brand","embeddable":true,"href":"https:\/\/izopaga.lt\/en\/wp-json\/wp\/v2\/product_brand?post=6863"},{"taxonomy":"product_cat","embeddable":true,"href":"https:\/\/izopaga.lt\/en\/wp-json\/wp\/v2\/product_cat?post=6863"},{"taxonomy":"product_tag","embeddable":true,"href":"https:\/\/izopaga.lt\/en\/wp-json\/wp\/v2\/product_tag?post=6863"}],"curies":[{"name":"wp","href":"https:\/\/api.w.org\/{rel}","templated":true}]}}