{"id":6875,"date":"2025-07-08T15:10:53","date_gmt":"2025-07-08T12:10:53","guid":{"rendered":"https:\/\/izopaga.lt\/?post_type=product&#038;p=6875"},"modified":"2026-04-09T13:41:14","modified_gmt":"2026-04-09T10:41:14","slug":"gree-versati-iv-duo-silumos-siurblys-oras-vanduo-su-integruotu-boileriu185l-grs-cq4-0pd-nh-h3-e-o-ir-grs-cq4-0pdg-n-hh3-ei-43-kw","status":"publish","type":"product","link":"https:\/\/izopaga.lt\/en\/produktai\/gree-versati-iv-duo-silumos-siurblys-oras-vanduo-su-integruotu-boileriu185l-grs-cq4-0pd-nh-h3-e-o-ir-grs-cq4-0pdg-n-hh3-ei-43-kw\/","title":{"rendered":"GREE VERSATI IV DUO \u0161ilumos siurblys oras-vanduo su integruotu boileriu185l GRS-CQ4.0PD\/Nh H3-E-O ir GRS-CQ4.0PDG\/N hH3-EI  4,3 kW"},"content":{"rendered":"<p><strong>Ypatumai:<\/strong><br \/>\n\u2022 juodos spalvos i\u0161orinis blokas;<br \/>\n\u2022 A klas\u0117s cirkuliacinis siurblys;<br \/>\n\u2022 \u0161ildymo efektyvaus veikimo ribos nuo -30\u00b0C iki +35\u00b0C, v\u0117sinimo &#8211; nuo +10 iki +48\u00b0C lauko temperat\u016bros;<br \/>\n\u2022 komplekte kartu tiekiama trieigis vo\u017etuvas, patalpos termostatas (temperat\u016bros jutiklis), vandens \u0161ildytuvo daviklis, signalinis laidas tarp vidin\u0117s ir i\u0161orin\u0117s dalies, grubaus valymo filtras, i\u0161orin\u0117s dalies dugno pa\u0161ildymo kabelis);<br \/>\n\u2022 valdiklis lietimui jautriu spalvotu ekranu;<br \/>\n\u2022 integruotas Wifi valdymas i\u0161maniuoju telefonu;<br \/>\n\u2022 keli veikimo re\u017eimai: tylaus veikimo, atostog\u0173, sterilizacijos re\u017eimai;<br \/>\n\u2022 integruota v\u0117sinimo funkcija &#8211; galimyb\u0117 v\u0117sinti pasyviai per grindis arba aktyviai per ventiliatorinius konvektorius (fankoilus);<br \/>\n\u2022 integruotas pa\u0161ildymo kabelis.<br \/>\n<strong>\u0160ilumos siurblio darbini\u0173 parametr\u0173 reik\u0161m\u0117s, kai T=+7\u00b0C\/+35\u00b0C:<\/strong><br \/>\n\u2022 nominali \u0161ildymo galia (grindinis \u0161ildymas): 4,3\u00a0kW;<br \/>\n\u2022 elektros s\u0105naudos (grind\u0173 \u0161ildymas): 0,79 kW;<br \/>\n\u2022 auk\u0161tas naudingo veikimo koeficientas (COP) &#8211; net iki 5,45 (EN 14511-2);<br \/>\n<strong>\u0160ilumos siurblio veikimo parametr\u0173 reik\u0161m\u0117s, kai T=+35\u00b0C\/+18\u00b0C:<\/strong><br \/>\n\u2022 v\u0117sinimo galia (grind\u0173 v\u0117sinimas): 4,5\u00a0kW;<br \/>\n\u2022 elektros s\u0105naudos (grind\u0173 v\u0117sinimas): 0,80 kW;<br \/>\n\u2022 naudingo veikimo koeficientas EER (grind\u0173 v\u0117sinimas) iki: 5,60.<br \/>\n<strong>Vidin\u0117s dalies parametrai:<\/strong><br \/>\n\u2022 rezervinis kaitinimo elementas: 1,5+1,5\u00a0kW &#8211; naudingas tuomet, kai \u0161ilumos, gaunamos i\u0161 oro, nepakanka \u0161ilumne\u0161io temperat\u016bros pak\u0117limui;<br \/>\n\u2022 integruotas\u00a0kintamo srauto cirkuliacinis siurblys;<br \/>\n\u2022 apsauginis vo\u017etuvas 1\/2&#8243;, 3bar;<br \/>\n\u2022 triuk\u0161mo lygis: 43 dB(A);<br \/>\n\u2022 svoris: 193 kg;<br \/>\n\u2022 varini\u0173 vamzdeli\u0173 skersmuo:\u00a0colinis 1\/4&#8243; + 1\/2&#8243;.<br \/>\nSuteikiama iki 3 met\u0173 garantija.<\/p>\n<p>\u012erenginys turi Eurovent sertifikat\u0105.<\/p>\n<p><img decoding=\"async\" src=\"https:\/\/encrypted-tbn0.gstatic.com\/images?q=tbn:ANd9GcT6WkIMQTxfd5ehC2lP3CicX9x7IZrB5OW22Q&amp;s\" alt=\"Eurovent Certita Certification\" \/><\/p>\n<table class=\"table table-bordered table-striped\" width=\"589\">\n<tbody>\n<tr>\n<td><strong>\u0160ildymo galia<\/strong>\u00a0+7\u00b0C\/+35\u00b0C \u2013 grind\u0173 \u0161ildymas<\/td>\n<td>kW<\/td>\n<td>4.30<\/td>\n<\/tr>\n<tr>\n<td>Elektros s\u0105naudos +7\u00b0C\/+35\u00b0C \u2013 grind\u0173 \u0161ildymas<\/td>\n<td>kW<\/td>\n<td>0.79<\/td>\n<\/tr>\n<tr>\n<td>COP +7\u00b0C\/+35\u00b0C \u2013 grind\u0173 \u0161ildymas<\/td>\n<td><\/td>\n<td>5.45<\/td>\n<\/tr>\n<tr>\n<td><strong>V\u0117sinimo galia<\/strong>\u00a0+35\u00b0C\/+18\u00b0C \u2013 grind\u0173 v\u0117sinimas<\/td>\n<td>kW<\/td>\n<td>4.50<\/td>\n<\/tr>\n<tr>\n<td>Elektros s\u0105naudos +35\u00b0C\/+18\u00b0C \u2013 grind\u0173 v\u0117sinimas<\/td>\n<td>kW<\/td>\n<td>0.80<\/td>\n<\/tr>\n<tr>\n<td>EER +35\u00b0C\/+18\u00b0C \u2013 grind\u0173 v\u0117sinimas<\/td>\n<td><\/td>\n<td>5.60<\/td>\n<\/tr>\n<tr>\n<td>Vidin\u0117s dalies matmenys (auk\u0161tisxplotisxgylis)<\/td>\n<td>mm<\/td>\n<td>1800x600x650<\/td>\n<\/tr>\n<tr>\n<td>Vidin\u0117s dalies svoris<\/td>\n<td>kg<\/td>\n<td>193<\/td>\n<\/tr>\n<tr>\n<td>I\u0161orin\u0117s dalies matmenys (auk\u0161tisxplotisxgylis)<\/td>\n<td>mm<\/td>\n<td>924x746x385<\/td>\n<\/tr>\n<tr>\n<td>I\u0161orin\u0117s dalies svoris<\/td>\n<td>kg<\/td>\n<td>61<\/td>\n<\/tr>\n<tr>\n<td>I\u0161orin\u0117s dalies triuk\u0161mo lygis<\/td>\n<td>dB(A)<\/td>\n<td>53<\/td>\n<\/tr>\n<tr>\n<td class=\"titleLine\">Elektros tiekimas<\/td>\n<td class=\"titleLine\">V\/~f\/Hz<\/td>\n<td class=\"titleLine\">230\/1\/50<\/td>\n<\/tr>\n<tr>\n<td class=\"titleLine\">Min.\/maks. i\u0161or\u0117s temperat\u016bra \u0161ildant<\/td>\n<td class=\"titleLine\">\u00b0C<\/td>\n<td class=\"titleLine\">-30\/35<\/td>\n<\/tr>\n<tr>\n<td class=\"titleLine\">Min.\/maks. i\u0161or\u0117s temperat\u016bra v\u0117sinant<\/td>\n<td class=\"titleLine\">\u00b0C<\/td>\n<td class=\"titleLine\">-15\/48<\/td>\n<\/tr>\n<tr>\n<td class=\"titleLine\">Min.\/maks. i\u0161or\u0117s temperat\u016bra kar\u0161to vandens ruo\u0161imui<\/td>\n<td class=\"titleLine\">\u00b0C<\/td>\n<td class=\"titleLine\">-30\/45<\/td>\n<\/tr>\n<tr>\n<td class=\"titleLine\">Min.\/maks. vandens pa\u0161ildymo temperat\u016bra<\/td>\n<td class=\"titleLine\">\u00b0C<\/td>\n<td class=\"titleLine\">40-80<\/td>\n<\/tr>\n<tr>\n<td>Vamzd\u017ei\u0173 prijungimo skersmuo (dujos)<\/td>\n<td>coliai<\/td>\n<td>1\/2<\/td>\n<\/tr>\n<tr>\n<td>Vamzd\u017ei\u0173 prijungimo skersmuo (skystis)<\/td>\n<td>coliai<\/td>\n<td>1\/4<\/td>\n<\/tr>\n<tr>\n<td>Gamykloje pripildyto freono kiekis<\/td>\n<td>g<\/td>\n<td>1300<\/td>\n<\/tr>\n<tr>\n<td>Min.\/maks. vamzd\u017ei\u0173 tarp vidin\u0117s ir i\u0161orin\u0117s dalies ilgis<\/td>\n<td>m<\/td>\n<td>5\/20<\/td>\n<\/tr>\n<tr>\n<td>Maks. auk\u0161\u010dio skirtumas tarp\u00a0vidin\u0117s ir i\u0161orin\u0117s dalies ilgis<\/td>\n<td>m<\/td>\n<td>15<\/td>\n<\/tr>\n<\/tbody>\n<\/table>","protected":false},"excerpt":{"rendered":"<p>\u2022 Garantija 3 metai<\/p>\n<p>\u2022\u00a0A klas\u0117s cirkuliacinis siurblys;<\/p>\n<p>\u2022 \u0161ildymo efektyvaus veikimo ribos nuo -30\u00b0C iki +35\u00b0C, v\u0117sinimo &#8211; nuo +10 iki +48\u00b0C lauko temperat\u016bros;<br \/>\n\u2022 komplekte kartu tiekiama trieigis vo\u017etuvas, patalpos termostatas (temperat\u016bros jutiklis), vandens \u0161ildytuvo daviklis, signalinis laidas tarp vidin\u0117s ir i\u0161orin\u0117s dalies, grubaus valymo filtras, i\u0161orin\u0117s dalies dugno pa\u0161ildymo kabelis);<br \/>\n\u2022 valdiklis lietimui jautriu spalvotu ekranu;<br \/>\n\u2022 integruotas Wifi valdymas i\u0161maniuoju telefonu;<br \/>\n\u2022 keli veikimo re\u017eimai: tylaus veikimo, atostog\u0173, sterilizacijos re\u017eimai;<br \/>\n\u2022 integruota v\u0117sinimo funkcija &#8211; galimyb\u0117 v\u0117sinti pasyviai per grindis arba aktyviai per ventiliatorinius konvektorius (fankoilus);<br \/>\n\u2022 integruotas pa\u0161ildymo kabelis.<\/p>\n<table class=\"woocommerce-product-attributes shop_attributes\">\n<tbody>\n<tr class=\"woocommerce-product-attributes-item woocommerce-product-attributes-item--attribute_pa_eer-cop\">\n<th class=\"woocommerce-product-attributes-item__label\">EER\/COP<\/th>\n<td class=\"woocommerce-product-attributes-item__value\">5.60\/5.45<\/td>\n<\/tr>\n<tr class=\"woocommerce-product-attributes-item woocommerce-product-attributes-item--attribute_pa_wifi-valdymas\">\n<th class=\"woocommerce-product-attributes-item__label\">WiFi valdymas<\/th>\n<td class=\"woocommerce-product-attributes-item__value\">Yra<\/td>\n<\/tr>\n<tr class=\"woocommerce-product-attributes-item woocommerce-product-attributes-item--attribute_pa_sildymo-galia\">\n<th class=\"woocommerce-product-attributes-item__label\">\u0160ildymo galia<\/th>\n<td class=\"woocommerce-product-attributes-item__value\">4.3 kW<\/td>\n<\/tr>\n<tr class=\"woocommerce-product-attributes-item woocommerce-product-attributes-item--attribute_pa_spalva\">\n<th class=\"woocommerce-product-attributes-item__label\">Prek\u0117s spalva<\/th>\n<td class=\"woocommerce-product-attributes-item__value\">Juoda\/Balta<\/td>\n<\/tr>\n<\/tbody>\n<\/table>\n<p>&nbsp;<\/p>","protected":false},"featured_media":6868,"template":"","meta":{"om_disable_all_campaigns":false,"_monsterinsights_skip_tracking":false,"_monsterinsights_sitenote_active":false,"_monsterinsights_sitenote_note":"","_monsterinsights_sitenote_category":0},"product_brand":[],"product_cat":[48],"product_tag":[479,470,469,468,467,478],"class_list":{"0":"post-6875","1":"product","2":"type-product","3":"status-publish","4":"has-post-thumbnail","6":"product_cat-silumos-siurbliai-oras-vanduo","7":"product_tag-3-kw","8":"product_tag-gree-oras-vanduo","9":"product_tag-gree-oras-vanduo-su-boileriu","10":"product_tag-gree-versati-iv-duo","11":"product_tag-gree-versati-iv-duo-silumos-siurblys-oras-vanduo-su-integruotu-boileriu","12":"product_tag-grs-cq4-0pd-nh-h3-e-o-ir-grs-cq4-0pdg-n-hh3-ei-4","13":"pa_boileris-su-boileriu","14":"pa_galingumas-4-3-kw","15":"pa_wifi-valdymas-taip","17":"first","18":"instock","19":"sale","20":"shipping-taxable","21":"purchasable","22":"product-type-simple"},"aioseo_notices":[],"_links":{"self":[{"href":"https:\/\/izopaga.lt\/en\/wp-json\/wp\/v2\/product\/6875","targetHints":{"allow":["GET"]}}],"collection":[{"href":"https:\/\/izopaga.lt\/en\/wp-json\/wp\/v2\/product"}],"about":[{"href":"https:\/\/izopaga.lt\/en\/wp-json\/wp\/v2\/types\/product"}],"wp:featuredmedia":[{"embeddable":true,"href":"https:\/\/izopaga.lt\/en\/wp-json\/wp\/v2\/media\/6868"}],"wp:attachment":[{"href":"https:\/\/izopaga.lt\/en\/wp-json\/wp\/v2\/media?parent=6875"}],"wp:term":[{"taxonomy":"product_brand","embeddable":true,"href":"https:\/\/izopaga.lt\/en\/wp-json\/wp\/v2\/product_brand?post=6875"},{"taxonomy":"product_cat","embeddable":true,"href":"https:\/\/izopaga.lt\/en\/wp-json\/wp\/v2\/product_cat?post=6875"},{"taxonomy":"product_tag","embeddable":true,"href":"https:\/\/izopaga.lt\/en\/wp-json\/wp\/v2\/product_tag?post=6875"}],"curies":[{"name":"wp","href":"https:\/\/api.w.org\/{rel}","templated":true}]}}