{"id":6885,"date":"2025-07-10T16:18:28","date_gmt":"2025-07-10T13:18:28","guid":{"rendered":"https:\/\/izopaga.lt\/?post_type=product&#038;p=6885"},"modified":"2025-07-10T16:55:44","modified_gmt":"2025-07-10T13:55:44","slug":"lg-thermia-v-iwt-split-silumos-siurblys-oras-vanduo-su-integruotu-boileriu-200l-hn0913t-nko-hu071mr-u44-70-kw","status":"publish","type":"product","link":"https:\/\/izopaga.lt\/en\/produktai\/lg-thermia-v-iwt-split-silumos-siurblys-oras-vanduo-su-integruotu-boileriu-200l-hn0913t-nko-hu071mr-u44-70-kw\/","title":{"rendered":"LG Thermia V IWT split \u0161ilumos siurblys oras-vanduo su integruotu boileriu 200L  HN0913T.NKO-HU071MR.U44 7,0 kW"},"content":{"rendered":"<h2>Apra\u0161ymas<\/h2>\n<div class=\"elementor elementor-7392\" data-elementor-type=\"wp-post\" data-elementor-id=\"7392\" data-elementor-settings=\"[]\">\n<div class=\"elementor-inner\">\n<div class=\"elementor-section-wrap\">\n<section class=\"elementor-section elementor-top-section elementor-element elementor-element-367cd4a6 elementor-section-boxed elementor-section-height-default elementor-section-height-default\" data-id=\"367cd4a6\" data-element_type=\"section\">\n<div class=\"elementor-container elementor-column-gap-default\">\n<div class=\"elementor-row\">\n<div class=\"elementor-column elementor-col-100 elementor-top-column elementor-element elementor-element-65d2f689\" data-id=\"65d2f689\" data-element_type=\"column\">\n<div class=\"elementor-column-wrap elementor-element-populated\">\n<div class=\"elementor-widget-wrap\">\n<div class=\"elementor-element elementor-element-3b6e6b08 elementor-widget elementor-widget-text-editor\" data-id=\"3b6e6b08\" data-element_type=\"widget\" data-widget_type=\"text-editor.default\">\n<div class=\"elementor-widget-container\">\n<div class=\"elementor-text-editor elementor-clearfix\">\n<ul>\n<li>Sertifikuota A+++ energetin\u0117 klas\u0117<\/li>\n<li>Lauko bloke naudojamas naujo tipo, efektyvus ir ekologi\u0161kas R32 freonas<\/li>\n<li>Valdymo pultas yra montuojamas patalpoje \u2013\u00a0J\u016bs\u0173 pasirinktoje vietoje<\/li>\n<li>Unikalios, papildomo freono \u012fpur\u0161kimo, technologijos d\u0117ka \u2013 ruo\u0161ia iki +65\u00b0C kar\u0161t\u0105 vanden\u012f<\/li>\n<\/ul>\n<\/div>\n<\/div>\n<\/div>\n<\/div>\n<\/div>\n<\/div>\n<\/div>\n<\/div>\n<\/section>\n<section class=\"elementor-section elementor-top-section elementor-element elementor-element-66949f6 elementor-section-boxed elementor-section-height-default elementor-section-height-default\" data-id=\"66949f6\" data-element_type=\"section\">\n<div class=\"elementor-container elementor-column-gap-default\">\n<div class=\"elementor-row\">\n<div class=\"elementor-column elementor-col-100 elementor-top-column elementor-element elementor-element-5ebcd39\" data-id=\"5ebcd39\" data-element_type=\"column\">\n<div class=\"elementor-column-wrap elementor-element-populated\">\n<div class=\"elementor-widget-wrap\">\n<div class=\"elementor-element elementor-element-2374e67 elementor-widget elementor-widget-image\" data-id=\"2374e67\" data-element_type=\"widget\" data-widget_type=\"image.default\">\n<div class=\"elementor-widget-container\">\n<div class=\"elementor-image\"><img fetchpriority=\"high\" decoding=\"async\" class=\"attachment-large size-large\" src=\"https:\/\/glco.eu\/wp-content\/uploads\/2023\/04\/Screenshot_8-1024x343.png\" sizes=\"(max-width: 1024px) 100vw, 1024px\" srcset=\"https:\/\/glco.eu\/wp-content\/uploads\/2023\/04\/Screenshot_8-1024x343.png 1024w, https:\/\/glco.eu\/wp-content\/uploads\/2023\/04\/Screenshot_8-300x101.png 300w, https:\/\/glco.eu\/wp-content\/uploads\/2023\/04\/Screenshot_8-768x258.png 768w, https:\/\/glco.eu\/wp-content\/uploads\/2023\/04\/Screenshot_8-1536x515.png 1536w, https:\/\/glco.eu\/wp-content\/uploads\/2023\/04\/Screenshot_8-600x201.png 600w, https:\/\/glco.eu\/wp-content\/uploads\/2023\/04\/Screenshot_8-64x21.png 64w, https:\/\/glco.eu\/wp-content\/uploads\/2023\/04\/Screenshot_8.png 1959w\" width=\"1024\" height=\"343\" \/><\/div>\n<\/div>\n<\/div>\n<\/div>\n<\/div>\n<\/div>\n<\/div>\n<\/div>\n<\/section>\n<section class=\"elementor-section elementor-top-section elementor-element elementor-element-c32bebb elementor-section-boxed elementor-section-height-default elementor-section-height-default\" data-id=\"c32bebb\" data-element_type=\"section\">\n<div class=\"elementor-container elementor-column-gap-default\">\n<div class=\"elementor-row\">\n<div class=\"elementor-column elementor-col-100 elementor-top-column elementor-element elementor-element-cd7247c\" data-id=\"cd7247c\" data-element_type=\"column\">\n<div class=\"elementor-column-wrap elementor-element-populated\">\n<div class=\"elementor-widget-wrap\">\n<div class=\"elementor-element elementor-element-b8ef8a1 elementor-widget elementor-widget-image\" data-id=\"b8ef8a1\" data-element_type=\"widget\" data-widget_type=\"image.default\">\n<div class=\"elementor-widget-container\">\n<div class=\"elementor-image\"><img decoding=\"async\" class=\"attachment-large size-large\" src=\"https:\/\/glco.eu\/wp-content\/uploads\/2023\/04\/Screenshot_5-1024x846.png\" sizes=\"(max-width: 1024px) 100vw, 1024px\" srcset=\"https:\/\/glco.eu\/wp-content\/uploads\/2023\/04\/Screenshot_5-1024x846.png 1024w, https:\/\/glco.eu\/wp-content\/uploads\/2023\/04\/Screenshot_5-300x248.png 300w, https:\/\/glco.eu\/wp-content\/uploads\/2023\/04\/Screenshot_5-768x635.png 768w, https:\/\/glco.eu\/wp-content\/uploads\/2023\/04\/Screenshot_5-1536x1270.png 1536w, https:\/\/glco.eu\/wp-content\/uploads\/2023\/04\/Screenshot_5-600x496.png 600w, https:\/\/glco.eu\/wp-content\/uploads\/2023\/04\/Screenshot_5-64x53.png 64w, https:\/\/glco.eu\/wp-content\/uploads\/2023\/04\/Screenshot_5.png 1580w\" width=\"1024\" height=\"846\" \/><\/div>\n<\/div>\n<\/div>\n<\/div>\n<\/div>\n<\/div>\n<\/div>\n<\/div>\n<\/section>\n<section class=\"elementor-section elementor-top-section elementor-element elementor-element-d185ddb elementor-section-boxed elementor-section-height-default elementor-section-height-default\" data-id=\"d185ddb\" data-element_type=\"section\">\n<div class=\"elementor-container elementor-column-gap-default\">\n<div class=\"elementor-row\">\n<div class=\"elementor-column elementor-col-100 elementor-top-column elementor-element elementor-element-1a783e0\" data-id=\"1a783e0\" data-element_type=\"column\">\n<div class=\"elementor-column-wrap elementor-element-populated\">\n<div class=\"elementor-widget-wrap\">\n<div class=\"elementor-element elementor-element-8545068 elementor-widget elementor-widget-image\" data-id=\"8545068\" data-element_type=\"widget\" data-widget_type=\"image.default\">\n<div class=\"elementor-widget-container\">\n<div class=\"elementor-image\"><img decoding=\"async\" class=\"attachment-large size-large\" src=\"https:\/\/glco.eu\/wp-content\/uploads\/2023\/04\/Screenshot_6-1024x555.png\" sizes=\"(max-width: 1024px) 100vw, 1024px\" srcset=\"https:\/\/glco.eu\/wp-content\/uploads\/2023\/04\/Screenshot_6-1024x555.png 1024w, https:\/\/glco.eu\/wp-content\/uploads\/2023\/04\/Screenshot_6-300x162.png 300w, https:\/\/glco.eu\/wp-content\/uploads\/2023\/04\/Screenshot_6-768x416.png 768w, https:\/\/glco.eu\/wp-content\/uploads\/2023\/04\/Screenshot_6-1536x832.png 1536w, https:\/\/glco.eu\/wp-content\/uploads\/2023\/04\/Screenshot_6-600x325.png 600w, https:\/\/glco.eu\/wp-content\/uploads\/2023\/04\/Screenshot_6-64x35.png 64w, https:\/\/glco.eu\/wp-content\/uploads\/2023\/04\/Screenshot_6.png 1861w\" width=\"1024\" height=\"555\" \/><\/div>\n<\/div>\n<\/div>\n<\/div>\n<\/div>\n<\/div>\n<\/div>\n<\/div>\n<\/section>\n<section class=\"elementor-section elementor-top-section elementor-element elementor-element-21a3cfd elementor-section-boxed elementor-section-height-default elementor-section-height-default\" data-id=\"21a3cfd\" data-element_type=\"section\">\n<div class=\"elementor-container elementor-column-gap-default\">\n<div class=\"elementor-row\">\n<div class=\"elementor-column elementor-col-100 elementor-top-column elementor-element elementor-element-8c90796\" data-id=\"8c90796\" data-element_type=\"column\">\n<div class=\"elementor-column-wrap elementor-element-populated\">\n<div class=\"elementor-widget-wrap\">\n<div class=\"elementor-element elementor-element-9764f09 elementor-widget elementor-widget-image\" data-id=\"9764f09\" data-element_type=\"widget\" data-widget_type=\"image.default\">\n<div class=\"elementor-widget-container\">\n<div class=\"elementor-image\"><img loading=\"lazy\" decoding=\"async\" class=\"attachment-large size-large\" src=\"https:\/\/glco.eu\/wp-content\/uploads\/2023\/04\/Screenshot_4-1024x234.png\" sizes=\"(max-width: 1024px) 100vw, 1024px\" srcset=\"https:\/\/glco.eu\/wp-content\/uploads\/2023\/04\/Screenshot_4-1024x234.png 1024w, https:\/\/glco.eu\/wp-content\/uploads\/2023\/04\/Screenshot_4-300x68.png 300w, https:\/\/glco.eu\/wp-content\/uploads\/2023\/04\/Screenshot_4-768x175.png 768w, https:\/\/glco.eu\/wp-content\/uploads\/2023\/04\/Screenshot_4-1536x351.png 1536w, https:\/\/glco.eu\/wp-content\/uploads\/2023\/04\/Screenshot_4-600x137.png 600w, https:\/\/glco.eu\/wp-content\/uploads\/2023\/04\/Screenshot_4-64x15.png 64w, https:\/\/glco.eu\/wp-content\/uploads\/2023\/04\/Screenshot_4.png 1945w\" width=\"1024\" height=\"234\" \/><\/div>\n<\/div>\n<\/div>\n<\/div>\n<\/div>\n<\/div>\n<\/div>\n<\/div>\n<\/section>\n<section class=\"elementor-section elementor-top-section elementor-element elementor-element-4227b3d elementor-section-boxed elementor-section-height-default elementor-section-height-default\" data-id=\"4227b3d\" data-element_type=\"section\">\n<div class=\"elementor-container elementor-column-gap-default\">\n<div class=\"elementor-row\">\n<div class=\"elementor-column elementor-col-100 elementor-top-column elementor-element elementor-element-348863f\" data-id=\"348863f\" data-element_type=\"column\">\n<div class=\"elementor-column-wrap elementor-element-populated\">\n<div class=\"elementor-widget-wrap\">\n<div class=\"elementor-element elementor-element-6461473 elementor-widget elementor-widget-image\" data-id=\"6461473\" data-element_type=\"widget\" data-widget_type=\"image.default\">\n<div class=\"elementor-widget-container\">\n<div class=\"elementor-image\"><img loading=\"lazy\" decoding=\"async\" class=\"attachment-large size-large\" src=\"https:\/\/glco.eu\/wp-content\/uploads\/2023\/04\/Screenshot_3-1024x415.png\" sizes=\"(max-width: 1024px) 100vw, 1024px\" srcset=\"https:\/\/glco.eu\/wp-content\/uploads\/2023\/04\/Screenshot_3-1024x415.png 1024w, https:\/\/glco.eu\/wp-content\/uploads\/2023\/04\/Screenshot_3-300x122.png 300w, https:\/\/glco.eu\/wp-content\/uploads\/2023\/04\/Screenshot_3-768x311.png 768w, https:\/\/glco.eu\/wp-content\/uploads\/2023\/04\/Screenshot_3-1536x623.png 1536w, https:\/\/glco.eu\/wp-content\/uploads\/2023\/04\/Screenshot_3-600x243.png 600w, https:\/\/glco.eu\/wp-content\/uploads\/2023\/04\/Screenshot_3-64x26.png 64w, https:\/\/glco.eu\/wp-content\/uploads\/2023\/04\/Screenshot_3.png 1993w\" width=\"1024\" height=\"415\" \/><\/div>\n<\/div>\n<\/div>\n<\/div>\n<\/div>\n<\/div>\n<\/div>\n<\/div>\n<\/section>\n<section class=\"elementor-section elementor-top-section elementor-element elementor-element-091f26f elementor-section-boxed elementor-section-height-default elementor-section-height-default\" data-id=\"091f26f\" data-element_type=\"section\">\n<div class=\"elementor-container elementor-column-gap-default\">\n<div class=\"elementor-row\">\n<div class=\"elementor-column elementor-col-100 elementor-top-column elementor-element elementor-element-2da18c2\" data-id=\"2da18c2\" data-element_type=\"column\">\n<div class=\"elementor-column-wrap elementor-element-populated\">\n<div class=\"elementor-widget-wrap\">\n<div class=\"elementor-element elementor-element-3101b7d elementor-widget elementor-widget-image\" data-id=\"3101b7d\" data-element_type=\"widget\" data-widget_type=\"image.default\">\n<div class=\"elementor-widget-container\">\n<div class=\"elementor-image\"><img loading=\"lazy\" decoding=\"async\" class=\"attachment-large size-large\" src=\"https:\/\/glco.eu\/wp-content\/uploads\/2023\/04\/Screenshot_1-1024x548.png\" sizes=\"(max-width: 1024px) 100vw, 1024px\" srcset=\"https:\/\/glco.eu\/wp-content\/uploads\/2023\/04\/Screenshot_1-1024x548.png 1024w, https:\/\/glco.eu\/wp-content\/uploads\/2023\/04\/Screenshot_1-300x161.png 300w, https:\/\/glco.eu\/wp-content\/uploads\/2023\/04\/Screenshot_1-768x411.png 768w, https:\/\/glco.eu\/wp-content\/uploads\/2023\/04\/Screenshot_1-1536x823.png 1536w, https:\/\/glco.eu\/wp-content\/uploads\/2023\/04\/Screenshot_1-600x321.png 600w, https:\/\/glco.eu\/wp-content\/uploads\/2023\/04\/Screenshot_1-64x34.png 64w, https:\/\/glco.eu\/wp-content\/uploads\/2023\/04\/Screenshot_1.png 2020w\" width=\"1024\" height=\"548\" \/><\/div>\n<\/div>\n<\/div>\n<\/div>\n<\/div>\n<\/div>\n<\/div>\n<\/div>\n<\/section>\n<section class=\"elementor-section elementor-top-section elementor-element elementor-element-f29a71a elementor-section-boxed elementor-section-height-default elementor-section-height-default\" data-id=\"f29a71a\" data-element_type=\"section\">\n<div class=\"elementor-container elementor-column-gap-default\">\n<div class=\"elementor-row\">\n<div class=\"elementor-column elementor-col-100 elementor-top-column elementor-element elementor-element-18d8098\" data-id=\"18d8098\" data-element_type=\"column\">\n<div class=\"elementor-column-wrap elementor-element-populated\">\n<div class=\"elementor-widget-wrap\">\n<div class=\"elementor-element elementor-element-326cef6 elementor-widget elementor-widget-image\" data-id=\"326cef6\" data-element_type=\"widget\" data-widget_type=\"image.default\">\n<div class=\"elementor-widget-container\">\n<div class=\"elementor-image\"><img loading=\"lazy\" decoding=\"async\" class=\"attachment-large size-large\" src=\"https:\/\/glco.eu\/wp-content\/uploads\/2023\/04\/Screenshot_2-1024x233.png\" sizes=\"(max-width: 1024px) 100vw, 1024px\" srcset=\"https:\/\/glco.eu\/wp-content\/uploads\/2023\/04\/Screenshot_2-1024x233.png 1024w, https:\/\/glco.eu\/wp-content\/uploads\/2023\/04\/Screenshot_2-300x68.png 300w, https:\/\/glco.eu\/wp-content\/uploads\/2023\/04\/Screenshot_2-768x175.png 768w, https:\/\/glco.eu\/wp-content\/uploads\/2023\/04\/Screenshot_2-1536x350.png 1536w, https:\/\/glco.eu\/wp-content\/uploads\/2023\/04\/Screenshot_2-600x137.png 600w, https:\/\/glco.eu\/wp-content\/uploads\/2023\/04\/Screenshot_2-64x15.png 64w, https:\/\/glco.eu\/wp-content\/uploads\/2023\/04\/Screenshot_2.png 1928w\" width=\"1024\" height=\"233\" \/><\/div>\n<div>\n<h2>Technin\u0117 specifikacija<\/h2>\n<table style=\"height: 632px;\" width=\"516\" data-column=\"pa_sildymo-galia\" data-value=\"7\">\n<tbody>\n<tr>\n<td width=\"300\">Vidinis blokas<\/td>\n<td width=\"122\">HN0913T NK0<\/td>\n<\/tr>\n<tr>\n<td>I\u0161orinis blokas<\/td>\n<td>HU071MR U44<\/td>\n<\/tr>\n<tr>\n<td>Serija<\/td>\n<td>THERMA V<\/td>\n<\/tr>\n<tr>\n<td>Tipas<\/td>\n<td>Oras-Vanduo SPLIT<\/td>\n<\/tr>\n<tr>\n<td>\u0160ildymo galia, kW<\/td>\n<td>7.0<\/td>\n<\/tr>\n<tr>\n<td>V\u0117sinimo galia, kW<\/td>\n<td>7.0<\/td>\n<\/tr>\n<tr>\n<td>\u0160ildymo naudingumo koeficientas (COP), W\/W<\/td>\n<td>4.90<\/td>\n<\/tr>\n<tr>\n<td>V\u0117sinimo naudingumo koeficientas (EER), W\/W<\/td>\n<td>4.50<\/td>\n<\/tr>\n<tr>\n<td>Energetinio efektyvumo klas\u0117<\/td>\n<td>A+++<\/td>\n<\/tr>\n<tr>\n<td>I\u0161orinio blokoTriuk\u0161mo lygis, dB<\/td>\n<td>52<\/td>\n<\/tr>\n<tr>\n<td>Maitinimas<\/td>\n<td>1\u00d8 230V<\/td>\n<\/tr>\n<tr>\n<td>\u0160altne\u0161is<\/td>\n<td>R32<\/td>\n<\/tr>\n<tr>\n<td>Darbin\u0117 temperat\u016bra v\u0117sinime<\/td>\n<td>5~48\u00b0C<\/td>\n<\/tr>\n<tr>\n<td>Darbin\u0117 temperat\u016bra \u0161ildyme<\/td>\n<td>-25~35\u00b0C<\/td>\n<\/tr>\n<tr>\n<td>Ruo\u0161iamo kar\u0161to vandens temperat\u016bros ribos<\/td>\n<td>15~65\u00b0C<\/td>\n<\/tr>\n<tr>\n<td>I\u0161orinio bloko Matmenys, mm<\/td>\n<td>950x834x330<\/td>\n<\/tr>\n<tr>\n<td>Vidinio bloko Matmenys, mm<\/td>\n<td>490x850x315<\/td>\n<\/tr>\n<tr>\n<td>Integruotas vandens \u0161ildytuvas (litrais)<\/td>\n<td>200<\/td>\n<\/tr>\n<\/tbody>\n<\/table>\n<\/div>\n<\/div>\n<\/div>\n<\/div>\n<\/div>\n<\/div>\n<\/div>\n<\/div>\n<\/section>\n<\/div>\n<\/div>\n<\/div>","protected":false},"excerpt":{"rendered":"<p>\u2022 Garantija 5 metai<\/p>\n<ul>\n<li>\u0160ildymo galia, kW 1.56\/7.0 (oras 7\u00b0C, vanduo 35\u00b0C)<\/li>\n<li>V\u0117sinimo galia, kW 1.59\/7.0 (oras 35\u00b0C, vanduo 18\u00b0C)<\/li>\n<li>Nominali galia, kW 7<\/li>\n<li>\u0160ildymo sezoninis naudingumo koeficientas (SCOP) 4.47<\/li>\n<li>Kar\u0161to vandens ruo\u0161imas Integruotoje vandens talpoje<\/li>\n<li>Energetinio efektyvumo klas\u0117 A+++<\/li>\n<li>Garso lygis, dB 52<\/li>\n<li>Maitinimas 1\u00d8 230V<\/li>\n<li>\u0160altne\u0161is R32<\/li>\n<li>Darbin\u0117 temperat\u016bra v\u0117sinime 5~48<\/li>\n<li>Darbin\u0117 temperat\u016bra \u0161ildyme -25~35<\/li>\n<li>Ruo\u0161iamo kar\u0161to vandens temperat\u016bros ribos 15~65<\/li>\n<\/ul>\n<table class=\"woocommerce-product-attributes shop_attributes\">\n<tbody>\n<tr class=\"woocommerce-product-attributes-item woocommerce-product-attributes-item--attribute_pa_eer-cop\">\n<th class=\"woocommerce-product-attributes-item__label\">EER\/COP<\/th>\n<td class=\"woocommerce-product-attributes-item__value\">4.50\/4.90<\/td>\n<\/tr>\n<tr class=\"woocommerce-product-attributes-item woocommerce-product-attributes-item--attribute_pa_wifi-valdymas\">\n<th class=\"woocommerce-product-attributes-item__label\">WiFi valdymas<\/th>\n<td class=\"woocommerce-product-attributes-item__value\">Yra<\/td>\n<\/tr>\n<tr class=\"woocommerce-product-attributes-item woocommerce-product-attributes-item--attribute_pa_sildymo-galia\">\n<th class=\"woocommerce-product-attributes-item__label\">\u0160ildymo galia<\/th>\n<td class=\"woocommerce-product-attributes-item__value\">7.0 kW<\/td>\n<\/tr>\n<tr class=\"woocommerce-product-attributes-item woocommerce-product-attributes-item--attribute_pa_spalva\">\n<th class=\"woocommerce-product-attributes-item__label\">Prek\u0117s spalva<\/th>\n<td class=\"woocommerce-product-attributes-item__value\">Balta<\/td>\n<\/tr>\n<\/tbody>\n<\/table>\n<p>&nbsp;<\/p>","protected":false},"featured_media":6886,"template":"","meta":{"om_disable_all_campaigns":false,"_monsterinsights_skip_tracking":false,"_monsterinsights_sitenote_active":false,"_monsterinsights_sitenote_note":"","_monsterinsights_sitenote_category":0},"product_brand":[],"product_cat":[48],"product_tag":[485,486,487,484],"class_list":{"0":"post-6885","1":"product","2":"type-product","3":"status-publish","4":"has-post-thumbnail","6":"product_cat-silumos-siurbliai-oras-vanduo","7":"product_tag-hn0913t-nko-hu071mr-u44","8":"product_tag-lg-oras-vanduo","9":"product_tag-lg-silumos-siurbliai","10":"product_tag-lg-thermia-v-silumos-siurblys-oras-vanduo-su-integruotu-boileriu","11":"pa_boileris-su-boileriu","12":"pa_galingumas-7-0-kw","13":"pa_wifi-valdymas-reikalingas-priedas","15":"first","16":"instock","17":"sale","18":"shipping-taxable","19":"purchasable","20":"product-type-simple"},"aioseo_notices":[],"_links":{"self":[{"href":"https:\/\/izopaga.lt\/en\/wp-json\/wp\/v2\/product\/6885","targetHints":{"allow":["GET"]}}],"collection":[{"href":"https:\/\/izopaga.lt\/en\/wp-json\/wp\/v2\/product"}],"about":[{"href":"https:\/\/izopaga.lt\/en\/wp-json\/wp\/v2\/types\/product"}],"wp:featuredmedia":[{"embeddable":true,"href":"https:\/\/izopaga.lt\/en\/wp-json\/wp\/v2\/media\/6886"}],"wp:attachment":[{"href":"https:\/\/izopaga.lt\/en\/wp-json\/wp\/v2\/media?parent=6885"}],"wp:term":[{"taxonomy":"product_brand","embeddable":true,"href":"https:\/\/izopaga.lt\/en\/wp-json\/wp\/v2\/product_brand?post=6885"},{"taxonomy":"product_cat","embeddable":true,"href":"https:\/\/izopaga.lt\/en\/wp-json\/wp\/v2\/product_cat?post=6885"},{"taxonomy":"product_tag","embeddable":true,"href":"https:\/\/izopaga.lt\/en\/wp-json\/wp\/v2\/product_tag?post=6885"}],"curies":[{"name":"wp","href":"https:\/\/api.w.org\/{rel}","templated":true}]}}