{"id":6910,"date":"2025-07-16T10:40:13","date_gmt":"2025-07-16T07:40:13","guid":{"rendered":"https:\/\/izopaga.lt\/?post_type=product&#038;p=6910"},"modified":"2026-04-09T11:52:35","modified_gmt":"2026-04-09T08:52:35","slug":"hisense-hi-therma-integra-combi-su-integruotu-boileriu-230l-ahw-160heds1-ahs-160hedsaa-23-oras-vanduo-silumos-siurblys-16-0-kw","status":"publish","type":"product","link":"https:\/\/izopaga.lt\/en\/produktai\/hisense-hi-therma-integra-combi-su-integruotu-boileriu-230l-ahw-160heds1-ahs-160hedsaa-23-oras-vanduo-silumos-siurblys-16-0-kw\/","title":{"rendered":"Hisense Hi-Therma Integra Combi su integruotu boileriu 230L AHW-160HEDS1 \/ AHS-160HEDSAA-23 oras-vanduo \u0161ilumos siurblys 16.0 kW"},"content":{"rendered":"<p>Hisense Integra su 230l kar\u0161to vandens \u0161ildytuvu<\/p>\n<section class=\"wd-negative-gap elementor-section elementor-top-section elementor-element elementor-element-ca861b2 elementor-section-boxed elementor-section-height-default elementor-section-height-default\" data-id=\"ca861b2\" data-element_type=\"section\">\n<div class=\"elementor-container elementor-column-gap-default\">\n<div class=\"elementor-column elementor-col-50 elementor-top-column elementor-element elementor-element-9e0d52c\" data-id=\"9e0d52c\" data-element_type=\"column\">\n<div class=\"elementor-widget-wrap elementor-element-populated\">\n<div class=\"elementor-element elementor-element-957cd9d elementor-widget elementor-widget-wd_text_block\" data-id=\"957cd9d\" data-element_type=\"widget\" data-widget_type=\"wd_text_block.default\">\n<div class=\"elementor-widget-container\">\n<div class=\"wd-text-block reset-last-child text-left color-alt\">\n<p>Hisense oras vanduo sistema su integruotu nerudijan\u010dio plieno 230l kar\u0161to vandens \u0161ildytuvu yra novatori\u0161ka ma\u017eai energijos suvartojanti sistema skirta v\u0117sinimui, \u0161ildymui ir buitiniam kar\u0161to vandens ruo\u0161imui, kuri u\u017etikrina i\u0161skirtin\u012f na\u0161um\u0105 net esant ekstremalioms lauko temperat\u016broms.<\/p>\n<\/div>\n<\/div>\n<\/div>\n<\/div>\n<\/div>\n<\/div>\n<\/section>\n<section class=\"wd-negative-gap elementor-section elementor-top-section elementor-element elementor-element-74fd590 elementor-section-boxed elementor-section-height-default elementor-section-height-default\" data-id=\"74fd590\" data-element_type=\"section\">\n<div class=\"elementor-container elementor-column-gap-default\">\n<div class=\"elementor-column elementor-col-50 elementor-top-column elementor-element elementor-element-63398ea\" data-id=\"63398ea\" data-element_type=\"column\">\n<div class=\"elementor-widget-wrap elementor-element-populated\">\n<div class=\"elementor-element elementor-element-9c4bd90 wd-width-100 elementor-widget elementor-widget-wd_title\" data-id=\"9c4bd90\" data-element_type=\"widget\" data-widget_type=\"wd_title.default\">\n<div class=\"elementor-widget-container\">\n<div class=\"title-wrapper set-mb-s reset-last-child wd-title-color-default wd-title-style-default wd-title-size-default text-center\">\n<div class=\"liner-continer\"><\/div>\n<\/div>\n<\/div>\n<\/div>\n<\/div>\n<\/div>\n<\/div>\n<\/section>\n<section class=\"wd-negative-gap elementor-section elementor-top-section elementor-element elementor-element-273e8a4 elementor-section-boxed elementor-section-height-default elementor-section-height-default\" data-id=\"273e8a4\" data-element_type=\"section\">\n<div class=\"elementor-container elementor-column-gap-default\">\n<div class=\"elementor-column elementor-col-50 elementor-top-column elementor-element elementor-element-43116b9\" data-id=\"43116b9\" data-element_type=\"column\">\n<div class=\"elementor-widget-wrap elementor-element-populated\">\n<div class=\"elementor-element elementor-element-e1eb804 elementor-widget elementor-widget-wd_text_block\" data-id=\"e1eb804\" data-element_type=\"widget\" data-widget_type=\"wd_text_block.default\">\n<div class=\"elementor-widget-container\">\n<div class=\"wd-text-block reset-last-child text-left color-alt\">\n<p><strong>Ypatumai:<\/strong><\/p>\n<\/div>\n<\/div>\n<\/div>\n<\/div>\n<\/div>\n<\/div>\n<\/section>\n<ul>\n<li>Vandens talpos ir valdymo komponent\u0173 integravimas gali sutaupyti iki 30 % vietos j\u016bs\u0173 namuose ar objekte, suteikiant daugiau galimybi\u0173 panaudoti erdv\u0119\u00a0 kitiems poreikiams.<\/li>\n<li>Specialiai suprojektuotas vienas dydis, tinkantis visiems, transportuoti ar perkelti su bet kokiu ve\u017eim\u0117liu ar keltuvu tampa lengva ir patogu.<\/li>\n<li>Valdikl\u012f paprasta naudoti ir nar\u0161yti naudojant intuityvi\u0105 \u0161viesos juost\u0105, rodan\u010di\u0105 j\u016bs\u0173 sistemos b\u016bsen\u0105 realiuoju laiku.<\/li>\n<li>Apdovanotas 2022 m. \u201eReddot\u201c apdovanojim\u0173 laureatu, nuoseklumo ir naujovi\u0173 linijos buvo kruop\u0161\u010diai sukurtos ir yra aptakesn\u0117s nei bet kuri kada nors sukurta \u012franga.<\/li>\n<li>Su cirkuliaciniu siurbliu, \u012frengtu vamzdyne, \u201eIntegra\u201c gali paleisti \u0161alt\u0105 vanden\u012f \u012f \u0161ildytuv\u0105, sukurdama pastov\u0173 \u0161ilumos sraut\u0105 vamzdyne nuolatiniam kar\u0161tam vandeniui ruo\u0161ti. J\u016bs\u0173 name visada bus nustatytos temperat\u016bros kar\u0161tas vanduo, kur\u012f gal\u0117site naudoti akimirksniu.<\/li>\n<li>R32 \u0161altne\u0161is atitinka F-duj\u0173 regulaivimo standartus apra\u0161ytus ES reglamente 517\/2014.<\/li>\n<li>\u201eHisense Smart APP\u201c valdiklis idealiai tinka asmenims, kurie gyvena kelyje ir nori idealaus sprendimo valdyti savo \u0161ildymo sistem\u0105 bet kuriuo metu ir i\u0161 bet kurios vietos. Prijung\u0119 Hi-Mit adapter\u012f prie interneto belaid\u017eiu arba laidiniu LAN tinklu, vartotojai gali valdyti Hi-Therma sistem\u0105 tiesiog naudodamiesi telefonu bet kada ir bet kur, naudodamiesi program\u0117le atlikdami visas funkcines operacijas ir parinktis.<\/li>\n<li>Vienoje Hi-Therma sistemoje galima nepriklausomai valdyti temperat\u016br\u0105 iki 7 kambari\u0173, patalpose \u012frengiant temperat\u016bros jutiklius ar kambario termostatus tenkinant \u012fvairius klient\u0173 poreikius.<\/li>\n<\/ul>\n<p><strong>Hi-Therma Integra 16.0 \u0161ilumos siurblio oras-vanduo\u00a0<\/strong><strong>techniniai parametrai:<\/strong><\/p>\n<ul>\n<li>naudingumo koeficientas (COP): 4,6;<\/li>\n<li>naudingumo koeficientas (EER): 2,8;<\/li>\n<li>energin\u0117 klas\u0117 (prie 35 \u00b0C): A+++;<\/li>\n<li>garso sl\u0117gis 1 m atstumu: 42 dB(A);<\/li>\n<li>lauko darbin\u0117 temperat\u016bra (\u0161ildymas): nuo -25 iki +35 \u00b0C;<\/li>\n<li>lauko darbin\u0117 temperat\u016bra (v\u0117sinimas): nuo +5 iki +46 \u00b0C;<\/li>\n<li>min. vamzd\u017eio ilgis: 5 m;<\/li>\n<li>maks. vamzd\u017eio ilgis: 45 m;<\/li>\n<li>maks. auk\u0161\u010di\u0173 skirtumas (did\u017eiausias \/ ma\u017eiausias): 30 \/ 20;<\/li>\n<li>kompresorius: sraigtinis DC inverteris;<\/li>\n<li>\u0161altne\u0161is: R32;<\/li>\n<li>lauko bloko matmenys (auk\u0161tis x plotis x gylis): 840\u00d71100\u00d7390 mm;<\/li>\n<li>lauko bloko svoris: 73,50 kg;<\/li>\n<li>\u0161ildymo galia (nom.): 16kW;<\/li>\n<li>v\u0117sinimo galia (nom.): 13kW;<\/li>\n<li>galia pagal standart\u0105 ES 813\/2013: 12,5;<\/li>\n<li>vandens ruo\u0161imo temperat\u016bra (\u0161ildymas): nuo +20 iki +65 \u00b0C;<\/li>\n<li>vandens ruo\u0161imo temperat\u016bra (k. vanduo): nuo +30 iki +60 \u00b0C;<\/li>\n<li>vandens ruo\u0161imo temperat\u016bra (v\u0117sinimas): nuo +5 iki +22 \u00b0C;<\/li>\n<li>vidinio bloko matmenys (auk\u0161tis x plotis x gylis): 1885\u00d7595\u00d7625 mm;<\/li>\n<li>pakopinio rezervinio teno galia, kW: 6 = 2 + 2 + 2;<\/li>\n<li>\u0161altne\u0161io vamzd\u017eio skersmuo (\u012ftek.-i\u0161tek.): \u03a615.88 (5\/8);<\/li>\n<li>\u0161altne\u0161io vamzd\u017eio skersmuo (suskystintos dujos): \u03a69.53 (3\/8);<\/li>\n<li>maitinimas: trifazis, 380-415V, 50Hz.<\/li>\n<li>Boileris 230L<\/li>\n<\/ul>\n<p><img decoding=\"async\" src=\"https:\/\/www.komfortomeistras.lt\/images\/Userfiles\/talpa.jpg\" \/><\/p>\n<p>Hisense Hi-Therma oras-vanduo \u0161ilumos siurbliai yra skirti naudoti gyvenamosiose ir komercin\u0117se patalpose. Jie idealiai tinka naujiems ir renovuotiems seniems pastatams ir pasi\u017eymi auk\u0161tu SCOP iki 5,17 ir vienodai auk\u0161tu patalp\u0173 \u0161ildymo efektyvumu. Red Dot Design Award apdovanojim\u0105 pelniusios sistemos si\u016blo efektyv\u0173 sprendim\u0105 \u0161ildymui, v\u0117sinimui ir kar\u0161to vandens gamybai. Patogus valdiklis turi i\u0161man\u0173j\u012f spalvot\u0105 ekran\u0105 ir gali b\u016bti valdomas intuityviai. Hisense \u201eHi Mit II App\u201c u\u017etikrina \u0161iuolaiki\u0161k\u0105 ir patog\u0173 sistemos veikim\u0105 bet kada ir bet kur.<\/p>\n<p>Hi-Therma Integra serija yra oro\/vandens \u0161ilumos siurbli\u0173 sistema su integruotu geriamojo vandens rezervuaru. Be to, integruota talpa taupo viet\u0105 ir suma\u017eina diegimo pastangas. I\u0161 esm\u0117s padalintas i\u0161d\u0117stymas leid\u017eia lanks\u010diai montuoti ir i\u0161gauti auk\u0161t\u0105 energijos vartojimo efektyvum\u0105. Sistemos kar\u0161to vandens bakas pagamintas i\u0161 auk\u0161tos kokyb\u0117s DUPLEX 2205 med\u017eiagos, kuri u\u017etikrina puiki\u0105 vandens kokyb\u0119. Be to, \u012f kar\u0161to vandens bak\u0105 integruotos elektrinio \u0161ildymo ir dezinfekcijos funkcijos, kurios gali b\u016bti valdomos nepriklausomai viena nuo kitos.<\/p>\n<p>Integruodami vandens rezervuar\u0105 ir valdymo komponentus sutaupysite iki 30% vietos savo namuose ar bute. Taip atsiras daugiau vietos kitiems dalykams, o laisv\u0105 erdv\u0119 gal\u0117site i\u0161naudoti lanks\u010diau. Integra Combi hidro modulis turi cirkuliacin\u012f siurbl\u012f ir 3 kryp\u010di\u0173 perjungimo vo\u017etuv\u0105, kuris u\u017etikrina kar\u0161to vandens pirmumo grandin\u0119. Vietoje esantis cirkuliacinis siurblys u\u017etikrina nuolatin\u0119 cirkuliacij\u0105 ir taip greit\u0105 kar\u0161to vandens tiekim\u0105 \u012f tiekimo ta\u0161kus.<\/p>\n<p><img fetchpriority=\"high\" decoding=\"async\" class=\"\" src=\"https:\/\/izopaga.lt\/wp-content\/uploads\/2024\/11\/Screenshot-2024-11-04-165106.png\" width=\"605\" height=\"637\" \/><img decoding=\"async\" src=\"https:\/\/izopaga.lt\/wp-content\/uploads\/2024\/11\/Screenshot-2024-11-04-165438.png\" \/><\/p>\n<p>Plok\u0161telinio \u0161ilumokai\u010dio \u0161ilumos efektyvumas ir apsauga nuo u\u017e\u0161alimo<br \/>\nHi-Therma Integra \u012frengti pa\u017eang\u016bs pagrindiniai komponentai, \u012fskaitant didelio efektyvumo plok\u0161telin\u012f<br \/>\n\u0161ilumokait\u012f, nuolatin\u0117s srov\u0117s didelio srauto siurbl\u012f, trij\u0173 lygi\u0173 elektrin\u012f \u0161ildytuv\u0105 ir didel\u0117s talpos vandens bak\u0105,<br \/>\ntod\u0117l \u012fmontuot\u0105 \u012frengin\u012f lengva sumontuoti ir nekyla problem\u0173 d\u0117l vandens u\u017e\u0161alimo.<\/p>\n<p>&nbsp;<\/p>\n<p>Vandens talpa pagamintas i\u0161 DUPLEX 2205 med\u017eiagos, kuri u\u017etikrina auk\u0161tos kokyb\u0117s vanden\u012f, kuriam<br \/>\nreikia tik minimali\u0173 prie\u017ei\u016bros i\u0161laid\u0173, taip pat standarti\u0161kai turi elektrinio \u0161ildymo ir sterilizacijos<br \/>\nfunkcijas, kurias galima valdyti atskirai.<br \/>\nTose vietose, kur vandens kokyb\u0117 prasta, pasirinktinis elektroninis anodas suteikia papildom\u0105 apsaug\u0105,<br \/>\npadidina atsparum\u0105 korozijai ir prailgina rezervuaro tarnavimo laik\u0105.<\/p>\n<p>&nbsp;<\/p>\n<p>&nbsp;<\/p>\n<p>Stilingas vidaus \u012frenginio valdiklis<br \/>\nIntuityvi s\u0105saja<br \/>\nVidaus \u012frenginys turi \u012fmontuot\u0105 ekrano valdikl\u012f, kur\u012f galima lengvai valdyti ranken\u0117le ir<br \/>\nmygtukais, visus vandens ciklus ir patalpas galima konfig\u016bruoti atskirai. Pagrindin\u0117<br \/>\ns\u0105saja gali intuityviai rodyti kiekvieno vandens ciklo nustatymus ir esam\u0105 vandens<br \/>\ntemperat\u016br\u0105 realiu laiku. Aplink valdikl\u012f esanti \u0161viesos diod\u0173 juostel\u0117 rodo esam\u0105 darbo<br \/>\nre\u017eim\u0105.<\/p>\n<p><img decoding=\"async\" class=\"\" src=\"https:\/\/izopaga.lt\/wp-content\/uploads\/2024\/11\/Screenshot-2024-11-04-170345.png\" width=\"1019\" height=\"777\" \/><\/p>\n<div id=\"2\" class=\"elementor-element elementor-element-53a72da3 elementor-widget elementor-widget-wd_title\" data-id=\"53a72da3\" data-element_type=\"widget\" data-widget_type=\"wd_title.default\">\n<div class=\"elementor-widget-container\">\n<div class=\"title-wrapper set-mb-s reset-last-child wd-title-color-primary wd-title-style-overlined wd-title-size-default text-left\">\n<div class=\"liner-continer\">\n<h4 class=\"woodmart-title-container title wd-fontsize-l\"><\/h4>\n<\/div>\n<\/div>\n<\/div>\n<\/div>\n<div class=\"elementor-element elementor-element-7f400e28 wd-single-content elementor-widget elementor-widget-wd_single_product_content\" data-id=\"7f400e28\" data-element_type=\"widget\" data-widget_type=\"wd_single_product_content.default\">\n<div class=\"elementor-widget-container\">\n<p>Inovatyvi Hisense Hi-Therma oras \u2013 vanduo sistema, tai \u012frenginiai sunaudojantis ma\u017eai energijos \u0161ildymui, v\u0117sinimui ir kar\u0161to vandens ruo\u0161imui, u\u017etikrinantis auk\u0161t\u0105 na\u0161um\u0105 net esant ekstremalioms lauko temperat\u016broms. Absoliutus komfortas d\u0117l efektyvaus ir ekologi\u0161kai \u0161varaus veikimo.<\/p>\n<p>Palyginti su \u012fprastu elektriniu \u0161ildytuvu ar i\u0161kastinio kuro katilu, Hi-Therma sistema yra daug ekologi\u0161kesn\u0117 ir taupesn\u0117. Iki \u0161iol tradicin\u0117se \u0161ildymo sistemose daugiausia buvo naudojamas kuras, pavyzd\u017eiui, dujos, nafta ir anglis, ta\u010diau \u0161is kuras ter\u0161ia aplink\u0105, \u012f or\u0105 i\u0161skiria didelius anglies dvideginio kiekius, sukelia globali\u0105 klimato kait\u0105. Hi-Therma \u0161ilumos siurblio sistema suma\u017eina aplinkos tar\u0161\u0105 i\u0161laikant auk\u0161t\u0105 energijos vartojimo efektyvum\u0105.<\/p>\n<p>\u0160ilumos siurblio oras-vanduo sistema veikia su nedideliu kiekiu elektros, i\u0161gauna atsinaujinan\u010di\u0105 \u0161ilum\u0105 i\u0161 lauko oro ir pristato didel\u012f \u0161ilumos kiek\u012f \u012f j\u016bs\u0173 namus. \u0160ilumos galia kelis kartus didesn\u0117 u\u017e sunaudojam\u0105 elektros energij\u0105, tod\u0117l sistema pasi\u017eymi itin auk\u0161tu naudingumo koeficientu.<\/p>\n<p>Visi Hi-Therma \u0161ilumos siurbli\u0173 modeliai turi KEYMARK sertifikat\u0105. KEYMARK yra savanori\u0161kas, nepriklausomas Europos sertifikavimo \u017eenklas (5 ISO sertifikavimo klas\u0117), skirtas visiems \u0161ilumos siurbliams, kombinuotiems \u0161ilumos siurbliams ir vandens \u0161ildytuvams (pagal Ecoesign, ES reglamento 813\/2013 ir 814\/20113 reikalavimus). Sertifikatus i\u0161duoda nepriklausomos sertifikavimo \u012fstaigos, kad atitikt\u0173 schemos reikalavimus. Su\u017einoti apie Hisense Hi-Therma sertifikuotus \u0161ilumos siurblius galite adresu: www.heatpumpkeymark.com<\/p>\n<p>Hi-Therma \u0161ilumos siurblys turi kelet\u0105 papildom\u0173 parink\u010di\u0173:<br \/>\n\u2013 valdiklis su dideliu spalvotu ekranu ir spalvota indikacija.<br \/>\n\u2013 i\u0161manus ir paprastas valdymas.<br \/>\n\u2013 energijos vartojimo efektyvumas A+++.<br \/>\n\u2013 stabilus \u0161ildymas iki -25 \u2103.<br \/>\n\u2013 tiekiamo vandens temperat\u016bra 60 \u2103.<br \/>\n\u2013 vandens \u0161ildymas iki 75 \u2103.<br \/>\n\u2013 du atskiri temperat\u016bros ciklai \u0161iltoms grindims ir radiatoriams.<br \/>\n\u2013 energijos suvartojimo vizualizacija.<br \/>\n\u2013 centralizuotas \u012fvairi\u0173 vandens cikl\u0173 valdymas.<br \/>\n\u2013 individualus kambario valdymas.<br \/>\n\u2013 savaitinis laikmatis.<br \/>\n\u2013 ECO\/QUIET\/NIGHT re\u017eimai.<br \/>\n\u2013 dviej\u0173 kambari\u0173 termostatai.<br \/>\n\u2013 Nepriklausomas temperat\u016bros reguliavimas iki 7 kambari\u0173.<br \/>\n\u2013 automatin\u0117 grind\u0173 d\u017eiovinimo programa.<br \/>\n\u2013 Komforti\u0161kas baseino \u0161ildymas 24 -33 \u2103.<br \/>\n\u2013 tylus darbo re\u017eimas 8 DB (A).<br \/>\n\u2013 prijungimas prie pagalbinio \u0161ilumos \u0161altinio \u2013 saul\u0117s kolektoriaus ir boilerio.<\/p>\n<p>Hisense Hi-Therma split oras \u2013 vanduo kintamos galios \u0161ilumos siurbliai<\/p>\n<table data-start=\"1275\" data-end=\"2760\">\n<thead data-start=\"1275\" data-end=\"1312\">\n<tr data-start=\"1275\" data-end=\"1312\">\n<th data-start=\"1275\" data-end=\"1295\"><strong data-start=\"1277\" data-end=\"1294\">Specifikacija<\/strong><\/th>\n<th data-start=\"1295\" data-end=\"1312\"><strong data-start=\"1297\" data-end=\"1308\">Reik\u0161m\u0117<\/strong><\/th>\n<\/tr>\n<\/thead>\n<tbody data-start=\"1348\" data-end=\"2760\">\n<tr data-start=\"1348\" data-end=\"1392\">\n<td><strong data-start=\"1350\" data-end=\"1378\">\u0160ildymo galia (nominali)<\/strong><\/td>\n<td>16.0 kW<\/td>\n<\/tr>\n<tr data-start=\"1393\" data-end=\"1438\">\n<td><strong data-start=\"1395\" data-end=\"1424\">V\u0117sinimo galia (nominali)<\/strong><\/td>\n<td>13.0 kW<\/td>\n<\/tr>\n<tr data-start=\"1439\" data-end=\"1484\">\n<td><strong data-start=\"1441\" data-end=\"1474\">COP (naudingumo koeficientas)<\/strong><\/td>\n<td>4.6<\/td>\n<\/tr>\n<tr data-start=\"1485\" data-end=\"1539\">\n<td><strong data-start=\"1487\" data-end=\"1529\">EER (efektyvumo koeficientas v\u0117sinant)<\/strong><\/td>\n<td>2.8<\/td>\n<\/tr>\n<tr data-start=\"1540\" data-end=\"1585\">\n<td><strong data-start=\"1542\" data-end=\"1574\">Energetin\u0117 klas\u0117 (prie 35\u00b0C)<\/strong><\/td>\n<td>A+++<\/td>\n<\/tr>\n<tr data-start=\"1586\" data-end=\"1632\">\n<td><strong data-start=\"1588\" data-end=\"1617\">Garso lygis (1 m atstumu)<\/strong><\/td>\n<td>42 dB(A)<\/td>\n<\/tr>\n<tr data-start=\"1633\" data-end=\"1691\">\n<td><strong data-start=\"1635\" data-end=\"1669\">Darbin\u0117 temperat\u016bra (\u0161ildymas)<\/strong><\/td>\n<td>-25\u00b0C iki +35\u00b0C<\/td>\n<\/tr>\n<tr data-start=\"1692\" data-end=\"1750\">\n<td><strong data-start=\"1694\" data-end=\"1729\">Darbin\u0117 temperat\u016bra (v\u0117sinimas)<\/strong><\/td>\n<td>+5\u00b0C iki +46\u00b0C<\/td>\n<\/tr>\n<tr data-start=\"1751\" data-end=\"1817\">\n<td><strong data-start=\"1753\" data-end=\"1795\">Vandens ruo\u0161imo temperat\u016bra (\u0161ildymas)<\/strong><\/td>\n<td>+20\u00b0C iki +65\u00b0C<\/td>\n<\/tr>\n<tr data-start=\"1818\" data-end=\"1890\">\n<td><strong data-start=\"1820\" data-end=\"1868\">Vandens ruo\u0161imo temperat\u016bra (kar\u0161tas vanduo)<\/strong><\/td>\n<td>+30\u00b0C iki +60\u00b0C<\/td>\n<\/tr>\n<tr data-start=\"1891\" data-end=\"1957\">\n<td><strong data-start=\"1893\" data-end=\"1936\">Vandens ruo\u0161imo temperat\u016bra (v\u0117sinimas)<\/strong><\/td>\n<td>+5\u00b0C iki +22\u00b0C<\/td>\n<\/tr>\n<tr data-start=\"1958\" data-end=\"1983\">\n<td><strong data-start=\"1960\" data-end=\"1973\">\u0160altne\u0161is<\/strong><\/td>\n<td>R32<\/td>\n<\/tr>\n<tr data-start=\"1984\" data-end=\"2033\">\n<td><strong data-start=\"1986\" data-end=\"2002\">Kompresorius<\/strong><\/td>\n<td>Sraigtinis DC inverteris<\/td>\n<\/tr>\n<tr data-start=\"2034\" data-end=\"2081\">\n<td><strong data-start=\"2036\" data-end=\"2050\">Maitinimas<\/strong><\/td>\n<td>Trifazis, 380-415V, 50Hz<\/td>\n<\/tr>\n<tr data-start=\"2082\" data-end=\"2144\">\n<td><strong data-start=\"2084\" data-end=\"2118\">Vidinio bloko matmenys (AxPxG)<\/strong><\/td>\n<td>1885 \u00d7 595 \u00d7 625 mm<\/td>\n<\/tr>\n<tr data-start=\"2145\" data-end=\"2208\">\n<td><strong data-start=\"2147\" data-end=\"2182\">I\u0161orinio bloko matmenys (AxPxG)<\/strong><\/td>\n<td>840 \u00d7 1100 \u00d7 390 mm<\/td>\n<\/tr>\n<tr data-start=\"2209\" data-end=\"2248\">\n<td><strong data-start=\"2211\" data-end=\"2235\">Vidinio bloko svoris<\/strong><\/td>\n<td>150 kg<\/td>\n<\/tr>\n<tr data-start=\"2249\" data-end=\"2290\">\n<td><strong data-start=\"2251\" data-end=\"2276\">I\u0161orinio bloko svoris<\/strong><\/td>\n<td>73.5 kg<\/td>\n<\/tr>\n<tr data-start=\"2291\" data-end=\"2347\">\n<td><strong data-start=\"2293\" data-end=\"2328\">Pakopinio rezervinio teno galia<\/strong><\/td>\n<td>6 kW (2+2+2)<\/td>\n<\/tr>\n<tr data-start=\"2348\" data-end=\"2416\">\n<td><strong data-start=\"2350\" data-end=\"2398\">Jungiam\u0173j\u0173 vamzd\u017ei\u0173 skersmuo (skystis\/dujos)<\/strong><\/td>\n<td>3\/8\u2033 \u2013 5\/8\u2033<\/td>\n<\/tr>\n<tr data-start=\"2417\" data-end=\"2457\">\n<td><strong data-start=\"2419\" data-end=\"2447\">Minimalus vamzd\u017eio ilgis<\/strong><\/td>\n<td>5 m<\/td>\n<\/tr>\n<tr data-start=\"2458\" data-end=\"2500\">\n<td><strong data-start=\"2460\" data-end=\"2489\">Maksimalus vamzd\u017eio ilgis<\/strong><\/td>\n<td>45 m<\/td>\n<\/tr>\n<tr data-start=\"2501\" data-end=\"2580\">\n<td><strong data-start=\"2503\" data-end=\"2562\">Maksimalus auk\u0161\u010di\u0173 skirtumas (did\u017eiausias \/ ma\u017eiausias)<\/strong><\/td>\n<td>30 m \/ 20 m<\/td>\n<\/tr>\n<tr data-start=\"2581\" data-end=\"2619\">\n<td><strong data-start=\"2583\" data-end=\"2607\">Vandens talpos t\u016bris<\/strong><\/td>\n<td>230 L<\/td>\n<\/tr>\n<tr data-start=\"2620\" data-end=\"2688\">\n<td><strong data-start=\"2622\" data-end=\"2649\">Vandens talpos med\u017eiaga<\/strong><\/td>\n<td>DUPLEX 2205 ner\u016bdijantis plienas<\/td>\n<\/tr>\n<tr data-start=\"2689\" data-end=\"2718\">\n<td><strong data-start=\"2691\" data-end=\"2704\">Garantija<\/strong><\/td>\n<td>36 m\u0117n.<\/td>\n<\/tr>\n<\/tbody>\n<\/table>\n<\/div>\n<\/div>","protected":false},"excerpt":{"rendered":"<p>Veikia nuo\u00a0<b>-25\u00b0C<\/b>\u00a0lauko oro temperat\u016bros.<\/p>\n<p>Integruotas cirkuliacinis siurblys Grundfos.<\/p>\n<ul>\n<li data-start=\"521\" data-end=\"581\"><strong data-start=\"587\" data-end=\"619\">Efektyvumas ir ekonomi\u0161kumas<\/strong>\u00a0\u2013 COP siekia\u00a0<strong data-start=\"633\" data-end=\"640\">4.8<\/strong>, u\u017etikrinant ma\u017eas energijos s\u0105naudas.<\/li>\n<li data-start=\"582\" data-end=\"661\"><strong data-start=\"684\" data-end=\"702\">Tylus veikimas<\/strong>\u00a0\u2013 garso lygis vos\u00a0<strong data-start=\"721\" data-end=\"733\">42 dB(A)<\/strong>\u00a0(1 m atstumu).<\/li>\n<li data-start=\"662\" data-end=\"746\"><strong data-start=\"753\" data-end=\"795\">Didelis \u0161ildymo ir v\u0117sinimo diapazonas<\/strong>\u00a0\u2013 veikimas nuo\u00a0<strong data-start=\"811\" data-end=\"830\">-25\u00b0C iki +35\u00b0C<\/strong>\u00a0(\u0161ildymo re\u017eimu).<\/li>\n<li data-start=\"747\" data-end=\"839\"><strong data-start=\"853\" data-end=\"881\">Integruota vandens talpa<\/strong>\u00a0\u2013 optimizuotas sprendimas\u00a0<strong data-start=\"908\" data-end=\"944\">buitinio kar\u0161to vandens ruo\u0161imui<\/strong>.<\/li>\n<li data-start=\"840\" data-end=\"914\"><strong data-start=\"950\" data-end=\"972\">Lengvas montavimas<\/strong>\u00a0\u2013\u00a0<strong data-start=\"975\" data-end=\"1032\">paprastas prijungimas ir nereikalinga papildoma talpa<\/strong>.<\/li>\n<li data-start=\"915\" data-end=\"1000\"><strong data-start=\"1038\" data-end=\"1067\">Ekologi\u0161kas R32 \u0161altne\u0161is<\/strong>\u00a0\u2013 ma\u017eesnis poveikis aplinkai ir efektyvesnis energijos naudojimas.<\/li>\n<li data-start=\"1001\" data-end=\"1082\"><strong data-start=\"1139\" data-end=\"1162\">Trifazis maitinimas<\/strong>\u00a0\u2013 u\u017etikrina stabil\u0173 veikim\u0105 net esant didel\u0117ms apkrovoms.<\/li>\n<li data-start=\"1083\" data-end=\"1196\"><strong data-start=\"1225\" data-end=\"1266\">Automatinis temperat\u016bros reguliavimas<\/strong>\u00a0\u2013 u\u017etikrina optimal\u0173 komfort\u0105 ir ekonomi\u0161k\u0105 veikim\u0105.<\/li>\n<li>Vandens bako t\u016bris 230 L<\/li>\n<li>Trifazis<\/li>\n<\/ul>\n<p><b>Wi-Fi<\/b>\u00a0modulis parduodamas atskirai (222 Eur)<\/p>\n<table class=\"woocommerce-product-attributes shop_attributes\">\n<tbody>\n<tr class=\"woocommerce-product-attributes-item woocommerce-product-attributes-item--attribute_pa_eer-cop\">\n<th class=\"woocommerce-product-attributes-item__label\">EER\/COP<\/th>\n<td class=\"woocommerce-product-attributes-item__value\">2,80\/4.60<\/td>\n<\/tr>\n<tr class=\"woocommerce-product-attributes-item woocommerce-product-attributes-item--attribute_pa_wifi-valdymas\">\n<th class=\"woocommerce-product-attributes-item__label\">WiFi valdymas<\/th>\n<td class=\"woocommerce-product-attributes-item__value\">Taip<\/td>\n<\/tr>\n<tr class=\"woocommerce-product-attributes-item woocommerce-product-attributes-item--attribute_pa_sildymo-galia\">\n<th class=\"woocommerce-product-attributes-item__label\">\u0160ildymo galia<\/th>\n<td class=\"woocommerce-product-attributes-item__value\">16.0 kW<\/td>\n<\/tr>\n<tr class=\"woocommerce-product-attributes-item woocommerce-product-attributes-item--attribute_pa_spalva\">\n<th class=\"woocommerce-product-attributes-item__label\">Prek\u0117s spalva<\/th>\n<td class=\"woocommerce-product-attributes-item__value\">Balta\/Pilka<\/td>\n<\/tr>\n<\/tbody>\n<\/table>","protected":false},"featured_media":6360,"template":"","meta":{"om_disable_all_campaigns":false,"_monsterinsights_skip_tracking":false,"_monsterinsights_sitenote_active":false,"_monsterinsights_sitenote_note":"","_monsterinsights_sitenote_category":0},"product_brand":[],"product_cat":[48],"product_tag":[518,212,519,520,517,211,509],"class_list":{"0":"post-6910","1":"product","2":"type-product","3":"status-publish","4":"has-post-thumbnail","6":"product_cat-silumos-siurbliai-oras-vanduo","7":"product_tag-ahw-160heds1-ahs-160hedsaa-23-oras-vanduo-silumos-siurblys-16-0-kw","8":"product_tag-hisens-oras-vanduo-silumos-siurblys","9":"product_tag-hisense-16-kw","10":"product_tag-hisense-16-kw-oras-vanduo-su-integruotu-boileriu","11":"product_tag-hisense-hi-therma-integra-combi-su-integruotu-boileriu-230l-ahw-160heds1-ahs-160hedsaa-23","12":"product_tag-hisense-oras-vanduo","13":"product_tag-hisense-silumos-siurblys-16-kw","14":"pa_boileris-su-boileriu","15":"pa_galingumas-16-kw","16":"pa_wifi-valdymas-reikalingas-priedas","18":"first","19":"instock","20":"sale","21":"shipping-taxable","22":"purchasable","23":"product-type-simple"},"aioseo_notices":[],"_links":{"self":[{"href":"https:\/\/izopaga.lt\/en\/wp-json\/wp\/v2\/product\/6910","targetHints":{"allow":["GET"]}}],"collection":[{"href":"https:\/\/izopaga.lt\/en\/wp-json\/wp\/v2\/product"}],"about":[{"href":"https:\/\/izopaga.lt\/en\/wp-json\/wp\/v2\/types\/product"}],"wp:featuredmedia":[{"embeddable":true,"href":"https:\/\/izopaga.lt\/en\/wp-json\/wp\/v2\/media\/6360"}],"wp:attachment":[{"href":"https:\/\/izopaga.lt\/en\/wp-json\/wp\/v2\/media?parent=6910"}],"wp:term":[{"taxonomy":"product_brand","embeddable":true,"href":"https:\/\/izopaga.lt\/en\/wp-json\/wp\/v2\/product_brand?post=6910"},{"taxonomy":"product_cat","embeddable":true,"href":"https:\/\/izopaga.lt\/en\/wp-json\/wp\/v2\/product_cat?post=6910"},{"taxonomy":"product_tag","embeddable":true,"href":"https:\/\/izopaga.lt\/en\/wp-json\/wp\/v2\/product_tag?post=6910"}],"curies":[{"name":"wp","href":"https:\/\/api.w.org\/{rel}","templated":true}]}}