{"id":6941,"date":"2025-07-18T09:07:08","date_gmt":"2025-07-18T06:07:08","guid":{"rendered":"https:\/\/izopaga.lt\/?post_type=product&#038;p=6941"},"modified":"2025-07-18T09:12:44","modified_gmt":"2025-07-18T06:12:44","slug":"daikin-altherma-3r-774-kw-silumos-siurblys-oras-vanduo-split-3fazis-ehbh08e9w-erga06evh-774-kw","status":"publish","type":"product","link":"https:\/\/izopaga.lt\/en\/produktai\/daikin-altherma-3r-774-kw-silumos-siurblys-oras-vanduo-split-3fazis-ehbh08e9w-erga06evh-774-kw\/","title":{"rendered":"DAIKIN ALTHERMA 3R 7,74 kW \u0161ilumos siurblys oras vanduo split 3fazis EHBH08E9W ERGA06EVH 7,74 kW"},"content":{"rendered":"<h1>Tre\u010dios kartos Daikin Altherma \u0161ilumos siurbliai oras\/vanduo<\/h1>\n<h3 class=\"western\">Tyla ir komfortas! Kilm\u0117s \u0161alis Japonija<\/h3>\n<div><\/div>\n<div>Tre\u010dios kartos Daikin Altherma \u0161ilumos siurbliai &#8211; tai puiki investicija \u012f komfort\u0105 ir energijos taupym\u0105.<\/div>\n<div>\n<div>Daikin Altherma 3 \u0161ilumos siurbliai oras vanduo idealiai tinka senos statybos nam\u0173 renovacijai: naujos kartos \u017ealiosios energijos \u0161altinis, puikiai veikiantis su senos sistemos radiatoriais. Taip pat ir naujos statybos pastatuose. Daikin tre\u010diosios kartos \u0161ilumos siurbli\u0173 oras-vanduo sprendimas yra tinkamiausias u\u017etikrinant <strong>65\u00b0C<\/strong>\u00a0tiekiamo vandens temperat\u016br\u0105 net lauko temperat\u016brai siekiant\u00a0<strong>\u201325 \u00b0 C<\/strong>. Tai vienas i\u0161 geriausi\u0173, kainos ir kokyb\u0117s santyk\u012f atitinkan\u010di\u0173 sprendim\u0173.<\/div>\n<div>\n<p>Oras bei vanduo Daikin siurbliuose gali b\u016bti naudojami ne tik \u0161ildant, bet ir \u0161iltuoju met\u0173 laiku v\u0117sinant patalpas (u\u017esakoma papildomai). Tokiu atveju \u012f vid\u0173 \u012fleid\u017eiamas v\u0117sus, o i\u0161 patalp\u0173 pa\u0161alinamas \u0161iltas oras.<\/p>\n<p>Daikin Altherma 3 \u0161ilumos siurblys oras vanduo naudoja i\u0161 oro paimam\u0105 \u0161ilum\u0105, tod\u0117l nereikia erdvios katilin\u0117s ir vietos kuro sand\u0117liavimui. Montavim\u0105 supaprastina tai, jog nereikia joki\u0173 duj\u0173 i\u0161metimo sistemos.<\/p>\n<\/div>\n<\/div>\n<div><img decoding=\"async\" src=\"https:\/\/www.oceanairuk.com\/cdn\/shop\/files\/EBBH-X-D_ip1_EBBH16D6V.jpg?v=1739281881&amp;width=1024\" alt=\"Daikin Altherma 3 R W EHBH08E6V ASHP LT Split Indoor Unit 8kW Heat Only \u2013 Oceanair\" \/><\/div>\n<div>\n<p><strong>Naudojamas ekologi\u0161kesnis R32 freonas.<\/strong><\/p>\n<div id=\"col-213256645\" class=\"col medium-6 small-12 large-6\">\n<div class=\"col-inner text-center\">\n<div id=\"image_204377848\" class=\"img has-hover x md-x lg-x y md-y lg-y\">\n<div class=\"img-inner dark\"><img fetchpriority=\"high\" decoding=\"async\" class=\"attachment-large size-large\" src=\"https:\/\/hidroshop.lt\/wp-content\/uploads\/2021\/02\/Daikin-1.jpg\" alt=\"\" width=\"906\" height=\"675\" \/><\/div>\n<\/div>\n<\/div>\n<\/div>\n<div id=\"col-1603127459\" class=\"col medium-6 small-12 large-6\">\n<div class=\"col-inner text-left\">\n<div id=\"text-2313873099\" class=\"text\">\n<h3>&#8222;Daikin&#8221; vidinis blokas<\/h3>\n<ul>\n<li>\u201cDaikin\u201d oras vanduo \u0161ilumos siurblio vidiniame bloke \u012ftraukti visi hidrauliniai komponentai u\u017etikrinantys teising\u0105 \u012frenginio veikim\u0105.<\/li>\n<li>Elektos prijungimo plok\u0161t\u0117 ir hidrauliniai komponentai yra priekyje, d\u0117l lengvo vidini\u0173 komponent\u0173 prieinamumo suma\u017einamos \u012frenginio eksploatacin\u0117s i\u0161laidos.<\/li>\n<li>\u201cDaikin\u201d vidinis blokas \u012fpa\u010d kompakti\u0161k\u0173 matmen\u0173, tod\u0117l jo \u012frengimui reikalinga suma\u017einama iki minimumo.<\/li>\n<li>Eleganti\u0161kas ir modernus \u012frenginio dizainas puikiai dera su kita nam\u0173 buitine technika.<\/li>\n<\/ul>\n<h3>&#8222;Daikin&#8221; vienas \u012frenginys &#8211; visiems J\u016bs\u0173 poreikiams<\/h3>\n<ul>\n<li>\u012epa\u010d auk\u0161tas \u012frenginio efektyvumas, gali pakelti sistemos temperat\u016bra net iki 65 \u00b0 C, d\u0117l to \u201eDaikin Altherma 3\u201c tinka netik grindinio, ta\u010diau ir radiatorin\u0117ms \u0161ildymo sistemoms.<\/li>\n<li>\u201cDaikin\u201d inovatyvi\u0173 technilogij\u0173 d\u0117ga \u012frenginiai sukomplektuoti veikti nuo -25 \u00b0 C iki -28 \u00b0 C lauko temperat\u016bros, taip u\u017etikrinant patikim\u0105 \u0161ilumos siurblio veikim\u0105 net \u0161al\u010diausiu sezono metu.<\/li>\n<li>\u201cDaikin\u201d su \u201eBluevolution\u201c technologija geba pasiekti auk\u0161\u010diausius rezultatus rinkoje:<\/li>\n<li>Sezoninis efektyvumas iki A +++<\/li>\n<li>\u0160ildymo efektyvumas (COP) siekia net iki 5,1 (esant 7 \u00b0 C \/ 35 \u00b0 C)<\/li>\n<li>Buitinio kar\u0161to Vandens ruo\u0161os efektyvumas net iki 3,3 COP<\/li>\n<\/ul>\n<\/div>\n<\/div>\n<\/div>\n<h3>Daikin Altherma 3 \u0161ilumos siurbli\u0173 oras vanduo privalumai<\/h3>\n<p>&#8211; lyginant su ankstesn\u0117s kartos \u0161ilumos siurbliais, \u0161is Altherma modelis turi 8 % didesn\u012f \u0161ilumokait\u012f, kuris pagerina \u0161ilumos atidavim\u0105;<\/p>\n<p>&#8211; tinka tiek grindiniam \u0161ildymui, tiek su \u017eematemperat\u016briais radiatoriais;<\/p>\n<p>&#8211; naudojamas ekologi\u0161kas R32 freonas;<\/p>\n<p>&#8211; galima jungti prie esamos \u0161ildymo ar saul\u0117s kolektori\u0173 sistemos;<\/p>\n<p>&#8211; su integruotu 9 kW kaitinimo elementu;<\/p>\n<p>&#8211; i\u0161orinis blokas su apsauga nuo u\u017e\u0161alimo;<\/p>\n<p>&#8211; komplektuojamas su programuojamu valdikliu;<\/p>\n<p>&#8211; jungiamas \u012f vienfaz\u012f elektros tinkl\u0105;<\/p>\n<p>&#8211; eleganti\u0161kas dizainas, nesud\u0117tingas montavimas;<\/p>\n<p>&#8211; puikiai pritaikoma daugumoje nam\u0173;<\/p>\n<p>&#8211; konstrukcij\u0105 galima sujungti su atskiru kar\u0161to vandens rezervuaru;<\/p>\n<p>&#8211; auk\u0161\u010diausia energetin\u0117 klas\u0117 A+++;<\/p>\n<p>&#8211; \u201eBluevolution\u201c technologija suma\u017eina \u012f atmosfer\u0105 i\u0161metamo anglies dioksido kiek\u012f;<\/p>\n<p>&#8211;\u00a0 MMI ir Daikin Eye technologija;<\/p>\n<p>&#8211; naujesnio modelio ventiliatoriai ir j\u0173 varikliai;<\/p>\n<p>&#8211; apatin\u0117s plok\u0161t\u0117s nuda\u017eytos siekiant i\u0161vengti korozijos;<\/p>\n<p>&#8211; naujesnio modelio atramos su greito fiksavimo laikikliu bei papildomu tvirtinimu siekiant i\u0161vengti susilankstymo.<\/p>\n<h3>Wifi modulis i\u0161ple\u010diantis valdymo galimybes<\/h3>\n<p>Valdykite Daikin Altherma 3 \u0161ilumos siurbl\u012f oras vanduo i\u0161 bet kurios vietos su i\u0161maniuoju telefonu, ne\u0161iojamu kompiuteriu, staliniu kompiuteriu, plan\u0161ete ar lie\u010diamo ekrano \u012frenginius. Nusta\u010dius \u012frang\u0105, \u201eDaikin Eye\u201c technologija u\u017etikrins \u201eDaikin Altherma 3\u201c sistemos \u0161ildymo ir apr\u016bpinimo kar\u0161tu vandeniu funkcij\u0105 bei garantuos, kad suteikiamas komfortas atitikt\u0173 j\u016bs\u0173 poreikius! Sistem\u0105 gal\u0117site paprastai valdyti ir pri\u017ei\u016br\u0117ti naudodamiesi program\u0117le!<\/p>\n<p><img decoding=\"async\" src=\"https:\/\/oromeistras.lt\/img\/cms\/dorado\/product\/daikin-eye-oromeistras.png\" alt=\"\" width=\"800\" height=\"533\" \/><\/p>\n<p><strong>Technin\u0117 charakteristika<\/strong><\/p>\n<\/div>\n<table class=\"woocommerce-product-attributes shop_attributes\">\n<tbody>\n<tr class=\"woocommerce-product-attributes-item woocommerce-product-attributes-item--attribute_pa_galia-kw-7-c-35-c\">\n<th class=\"woocommerce-product-attributes-item__label\">Galia kw +7 C \/ +35 C<\/th>\n<td class=\"woocommerce-product-attributes-item__value\">7.74<\/td>\n<\/tr>\n<tr class=\"woocommerce-product-attributes-item woocommerce-product-attributes-item--attribute_pa_gamintojas\">\n<th class=\"woocommerce-product-attributes-item__label\">Gamintojas<\/th>\n<td class=\"woocommerce-product-attributes-item__value\">Daikin<\/td>\n<\/tr>\n<tr class=\"woocommerce-product-attributes-item woocommerce-product-attributes-item--attribute_pa_itampa-v\">\n<th class=\"woocommerce-product-attributes-item__label\">\u012etampa (V)<\/th>\n<td class=\"woocommerce-product-attributes-item__value\">400V (trij\u0173 fazi\u0173)<\/td>\n<\/tr>\n<tr class=\"woocommerce-product-attributes-item woocommerce-product-attributes-item--attribute_pa_kilmes-salis\">\n<th class=\"woocommerce-product-attributes-item__label\">Kilm\u0117s \u0161alis<\/th>\n<td class=\"woocommerce-product-attributes-item__value\">Japonija<\/td>\n<\/tr>\n<tr class=\"woocommerce-product-attributes-item woocommerce-product-attributes-item--attribute_pa_efektyviai-veikia-iki-c\">\n<th class=\"woocommerce-product-attributes-item__label\">Efektyviai veikia iki (C)<\/th>\n<td class=\"woocommerce-product-attributes-item__value\">-25<\/td>\n<\/tr>\n<tr class=\"woocommerce-product-attributes-item woocommerce-product-attributes-item--attribute_pa_su-integruotu-boileriu\">\n<th class=\"woocommerce-product-attributes-item__label\">Kar\u0161o vandens ruo\u0161os tipas<\/th>\n<td class=\"woocommerce-product-attributes-item__value\">Be kar\u0161to vandens talpos<\/td>\n<\/tr>\n<tr class=\"woocommerce-product-attributes-item woocommerce-product-attributes-item--attribute_pa_integruoto-el-teno-galia-kw\">\n<th class=\"woocommerce-product-attributes-item__label\">Integruoto el. Teno galia (kw)<\/th>\n<td class=\"woocommerce-product-attributes-item__value\">9 kw<\/td>\n<\/tr>\n<tr class=\"woocommerce-product-attributes-item woocommerce-product-attributes-item--attribute_pa_galia-kw-15-c-35-c\">\n<th class=\"woocommerce-product-attributes-item__label\">Galia (kw) &#8211; 15 C \/ +35 C<\/th>\n<td class=\"woocommerce-product-attributes-item__value\">5.56<\/td>\n<\/tr>\n<tr class=\"woocommerce-product-attributes-item woocommerce-product-attributes-item--attribute_pa_galia-kw-15-c-45-c\">\n<th class=\"woocommerce-product-attributes-item__label\">Galia (kw) &#8211; 15 C \/ +45 C<\/th>\n<td class=\"woocommerce-product-attributes-item__value\">5.5<\/td>\n<\/tr>\n<tr class=\"woocommerce-product-attributes-item woocommerce-product-attributes-item--attribute_pa_galia-kw-15-c-50-55-c\">\n<th class=\"woocommerce-product-attributes-item__label\">Galia (kw) &#8211; 15 C \/ +50\/55 C<\/th>\n<td class=\"woocommerce-product-attributes-item__value\">5.22<\/td>\n<\/tr>\n<tr class=\"woocommerce-product-attributes-item woocommerce-product-attributes-item--attribute_pa_cop-7-c-35-c\">\n<th class=\"woocommerce-product-attributes-item__label\">COP +7 C \/ +35 C<\/th>\n<td class=\"woocommerce-product-attributes-item__value\">4.75<\/td>\n<\/tr>\n<tr class=\"woocommerce-product-attributes-item woocommerce-product-attributes-item--attribute_pa_cop-15-c-35-c\">\n<th class=\"woocommerce-product-attributes-item__label\">COP -15 C \/ +35 C<\/th>\n<td class=\"woocommerce-product-attributes-item__value\">2.14<\/td>\n<\/tr>\n<tr class=\"woocommerce-product-attributes-item woocommerce-product-attributes-item--attribute_pa_cop-15-c-45-c\">\n<th class=\"woocommerce-product-attributes-item__label\">COP -15 C \/ +45 C<\/th>\n<td class=\"woocommerce-product-attributes-item__value\">1.8<\/td>\n<\/tr>\n<tr class=\"woocommerce-product-attributes-item woocommerce-product-attributes-item--attribute_pa_cop-15-c-50-55-c\">\n<th class=\"woocommerce-product-attributes-item__label\">COP -15 C \/ +50\/55 C<\/th>\n<td class=\"woocommerce-product-attributes-item__value\">1.56<\/td>\n<\/tr>\n<tr class=\"woocommerce-product-attributes-item woocommerce-product-attributes-item--attribute_pa_galia-prated-kw\">\n<th class=\"woocommerce-product-attributes-item__label\">Galia Prated (kw)<\/th>\n<td class=\"woocommerce-product-attributes-item__value\">7<\/td>\n<\/tr>\n<tr class=\"woocommerce-product-attributes-item woocommerce-product-attributes-item--attribute_pa_lauko-bl-garso-galia-dba\">\n<th class=\"woocommerce-product-attributes-item__label\">Lauko bl. garso galia dBA<\/th>\n<td class=\"woocommerce-product-attributes-item__value\">47<\/td>\n<\/tr>\n<tr class=\"woocommerce-product-attributes-item woocommerce-product-attributes-item--attribute_pa_saltnesis-freonas\">\n<th class=\"woocommerce-product-attributes-item__label\">\u0160altne\u0161is (freonas)<\/th>\n<td class=\"woocommerce-product-attributes-item__value\">R32<\/td>\n<\/tr>\n<tr class=\"woocommerce-product-attributes-item woocommerce-product-attributes-item--attribute_pa_vidaus-bl-matmenys-hxwxd-mm\">\n<th class=\"woocommerce-product-attributes-item__label\">Vidaus bl. matmenys HxWxD mm<\/th>\n<td class=\"woocommerce-product-attributes-item__value\">840 x 440 x 390<\/td>\n<\/tr>\n<tr class=\"woocommerce-product-attributes-item woocommerce-product-attributes-item--attribute_pa_lauko-bl-matmenys-hxwxd-mm\">\n<th class=\"woocommerce-product-attributes-item__label\">Lauko bl. matmenys HxWxD mm<\/th>\n<td class=\"woocommerce-product-attributes-item__value\">740 x 884 x 388<\/td>\n<\/tr>\n<tr class=\"woocommerce-product-attributes-item woocommerce-product-attributes-item--attribute_pa_vid-bl-svoris-neto-bruto-kg\">\n<th class=\"woocommerce-product-attributes-item__label\">Vid.bl. svoris neto\/bruto kg<\/th>\n<td class=\"woocommerce-product-attributes-item__value\">119<\/td>\n<\/tr>\n<tr class=\"woocommerce-product-attributes-item woocommerce-product-attributes-item--attribute_pa_isor-bl-svor-neto-bruto-kg\">\n<th class=\"woocommerce-product-attributes-item__label\">\u012e\u0161or.bl. svor. neto\/bruto kg<\/th>\n<td class=\"woocommerce-product-attributes-item__value\">36.4<\/td>\n<\/tr>\n<tr class=\"woocommerce-product-attributes-item woocommerce-product-attributes-item--attribute_pa_el-maitinimas-laido-storis\">\n<th class=\"woocommerce-product-attributes-item__label\">El. maitinimas\/laido storis<\/th>\n<td class=\"woocommerce-product-attributes-item__value\">3 x 4mm\u00b2<\/td>\n<\/tr>\n<tr class=\"woocommerce-product-attributes-item woocommerce-product-attributes-item--attribute_pa_freono-r32-kiek-isor-bloke\">\n<th class=\"woocommerce-product-attributes-item__label\">Freono R32 kiek. i\u0161or. Bloke<\/th>\n<td class=\"woocommerce-product-attributes-item__value\">1.5<\/td>\n<\/tr>\n<tr class=\"woocommerce-product-attributes-item woocommerce-product-attributes-item--attribute_pa_darb-temp-rib-sald-sild\">\n<th class=\"woocommerce-product-attributes-item__label\">Darb. temp. rib. \u0161ald.\/\u0161ild.<\/th>\n<td class=\"woocommerce-product-attributes-item__value\">-25~35<\/td>\n<\/tr>\n<tr class=\"woocommerce-product-attributes-item woocommerce-product-attributes-item--attribute_pa_energ-ef-klase-sald-sild\">\n<th class=\"woocommerce-product-attributes-item__label\">Energ. Ef. klas\u0117 \u0161ald.\/\u0161ild.<\/th>\n<td class=\"woocommerce-product-attributes-item__value\">A++\/A+++<\/td>\n<\/tr>\n<tr class=\"woocommerce-product-attributes-item woocommerce-product-attributes-item--attribute_pa_scop-35c-55c\">\n<th class=\"woocommerce-product-attributes-item__label\">SCOP (35C\/55C)<\/th>\n<td class=\"woocommerce-product-attributes-item__value\">4.51\/3.58<\/td>\n<\/tr>\n<tr class=\"woocommerce-product-attributes-item woocommerce-product-attributes-item--attribute_pa_galia-sildymui\">\n<th class=\"woocommerce-product-attributes-item__label\">Galia (\u0160ildymui)<\/th>\n<td class=\"woocommerce-product-attributes-item__value\">6-10 kw (80 \u2013 160m2)<\/td>\n<\/tr>\n<\/tbody>\n<\/table>","protected":false},"excerpt":{"rendered":"<ul>\n<li>A+++ Energijos klas\u0117 \u0161ildymui<\/li>\n<li>Tinka radiatoriams ir grind\u0173 \u0161ildymo sistemoms<\/li>\n<li>Be ten\u0173 pagalbos veikia net iki -25 C<\/li>\n<li>Gali ruo\u0161ti net iki + 65 C termofikat\u0105<\/li>\n<li>Integruotas 9 kw el. Tenas<\/li>\n<li>Net 5 m. garantija kompresoriui<\/li>\n<li>Atnaujintas Altherma 3 modelis<\/li>\n<li>Naujausios kartos R32 \u0161altne\u0161is<\/li>\n<li>Integruotas magnetinis purvo separatorius<\/li>\n<\/ul>\n<ul>\n<li>Papildomai v\u0117sinimo funkcija + 230 Eur ( su PVM).<\/li>\n<\/ul>\n<table class=\"woocommerce-product-attributes shop_attributes\">\n<tbody>\n<tr class=\"woocommerce-product-attributes-item woocommerce-product-attributes-item--attribute_pa_eer-cop\">\n<th class=\"woocommerce-product-attributes-item__label\">COP<\/th>\n<td class=\"woocommerce-product-attributes-item__value\">4.75<\/td>\n<\/tr>\n<tr class=\"woocommerce-product-attributes-item woocommerce-product-attributes-item--attribute_pa_wifi-valdymas\">\n<th class=\"woocommerce-product-attributes-item__label\">WiFi valdymas<\/th>\n<td class=\"woocommerce-product-attributes-item__value\">Taip<\/td>\n<\/tr>\n<tr class=\"woocommerce-product-attributes-item woocommerce-product-attributes-item--attribute_pa_sildymo-galia\">\n<th class=\"woocommerce-product-attributes-item__label\">\u0160ildymo galia<\/th>\n<td class=\"woocommerce-product-attributes-item__value\">7.74 kW<\/td>\n<\/tr>\n<tr class=\"woocommerce-product-attributes-item woocommerce-product-attributes-item--attribute_pa_spalva\">\n<th class=\"woocommerce-product-attributes-item__label\">Prek\u0117s spalva<\/th>\n<td class=\"woocommerce-product-attributes-item__value\">Balta<\/td>\n<\/tr>\n<\/tbody>\n<\/table>\n<p>&nbsp;<\/p>","protected":false},"featured_media":6919,"template":"","meta":{"om_disable_all_campaigns":false,"_monsterinsights_skip_tracking":false,"_monsterinsights_sitenote_active":false,"_monsterinsights_sitenote_note":"","_monsterinsights_sitenote_category":0},"product_brand":[],"product_cat":[48],"product_tag":[128,528,521,132,596,131],"class_list":{"0":"post-6941","1":"product","2":"type-product","3":"status-publish","4":"has-post-thumbnail","6":"product_cat-silumos-siurbliai-oras-vanduo","7":"product_tag-daikin","8":"product_tag-daikin-7-kw-oras-vanduo-split-be-boilerio","9":"product_tag-daikin-altherma-3r-7","10":"product_tag-daikin-oras-vanduo","11":"product_tag-ehbh08e9w-erga06evh","12":"product_tag-oras-vanduo-silum-os-siurbliai","13":"pa_boileris-be-boilerio","14":"pa_galingumas-7-74-kw","15":"pa_wifi-valdymas-taip","17":"first","18":"instock","19":"sale","20":"shipping-taxable","21":"purchasable","22":"product-type-simple"},"aioseo_notices":[],"_links":{"self":[{"href":"https:\/\/izopaga.lt\/en\/wp-json\/wp\/v2\/product\/6941","targetHints":{"allow":["GET"]}}],"collection":[{"href":"https:\/\/izopaga.lt\/en\/wp-json\/wp\/v2\/product"}],"about":[{"href":"https:\/\/izopaga.lt\/en\/wp-json\/wp\/v2\/types\/product"}],"wp:featuredmedia":[{"embeddable":true,"href":"https:\/\/izopaga.lt\/en\/wp-json\/wp\/v2\/media\/6919"}],"wp:attachment":[{"href":"https:\/\/izopaga.lt\/en\/wp-json\/wp\/v2\/media?parent=6941"}],"wp:term":[{"taxonomy":"product_brand","embeddable":true,"href":"https:\/\/izopaga.lt\/en\/wp-json\/wp\/v2\/product_brand?post=6941"},{"taxonomy":"product_cat","embeddable":true,"href":"https:\/\/izopaga.lt\/en\/wp-json\/wp\/v2\/product_cat?post=6941"},{"taxonomy":"product_tag","embeddable":true,"href":"https:\/\/izopaga.lt\/en\/wp-json\/wp\/v2\/product_tag?post=6941"}],"curies":[{"name":"wp","href":"https:\/\/api.w.org\/{rel}","templated":true}]}}