{"id":6943,"date":"2025-07-21T14:50:05","date_gmt":"2025-07-21T11:50:05","guid":{"rendered":"https:\/\/izopaga.lt\/?post_type=product&#038;p=6943"},"modified":"2026-02-05T09:50:13","modified_gmt":"2026-02-05T07:50:13","slug":"tcl-energy-120-kw-silumos-siurblys-oras-vanduo-monoblokas-r290-thmld-12s-9fb%d1%80-a-120-kw","status":"publish","type":"product","link":"https:\/\/izopaga.lt\/en\/produktai\/tcl-energy-120-kw-silumos-siurblys-oras-vanduo-monoblokas-r290-thmld-12s-9fb%d1%80-a-120-kw\/","title":{"rendered":"TCL Energy 12,0 kW \u0161ilumos siurblys Oras-vanduo monoblokas R290 THMLd-12S\/9FB\u0440-A 12,0 kW"},"content":{"rendered":"<div class=\"classic-video-wrapper white\">\n<div id=\"videoCmp_nTuSD5YF\" class=\"classic-video-container lazy_load_container classic-video-full mobile-classic-video-simple\">\n<div class=\"classic-video-cover\">\n<div class=\"\">\n<p>Monoblokinis oras-vanduo \u0161ilumos siurblys, skirtas efektyviam \u0161ildymui, v\u0117sinimui ir kar\u0161to vandens gamybai. \u012erenginyje naudojamas aplinkai nekenksmingas \u0161altne\u0161is R290, kuris suma\u017eina poveik\u012f aplinkai ir u\u017etikrina auk\u0161t\u0105 energijos vartojimo efektyvum\u0105.<\/p>\n<p>Pagrindin\u0117s savyb\u0117s:<\/p>\n<ul>\n<li>Didelis efektyvumas: did\u017eiausias SCOP iki\u00a0<strong>5,33<\/strong><\/li>\n<li><strong>R290<\/strong>\u00a0\u0161altne\u0161is<\/li>\n<li>Maksimali tiekiamo vandens temperat\u016bra\u00a0<strong>80 \u2103<\/strong><\/li>\n<li>\u017demas triuk\u0161mo lygis: 35 dB(A) 3 m atstumu<\/li>\n<li>Atitikimas ES reikalavimams R290: ma\u017eas 3GWP\/0 ODP<\/li>\n<li>Internetin\u0117 paslauga<\/li>\n<li>Nuotolinis steb\u0117jimas<\/li>\n<li>Garantija 5 metai<\/li>\n<\/ul>\n<p>&nbsp;<\/p>\n<hr \/>\n<p>\u0160is \u0161ilumos siurblys pasi\u017eymi kompakti\u0161ku dizainu ir lengvu montavimu, tod\u0117l yra idealus pasirinkimas tiek naujiems, tiek renovuojamiems pastatams. Didelis jo efektyvumas u\u017etikrina ma\u017eas energijos s\u0105naudas ir efektyv\u0173 veikim\u0105 net esant \u017eemai lauko temperat\u016brai.<\/p>\n<\/div>\n<div class=\"classic-video-cover-wrapper center bottom mobile-center mobile-top\">\n<div class=\"classic-video-cover-content classic-video-cover-theme-black\">\n<div class=\"rich-text pc-richtext\"><\/div>\n<\/div>\n<\/div>\n<\/div>\n<\/div>\n<\/div>\n<div id=\"featureImageAndText_3OfFyWaC\" class=\"image-text-group white component-padding-top auto\" data-view-layout=\"simple\" data-pc-layout=\"row-reverse\" data-mob-layout=\"column\" data-content-type=\"stationary\" data-carousel-type=\"together\" data-carousel-item=\"marketing\" data-carousel-delay=\"0\">\n<div class=\"layout-simple\">\n<div class=\"image-text-group__stationary flex-direction--row-reverse flex-direction--mobile--column\">\n<div class=\"text-group__wrapper\">\n<div class=\"text-group__item\" data-view-track=\"{&quot;event_name&quot;:&quot;view_text&quot;,&quot;event_parameters&quot;:{&quot;module_name&quot;:&quot;Feature Image And Text&quot;}}\">\n<div class=\"text-group__item__content\">\n<div class=\"text-group__item__wrap\">\n<div class=\"rich-text common\">\n<h2>Patogiau ir suma\u017einkite s\u0105skaitas u\u017e \u0161ildym\u0105 naudodami 3 zon\u0173 temperat\u016bros valdym\u0105<\/h2>\n<p>Optimali aplinkos temperat\u016bra skiriasi priklausomai nuo skirting\u0173 demografini\u0173 rodikli\u0173. TCL \u0161ilumos siurbliai gali vienu metu reguliuoti temperat\u016br\u0105 trijose zonose, tenkindami individualius poreikius ir sutaupydami \u0161ildymo s\u0105skaitas.<\/p>\n<\/div>\n<\/div>\n<\/div>\n<\/div>\n<\/div>\n<div id=\"wrapper0\" class=\"image-group__wrapper lazy_load_container\"><picture><img decoding=\"async\" src=\"https:\/\/cdn02.plentymarkets.com\/kmyhaikn11xq\/frontend\/actec-shop\/Waermepumpe\/3-Zonen.png\" alt=\"TCL monobloko \u0161ilumos siurblys\" \/><\/picture><\/div>\n<\/div>\n<\/div>\n<\/div>\n<div class=\"graphics-card\">\n<div class=\"graphics-card-wrap white transparent component-padding-top fade-in-up-container\">\n<div class=\"graphics-card-cnt\" data-dialog-id=\"commonTitle_gsgXSwww\">\n<div class=\"graphics-pc-wrap graphics-card-vertical graphics-three-columns\" data-scroll=\"graphicsBannerCard\" data-model=\"pc\">\n<div class=\"li-cnt\">\n<div class=\"text-wrap\">\n<div class=\"li-desc\">\n<div class=\"rich-text common\">\n<h2><span style=\"font-size: 16px;\">I\u0161manusis program\u0173 valdymas<\/span><\/h2>\n<\/div>\n<\/div>\n<\/div>\n<\/div>\n<\/div>\n<\/div>\n<\/div>\n<\/div>\n<div id=\"featureImageAndText_O0QjC65u\" class=\"image-text-group white component-padding-top auto\" data-view-layout=\"simple\" data-pc-layout=\"column\" data-mob-layout=\"column\" data-content-type=\"stationary\" data-carousel-type=\"together\" data-carousel-item=\"marketing\" data-carousel-delay=\"0\">\n<div class=\"layout-simple\">\n<div class=\"image-text-group__stationary flex-direction--column flex-direction--mobile--column\">\n<div class=\"text-group__wrapper\">\n<div class=\"text-group__item\" data-view-track=\"{&quot;event_name&quot;:&quot;view_text&quot;,&quot;event_parameters&quot;:{&quot;module_name&quot;:&quot;Intelligent App Control&quot;}}\">\n<div class=\"text-group__item__content\">\n<div class=\"text-group__item__wrap\">\n<div class=\"rich-text common\">\n<p>Re\u017eimo reguliavimas | Kaskadinis valdymas<\/p>\n<p>Energijos suvartojimo registravimas | Sanitarinis kar\u0161to vandens prioritetinis re\u017eimas<\/p>\n<p>\u012erenginio b\u016bsenos ir informacijos apie gedim\u0105 ekranas | Temperat\u016bra, laikma\u010dio nustatymas ir kt.<\/p>\n<\/div>\n<\/div>\n<\/div>\n<\/div>\n<\/div>\n<div id=\"wrapper0\" class=\"image-group__wrapper lazy_load_container\"><a class=\"image-group__item\" target=\"_blank\" rel=\"nofollow noopener\" data-media-type=\"image\" data-view-track=\"{&quot;event_name&quot;:&quot;view_image&quot;,&quot;event_parameters&quot;:{&quot;module_name&quot;:&quot;Intelligent App Control&quot;}}\"><picture class=\"\"><source srcset=\"https:\/\/aws-obg-image-lb-3.tcl.com\/content\/dam\/brandsite\/region\/europe\/products\/heat-pump\/product\/r32-split\/ksp\/mob\/r32-split-app-mob.jpg?t=1719565190086&amp;w=834&amp;webp=true&amp;dpr=1&amp;rendition=2400\" media=\"(max-width: 834px)\" \/><source srcset=\"https:\/\/aws-obg-image-lb-2.tcl.com\/content\/dam\/brandsite\/region\/europe\/products\/heat-pump\/product\/r32-split\/ksp\/pc\/r32-split-app.jpg?t=1719563680771&amp;w=1200&amp;webp=true&amp;dpr=1&amp;rendition=2400\" media=\"(min-width: 835px)\" \/><img decoding=\"async\" class=\"image-group__item-img media-target\" src=\"https:\/\/aws-obg-image-lb-2.tcl.com\/content\/dam\/brandsite\/region\/europe\/products\/heat-pump\/product\/r32-split\/ksp\/pc\/r32-split-app.jpg?t=1719563680771&amp;w=1200&amp;webp=true&amp;dpr=1&amp;rendition=2400\" data-lazy-loaded=\"\" \/><\/picture><\/a><\/div>\n<\/div>\n<\/div>\n<\/div>\n<div id=\"featureImageAndText_n9sIDrHl\" class=\"image-text-group white component-padding-top auto\" data-view-layout=\"simple\" data-pc-layout=\"column\" data-mob-layout=\"column\" data-content-type=\"stationary\" data-carousel-type=\"together\" data-carousel-item=\"marketing\" data-carousel-delay=\"0\">\n<div class=\"image-text-title\">\n<h2 class=\"title title-center title-m-size\">Internetin\u0117 paslauga<\/h2>\n<\/div>\n<div class=\"layout-simple\">\n<div class=\"image-text-group__stationary flex-direction--column flex-direction--mobile--column\">\n<div class=\"text-group__wrapper\">\n<div class=\"text-group__item\" data-view-track=\"{&quot;event_name&quot;:&quot;view_text&quot;,&quot;event_parameters&quot;:{&quot;module_name&quot;:&quot;Online Service&quot;}}\">\n<div class=\"text-group__item__content\">\n<div class=\"text-group__item__wrap\">\n<div class=\"rich-text common\">\n<p>Lengvi programin\u0117s \u012frangos atnaujinimai | Parametr\u0173 paleidimas<\/p>\n<p>Nuotolinis \u0161ilumos siurblio steb\u0117jimas<\/p>\n<\/div>\n<\/div>\n<\/div>\n<\/div>\n<\/div>\n<div id=\"wrapper0\" class=\"image-group__wrapper lazy_load_container\"><a class=\"image-group__item\" target=\"_blank\" rel=\"nofollow noopener\" data-media-type=\"image\" data-view-track=\"{&quot;event_name&quot;:&quot;view_image&quot;,&quot;event_parameters&quot;:{&quot;module_name&quot;:&quot;Online Service&quot;}}\"><picture class=\"\"><source srcset=\"https:\/\/aws-obg-image-lb-2.tcl.com\/content\/dam\/brandsite\/region\/europe\/products\/heat-pump\/product\/r32-split\/ksp\/mob\/r32-split-online-mob.jpg?t=1719565192021&amp;w=834&amp;webp=true&amp;dpr=1&amp;rendition=2400\" media=\"(max-width: 834px)\" \/><source srcset=\"https:\/\/aws-obg-image-lb-5.tcl.com\/content\/dam\/brandsite\/region\/europe\/products\/heat-pump\/product\/r32-split\/ksp\/pc\/r32-split-online.jpg?t=1719563545864&amp;w=1200&amp;webp=true&amp;dpr=1&amp;rendition=2400\" media=\"(min-width: 835px)\" \/><img decoding=\"async\" class=\"image-group__item-img media-target\" src=\"https:\/\/aws-obg-image-lb-5.tcl.com\/content\/dam\/brandsite\/region\/europe\/products\/heat-pump\/product\/r32-split\/ksp\/pc\/r32-split-online.jpg?t=1719563545864&amp;w=1200&amp;webp=true&amp;dpr=1&amp;rendition=2400\" data-lazy-loaded=\"\" \/><\/picture><\/a><\/div>\n<\/div>\n<\/div>\n<\/div>\n<div id=\"featureImageAndText_bqrZ7URX\" class=\"image-text-group white component-padding-bottom auto\" data-view-layout=\"simple\" data-pc-layout=\"column\" data-mob-layout=\"column\" data-content-type=\"stationary\" data-carousel-type=\"together\" data-carousel-item=\"marketing\" data-carousel-delay=\"0\">\n<div class=\"layout-simple\">\n<div class=\"image-text-group__stationary flex-direction--column flex-direction--mobile--column\">\n<div id=\"wrapper0\" class=\"image-group__wrapper lazy_load_container\"><\/div>\n<\/div>\n<\/div>\n<\/div>\n<p>&nbsp;<\/p>\n<p>&nbsp;<\/p>\n<p><strong>\u017demas triuk\u0161mo <\/strong><\/p>\n<ul>\n<li>Galima pasirinkti \u012fvairius tyliuosius re\u017eimus: tyl\u0173j\u012f re\u017eim\u0105, nakties tyl\u0173j\u012f re\u017eim\u0105, itin tyl\u0173 re\u017eim\u0105.<\/li>\n<li>Optimizuota de\u0161iniosios ir galin\u0117s pus\u0117s plok\u0161\u010di\u0173 konstrukcija, pagr\u012fsta 3D modeliavimu, labai suma\u017eina vibracij\u0105 ir darbin\u012f triuk\u0161m\u0105.<\/li>\n<\/ul>\n<p><strong>Laidinis valdiklis<\/strong><\/p>\n<ul>\n<li>Skyst\u0173j\u0173 kristal\u0173 ekranas, dvikryptis ry\u0161ys, foninis ap\u0161vietimas nakt\u012f<\/li>\n<li>\u201eWi-Fi\u201c ry\u0161ys ir valdymas internetu<\/li>\n<li>\u012evairios kalbos<\/li>\n<li>Nustatomi parametrai ir gedim\u0173 per\u017ei\u016bra<\/li>\n<li>Dienos, savait\u0117s tvarkara\u0161\u010diai tiksliai valdo veikimo re\u017eimus, tod\u0117l nereikia bijoti, kad naudotojas k\u0105 nors pamir\u0161.<\/li>\n<\/ul>\n<div class=\"container\">\n<div class=\"row ac-wifi ma-b-60\">\n<div class=\"col-sm-12\">\n<div class=\"grid\">\n<div class=\"v50 ma-b-40\"><\/div>\n<div class=\"v50\">\n<h4 class=\"ma-b-20\">I\u0161manusis valdymas<\/h4>\n<p class=\"strong\">TCL\u2122 R32 triterminis ATW \u0161ilumos siurblio monoblokas si\u016blo individualius temperat\u016bros nustatymus trims zonoms su 3 zon\u0173 valdymu. \u0160i technologija puikiai tinka skirtingam gyvenimo komfortui ir energijos vartojimo efektyvumui, tod\u0117l leid\u017eia lanks\u010diai reguliuoti kambario temperat\u016br\u0105, pritaikyt\u0105 pagal asmeninius pageidavimus ir kambario naudojim\u0105. Intuityvus valdymas naudojant Smart App leid\u017eia reguliuoti bet kur, kad \u0161ildymas b\u016bt\u0173 nekenksmingas aplinkai ir ekonomi\u0161kas.<\/p>\n<\/div>\n<\/div>\n<\/div>\n<\/div>\n<\/div>\n<div class=\"container\">\n<div class=\"row ac-wifi ma-b-60\">\n<div class=\"col-sm-12\">\n<h1 class=\"ma-b-40\">Atostog\u0173 re\u017eimas<\/h1>\n<\/div>\n<div class=\"col-sm-12\">\n<div class=\"grid\">\n<div class=\"v50 ma-b-40\"><picture><source srcset=\"https:\/\/cdn02.plentymarkets.com\/kmyhaikn11xq\/frontend\/actec-shop\/Waermepumpe\/Urlaubsmodus-neu.png\" media=\"(max-width: 619px)\" \/><source srcset=\"https:\/\/cdn02.plentymarkets.com\/kmyhaikn11xq\/frontend\/actec-shop\/Waermepumpe\/Urlaubsmodus-neu.png\" media=\"(min-width: 620px)\" \/><img decoding=\"async\" class=\"ma-b-40\" src=\"https:\/\/cdn02.plentymarkets.com\/kmyhaikn11xq\/frontend\/actec-shop\/Waermepumpe\/Urlaubsmodus-neu.png\" alt=\"TCL monobloko \u0161ilumos siurblys\" \/><\/picture><\/div>\n<div class=\"v50\">\n<h4 class=\"ma-b-20\">Patogus energijos taupymo re\u017eimas<\/h4>\n<p>Atostog\u0173 re\u017eimas u\u017etikrina \u0161ilum\u0105 gr\u012f\u017eus. Valdykite \u0161ildym\u0105 nuotoliniu b\u016bdu ir taupykite energij\u0105, kol esate i\u0161vyk\u0119. Naudodami intuityvi\u0105 TCL\u2122 program\u0117l\u0119, j\u016bs\u0173 namai visada jaukiai ir efektyviai \u0161ildomi.<\/p>\n<\/div>\n<\/div>\n<\/div>\n<\/div>\n<\/div>\n<div class=\"container\">\n<div class=\"row ac-wifi ma-b-60\">\n<div class=\"col-sm-12\">\n<h1 class=\"ma-b-40\">Anti-Frost<\/h1>\n<\/div>\n<div class=\"col-sm-12\">\n<div class=\"grid\">\n<div class=\"v50 ma-b-40\"><picture><source srcset=\"https:\/\/cdn02.plentymarkets.com\/kmyhaikn11xq\/frontend\/actec-shop\/Waermepumpe\/Anti-Frost.png\" media=\"(max-width: 619px)\" \/><source srcset=\"https:\/\/cdn02.plentymarkets.com\/kmyhaikn11xq\/frontend\/actec-shop\/Waermepumpe\/Anti-Frost.png\" media=\"(min-width: 620px)\" \/><img decoding=\"async\" class=\"ma-b-40\" src=\"https:\/\/cdn02.plentymarkets.com\/kmyhaikn11xq\/frontend\/actec-shop\/Waermepumpe\/Anti-Frost.png\" alt=\"TCL monobloko \u0161ilumos siurblys\" \/><\/picture><\/div>\n<div class=\"v50\">\n<h4 class=\"ma-b-20\">Anti-u\u017e\u0161alimas<\/h4>\n<p>TCL \u0161ilumos siurblys apr\u016bpintas pa\u017eangia apsauga nuo u\u017e\u0161alimo, kuri ne tik apsaugo i\u0161or\u0119 nuo \u0161al\u010dio, bet ir u\u017etikrina patikim\u0105 veikim\u0105 apled\u0117jimo metu. Jei lauko blokas vis tiek u\u017e\u0161\u0105la, automati\u0161kai \u012fsijungia elektrinis \u0161ildytuvas, palaikantis \u0161ilumos tiekim\u0105, kol lauko blokas efektyviai atitirpinamas. \u0160i dviguba sistema u\u017etikrina nuolatin\u012f \u0161ilumos tiekim\u0105 ir optimalias eksploatavimo s\u0105lygas net ir esant u\u017e\u0161alimo lauko temperat\u016brai.<\/p>\n<\/div>\n<\/div>\n<\/div>\n<\/div>\n<\/div>\n<div class=\"container\">\n<div class=\"row\">\n<div class=\"col-sm-12\"><\/div>\n<div class=\"col-sm-12\">Re\u017eimo reguliavimas<\/div>\n<div class=\"row ac-modi\">\n<div class=\"col-sm-12 col-md-12 ma-b-40\">\n<p>Koreguokite \u0161ilumos siurblio nustatymus tiesiai i\u0161 savo i\u0161maniojo telefono. Tai apima \u012fvairius darbo re\u017eimus, kuriuos galima pritaikyti pagal j\u016bs\u0173 konkre\u010dius poreikius.<\/p>\n<\/div>\n<div class=\"col-sm-12 col-md-12 ma-b-60\">\n<h3 class=\"ma-b-20\">Kaskados valdymas ir sanitarinis kar\u0161tas vanduo:<\/h3>\n<p>TCL monoblokinis \u0161ilumos siurblys si\u016blo galing\u0105 kaskados funkcij\u0105, leid\u017eian\u010di\u0105 sujungti iki a\u0161tuoni\u0173 \u012frengini\u0173, kad b\u016bt\u0173 pasiekta maksimali 128 kW \u0161ildymo galia. \u0160is kei\u010diamo dyd\u017eio sprendimas idealiai tinka didesniems pastatams ir projektams, kuriems reikalingas lankstus ir efektyvus \u0161ildymo sprendimas.<\/p>\n<p>Naudojant kaskados funkcij\u0105, galima i\u0161maniai valdyti kelis \u0161ilumos siurblius, kad b\u016bt\u0173 optimizuotas energijos suvartojimas ir u\u017etikrintas tolygus \u0161ilumos paskirstymas. Puikiai tinka komercin\u0117ms ir pramonin\u0117ms reikm\u0117ms, kurioms reikia auk\u0161\u010diausio na\u0161umo ir patikimumo.<\/p>\n<\/div>\n<div class=\"col-sm-12 col-md-12 ma-b-60\">\n<h3 class=\"ma-b-20\">Steb\u0117jimas ir prie\u017ei\u016bra:<\/h3>\n<p>Steb\u0117kite \u012frenginio b\u016bsen\u0105 ir klaid\u0173 prane\u0161imus. Be to, steb\u0117kite temperat\u016bros tendencijas, siurblio sraut\u0105 ir laikma\u010dio nustatymus.<\/p>\n<\/div>\n<\/div>\n<\/div>\n<\/div>\n<div class=\"container\">\n<div class=\"dropdowncontent ma-b-80\">\n<div class=\"wrap-collabsible\">\n<div class=\"collapsible-content\">\n<div class=\"content-inner\">\n<div class=\"row ac-wartung\">\n<div class=\"col-sm-12\"><\/div>\n<div class=\"col-sm-12\">\n<div class=\"grid ma-b-40\">\n<div class=\"v50\">\n<h4 class=\"ma-b-20\"><\/h4>\n<p>&nbsp;<\/p>\n<\/div>\n<\/div>\n<div class=\"grid\">\n<div class=\"v50 ma-b-60\">\n<h4 class=\"ma-b-20\">Galima gauti LEA subsidij\u0105\/param1<\/h4>\n<p>Produktas yra apdovanotas keliais sertifikatais, \u012fskaitant RoHS, CE, EAC, Reach, SGS, BAFA ir Rijksoverheid voor Ondernemend Nederland. \u0160ie sertifikatai rodo, kad laikomasi grie\u017et\u0173 saugos ir aplinkosaugos standart\u0173.<\/p>\n<\/div>\n<\/div>\n<\/div>\n<\/div>\n<div class=\"row ac-wartung\">\n<div class=\"col-sm-12\">\n<h1 class=\"ma-b-40\">Papildomos funkcijos<\/h1>\n<\/div>\n<div class=\"col-sm-12\">\n<div class=\"grid ma-b-40\">\n<div class=\"v50\"><img decoding=\"async\" src=\"https:\/\/cdn02.plentymarkets.com\/kmyhaikn11xq\/frontend\/actec-shop\/Waermepumpe\/Online-Update.png\" alt=\"TCL prie\u017ei\u016bra\" \/><\/div>\n<div class=\"v50\">\n<h4 class=\"ma-b-20\">Internetinis atnaujinimas:<\/h4>\n<p>Sistema si\u016blo lengvus programin\u0117s \u012frangos atnaujinimus ir leid\u017eia patogiai nustatyti sistemos ry\u0161\u012f bei nuotoliniu b\u016bdu steb\u0117ti, kad j\u016bs\u0173 \u0161ilumos siurblys visada b\u016bt\u0173 atnaujintas.<\/p>\n<\/div>\n<\/div>\n<div class=\"grid\">\n<div class=\"v50\"><img decoding=\"async\" src=\"https:\/\/cdn02.plentymarkets.com\/kmyhaikn11xq\/frontend\/actec-shop\/Waermepumpe\/Super-Leise.png\" alt=\"TCL prie\u017ei\u016bra\" \/><\/div>\n<div class=\"v50 ma-b-60\">\n<h4 class=\"ma-b-20\">\u017demas triuk\u0161mo lygis:<\/h4>\n<p>Keli tylaus veikimo re\u017eimai, \u012fskaitant naktin\u012f ir itin tyl\u0173 re\u017eim\u0105, u\u017etikrina ramyb\u0119 j\u016bs\u0173 namuose. Specialus \u0161onini\u0173 skydeli\u0173 optimizavimas ir 3-D modeliavimas \u017eymiai suma\u017eina vibracij\u0105 ir veikimo triuk\u0161m\u0105.<\/p>\n<\/div>\n<\/div>\n<\/div>\n<\/div>\n<\/div>\n<\/div>\n<\/div>\n<\/div>\n<\/div>\n<div class=\"container\">\n<div class=\"row ac-r32 ma-b-60\">\n<div class=\"col-sm-12 ma-b-40\">\n<div class=\"headlin\">\n<h2>ATEITIES, EKOLOGI\u0160KAS<\/h2>\n<\/div>\n<\/div>\n<div class=\"col-sm-12\">\n<h1 class=\"ma-b-40\">R290 Freonas<\/h1>\n<\/div>\n<div class=\"col-sm-12 ma-b-40\"><\/div>\n<\/div>\n<\/div>\n<p><a href=\"https:\/\/pvgroup.pl\/en\/wp-content\/Uploads\/2022\/12\/TCL-heat-pump-controller-pvgroup.webp\"><img fetchpriority=\"high\" decoding=\"async\" class=\"size-full wp-image-34128 aligncenter\" src=\"https:\/\/pvgroup.pl\/wp-content\/uploads\/2022\/12\/Sterownik-pompa-ciepla-TCL-pvgroup.webp\" sizes=\"(max-width: 596px) 100vw, 596px\" srcset=\"https:\/\/pvgroup.pl\/wp-content\/uploads\/2022\/12\/Sterownik-pompa-ciepla-TCL-pvgroup.webp 596w, https:\/\/pvgroup.pl\/wp-content\/uploads\/2022\/12\/Sterownik-pompa-ciepla-TCL-pvgroup-297x300.webp 297w, https:\/\/pvgroup.pl\/wp-content\/uploads\/2022\/12\/Sterownik-pompa-ciepla-TCL-pvgroup-100x100.webp 100w\" alt=\"TCL heat pump controller pvgroup.pl\" width=\"596\" height=\"602\" \/><\/a><\/p>\n<p><img decoding=\"async\" src=\"https:\/\/pvgroup.pl\/wp-content\/uploads\/2022\/12\/Certyfikat-pompa-12-16.webp\" alt=\"Pump certificate 12-16\" \/><\/p>","protected":false},"excerpt":{"rendered":"<ul class=\"highlights\">\n<li>Garantija 5 metai<\/li>\n<li class=\"highlight-item\">\u00b7\u00a03 zon\u0173 temp. Kontrol\u0117<\/li>\n<li class=\"highlight-item\">\u00b7 Didelis efektyvumas: did\u017eiausias SCOP iki 5,33<\/li>\n<li class=\"highlight-item\">\u00b7 Maks. 80 \u2103<\/li>\n<li class=\"highlight-item\">\u00b7 Ma\u017eas triuk\u0161mas: 44 dB(A)<\/li>\n<li class=\"highlight-item\">\u00b7 ES reikalavimus atitinkantis R290: ma\u017eas GWP\/0 ODP<\/li>\n<li class=\"highlight-item\">\u00b7\u00a0Internetin\u0117 paslauga<\/li>\n<li class=\"highlight-item\">\u00b7\u00a0Nuotolinis steb\u0117jimas<\/li>\n<\/ul>\n<table class=\"woocommerce-product-attributes shop_attributes\">\n<tbody>\n<tr class=\"woocommerce-product-attributes-item woocommerce-product-attributes-item--attribute_pa_eer-cop\">\n<th class=\"woocommerce-product-attributes-item__label\">EER\/COP<\/th>\n<td class=\"woocommerce-product-attributes-item__value\">3.88\/4.84<\/td>\n<\/tr>\n<tr class=\"woocommerce-product-attributes-item woocommerce-product-attributes-item--attribute_pa_wifi-valdymas\">\n<th class=\"woocommerce-product-attributes-item__label\">WiFi valdymas<\/th>\n<td class=\"woocommerce-product-attributes-item__value\">Taip<\/td>\n<\/tr>\n<tr class=\"woocommerce-product-attributes-item woocommerce-product-attributes-item--attribute_pa_sildymo-galia\">\n<th class=\"woocommerce-product-attributes-item__label\">\u0160ildymo galia<\/th>\n<td class=\"woocommerce-product-attributes-item__value\">12.0 kW<\/td>\n<\/tr>\n<tr class=\"woocommerce-product-attributes-item woocommerce-product-attributes-item--attribute_pa_spalva\">\n<th class=\"woocommerce-product-attributes-item__label\">Prek\u0117s spalva<\/th>\n<td class=\"woocommerce-product-attributes-item__value\">Juoda<\/td>\n<\/tr>\n<\/tbody>\n<\/table>","protected":false},"featured_media":6493,"template":"","meta":{"om_disable_all_campaigns":false,"_monsterinsights_skip_tracking":false,"_monsterinsights_sitenote_active":false,"_monsterinsights_sitenote_note":"","_monsterinsights_sitenote_category":0},"product_brand":[],"product_cat":[59],"product_tag":[282,281,299,599,300,301,598],"class_list":{"0":"post-6943","1":"product","2":"type-product","3":"status-publish","4":"has-post-thumbnail","6":"product_cat-silumos-siurbliai-oras-vanduo-monoblokai","7":"product_tag-oras-vanduo-tcl","8":"product_tag-silumos-siurblys-oras-vanduo-split-tcl","9":"product_tag-tcl-monoblokas","10":"product_tag-tcl-monoblokas-oras-anduo-r290-monobloaks","11":"product_tag-tcl-monoblokas-oras-vanduo","12":"product_tag-tcl-r290","13":"product_tag-thmld-12s-9fb-a","14":"pa_boileris-be-boilerio","15":"pa_galingumas-12-kw","16":"pa_wifi-valdymas-taip","18":"first","19":"instock","20":"sale","21":"shipping-taxable","22":"purchasable","23":"product-type-simple"},"aioseo_notices":[],"_links":{"self":[{"href":"https:\/\/izopaga.lt\/en\/wp-json\/wp\/v2\/product\/6943","targetHints":{"allow":["GET"]}}],"collection":[{"href":"https:\/\/izopaga.lt\/en\/wp-json\/wp\/v2\/product"}],"about":[{"href":"https:\/\/izopaga.lt\/en\/wp-json\/wp\/v2\/types\/product"}],"wp:featuredmedia":[{"embeddable":true,"href":"https:\/\/izopaga.lt\/en\/wp-json\/wp\/v2\/media\/6493"}],"wp:attachment":[{"href":"https:\/\/izopaga.lt\/en\/wp-json\/wp\/v2\/media?parent=6943"}],"wp:term":[{"taxonomy":"product_brand","embeddable":true,"href":"https:\/\/izopaga.lt\/en\/wp-json\/wp\/v2\/product_brand?post=6943"},{"taxonomy":"product_cat","embeddable":true,"href":"https:\/\/izopaga.lt\/en\/wp-json\/wp\/v2\/product_cat?post=6943"},{"taxonomy":"product_tag","embeddable":true,"href":"https:\/\/izopaga.lt\/en\/wp-json\/wp\/v2\/product_tag?post=6943"}],"curies":[{"name":"wp","href":"https:\/\/api.w.org\/{rel}","templated":true}]}}