{"id":6961,"date":"2025-07-22T11:26:05","date_gmt":"2025-07-22T08:26:05","guid":{"rendered":"https:\/\/izopaga.lt\/?post_type=product&#038;p=6961"},"modified":"2025-11-28T14:11:18","modified_gmt":"2025-11-28T12:11:18","slug":"nordis-ultima-mono-r290-silumos-siurblys-oras-vanduo-monoblokas-su-integruotu-boileriu-250l-hlt6mono-s-hlt-9-250-3s-67-kw","status":"publish","type":"product","link":"https:\/\/izopaga.lt\/en\/produktai\/nordis-ultima-mono-r290-silumos-siurblys-oras-vanduo-monoblokas-su-integruotu-boileriu-250l-hlt6mono-s-hlt-9-250-3s-67-kw\/","title":{"rendered":"Nordis ULTIMA MONO R290 \u0161ilumos siurblys Oras-vanduo monoblokas su integruotu boileriu 250L HLT6MONO-S \/ HLT-9-250-3S 6,7 kW"},"content":{"rendered":"<div class=\"product-summary-wrap\">\n<div class=\"row\">\n<div class=\"summary entry-summary col-md-7\">\n<div class=\"description woocommerce-product-details__short-description\">\n<p><strong>N\u00d8RDIS ULTIMA R290 \u2013 ATSAKINGAS KOMFORTAS, TVARUS RYTOJUS.<\/strong><\/p>\n<p>Saugoti aplink\u0105 \u0161iandien rei\u0161kia saugoti ateit\u012f. Tod\u0117l si\u016blome sprendimus, kurie ne tik suteikia komforti\u0161k\u0105 kasdienyb\u0119, bet ir prisideda prie atsakomyb\u0117s saugant gamt\u0105.<\/p>\n<p>Pristatome nauj\u0105j\u012f N\u00d8RDIS Ultima \u0161ilumos siurbl\u012f oras-vanduo, kuris nustato naujus na\u0161umo ir tvarumo standartus. Pa\u017eangiausias \u0161altne\u0161is R290, kurio GWP yra tik 3, u\u017etikrina ekologi\u0161k\u0105 ir optimal\u0173 veikim\u0105, o \u012f sistem\u0105 tiekiamas iki 75 \u00b0C temperat\u016bros vanduo stipriai i\u0161pl\u0117\u010dia \u0161ilumos siurblio oras-vanduo pritaikymo galimyb\u0117s.<\/p>\n<p>N\u00d8RDIS Ultima serija buvo kruop\u0161\u010diai sukurta siekiant optimizuoti \u012frenginio na\u0161um\u0105 ir energijos naudojim\u0105. Tod\u0117l su pasidid\u017eiavimu pristatome itin auk\u0161to efektyvumo \u012frengin\u012f.<\/p>\n<ul>\n<li>Inverterin\u0117 technologija suteikia auk\u0161\u010diausi\u0105 A+++ energijos klas\u0119<\/li>\n<li>Auk\u0161tesnis \u0161ilumos perdavimo koeficientas u\u017etikrina geresn\u012f na\u0161um\u0105<\/li>\n<li>Tiksliam temperat\u016bros vandens sistemoje sureguliavimui<\/li>\n<li>I\u0161maniojo tinklo (SG-Ready) funkcionalumas u\u017etikrina, kad \u0161ilumos siurblys gal\u0117t\u0173 veikti efektyviai, prisitaikydamas prie tinklo siun\u010diam\u0173 signal\u0173<\/li>\n<li>7 coli\u0173 lengvai valdomas spalvotas jutiklinis ekranas palaiko modernias funkcijas<\/li>\n<li>Laikmatis ir prioritetinis kar\u0161to vandens valdymas su antilegioneli\u0173 funkcija<\/li>\n<li>Tylus veikimas garantuoja rami\u0105 aplink\u0105 ir kokybi\u0161k\u0105 mieg\u0105<\/li>\n<li>Veikia automati\u0161kai pagal naudojimo \u012fpro\u010dius<\/li>\n<li>Dviej\u0173 pakop\u0173 valdymas elektriniam \u0161ildytuvui \u012fjungti\/ sustabdyti, komfortui ir energijos taupymui<\/li>\n<li>Galia nuo 6 iki 20 kW, tiek renovuotiems, tiek dideliems naujiems pastatams<\/li>\n<li>Per\u017ei\u016br\u0117kite energijos suvartojimo ir COP reik\u0161mes realiuoju laiku<\/li>\n<li>Algoritmai atsi\u017evelgia \u012f aplinkos temperat\u016br\u0105, teno temperat\u016br\u0105 ir atitirpinimo laik\u0105<\/li>\n<\/ul>\n<\/div>\n<\/div>\n<\/div>\n<\/div>\n<div class=\"models-info\">\n<div id=\"info-box-18074\" class=\"model-info-box\">\n<div>\n<table>\n<tbody>\n<tr>\n<th colspan=\"4\">Modelis<\/th>\n<th>HLT6MONO-S \/ HLT-9-250-3S<\/th>\n<\/tr>\n<tr>\n<th colspan=\"5\">Sezonin\u0117 energija (pagal EN 14825)<\/th>\n<\/tr>\n<tr>\n<td rowspan=\"6\">ErP<\/td>\n<td colspan=\"3\">Energijos klas\u0117 \u2013 \u0161ildymas (35\u00b0C\/55\u00b0C)<\/td>\n<td>A+++\/A++<\/td>\n<\/tr>\n<tr>\n<td colspan=\"2\">SCOP (35\u00b0C\/55\u00b0C)<\/td>\n<td>W\/W<\/td>\n<td>4.81\/3.59<\/td>\n<\/tr>\n<tr>\n<td colspan=\"2\">Nominali \u0161ilumin\u0117 galia (\u012fvertinta) (35 \u00b0C \/ 55 \u00b0C)<\/td>\n<td>kW<\/td>\n<td>4.91\/4.55<\/td>\n<\/tr>\n<tr>\n<td colspan=\"2\">Sezoninis patalp\u0173 \u0161ildymo efektyvumas (35\u00b0C\/55\u00b0C)<\/td>\n<td>%<\/td>\n<td>189.3\/140.6<\/td>\n<\/tr>\n<tr>\n<td colspan=\"2\">Metinis energijos suvartojimas (35\u00b0C\/55\u00b0C)<\/td>\n<td>kWh<\/td>\n<td>2111\/2616<\/td>\n<\/tr>\n<tr>\n<td colspan=\"2\">Garso galios lygis (viduje \/ lauke)<\/td>\n<td>dB(A)<\/td>\n<td>33\/54<\/td>\n<\/tr>\n<tr>\n<th colspan=\"5\">Nominali talpa ir nominali \u012fvestis<\/th>\n<\/tr>\n<tr>\n<td rowspan=\"6\">Nominalus \u0161ildymas<\/td>\n<td>\u0160ildymo galia Min.\/Max<\/td>\n<td rowspan=\"3\">A7\/W35<\/td>\n<td>kW<\/td>\n<td>2.56\/6.76<\/td>\n<\/tr>\n<tr>\n<td>\u0160ildymo energijos s\u0105naudos\/ sunaudojimas Min.\/Max.<\/td>\n<td>kW<\/td>\n<td>0.58\/1.52<\/td>\n<\/tr>\n<tr>\n<td>C.O.P<\/td>\n<td>W\/W<\/td>\n<td>4.44\/ 4.83<\/td>\n<\/tr>\n<tr>\n<td>\u0160ildymo galia Min.\/Max<\/td>\n<td rowspan=\"3\">A7\/W45<\/td>\n<td>kW<\/td>\n<td>2.42\/6.57<\/td>\n<\/tr>\n<tr>\n<td>\u0160ildymo energijos s\u0105naudos\/ sunaudojimas Min.\/Max.<\/td>\n<td>kW<\/td>\n<td>0.67\/1.82<\/td>\n<\/tr>\n<tr>\n<td>C.O.P<\/td>\n<td>W\/W<\/td>\n<td>3.62\/3.86<\/td>\n<\/tr>\n<tr>\n<td rowspan=\"6\">Nominalus v\u0117sinimas<\/td>\n<td>V\u0117sinimo galia Min.\/Max<\/td>\n<td rowspan=\"3\">A35\/Wl8<\/td>\n<td>kW<\/td>\n<td>2.02\/5.43<\/td>\n<\/tr>\n<tr>\n<td>V\u0117sinimo energijos s\u0105naudos\/ sunaudojimas Min.\/Max.<\/td>\n<td>kW<\/td>\n<td>0.51\/1.31<\/td>\n<\/tr>\n<tr>\n<td>E.E.R<\/td>\n<td>W\/W<\/td>\n<td>4.00\/4.23<\/td>\n<\/tr>\n<tr>\n<td>V\u0117sinimo galia Min.\/Max<\/td>\n<td rowspan=\"3\">A35\/W7<\/td>\n<td>kW<\/td>\n<td>1.27\/3.71<\/td>\n<\/tr>\n<tr>\n<td>V\u0117sinimo energijos s\u0105naudos\/ sunaudojimas Min.\/Max.<\/td>\n<td>kW<\/td>\n<td>0.52\/1.30<\/td>\n<\/tr>\n<tr>\n<td>E.E.R<\/td>\n<td>W\/W<\/td>\n<td>2.46\/2.95<\/td>\n<\/tr>\n<tr>\n<th colspan=\"5\">Bendra informacija<\/th>\n<\/tr>\n<tr>\n<td>Elektros duomenys<\/td>\n<td colspan=\"2\">Maitinimas<\/td>\n<td>V\/Hz\/ Ph<\/td>\n<td>220-240\/50\/1<\/td>\n<\/tr>\n<tr>\n<td rowspan=\"3\">Veikimo ribos<\/td>\n<td colspan=\"2\">Aplinkos temperat\u016bros diapazonas<\/td>\n<td>o<sub>C<\/sub><\/td>\n<td>-25~43<\/td>\n<\/tr>\n<tr>\n<td colspan=\"2\">Vandens temperat\u016bros diapazonas (\u0161ildymas)<\/td>\n<td>o<sub>C<\/sub><\/td>\n<td>70\/25<\/td>\n<\/tr>\n<tr>\n<td colspan=\"2\">Vandens temperat\u016bros diapazonas (v\u0117sinimas)<\/td>\n<td>o<sub>C<\/sub><\/td>\n<td>20\/7<\/td>\n<\/tr>\n<tr>\n<td rowspan=\"6\">\u0160altne\u0161io dalis<\/td>\n<td>\u0160altne\u0161is<\/td>\n<td>Tipas\/ Kiekis<\/td>\n<td>-\/kg<\/td>\n<td>R290 \/ 0.6kg<\/td>\n<\/tr>\n<tr>\n<td>Kompresorius<\/td>\n<td colspan=\"2\">Tipas- Kiekis\/Sistema<\/td>\n<td>Rotary<\/td>\n<\/tr>\n<tr>\n<td colspan=\"3\">Keturi\u0173 kryp\u010di\u0173 vo\u017etuvas + EEV<\/td>\n<td>Sanhua<\/td>\n<\/tr>\n<tr>\n<td rowspan=\"3\">Ventiliatorius<\/td>\n<td colspan=\"2\">Kiekis<\/td>\n<td>1<\/td>\n<\/tr>\n<tr>\n<td>Oro srautas<\/td>\n<td>m3\/h<\/td>\n<td>3150<\/td>\n<\/tr>\n<tr>\n<td>Nominali galia<\/td>\n<td>w<\/td>\n<td>62<\/td>\n<\/tr>\n<tr>\n<td rowspan=\"4\">Vandens dalis<\/td>\n<td colspan=\"2\">Tipas<\/td>\n<td><\/td>\n<td>Plok\u0161telinis \u0161ilumokaitis<\/td>\n<\/tr>\n<tr>\n<td colspan=\"2\">Vandens sl\u0117gio kritimas<\/td>\n<td>kPa<\/td>\n<td>23<\/td>\n<\/tr>\n<tr>\n<td colspan=\"2\">Vamzd\u017ei\u0173 jungtis<\/td>\n<td>Inch<\/td>\n<td>G1\u201d<\/td>\n<\/tr>\n<tr>\n<td colspan=\"2\">Leid\u017eiamas vandens srautas-min.\/vid.\/maks.<\/td>\n<td>L\/S<\/td>\n<td>0.20\/0.29\/0.37<\/td>\n<\/tr>\n<tr>\n<td rowspan=\"4\">Matmenys<\/td>\n<td rowspan=\"2\">Grynasis matmuo (PX GX A)<\/td>\n<td>Vidinis blokas<\/td>\n<td>mm<\/td>\n<td>600x730x1720<\/td>\n<\/tr>\n<tr>\n<td>I\u0161orinis blokas<\/td>\n<td>mm<\/td>\n<td>1255x460x860<\/td>\n<\/tr>\n<tr>\n<td rowspan=\"2\">Grynasis svoris<\/td>\n<td>Vidinis blokas<\/td>\n<td>kg<\/td>\n<td>117<\/td>\n<\/tr>\n<tr>\n<td>I\u0161orinis blokas<\/td>\n<td>kg<\/td>\n<td>95<\/td>\n<\/tr>\n<tr>\n<td colspan=\"5\">Specifikacijos gali b\u016bti kei\u010diamos be i\u0161ankstinio \u012fsp\u0117jimo. Faktines \u012frenginio specifikacijas \u017er. ant \u012frenginio esan\u010diuose lipdukuose.<\/td>\n<\/tr>\n<\/tbody>\n<\/table>\n<\/div>\n<\/div>\n<\/div>","protected":false},"excerpt":{"rendered":"<p>* Energijos efektyvumo klas\u0117 A+++<br \/>\n* Naudojamas ekologi\u0161kas \u0161aldymo agentas R290<br \/>\n* \u0160ildymas iki -25\u00b0C lauko oro temperat\u016bros<br \/>\n* Ypatingai tylus<br \/>\n* \u0160iuolaiki\u0161kas spalvotas 7&#8243; lietimui jautrus valdymo pultas<br \/>\n* Integruotas WiFi modulis \u012frenginio valdymui i\u0161maniuoju telefonu ir IOT platforma<br \/>\n* Dviej\u0173 rotori\u0173 kompresorius<br \/>\n* Elektroninis cirkuliacinis siurblys<br \/>\n* Tiekiamo vandens temperat\u016bra iki +75\u00b0C<br \/>\n* Ner\u016bdijan\u010dio plieno kar\u0161to vandens talpa 250ltr<\/p>\n<table class=\"woocommerce-product-attributes shop_attributes\">\n<tbody>\n<tr class=\"woocommerce-product-attributes-item woocommerce-product-attributes-item--attribute_pa_eer-cop\">\n<th class=\"woocommerce-product-attributes-item__label\">EER\/COP<\/th>\n<td class=\"woocommerce-product-attributes-item__value\">4.23\/4.83<\/td>\n<\/tr>\n<tr class=\"woocommerce-product-attributes-item woocommerce-product-attributes-item--attribute_pa_wifi-valdymas\">\n<th class=\"woocommerce-product-attributes-item__label\">WiFi valdymas<\/th>\n<td class=\"woocommerce-product-attributes-item__value\">Taip<\/td>\n<\/tr>\n<tr class=\"woocommerce-product-attributes-item woocommerce-product-attributes-item--attribute_pa_sildymo-galia\">\n<th class=\"woocommerce-product-attributes-item__label\">\u0160ildymo galia<\/th>\n<td class=\"woocommerce-product-attributes-item__value\">6.7 kW<\/td>\n<\/tr>\n<tr class=\"woocommerce-product-attributes-item woocommerce-product-attributes-item--attribute_pa_spalva\">\n<th class=\"woocommerce-product-attributes-item__label\">Prek\u0117s spalva<\/th>\n<td class=\"woocommerce-product-attributes-item__value\">Juoda\/Balta<\/td>\n<\/tr>\n<\/tbody>\n<\/table>","protected":false},"featured_media":6962,"template":"","meta":{"om_disable_all_campaigns":false,"_monsterinsights_skip_tracking":false,"_monsterinsights_sitenote_active":false,"_monsterinsights_sitenote_note":"","_monsterinsights_sitenote_category":0},"product_brand":[],"product_cat":[59],"product_tag":[616,617,604,605,618,606,603],"class_list":{"0":"post-6961","1":"product","2":"type-product","3":"status-publish","4":"has-post-thumbnail","6":"product_cat-silumos-siurbliai-oras-vanduo-monoblokai","7":"product_tag-hlt6mono-s-hlt-9-250-3s","8":"product_tag-nordis-monoblokas-6-kw-su-integruotu-boileriu","9":"product_tag-nordis-monoblokas-oras-anduo-r290-monobloaks","10":"product_tag-nordis-monoblokas-oras-vanduo","11":"product_tag-nordis-monoblokas-r290-su-integruotu-boileriu","12":"product_tag-nordis-r290","13":"product_tag-nordis-ultima-mono-silumos-siurblys-oras-vanduo-monoblokas-r290","14":"pa_boileris-su-boileriu","15":"pa_galingumas-6-7-kw","16":"pa_wifi-valdymas-taip","18":"first","19":"instock","20":"sale","21":"shipping-taxable","22":"purchasable","23":"product-type-simple"},"aioseo_notices":[],"_links":{"self":[{"href":"https:\/\/izopaga.lt\/en\/wp-json\/wp\/v2\/product\/6961","targetHints":{"allow":["GET"]}}],"collection":[{"href":"https:\/\/izopaga.lt\/en\/wp-json\/wp\/v2\/product"}],"about":[{"href":"https:\/\/izopaga.lt\/en\/wp-json\/wp\/v2\/types\/product"}],"wp:featuredmedia":[{"embeddable":true,"href":"https:\/\/izopaga.lt\/en\/wp-json\/wp\/v2\/media\/6962"}],"wp:attachment":[{"href":"https:\/\/izopaga.lt\/en\/wp-json\/wp\/v2\/media?parent=6961"}],"wp:term":[{"taxonomy":"product_brand","embeddable":true,"href":"https:\/\/izopaga.lt\/en\/wp-json\/wp\/v2\/product_brand?post=6961"},{"taxonomy":"product_cat","embeddable":true,"href":"https:\/\/izopaga.lt\/en\/wp-json\/wp\/v2\/product_cat?post=6961"},{"taxonomy":"product_tag","embeddable":true,"href":"https:\/\/izopaga.lt\/en\/wp-json\/wp\/v2\/product_tag?post=6961"}],"curies":[{"name":"wp","href":"https:\/\/api.w.org\/{rel}","templated":true}]}}