{"id":7283,"date":"2025-11-28T08:17:16","date_gmt":"2025-11-28T06:17:16","guid":{"rendered":"https:\/\/izopaga.lt\/?post_type=product&#038;p=7283"},"modified":"2026-04-09T11:51:16","modified_gmt":"2026-04-09T08:51:16","slug":"hisense-hi-therma-mono-ahz-080hcds1-oras-vanduo-monoblokas-80-kw","status":"publish","type":"product","link":"https:\/\/izopaga.lt\/en\/produktai\/hisense-hi-therma-mono-ahz-080hcds1-oras-vanduo-monoblokas-80-kw\/","title":{"rendered":"Hisense Hi-Therma Mono AHZ-080HCDS1 oras-vanduo monoblokas 8,0 kW"},"content":{"rendered":"<div class=\"wpb_text_column wpb_content_element\">\n<div class=\"wpb_wrapper\">\n<p><span dir=\"auto\">\u201eHi-Therma Monobloc\u201c \u012frenginys yra oras-vanduo \u0161ilumos siurblio sistema, kurioje vidinis ir i\u0161orinis \u012frenginiai sujungti \u012f vien\u0105 modul\u012f, u\u017etikrinant, kad visos funkcijos b\u016bt\u0173 atliekamos vienu i\u0161oriniu \u012frenginiu. Tod\u0117l nereikia \u0161aldymo agento vamzdyn\u0173 darb\u0173, nes lauke esantis monobloko \u012frenginys prijungtas tik prie vandens vamzd\u017ei\u0173. Be to, komplekte yra hidrauliniai komponentai, tokie kaip plok\u0161telinis \u0161ilumokaitis, i\u0161sipl\u0117timo bakas ir vandens siurblys.<\/span><\/p>\n<\/div>\n<\/div>\n<div class=\"wpb_text_column wpb_content_element\">\n<div class=\"wpb_wrapper\">\n<table>\n<tbody>\n<tr>\n<td><strong><span dir=\"auto\">\u0160altne\u0161is<\/span><\/strong><\/td>\n<td><strong><span dir=\"auto\">R32<\/span><\/strong><\/td>\n<\/tr>\n<tr>\n<td><strong><span dir=\"auto\">Galingumas nuo &#8211; iki<\/span><\/strong><\/td>\n<td><strong><span dir=\"auto\">4,4\/8,0 kW<\/span><\/strong><\/td>\n<\/tr>\n<tr>\n<td><strong><span dir=\"auto\">Tinka \u0161ildomoms grindims, radiatoriams ir kar\u0161tam vandeniui ruo\u0161ti\u00a0<\/span><\/strong><\/td>\n<td><strong>25 -75\u00a0 Laipsn.<\/strong><\/td>\n<\/tr>\n<tr>\n<td><strong><span dir=\"auto\">Energijos etiket\u0117 patalp\u0173 \u0161ildymui 35 \u2103<\/span><\/strong><\/td>\n<td><strong><span dir=\"auto\">A+++<\/span><\/strong><\/td>\n<\/tr>\n<tr>\n<td><strong><span dir=\"auto\">Energijos etiket\u0117 patalp\u0173 \u0161ildymui 55 \u2103<\/span><\/strong><\/td>\n<td><strong><span dir=\"auto\">A++<\/span><\/strong><\/td>\n<\/tr>\n<\/tbody>\n<\/table>\n<div><\/div>\n<div>\n<div class=\"onlyTxt txt\">\n<h2><span dir=\"auto\">Didelis efektyvumas A+++<\/span><\/h2>\n<p><span dir=\"auto\">\u201eHi-Therma\u201c si\u016blo geriausi\u0105 ir efektyviausi\u0105 nam\u0173 \u0161ildymo ir kar\u0161to vandens tiekimo sprendim\u0105. Jis turi auk\u0161\u010diausi\u0105 A+++ energetin\u0119 klas\u0119 \u017eemos temperat\u016bros vandeniui ir A+++ vidutin\u0117s temperat\u016bros vandeniui, tod\u0117l sutaupysite energijos s\u0105skaitas, suma\u017einsite elektros energijos suvartojim\u0105 ir poveik\u012f aplinkai.<\/span><\/p>\n<\/div>\n<div class=\"onlyImg\"><img decoding=\"async\" src=\"https:\/\/hisensehvac.com\/upload\/images\/20228\/20228251658385869325.jpg\" \/><\/div>\n<\/div>\n<div class=\"table-responsive\">\n<p>Palyginti su \u012fprastu elektriniu \u0161ildytuvu ar i\u0161kastinio kuro katilu, Hi-Therma sistema yra daug ekologi\u0161kesn\u0117 ir taupesn\u0117 energij\u0105. Iki \u0161iol tradicin\u0117se \u0161ildymo sistemose daugiausia buvo naudojamas kuras, pavyzd\u017eiui, dujos, nafta ir anglis, ta\u010diau \u0161is kuras lengvai ter\u0161ia aplink\u0105, \u012f or\u0105 i\u0161skiria didelius anglies dvideginio kiekius, sukelia globali\u0105 klimato kait\u0105. Hi-Therma \u0161ilumos siurblio sistema suma\u017eina aplinkos tar\u0161\u0105 i\u0161laikant auk\u0161t\u0105 energijos vartojimo efektyvum\u0105.<\/p>\n<p>\u0160ilumos siurblio oras-vanduo sistema veikia su nedideliu kiekiu elektros, i\u0161gauna atsinaujinan\u010di\u0105 \u0161ilum\u0105 i\u0161 lauko oro ir pristato didel\u012f \u0161ilumos kiek\u012f \u012f j\u016bs\u0173 namus. \u0160ilumos galia kelis kartus didesn\u0117 u\u017e sunaudojam\u0105 elektros energij\u0105, tod\u0117l sistema pasi\u017eymi itin auk\u0161tu naudingumo koeficientu.<\/p>\n<p>Visi Hi-Therma \u0161ilumos siurbli\u0173 modeliai turi KEYMARK sertifikat\u0105. KEYMARK yra savanori\u0161kas, nepriklausomas Europos sertifikavimo \u017eenklas (5 ISO sertifikavimo klas\u0117), skirtas visiems \u0161ilumos siurbliams, kombinuotiems \u0161ilumos siurbliams ir vandens \u0161ildytuvams (pagal Ecoesign, ES reglamento 813\/2013 ir 814\/20113 reikalavimus).<\/p>\n<p><b>Hi-Therma Monobloc \u0161ilumos siurblys turi kelet\u0105 papildom\u0173 parink\u010di\u0173:<\/b><\/p>\n<ul>\n<li>valdiklis su dideliu spalvotu ekranu ir spalvota darbo ciklo indikacija.<\/li>\n<li>i\u0161manus ir paprastas valdymas per program\u0117l\u0119.<\/li>\n<li>energijos vartojimo efektyvumas A+++.<\/li>\n<li>stabilus \u0161ildymas iki -25 \u2103.<\/li>\n<li>tiekiamo vandens temperat\u016bra 60 \u2103.<\/li>\n<li>vandens \u0161ildymas iki 75 \u2103.<\/li>\n<li>du atskiri temperat\u016bros ciklai \u0161iltoms grindims ir radiatoriams.<\/li>\n<li>energijos suvartojimo vizualizacija.<\/li>\n<li>centralizuotas \u012fvairi\u0173 vandens cikl\u0173 valdymas.<\/li>\n<li>individualus kambario valdymas.<\/li>\n<li>savaitinis laikmatis.<\/li>\n<li>ECO\/QUIET\/NIGHT re\u017eimai.<\/li>\n<li>Nepriklausomas temperat\u016bros reguliavimas iki 7 kambari\u0173.<\/li>\n<li>automatin\u0117 grind\u0173 d\u017eiovinimo programa.<\/li>\n<li>Komforti\u0161kas baseino \u0161ildymas 24 -33 \u2103.<\/li>\n<li>tylus darbo re\u017eimas 8 DB (A).<\/li>\n<li>aplinkai nekenksmingas \u0161altne\u0161is R32.<\/li>\n<li>jungtis su pagalbiniu \u0161ilumos \u0161altiniu &#8211; saul\u0117s kolektoriumi ir boileriu.<\/li>\n<\/ul>\n<p>&nbsp;<\/p>\n<table class=\"table table-bordered\">\n<tbody>\n<tr>\n<td colspan=\"5\" rowspan=\"1\"><b>Monoblokas<\/b><\/td>\n<td><b>AHZ-080HCDS1<\/b><\/td>\n<\/tr>\n<tr>\n<td colspan=\"5\">Maitinimo \u0161altinis<\/td>\n<td>220-240V ~ 50Hz<\/td>\n<\/tr>\n<tr>\n<td rowspan=\"9\">\u0160ildymo re\u017eimas*1<\/td>\n<\/tr>\n<tr>\n<td rowspan=\"4\">OAT (DB\/WB) 7\/6\u2103<\/td>\n<td rowspan=\"2\">IWT\/OWT 30 \/ 35\u00b0C<\/td>\n<td>Talpa (Min.\/Nom.\/Max.)<\/td>\n<td>kW<\/td>\n<td>2.10\/ 8.00 \/ 11.0<\/td>\n<\/tr>\n<tr>\n<td>COP (Nom.)<\/td>\n<td>&#8211;<\/td>\n<td>4,90<\/td>\n<\/tr>\n<tr>\n<td rowspan=\"2\">IWT\/OWT 47 \/ 55\u00b0C<\/td>\n<td>Talpa (Nom.\/Max.)<\/td>\n<td>kW<\/td>\n<td>8.00 \/ 9.00<\/td>\n<\/tr>\n<tr>\n<td>COP (Nom.)<\/td>\n<td>&#8211;<\/td>\n<td>2,80<\/td>\n<\/tr>\n<tr>\n<td rowspan=\"4\">OAT (DB\/WB) -7\/-8\u00b0C<\/td>\n<td rowspan=\"2\">IWT\/OWT 30 \/ 35\u00b0C<\/td>\n<td>Talpa (Nom.\/Max.)<\/td>\n<td>kW<\/td>\n<td>5.80 \/ 7.30<\/td>\n<\/tr>\n<tr>\n<td>COP (Nom.)<\/td>\n<td>&#8211;<\/td>\n<td>3,14<\/td>\n<\/tr>\n<tr>\n<td rowspan=\"2\">IWT\/OWT 47 \/ 55\u00b0C<\/td>\n<td>Talpa (Nom.\/Max.)<\/td>\n<td>kW<\/td>\n<td>5.00 \/ 6.40<\/td>\n<\/tr>\n<tr>\n<td>COP (Nom.)<\/td>\n<td>&#8211;<\/td>\n<td>1,94<\/td>\n<\/tr>\n<tr>\n<td rowspan=\"5\">Au\u0161inimo re\u017eimas*1<\/td>\n<\/tr>\n<tr>\n<td rowspan=\"4\">OAT (DB\/WB) 35\/-\u00b0C<\/td>\n<td rowspan=\"2\">IWT\/OWT 12 \/ 7\u2103<\/td>\n<td>Nominali talpa<\/td>\n<td>kW<\/td>\n<td>6,50<\/td>\n<\/tr>\n<tr>\n<td>EER<\/td>\n<td>&#8211;<\/td>\n<td>3,35<\/td>\n<\/tr>\n<tr>\n<td rowspan=\"2\">IWT\/OWT 23 \/ 18\u00b0C<\/td>\n<td>Nominali talpa<\/td>\n<td>kW<\/td>\n<td>7,00<\/td>\n<\/tr>\n<tr>\n<td>EER<\/td>\n<td>&#8211;<\/td>\n<td>5,10<\/td>\n<\/tr>\n<tr>\n<td rowspan=\"7\">Sezoninis na\u0161umas *2<\/td>\n<\/tr>\n<tr>\n<td rowspan=\"3\">Vandens i\u0161leidimo anga 30\u00b0C<\/td>\n<td colspan=\"2\">SCOP<\/td>\n<td>&#8211;<\/td>\n<td>5,00<\/td>\n<\/tr>\n<tr>\n<td colspan=\"2\">Sezoninis efektyvumas (\u03b7s)<\/td>\n<td>%<\/td>\n<td>197<\/td>\n<\/tr>\n<tr>\n<td colspan=\"2\">Energijos naudingumo klas\u0117<\/td>\n<td>&#8211;<\/td>\n<td>A+++<\/td>\n<\/tr>\n<tr>\n<td rowspan=\"3\">Vandens i\u0161leidimo anga 55\u00b0C<\/td>\n<td colspan=\"2\">SCOP<\/td>\n<td>&#8211;<\/td>\n<td>3,50<\/td>\n<\/tr>\n<tr>\n<td colspan=\"2\">Sezoninis efektyvumas (\u03b7s)<\/td>\n<td>%<\/td>\n<td>137<\/td>\n<\/tr>\n<tr>\n<td colspan=\"2\">Energijos naudingumo klas\u0117<\/td>\n<td>&#8211;<\/td>\n<td>A++<\/td>\n<\/tr>\n<tr>\n<td rowspan=\"4\">Garso sl\u0117gis*3<\/td>\n<\/tr>\n<tr>\n<td colspan=\"3\">\u012eprastas re\u017eimas (\u0161ildymas \/ v\u0117sinimas)<\/td>\n<td>db(A)<\/td>\n<td>50\/47<\/td>\n<\/tr>\n<tr>\n<td colspan=\"3\">Ma\u017eo triuk\u0161mo re\u017eimas (\u0161ildymas \/ v\u0117sinimas)<\/td>\n<td>db(A)<\/td>\n<td>43\/43<\/td>\n<\/tr>\n<tr>\n<td colspan=\"3\">Naktinis re\u017eimas (\u0161ildymas \/ v\u0117sinimas)<\/td>\n<td>db(A)<\/td>\n<td>39\/39<\/td>\n<\/tr>\n<tr>\n<td rowspan=\"2\">Garso lygis<\/td>\n<\/tr>\n<tr>\n<td colspan=\"3\">\u012eprastas re\u017eimas (\u0161ildymas \/ v\u0117sinimas)<\/td>\n<td>db(A)<\/td>\n<td>64\/61<\/td>\n<\/tr>\n<tr>\n<td rowspan=\"2\">Ventiliatorius<\/td>\n<td colspan=\"3\">Kondensatoriaus ventiliatoriaus kiekis<\/td>\n<td>&#8211;<\/td>\n<td>1<\/td>\n<\/tr>\n<tr>\n<td colspan=\"3\">Oro srauto greitis<\/td>\n<td>m\u00b3\/h<\/td>\n<td>2700<\/td>\n<\/tr>\n<tr>\n<td colspan=\"4\">Maks. Veikianti srov\u0117<\/td>\n<td>A<\/td>\n<td>17,53<\/td>\n<\/tr>\n<tr>\n<td colspan=\"4\">Rekomenduojamas saugiklis<\/td>\n<td>A<\/td>\n<td>20<\/td>\n<\/tr>\n<tr>\n<td>I\u0161oriniai matmenys<\/td>\n<td colspan=\"3\">Auk\u0161tis x Plotis x Gylis<\/td>\n<td>mm<\/td>\n<td>815\u00d71270\u00d7340<\/td>\n<\/tr>\n<tr>\n<td>Pakuot\u0117s matmenys<\/td>\n<td colspan=\"3\">Auk\u0161tis x Plotis x Gylis<\/td>\n<td>mm<\/td>\n<td>890\u00d71400\u00d7440<\/td>\n<\/tr>\n<tr>\n<td colspan=\"4\">Net svoris<\/td>\n<td>kg<\/td>\n<td>88<\/td>\n<\/tr>\n<tr>\n<td colspan=\"4\">Bendras svoris<\/td>\n<td>kg<\/td>\n<td>105<\/td>\n<\/tr>\n<tr>\n<td rowspan=\"3\">\u0160aldymo sistema<\/td>\n<td>Kompresorius<\/td>\n<td colspan=\"2\">Tipas<\/td>\n<td>&#8211;<\/td>\n<td>Rotary<\/td>\n<\/tr>\n<tr>\n<td rowspan=\"2\">\u0160altne\u0161io \u012fkrovimas<\/td>\n<td colspan=\"2\">Tipas<\/td>\n<td>&#8211;<\/td>\n<td>R32<\/td>\n<\/tr>\n<tr>\n<td colspan=\"2\">Pradinis u\u017epildymas<\/td>\n<td>kg<\/td>\n<td>1,21<\/td>\n<\/tr>\n<tr>\n<td rowspan=\"8\">Veikimo diapazonas<\/td>\n<\/tr>\n<tr>\n<td rowspan=\"2\">\u0160ildymas<\/td>\n<td colspan=\"2\">Lauko aplinkos temperat\u016bra<\/td>\n<td>\u00b0C (DB)<\/td>\n<td>-25~35<\/td>\n<\/tr>\n<tr>\n<td colspan=\"2\">I\u0161leid\u017eiamo vandens temperat\u016bra<\/td>\n<td>\u00b0C<\/td>\n<td>15~60<\/td>\n<\/tr>\n<tr>\n<td rowspan=\"2\">DHW<\/td>\n<td colspan=\"2\">Lauko aplinkos temperat\u016bra<\/td>\n<td>\u00b0C (DB)<\/td>\n<td>-25~40<\/td>\n<\/tr>\n<tr>\n<td colspan=\"2\">I\u0161leid\u017eiamo vandens temperat\u016bra<\/td>\n<td>\u00b0C<\/td>\n<td colspan=\"2\">15~55(75*\u2074)<\/td>\n<\/tr>\n<tr>\n<td rowspan=\"2\">Au\u0161inimas<\/td>\n<td colspan=\"2\">Lauko aplinkos temperat\u016bra<\/td>\n<td>\u00b0C (DB)<\/td>\n<td colspan=\"2\">5-46<\/td>\n<\/tr>\n<tr>\n<td colspan=\"2\">Rezervuaro temperat\u016bra<\/td>\n<td>\u00b0C<\/td>\n<td colspan=\"2\">5-22<\/td>\n<\/tr>\n<\/tbody>\n<\/table>\n<\/div>\n<p>&nbsp;<\/p>\n<p>Pastaba:<\/p>\n<p>*1: nominalios \u0161ildymo\/v\u0117sinimo savyb\u0117s esant pilnos apkrovos s\u0105lygoms pagal EN 14511.<\/p>\n<p>Vamzd\u017eio ilgis 7,5 m; auk\u0161\u010dio skirtumas ODU\/IDU 0 m; integruotas \u0161ildymo efektyvumas (\u012fskai\u010diuoti atitirpinimo ciklai).<\/p>\n<p>*2: Pagal EN14825. Klimato zona VIDUTINIS. Energijos vartojimo efektyvumo skal\u0117 nuo A +++ iki D.<\/p>\n<p>*3: Auk\u0161\u010diau pateiktos triuk\u0161mo vert\u0117s matuojamos aidin\u0117je kameroje be atspind\u0117to aido, tod\u0117l \u012fvykio vietoje reikia atsi\u017evelgti \u012f atspind\u0117to aido poveik\u012f.<\/p>\n<p>*4: Kai kar\u0161to vandens bake yra sumontuotas elektrinis \u0161ildytuvas, nustatyta temperat\u016bra gali siekti 75 \u2103.<\/p>\n<p>OAT: Lauko aplinkos temperat\u016bra; IWT: \u012fleid\u017eiamo vandens temperat\u016bra; OWT: i\u0161leid\u017eiamo vandens temperat\u016bra<\/p>\n<\/div>\n<\/div>","protected":false},"excerpt":{"rendered":"<ul class=\"highlights\">\n<li>Veikia nuo -25\u00b0C lauko oro temperat\u016bros.<\/li>\n<li>Naudingumo koeficientas COP iki 5,10.<\/li>\n<li>Inverteriniai kompresoriai su R32.<\/li>\n<li>Integruotas cirkuliacinis siurblys Grundfos.<\/li>\n<li>Elektros pajungimas 230V (1 faz\u0117).<\/li>\n<li><b>Wi-Fi<\/b>\u00a0modulis parduodamas atskirai (222 Eur)<\/li>\n<\/ul>\n<table class=\"woocommerce-product-attributes shop_attributes\">\n<tbody>\n<tr class=\"woocommerce-product-attributes-item woocommerce-product-attributes-item--attribute_pa_eer-cop\">\n<th class=\"woocommerce-product-attributes-item__label\">COP<\/th>\n<td class=\"woocommerce-product-attributes-item__value\">4.90<\/td>\n<\/tr>\n<tr class=\"woocommerce-product-attributes-item woocommerce-product-attributes-item--attribute_pa_wifi-valdymas\">\n<th class=\"woocommerce-product-attributes-item__label\">WiFi valdymas<\/th>\n<td class=\"woocommerce-product-attributes-item__value\">Taip<\/td>\n<\/tr>\n<tr class=\"woocommerce-product-attributes-item woocommerce-product-attributes-item--attribute_pa_sildymo-galia\">\n<th class=\"woocommerce-product-attributes-item__label\">\u0160ildymo galia<\/th>\n<td class=\"woocommerce-product-attributes-item__value\">8.0 kW<\/td>\n<\/tr>\n<tr class=\"woocommerce-product-attributes-item woocommerce-product-attributes-item--attribute_pa_spalva\">\n<th class=\"woocommerce-product-attributes-item__label\">Prek\u0117s spalva<\/th>\n<td class=\"woocommerce-product-attributes-item__value\">Balta<\/td>\n<\/tr>\n<\/tbody>\n<\/table>","protected":false},"featured_media":7284,"template":"","meta":{"om_disable_all_campaigns":false,"_monsterinsights_skip_tracking":false,"_monsterinsights_sitenote_active":false,"_monsterinsights_sitenote_note":"","_monsterinsights_sitenote_category":0},"product_brand":[],"product_cat":[59],"product_tag":[671,670,668,669,666,667],"class_list":{"0":"post-7283","1":"product","2":"type-product","3":"status-publish","4":"has-post-thumbnail","6":"product_cat-silumos-siurbliai-oras-vanduo-monoblokai","7":"product_tag-ahz-080hcds1","8":"product_tag-hisense-hi-therma-mono-ahz-080hcds1","9":"product_tag-hisense-monoblokas","10":"product_tag-hisense-monoblokas-oras-vanduo","11":"product_tag-oras-vanduo-hisense","12":"product_tag-silumos-siurblys-oras-vanduo-monoblokastcl","13":"pa_boileris-be-boilerio","14":"pa_galingumas-8-0-kw","15":"pa_wifi-valdymas-reikalingas-priedas","17":"first","18":"instock","19":"sale","20":"shipping-taxable","21":"purchasable","22":"product-type-simple"},"aioseo_notices":[],"_links":{"self":[{"href":"https:\/\/izopaga.lt\/en\/wp-json\/wp\/v2\/product\/7283","targetHints":{"allow":["GET"]}}],"collection":[{"href":"https:\/\/izopaga.lt\/en\/wp-json\/wp\/v2\/product"}],"about":[{"href":"https:\/\/izopaga.lt\/en\/wp-json\/wp\/v2\/types\/product"}],"wp:featuredmedia":[{"embeddable":true,"href":"https:\/\/izopaga.lt\/en\/wp-json\/wp\/v2\/media\/7284"}],"wp:attachment":[{"href":"https:\/\/izopaga.lt\/en\/wp-json\/wp\/v2\/media?parent=7283"}],"wp:term":[{"taxonomy":"product_brand","embeddable":true,"href":"https:\/\/izopaga.lt\/en\/wp-json\/wp\/v2\/product_brand?post=7283"},{"taxonomy":"product_cat","embeddable":true,"href":"https:\/\/izopaga.lt\/en\/wp-json\/wp\/v2\/product_cat?post=7283"},{"taxonomy":"product_tag","embeddable":true,"href":"https:\/\/izopaga.lt\/en\/wp-json\/wp\/v2\/product_tag?post=7283"}],"curies":[{"name":"wp","href":"https:\/\/api.w.org\/{rel}","templated":true}]}}