{"id":7310,"date":"2025-12-22T13:38:41","date_gmt":"2025-12-22T11:38:41","guid":{"rendered":"https:\/\/izopaga.lt\/?post_type=product&#038;p=7310"},"modified":"2025-12-22T13:44:39","modified_gmt":"2025-12-22T11:44:39","slug":"viessmann-vitocal-111-s-silumos-siurblys-oras-vanduo-su-integruotu-220l-boileriu-ir-akumuliacine-buferine-talpa-40l-60-kw","status":"publish","type":"product","link":"https:\/\/izopaga.lt\/en\/produktai\/viessmann-vitocal-111-s-silumos-siurblys-oras-vanduo-su-integruotu-220l-boileriu-ir-akumuliacine-buferine-talpa-40l-60-kw\/","title":{"rendered":"Viessmann Vitocal 111-S \u0161ilumos siurblys Oras\/Vanduo, su integruotu 220L boileriu ir akumuliacine\/buferine talpa 40L 6,0 kW"},"content":{"rendered":"<p>Garantija 5 metai (B\u016btini aptarnavimai 1 kart\u0105 \u012f metus)<\/p>\n<p><i>Viessmann Vitocal 111-S <\/i>\u0161ilumos siurbliai \u0161ildo patalpas ir ruo\u0161ia kar\u0161t\u0105 vanden\u012f buitiniam naudojimui integruotoje 220 litr\u0173 talpoje.<\/p>\n<p><strong>Komplet\u0105 sudaro:<br \/>\n<\/strong><\/p>\n<p>\u00b7 Vitocal 111-S \u0161ilumos siurblys;<br \/>\n\u00b7 Akumuliacin\u0117 talpa 40 l<br \/>\n\u00b7 Pralaidos vo\u017etuvas<br \/>\n\u00b7 Komunikacij\u0173 laidas 15 m<br \/>\n\u00b7 Interneto s\u0105saja nuotoliniam valdymui<br \/>\n\u00b7 Hidraulin\u0117s jungtys<\/p>\n<p><strong>Technin\u0117s charakteristikos:<\/strong><br \/>\n\u00b7 efektyviai veikia, kai lauko temperat\u016bra yra nuo -22 iki +35 laipsni\u0173;<br \/>\n\u00b7 gamykloje \u012fmontuotas trij\u0173 eig\u0173 vo\u017etuvas, cirkuliacinis siurblys, i\u0161sipl\u0117timo indas, apsaugos grup\u0117 bei valdiklis;<br \/>\n\u00b7<i>Vitotronic<\/i>valdiklis su ai\u0161kiu grafiniu ekranu;<br \/>\n\u00b7 moduliuojamas kompresorius veikia tiksliai pagal \u0161ilumos poreik\u012f, tod\u0117l nebus sunaudojama per daug ar per ma\u017eai energijos nei jos reikia;<br \/>\n\u00b7 papildomai galima \u012fsigyti valdikl\u012f, kuriuos bus galima valdyti siurbl\u012f internetu;<br \/>\n\u00b7 energetin\u0117 klas\u0117 \u0161ildymui A+, kar\u0161tooi vandens ruo\u0161imui- A.<br \/>\n<strong>Techniniai parametrai:<\/strong><\/p>\n<p>Prated 7 kW<br \/>\n\u00b7 \u0161ildymo galia: 6,0kW; reguliuojama galia: v\u0117sinimo galia: 6,0kW;<br \/>\n\u00b7 COP: 4,9;<br \/>\n\u00b7 i\u0161tekan\u010dio vandens temperat\u016bra: 58\u00b0C;<br \/>\n\u00b7 vidin\u0117s dalies i\u0161matavimai: 1874 x 600 x 681 mm, i\u0161orin\u0117s dalies i\u0161matavimai: 790 x 980 x 360 mm;<br \/>\n\u00b7 vidin\u0117s dalies svoris: 168 kg, i\u0161orin\u0117s dalies svoris: 80 kg;<br \/>\n\u00b7 elektros pajungimas &#8211; vienfazis.<\/p>\n<p><i>Viessmann Vitocal<\/i>\u0161ilumos siurbliai yra patrauklios kainos ir auk\u0161tu efektyvumu. Patogiai montuojamas, dviej\u0173 dali\u0173 \u012frenginys gamykloje yra visi\u0161kai paruo\u0161iamas naudojimui.<br \/>\nI\u0161orin\u012f blok\u0105 galima kabinti ant sienos arba statyti ant \u017eem\u0117s.<br \/>\n\u0160\u012f \u0161ilumos siurbl\u012f galima montuoti modernizuojant pastatus, esam\u0105 sistem\u0105 paliekant veikti tik esant ypa\u010d ekstremalioms &#8211; \u017eemoms &#8211; temperat\u016broms.<\/p>\n<ul class=\"vic-m-feature-list vic-m-feature-list-component__features\">\n<li class=\"vic-m-feature-list__item\">\n<div class=\"vic-m-feature-list__item-content\">\n<h3 class=\"vic-m-feature-list__item-headline\">\u201eCooling Function\u201c<\/h3>\n<p class=\"vic-m-feature-list__item-text\">\u0160ildymas ir v\u0117sinimas vienu metu d\u0117l reversin\u0117s konstrukcijos (AC versija)<\/p>\n<\/div>\n<\/li>\n<li class=\"vic-m-feature-list__item\">\n<div class=\"vic-m-feature-list__item-content\">\n<h3 class=\"vic-m-feature-list__item-headline\">Ma\u017eos eksploatavimo i\u0161laidos d\u0117l didelio COP<\/h3>\n<p class=\"vic-m-feature-list__item-text\">Na\u0161umo koeficientas pagal EN 14511: iki 4,7 (oras 7 \u00b0C \/ vanduo 35 \u00b0C) ir iki 3,9 (oras 2 \u00b0C \/ vanduo 35 \u00b0C)<\/p>\n<\/div>\n<\/li>\n<li class=\"vic-m-feature-list__item\">\n<div class=\"vic-m-feature-list__item-content\">\n<h3 class=\"vic-m-feature-list__item-headline\">Didelis efektyvumas dirbant daline apkrova<\/h3>\n<p class=\"vic-m-feature-list__item-text\">D\u0117l na\u0161umo reguliavimo ir nuolatin\u0117s srov\u0117s keitiklio<\/p>\n<\/div>\n<\/li>\n<li class=\"vic-m-feature-list__item\">\n<div class=\"vic-m-feature-list__item-content\">\n<h3 class=\"vic-m-feature-list__item-headline\">Didelis geriamojo vandens COP<\/h3>\n<p class=\"vic-m-feature-list__item-text\">Didesnis nei 3 pagal EN 16147<\/p>\n<\/div>\n<\/li>\n<li class=\"vic-m-feature-list__item\">\n<div class=\"vic-m-feature-list__item-content\">\n<h3 class=\"vic-m-feature-list__item-headline\">Didelio efektyvumo cirkuliacinis siurblys<\/h3>\n<p class=\"vic-m-feature-list__item-text\">Vidiniuose blokuose<\/p>\n<\/div>\n<\/li>\n<li class=\"vic-m-feature-list__item\">\n<div class=\"vic-m-feature-list__item-content\">\n<h3 class=\"vic-m-feature-list__item-headline\">Lengvai naudojamas \u201eVitotronic\u201c valdymo blokas<\/h3>\n<p class=\"vic-m-feature-list__item-text\">Su paprasto teksto ir grafiniu ekranu<\/p>\n<\/div>\n<\/li>\n<li class=\"vic-m-feature-list__item\">\n<div class=\"vic-m-feature-list__item-content\">\n<h3 class=\"vic-m-feature-list__item-headline\">Galimyb\u0117 valdyti \u201eViessmann\u201c v\u0117dinimo \u012frenginius<\/h3>\n<p class=\"vic-m-feature-list__item-text\">Per \u201eVitotronic 200\u201c<\/p>\n<\/div>\n<\/li>\n<li class=\"vic-m-feature-list__item\">\n<div class=\"vic-m-feature-list__item-content\">\n<h3 class=\"vic-m-feature-list__item-headline\">Valdymas per program\u0117l\u0119<\/h3>\n<p class=\"vic-m-feature-list__item-text\">Interneto prieiga per \u201eVitoconnect\u201c interneto s\u0105saj\u0105 (priedas) ir \u201eViCare\u201c program\u0117l\u0119<\/p>\n<\/div>\n<\/li>\n<li class=\"vic-m-feature-list__item\">\n<div class=\"vic-m-feature-list__item-content\">\n<h3 class=\"vic-m-feature-list__item-headline\">Parengta vartoti pasigamint\u0105 elektros energij\u0105<\/h3>\n<p class=\"vic-m-feature-list__item-text\">I\u0161 savo fotovoltin\u0117s sistemos<\/p>\n<\/div>\n<\/li>\n<li class=\"vic-m-feature-list__item\">\n<div class=\"vic-m-feature-list__item-content\">\n<h3 class=\"vic-m-feature-list__item-headline\">Energijos efektyvumo klas\u0117: A++ \/ A+ (Skal\u0117 nuo G iki A+++)<\/h3>\n<p class=\"vic-m-feature-list__item-text\">Pagal ES reglament\u0105 Nr. 811\/2013 \u0161ildymui, vidutin\u0117s klimato s\u0105lygos \u2013 \u017eema (35 \u00b0C) arba vidutin\u0117 temperat\u016bra (55 \u00b0C)<\/p>\n<\/div>\n<h2>Papildoma informacija<\/h2>\n<table border=\"1\" width=\"699\" cellspacing=\"0\" cellpadding=\"0\">\n<tbody>\n<tr>\n<td height=\"21\">\u0160ilumin\u0117s galios diapazonas A7\/W35<\/td>\n<td>kW<\/td>\n<td>3,0-7,7<\/td>\n<\/tr>\n<tr>\n<td height=\"21\">Prated \u00a0Vidutin\u0117s temperat\u016bros taikmenos, vidutinis klimatas<\/td>\n<td>kW<\/td>\n<td>4,00<\/td>\n<\/tr>\n<tr>\n<td height=\"21\">COP (+7\/35)<\/td>\n<td><\/td>\n<td>4,90<\/td>\n<\/tr>\n<tr>\n<td height=\"21\">Vidutin\u0117s temperat\u016bros taikmenos, vidutinis klimatas COPd +7\u00a0\u00baC<\/td>\n<td>\u00baC<\/td>\n<td>4,4<\/td>\n<\/tr>\n<tr>\n<td height=\"21\">Elektr. imamoji galia\u00a0pagal EN 14511\u00a0(A\u20137\/W35)<\/td>\n<td>kW<\/td>\n<td>1,61<\/td>\n<\/tr>\n<\/tbody>\n<\/table>\n<table border=\"1\" width=\"716\" cellspacing=\"0\" cellpadding=\"0\">\n<colgroup>\n<col \/>\n<col \/>\n<col \/><\/colgroup>\n<tbody>\n<tr>\n<td height=\"21\">Ventiliatoriaus apsuk\u0173 skai\u010dius<\/td>\n<td>aps.\/min<\/td>\n<td>600<\/td>\n<\/tr>\n<tr>\n<td height=\"21\">\u0160ildymo re\u017eimas (-Min.)<\/td>\n<td>\u00baC<\/td>\n<td>-20<\/td>\n<\/tr>\n<tr>\n<td height=\"21\">\u0160aldymo re\u017eimas (-Maks.)<\/td>\n<td>\u00baC<\/td>\n<td>35<\/td>\n<\/tr>\n<tr>\n<td height=\"21\">V\u0117sinimo re\u017eimas (-Min.)<\/td>\n<td>\u00baC<\/td>\n<td>10<\/td>\n<\/tr>\n<tr>\n<td height=\"21\">V\u0117sinimo re\u017eimas (-Maks.)<\/td>\n<td>\u00baC<\/td>\n<td>48<\/td>\n<\/tr>\n<tr>\n<td colspan=\"3\" height=\"21\">\u00a0\u0160ildymo vanduo (antrinis apytakos ratas)<\/td>\n<\/tr>\n<tr>\n<td height=\"21\">Minimalus debitas<\/td>\n<td>l\/h<\/td>\n<td>700<\/td>\n<\/tr>\n<tr>\n<td height=\"21\">Minimalus \u0161ildymo sistemos t\u016bris (neu\u017edaromas)<\/td>\n<td>l<\/td>\n<td>52<\/td>\n<\/tr>\n<tr>\n<td height=\"21\">Maks. i\u0161orinis sl\u0117gio nuostolis (RFH),<\/td>\n<td>mbar<\/td>\n<td>700<\/td>\n<\/tr>\n<tr>\n<td height=\"21\">esant minimaliam debitui<\/td>\n<td>kPa<\/td>\n<td>70<\/td>\n<\/tr>\n<tr>\n<td height=\"21\">Maks. paduodamo vandens temperat\u016bra<\/td>\n<td>\u00baC<\/td>\n<td>58<\/td>\n<\/tr>\n<tr>\n<td colspan=\"3\" height=\"21\">I\u0161orinio mazgo elektros vert\u0117s<br \/>\nVardin\u0117 \u012ftampa<\/td>\n<\/tr>\n<tr>\n<td height=\"21\">Maks. darbin\u0117 srov\u0117<\/td>\n<td>A<\/td>\n<td>9,0<\/td>\n<\/tr>\n<tr>\n<td height=\"21\">Paleidimo srov\u0117<\/td>\n<td>A<\/td>\n<td>2<\/td>\n<\/tr>\n<tr>\n<td height=\"21\">Apsauga<\/td>\n<td>A<\/td>\n<td>B13<\/td>\n<\/tr>\n<tr>\n<td height=\"21\">Apsaugos klas\u0117<\/td>\n<td><\/td>\n<td>IPX4<\/td>\n<\/tr>\n<tr>\n<td colspan=\"3\" height=\"21\">Vidinio mazgo elektros vert\u0117s<br \/>\n\u0160ilumos siurblio reguliatorius \/ elektronika<\/td>\n<\/tr>\n<tr>\n<td height=\"36\">Vardin\u0117 reguliatoriaus \/ elektronikos<br \/>\n\u012ftampa<\/td>\n<td><\/td>\n<td>1\/N\/PE 230 V\/50 Hz<\/td>\n<\/tr>\n<tr>\n<td height=\"21\">El. tinklo jungties apsauga<\/td>\n<td>A<\/td>\n<td>1 x B16A<\/td>\n<\/tr>\n<tr>\n<td height=\"21\">Vidin\u0117 apsauga<\/td>\n<td>A<\/td>\n<td>T 6,3 A\/250 V<\/td>\n<\/tr>\n<tr>\n<td colspan=\"3\" height=\"21\">Momentinis \u0161ildymo vandens \u0161ildytuvas<\/td>\n<\/tr>\n<tr>\n<td height=\"21\">Vardin\u0117 \u012ftampa<\/td>\n<td><\/td>\n<td>1\/N\/PE 230 V\/50 Hz arba 3\/N\/PE 400 V\/50 Hz<\/td>\n<\/tr>\n<tr>\n<td height=\"21\">\u0160ildymo galia<\/td>\n<td>kW<\/td>\n<td>6,0<\/td>\n<\/tr>\n<tr>\n<td height=\"21\">El. tinklo jungties apsauga<\/td>\n<td>A<\/td>\n<td>3 x B16A<\/td>\n<\/tr>\n<tr>\n<td colspan=\"3\" height=\"21\">Elektrin\u0117 imamoji galia<\/td>\n<\/tr>\n<tr>\n<td height=\"21\">Ventiliatorius (maks.)<\/td>\n<td>W<\/td>\n<td>86<\/td>\n<\/tr>\n<tr>\n<td height=\"21\">I\u0161orinis mazgas (maks.)<\/td>\n<td>kW<\/td>\n<td>2,1<\/td>\n<\/tr>\n<tr>\n<td height=\"21\">Antrinis siurblys (ITM)<\/td>\n<td>W<\/td>\n<td>2 iki 60<\/td>\n<\/tr>\n<tr>\n<td height=\"21\">I\u0161orinio mazgo reguliatorius \/ elektronika (maks.)<\/td>\n<td>W<\/td>\n<td>50<\/td>\n<\/tr>\n<tr>\n<td height=\"21\">Vidinio mazgo reguliatorius \/ elektronika (maks.)<\/td>\n<td>W<\/td>\n<td>5<\/td>\n<\/tr>\n<tr>\n<td height=\"21\">Reguliatoriaus \/ elektronikos maks. Galia<\/td>\n<td>W<\/td>\n<td>1000<\/td>\n<\/tr>\n<tr>\n<td height=\"21\">\u0160altne\u0161is<\/td>\n<td><\/td>\n<td>R32<\/td>\n<\/tr>\n<tr>\n<td height=\"21\">\u2013 Pripildymo kiekis kg<\/td>\n<td>kg<\/td>\n<td>0,95<\/td>\n<\/tr>\n<tr>\n<td height=\"21\">\u0160iltnamio efekto potencialas (GWP)<\/td>\n<td><\/td>\n<td>675<\/td>\n<\/tr>\n<tr>\n<td height=\"21\">CO2 ekvivalentas<\/td>\n<td>t<\/td>\n<td>0,6<\/td>\n<\/tr>\n<tr>\n<td height=\"21\">Papildymo kiekis nuo &gt;10m iki &lt; 30 m ilgio linijoms<\/td>\n<td>g\/m<\/td>\n<td>16<\/td>\n<\/tr>\n<tr>\n<td height=\"21\">Kompresorius (visi\u0161kai hermeti\u0161kas)<\/td>\n<td>Tipas<\/td>\n<td>Su besisukan\u010diu st\u016bmokliu<\/td>\n<\/tr>\n<tr>\n<td height=\"21\">Alyva kompresoriujje<\/td>\n<td>Tipas<\/td>\n<td>FW68DA<\/td>\n<\/tr>\n<tr>\n<td height=\"21\">Alyvos kiekis kompresoriuje<\/td>\n<td>l<\/td>\n<td>0,42<\/td>\n<\/tr>\n<tr>\n<td colspan=\"3\" height=\"21\">Integruotas t\u016brinis vandens \u0161ildytuvas<\/td>\n<\/tr>\n<tr>\n<td height=\"21\">T\u016bris<\/td>\n<td>l<\/td>\n<td>210<\/td>\n<\/tr>\n<tr>\n<td colspan=\"3\" height=\"21\">I\u0161orinio mazgo matmenys (mm)<\/td>\n<\/tr>\n<tr>\n<td height=\"21\">Bendras ilgis<\/td>\n<td>mm<\/td>\n<td>344<\/td>\n<\/tr>\n<tr>\n<td height=\"21\">Bendras plotis<\/td>\n<td>mm<\/td>\n<td>975<\/td>\n<\/tr>\n<tr>\n<td height=\"21\">Bendras auk\u0161tis<\/td>\n<td>mm<\/td>\n<td>702<\/td>\n<\/tr>\n<tr>\n<td colspan=\"3\" height=\"21\">Vidinio mazgo matmenys (mm)<\/td>\n<\/tr>\n<tr>\n<td height=\"21\">Bendras ilgis<\/td>\n<td>mm<\/td>\n<td>681<\/td>\n<\/tr>\n<tr>\n<td height=\"21\">Bendras plotis<\/td>\n<td>mm<\/td>\n<td>600<\/td>\n<\/tr>\n<tr>\n<td height=\"21\">Bendras auk\u0161tis<\/td>\n<td>mm<\/td>\n<td>1874<\/td>\n<\/tr>\n<tr>\n<td colspan=\"3\" height=\"21\">Bendras svoris (kg)<\/td>\n<\/tr>\n<tr>\n<td height=\"21\">I\u0161orinis mazgas<\/td>\n<td>kg<\/td>\n<td>59<\/td>\n<\/tr>\n<tr>\n<td height=\"21\">Vidinis mazgas<\/td>\n<td>kg<\/td>\n<td>168<\/td>\n<\/tr>\n<tr>\n<td height=\"21\">Energijos efektyvumo klas\u0117<\/td>\n<td><\/td>\n<td>A+++<\/td>\n<\/tr>\n<tr>\n<td height=\"21\">Garso galios lygis<\/td>\n<td>dB (A)<\/td>\n<td>62<\/td>\n<\/tr>\n<tr>\n<td colspan=\"3\" height=\"21\">Antrinio apytakos rato jungtys (su prijungimo priedais, vidinis sriegis)<\/td>\n<\/tr>\n<tr>\n<td height=\"21\">Paduodama \u0161ildymo vandens linija<\/td>\n<td>G<\/td>\n<td>1\u00bc<\/td>\n<\/tr>\n<tr>\n<td height=\"21\">Gr\u012f\u017etamoji \u0161ildymo vandens linija<\/td>\n<td>G<\/td>\n<td>1\u00bc<\/td>\n<\/tr>\n<tr>\n<td height=\"21\">Kar\u0161tas vanduo<\/td>\n<td>G<\/td>\n<td>\u00be<\/td>\n<\/tr>\n<tr>\n<td height=\"21\">\u0160altas vanduo<\/td>\n<td>G<\/td>\n<td>\u00be<\/td>\n<\/tr>\n<tr>\n<td height=\"21\">Cirkuliacija<\/td>\n<td>G<\/td>\n<td>\u00be<\/td>\n<\/tr>\n<tr>\n<td colspan=\"3\" height=\"21\">\u0160altne\u0161io linij\u0173 jungtys<br \/>\nSkys\u010dio linija<\/td>\n<\/tr>\n<tr>\n<td height=\"21\">\u2013 Vamzdis<\/td>\n<td>mm<\/td>\n<td>6 x 1<\/td>\n<\/tr>\n<tr>\n<td height=\"21\">Vidinis mazgas<\/td>\n<td>UNF<\/td>\n<td>\u00bc<\/td>\n<\/tr>\n<tr>\n<td height=\"21\">I\u0161orinis mazgas<\/td>\n<td>UNF<\/td>\n<td>\u00bc<\/td>\n<\/tr>\n<tr>\n<td colspan=\"3\" height=\"21\">Kar\u0161t\u0173j\u0173 duj\u0173 linija<\/td>\n<\/tr>\n<tr>\n<td height=\"21\">\u2013 Vamzdis<\/td>\n<td>mm<\/td>\n<td>12 x 1<\/td>\n<\/tr>\n<tr>\n<td height=\"21\">Vidinis mazgas<\/td>\n<td>UNF<\/td>\n<td>1<span style=\"font-size: xx-small;\">\/<sub>2<\/sub><\/span><\/td>\n<\/tr>\n<tr>\n<td height=\"21\">I\u0161orinis mazgas<\/td>\n<td>UNF<\/td>\n<td>1<span style=\"font-size: xx-small;\">\/<sub>2<\/sub><\/span><\/td>\n<\/tr>\n<tr>\n<td colspan=\"3\" height=\"21\">Skys\u010dio linijos, kar\u0161t\u0173j\u0173 duj\u0173 linijos ilgis<\/td>\n<\/tr>\n<tr>\n<td height=\"21\">\u2013 Min.<\/td>\n<td>m<\/td>\n<td>3<\/td>\n<\/tr>\n<tr>\n<td height=\"21\">\u2013 Maks.<\/td>\n<td>m<\/td>\n<td>25<\/td>\n<\/tr>\n<\/tbody>\n<\/table>\n<\/li>\n<\/ul>","protected":false},"excerpt":{"rendered":"<ul>\n<li>Kilm\u0117s \u0161alis \u2013\u00a0<strong>Vokietija<\/strong>. Gamintojas \u2013\u00a0<strong>Viessmann.<\/strong><\/li>\n<li>Maksimali \u0161ildymo tiekiamo vandens temperat\u016bra 55 \u00b0C.<\/li>\n<li><strong>Elektroninis<\/strong>\u00a0i\u0161sipl\u0117timo vo\u017etuvas.<\/li>\n<li>Moduliuojama st\u016bmoklinio kompresoriaus galia.<\/li>\n<li>Elektroninis moduliacinis cirkuliacinis siurblys.<\/li>\n<li><strong>\u012emontuotas<\/strong>\u00a0papildomas el. \u0161ildytuvas 6 arba 9 kW.<\/li>\n<li>Integruotas i\u0161sipl\u0117timo indas 10 l.<\/li>\n<li><strong>3-eigis<\/strong>\u00a0perjungimo vo\u017etuvas kar\u0161tam vandeniui.<\/li>\n<li>Valdiklis\u00a0<strong>Vitotronic 200.<\/strong><\/li>\n<li>Efektyvus darbo diapazonas nuo -22 \u00b0C iki +35 \u00b0C.<\/li>\n<li>5 met\u0173\u00a0 garantija.<\/li>\n<li>Akumuliacin\u0117 talpa 40 l<\/li>\n<\/ul>\n<table class=\"woocommerce-product-attributes shop_attributes\">\n<tbody>\n<tr class=\"woocommerce-product-attributes-item woocommerce-product-attributes-item--attribute_pa_eer-cop\">\n<th class=\"woocommerce-product-attributes-item__label\">EER\/COP<\/th>\n<td class=\"woocommerce-product-attributes-item__value\">5.2\/4.90<\/td>\n<\/tr>\n<tr class=\"woocommerce-product-attributes-item woocommerce-product-attributes-item--attribute_pa_wifi-valdymas\">\n<th class=\"woocommerce-product-attributes-item__label\">WiFi valdymas<\/th>\n<td class=\"woocommerce-product-attributes-item__value\">Taip<\/td>\n<\/tr>\n<tr class=\"woocommerce-product-attributes-item woocommerce-product-attributes-item--attribute_pa_sildymo-galia\">\n<th class=\"woocommerce-product-attributes-item__label\">\u0160ildymo galia<\/th>\n<td class=\"woocommerce-product-attributes-item__value\">6.0 kW<\/td>\n<\/tr>\n<tr class=\"woocommerce-product-attributes-item woocommerce-product-attributes-item--attribute_pa_spalva\">\n<th class=\"woocommerce-product-attributes-item__label\">Prek\u0117s spalva<\/th>\n<td class=\"woocommerce-product-attributes-item__value\">Balta<\/td>\n<\/tr>\n<\/tbody>\n<\/table>","protected":false},"featured_media":7308,"template":"","meta":{"om_disable_all_campaigns":false,"_monsterinsights_skip_tracking":false,"_monsterinsights_sitenote_active":false,"_monsterinsights_sitenote_note":"","_monsterinsights_sitenote_category":0},"product_brand":[],"product_cat":[48],"product_tag":[677,676,673,674],"class_list":{"0":"post-7310","1":"product","2":"type-product","3":"status-publish","4":"has-post-thumbnail","6":"product_cat-silumos-siurbliai-oras-vanduo","7":"product_tag-viessmann-oras-vanduo","8":"product_tag-viessmann-vitocal-111-s-silumos-siurblys-oras-vanduo-viessmann-vitocal-111-s-silumos-siurblys-oras-vanduo","9":"product_tag-viessmann-vitocal-111-s-silumos-siurblys-oras-vanduo","10":"product_tag-viessmann-vitocal-111-s-silumos-siurblys-oras-vanduo-su-integruotu-boileriu","11":"pa_boileris-su-boileriu","12":"pa_galingumas-6-0-kw","13":"pa_wifi-valdymas-taip","15":"first","16":"instock","17":"sale","18":"shipping-taxable","19":"purchasable","20":"product-type-simple"},"aioseo_notices":[],"_links":{"self":[{"href":"https:\/\/izopaga.lt\/en\/wp-json\/wp\/v2\/product\/7310","targetHints":{"allow":["GET"]}}],"collection":[{"href":"https:\/\/izopaga.lt\/en\/wp-json\/wp\/v2\/product"}],"about":[{"href":"https:\/\/izopaga.lt\/en\/wp-json\/wp\/v2\/types\/product"}],"wp:featuredmedia":[{"embeddable":true,"href":"https:\/\/izopaga.lt\/en\/wp-json\/wp\/v2\/media\/7308"}],"wp:attachment":[{"href":"https:\/\/izopaga.lt\/en\/wp-json\/wp\/v2\/media?parent=7310"}],"wp:term":[{"taxonomy":"product_brand","embeddable":true,"href":"https:\/\/izopaga.lt\/en\/wp-json\/wp\/v2\/product_brand?post=7310"},{"taxonomy":"product_cat","embeddable":true,"href":"https:\/\/izopaga.lt\/en\/wp-json\/wp\/v2\/product_cat?post=7310"},{"taxonomy":"product_tag","embeddable":true,"href":"https:\/\/izopaga.lt\/en\/wp-json\/wp\/v2\/product_tag?post=7310"}],"curies":[{"name":"wp","href":"https:\/\/api.w.org\/{rel}","templated":true}]}}