{"id":7371,"date":"2026-01-23T10:17:47","date_gmt":"2026-01-23T08:17:47","guid":{"rendered":"https:\/\/izopaga.lt\/?post_type=product&#038;p=7371"},"modified":"2026-04-09T11:46:38","modified_gmt":"2026-04-09T08:46:38","slug":"hisense-hi-therma-ii-oras-vanduo-r290-ahw-080hcpb1-ahm-100hcwbaa-monoblokas-80-kw","status":"publish","type":"product","link":"https:\/\/izopaga.lt\/en\/produktai\/hisense-hi-therma-ii-oras-vanduo-r290-ahw-080hcpb1-ahm-100hcwbaa-monoblokas-80-kw\/","title":{"rendered":"Hisense Hi-Therma II oras-vanduo R290 AHW-080HCPB1 AHM-100HCWBAA monoblokas  8,0 kW"},"content":{"rendered":"<h1 class=\"h1_product\"><span dir=\"auto\">Hisense Hi-Therma II Mono R290 monoblokas<\/span><\/h1>\n<p>Pa\u017eangus \u201eHi-Therma II\u201c serijos dizainas perteikia m\u016bs\u0173 siek\u012f tvarumo, futurizmo ir minimalizmo. Jam b\u016bdingas aptakus geometrinis dizainas su lygiais kra\u0161tais, apdorotais auk\u0161tos kokyb\u0117s meistri\u0161kumu. Modulin\u0117s grotel\u0117s pagamintos i\u0161 aplinkai nekenksmingo perdirbamo plastiko, o de\u0161in\u0117je pus\u0117je yra specialiai sukurta dekoratyvin\u0117 metalin\u0117 plok\u0161tel\u0117. Nesvarbu, ar tai gyvenamosios, ar komercin\u0117s erdv\u0117s, jos gali skland\u017eiai integruotis \u012f aplink\u0105.<\/p>\n<p><img decoding=\"async\" src=\"https:\/\/www.hisensehvac.com\/upload\/images\/20259\/2025981620545326442.jpg\" \/><\/p>\n<h2><span dir=\"auto\">Didelis SCOP na\u0161umas<\/span><\/h2>\n<p><span dir=\"auto\">D\u0117l didelio SCOP rodiklio, siekian\u010dio 5,0+, \u0161is puikus \u012fvertinimas u\u017etikrina maksimal\u0173 \u0161ildymo na\u0161um\u0105, tuo pa\u010diu \u017eymiai suma\u017einant energijos suvartojim\u0105 ir anglies dioksido p\u0117dsak\u0105.<\/span><\/p>\n<p><img decoding=\"async\" src=\"https:\/\/www.hisensehvac.com\/upload\/images\/20259\/202598161135376956.jpg\" \/><\/p>\n<h2><span dir=\"auto\">A+++ energijos vartojimo efektyvumas<\/span><\/h2>\n<p><span dir=\"auto\">\u201eHi-Therma II\u201c si\u016blo efektyviausi\u0105 nam\u0173 \u0161ildymo ir kar\u0161to vandens tiekimo sprendim\u0105. Jis atitinka auk\u0161\u010diausi\u0105 A+++ energijos vartojimo efektyvumo klas\u0119 esant 35 \u2103 temperat\u016brai ir iki A+++ esant 55 \u2103 temperat\u016brai, tod\u0117l suma\u017einamos j\u016bs\u0173 s\u0105skaitos u\u017e energij\u0105.<\/span><\/p>\n<p><img decoding=\"async\" src=\"https:\/\/www.hisensehvac.com\/upload\/images\/20259\/202598161333938826.jpg\" \/><\/p>\n<h2><span dir=\"auto\">Garantuota pastovi \u0161iluma<\/span><\/h2>\n<p><span dir=\"auto\">M\u016bs\u0173 pa\u017eangi sistema garantuoja stabil\u0173 veikim\u0105 net ir esant -25 \u2103 lauko temperat\u016brai, o 100 % \u0161ildymo galia garantuojama esant -7 \u2103, tod\u0117l lengvai patenkinamas \u0161ildymo poreikis itin \u0161altose vietov\u0117se. Tur\u0117dami galimyb\u0119 paruo\u0161ti iki 75 \u2103 temperat\u016bros i\u0161leid\u017eiam\u0105 vanden\u012f net ir esant -10 \u2103, galite m\u0117gautis sveikata ir \u0161iluma.<\/span><\/p>\n<p><img decoding=\"async\" src=\"https:\/\/www.hisensehvac.com\/upload\/images\/20259\/202598162846736554.jpg\" \/><\/p>\n<h2><span dir=\"auto\">Tylus veikimas kaip \u0161nab\u017edesys<\/span><\/h2>\n<p><span dir=\"auto\">\u201eHi-Therma II\u201c serijos \u012frenginiai gali veikti tyliu re\u017eimu, kad b\u016bt\u0173 u\u017etikrintas optimalus naudotojo komfortas \u2013 triuk\u0161mas suma\u017einamas iki 8 dB(A). Naktin\u0117s pamainos re\u017eimu veikimo laik\u0105 galima nustatyti pagal individualius poreikius, taip suma\u017einant garso sl\u0117gio lyg\u012f iki itin tylaus 36 dB(A). Visus \u0161iuos re\u017eimus galima reguliuoti vienu mygtuko paspaudimu valdiklyje.<\/span><\/p>\n<p><img decoding=\"async\" src=\"https:\/\/www.hisensehvac.com\/upload\/images\/20259\/20259816314519308.jpg\" \/><\/p>\n<h2><span dir=\"auto\">I\u0161manus valdymas \u201eHi-Cube\u201c viduje<\/span><\/h2>\n<p><img decoding=\"async\" src=\"https:\/\/www.hisensehvac.com\/upload\/images\/20259\/2025981642175166831.jpg\" \/><\/p>\n<h2><span dir=\"auto\">Paprastas valdymas naudojant program\u0117l\u0119<\/span><\/h2>\n<p>&nbsp;<\/p>\n<p><span dir=\"auto\">&#8211; \u012fjungimo\/i\u0161jungimo valdymas<\/span><\/p>\n<p><span dir=\"auto\">&#8211; Galima rinktis i\u0161 14 kalb\u0173<\/span><\/p>\n<p><span dir=\"auto\">&#8211; Kambari\u0173, kar\u0161to vandens ir vandens cikl\u0173 temperat\u016bros nustatymas<\/span><\/p>\n<p><span dir=\"auto\">&#8211; Keli\u0173 scen\u0173 nustatymas (laikmatis \/ atostog\u0173 re\u017eimas)<\/span><\/p>\n<p><span dir=\"auto\">&#8211; Energijos valdymo ekranas<\/span><\/p>\n<p><img decoding=\"async\" src=\"https:\/\/www.hisensehvac.com\/upload\/images\/20259\/202598164832219293.jpg\" \/><\/p>\n<p><img decoding=\"async\" src=\"https:\/\/www.hisensehvac.com\/upload\/images\/202511\/20251141535477507097.jpg\" \/><\/p>\n<table border=\"1\">\n<tbody>\n<tr>\n<td>V\u0117sinimo nominali (minimali\/maksimali) galia kW<\/td>\n<td>8,0<\/td>\n<\/tr>\n<tr>\n<td>\u0160ildymo nominali (minimali\/maksimali) galia kW<\/td>\n<td>8,0<\/td>\n<\/tr>\n<tr>\n<td>SEER<\/td>\n<td><\/td>\n<\/tr>\n<tr>\n<td>SCOP<\/td>\n<td>5.05<\/td>\n<\/tr>\n<tr>\n<td>V\u0117sina prie \u00b0C<\/td>\n<td>46<\/td>\n<\/tr>\n<tr>\n<td>\u0160ildo prie \u00b0C<\/td>\n<td>-25<\/td>\n<\/tr>\n<tr>\n<td>Vidinio bloko matmenys (PxAxG) mm<\/td>\n<td>890x520x320<\/td>\n<\/tr>\n<tr>\n<td>I\u0161orinio bloko matmenys (PxAxG) mm<\/td>\n<td>1100x426x845<\/td>\n<\/tr>\n<tr>\n<td>Energetinio efektyvumo klas\u0117<\/td>\n<td>A+++<\/td>\n<\/tr>\n<tr>\n<td>Maksimalus naudojamas el. galingumas W<\/td>\n<td><\/td>\n<\/tr>\n<tr>\n<td>Vidinio bloko tipas<\/td>\n<td>viskas viename<\/td>\n<\/tr>\n<tr>\n<td>Svoris kg<\/td>\n<td>40<\/td>\n<\/tr>\n<tr>\n<td>Svoris i\u0161orinio bloko kg<\/td>\n<td>95<\/td>\n<\/tr>\n<tr>\n<td>Maksimali ruo\u0161iamo \u0161ilto vandens temperat\u016bra \u00b0C<\/td>\n<td>60<\/td>\n<\/tr>\n<tr>\n<td>Vidini\u0173 blok\u0173 pajungimo skai\u010dius prie i\u0161orinio bloko<\/td>\n<td>1<\/td>\n<\/tr>\n<tr>\n<td>El. maitinimo fazi\u0173 skai\u010dius<\/td>\n<td><\/td>\n<\/tr>\n<tr>\n<td>Jungiam\u0173j\u0173 vamzd\u017ei\u0173 diametrai (skystis\/dujos) inch (mm)<\/td>\n<td>1\u2019\u2019 DN25<\/td>\n<\/tr>\n<tr>\n<td>\u0160altne\u0161is<\/td>\n<td>R290<\/td>\n<\/tr>\n<tr>\n<td>WiFi<\/td>\n<td>papildomai<\/td>\n<\/tr>\n<tr>\n<td>Garantija m\u0117n.<\/td>\n<td>24<\/td>\n<\/tr>\n<\/tbody>\n<\/table>","protected":false},"excerpt":{"rendered":"<h3>Hisense Hi-Therma II Integra R290 \u0161ilumos siurblys 8,0 kW oras-vanduo be boilerio R290 AHS-100HCWBAA+AHW-080HCPB1 monoblokas<\/h3>\n<p>Prated \u00a0Vidutin\u0117s temperat\u016bros taikmenos, vidutinis klimatas 7,7<\/p>\n<p>\u0160altne\u0161is R290<\/p>\n<p>su 3 kW tenu<\/p>\n<table class=\"woocommerce-product-attributes shop_attributes\">\n<tbody>\n<tr class=\"woocommerce-product-attributes-item woocommerce-product-attributes-item--attribute_pa_eer-cop\">\n<th class=\"woocommerce-product-attributes-item__label\">COP<\/th>\n<td class=\"woocommerce-product-attributes-item__value\">4.89<\/td>\n<\/tr>\n<tr class=\"woocommerce-product-attributes-item woocommerce-product-attributes-item--attribute_pa_wifi-valdymas\">\n<th class=\"woocommerce-product-attributes-item__label\">WiFi valdymas<\/th>\n<td class=\"woocommerce-product-attributes-item__value\">Taip<\/td>\n<\/tr>\n<tr class=\"woocommerce-product-attributes-item woocommerce-product-attributes-item--attribute_pa_sildymo-galia\">\n<th class=\"woocommerce-product-attributes-item__label\">\u0160ildymo galia<\/th>\n<td class=\"woocommerce-product-attributes-item__value\">8.0 kW<\/td>\n<\/tr>\n<tr class=\"woocommerce-product-attributes-item woocommerce-product-attributes-item--attribute_pa_spalva\">\n<th class=\"woocommerce-product-attributes-item__label\">Prek\u0117s spalva<\/th>\n<td class=\"woocommerce-product-attributes-item__value\">Juoda<\/td>\n<\/tr>\n<\/tbody>\n<\/table>","protected":false},"featured_media":7365,"template":"","meta":{"om_disable_all_campaigns":false,"_monsterinsights_skip_tracking":false,"_monsterinsights_sitenote_active":false,"_monsterinsights_sitenote_note":"","_monsterinsights_sitenote_category":0},"product_brand":[],"product_cat":[59],"product_tag":[739,738,668,669,666],"class_list":{"0":"post-7371","1":"product","2":"type-product","3":"status-publish","4":"has-post-thumbnail","6":"product_cat-silumos-siurbliai-oras-vanduo-monoblokai","7":"product_tag-ahw-080hcpb1-ahm-100hcwbaa","8":"product_tag-hisense-hi-therma-ii-oras-vanduo-r290-ahw-080hcpb1-ahm-100hcwbaa-monoblokas-8kw","9":"product_tag-hisense-monoblokas","10":"product_tag-hisense-monoblokas-oras-vanduo","11":"product_tag-oras-vanduo-hisense","12":"pa_boileris-be-boilerio","13":"pa_galingumas-8-0-kw","14":"pa_wifi-valdymas-taip","16":"first","17":"instock","18":"sale","19":"shipping-taxable","20":"purchasable","21":"product-type-simple"},"aioseo_notices":[],"_links":{"self":[{"href":"https:\/\/izopaga.lt\/en\/wp-json\/wp\/v2\/product\/7371","targetHints":{"allow":["GET"]}}],"collection":[{"href":"https:\/\/izopaga.lt\/en\/wp-json\/wp\/v2\/product"}],"about":[{"href":"https:\/\/izopaga.lt\/en\/wp-json\/wp\/v2\/types\/product"}],"wp:featuredmedia":[{"embeddable":true,"href":"https:\/\/izopaga.lt\/en\/wp-json\/wp\/v2\/media\/7365"}],"wp:attachment":[{"href":"https:\/\/izopaga.lt\/en\/wp-json\/wp\/v2\/media?parent=7371"}],"wp:term":[{"taxonomy":"product_brand","embeddable":true,"href":"https:\/\/izopaga.lt\/en\/wp-json\/wp\/v2\/product_brand?post=7371"},{"taxonomy":"product_cat","embeddable":true,"href":"https:\/\/izopaga.lt\/en\/wp-json\/wp\/v2\/product_cat?post=7371"},{"taxonomy":"product_tag","embeddable":true,"href":"https:\/\/izopaga.lt\/en\/wp-json\/wp\/v2\/product_tag?post=7371"}],"curies":[{"name":"wp","href":"https:\/\/api.w.org\/{rel}","templated":true}]}}