{"id":7602,"date":"2026-04-09T14:58:55","date_gmt":"2026-04-09T11:58:55","guid":{"rendered":"https:\/\/izopaga.lt\/produktai\/nordis-kanalinis-oro-kondicionierius-nid-noa18-5-28-5-57kw-be-wifi-2\/"},"modified":"2026-04-09T15:01:16","modified_gmt":"2026-04-09T12:01:16","slug":"nordis-kanalinis-oro-kondicionierius-nid-noa18-5-28-5-57kw-be-wifi","status":"publish","type":"product","link":"https:\/\/izopaga.lt\/en\/produktai\/nordis-kanalinis-oro-kondicionierius-nid-noa18-5-28-5-57kw-be-wifi\/","title":{"rendered":"N\u00d8RDIS Kanalinis oro kondicionierius NID-NOA18 5.28\/5.57kW be WIFI"},"content":{"rendered":"<p>NORDIS NID-NOA oro kondicionieri\u0173 modelius patogiai sumontuosite siaurose erdv\u0117se, sijose arba lubose.<br \/>\nAuk\u0161to statinio sl\u0117gio kanalini\u0173 oro kondicionieri\u0173 modeliai garantuoja maksimal\u0173 komfort\u0105 didel\u0117je erdv\u0117je.<br \/>\nVidinio \u012frenginio oro pa\u0117mimo anga gali b\u016bti prijungta tiek prie \u012frenginio galin\u0117s dalies, tiek prie apa\u010dios, tod\u0117l \u012franga lengvai prisitaikysite bet kokiam pastatui ir patalpai.<br \/>\nDaugiau informacijos apie produkt\u0105 galite rasti oficialioje NORDIS svetain\u0117je:\u00a0<a href=\"\/en\/&quot;https:\/\/nordis-ac.lt\/produktas\/kanaliniai\/&quot;\/\">Kanaliniai (ortakiniai) &#8211; Nordis<\/a><\/p>","protected":false},"excerpt":{"rendered":"<p>NORDIS NID-NOA oro kondicionieri\u0173 modelius patogiai sumontuosite siaurose erdv\u0117se, sijose arba lubose. Auk\u0161to statinio sl\u0117gio kanalini\u0173 oro kondicionieri\u0173 modeliai garantuoja maksimal\u0173 komfort\u0105 didel\u0117je erdv\u0117je. Vidinio \u012frenginio oro pa\u0117mimo anga gali b\u016bti prijungta tiek prie \u012frenginio galin\u0117s dalies, tiek prie apa\u010dios, tod\u0117l \u012franga lengvai prisitaikysite bet kokiam pastatui ir patalpai. Daugiau informacijos apie produkt\u0105 galite rasti [&hellip;]<\/p>\n","protected":false},"featured_media":7812,"template":"","meta":{"om_disable_all_campaigns":false,"_monsterinsights_skip_tracking":false,"_monsterinsights_sitenote_active":false,"_monsterinsights_sitenote_note":"","_monsterinsights_sitenote_category":0},"product_brand":[761],"product_cat":[103],"product_tag":[],"class_list":{"0":"post-7602","1":"product","2":"type-product","3":"status-publish","4":"has-post-thumbnail","6":"product_brand-nordis","7":"product_cat-oro-kondicionieriai-oras-oras","8":"pa_galingumas-5-282-715-86-5-572-426-30-kw","10":"first","11":"instock","12":"purchasable","13":"product-type-simple"},"aioseo_notices":[],"_links":{"self":[{"href":"https:\/\/izopaga.lt\/en\/wp-json\/wp\/v2\/product\/7602","targetHints":{"allow":["GET"]}}],"collection":[{"href":"https:\/\/izopaga.lt\/en\/wp-json\/wp\/v2\/product"}],"about":[{"href":"https:\/\/izopaga.lt\/en\/wp-json\/wp\/v2\/types\/product"}],"wp:featuredmedia":[{"embeddable":true,"href":"https:\/\/izopaga.lt\/en\/wp-json\/wp\/v2\/media\/7812"}],"wp:attachment":[{"href":"https:\/\/izopaga.lt\/en\/wp-json\/wp\/v2\/media?parent=7602"}],"wp:term":[{"taxonomy":"product_brand","embeddable":true,"href":"https:\/\/izopaga.lt\/en\/wp-json\/wp\/v2\/product_brand?post=7602"},{"taxonomy":"product_cat","embeddable":true,"href":"https:\/\/izopaga.lt\/en\/wp-json\/wp\/v2\/product_cat?post=7602"},{"taxonomy":"product_tag","embeddable":true,"href":"https:\/\/izopaga.lt\/en\/wp-json\/wp\/v2\/product_tag?post=7602"}],"curies":[{"name":"wp","href":"https:\/\/api.w.org\/{rel}","templated":true}]}}