{"id":7604,"date":"2026-04-09T14:58:55","date_gmt":"2026-04-09T11:58:55","guid":{"rendered":"https:\/\/izopaga.lt\/produktai\/nordis-nova-oro-kondicionierius-ndi-nov09tc1-ndo-nov09tc1-2-61-3-00kw-2\/"},"modified":"2026-04-09T15:01:16","modified_gmt":"2026-04-09T12:01:16","slug":"nordis-nova-oro-kondicionierius-ndi-nov09tc1-ndo-nov09tc1-2-61-3-00kw","status":"publish","type":"product","link":"https:\/\/izopaga.lt\/en\/produktai\/nordis-nova-oro-kondicionierius-ndi-nov09tc1-ndo-nov09tc1-2-61-3-00kw\/","title":{"rendered":"N\u00d8RDIS Nova oro kondicionierius NDI-NOV09TC1\/NDO-NOV09TC1 2.61\/3.00kW"},"content":{"rendered":"<p>N\u00d8RDIS NOVA yra naujausia N\u00d8RDIS oro kondicionieri\u0173 serija, kuri apjungia auk\u0161tos kokyb\u0117s komponentus ir moderniausias technologijas.<br \/>\n\u201eSplit\u201c tipo NOVA inverteriniai oro kondicionieriai yra skirtas gyvenam\u0173j\u0173 pastat\u0173 ir priva\u010di\u0173 nam\u0173 v\u0117sinimui bei \u0161ildymui, ta\u010diau gali b\u016bti \u012frengtas ir biuruose. \u012erenginiai sukurti kontroliuoti patalp\u0173 mikroklimat\u0105 tiek v\u0117sinimo, tiek \u0161ildymo re\u017eimais.<br \/>\nNovatori\u0161ka \u012frangos komplektacija padidino NOVA serijos oro kondicionieri\u0173 v\u0117sinimo ir \u0161ildymo gali\u0105, u\u017etikrinant maksimal\u0173 komfort\u0105 bet kokioje patalpoje. NOVA serijos oro kondicionieriai yra efektyvesni u\u017e savo pirmtakus v\u0117sinimo ir \u0161ildymo na\u0161umu, taip pat jie yra labiau energeti\u0161kai efektyv\u016bs.<br \/>\nN\u00d8RDIS NOVA serijos oro kondicionieriai turi turbo grei\u010dio funkcij\u0105, leid\u017eian\u010di\u0105 prad\u0117ti v\u0117sinti per 30 sekund\u017ei\u0173 ir prad\u0117ti \u0161ildyti per 60 sekund\u017ei\u0173. Specialiai pritaikyta \u0160iaur\u0117s \u0161ali\u0173 gyventojams, \u0161i serija veikia itin efektyviai net esant labai \u017eemai lauko temperat\u016brai iki -25 \u00b0C.<br \/>\n\u2022 Naujausias inverterinis kompresorius efektyviai veikia nuo -25 \u00b0C iki +53 \u00b0C temperat\u016bros.<br \/>\n\u2022 Super tylus: \u017eemas, vos 22 dB garsas.<br \/>\n\u2022 I\u0161manus oro srauto valdymas.<br \/>\n\u2022 Greitas v\u0117sinimas per 30 s ir greitas \u0161ildymas per 60 s.<br \/>\n\u2022 Elektros vartojimo valdymas.<br \/>\n\u2022 Oro kondicionieriuje naudojamas draugi\u0161kas gamtai \u0161aldymo agentas R32.<br \/>\n\u2022 \u012erenginyje integruotas \u201eWi-Fi\u201c modulis suteikia galimyb\u0119 oro kondicionieri\u0173 valdyti i\u0161maniuoju telefonu (OS: \u201eAndroid\u201c, \u201eiOS\u201c. Palaikyko \u201eAmazon Alexa\u201c \/ \u201eGoogle\u201c garsiakalb\u012f).<br \/>\n\u2022 Stilingas LED ekranas vidinio bloko skydelyje.<br \/>\n\u2022 \u0160altos plazmos oro valytuvas naikina bakterijas, mikrobus ir kitas kenksmingas daleles.<br \/>\n\u2022 \u201eI FEEL\u201c suteikia galimyb\u0119 i\u0161maniai kontroliuoti temperat\u016br\u0105 ir sukurti malonesn\u0119 aplink\u0105.<br \/>\n\u2022 Dulki\u0173 ir \u017eiedadulki\u0173 filtravimui kondicionieriuje \u012frengti itin tank\u016bs filtrai.<br \/>\n\u2022 Vektorinis tikslus oro tiekimas specialiais oro latakais leid\u017eia tiekti or\u0105 dideliu atstumu, tod\u0117l v\u0117sus ar \u0161iltas oras pasiekia ir tolimiausius kambario kampus.<br \/>\n\u2022 +8 \u00b0C funkcija leid\u017eia i\u0161laikyti nuolatin\u0119 temperat\u016br\u0105 patalpose, kai jose nuolat negyvenama.<br \/>\nDaugiau informacijos apie produkt\u0105 galite rasti oficialioje NORDIS svetain\u0117je:\u00a0<a href=\"\/en\/&quot;https:\/\/nordis-ac.lt\/produktas\/nova\/&quot;\/\">NOVA &#8211; Nordis | Inverteriniai oro kondicionieriai<\/a><\/p>","protected":false},"excerpt":{"rendered":"<p>N\u00d8RDIS NOVA yra naujausia N\u00d8RDIS oro kondicionieri\u0173 serija, kuri apjungia auk\u0161tos kokyb\u0117s komponentus ir moderniausias technologijas. \u201eSplit\u201c tipo NOVA inverteriniai oro kondicionieriai yra skirtas gyvenam\u0173j\u0173 pastat\u0173 ir priva\u010di\u0173 nam\u0173 v\u0117sinimui bei \u0161ildymui, ta\u010diau gali b\u016bti \u012frengtas ir biuruose. \u012erenginiai sukurti kontroliuoti patalp\u0173 mikroklimat\u0105 tiek v\u0117sinimo, tiek \u0161ildymo re\u017eimais. Novatori\u0161ka \u012frangos komplektacija padidino NOVA serijos oro [&hellip;]<\/p>\n","protected":false},"featured_media":7814,"template":"","meta":{"om_disable_all_campaigns":false,"_monsterinsights_skip_tracking":false,"_monsterinsights_sitenote_active":false,"_monsterinsights_sitenote_note":"","_monsterinsights_sitenote_category":0},"product_brand":[761],"product_cat":[103],"product_tag":[],"class_list":{"0":"post-7604","1":"product","2":"type-product","3":"status-publish","4":"has-post-thumbnail","6":"product_brand-nordis","7":"product_cat-oro-kondicionieriai-oras-oras","8":"pa_galingumas-2-61-3-00-kw","10":"first","11":"instock","12":"purchasable","13":"product-type-simple"},"aioseo_notices":[],"_links":{"self":[{"href":"https:\/\/izopaga.lt\/en\/wp-json\/wp\/v2\/product\/7604","targetHints":{"allow":["GET"]}}],"collection":[{"href":"https:\/\/izopaga.lt\/en\/wp-json\/wp\/v2\/product"}],"about":[{"href":"https:\/\/izopaga.lt\/en\/wp-json\/wp\/v2\/types\/product"}],"wp:featuredmedia":[{"embeddable":true,"href":"https:\/\/izopaga.lt\/en\/wp-json\/wp\/v2\/media\/7814"}],"wp:attachment":[{"href":"https:\/\/izopaga.lt\/en\/wp-json\/wp\/v2\/media?parent=7604"}],"wp:term":[{"taxonomy":"product_brand","embeddable":true,"href":"https:\/\/izopaga.lt\/en\/wp-json\/wp\/v2\/product_brand?post=7604"},{"taxonomy":"product_cat","embeddable":true,"href":"https:\/\/izopaga.lt\/en\/wp-json\/wp\/v2\/product_cat?post=7604"},{"taxonomy":"product_tag","embeddable":true,"href":"https:\/\/izopaga.lt\/en\/wp-json\/wp\/v2\/product_tag?post=7604"}],"curies":[{"name":"wp","href":"https:\/\/api.w.org\/{rel}","templated":true}]}}