{"id":7613,"date":"2026-04-09T14:58:59","date_gmt":"2026-04-09T11:58:59","guid":{"rendered":"https:\/\/izopaga.lt\/produktai\/nordis-sirius-oro-kondicionierius-ndi-s12tc1b-ndo-s12tc2-3-5-3-66kw-juodas-2\/"},"modified":"2026-04-09T15:01:16","modified_gmt":"2026-04-09T12:01:16","slug":"nordis-sirius-oro-kondicionierius-ndi-s12tc1b-ndo-s12tc2-3-5-3-66kw-juodas","status":"publish","type":"product","link":"https:\/\/izopaga.lt\/en\/produktai\/nordis-sirius-oro-kondicionierius-ndi-s12tc1b-ndo-s12tc2-3-5-3-66kw-juodas\/","title":{"rendered":"N\u00d8RDIS SIRIUS oro kondicionierius NDI-S12TC1B\/NDO-S12TC2 3.5\/3.66kW Juodas"},"content":{"rendered":"<p>N\u00d8RDIS SIRIUS juodos spalvos oro kondicionieriai yra skirti \u017emon\u0117ms, kurie ie\u0161ko ekonomi\u0161ko ta\u010diau kokybi\u0161ko sprendimo u\u017e patraukli\u0105 kain\u0105.<\/p>\n<p>Auk\u0161ta A + oro kondicionieriaus energijos klas\u0117 leis elektros energij\u0105 naudoti efektyviai. \u012erenginys papildytas moderniomis funkcijomis, kurios u\u017etikrins komfort\u0105 kondicionuojamose patalpose.<\/p>\n<ul>\n<li>Savaiminio i\u0161sivalymo funkcija pa\u0161alina \u012frenginio viduje susirinkusius ne\u0161varumus \u2013 speciali 30 minu\u010di\u0173 programa veiksmingai pa\u0161alina purv\u0105 ir bakterijas.<\/li>\n<li>I\u0161mani \u201eAirflow\u201c funkcija, veikiant v\u0117sinimo re\u017eimui, or\u0105 pu\u010dia link lub\u0173, taip sukurdama v\u0117saus krentan\u010dio oro efekt\u0105. \u0160ildymo re\u017eime oras pu\u010diamas \u012f grindis, ir kildamas tolygiai pasiskirsto kambaryje.<\/li>\n<li>\u201eI FEEL\u201c funkcija: distanciniame pultelyje esantis sensorius leid\u017eia nuolatos steb\u0117ti ir automati\u0161kai reguliuoti kambario temperat\u016bros lyg\u012f.<\/li>\n<li>Atspari r\u016bdims technologija apsaugo lauko \u012frengin\u012f nuo r\u016bdijimo ir taip prailgina prietaiso gyvavimo laik\u0105. Geresnis sandarumas apsaugo nuo dr\u0117gm\u0117s, vabzd\u017ei\u0173 ir dulki\u0173.<\/li>\n<li>Naktinis re\u017eimas reguliuoja temperat\u016br\u0105 nakt\u012f ir pagerina komfort\u0105 miegant. \u012erenginys pakelia arba suma\u017eina oro temperat\u016br\u0105 1-2oC kas 60 minu\u010di\u0173.<\/li>\n<li>6 grei\u010di\u0173 ventiliatorius leis pasirinkti jums tinkamiausi\u0105 oro srauto p\u016btim\u0105.<\/li>\n<li>Kondicionierius palaiko tinkam\u0105 dr\u0117gm\u0117s lyg\u012f, tod\u0117l \u0161lapius drabu\u017eius gal\u0117site d\u017eiovinti ir lietingu oru.<\/li>\n<li>6 sluoksni\u0173 oro filtras, praturtintas aktyviosios anglies ir sidabro jonais, dar geriau valo or\u0105.<\/li>\n<\/ul>\n<p>Daugiau informacijos apie produkt\u0105 galite rasti oficialioje NORDIS svetain\u0117je:\u00a0<a href=\"\/en\/&quot;https:\/\/nordis-ac.lt\/produktas\/sirius-2\/&quot;\/\">SIRIUS &#8211; Nordis oro kondicionieriai u\u017etikrins komfort\u0105 namuose ar biure<\/a><\/p>","protected":false},"excerpt":{"rendered":"<p>N\u00d8RDIS SIRIUS juodos spalvos oro kondicionieriai yra skirti \u017emon\u0117ms, kurie ie\u0161ko ekonomi\u0161ko ta\u010diau kokybi\u0161ko sprendimo u\u017e patraukli\u0105 kain\u0105. Auk\u0161ta A + oro kondicionieriaus energijos klas\u0117 leis elektros energij\u0105 naudoti efektyviai. \u012erenginys papildytas moderniomis funkcijomis, kurios u\u017etikrins komfort\u0105 kondicionuojamose patalpose. Savaiminio i\u0161sivalymo funkcija pa\u0161alina \u012frenginio viduje susirinkusius ne\u0161varumus \u2013 speciali 30 minu\u010di\u0173 programa veiksmingai pa\u0161alina purv\u0105 [&hellip;]<\/p>\n","protected":false},"featured_media":7829,"template":"","meta":{"om_disable_all_campaigns":false,"_monsterinsights_skip_tracking":false,"_monsterinsights_sitenote_active":false,"_monsterinsights_sitenote_note":"","_monsterinsights_sitenote_category":0},"product_brand":[761],"product_cat":[103],"product_tag":[],"class_list":{"0":"post-7613","1":"product","2":"type-product","3":"status-publish","4":"has-post-thumbnail","6":"product_brand-nordis","7":"product_cat-oro-kondicionieriai-oras-oras","8":"pa_galingumas-3-5-3-66-kw","10":"first","11":"instock","12":"purchasable","13":"product-type-simple"},"aioseo_notices":[],"_links":{"self":[{"href":"https:\/\/izopaga.lt\/en\/wp-json\/wp\/v2\/product\/7613","targetHints":{"allow":["GET"]}}],"collection":[{"href":"https:\/\/izopaga.lt\/en\/wp-json\/wp\/v2\/product"}],"about":[{"href":"https:\/\/izopaga.lt\/en\/wp-json\/wp\/v2\/types\/product"}],"wp:featuredmedia":[{"embeddable":true,"href":"https:\/\/izopaga.lt\/en\/wp-json\/wp\/v2\/media\/7829"}],"wp:attachment":[{"href":"https:\/\/izopaga.lt\/en\/wp-json\/wp\/v2\/media?parent=7613"}],"wp:term":[{"taxonomy":"product_brand","embeddable":true,"href":"https:\/\/izopaga.lt\/en\/wp-json\/wp\/v2\/product_brand?post=7613"},{"taxonomy":"product_cat","embeddable":true,"href":"https:\/\/izopaga.lt\/en\/wp-json\/wp\/v2\/product_cat?post=7613"},{"taxonomy":"product_tag","embeddable":true,"href":"https:\/\/izopaga.lt\/en\/wp-json\/wp\/v2\/product_tag?post=7613"}],"curies":[{"name":"wp","href":"https:\/\/api.w.org\/{rel}","templated":true}]}}