{"id":7614,"date":"2026-04-09T14:58:59","date_gmt":"2026-04-09T11:58:59","guid":{"rendered":"https:\/\/izopaga.lt\/produktai\/nordis-galaxy-oro-kondicionierius-ndi-g09tc1-ndo-g09tc1-2-72-3-55kw-2\/"},"modified":"2026-04-09T15:01:16","modified_gmt":"2026-04-09T12:01:16","slug":"nordis-galaxy-oro-kondicionierius-ndi-g09tc1-ndo-g09tc1-2-72-3-55kw","status":"publish","type":"product","link":"https:\/\/izopaga.lt\/en\/produktai\/nordis-galaxy-oro-kondicionierius-ndi-g09tc1-ndo-g09tc1-2-72-3-55kw\/","title":{"rendered":"N\u00d8RDIS Galaxy oro kondicionierius NDI-G09TC1\/NDO-G09TC1 2.72\/3.55kW"},"content":{"rendered":"<p>Inovatyvios technologijos, i\u0161manus dirbtinio intelekto energijos taupymas ir pa\u017eangus oro srauto valdymas u\u017etikrina komforti\u0161k\u0105 aplink\u0105 j\u016bs\u0173 namuose ar biure bet kuriuo met\u0173 laiku. Veikimas esant iki \u201330 \u00b0C temperat\u016brai leid\u017eia m\u0117gautis \u0161iluma ir gaiva visus metus.<\/p>\n<p>N\u00d8RDIS Galaxy \u201eSplit\u201c tipo inverterinis oro kondicionierius skirtas gyvenam\u0173j\u0173 pastat\u0173 ir priva\u010di\u0173 nam\u0173 v\u0117sinimui bei \u0161ildymui, ta\u010diau gali b\u016bti \u012frengtas ir biuruose.<\/p>\n<p>Savyb\u0117s:<br \/>\n\u2022 Inverterinis kompresorius efektyviai veikia nuo \u201330 \u00b0C iki +53 \u00b0C temperat\u016bros.<br \/>\n\u2022 Auk\u0161ta energinio efektyvumo klas\u0117 \u2013 A+++\/A+++.<br \/>\n\u2022 Vidinio bloko panel\u0117s si\u016blomos dviej\u0173 spalv\u0173 \u2013 blizgios juodos ir blizgios baltos.<br \/>\n\u2022 Dirbtinio intelekto energijos taupymo technologija.<br \/>\n\u2022 Pakeliami vidinio bloko \u0161oniniai dangteliai patogiam aromato \u012fd\u0117jimui.<br \/>\n\u2022 3D oro \u012fsiurbimas u\u017etikrina tolyg\u0173 mikroklimat\u0105 visoje patalpoje.<br \/>\n\u2022 Smart Air Flow Plus technologija \u2013 pa\u017eangi oro cirkuliacijos sistema su dvigubomis, pla\u010dios amplitud\u0117s sklend\u0117mis, kurios v\u0117sinimo re\u017eimu sukuria \u201edu\u0161o\u201c, o \u0161ildymo re\u017eimu \u2013 \u201eantklod\u0117s\u201c tipo oro sraut\u0105.<br \/>\n\u2022V\u0117sinimas be tiesioginio oro srauto<br \/>\n\u2022 Greitas v\u0117sinimas per 30 sekund\u017ei\u0173 ir \u0161ildymas per 60 sekund\u017ei\u0173.<br \/>\n\u2022 Integruotas \u201eWi-Fi\u201c modulis leid\u017eia valdyti oro kondicionieri\u0173 i\u0161maniuoju telefonu.<br \/>\n\u2022 Integruota B.I.G. Care+ technologija aktyviai valo or\u0105 nuo dulki\u0173, bakterij\u0173 ir alergen\u0173, padeda sukurti sveikesn\u0119 patalp\u0173 aplink\u0105.<br \/>\n\u2022 I FEEL funkcija leid\u017eia i\u0161maniai reguliuoti temperat\u016br\u0105 ir palaikyti maloni\u0105 aplink\u0105.<br \/>\n\u2022 +8 \u00b0C funkcija palaiko pastovi\u0105 temperat\u016br\u0105 patalpose, kuriose niekas negyvena.<br \/>\n\u2022 Lengvas montavimas, prie\u017ei\u016bra ir integracija \u012f pastato valdymo sistemas (BMS).<br \/>\n\u2022 8 grei\u010di\u0173 ventiliatorius leid\u017eia pasirinkti tinkamiausi\u0105 oro srauto intensyvum\u0105.<br \/>\n\u2022 Integruotas elektroninis termostatinis i\u0161sipl\u0117timo vo\u017etuvas.<\/p>","protected":false},"excerpt":{"rendered":"<p>Inovatyvios technologijos, i\u0161manus dirbtinio intelekto energijos taupymas ir pa\u017eangus oro srauto valdymas u\u017etikrina komforti\u0161k\u0105 aplink\u0105 j\u016bs\u0173 namuose ar biure bet kuriuo met\u0173 laiku. Veikimas esant iki \u201330 \u00b0C temperat\u016brai leid\u017eia m\u0117gautis \u0161iluma ir gaiva visus metus. N\u00d8RDIS Galaxy \u201eSplit\u201c tipo inverterinis oro kondicionierius skirtas gyvenam\u0173j\u0173 pastat\u0173 ir priva\u010di\u0173 nam\u0173 v\u0117sinimui bei \u0161ildymui, ta\u010diau gali b\u016bti [&hellip;]<\/p>\n","protected":false},"featured_media":7830,"template":"","meta":{"om_disable_all_campaigns":false,"_monsterinsights_skip_tracking":false,"_monsterinsights_sitenote_active":false,"_monsterinsights_sitenote_note":"","_monsterinsights_sitenote_category":0},"product_brand":[761],"product_cat":[103],"product_tag":[],"class_list":{"0":"post-7614","1":"product","2":"type-product","3":"status-publish","4":"has-post-thumbnail","6":"product_brand-nordis","7":"product_cat-oro-kondicionieriai-oras-oras","8":"pa_galingumas-272094-381-355094-430-kw","10":"first","11":"instock","12":"purchasable","13":"product-type-simple"},"aioseo_notices":[],"_links":{"self":[{"href":"https:\/\/izopaga.lt\/en\/wp-json\/wp\/v2\/product\/7614","targetHints":{"allow":["GET"]}}],"collection":[{"href":"https:\/\/izopaga.lt\/en\/wp-json\/wp\/v2\/product"}],"about":[{"href":"https:\/\/izopaga.lt\/en\/wp-json\/wp\/v2\/types\/product"}],"wp:featuredmedia":[{"embeddable":true,"href":"https:\/\/izopaga.lt\/en\/wp-json\/wp\/v2\/media\/7830"}],"wp:attachment":[{"href":"https:\/\/izopaga.lt\/en\/wp-json\/wp\/v2\/media?parent=7614"}],"wp:term":[{"taxonomy":"product_brand","embeddable":true,"href":"https:\/\/izopaga.lt\/en\/wp-json\/wp\/v2\/product_brand?post=7614"},{"taxonomy":"product_cat","embeddable":true,"href":"https:\/\/izopaga.lt\/en\/wp-json\/wp\/v2\/product_cat?post=7614"},{"taxonomy":"product_tag","embeddable":true,"href":"https:\/\/izopaga.lt\/en\/wp-json\/wp\/v2\/product_tag?post=7614"}],"curies":[{"name":"wp","href":"https:\/\/api.w.org\/{rel}","templated":true}]}}