{"id":7688,"date":"2026-04-09T11:36:51","date_gmt":"2026-04-09T08:36:51","guid":{"rendered":"https:\/\/izopaga.lt\/produktai\/silumos-siurblys-kondicionierius-oras-oras-lg-prestige-nordic-r32-wi-fi-3-5-4-0\/"},"modified":"2026-04-09T14:50:42","modified_gmt":"2026-04-09T11:50:42","slug":"silumos-siurblys-kondicionierius-oras-oras-lg-prestige-nordic-r32-wi-fi-3-5-4-0","status":"publish","type":"product","link":"https:\/\/izopaga.lt\/en\/produktai\/silumos-siurblys-kondicionierius-oras-oras-lg-prestige-nordic-r32-wi-fi-3-5-4-0\/","title":{"rendered":"\u0160ilumos siurblys-kondicionierius Oras-Oras LG Prestige Nordic R32 Wi-Fi, 3.5\/4.0"},"content":{"rendered":"<div class=\"desc_block\">\n<div class=\"container-fluid\">\n<div class=\"row\">\n<div class=\"info_block col-xs-12 col-md-4 col-lg-3\">\u017diem\u0105 &scaron;ildo, vasar\u0105 v\u0117sina<\/div>\n<div class=\"info_block col-xs-12 col-md-4 col-lg-3\">Veikia net iki -25&deg;C<\/div>\n<div class=\"info_block col-xs-12 col-md-4 col-lg-3\">Visapusi&scaron;kas, &scaron;iuolaikinio dizaino vidaus blokas<\/div>\n<div class=\"info_block col-xs-12 col-md-4 col-lg-3\">Auk&scaron;\u010diausios energijos klas\u0117s A+++<\/div>\n<div class=\"info_block col-xs-12 col-md-4 col-lg-3\">Ypa\u010d efektyvus &bdquo;\u017ealiasis&ldquo; R32 tipo &scaron;altne&scaron;is<\/div>\n<div class=\"info_block col-xs-12 col-md-4 col-lg-3\">10 met\u0173 gamintojo garantija kompresoriams<\/div>\n<div class=\"info_block col-xs-12 col-md-4 col-lg-3\">Valdymas su Wi-Fi funkcija<\/div>\n<div class=\"info_block col-xs-12 col-md-4 col-lg-3\">Komforto ir tylos re\u017eimai<\/div>\n<\/div>\n<\/div>\n<\/div>\n<div class=\"desc_block photo_right\">\n<div class=\"container-fluid\">\n<table>\n<tbody>\n<tr>\n<td>\n<h3>LG&nbsp;Electronics&nbsp;&scaron;ilumos siurbliai Oras-Oras<\/h3>\n<p style=\"text-align: justify;\">Skirtingai nuo daugumos buitin\u0117s technikos, LG Electronics oro kondicionieriai yra suprojektuoti kaip funkcinis menas &#8211; &scaron;iuolaiki&scaron;ki, stilingi ir eleganti&scaron;ki. LG patrauklus dizainas yra neprilygstamas j\u016bs\u0173 nam\u0173 stiliaus papildymas ir puikiai tiks bet kokiam kambariui.<\/p>\n<p>Susipa\u017einkite su technologijomis, naudojamomis LG Electronics kondicionieriuose bei Oras-Oras &scaron;ilumos siurbliuose.<\/p>\n<\/td>\n<td><iframe src=\"https:\/\/www.youtube-nocookie.com\/embed\/cNagebutA-k?vq=hd1080&amp;modestbranding=1&amp;showinfo=0&amp;rel=0&amp;iv_load_policy=3&amp;theme=light&amp;color=white\" frameborder=\"0\" width=\"600\" height=\"338\"><\/iframe><\/td>\n<\/tr>\n<\/tbody>\n<\/table>\n<\/div>\n<\/div>\n<div class=\"desc_block photo_left\">\n<div class=\"container-fluid\">\n<table>\n<tbody>\n<tr>\n<td><img decoding=\"async\" src=\"https:\/\/www.jaukurai.lt\/files\/uploaded\/LG\/lg-r32_600x345_min.jpg\" alt=\"LG R32 Green Refrigerant\" \/><\/td>\n<td>\n<h3>Draugi&scaron;kas aplinkai&nbsp;&scaron;altne&scaron;is R32<\/h3>\n<p style=\"text-align: justify;\">R32 yra ekologi&scaron;kas&nbsp;ir labai efektyvus &bdquo;Go Green&ldquo; &#8211; &bdquo;\u017daliasis&ldquo; &scaron;altne&scaron;is.<\/p>\n<p style=\"text-align: justify;\">&Scaron;io tipo &scaron;altne&scaron;is suk\u0117l\u0117 tikr\u0105 prover\u017e\u012f &Scaron;VOK&nbsp;pasaulyje.<\/p>\n<p style=\"text-align: justify;\">Didel\u012f energijos efektyvum\u0105 rodo tai, kad R32 tipo &scaron;altne&scaron;io reikia 15% ma\u017eiau, nei iki &scaron;iol pla\u010diai naudoto R410 tipo &scaron;altne&scaron;io toms pa\u010dioms funkcijoms atlikti.<\/p>\n<p style=\"text-align: justify;\">R32 visuotin\u012f at&scaron;ilimo potencialo (GWP) rodiklis yra 675,&nbsp; arba net 70 procent\u0173 ma\u017eesnis&nbsp;nei R410A. Be to, R32 ozono sluoksnio i&scaron;eikvojimo potencialas (ODP) yra lygus nuliui. Kadangi R32&nbsp;sud\u0117tyje tik vienas komponentas,&nbsp;j\u012f patogiau, lengviau ir saugiau naudoti per perdirbti.<\/p>\n<p style=\"text-align: justify;\">Nuo &scaron;iol vis\u0173 LG Electronics kondicionieri\u0173 bei &scaron;ilumos siurbli\u0173 gamyklinis u\u017epildas yra itin efektyvus ir ekologi&scaron;kas &bdquo;\u017ealiasis&ldquo; R32 &scaron;altne&scaron;is.<\/p>\n<\/td>\n<\/tr>\n<\/tbody>\n<\/table>\n<\/div>\n<\/div>\n<div class=\"desc_block photo_right\">\n<div class=\"container-fluid\">\n<table>\n<tbody>\n<tr>\n<td>\n<h3>Tai taip pat leid\u017eia sutaupyti elektros energijos<\/h3>\n<p style=\"text-align: justify;\">Jau vien ekologi&scaron;ko bei itin efektyvaus R32 &scaron;altne&scaron;io panaudojimas rei&scaron;kia, jog tam pa\u010diam rezultatui pasiekti reik\u0117s ma\u017eiau elektros energijos.<\/p>\n<p style=\"text-align: justify;\">Ta\u010diau LG Electronics vien tik tuo neapsiriboja &#8211;<\/p>\n<h3>LG Inverter<\/h3>\n<p style=\"text-align: justify;\"><span>LG revoliucin\u0117 &bdquo;Inverter&ldquo; technologija pasi\u017eymi galingu, bet tyliu veikimu, tuo pa\u010diu ma\u017eu energijos suvartojimu. Kompresorius su &bdquo;Inverter&ldquo; technologija sukasi ma\u017eesniu grei\u010diu ir su didesniu stabilumu, taip sutapydamas iki 70% elektros energijos.<\/span><\/p>\n<p style=\"text-align: justify;\"><span>Kondicionieriai veikia tyliai, nes juose esantis unikalus \u012fstri\u017eas ventiliatorius ir &bdquo;BLDC&ldquo; variklio technologija pa&scaron;alina nereikaling\u0105 triuk&scaron;m\u0105 ir leid\u017eia skland\u017eiai veikti. Kai kuri\u0173 modeli\u0173 veikimo metu keliamo garso lygis nevir&scaron;ija 19 dB(A)!<\/span><\/p>\n<\/td>\n<td><iframe src=\"https:\/\/www.youtube.com\/embed\/iHkhbtLcihs?vq=hd1080&amp;modestbranding=1&amp;showinfo=0&amp;rel=0&amp;iv_load_policy=3&amp;theme=light&amp;color=white\" frameborder=\"0\" width=\"600\" height=\"338\"><span id=\"CmCaReT\"><\/span><\/iframe><\/td>\n<\/tr>\n<\/tbody>\n<\/table>\n<\/div>\n<\/div>\n<div class=\"desc_block photo_left\">\n<div class=\"container-fluid\">\n<table>\n<tbody>\n<tr>\n<td><iframe src=\"https:\/\/www.youtube.com\/embed\/orGHYui-eFE?vq=hd1080&amp;modestbranding=1&amp;showinfo=0&amp;rel=0&amp;iv_load_policy=3&amp;theme=light&amp;color=white\" frameborder=\"0\" width=\"600\" height=\"338\"><\/iframe><\/td>\n<td>\n<h3>M\u0117gaukit\u0117s &scaron;variu oru su &bdquo;Plasmaster Ionizer&ldquo;<\/h3>\n<p style=\"text-align: justify;\"><span>&Scaron;i funkcija, kuri\u0105 rasite LG Prestige Nordic bei LG kondicionieri\u0173 serijose Deluxe ir Artcool Mirror, r\u016bpinasi J\u016bs\u0173 nam\u0173 oro kokybe.<\/span><\/p>\n<p style=\"text-align: justify;\"><span>Efektyvus plazmos jonizatorius apsaugo patalp\u0105 nuo blog\u0173 kvap\u0173 ir kenksming\u0173 daleli\u0173 bei bakterij\u0173, d\u0117l jame esan\u010di\u0173 daugiau nei 3 milijon\u0173 jon\u0173, kurie sterilizuoja ne tik or\u0105, praeinant\u012f per oro kondicionieri\u0173, bet ir patalpoje esan\u010dius pavir&scaron;ius.<\/span><\/p>\n<p style=\"text-align: justify;\"><span>\u012erodyta, kad &scaron;is jonizatorius per 60 minu\u010di\u0173 sterilizuoja net iki 99 % bakterij\u0173. Dvigubas apsauginis filtras sulaiko didesnes nei 10&micro;m dyd\u017eio dulkes ir bakterijas.<\/span><\/p>\n<p style=\"text-align: justify;\"><span>Veiksminga automatinio valymosi funkcija neleid\u017eia formuotis bakterijoms ir pel\u0117siui ant kondicionieriuje esan\u010dio &scaron;ilumokai\u010dio. &bdquo;Gold Fin&trade;&ldquo; apdaila &scaron;ilumokai\u010dio pavir&scaron;i\u0173 padaro atsparesniu korozijai, didindama jo patvarum\u0105. <\/span><\/p>\n<\/td>\n<\/tr>\n<\/tbody>\n<\/table>\n<\/div>\n<\/div>\n<div class=\"desc_block photo_right\">\n<div class=\"container-fluid\">\n<table>\n<tbody>\n<tr>\n<td>\n<h3>Valdykite i&scaron;maniai<\/h3>\n<p style=\"text-align: justify;\"><span>LG &scaron;ilumos siurbliai Prestige Nordic bei kondicinieriai Standard Plus, Deluxe, Artcool Mirror turi \u012fmontuot\u0105 Wi-Fi modul\u012f.<\/span><\/p>\n<p style=\"text-align: justify;\"><span>Jo pagalba valdykite savo&nbsp;&scaron;ilumos siurbl\u012f&nbsp;naudodami &bdquo;Android&ldquo; arba &bdquo;iOS&ldquo; operacines sistemas palaikan\u010dius i&scaron;maniuosius telefonus. Tereikia parsisi\u0173sti &bdquo;LG SmartThinQ&ldquo; program\u0117l\u0119 ir kiekvienas j\u016bs\u0173 &scaron;eimos narys gal\u0117s keisti&nbsp;&scaron;ilumos nustatymus, kuriuos galima i&scaron;saugoti ir bet kada v\u0117liau paleisti. &Scaron;ie parametrai taip pat gali b\u016bti kei\u010diami ir i&scaron;saugoti kiekvienam oro kondicionieriui atskirai.<\/span><\/p>\n<\/td>\n<td><iframe src=\"https:\/\/www.youtube.com\/embed\/kA4kEfCzgeU?vq=hd1080&amp;modestbranding=1&amp;showinfo=0&amp;rel=0&amp;iv_load_policy=3&amp;theme=light&amp;color=white\" frameborder=\"0\" width=\"600\" height=\"338\"><\/iframe><\/td>\n<\/tr>\n<\/tbody>\n<\/table>\n<\/div>\n<\/div>\n<div class=\"desc_block photo_left\">\n<div class=\"container-fluid\">\n<table>\n<tbody>\n<tr>\n<td><img decoding=\"async\" src=\"https:\/\/www.jaukurai.lt\/files\/uploaded\/LG\/Prestige_600x345-min.png\" alt=\"Jaukurai LG Prestige\" \/><\/td>\n<td>\n<h3>LG&nbsp;Prestige Nordic<\/h3>\n<p style=\"text-align: justify;\">Did\u017eiausias energijos vartojimo efektyvumas!<\/p>\n<ul>\n<li style=\"text-align: justify;\">Visapusi&scaron;kas, &scaron;iuolaikinio dizaino vidaus blokas<\/li>\n<li style=\"text-align: justify;\">Auk&scaron;\u010diausios energijos klas\u0117s A+++<\/li>\n<li style=\"text-align: justify;\">10 met\u0173 gamintojo garantija kompresoriams<\/li>\n<li style=\"text-align: justify;\">Valdymas su Wi-Fi funkcija<\/li>\n<li style=\"text-align: justify;\">&bdquo;Plasmaster Ionizer<sup>plus<\/sup>&ldquo; oro valymo funkcija<\/li>\n<li style=\"text-align: justify;\">Itin greitas v\u0117sinimas &bdquo;Jet Cool&ldquo; bei greitas pri&scaron;ildymas<\/li>\n<li style=\"text-align: justify;\">Komforto ir tylos funkcijos<\/li>\n<li style=\"text-align: justify;\">Veikimo metu keliamo garso lygis nevir&scaron;ija 17 dB(A)<\/li>\n<li style=\"text-align: justify;\">4D oro srauto paskirstymas<\/li>\n<li style=\"text-align: justify;\"><strong>V\u0117sinimas esant lauko temperat\u016brai nuo -10&deg;C iki 48&deg;C<\/strong><\/li>\n<li style=\"text-align: justify;\"><strong>&Scaron;ildymas esant lauko temperat\u016brai nuo -25&deg;C iki 24&deg;C<\/strong><\/li>\n<\/ul>\n<\/td>\n<\/tr>\n<\/tbody>\n<\/table>\n<\/div>\n<\/div>","protected":false},"excerpt":{"rendered":"<p>Auk\u0161\u010diausios klas\u0117s \u0161ilumos siurblys Oras-Oras<\/p>","protected":false},"featured_media":7621,"template":"","meta":{"om_disable_all_campaigns":false,"_monsterinsights_skip_tracking":false,"_monsterinsights_sitenote_active":false,"_monsterinsights_sitenote_note":"","_monsterinsights_sitenote_category":0},"product_brand":[794],"product_cat":[103],"product_tag":[],"class_list":{"0":"post-7688","1":"product","2":"type-product","3":"status-publish","4":"has-post-thumbnail","6":"product_brand-lg","7":"product_cat-oro-kondicionieriai-oras-oras","8":"pa_galingumas-3-5-4-0","10":"first","11":"instock","12":"purchasable","13":"product-type-simple"},"aioseo_notices":[],"_links":{"self":[{"href":"https:\/\/izopaga.lt\/en\/wp-json\/wp\/v2\/product\/7688","targetHints":{"allow":["GET"]}}],"collection":[{"href":"https:\/\/izopaga.lt\/en\/wp-json\/wp\/v2\/product"}],"about":[{"href":"https:\/\/izopaga.lt\/en\/wp-json\/wp\/v2\/types\/product"}],"wp:featuredmedia":[{"embeddable":true,"href":"https:\/\/izopaga.lt\/en\/wp-json\/wp\/v2\/media\/7621"}],"wp:attachment":[{"href":"https:\/\/izopaga.lt\/en\/wp-json\/wp\/v2\/media?parent=7688"}],"wp:term":[{"taxonomy":"product_brand","embeddable":true,"href":"https:\/\/izopaga.lt\/en\/wp-json\/wp\/v2\/product_brand?post=7688"},{"taxonomy":"product_cat","embeddable":true,"href":"https:\/\/izopaga.lt\/en\/wp-json\/wp\/v2\/product_cat?post=7688"},{"taxonomy":"product_tag","embeddable":true,"href":"https:\/\/izopaga.lt\/en\/wp-json\/wp\/v2\/product_tag?post=7688"}],"curies":[{"name":"wp","href":"https:\/\/api.w.org\/{rel}","templated":true}]}}