{"id":7689,"date":"2026-04-08T16:40:52","date_gmt":"2026-04-08T13:40:52","guid":{"rendered":"https:\/\/izopaga.lt\/produktai\/sieninis-oro-kondicionierius-lg-standard-plus-r32-wi-fi-2-5-3-3\/"},"modified":"2026-04-08T16:40:53","modified_gmt":"2026-04-08T13:40:53","slug":"sieninis-oro-kondicionierius-lg-standard-plus-r32-wi-fi-2-5-3-3","status":"publish","type":"product","link":"https:\/\/izopaga.lt\/en\/produktai\/sieninis-oro-kondicionierius-lg-standard-plus-r32-wi-fi-2-5-3-3\/","title":{"rendered":"Sieninis oro kondicionierius LG, Standard Plus R32 Wi-Fi, 2.5\/3.3"},"content":{"rendered":"<div class=\"desc_block\">\n<div class=\"container-fluid\">\n<div class=\"row\">\n<div class=\"info_block col-xs-12 col-md-4 col-lg-3\">Penkios buitini\u0173 kondicionieri\u0173 serijos kiekvieno skoniui ir poreikiams<\/div>\n<div class=\"info_block col-xs-12 col-md-4 col-lg-3\">Visapusi&scaron;kas, &scaron;iuolaikinio dizaino vidaus blokas<\/div>\n<div class=\"info_block col-xs-12 col-md-4 col-lg-3\">Auk&scaron;\u010diausios energijos klas\u0117s<\/div>\n<div class=\"info_block col-xs-12 col-md-4 col-lg-3\">Ypa\u010d efektyvus &bdquo;\u017ealiasis&ldquo; R32 tipo &scaron;altne&scaron;is<\/div>\n<div class=\"info_block col-xs-12 col-md-4 col-lg-3\">10 met\u0173 gamintojo garantija kompresoriams<\/div>\n<div class=\"info_block col-xs-12 col-md-4 col-lg-3\">Valdymas su Wi-Fi funkcija<\/div>\n<div class=\"info_block col-xs-12 col-md-4 col-lg-3\">Itin greitas v\u0117sinimas bei pri&scaron;ildymas<\/div>\n<div class=\"info_block col-xs-12 col-md-4 col-lg-3\">Komforto ir tylos re\u017eimai<\/div>\n<div class=\"info_block col-xs-12 col-md-4 col-lg-3\">Dualcool modelis du viename &#8211; oro kondicionierius ir oro valymo \u012frenginys su u\u017eter&scaron;tumo indikacija<\/div>\n<\/div>\n<\/div>\n<\/div>\n<div class=\"desc_block photo_right\">\n<div class=\"container-fluid\"><\/p>\n<table>\n<tbody>\n<tr>\n<td>\n<h3>LG Electronics oro&nbsp; kondicionieriai<\/h3>\n<p style=\"text-align: justify;\">Skirtingai nuo daugumos buitin\u0117s technikos, LG Electronics oro kondicionieriai yra suprojektuoti kaip funkcinis menas &#8211; &scaron;iuolaiki&scaron;ki, stilingi ir eleganti&scaron;ki. LG patrauklus dizainas yra neprilygstamas j\u016bs\u0173 nam\u0173 stiliaus papildymas ir puikiai tiks bet kokiam kambariui.<\/p>\n<p>Susipa\u017einkite su technologijomis, naudojamomis LG Electronics kondicionieriuose bei Oras-Oras &scaron;ilumos siurbliuose.<\/p>\n<\/td>\n<td><iframe src=\"https:\/\/www.youtube-nocookie.com\/embed\/cNagebutA-k?vq=hd1080&amp;modestbranding=1&amp;showinfo=0&amp;rel=0&amp;iv_load_policy=3&amp;theme=light&amp;color=white\" frameborder=\"0\" width=\"600\" height=\"338\"><\/iframe><\/td>\n<\/tr>\n<\/tbody>\n<\/table>\n<\/div>\n<\/div>\n<div class=\"desc_block photo_left\">\n<div class=\"container-fluid\">\n<table>\n<tbody>\n<tr>\n<td><img decoding=\"async\" src=\"https:\/\/www.jaukurai.lt\/files\/uploaded\/LG\/lg-r32_600x345_min.jpg\" alt=\"LG R32 Green Refrigerant\" \/><\/td>\n<td>\n<h3>Draugi&scaron;kas aplinkai&nbsp;&scaron;altne&scaron;is R32<\/h3>\n<p style=\"text-align: justify;\">R32 yra ekologi&scaron;kas&nbsp;ir labai efektyvus &bdquo;Go Green&ldquo; &#8211; &bdquo;\u017daliasis&ldquo; &scaron;altne&scaron;is.<\/p>\n<p style=\"text-align: justify;\">&Scaron;io tipo &scaron;altne&scaron;is suk\u0117l\u0117 tikr\u0105 prover\u017e\u012f &Scaron;VOK&nbsp;pasaulyje.<\/p>\n<p style=\"text-align: justify;\">Didel\u012f energijos efektyvum\u0105 rodo tai, kad R32 tipo &scaron;altne&scaron;io reikia 15% ma\u017eiau, nei iki &scaron;iol pla\u010diai naudoto R410 tipo &scaron;altne&scaron;io toms pa\u010dioms funkcijoms atlikti.<\/p>\n<p style=\"text-align: justify;\">R32 visuotinio at&scaron;ilimo potencialo (GWP) rodiklis yra 675,&nbsp; arba net 70 procent\u0173 ma\u017eesnis&nbsp;nei R410A. Be to, R32 ozono sluoksnio i&scaron;eikvojimo potencialas (ODP) yra lygus nuliui. Kadangi R32&nbsp;sud\u0117tyje tik vienas komponentas,&nbsp;j\u012f patogiau, lengviau ir saugiau naudoti bei perdirbti.<\/p>\n<p style=\"text-align: justify;\">Nuo &scaron;iol vis\u0173 LG Electronics kondicionieri\u0173 bei &scaron;ilumos siurbli\u0173 gamyklinis u\u017epildas yra itin efektyvus ir ekologi&scaron;kas &bdquo;\u017ealiasis&ldquo; R32 &scaron;altne&scaron;is.<\/p>\n<\/td>\n<\/tr>\n<\/tbody>\n<\/table>\n<\/div>\n<\/div>\n<div class=\"desc_block photo_right\">\n<div class=\"container-fluid\">\n<table>\n<tbody>\n<tr>\n<td>\n<h3>Tai taip pat leid\u017eia sutaupyti elektros energijos<\/h3>\n<p style=\"text-align: justify;\">Jau vien ekologi&scaron;ko bei itin efektyvaus R32 &scaron;altne&scaron;io panaudojimas rei&scaron;kia, jog tam pa\u010diam rezultatui pasiekti reik\u0117s ma\u017eiau elektros energijos.<\/p>\n<p style=\"text-align: justify;\">Ta\u010diau LG Electronics vien tik tuo neapsiriboja &#8211;<\/p>\n<h3>LG Inverter<\/h3>\n<p style=\"text-align: justify;\"><span>LG revoliucin\u0117 &bdquo;Inverter&ldquo; technologija pasi\u017eymi galingu, bet tyliu veikimu, tuo pa\u010diu ma\u017eu energijos suvartojimu. Kompresorius su &bdquo;Inverter&ldquo; technologija sukasi ma\u017eesniu grei\u010diu ir su didesniu stabilumu, taip sutapydamas iki 70% elektros energijos.<\/span><\/p>\n<p style=\"text-align: justify;\"><span>Kondicionieriai veikia tyliai, nes juose esantis unikalus \u012fstri\u017eas ventiliatorius ir &bdquo;BLDC&ldquo; variklio technologija pa&scaron;alina nereikaling\u0105 triuk&scaron;m\u0105 ir leid\u017eia skland\u017eiai veikti. Kai kuri\u0173 modeli\u0173 veikimo metu keliamo garso lygis nevir&scaron;ija 19 dB(A)!<\/span><\/p>\n<\/td>\n<td><iframe src=\"https:\/\/www.youtube.com\/embed\/iHkhbtLcihs?vq=hd1080&amp;modestbranding=1&amp;showinfo=0&amp;rel=0&amp;iv_load_policy=3&amp;theme=light&amp;color=white\" frameborder=\"0\" width=\"600\" height=\"338\"><span id=\"CmCaReT\"><\/span><\/iframe><\/td>\n<\/tr>\n<\/tbody>\n<\/table>\n<\/div>\n<\/div>\n<div class=\"desc_block photo_left\">\n<div class=\"container-fluid\">\n<table>\n<tbody>\n<tr>\n<td><iframe src=\"https:\/\/www.youtube.com\/embed\/orGHYui-eFE?vq=hd1080&amp;modestbranding=1&amp;showinfo=0&amp;rel=0&amp;iv_load_policy=3&amp;theme=light&amp;color=white\" frameborder=\"0\" width=\"600\" height=\"338\"><\/iframe><\/td>\n<td>\n<h3>M\u0117gaukit\u0117s &scaron;variu oru su &bdquo;Plasmaster Ionizer&ldquo;<\/h3>\n<p style=\"text-align: justify;\"><span>&Scaron;i funkcija, kuri\u0105 rasite LG kondicionieri\u0173 serijose Deluxe ir Artcool Mirror bei &scaron;ilumos siurbli\u0173 Oras-Oras serijoje Prestige Nordic, r\u016bpinasi J\u016bs\u0173 nam\u0173 oro kokybe.<\/span><\/p>\n<p style=\"text-align: justify;\"><span>Efektyvus plazmos jonizatorius apsaugo patalp\u0105 nuo blog\u0173 kvap\u0173 ir kenksming\u0173 daleli\u0173 bei bakterij\u0173, d\u0117l jame esan\u010di\u0173 daugiau nei 3 milijon\u0173 jon\u0173, kurie sterilizuoja ne tik or\u0105, praeinant\u012f per oro kondicionieri\u0173, bet ir patalpoje esan\u010dius pavir&scaron;ius.<\/span><\/p>\n<p style=\"text-align: justify;\"><span>\u012erodyta, kad &scaron;is jonizatorius per 60 minu\u010di\u0173 sterilizuoja net iki 99 % bakterij\u0173. Dvigubas apsauginis filtras sulaiko didesnes nei 10&micro;m dyd\u017eio dulkes ir bakterijas.<\/span><\/p>\n<h3>Gold Fin&trade; &#8211; &scaron;ilumokai\u010dio &scaron;vara<\/h3>\n<p style=\"text-align: justify;\"><span>Veiksminga automatinio valymosi funkcija neleid\u017eia formuotis bakterijoms ir pel\u0117siui ant kondicionieriuje esan\u010dio &scaron;ilumokai\u010dio. &bdquo;Gold Fin&trade;&ldquo; apdaila &scaron;ilumokai\u010dio pavir&scaron;i\u0173 padaro atsparesniu korozijai, didindama jo patvarum\u0105. <\/span><\/p>\n<\/td>\n<\/tr>\n<\/tbody>\n<\/table>\n<\/div>\n<\/div>\n<div class=\"desc_block photo_right\">\n<div class=\"container-fluid\">\n<table>\n<tbody>\n<tr>\n<td>\n<h3>Valdykite i&scaron;maniai<\/h3>\n<p style=\"text-align: justify;\"><span>LG kondicionieri\u0173 serijos Standard Plus, Deluxe, Artcool Mirror bei &scaron;ilumos siurbli\u0173 Oras-Oras serija Prestige Nordic turi \u012fmontuot\u0105 Wi-Fi modul\u012f.<\/span><\/p>\n<p style=\"text-align: justify;\"><span>Jo pagalba valdykite savo oro kondicionierius naudodami &bdquo;Android&ldquo; arba &bdquo;iOS&ldquo; operacines sistemas palaikan\u010dius i&scaron;maniuosius telefonus. Tereikia parsisi\u0173sti &bdquo;LG SmartThinQ&ldquo; program\u0117l\u0119 ir kiekvienas j\u016bs\u0173 &scaron;eimos narys gal\u0117s keisti oro kondicionieriaus nustatymus, kuriuos galima i&scaron;saugoti ir bet kada v\u0117liau paleisti. &Scaron;ie parametrai taip pat gali b\u016bti kei\u010diami ir i&scaron;saugoti kiekvienam oro kondicionieriui atskirai.<\/span><\/p>\n<\/td>\n<td><iframe src=\"https:\/\/www.youtube.com\/embed\/kA4kEfCzgeU?vq=hd1080&amp;modestbranding=1&amp;showinfo=0&amp;rel=0&amp;iv_load_policy=3&amp;theme=light&amp;color=white\" frameborder=\"0\" width=\"600\" height=\"338\"><\/iframe><\/td>\n<\/tr>\n<\/tbody>\n<\/table>\n<\/div>\n<\/div>\n<div class=\"desc_block photo_left\">\n<div class=\"container-fluid\">\n<table>\n<tbody>\n<tr>\n<td><img decoding=\"async\" src=\"https:\/\/www.jaukurai.lt\/files\/uploaded\/LG\/Jaukurai_01_Stylish-Design_Des_v1_600x345-min.jpg\" alt=\"Jaukurai LG kondicionierius Artcool Serie\" \/><\/td>\n<td>\n<h3>LG kondicionier\u0173 serijos<\/h3>\n<p style=\"text-align: justify;\">Yra penkios buitini\u0173 kondicionieri\u0173 serijos:<\/p>\n<ul>\n<li style=\"text-align: justify;\"><strong>Standard Plus<\/strong> &#8211; norintiems funkcionalaus paprastumo&nbsp;<\/li>\n<li style=\"text-align: justify;\"><strong>Dualcool<\/strong> &#8211; kondicionierius ir oro filtravimo sistema viename, norintiems &scaron;varaus ir gaivaus oro;<\/li>\n<li style=\"text-align: justify;\"><strong>Deluxe<\/strong> &#8211; auk&scaron;\u010diausia klas\u0117<\/li>\n<li style=\"text-align: justify;\"><strong>Artcool Mirror<\/strong> &#8211; tobulas gro\u017eis J\u016bs\u0173 namams<\/li>\n<li style=\"text-align: justify;\"><strong>Artcool Gallery<\/strong> &#8211; tik i&scaron; jo skleid\u017eiamos v\u0117sos suprasite, jog tai ne paveikslas<\/li>\n<\/ul>\n<p>&Scaron;ioje gamoje taip pat yra &scaron;ilumos siurblys Oras-Oras <strong>Prestige<\/strong> Nordic.<\/p>\n<\/td>\n<\/tr>\n<\/tbody>\n<\/table>\n<\/div>\n<\/div>\n<div class=\"desc_block photo_left\">\n<div class=\"container-fluid\">\n<table>\n<tbody>\n<tr>\n<td><img decoding=\"async\" src=\"https:\/\/www.jaukurai.lt\/files\/uploaded\/LG\/StandardPlus_600x345-min.png\" alt=\"Jaukurai LG Standard Plus\" \/><\/td>\n<td>\n<h3>LG Standard Plus<\/h3>\n<p style=\"text-align: justify;\">Naujasis Standard Plus yra kompakti&scaron;kas, bet galingas paprasto ir patogaus dizaino v\u0117sinimo \u012frenginys.<\/p>\n<ul>\n<li style=\"text-align: justify;\">Visapusi&scaron;kas, &scaron;iuolaikinio dizaino vidaus blokas<\/li>\n<li style=\"text-align: justify;\">10 met\u0173 gamintojo garantija kompresoriams<\/li>\n<li style=\"text-align: justify;\">Valdymas su Wi-Fi funkcija<\/li>\n<li style=\"text-align: justify;\">&bdquo;Smart Diagnosis&ldquo; savidiagnostikos sistema<\/li>\n<li style=\"text-align: justify;\">Energijos sunaudojimo rodmenys &bdquo;Energy Display&ldquo;<\/li>\n<li style=\"text-align: justify;\">Automatin\u0117 i&scaron;sivalymo funkcija &bdquo;Auto Cleaning&ldquo;<\/li>\n<li style=\"text-align: justify;\">Itin greitas v\u0117sinimas &bdquo;Jet Cool&ldquo; bei greitas pri&scaron;ildymas<\/li>\n<li style=\"text-align: justify;\">Komforto ir tylos funkcijos<\/li>\n<li style=\"text-align: justify;\">Veikimo metu keliamo garso lygis nevir&scaron;ija 19 dB(A) (tik PC09SQ ir PC12SQ modeliuose)<\/li>\n<li style=\"text-align: justify;\">4D oro srauto paskirstymas<\/li>\n<li style=\"text-align: justify;\"><strong>V\u0117sinimas esant lauko temperat\u016brai nuo -10&deg;C iki 48&deg;C<\/strong><\/li>\n<li style=\"text-align: justify;\"><strong>&Scaron;ildymas esant lauko temperat\u016brai nuo -10&deg;C iki 24&deg;C<\/strong><\/li>\n<\/ul>\n<\/td>\n<\/tr>\n<\/tbody>\n<\/table>\n<\/div>\n<\/div>\n<div class=\"desc_block photo_right\">\n<div class=\"container-fluid\">\n<table>\n<tbody>\n<tr>\n<td>\n<h3>LG Dualcool<\/h3>\n<p style=\"text-align: justify;\">Puikus sprendimas u\u017etikrinant gaiv\u0173 ir &scaron;var\u0173 or\u0105.<\/p>\n<ul>\n<li style=\"text-align: justify;\">Oro valymo funkcija su u\u017eter&scaron;tumo indikacija, matome koks yra oras patalpoje, bei kai jis tampa &scaron;varus<\/li>\n<li style=\"text-align: justify;\">Visapusi&scaron;kas, &scaron;iuolaikinio dizaino vidaus blokas<\/li>\n<li style=\"text-align: justify;\">10 met\u0173 gamintojo garantija kompresoriams<\/li>\n<li style=\"text-align: justify;\">Valdymas su Wi-Fi funkcija<\/li>\n<li style=\"text-align: justify;\">&bdquo;Smart Diagnosis&ldquo; savidiagnostikos sistema<\/li>\n<li style=\"text-align: justify;\">Energijos sunaudojimo rodmenys &bdquo;Energy Display&ldquo;<\/li>\n<li style=\"text-align: justify;\">Automatin\u0117 i&scaron;sivalymo funkcija &bdquo;Auto Cleaning&ldquo;<\/li>\n<li style=\"text-align: justify;\">Itin greitas v\u0117sinimas &bdquo;Jet Cool&ldquo; bei greitas pri&scaron;ildymas<\/li>\n<li style=\"text-align: justify;\">Komforto ir tylos funkcijos<\/li>\n<li style=\"text-align: justify;\">Veikimo metu keliamo garso lygis nevir&scaron;ija 20 dB(A)<\/li>\n<li style=\"text-align: justify;\">4D oro srauto paskirstymas<\/li>\n<li style=\"text-align: justify;\"><strong>V\u0117sinimas esant lauko temperat\u016brai nuo -10&deg;C iki 48&deg;C<\/strong><\/li>\n<li style=\"text-align: justify;\"><strong>&Scaron;ildymas esant lauko temperat\u016brai nuo -10&deg;C iki 24&deg;C<\/strong><\/li>\n<\/ul>\n<\/td>\n<td><img decoding=\"async\" src=\"https:\/\/www.jaukurai.lt\/files\/uploaded\/Jaukurai Lg dualcool kondicionierius (2).jpg\" alt=\"Jaukurai LG Dualcool\" \/><\/td>\n<\/tr>\n<\/tbody>\n<\/table>\n<\/div>\n<\/div>\n<div class=\"desc_block photo_left\">\n<div class=\"container-fluid\">\n<table>\n<tbody>\n<tr>\n<td><img decoding=\"async\" src=\"https:\/\/www.jaukurai.lt\/files\/uploaded\/LG\/Deluxe_600x345-min.png\" alt=\"Jaukurai LG Deluxe\" \/><\/td>\n<td>\n<h3>LG&nbsp;Deluxe<\/h3>\n<p style=\"text-align: justify;\">Funkci&scaron;kai pirmaujantis LG CAC gaminys, turintis visus esminius ir pagrindinius oro kondicionavimo sprendim\u0173 elementus.<\/p>\n<ul>\n<li style=\"text-align: justify;\">Visapusi&scaron;kas, &scaron;iuolaikinio dizaino vidaus blokas<\/li>\n<li style=\"text-align: justify;\">10 met\u0173 gamintojo garantija kompresoriams<\/li>\n<li style=\"text-align: justify;\">Valdymas su Wi-Fi funkcija<\/li>\n<li style=\"text-align: justify;\">&bdquo;Smart Diagnosis&ldquo; savidiagnostikos sistema<\/li>\n<li style=\"text-align: justify;\">Energijos sunaudojimo rodmenys &bdquo;Energy Display&ldquo;<\/li>\n<li style=\"text-align: justify;\">Automatin\u0117 i&scaron;sivalymo funkcija &bdquo;Auto Cleaning&ldquo;<\/li>\n<li style=\"text-align: justify;\">&bdquo;Plasmaster Ionizer<sup>plus<\/sup>&ldquo; oro valymo funkcija<\/li>\n<li style=\"text-align: justify;\">Itin greitas v\u0117sinimas &bdquo;Jet Cool&ldquo; bei greitas pri&scaron;ildymas<\/li>\n<li style=\"text-align: justify;\">Komforto ir tylos funkcijos<\/li>\n<li style=\"text-align: justify;\">Veikimo metu keliamo garso lygis nevir&scaron;ija 19 dB(A) (tik DC09RQ ir DC12RQ modeliuose)<\/li>\n<li style=\"text-align: justify;\">4D oro srauto paskirstymas<\/li>\n<li style=\"text-align: justify;\"><strong>V\u0117sinimas esant lauko temperat\u016brai nuo -15&deg;C iki 48&deg;C<\/strong><\/li>\n<li style=\"text-align: justify;\"><strong>&Scaron;ildymas esant lauko temperat\u016brai nuo -15&deg;C iki 24&deg;C<\/strong><\/li>\n<\/ul>\n<\/td>\n<\/tr>\n<\/tbody>\n<\/table>\n<\/div>\n<\/div>\n<div class=\"desc_block photo_right\">\n<div class=\"container-fluid\">\n<table>\n<tbody>\n<tr>\n<td>\n<h3>LG Artcool Mirror<\/h3>\n<p style=\"text-align: justify;\">Pa\u010dios geriausios oro kondicionavimo savyb\u0117s, suderintos su &scaron;iuolaikin\u0117mis linijomis bei klasikiniu dizainu.<\/p>\n<ul>\n<li style=\"text-align: justify;\">Visapusi&scaron;kas, &scaron;iuolaikinio dizaino vidaus blokas<\/li>\n<li style=\"text-align: justify;\">10 met\u0173 gamintojo garantija kompresoriams<\/li>\n<li style=\"text-align: justify;\">Valdymas su Wi-Fi funkcija<\/li>\n<li style=\"text-align: justify;\">&bdquo;Smart Diagnosis&ldquo; savidiagnostikos sistema<\/li>\n<li style=\"text-align: justify;\">Energijos sunaudojimo rodmenys &bdquo;Energy Display&ldquo;<\/li>\n<li style=\"text-align: justify;\">Automatin\u0117 i&scaron;sivalymo funkcija &bdquo;Auto Cleaning&ldquo;<\/li>\n<li style=\"text-align: justify;\">&bdquo;Plasmaster Ionizer<sup>plus<\/sup>&ldquo; oro valymo funkcija<\/li>\n<li style=\"text-align: justify;\">Itin greitas v\u0117sinimas &bdquo;Jet Cool&ldquo; bei greitas pri&scaron;ildymas<\/li>\n<li style=\"text-align: justify;\">Komforto ir tylos funkcijos<\/li>\n<li style=\"text-align: justify;\">Veikimo metu keliamo garso lygis nevir&scaron;ija 19 dB(A) (tik AB09BQ ir AB12BQ modeliuose)<\/li>\n<li style=\"text-align: justify;\">4D oro srauto paskirstymas<\/li>\n<li style=\"text-align: justify;\"><strong>V\u0117sinimas esant lauko temperat\u016brai nuo -10&deg;C iki 48&deg;C<\/strong><\/li>\n<li style=\"text-align: justify;\"><strong>&Scaron;ildymas esant lauko temperat\u016brai nuo -10&deg;C iki 24&deg;C<\/strong><\/li>\n<\/ul>\n<\/td>\n<td><img decoding=\"async\" src=\"https:\/\/www.jaukurai.lt\/files\/uploaded\/LG\/ArtcoolMirror_600x345-min.png\" alt=\"Jaukurai LG Artcool Mirror\" \/><\/td>\n<\/tr>\n<\/tbody>\n<\/table>\n<\/div>\n<\/div>\n<div class=\"desc_block photo_left\">\n<div class=\"container-fluid\">\n<table>\n<tbody>\n<tr>\n<td><img decoding=\"async\" src=\"https:\/\/www.jaukurai.lt\/files\/uploaded\/LG\/Artcool Gallery_600x345-min.png\" alt=\"Jaukurai LG Artcool Gallery\" \/><\/td>\n<td>\n<h3>LG Artcool Gallery<\/h3>\n<p style=\"text-align: justify;\">Galite patys nuspr\u0119sti, kaip tur\u0117t\u0173 atrodyti j\u016bs\u0173 oro kondicionierius.<\/p>\n<p style=\"text-align: justify;\">Su LG revoliucine Artcool Gallery serija galite pakeisti kondicionieriaus i&scaron;vaizd\u0105 kada tik norite ir kaip tik norite &#8211; tiesiog \u012fd\u0117kite reikalingo dyd\u017eio nuotrauk\u0105 ar reprodukcij\u0105.<\/p>\n<p style=\"text-align: justify;\"><span>Artcool<span>&nbsp;<\/span><\/span><span>Gallery<\/span> serijos kondicionieriai turi i&scaron;skirtin\u012f dizain\u0105 ir buvo apdovanoti Tarptautinio forumo dizaino apdovanojimais &bdquo;Reddot Design Award&ldquo; bei &bdquo;G Mark&ldquo;.<\/p>\n<ul>\n<li style=\"text-align: justify;\">10 met\u0173 gamintojo garantija kompresoriams<\/li>\n<li style=\"text-align: justify;\">Automatin\u0117 i&scaron;sivalymo funkcija &bdquo;Auto Cleaning&ldquo;<\/li>\n<li style=\"text-align: justify;\">Itin greitas v\u0117sinimas &bdquo;Jet Cool&ldquo; bei greitas pri&scaron;ildymas<\/li>\n<li style=\"text-align: justify;\">Tylos funkcija<\/li>\n<li style=\"text-align: justify;\">Veikimo metu keliamo garso lygis nevir&scaron;ija 19 dB(A)<\/li>\n<li style=\"text-align: justify;\">3D oro srauto paskirstymas<\/li>\n<li style=\"text-align: justify;\"><strong>V\u0117sinimas esant lauko temperat\u016brai nuo -10&deg;C iki 48&deg;C<\/strong><\/li>\n<li style=\"text-align: justify;\"><strong>&Scaron;ildymas esant lauko temperat\u016brai nuo -10&deg;C iki 24&deg;C<\/strong><\/li>\n<\/ul>\n<\/td>\n<\/tr>\n<\/tbody>\n<\/table>\n<\/div>\n<\/div>","protected":false},"excerpt":{"rendered":"<p>Ypa\u010d efektyvus sieninis kondicionierius su i\u0161oriniu bloku komplekte<\/p>","protected":false},"featured_media":7626,"template":"","meta":{"om_disable_all_campaigns":false,"_monsterinsights_skip_tracking":false,"_monsterinsights_sitenote_active":false,"_monsterinsights_sitenote_note":"","_monsterinsights_sitenote_category":0},"product_brand":[794],"product_cat":[],"product_tag":[],"class_list":{"0":"post-7689","1":"product","2":"type-product","3":"status-publish","4":"has-post-thumbnail","6":"product_brand-lg","7":"pa_galingumas-2-5-3-3","9":"first","10":"instock","11":"product-type-simple"},"aioseo_notices":[],"_links":{"self":[{"href":"https:\/\/izopaga.lt\/en\/wp-json\/wp\/v2\/product\/7689","targetHints":{"allow":["GET"]}}],"collection":[{"href":"https:\/\/izopaga.lt\/en\/wp-json\/wp\/v2\/product"}],"about":[{"href":"https:\/\/izopaga.lt\/en\/wp-json\/wp\/v2\/types\/product"}],"wp:featuredmedia":[{"embeddable":true,"href":"https:\/\/izopaga.lt\/en\/wp-json\/wp\/v2\/media\/7626"}],"wp:attachment":[{"href":"https:\/\/izopaga.lt\/en\/wp-json\/wp\/v2\/media?parent=7689"}],"wp:term":[{"taxonomy":"product_brand","embeddable":true,"href":"https:\/\/izopaga.lt\/en\/wp-json\/wp\/v2\/product_brand?post=7689"},{"taxonomy":"product_cat","embeddable":true,"href":"https:\/\/izopaga.lt\/en\/wp-json\/wp\/v2\/product_cat?post=7689"},{"taxonomy":"product_tag","embeddable":true,"href":"https:\/\/izopaga.lt\/en\/wp-json\/wp\/v2\/product_tag?post=7689"}],"curies":[{"name":"wp","href":"https:\/\/api.w.org\/{rel}","templated":true}]}}