{"id":7706,"date":"2026-04-08T16:40:52","date_gmt":"2026-04-08T13:40:52","guid":{"rendered":"https:\/\/izopaga.lt\/produktai\/sieninis-oro-kondicionierius-tcl-freshin-r32-wi-fi-3-7-3-9-su-sviezio-oro-tiekimo-is-lauko-funkcija-iki-60-m3-h\/"},"modified":"2026-04-08T16:53:35","modified_gmt":"2026-04-08T13:53:35","slug":"sieninis-oro-kondicionierius-tcl-freshin-r32-wi-fi-3-7-3-9-su-sviezio-oro-tiekimo-is-lauko-funkcija-iki-60-m3-h","status":"publish","type":"product","link":"https:\/\/izopaga.lt\/en\/produktai\/sieninis-oro-kondicionierius-tcl-freshin-r32-wi-fi-3-7-3-9-su-sviezio-oro-tiekimo-is-lauko-funkcija-iki-60-m3-h\/","title":{"rendered":"Sieninis oro kondicionierius TCL, FreshIN R32 Wi-Fi, 3.7\/3.9 su \u0161vie\u017eio oro tiekimo i\u0161 lauko funkcija (iki 60 m3\/h)"},"content":{"rendered":"<div class=\"desc_block photo_right\">\n<div class=\"container-fluid\">\n<p style=\"text-align: justify;\"><strong>Papildomai rekomenduojame u\u017esakyti standartinius oro kondicionieriaus montavimo darbus:<\/strong><\/p>\n<ul>\n<li style=\"text-align: justify;\">Taikomi&nbsp;SPLIT tipo (vienas i&scaron;orinis blokas ir vienas vidinis blokas) kondicionieriams:<\/li>\n<li style=\"text-align: justify;\">Montavimo auk&scaron;tis iki 3 metr\u0173<\/li>\n<li style=\"text-align: justify;\">Komunikacij\u0173 trasos ilgis iki 5 metr\u0173<\/li>\n<li style=\"text-align: justify;\">Viena siena tarp lauko ir vidinio blok\u0173<\/li>\n<\/ul>\n<p><strong>\u012e montavimo kain\u0105&nbsp;\u012fskai\u010diuotos montavimo med\u017eiagos:<\/strong><\/p>\n<ul>\n<li>Variniai 0.8 mm &scaron;altne&scaron;io vamzdeliai su izoliacija 5 metrai<\/li>\n<li>Kondensato vamzdelis 5 metrai<\/li>\n<li>Sieninis i&scaron;orinio bloko laikiklis<\/li>\n<\/ul>\n<p>Kitos med\u017eiagos ir montavimo priemon\u0117s, jei j\u0173 prireikt\u0173, apmokomos atskirai.<\/p>\n<\/div>\n<\/div>\n<div class=\"desc_block\">\n<div class=\"container-fluid\">\n<div class=\"row\">\n<div class=\"info_block col-xs-12 col-md-4 col-lg-3\">&Scaron;ildymo, v\u0117sinimo ir <strong>&scaron;vie\u017eio oro tiekimo<\/strong> funkcijos<\/div>\n<div class=\"info_block col-xs-12 col-md-4 col-lg-3\">I&scaron;orinio bloko pa&scaron;ildymo kabelis komplekte<\/div>\n<div class=\"info_block col-xs-12 col-md-4 col-lg-3\">Gentle grotel\u0117s, kuri\u0173 d\u0117ka oras paskirstomas itin kokybi&scaron;kai<\/div>\n<div class=\"info_block col-xs-12 col-md-4 col-lg-3\">Savaiminis i&scaron;sivalymas, dezinfekcija, sterilizacija<\/div>\n<div class=\"info_block col-xs-12 col-md-4 col-lg-3\">Itin greitas atv\u0117sinimas ar &scaron;ildymas su funkcija 30&#039; ar 60&#039;<\/div>\n<div class=\"info_block col-xs-12 col-md-4 col-lg-3\">WI-FI modulis integruotas, galimyb\u0117 valdyti nuotoliniu b\u016bdu<\/div>\n<div class=\"info_block col-xs-12 col-md-4 col-lg-3\">Nuotolinis valdymo pultas<\/div>\n<div class=\"info_block col-xs-12 col-md-4 col-lg-3\">Naujos kartos R32 &scaron;aldymo agentas<\/div>\n<div class=\"info_block col-xs-12 col-md-4 col-lg-3\">Ypa\u010d tylus darbas<\/div>\n<div class=\"info_block col-xs-12 col-md-4 col-lg-3\">Auk&scaron;ta energetin\u0117 klas\u0117 A+++\/A++<\/div>\n<div class=\"info_block col-xs-12 col-md-4 col-lg-3\">Itin pla\u010diai reguliuojama oro srauto kryptis<\/div>\n<div class=\"info_block col-xs-12 col-md-4 col-lg-3\">Dirba net ir esant iki 60<span>&deg;C<\/span> oro temperat\u016bros<\/div>\n<\/div>\n<\/div>\n<\/div>\n<div class=\"desc_block photo_right\">\n<div class=\"container-fluid\">\n<table>\n<tbody>\n<tr>\n<td>\n<h3>TCL&nbsp;FreshIN sieniniai oro kondicionieriai<\/h3>\n<p>TCL FreshIN &#8211; tai naujausi\u0173 technologij\u0173 bei geros kokyb\u0117s \u012frenginio u\u017e patraukli\u0105 kain\u0105 derinys. FreshIN modelio i&scaron;skirtinumas &#8211; mini rekuperatorius, kurio d\u0117ka \u012f patalp\u0105 tiekiamas oras i&scaron; lauko (iki 60 m3\/h).<\/p>\n<p>Jie i&scaron;siskiria stilingu dizainu ir itin auk&scaron;ta A +++ \/ A ++ energijos klase.<\/p>\n<p>Prietaisai apr\u016bpinti daugybe &scaron;iuolaikini\u0173 funkcij\u0173, gerinan\u010di\u0173 vartotoj\u0173 komfort\u0105 kambaryje, tarp kuri\u0173 yra: &bdquo;I Feel&ldquo;, &bdquo;I Set&ldquo;, &bdquo;Anti-Cold&ldquo;, &bdquo;Shutter Memory&ldquo; ar &bdquo;Autorestart&ldquo;.<\/p>\n<\/td>\n<td><img decoding=\"async\" src=\"https:\/\/www.jaukurai.lt\/files\/uploaded\/TCL\/Fresh Air\/Jaukurai_FreshIN-01_600x345.jpg\" alt=\"Jaukurai Naujiena TCL Fresh Air su mini rekuperatoriumi\" \/><\/td>\n<\/tr>\n<\/tbody>\n<\/table>\n<\/div>\n<\/div>\n<div class=\"desc_block photo_right\">\n<div class=\"container-fluid\">\n<table>\n<tbody>\n<tr>\n<td><img decoding=\"async\" src=\"https:\/\/www.jaukurai.lt\/files\/uploaded\/TCL\/Fresh Air\/Jaukurai_Smart_Control-02_600x345.jpg\" alt=\"Jaukurai Naujiena TCL Fresh Air su mini rekuperatoriumi\" \/><\/td>\n<td>\n<h3>I&scaron;manus nuotolinis Wi-Fi valdymas&nbsp;<\/h3>\n<p>&bdquo;Wi-Fi&ldquo; modulis leid\u017eia nuotoliniu b\u016bdu valdyti \u012frengin\u012f i&scaron; bet kurios vietos internetu. &Scaron;is sprendimas leid\u017eia nuolat steb\u0117ti \u012frengin\u012f, nepriklausomai nuo to, kur yra vartotojas.<\/p>\n<p>Naudodami program\u0105 galime nustatyti norim\u0105 temperat\u016br\u0105, perjungti \u012frenginio veikimo r\u0117\u017eim\u0105, pakeisti ventiliatoriaus greit\u012f ar suplanuoti kiekvienos dienos oro kondicionieriaus tvarkara&scaron;t\u012f.<\/p>\n<\/td>\n<\/tr>\n<\/tbody>\n<\/table>\n<\/div>\n<\/div>\n<div class=\"desc_block photo_right\">\n<div class=\"container-fluid\">\n<table>\n<tbody>\n<tr>\n<td>\n<h3>Ma\u017eiau bakterij\u0173 ir virus\u0173 su itin lengva prie\u017ei\u016bra<\/h3>\n<p>Savaiminio valymo funkcija leid\u017eia lengvai ir be r\u016bpes\u010di\u0173 palaikyti &scaron;var\u0105 oro kondicionieriaus kasdieniame darbe, tuo pa\u010diu panaikinant daugel\u012f bakterij\u0173 susidarymo &scaron;altini\u0173.<\/p>\n<p>Ma\u017edaug 30 minu\u010di\u0173 trukm\u0117s programa efektyviai pa&scaron;alina ne&scaron;varumus ir bakterijas atlikdama garintuvo veiksmus.<\/p>\n<p>Pirmasis etapas yra 16 minu\u010di\u0173 trukm\u0117s u\u017e&scaron;aldymo garintuvas, kuris efektyviai sunaikina visas bakterijas ir mikrobus. Antrasis etapas yra garintuvo atitirpinimas 15 minu\u010di\u0173, po kurio greitai d\u017eiovinamas ir sterilizuojamas kondicionieriaus vidus 55 &deg; C temperat\u016broje.<\/p>\n<\/td>\n<td><iframe src=\"https:\/\/www.youtube.com\/embed\/J5uSIxdMpPI?vq=hd1080&amp;modestbranding=1&amp;showinfo=0&amp;rel=0&amp;cc_load_policy=1&amp;iv_load_policy=3&amp;theme=light&amp;color=white\" frameborder=\"0\" width=\"600\" height=\"338\"><\/iframe><\/td>\n<\/tr>\n<\/tbody>\n<\/table>\n<\/div>\n<\/div>\n<div class=\"desc_block photo_right\">\n<div class=\"container-fluid\">\n<table>\n<tbody>\n<tr>\n<td><iframe src=\"https:\/\/www.youtube.com\/embed\/wANmPAt5qls?vq=hd1080&amp;modestbranding=1&amp;showinfo=0&amp;rel=0&amp;cc_load_policy=1&amp;iv_load_policy=3&amp;theme=light&amp;color=white\" frameborder=\"0\" width=\"600\" height=\"338\"><\/iframe><\/td>\n<td>\n<h3>Tylus veikimas<\/h3>\n<p>D\u0117l unikalaus vidinio bloko dizaino, prietaisas tapo tylesnis 1-2 dB. D\u0117l to TCL oro kondicionierius veikia taip tyliai, kaip \u017emogaus &scaron;nab\u017edesys.<\/p>\n<h3>Saugi konstrukcija<\/h3>\n<p>Kondensato nutekamieji kanalai suprojektuoti taip, kad netur\u0117t\u0173 s\u0105ly\u010dio su elektronin\u0117mis dalimis, d\u0117l to n\u0117ra u\u017eliejimo, trumpojo jungimo ar kitokio apgadinimo pavojaus.<\/p>\n<p>Apgalvota prietaiso&nbsp;konstrukcija u\u017etikrina visi&scaron;k\u0105 naudojimo saugum\u0105. Naudojama BMC med\u017eiaga pasi\u017eymi ypa\u010d dideliu atsparumu kar&scaron;\u010diui ir mechaniniams pa\u017eeidimams. D\u0117l to elektronika ir pats prietaisas yra tinkamai apsaugoti.<\/p>\n<\/td>\n<\/tr>\n<\/tbody>\n<\/table>\n<\/div>\n<\/div>\n<div class=\"desc_block photo_right\">\n<div class=\"container-fluid\">\n<table>\n<tbody>\n<tr>\n<td>\n<h3>Kokybi&scaron;kas oro paskirstymas<\/h3>\n<p style=\"text-align: justify;\">V\u0117sinimo r\u0117\u017eime v\u0117sus oras pu\u010dia link lub\u0173, tod\u0117l v\u0117sina gaivus krentantis v\u0117jas.<\/p>\n<p style=\"text-align: justify;\">&Scaron;ildymo r\u0117\u017eimu &scaron;iltas oras pu\u010dia link grind\u0173, kad tolygiai pakilt\u0173 ir u\u017epildyt\u0173 vis\u0105 kambar\u012f &scaron;iltu oru.<\/p>\n<h3>I&scaron;manus Gentle oro tiekimas<\/h3>\n<p style=\"text-align: justify;\">Atraskite &bdquo;Gentle Breeze&ldquo; technologij\u0105 &#8211; d\u0117ka 1443 mikro skylu\u010di\u0173 TCL Ocarina oro kondicionieriai pasiekia norim\u0105 temperat\u016br\u0105 BE V\u0116JO. &Scaron;i technologija suma\u017eina v\u0117jo sraut\u0105 ir paskleid\u017eia gaiv\u0105 ar &scaron;ilum\u0105 tolygiai visoje patalpoje ir sukuria malon\u0173 v\u0117saus du&scaron;o efekt\u0105.<\/p>\n<p style=\"text-align: justify;\">V\u0117sa paskleid\u017eiama patalpos vir&scaron;uje ir maloniai krenta per vis\u0105 plot\u0105, o &scaron;iluma skleid\u017eiama nuo grind\u0173 ir kyla \u012f vir&scaron;\u0173.<\/p>\n<p style=\"text-align: justify;\">Reikiam\u0105 v\u0117sinimo temperat\u016br\u0105 TCL Ocarina pasiekia per 30 sekund\u017ei\u0173.&nbsp;Reikiam\u0105 &scaron;ildymo temperat\u016br\u0105 &#8211; per 60 sekund\u017ei\u0173.<\/p>\n<\/td>\n<td><img decoding=\"async\" src=\"https:\/\/www.jaukurai.lt\/files\/uploaded\/TCL\/Fresh Air\/Temperature_Balancing_600x345.jpg\" alt=\"Jaukurai Naujiena TCL Fresh Air su mini rekuperatoriumi\" \/><\/td>\n<\/tr>\n<\/tbody>\n<\/table>\n<\/div>\n<\/div>\n<div class=\"desc_block photo_left\">\n<div class=\"container-fluid\">\n<table>\n<tbody>\n<tr>\n<td><iframe src=\"https:\/\/www.youtube.com\/embed\/yyNsi-8u9e8?vq=hd1080&amp;modestbranding=1&amp;showinfo=0&amp;rel=0&amp;cc_load_policy=1&amp;iv_load_policy=3&amp;theme=light&amp;color=white\" frameborder=\"0\" width=\"600\" height=\"338\"><\/iframe><\/td>\n<td>\n<h3>Greito paleidimo funkcija<\/h3>\n<p style=\"text-align: justify;\">I&scaron;skirtinai &scaron;is TCL modelis turi greito paleidimo funkcij\u0105, kuri leid\u017eia pasiekti norim\u0105 v\u0117sinimo tiekiam\u0105 temperat\u016br\u0105 per 30 sekund\u017ei\u0173, o &scaron;ildymo tiekimo temperat\u016br\u0105 per 60 sekund\u017ei\u0173.<\/p>\n<h3>Darbas ekstremaliomis s\u0105lygomis<\/h3>\n<p style=\"text-align: justify;\">&Scaron;is kondicionierius pilnai i&scaron;laiko v\u0117sinimo gali\u0105 kai lauke net 50<span>&deg; C<\/span> temperat\u016bra, o esant 60<span>&deg;C<\/span> dar turi daugiau nei pus\u0117 galios.<\/p>\n<p style=\"text-align: justify;\">Tai parodo itin didel\u012f efektyvum\u0105 bet kokiomis s\u0105lygomis.<\/p>\n<\/td>\n<\/tr>\n<\/tbody>\n<\/table>\n<\/div>\n<\/div>","protected":false},"excerpt":{"rendered":"<p>Sieninis kondicionierius su i\u0161oriniu bloku komplekte<\/p>","protected":false},"featured_media":7657,"template":"","meta":{"om_disable_all_campaigns":false,"_monsterinsights_skip_tracking":false,"_monsterinsights_sitenote_active":false,"_monsterinsights_sitenote_note":"","_monsterinsights_sitenote_category":0},"product_brand":[795],"product_cat":[103],"product_tag":[],"class_list":{"0":"post-7706","1":"product","2":"type-product","3":"status-publish","4":"has-post-thumbnail","6":"product_brand-tcl","7":"product_cat-oro-kondicionieriai-oras-oras","8":"pa_galingumas-3-63-1-0-4-5","10":"first","11":"instock","12":"product-type-simple"},"aioseo_notices":[],"_links":{"self":[{"href":"https:\/\/izopaga.lt\/en\/wp-json\/wp\/v2\/product\/7706","targetHints":{"allow":["GET"]}}],"collection":[{"href":"https:\/\/izopaga.lt\/en\/wp-json\/wp\/v2\/product"}],"about":[{"href":"https:\/\/izopaga.lt\/en\/wp-json\/wp\/v2\/types\/product"}],"wp:featuredmedia":[{"embeddable":true,"href":"https:\/\/izopaga.lt\/en\/wp-json\/wp\/v2\/media\/7657"}],"wp:attachment":[{"href":"https:\/\/izopaga.lt\/en\/wp-json\/wp\/v2\/media?parent=7706"}],"wp:term":[{"taxonomy":"product_brand","embeddable":true,"href":"https:\/\/izopaga.lt\/en\/wp-json\/wp\/v2\/product_brand?post=7706"},{"taxonomy":"product_cat","embeddable":true,"href":"https:\/\/izopaga.lt\/en\/wp-json\/wp\/v2\/product_cat?post=7706"},{"taxonomy":"product_tag","embeddable":true,"href":"https:\/\/izopaga.lt\/en\/wp-json\/wp\/v2\/product_tag?post=7706"}],"curies":[{"name":"wp","href":"https:\/\/api.w.org\/{rel}","templated":true}]}}