{"id":7709,"date":"2026-04-08T16:40:57","date_gmt":"2026-04-08T13:40:57","guid":{"rendered":"https:\/\/izopaga.lt\/produktai\/sieninis-oro-kondicionierius-lg-standard-6-6-7-5\/"},"modified":"2026-04-08T16:53:19","modified_gmt":"2026-04-08T13:53:19","slug":"sieninis-oro-kondicionierius-lg-standard-6-6-7-5","status":"publish","type":"product","link":"https:\/\/izopaga.lt\/en\/produktai\/sieninis-oro-kondicionierius-lg-standard-6-6-7-5\/","title":{"rendered":"Sieninis oro kondicionierius LG Standard, 6.6\/7.5"},"content":{"rendered":"<div class=\"desc_block\">\n<div class=\"container-fluid\">\n<div class=\"row\">\n<div class=\"info_block col-xs-12 col-md-4 col-lg-3\">Visapusi&scaron;kas, &scaron;iuolaikinio dizaino vidaus blokas<\/div>\n<div class=\"info_block col-xs-12 col-md-4 col-lg-3\">Auk&scaron;\u010diausios energijos klas\u0117s<\/div>\n<div class=\"info_block col-xs-12 col-md-4 col-lg-3\">Ypa\u010d efektyvus &bdquo;\u017ealiasis&ldquo; R32 tipo &scaron;altne&scaron;is<\/div>\n<div class=\"info_block col-xs-12 col-md-4 col-lg-3\">10 met\u0173 gamintojo garantija kompresoriams<\/div>\n<div class=\"info_block col-xs-12 col-md-4 col-lg-3\">Valdymas pulteliu<\/div>\n<div class=\"info_block col-xs-12 col-md-4 col-lg-3\">Itin greitas v\u0117sinimas bei pri&scaron;ildymas<\/div>\n<div class=\"info_block col-xs-12 col-md-4 col-lg-3\">Komforto ir tylos re\u017eimai<\/div>\n<\/div>\n<\/div>\n<\/div>\n<div class=\"desc_block photo_right\">\n<div class=\"container-fluid\"><\/p>\n<table>\n<tbody>\n<tr>\n<td>\n<h3>LG Electronics oro&nbsp; kondicionieriai<\/h3>\n<p style=\"text-align: justify;\">Skirtingai nuo daugumos buitin\u0117s technikos, LG Electronics oro kondicionieriai yra suprojektuoti kaip funkcinis menas &#8211; &scaron;iuolaiki&scaron;ki, stilingi ir eleganti&scaron;ki. LG patrauklus dizainas yra neprilygstamas j\u016bs\u0173 nam\u0173 stiliaus papildymas ir puikiai tiks bet kokiam kambariui.<\/p>\n<p>Susipa\u017einkite su technologijomis, naudojamomis LG Electronics kondicionieriuose bei Oras-Oras &scaron;ilumos siurbliuose.<\/p>\n<\/td>\n<td><iframe src=\"https:\/\/www.youtube-nocookie.com\/embed\/cNagebutA-k?vq=hd1080&amp;modestbranding=1&amp;showinfo=0&amp;rel=0&amp;iv_load_policy=3&amp;theme=light&amp;color=white\" frameborder=\"0\" width=\"600\" height=\"338\"><\/iframe><\/td>\n<\/tr>\n<\/tbody>\n<\/table>\n<\/div>\n<\/div>\n<div class=\"desc_block photo_left\">\n<div class=\"container-fluid\">\n<table>\n<tbody>\n<tr>\n<td><img decoding=\"async\" src=\"https:\/\/www.jaukurai.lt\/files\/uploaded\/LG\/lg-r32_600x345_min.jpg\" alt=\"LG R32 Green Refrigerant\" \/><\/td>\n<td>\n<h3>Draugi&scaron;kas aplinkai&nbsp;&scaron;altne&scaron;is R32<\/h3>\n<p style=\"text-align: justify;\">R32 yra ekologi&scaron;kas&nbsp;ir labai efektyvus &bdquo;Go Green&ldquo; &#8211; &bdquo;\u017daliasis&ldquo; &scaron;altne&scaron;is.<\/p>\n<p style=\"text-align: justify;\">&Scaron;io tipo &scaron;altne&scaron;is suk\u0117l\u0117 tikr\u0105 prover\u017e\u012f &Scaron;VOK&nbsp;pasaulyje.<\/p>\n<p style=\"text-align: justify;\">Didel\u012f energijos efektyvum\u0105 rodo tai, kad R32 tipo &scaron;altne&scaron;io reikia 15% ma\u017eiau, nei iki &scaron;iol pla\u010diai naudoto R410 tipo &scaron;altne&scaron;io toms pa\u010dioms funkcijoms atlikti.<\/p>\n<p style=\"text-align: justify;\">R32 visuotinio at&scaron;ilimo potencialo (GWP) rodiklis yra 675,&nbsp; arba net 70 procent\u0173 ma\u017eesnis&nbsp;nei R410A. Be to, R32 ozono sluoksnio i&scaron;eikvojimo potencialas (ODP) yra lygus nuliui. Kadangi R32&nbsp;sud\u0117tyje tik vienas komponentas,&nbsp;j\u012f patogiau, lengviau ir saugiau naudoti bei perdirbti.<\/p>\n<p style=\"text-align: justify;\">Nuo &scaron;iol vis\u0173 LG Electronics kondicionieri\u0173 bei &scaron;ilumos siurbli\u0173 gamyklinis u\u017epildas yra itin efektyvus ir ekologi&scaron;kas &bdquo;\u017ealiasis&ldquo; R32 &scaron;altne&scaron;is.<\/p>\n<\/td>\n<\/tr>\n<\/tbody>\n<\/table>\n<\/div>\n<\/div>\n<div class=\"desc_block photo_right\">\n<div class=\"container-fluid\">\n<table>\n<tbody>\n<tr>\n<td>\n<h3>Tai taip pat leid\u017eia sutaupyti elektros energijos<\/h3>\n<p style=\"text-align: justify;\">Jau vien ekologi&scaron;ko bei itin efektyvaus R32 &scaron;altne&scaron;io panaudojimas rei&scaron;kia, jog tam pa\u010diam rezultatui pasiekti reik\u0117s ma\u017eiau elektros energijos.<\/p>\n<p style=\"text-align: justify;\">Ta\u010diau LG Electronics vien tik tuo neapsiriboja &#8211;<\/p>\n<h3>LG Inverter<\/h3>\n<p style=\"text-align: justify;\"><span>LG revoliucin\u0117 &bdquo;Inverter&ldquo; technologija pasi\u017eymi galingu, bet tyliu veikimu, tuo pa\u010diu ma\u017eu energijos suvartojimu. Kompresorius su &bdquo;Inverter&ldquo; technologija sukasi ma\u017eesniu grei\u010diu ir su didesniu stabilumu, taip sutapydamas iki 70% elektros energijos.<\/span><\/p>\n<p style=\"text-align: justify;\"><span>Kondicionieriai veikia tyliai, nes juose esantis unikalus \u012fstri\u017eas ventiliatorius ir &bdquo;BLDC&ldquo; variklio technologija pa&scaron;alina nereikaling\u0105 triuk&scaron;m\u0105 ir leid\u017eia skland\u017eiai veikti. Kai kuri\u0173 modeli\u0173 veikimo metu keliamo garso lygis nevir&scaron;ija 19 dB(A)!<\/span><\/p>\n<\/td>\n<td><iframe src=\"https:\/\/www.youtube.com\/embed\/iHkhbtLcihs?vq=hd1080&amp;modestbranding=1&amp;showinfo=0&amp;rel=0&amp;iv_load_policy=3&amp;theme=light&amp;color=white\" frameborder=\"0\" width=\"600\" height=\"338\"><span id=\"CmCaReT\"><\/span><\/iframe><\/td>\n<\/tr>\n<\/tbody>\n<\/table>\n<\/div>\n<\/div>\n<div class=\"desc_block photo_left\">\n<div class=\"container-fluid\">\n<table>\n<tbody>\n<tr>\n<td><img decoding=\"async\" src=\"https:\/\/www.jaukurai.lt\/files\/uploaded\/LG\/Jaukurai_01_Stylish-Design_Des_v1_600x345-min.jpg\" alt=\"Jaukurai LG kondicionierius Artcool Serie\" \/><\/td>\n<td>\n<h3>LG kondicionier\u0173 serijos<\/h3>\n<p style=\"text-align: justify;\">Yra penkios buitini\u0173 kondicionieri\u0173 serijos:<\/p>\n<ul>\n<li style=\"text-align: justify;\"><strong>Standard<\/strong> &#8211; norintiems funkcionalaus paprastumo<\/li>\n<li style=\"text-align: justify;\"><strong>Standard Plus<\/strong> &#8211; tai Standard kondicionierius, su papildomomis finkcijomi ir Wi-Fi valdymu&nbsp;<\/li>\n<li style=\"text-align: justify;\"><strong>Dualcool<\/strong> &#8211; kondicionierius ir oro filtravimo sistema viename, norintiems &scaron;varaus ir gaivaus oro;<\/li>\n<li style=\"text-align: justify;\"><strong>Deluxe<\/strong> &#8211; auk&scaron;\u010diausia klas\u0117<\/li>\n<li style=\"text-align: justify;\"><strong>Artcool Mirror<\/strong> &#8211; tobulas gro\u017eis J\u016bs\u0173 namams<\/li>\n<li style=\"text-align: justify;\"><strong>Artcool Gallery<\/strong> &#8211; tik i&scaron; jo skleid\u017eiamos v\u0117sos suprasite, jog tai ne paveikslas<\/li>\n<\/ul>\n<p>&Scaron;ioje gamoje taip pat yra &scaron;ilumos siurblys Oras-Oras <strong>Prestige<\/strong> Nordic.<\/p>\n<\/td>\n<\/tr>\n<\/tbody>\n<\/table>\n<\/div>\n<\/div>","protected":false},"excerpt":{"rendered":"<p>Ypa\u010d efektyvus sieninis kondicionierius su i\u0161oriniu bloku komplekte<\/p>","protected":false},"featured_media":7662,"template":"","meta":{"om_disable_all_campaigns":false,"_monsterinsights_skip_tracking":false,"_monsterinsights_sitenote_active":false,"_monsterinsights_sitenote_note":"","_monsterinsights_sitenote_category":0},"product_brand":[794],"product_cat":[103],"product_tag":[],"class_list":{"0":"post-7709","1":"product","2":"type-product","3":"status-publish","4":"has-post-thumbnail","6":"product_brand-lg","7":"product_cat-oro-kondicionieriai-oras-oras","8":"pa_galingumas-5-3","10":"first","11":"instock","12":"product-type-simple"},"aioseo_notices":[],"_links":{"self":[{"href":"https:\/\/izopaga.lt\/en\/wp-json\/wp\/v2\/product\/7709","targetHints":{"allow":["GET"]}}],"collection":[{"href":"https:\/\/izopaga.lt\/en\/wp-json\/wp\/v2\/product"}],"about":[{"href":"https:\/\/izopaga.lt\/en\/wp-json\/wp\/v2\/types\/product"}],"wp:featuredmedia":[{"embeddable":true,"href":"https:\/\/izopaga.lt\/en\/wp-json\/wp\/v2\/media\/7662"}],"wp:attachment":[{"href":"https:\/\/izopaga.lt\/en\/wp-json\/wp\/v2\/media?parent=7709"}],"wp:term":[{"taxonomy":"product_brand","embeddable":true,"href":"https:\/\/izopaga.lt\/en\/wp-json\/wp\/v2\/product_brand?post=7709"},{"taxonomy":"product_cat","embeddable":true,"href":"https:\/\/izopaga.lt\/en\/wp-json\/wp\/v2\/product_cat?post=7709"},{"taxonomy":"product_tag","embeddable":true,"href":"https:\/\/izopaga.lt\/en\/wp-json\/wp\/v2\/product_tag?post=7709"}],"curies":[{"name":"wp","href":"https:\/\/api.w.org\/{rel}","templated":true}]}}