{"id":7710,"date":"2026-04-09T11:36:55","date_gmt":"2026-04-09T08:36:55","guid":{"rendered":"https:\/\/izopaga.lt\/produktai\/sieninis-oro-kondicionierius-tcl-ocarina-t-pro-plus-r32-wi-fi-2-61-3-0\/"},"modified":"2026-04-09T15:01:32","modified_gmt":"2026-04-09T12:01:32","slug":"sieninis-oro-kondicionierius-tcl-ocarina-t-pro-plus-r32-wi-fi-2-61-3-0","status":"publish","type":"product","link":"https:\/\/izopaga.lt\/en\/produktai\/sieninis-oro-kondicionierius-tcl-ocarina-t-pro-plus-r32-wi-fi-2-61-3-0\/","title":{"rendered":"Sieninis oro kondicionierius TCL, Ocarina T-PRO PLUS R32 Wi-Fi, 2.61\/3.0"},"content":{"rendered":"<div class=\"desc_block photo_right\">\n<div class=\"container-fluid\">\n<p style=\"text-align: justify;\"><strong>Papildomai rekomenduojame u\u017esakyti standartinius oro kondicionieriaus montavimo darbus:<\/strong><\/p>\n<ul>\n<li style=\"text-align: justify;\">Taikomi&nbsp;SPLIT tipo (vienas i&scaron;orinis blokas ir vienas vidinis blokas) kondicionieriams:<\/li>\n<li style=\"text-align: justify;\">Montavimo auk&scaron;tis iki 3 metr\u0173<\/li>\n<li style=\"text-align: justify;\">Komunikacij\u0173 trasos ilgis iki 5 metr\u0173<\/li>\n<li style=\"text-align: justify;\">Viena siena tarp lauko ir vidinio blok\u0173<\/li>\n<\/ul>\n<p><strong>\u012e montavimo kain\u0105&nbsp;\u012fskai\u010diuotos montavimo med\u017eiagos:<\/strong><\/p>\n<ul>\n<li>Variniai 0.8 mm &scaron;altne&scaron;io vamzdeliai su izoliacija 5 metrai<\/li>\n<li>Kondensato vamzdelis 5 metrai<\/li>\n<li>Sieninis i&scaron;orinio bloko laikiklis<\/li>\n<\/ul>\n<p>Kitos med\u017eiagos ir montavimo priemon\u0117s, jei j\u0173 prireikt\u0173, apmokomos atskirai.<\/p>\n<\/div>\n<\/div>\n<div class=\"desc_block photo_right\">\n<div class=\"container-fluid\">\n<table>\n<tbody>\n<tr>\n<td>\n<h3 style=\"text-align: center;\">TCL&nbsp;Ocarina&nbsp;T-PRO PLUS sieniniai oro kondicionieriai<\/h3>\n<p style=\"text-align: center;\">TCL&nbsp;Ocarina T-PRO yra sprendimas skirtas tiems, kurie siekia naujausi\u0173 technologij\u0173, geros kokyb\u0117s \u012frenginio u\u017e patraukli\u0105 kain\u0105.<\/p>\n<p style=\"text-align: center;\">Jie i&scaron;siskiria stilingu dizainu ir auk&scaron;ta A +++ \/ A ++ energijos klase.<\/p>\n<p style=\"text-align: center;\">Prietaisai apr\u016bpinti daugybe &scaron;iuolaikini\u0173 funkcij\u0173, gerinan\u010di\u0173 vartotoj\u0173 komfort\u0105 kambaryje, tarp kuri\u0173 yra: &bdquo;I Feel&ldquo;, &bdquo;I Set&ldquo;, &bdquo;Anti-Cold&ldquo;, &bdquo;Shutter Memory&ldquo; ar &bdquo;Autorestart&ldquo;.<\/p>\n<p style=\"text-align: center;\"><span style=\"font-size: 150%;\"><strong>Veikia iki -30 C&deg;<\/strong><\/span><\/p>\n<\/td>\n<td><img decoding=\"async\" src=\"https:\/\/www.jaukurai.lt\/files\/uploaded\/TCL\/Ocarina T-Pro\/Phone-30_600x345.png\" alt=\"TCL Ocarina T-Pro -30\" \/><\/td>\n<\/tr>\n<\/tbody>\n<\/table>\n<\/div>\n<\/div>\n<div class=\"desc_block\">\n<div class=\"container-fluid\">\n<div class=\"row\">\n<div class=\"info_block col-xs-12 col-md-4 col-lg-3\"><span style=\"color: #0000ff;\"><strong>Naujiena!<\/strong><\/span> UV-C oro sterilizacija<\/div>\n<div class=\"info_block col-xs-12 col-md-4 col-lg-3\"><span style=\"color: #0000ff;\"><strong>Naujiena!<\/strong><\/span> BIG CARE 4 pakop\u0173 oro valymo technologija su jonizacija<\/div>\n<div class=\"info_block col-xs-12 col-md-4 col-lg-3\"><span style=\"color: #0000ff;\"><strong>Naujiena!<\/strong><\/span>&nbsp;Savaiminis i&scaron;sivalymas d\u0117ka specialaus Titan Gold padengimo<\/div>\n<div class=\"info_block col-xs-12 col-md-4 col-lg-3\"><span style=\"color: #0000ff;\"><strong>Naujiena!<\/strong><\/span>&nbsp;Veikia net iki -30<span>&deg;C lauke<\/span><\/div>\n<div class=\"info_block col-xs-12 col-md-4 col-lg-3\">&Scaron;ildymo ir v\u0117sinimo funkcija<\/div>\n<div class=\"info_block col-xs-12 col-md-4 col-lg-3\">I&scaron;orinio bloko pa&scaron;ildymo kabelis<\/div>\n<div class=\"info_block col-xs-12 col-md-4 col-lg-3\">Gentle grotel\u0117s, kuri\u0173 d\u0117ka oras paskirstomas itin kokybi&scaron;kai<\/div>\n<div class=\"info_block col-xs-12 col-md-4 col-lg-3\">Itin greitas atv\u0117sinimas ar &scaron;ildymas su funkcija 30&#039; ar 60&#039;<\/div>\n<div class=\"info_block col-xs-12 col-md-4 col-lg-3\">WI-FI modulis integruotas, galimyb\u0117 valdyti nuotoliniu b\u016bdu<\/div>\n<div class=\"info_block col-xs-12 col-md-4 col-lg-3\">Nuotolinis valdymo pultas<\/div>\n<div class=\"info_block col-xs-12 col-md-4 col-lg-3\">Naujos kartos R32 &scaron;aldymo agentas<\/div>\n<div class=\"info_block col-xs-12 col-md-4 col-lg-3\">Ypa\u010d tylus darbas<\/div>\n<div class=\"info_block col-xs-12 col-md-4 col-lg-3\">Auk&scaron;ta energetin\u0117 klas\u0117 <strong><span style=\"color: #008000;\">A+++\/A++<\/span><\/strong><\/div>\n<div class=\"info_block col-xs-12 col-md-4 col-lg-3\">Itin pla\u010diai reguliuojama oro srauto kryptis<\/div>\n<div class=\"info_block col-xs-12 col-md-4 col-lg-3\">Dirba net ir esant iki 60<span>&deg;C<\/span> oro temperat\u016bros<\/div>\n<div class=\"info_block col-xs-12 col-md-4 col-lg-3\">Apsauga nuo u\u017e&scaron;alimo palaikant +8<span>&deg;C<\/span><\/div>\n<\/div>\n<\/div>\n<\/div>\n<div class=\"desc_block photo_right\">\n<div class=\"container-fluid\">\n<table class=\"responsive; hidden-xs hidden-sm\">\n<tbody>\n<tr>\n<td>\n<h3>Smart Gentle Wind i&scaron;manus oro tiekimas<\/h3>\n<p style=\"text-align: justify;\">Atraskite &bdquo;Smart Gente Wind&ldquo; technologij\u0105 &#8211; d\u0117ka 1443 mikro skylu\u010di\u0173 TCL Ocarina serijos oro kondicionieriai pasiekia norim\u0105 temperat\u016br\u0105 BE V\u0116JO. &Scaron;i technologija suma\u017eina v\u0117jo sraut\u0105 ir paskleid\u017eia gaiv\u0105 ar &scaron;ilum\u0105 tolygiai visoje patalpoje ir sukuria malon\u0173 v\u0117saus du&scaron;o efekt\u0105.<\/p>\n<h3>Smart Vector Airflow<\/h3>\n<p>Galimyb\u0117 pasirinkti net i&scaron; 72 oro srauto reguliavimo variant\u0173:<\/p>\n<ul>\n<li>Kair\u0117-de&scaron;in\u0117: 5 fiksuoto srauto re\u017eimai, 4 si\u016bbavimo re\u017eimai;<\/li>\n<li>Auk&scaron;tyn-\u017eemyn: 5 fiksuoto srauto re\u017eimai, 3 si\u016bbavimo re\u017eimai.<\/li>\n<\/ul>\n<\/td>\n<td><video autoplay=\"autoplay\" loop=\"loop\" muted=\"\" width=\"600\" height=\"338\"><source src=\"\/files\/uploaded\/TCL\/Ocarina T-Pro\/SmartGentleWind.mp4\" \/><\/video><\/td>\n<\/tr>\n<\/tbody>\n<\/table>\n<table class=\"responsive; hidden-md hidden-lg\">\n<tbody>\n<tr>\n<td><img decoding=\"async\" src=\"https:\/\/www.jaukurai.lt\/files\/uploaded\/TCL\/Ocarina T-Pro\/03_600x345 (1).jpg\" alt=\"TCL Ocarina Gentle Wind\" \/><\/td>\n<td>\n<h3>Smart Gentle Wind i&scaron;manus oro tiekimas<\/h3>\n<p style=\"text-align: justify;\">Atraskite &bdquo;Smart Gente Wind&ldquo; technologij\u0105 &#8211; d\u0117ka 1443 mikro skylu\u010di\u0173 TCL Ocarina serijos oro kondicionieriai pasiekia norim\u0105 temperat\u016br\u0105 BE V\u0116JO. &Scaron;i technologija suma\u017eina v\u0117jo sraut\u0105 ir paskleid\u017eia gaiv\u0105 ar &scaron;ilum\u0105 tolygiai visoje patalpoje ir sukuria malon\u0173 v\u0117saus du&scaron;o efekt\u0105.<\/p>\n<h3>Smart Vector Airflow<\/h3>\n<p>Galimyb\u0117 pasirinkti net i&scaron; 72 oro srauto reguliavimo variant\u0173:<\/p>\n<ul>\n<li>Kair\u0117-de&scaron;in\u0117: 5 fiksuoto srauto re\u017eimai, 4 si\u016bbavimo re\u017eimai;<\/li>\n<li>Auk&scaron;tyn-\u017eemyn: 5 fiksuoto srauto re\u017eimai, 3 si\u016bbavimo re\u017eimai.<\/li>\n<\/ul>\n<\/td>\n<\/tr>\n<\/tbody>\n<\/table>\n<table>\n<tbody>\n<tr>\n<td><img decoding=\"async\" src=\"https:\/\/www.jaukurai.lt\/files\/uploaded\/TCL\/Ocarina T-Pro\/coanda_600x345.jpg\" alt=\"TCL Ocarina Coanda efektas\" \/><\/td>\n<td>\n<h3>Coanda efektas<\/h3>\n<p style=\"text-align: justify;\"><strong>Du&scaron;o tipo v\u0117sinimas<\/strong> &#8211; \u012f vir&scaron;\u0173 nukreiptas oro srautas nuo lub\u0173 pasiskirsto \u017eemyn pana&scaron;iai kaip du&scaron;e, sukurdamas visapus\u012f v\u0117sinimo poj\u016bt\u012f.<\/p>\n<p style=\"text-align: justify;\"><strong>Kilimo tipo &scaron;ildymas<\/strong> &#8211; \u017eemyn nukreiptas &scaron;iltas ir optimaliai dr\u0117gnas oro srautas tolygiai kyla auk&scaron;tyn nuo grind\u0173.<\/p>\n<\/td>\n<\/tr>\n<\/tbody>\n<\/table>\n<table>\n<tbody>\n<tr>\n<td>\n<h3>I&scaron;manus nuotolinis IOT Wi-Fi valdymas<\/h3>\n<p>IOT &bdquo;Wi-Fi&ldquo; modulis leid\u017eia nuotoliniu b\u016bdu valdyti \u012frengin\u012f i&scaron; bet kurios vietos internetu. &Scaron;is sprendimas leid\u017eia nuolat steb\u0117ti \u012frengin\u012f, nepriklausomai nuo to, kur yra vartotojas.<\/p>\n<p>Naudodami program\u0105 galime nustatyti norim\u0105 temperat\u016br\u0105, perjungti \u012frenginio veikimo r\u0117\u017eim\u0105, pakeisti ventiliatoriaus greit\u012f ar suplanuoti kiekvienos dienos oro kondicionieriaus tvarkara&scaron;t\u012f.<\/p>\n<p>TCL IOT Wi-Fi veikia su TCL Home program\u0117le, Alexa bei Google asistentu.<\/p>\n<\/td>\n<td><iframe src=\"https:\/\/www.youtube.com\/embed\/Xjkg3hvyBK0?vq=hd1080&amp;modestbranding=1&amp;showinfo=0&amp;rel=0&amp;cc_load_policy=1&amp;iv_load_policy=3&amp;theme=light&amp;color=white\" frameborder=\"0\" width=\"600\" height=\"338\"><\/iframe><\/td>\n<\/tr>\n<\/tbody>\n<\/table>\n<table>\n<tbody>\n<tr>\n<td><img decoding=\"async\" src=\"https:\/\/www.jaukurai.lt\/files\/uploaded\/TCL\/Ocarina T-Pro\/coanda_600x345.jpg\" alt=\"TCL Ocarina Coanda efektas\" \/><\/td>\n<td>\n<h3>Funkcija I Feel<\/h3>\n<p style=\"text-align: justify;\">I FEEL &ndash; tai temperat\u016bros jutiklis, \u012fmontuotas TCL nuotoliniame valdymo pulte. Aktyvavus &scaron;\u012f re\u017eim\u0105, kondicionierius palaikys nustatyt\u0105 temperat\u016br\u0105 toje vietoje, kur yra nuotolinis valdymo pultas. Kitaip tariant, I FEEL funkcija leid\u017eia tiksliau kontroliuoti temperat\u016br\u0105 bet kurioje patalpos vietoje, tiesiog laikant nuotolin\u012f valdymo pult\u0105 &scaron;alia sav\u0119s.<\/p>\n<\/td>\n<\/tr>\n<\/tbody>\n<\/table>\n<table>\n<tbody>\n<tr>\n<td>\n<h3>Ma\u017eiau bakterij\u0173 ir virus\u0173 su itin lengva prie\u017ei\u016bra<\/h3>\n<p>Savaiminio valymo funkcija leid\u017eia lengvai ir be r\u016bpes\u010di\u0173 palaikyti &scaron;var\u0105 oro kondicionieriaus kasdieniame darbe, tuo pa\u010diu panaikinant daugel\u012f bakterij\u0173 susidarymo &scaron;altini\u0173.<\/p>\n<p>Ma\u017edaug 30 minu\u010di\u0173 trukm\u0117s programa efektyviai pa&scaron;alina ne&scaron;varumus ir bakterijas atlikdama garintuvo veiksmus.<\/p>\n<p>Pirmasis etapas yra 16 minu\u010di\u0173 trukm\u0117s u\u017e&scaron;aldymo garintuvas, kuris efektyviai sunaikina visas bakterijas ir mikrobus. Antrasis etapas yra garintuvo atitirpinimas 15 minu\u010di\u0173, po kurio greitai d\u017eiovinamas ir sterilizuojamas kondicionieriaus vidus 55 &deg; C temperat\u016broje.<\/p>\n<\/td>\n<td><iframe src=\"https:\/\/www.youtube.com\/embed\/J5uSIxdMpPI?vq=hd1080&amp;modestbranding=1&amp;showinfo=0&amp;rel=0&amp;cc_load_policy=1&amp;iv_load_policy=3&amp;theme=light&amp;color=white\" frameborder=\"0\" width=\"600\" height=\"338\"><\/iframe><\/td>\n<\/tr>\n<\/tbody>\n<\/table>\n<table class=\"responsive; hidden-md hidden-lg\">\n<tbody>\n<tr>\n<td><img decoding=\"async\" src=\"https:\/\/www.jaukurai.lt\/files\/uploaded\/TCL\/Ocarina T-Pro\/uvc1_600x345.jpg\" alt=\"TCL Ocarina UV-C\" \/><\/td>\n<td>\n<h3>Naudingos&nbsp;funkcijos&nbsp;oro kokyb\u0117s bei \u012frenginio &scaron;varos palaikymui*<\/h3>\n<p style=\"text-align: justify;\">TCL Ocarina serijos kondicionieriuose naudojamos pa\u017eangios technologijos:<\/p>\n<ul>\n<li style=\"text-align: justify;\"><strong>UV-C sterilizacija<\/strong> &#8211; ultravioletin\u0117 spinduliuot\u0117 u\u017etikrina auk&scaron;t\u0105 efektyvum\u0105 kovojant su toksinais. Sertifikuota valymo proced\u016bra sunaikina virus\u0173 ir bakterij\u0173 DNR\/RNR, u\u017etikrina oro sterilizacij\u0105, naikina net 98,66% bakterij\u0173.<\/li>\n<li style=\"text-align: justify;\"><strong>BIG CARE<\/strong> &#8211; 4 pakop\u0173 oro valymo technologija. Integruotas bipolinis jon\u0173 generatorius \u012fkrauna or\u0105 neigiamais jonais, kurie deaktyvuoja kenksmingas daleles ir i&scaron;valo or\u0105.<\/li>\n<li style=\"text-align: justify;\">Tre\u010dios kartos <strong>TitanGOLD<\/strong> danga &ndash; i&scaron;orinio ir vidinio blok\u0173 pavir&scaron;iai yra padengti specialia Titan-Gold danga, kuri d\u0117l savo unikali\u0173 hidrofilini\u0173 savybi\u0173 atlieka savaiminio i&scaron;sivalymo funkcij\u0105. &Scaron;tai kaip tai veikia:\n<ul>\n<li style=\"text-align: justify;\"><strong>U\u017e&scaron;aldymas:<\/strong> Oro kondicionierius suma\u017eina temperat\u016br\u0105 vidiniame bloke, kad su&scaron;alt\u0173 ir sukiet\u0117t\u0173 dr\u0117gm\u0117 bei ne&scaron;varumai.<\/li>\n<li style=\"text-align: justify;\"><strong>Atitirpimas:<\/strong> Temperat\u016bra palaipsniui kyla, kad atitirpt\u0173 su&scaron;al\u0119 ne&scaron;varumai.<\/li>\n<li style=\"text-align: justify;\"><strong>D\u017eiovinimas auk&scaron;toje temperat\u016broje:<\/strong> \u012ejungiamas ventiliatorius, kuris pa&scaron;alina i&scaron;tirpus\u012f vanden\u012f ir dr\u0117gm\u0119 i&scaron; vidinio bloko.<\/li>\n<li style=\"text-align: justify;\"><strong>Sterilizavimas:<\/strong> Oro kondicionierius trumpam \u012fjungiamas auk&scaron;toje temperat\u016broje, kad sterilizuot\u0173 vidin\u012f blok\u0105 ir pa&scaron;alint\u0173 likusias bakterijas.<\/li>\n<\/ul>\n<\/li>\n<\/ul>\n<p><em><strong>* &#8211; Tik modeliai T-PRO PLUS<\/strong><\/em><\/p>\n<\/td>\n<\/tr>\n<\/tbody>\n<\/table>\n<table class=\"responsive; hidden-xs hidden-sm\">\n<tbody>\n<tr>\n<td><video autoplay=\"autoplay\" loop=\"loop\" muted=\"\" width=\"600\" height=\"338\"><source src=\"\/files\/uploaded\/TCL\/Ocarina T-Pro\/autoclean.mp4\" \/><\/video><\/td>\n<td>\n<h3>Naudingos&nbsp;funkcijos&nbsp;oro kokyb\u0117s bei \u012frenginio &scaron;varos palaikymui*<\/h3>\n<p style=\"text-align: justify;\">TCL Ocarina serijos kondicionieriuose naudojamos pa\u017eangios technologijos:<\/p>\n<ul>\n<li style=\"text-align: justify;\"><strong>UV-C sterilizacija<\/strong> &#8211; ultravioletin\u0117 spinduliuot\u0117 u\u017etikrina auk&scaron;t\u0105 efektyvum\u0105 kovojant su toksinais. Sertifikuota valymo proced\u016bra sunaikina virus\u0173 ir bakterij\u0173 DNR\/RNR, u\u017etikrina oro sterilizacij\u0105, naikina net 98,66% bakterij\u0173.<\/li>\n<li style=\"text-align: justify;\"><strong>BIG CARE<\/strong> &#8211; 4 pakop\u0173 oro valymo technologija. Integruotas bipolinis jon\u0173 generatorius \u012fkrauna or\u0105 neigiamais jonais, kurie deaktyvuoja kenksmingas daleles ir i&scaron;valo or\u0105.<\/li>\n<li style=\"text-align: justify;\">Tre\u010dios kartos <strong>TitanGOLD<\/strong> danga &ndash; i&scaron;orinio ir vidinio blok\u0173 pavir&scaron;iai yra padengti specialia Titan-Gold danga, kuri d\u0117l savo unikali\u0173 hidrofilini\u0173 savybi\u0173 atlieka savaiminio i&scaron;sivalymo funkcij\u0105. &Scaron;tai kaip tai veikia:\n<ul>\n<li style=\"text-align: justify;\"><strong>U\u017e&scaron;aldymas:<\/strong> Oro kondicionierius suma\u017eina temperat\u016br\u0105 vidiniame bloke, kad su&scaron;alt\u0173 ir sukiet\u0117t\u0173 dr\u0117gm\u0117 bei ne&scaron;varumai.<\/li>\n<li style=\"text-align: justify;\"><strong>Atitirpimas:<\/strong> Temperat\u016bra palaipsniui kyla, kad atitirpt\u0173 su&scaron;al\u0119 ne&scaron;varumai.<\/li>\n<li style=\"text-align: justify;\"><strong>D\u017eiovinimas auk&scaron;toje temperat\u016broje:<\/strong> \u012ejungiamas ventiliatorius, kuris pa&scaron;alina i&scaron;tirpus\u012f vanden\u012f ir dr\u0117gm\u0119 i&scaron; vidinio bloko.<\/li>\n<li style=\"text-align: justify;\"><strong>Sterilizavimas:<\/strong> Oro kondicionierius trumpam \u012fjungiamas auk&scaron;toje temperat\u016broje, kad sterilizuot\u0173 vidin\u012f blok\u0105 ir pa&scaron;alint\u0173 likusias bakterijas.<\/li>\n<\/ul>\n<\/li>\n<\/ul>\n<p><em><strong>* &#8211; Tik modeliai T-PRO PLUS<\/strong><\/em><\/p>\n<\/td>\n<\/tr>\n<\/tbody>\n<\/table>\n<p>&nbsp;<\/p>\n<table>\n<tbody>\n<tr>\n<td>\n<h3 style=\"text-align: center;\">BIG CARE &#8211; keturi\u0173 pakop\u0173 oro valymo technologija<\/h3>\n<p style=\"text-align: center;\">BIG CARE yra sistema, skirta pa&scaron;alinti i&scaron; oro kenksmingas daleles ir pagerinti oro kokyb\u0119. &Scaron;i sistema&nbsp; susideda i&scaron; keturi\u0173 filtr\u0173 arba valymo etap\u0173:<\/p>\n<ol>\n<li>Pirminis filtras: &Scaron;is filtras sulaiko stambesnes dulki\u0173 daleles, plaukus ir kitus ne&scaron;varumus.<\/li>\n<li>Aktyvus anglies filtras: &Scaron;is filtras pa&scaron;alina i&scaron; oro kvapus, dujas ir lakiuosius junginius (LOJ).<\/li>\n<li>HEPA filtras: HEPA (High Efficiency Particulate Air) filtras sulaiko itin ma\u017eas daleles, tokias kaip dulk\u0117s, \u017eiedadulk\u0117s, pel\u0117siai ir bakterijos.<\/li>\n<li>Jonizatorius: Jonizatorius sukuria neigiamus jonus, kurie prisijungia prie teigiamai \u012fkraut\u0173 oro daleli\u0173, toki\u0173 kaip dulk\u0117s ir d\u016bmai, ir jas nusodina ant grind\u0173 ar sien\u0173, kur jas galima lengvai i&scaron;valyti.<\/li>\n<\/ol>\n<p><img decoding=\"async\" class=\"img-responsive\" src=\"\/files\/uploaded\/TCL\/Ocarina T-Pro\/BIG CARE-min.png\" alt=\"TCL Big Care\" \/><\/p>\n<\/td>\n<\/tr>\n<\/tbody>\n<\/table>\n<table>\n<tbody>\n<tr>\n<td><iframe src=\"https:\/\/www.youtube.com\/embed\/wANmPAt5qls?vq=hd1080&amp;modestbranding=1&amp;showinfo=0&amp;rel=0&amp;cc_load_policy=1&amp;iv_load_policy=3&amp;theme=light&amp;color=white\" frameborder=\"0\" width=\"600\" height=\"338\"><\/iframe><\/td>\n<td>\n<h3>Tylus veikimas<\/h3>\n<p>D\u0117l unikalaus vidinio bloko dizaino, prietaisas tapo tylesnis 1-2 dB. D\u0117l to TCL oro kondicionierius veikia taip tyliai, kaip \u017emogaus &scaron;nab\u017edesys.<\/p>\n<h3>Saugi konstrukcija<\/h3>\n<p>Kondensato nutekamieji kanalai suprojektuoti taip, kad netur\u0117t\u0173 s\u0105ly\u010dio su elektronin\u0117mis dalimis, d\u0117l to n\u0117ra u\u017eliejimo, trumpojo jungimo ar kitokio apgadinimo pavojaus.<\/p>\n<p>Apgalvota prietaiso&nbsp;konstrukcija u\u017etikrina visi&scaron;k\u0105 naudojimo saugum\u0105. Naudojama BMC med\u017eiaga pasi\u017eymi ypa\u010d dideliu atsparumu kar&scaron;\u010diui ir mechaniniams pa\u017eeidimams. D\u0117l to elektronika ir pats prietaisas yra tinkamai apsaugoti.<\/p>\n<\/td>\n<\/tr>\n<\/tbody>\n<\/table>\n<table>\n<tbody>\n<tr>\n<td>\n<h3>Kokybi&scaron;kas oro paskirstymas<\/h3>\n<p style=\"text-align: justify;\">V\u0117sinimo r\u0117\u017eime v\u0117sus oras pu\u010dia link lub\u0173, tod\u0117l v\u0117sina gaivus krentantis v\u0117jas.<\/p>\n<p style=\"text-align: justify;\">&Scaron;ildymo r\u0117\u017eimu &scaron;iltas oras pu\u010dia link grind\u0173, kad tolygiai pakilt\u0173 ir u\u017epildyt\u0173 vis\u0105 kambar\u012f &scaron;iltu oru.<\/p>\n<p style=\"text-align: justify;\">V\u0117sa paskleid\u017eiama patalpos vir&scaron;uje ir maloniai krenta per vis\u0105 plot\u0105, o &scaron;iluma skleid\u017eiama nuo grind\u0173 ir kyla \u012f vir&scaron;\u0173.<\/p>\n<p style=\"text-align: justify;\">Reikiam\u0105 v\u0117sinimo temperat\u016br\u0105 TCL Ocarina pasiekia per 30 sekund\u017ei\u0173.&nbsp;Reikiam\u0105 &scaron;ildymo temperat\u016br\u0105 &#8211; per 60 sekund\u017ei\u0173.<\/p>\n<\/td>\n<td><iframe src=\"https:\/\/www.youtube.com\/embed\/thlGb0n5Tng?vq=hd1080&amp;modestbranding=1&amp;showinfo=0&amp;rel=0&amp;cc_load_policy=1&amp;iv_load_policy=3&amp;theme=light&amp;color=white\" frameborder=\"0\" width=\"600\" height=\"338\"><\/iframe><\/td>\n<\/tr>\n<\/tbody>\n<\/table>\n<table>\n<tbody>\n<tr>\n<td><iframe src=\"https:\/\/www.youtube.com\/embed\/yyNsi-8u9e8?vq=hd1080&amp;modestbranding=1&amp;showinfo=0&amp;rel=0&amp;cc_load_policy=1&amp;iv_load_policy=3&amp;theme=light&amp;color=white\" frameborder=\"0\" width=\"600\" height=\"338\"><\/iframe><\/td>\n<td>\n<h3>Greito paleidimo funkcija<\/h3>\n<p style=\"text-align: justify;\">I&scaron;skirtinai &scaron;is TCL modelis turi greito paleidimo funkcij\u0105, kuri leid\u017eia pasiekti norim\u0105 v\u0117sinimo tiekiam\u0105 temperat\u016br\u0105 per 30 sekund\u017ei\u0173, o &scaron;ildymo tiekimo temperat\u016br\u0105 per 60 sekund\u017ei\u0173.<\/p>\n<h3>Darbas ekstremaliomis s\u0105lygomis<\/h3>\n<p style=\"text-align: justify;\">&Scaron;is kondicionierius pilnai i&scaron;laiko v\u0117sinimo gali\u0105 kai lauke net 50<span>&deg; C<\/span> temperat\u016bra, o esant 60<span>&deg;C<\/span> dar turi daugiau nei pus\u0117 galios.<\/p>\n<p style=\"text-align: justify;\">Tai parodo itin didel\u012f efektyvum\u0105 bet kokiomis s\u0105lygomis.<\/p>\n<\/td>\n<\/tr>\n<\/tbody>\n<\/table>\n<\/div>\n<\/div>","protected":false},"excerpt":{"rendered":"<p>Sieninis kondicionierius su i\u0161oriniu bloku komplekte<\/p>","protected":false},"featured_media":7667,"template":"","meta":{"om_disable_all_campaigns":false,"_monsterinsights_skip_tracking":false,"_monsterinsights_sitenote_active":false,"_monsterinsights_sitenote_note":"","_monsterinsights_sitenote_category":0},"product_brand":[795],"product_cat":[103],"product_tag":[],"class_list":{"0":"post-7710","1":"product","2":"type-product","3":"status-publish","4":"has-post-thumbnail","6":"product_brand-tcl","7":"product_cat-oro-kondicionieriai-oras-oras","8":"pa_galingumas-2-61-0-94-3-7","10":"first","11":"instock","12":"purchasable","13":"product-type-simple"},"aioseo_notices":[],"_links":{"self":[{"href":"https:\/\/izopaga.lt\/en\/wp-json\/wp\/v2\/product\/7710","targetHints":{"allow":["GET"]}}],"collection":[{"href":"https:\/\/izopaga.lt\/en\/wp-json\/wp\/v2\/product"}],"about":[{"href":"https:\/\/izopaga.lt\/en\/wp-json\/wp\/v2\/types\/product"}],"wp:featuredmedia":[{"embeddable":true,"href":"https:\/\/izopaga.lt\/en\/wp-json\/wp\/v2\/media\/7667"}],"wp:attachment":[{"href":"https:\/\/izopaga.lt\/en\/wp-json\/wp\/v2\/media?parent=7710"}],"wp:term":[{"taxonomy":"product_brand","embeddable":true,"href":"https:\/\/izopaga.lt\/en\/wp-json\/wp\/v2\/product_brand?post=7710"},{"taxonomy":"product_cat","embeddable":true,"href":"https:\/\/izopaga.lt\/en\/wp-json\/wp\/v2\/product_cat?post=7710"},{"taxonomy":"product_tag","embeddable":true,"href":"https:\/\/izopaga.lt\/en\/wp-json\/wp\/v2\/product_tag?post=7710"}],"curies":[{"name":"wp","href":"https:\/\/api.w.org\/{rel}","templated":true}]}}