{"id":7820,"date":"2026-04-09T14:58:55","date_gmt":"2026-04-09T11:58:55","guid":{"rendered":"https:\/\/izopaga.lt\/produktai\/nordis-kasetinis-oro-kondicionierius-nic-noa42panele-24-55wf-mc-12-02-13-48kw\/"},"modified":"2026-04-09T15:01:16","modified_gmt":"2026-04-09T12:01:16","slug":"nordis-kasetinis-oro-kondicionierius-nic-noa42panele-24-55wf-mc-12-02-13-48kw","status":"publish","type":"product","link":"https:\/\/izopaga.lt\/en\/produktai\/nordis-kasetinis-oro-kondicionierius-nic-noa42panele-24-55wf-mc-12-02-13-48kw\/","title":{"rendered":"N\u00d8RDIS kasetinis oro kondicionierius NIC-NOA42+panel\u0117 24-55+WF-MC 12.02\/13.48kW"},"content":{"rendered":"<p>N\u00d8RDIS NIC-NOA oro kondicionieri\u0173 modeliai or\u0105 paskirsto pla\u010diai \u2013 360\u00ba kryptimis, tod\u0117l idealiai tinka naudoti didel\u0117se erdv\u0117se.<br \/>\nKasetini\u0173 oro kondicionieri\u0173 serijoje yra \u012fvairaus dy d\u017eio ir galingumo \u012fr enginiai, \u012fskaitant ir kompakti\u0161kus ta\u010diau galingus modelius, kurie patogiai \u012fsilies subtiliausiame interjere.<br \/>\nDaugiau informacijos apie produkt\u0105 galite rasti oficialioje NORDIS svetain\u0117je:\u00a0<a href=\"\/en\/&quot;https:\/\/nordis-ac.lt\/produktas\/kasetiniai\/&quot;\/\">Kasetiniai &#8211; Nordis<\/a><\/p>","protected":false},"excerpt":{"rendered":"<p>N\u00d8RDIS NIC-NOA oro kondicionieri\u0173 modeliai or\u0105 paskirsto pla\u010diai \u2013 360\u00ba kryptimis, tod\u0117l idealiai tinka naudoti didel\u0117se erdv\u0117se. Kasetini\u0173 oro kondicionieri\u0173 serijoje yra \u012fvairaus dy d\u017eio ir galingumo \u012fr enginiai, \u012fskaitant ir kompakti\u0161kus ta\u010diau galingus modelius, kurie patogiai \u012fsilies subtiliausiame interjere. Daugiau informacijos apie produkt\u0105 galite rasti oficialioje NORDIS svetain\u0117je:\u00a0Kasetiniai &#8211; Nordis<\/p>","protected":false},"featured_media":7821,"template":"","meta":{"om_disable_all_campaigns":false,"_monsterinsights_skip_tracking":false,"_monsterinsights_sitenote_active":false,"_monsterinsights_sitenote_note":"","_monsterinsights_sitenote_category":0},"product_brand":[761],"product_cat":[103],"product_tag":[],"class_list":{"0":"post-7820","1":"product","2":"type-product","3":"status-publish","4":"has-post-thumbnail","6":"product_brand-nordis","7":"product_cat-oro-kondicionieriai-oras-oras","8":"pa_galingumas-12-02-2-9312-31-13-48-3-3714-07-kw","10":"first","11":"instock","12":"purchasable","13":"product-type-simple"},"aioseo_notices":[],"_links":{"self":[{"href":"https:\/\/izopaga.lt\/en\/wp-json\/wp\/v2\/product\/7820","targetHints":{"allow":["GET"]}}],"collection":[{"href":"https:\/\/izopaga.lt\/en\/wp-json\/wp\/v2\/product"}],"about":[{"href":"https:\/\/izopaga.lt\/en\/wp-json\/wp\/v2\/types\/product"}],"wp:featuredmedia":[{"embeddable":true,"href":"https:\/\/izopaga.lt\/en\/wp-json\/wp\/v2\/media\/7821"}],"wp:attachment":[{"href":"https:\/\/izopaga.lt\/en\/wp-json\/wp\/v2\/media?parent=7820"}],"wp:term":[{"taxonomy":"product_brand","embeddable":true,"href":"https:\/\/izopaga.lt\/en\/wp-json\/wp\/v2\/product_brand?post=7820"},{"taxonomy":"product_cat","embeddable":true,"href":"https:\/\/izopaga.lt\/en\/wp-json\/wp\/v2\/product_cat?post=7820"},{"taxonomy":"product_tag","embeddable":true,"href":"https:\/\/izopaga.lt\/en\/wp-json\/wp\/v2\/product_tag?post=7820"}],"curies":[{"name":"wp","href":"https:\/\/api.w.org\/{rel}","templated":true}]}}