{"id":7831,"date":"2026-04-09T14:56:42","date_gmt":"2026-04-09T11:56:42","guid":{"rendered":"https:\/\/izopaga.lt\/produktai\/nordis-orion-pro-oro-kondicionieriaus-ndi-op09tc1-vidinis-irenginys-2-6-2-65kw\/"},"modified":"2026-04-09T15:01:32","modified_gmt":"2026-04-09T12:01:32","slug":"nordis-orion-pro-oro-kondicionieriaus-ndi-op09tc1-vidinis-irenginys-2-6-2-65kw","status":"publish","type":"product","link":"https:\/\/izopaga.lt\/en\/produktai\/nordis-orion-pro-oro-kondicionieriaus-ndi-op09tc1-vidinis-irenginys-2-6-2-65kw\/","title":{"rendered":"N\u00d8RDIS Orion Pro oro kondicionieriaus NDI-OP09TC1 vidinis \u012frenginys 2.6\/2.65kW"},"content":{"rendered":"<p>N\u00d8RDIS Multi Split sistema yra sukurta tiems, kurie nor\u0117t\u0173 instaliuoti daugiau nei vien\u0105 kondicionieri\u0173 savo namuose, biure ar kitoje erdv\u0117je. Tai patogus, ergonomi\u0161kas ir ekonomi\u0161kas b\u016bdas susikurti mikroklimat\u0105, tinkant\u012f ir poilsiui, ir darbui.<\/p>\n<p>\u012erenginiu patogiai galima v\u0117sinti ir \u0161ildyti iki trij\u0173 atskir\u0173 zon\u0173. \u0160i sistema nesunkiai instaliuojama \u2013 nereikia montuoti atskir\u0173 lauko \u012frengini\u0173 kiekvienam kondicionieriui viduje. Be to, i\u0161orinis \u012frenginys dirba kur kas efektyviau ir tausoja energij\u0105.<\/p>\n<p>N\u00d8RDIS Multi Split oro kondicionavimo sistema kiekvienu atveju yra parenkama individualiai.<\/p>\n<p>N\u00d8RDIS ORION PRO yra naujos kartos inverterinis oro kondicionierius-\u0161ilumos siurblys. Tai yra naujausiais techniniais sprendimais patobulinta ORION serijos versija.<\/p>\n<p>\u201eSplit\u201c tipo inverterinis kondicionierius yra skirtas gyvenam\u0173j\u0173 pastat\u0173 ir priva\u010di\u0173 nam\u0173 v\u0117sinimui bei \u0161ildymui, ta\u010diau gali b\u016bti \u012frengtas ir biuruose. N\u00d8RDIS ORION PRO turi instaliuot\u0105 \u201eWi-Fi\u201c modul\u012f, plazmin\u012f jonizatori\u0173, antros kartos \u201eI FEEL\u201c bei kitas inovatyvias funkcijas.<\/p>\n<p>Atnaujinta \u012frenginio komponent\u0173 komplektacija dar labiau suma\u017eino energijos vartojim\u0105. ORION PRO pradin\u0119 ORION serij\u0105 aplenk\u0117 energetiniu efektyvumu. Kondicionierius grei\u010diau v\u0117sina ir pats nustato optimaliausi\u0105 kambario temperat\u016br\u0105.<\/p>\n<p>Atsi\u017evelgus \u012f \u0160iaur\u0117s \u0161alyse gyvenan\u010di\u0173 klient\u0173 patirt\u012f, N\u00d8RDIS ORION PRO serijoje \u0161ildymo funkcija veikia dar efektyviau lauko temperat\u016brai nukritus iki -20 \u00b0C.<\/p>\n<p>Be to, \u0161iame kondicionieriuje naudojamas draugi\u0161kas gamtai \u0161aldymo agentas R32, o korpusas pagamintas i\u0161 ugniai atspari\u0173 med\u017eiag\u0173.<\/p>\n<ul>\n<li>Naujausias inverterinis kompresorius efektyviai veikia nuo -20 \u00b0C iki + 53 \u00b0C temperat\u016bros.<\/li>\n<li>\u012erenginyje integruotas \u201eWi-Fi\u201c modulis suteikia galimyb\u0119 oro kondicionieri\u0173 valdyti i\u0161maniuoju telefonu (OS: \u201eAndroid\u201c, \u201eiOS\u201c).<\/li>\n<li>Kondicionieriuje naudojamas draugi\u0161kas gamtai \u0161aldymo agentas R32.<\/li>\n<li>Pritaikytas nam\u0173 \u0161ildymui \u0160iaur\u0117s pusrutulio \u0161alyse.<\/li>\n<li>Stilingas LED ekranas vidinio bloko skydelyje.<\/li>\n<li>\u0160altos plazmos oro valytuvas naikina bakterijas, mikrobus ir kitas kenksmingas daleles.<\/li>\n<li>\u201eI FEEL\u201c suteikia galimyb\u0119 i\u0161maniai kontroliuoti temperat\u016br\u0105 ir sukurti malonesn\u0119 aplink\u0105.<\/li>\n<li>Dulki\u0173 ir \u017eiedadulki\u0173 filtravimui N\u00d8RDIS ORION PRO kondicionieriuje \u012frengti itin tank\u016bs filtrai.<\/li>\n<li>Specialus oro latak\u0173 dizainas leid\u017eia tiekti or\u0105 dideliu atstumu, tod\u0117l v\u0117sus ar \u0161iltas oras pasiekia ir tolimiausius patalpos kampus.<\/li>\n<li>Lengvai i\u0161ardomas, d\u0117l to nesunku pri\u017ei\u016br\u0117ti, pakeisti dalis ar valyti.<\/li>\n<\/ul>\n<p>Daugiau informacijos apie produkt\u0105 galite rasti oficialioje NORDIS svetain\u0117je:\u00a0<a href=\"\/en\/&quot;https:\/\/nordis-ac.lt\/produktas\/orion-pro\/&quot;\/\">ORION PRO &#8211; Nordis | Oro kondicionierius-\u0161ilumos siurblys<\/a><\/p>","protected":false},"excerpt":{"rendered":"<p>N\u00d8RDIS Multi Split sistema yra sukurta tiems, kurie nor\u0117t\u0173 instaliuoti daugiau nei vien\u0105 kondicionieri\u0173 savo namuose, biure ar kitoje erdv\u0117je. Tai patogus, ergonomi\u0161kas ir ekonomi\u0161kas b\u016bdas susikurti mikroklimat\u0105, tinkant\u012f ir poilsiui, ir darbui. \u012erenginiu patogiai galima v\u0117sinti ir \u0161ildyti iki trij\u0173 atskir\u0173 zon\u0173. \u0160i sistema nesunkiai instaliuojama \u2013 nereikia montuoti atskir\u0173 lauko \u012frengini\u0173 kiekvienam kondicionieriui [&hellip;]<\/p>\n","protected":false},"featured_media":7832,"template":"","meta":{"om_disable_all_campaigns":false,"_monsterinsights_skip_tracking":false,"_monsterinsights_sitenote_active":false,"_monsterinsights_sitenote_note":"","_monsterinsights_sitenote_category":0},"product_brand":[761],"product_cat":[103],"product_tag":[],"class_list":{"0":"post-7831","1":"product","2":"type-product","3":"status-publish","4":"has-post-thumbnail","6":"product_brand-nordis","7":"product_cat-oro-kondicionieriai-oras-oras","8":"pa_galingumas-2-6-2-61-kw","10":"first","11":"instock","12":"purchasable","13":"product-type-simple"},"aioseo_notices":[],"_links":{"self":[{"href":"https:\/\/izopaga.lt\/en\/wp-json\/wp\/v2\/product\/7831","targetHints":{"allow":["GET"]}}],"collection":[{"href":"https:\/\/izopaga.lt\/en\/wp-json\/wp\/v2\/product"}],"about":[{"href":"https:\/\/izopaga.lt\/en\/wp-json\/wp\/v2\/types\/product"}],"wp:featuredmedia":[{"embeddable":true,"href":"https:\/\/izopaga.lt\/en\/wp-json\/wp\/v2\/media\/7832"}],"wp:attachment":[{"href":"https:\/\/izopaga.lt\/en\/wp-json\/wp\/v2\/media?parent=7831"}],"wp:term":[{"taxonomy":"product_brand","embeddable":true,"href":"https:\/\/izopaga.lt\/en\/wp-json\/wp\/v2\/product_brand?post=7831"},{"taxonomy":"product_cat","embeddable":true,"href":"https:\/\/izopaga.lt\/en\/wp-json\/wp\/v2\/product_cat?post=7831"},{"taxonomy":"product_tag","embeddable":true,"href":"https:\/\/izopaga.lt\/en\/wp-json\/wp\/v2\/product_tag?post=7831"}],"curies":[{"name":"wp","href":"https:\/\/api.w.org\/{rel}","templated":true}]}}