{"id":7863,"date":"2026-04-09T14:58:55","date_gmt":"2026-04-09T11:58:55","guid":{"rendered":"https:\/\/izopaga.lt\/produktai\/nordis-ultima-mono-isorinis-blokas-12-0kw-r290-1\/"},"modified":"2026-04-09T15:01:16","modified_gmt":"2026-04-09T12:01:16","slug":"nordis-ultima-mono-isorinis-blokas-12-0kw-r290-1","status":"publish","type":"product","link":"https:\/\/izopaga.lt\/en\/produktai\/nordis-ultima-mono-isorinis-blokas-12-0kw-r290-1\/","title":{"rendered":"N\u00d8RDIS ULTIMA MONO i\u0161orinis blokas 12.0kW R290, ~1"},"content":{"rendered":"<p><strong>N\u00d8RDIS ULTIMA R290 \u2013 ATSAKINGAS KOMFORTAS, TVARUS RYTOJUS.<\/strong><\/p>\n<p>Saugoti aplink\u0105 \u0161iandien rei\u0161kia saugoti ateit\u012f. Tod\u0117l si\u016blome sprendimus, kurie ne tik suteikia komforti\u0161k\u0105 kasdienyb\u0119, bet ir prisideda prie atsakomyb\u0117s saugant gamt\u0105.<\/p>\n<p>Pristatome nauj\u0105j\u012f N\u00d8RDIS Ultima \u0161ilumos siurbl\u012f oras-vanduo, kuris nustato naujus na\u0161umo ir tvarumo standartus. Pa\u017eangiausias \u0161altne\u0161is R290, kurio GWP yra tik 3, u\u017etikrina ekologi\u0161k\u0105 ir optimal\u0173 veikim\u0105, o \u012f sistem\u0105 tiekiamas iki 75 \u00b0C temperat\u016bros vanduo stipriai i\u0161pl\u0117\u010dia \u0161ilumos siurblio oras-vanduo pritaikymo galimyb\u0117s.<\/p>\n<p>N\u00d8RDIS Ultima serija buvo kruop\u0161\u010diai sukurta siekiant optimizuoti \u012frenginio na\u0161um\u0105 ir energijos naudojim\u0105. Tod\u0117l su pasidid\u017eiavimu pristatome itin auk\u0161to efektyvumo \u012frengin\u012f.<\/p>\n<p>N\u00d8RDIS Ultima \u0161ilumos siurbliai oras-vanduo be kar\u0161to vandens ruo\u0161imo talpos yra skirti patalp\u0173 \u0161ildymui ir integravimui \u012f buitinio kar\u0161to vandens ruo\u0161imo sistem\u0105. \u0160ilumos siurbliai u\u017etikrina komforti\u0161k\u0105 \u0161ilum\u0105 \u017eiem\u0105 ir kar\u0161t\u0105 vanden\u012f i\u0161tisus metus.<\/p>\n<ul>\n<li>Inverterin\u0117 technologija suteikia auk\u0161\u010diausi\u0105 A+++ energijos klas\u0119<\/li>\n<li>Auk\u0161tesnis \u0161ilumos perdavimo koeficientas u\u017etikrina geresn\u012f na\u0161um\u0105<\/li>\n<li>Tiksliam temperat\u016bros vandens sistemoje sureguliavimui<\/li>\n<li>Valdymo technologija gali reaguoti \u012f apibr\u0117\u017etus i\u0161orinius valdymo signalus<\/li>\n<li>7 coli\u0173 lengvai valdomas spalvotas jutiklinis ekranas palaiko modernias funkcijas<\/li>\n<li>Laikmatis ir prioritetinis kar\u0161to vandens valdymas su antilegioneli\u0173 funkcija<\/li>\n<li>Tylus veikimas garantuoja rami\u0105 aplink\u0105 ir kokybi\u0161k\u0105 mieg\u0105<\/li>\n<li>Veikia automati\u0161kai pagal naudojimo \u012fpro\u010dius<\/li>\n<li>Darbo laik\u0105 galima automati\u0161kai koreguoti atsi\u017evelgiant \u012f elektros tinkl\u0173 apkrovim\u0105<\/li>\n<li>Veikia \u0161ildymo re\u017eimu ir (arba) KVR re\u017eimu palaikydamas minimali\u0105 vandens<\/li>\n<li>Dviej\u0173 pakop\u0173 valdymas elektriniam \u0161ildytuvui \u012fjungti\/ sustabdyti, komfortui ir energijos taupymui<\/li>\n<li>Galia nuo 6 iki 20 kW, tiek renovuotiems, tiek dideliems naujiems pastatams<\/li>\n<li>Per\u017ei\u016br\u0117kite energijos suvartojimo ir COP reik\u0161mes realiuoju laiku<\/li>\n<li>Algoritmai atsi\u017evelgia \u012f aplinkos temperat\u016br\u0105, teno temperat\u016br\u0105 ir atitirpinimo laik\u0105<\/li>\n<li>Vienas valdymo skydelis valdo iki 10 vienet\u0173<\/li>\n<\/ul>\n<p>NORDIS Ultima i\u0161orin\u012f \u012frengin\u012f rekomenduojame kartu komplektuoti su\u00a0NORDIS Ultima vidiniu \u012frenginiu.<\/p>\n<p><u><em>Prie\u0161 \u012fsigijant rekomenduojame pasikonsultuoti su m\u016bs\u0173 \u012fmon\u0117s specialistais, kurie pad\u0117s parinkti tinkamiausi\u0105 \u012frengin\u012f J\u016bs\u0173 b\u016bstui.<\/em><\/u><\/p>","protected":false},"excerpt":{"rendered":"<p>N\u00d8RDIS ULTIMA R290 \u2013 ATSAKINGAS KOMFORTAS, TVARUS RYTOJUS. Saugoti aplink\u0105 \u0161iandien rei\u0161kia saugoti ateit\u012f. Tod\u0117l si\u016blome sprendimus, kurie ne tik suteikia komforti\u0161k\u0105 kasdienyb\u0119, bet ir prisideda prie atsakomyb\u0117s saugant gamt\u0105. Pristatome nauj\u0105j\u012f N\u00d8RDIS Ultima \u0161ilumos siurbl\u012f oras-vanduo, kuris nustato naujus na\u0161umo ir tvarumo standartus. Pa\u017eangiausias \u0161altne\u0161is R290, kurio GWP yra tik 3, u\u017etikrina ekologi\u0161k\u0105 ir [&hellip;]<\/p>\n","protected":false},"featured_media":7864,"template":"","meta":{"om_disable_all_campaigns":false,"_monsterinsights_skip_tracking":false,"_monsterinsights_sitenote_active":false,"_monsterinsights_sitenote_note":"","_monsterinsights_sitenote_category":0},"product_brand":[761],"product_cat":[103],"product_tag":[],"class_list":{"0":"post-7863","1":"product","2":"type-product","3":"status-publish","4":"has-post-thumbnail","6":"product_brand-nordis","7":"product_cat-oro-kondicionieriai-oras-oras","8":"pa_galingumas-10-1-12-0-kw","10":"first","11":"instock","12":"purchasable","13":"product-type-simple"},"aioseo_notices":[],"_links":{"self":[{"href":"https:\/\/izopaga.lt\/en\/wp-json\/wp\/v2\/product\/7863","targetHints":{"allow":["GET"]}}],"collection":[{"href":"https:\/\/izopaga.lt\/en\/wp-json\/wp\/v2\/product"}],"about":[{"href":"https:\/\/izopaga.lt\/en\/wp-json\/wp\/v2\/types\/product"}],"wp:featuredmedia":[{"embeddable":true,"href":"https:\/\/izopaga.lt\/en\/wp-json\/wp\/v2\/media\/7864"}],"wp:attachment":[{"href":"https:\/\/izopaga.lt\/en\/wp-json\/wp\/v2\/media?parent=7863"}],"wp:term":[{"taxonomy":"product_brand","embeddable":true,"href":"https:\/\/izopaga.lt\/en\/wp-json\/wp\/v2\/product_brand?post=7863"},{"taxonomy":"product_cat","embeddable":true,"href":"https:\/\/izopaga.lt\/en\/wp-json\/wp\/v2\/product_cat?post=7863"},{"taxonomy":"product_tag","embeddable":true,"href":"https:\/\/izopaga.lt\/en\/wp-json\/wp\/v2\/product_tag?post=7863"}],"curies":[{"name":"wp","href":"https:\/\/api.w.org\/{rel}","templated":true}]}}