{"id":7881,"date":"2026-04-20T09:18:06","date_gmt":"2026-04-20T06:18:06","guid":{"rendered":"https:\/\/izopaga.lt\/produktai\/geoterminis-silumos-siurblys-nibe-f1355-4-28-kw\/"},"modified":"2026-04-22T16:27:26","modified_gmt":"2026-04-22T13:27:26","slug":"geoterminis-silumos-siurblys-nibe-f1355-4-28-kw","status":"publish","type":"product","link":"https:\/\/izopaga.lt\/en\/produktai\/geoterminis-silumos-siurblys-nibe-f1355-4-28-kw\/","title":{"rendered":"Nibe Geoterminis \u0161ilumos siurblys gruntas vanduo NIBE F1355 4-28 kW"},"content":{"rendered":"<h1 class=\"product_title entry-title\">Nibe Geoterminis \u0161ilumos siurblys NIBE F1355 4-28 kW<\/h1>\n<div class=\"woocommerce-product-details__short-description\">\n<p>NIBE F1355 pasi\u017eymi auk\u0161tu sezoninio efektyvumo koeficientu. Vieno galingumo: 4\u201328 kW. Turint ma\u017eiau nei 5 tonas CO2 ekvivalento \u0161altne\u0161io t\u016brio kiekviename \u0161aldymo modulyje, NIBE F1355 nereikalauja kasmetinio patikrinimo. Du kompresoriai u\u017etikrina efektyv\u0173 darbo reguliavim\u0105 ir auk\u0161t\u0105 patikimum\u0105, tod\u0117l NIBE F1355 puikiai tinka patalpoms su didesniais \u0161ildymo poreikiais.<br \/>\n<a href=\"https:\/\/www.perkunibe.lt\/wp-content\/uploads\/2020\/10\/KBR-LT-Ground-source-2020-visi-produktai-F1355.pdf\" target=\"_blank\" rel=\"noopener noreferrer\">Technin\u0117s specifikacijos NIBE F1355<\/a><\/p>\n<h4>Savyb\u0117s:<\/h4>\n<ul>\n<li>Galingas ir lankstus dviej\u0173 galingum\u0173 geoterminis \u0161ilumos siurblys.<\/li>\n<li>Minimalioms eksploatacin\u0117ms i\u0161laidoms ir optimaliam sezoniniam efektyvumui u\u017etikrinti naudojama inverterio technologija.<\/li>\n<li>Draugi\u0161ka vartotojui nuotolinio valdymo i\u0161mani technologija.<\/li>\n<\/ul>\n<\/div>","protected":false},"excerpt":{"rendered":"<p>NIBE F1355 yra \u0161iuolaiki\u0161kas ir galingas, efektyvus, inverteriu valdomas geoterminis \u0161ilumos siurblys, skirtas dideliems pastatams. NIBE F1355 \u0161ilumos siurblys pats automati\u0161kai pristaiko prie namo \u0161ilumos poreikio. Tai u\u017etikrina maksimal\u0173 taupym\u0105, nes \u0161ilumos siurblys i\u0161tisus metus dirba optimaliausiu re\u017eimu be papildomos energijos naudojimo piko metu.<\/p>\n<p><strong>\u012e kain\u0105 \u012fskai\u010diuota:<\/strong><\/p>\n<ul>\n<li>Geoterminis \u0161ilumos siurblys NIBE F1355<\/li>\n<li>2 met\u0173 gamintojo garantija (suteikiama Lietuvoje eksploatuojamiems produktams)<\/li>\n<li>Pristatymas visoje Lietuvoje (D\u0117l pristatymo termino susisiekite\u00a0<a href=\"https:\/\/www.perkunibe.lt\/kontaktai\/\">https:\/\/www.perkunibe.lt\/kontaktai\/<\/a>)<\/li>\n<li>Nuotolinis servisas internetu vis\u0105 \u0161ilumos siurblio eksploatacin\u012f laikotarp\u012f (prijungus siurbl\u012f \u012f oficiali\u0105 NIBE \u0161ilumos siurbli\u0173 duomen\u0173 baz\u0119)<\/li>\n<\/ul>","protected":false},"featured_media":7882,"template":"","meta":{"om_disable_all_campaigns":false,"_monsterinsights_skip_tracking":false,"_monsterinsights_sitenote_active":false,"_monsterinsights_sitenote_note":"","_monsterinsights_sitenote_category":0},"product_brand":[],"product_cat":[415],"product_tag":[857,902,856],"class_list":{"0":"post-7881","1":"product","2":"type-product","3":"status-publish","4":"has-post-thumbnail","6":"product_cat-geoterminiai-gruntas-vanduo","7":"product_tag-nibe-geoterminis","8":"product_tag-nibe-geoterminis-silumos-siurblys-gruntas-vanduo-nibe-f1355-4-28-kw","9":"product_tag-nibe-gruntas-vanduo","10":"pa_galingumas-4-28-kw","12":"first","13":"instock","14":"purchasable","15":"product-type-simple"},"aioseo_notices":[],"_links":{"self":[{"href":"https:\/\/izopaga.lt\/en\/wp-json\/wp\/v2\/product\/7881","targetHints":{"allow":["GET"]}}],"collection":[{"href":"https:\/\/izopaga.lt\/en\/wp-json\/wp\/v2\/product"}],"about":[{"href":"https:\/\/izopaga.lt\/en\/wp-json\/wp\/v2\/types\/product"}],"wp:featuredmedia":[{"embeddable":true,"href":"https:\/\/izopaga.lt\/en\/wp-json\/wp\/v2\/media\/7882"}],"wp:attachment":[{"href":"https:\/\/izopaga.lt\/en\/wp-json\/wp\/v2\/media?parent=7881"}],"wp:term":[{"taxonomy":"product_brand","embeddable":true,"href":"https:\/\/izopaga.lt\/en\/wp-json\/wp\/v2\/product_brand?post=7881"},{"taxonomy":"product_cat","embeddable":true,"href":"https:\/\/izopaga.lt\/en\/wp-json\/wp\/v2\/product_cat?post=7881"},{"taxonomy":"product_tag","embeddable":true,"href":"https:\/\/izopaga.lt\/en\/wp-json\/wp\/v2\/product_tag?post=7881"}],"curies":[{"name":"wp","href":"https:\/\/api.w.org\/{rel}","templated":true}]}}