{"id":7887,"date":"2026-04-20T09:18:06","date_gmt":"2026-04-20T06:18:06","guid":{"rendered":"https:\/\/izopaga.lt\/produktai\/oras-vanduo-silumos-siurblys-nibe-f2040-vvm225\/"},"modified":"2026-04-20T09:18:28","modified_gmt":"2026-04-20T06:18:28","slug":"oras-vanduo-silumos-siurblys-nibe-f2040-vvm225","status":"publish","type":"product","link":"https:\/\/izopaga.lt\/en\/produktai\/oras-vanduo-silumos-siurblys-nibe-f2040-vvm225\/","title":{"rendered":"Oras-vanduo \u0161ilumos siurblys NIBE F2040 + VVM225"},"content":{"rendered":"<p>NIBE F2040 \u0161ilumos siurblys veikia i\u0161or\u0117s temperat\u016brai esant net \u201320 \u00b0C, tiekdamas iki 58 \u00b0C temperat\u016br\u0105 tiekimo linijoje.<br \/>\nnVeiksminga v\u0117sinimo funkcija leid\u017eia \u0161ilumos siurbliui sukurti komforti\u0161k\u0105 patalp\u0173 klimat\u0105 net esant auk\u0161tai i\u0161or\u0117s temperat\u016brai.<br \/>\nn<a href=\"https:\/\/www.perkunibe.lt\/wp-content\/uploads\/2020\/10\/KBR-LT-Air_Water-2020-visi-produktai-F2040.pdf\" target=\"_blank\" rel=\"noopener noreferrer\">Technin\u0117s specifikacijos lauko modulio NIBE F2040<\/a><br \/>\nn<br \/>\nnNIBE VVM 225 turi i\u0161mani\u0105, draugi\u0161k\u0105 vartotojui valdymo sistem\u0105, kuri u\u017etikrina efektyv\u0173 \u0161ildym\u0105 ir auk\u0161to na\u0161umo kar\u0161to vandens ruo\u0161im\u0105. NIBE VVM 225 yra pilnai paruo\u0161tas montavimui, nes komplekte yra vandens \u0161ildytuvas, papildoma elektrin\u0117 \u0161ildymo sistema, savireguliacinis cirkuliacinis siurblys, pripildymo vo\u017etuvas, manometras, apsauginis vo\u017etuvas ir i\u0161sipl\u0117timo indas.<br \/>\nn<a href=\"https:\/\/www.perkunibe.lt\/wp-content\/uploads\/2020\/10\/KBR-LT-Air_Water-2020-visi-produktai-VVM225.pdf\" target=\"_blank\" rel=\"noopener noreferrer\">Technin\u0117s specifikacijos vidaus modulio NIBE VVM225<\/a><br \/>\nn<\/p>\n<h4>Komplekto savyb\u0117s:<\/h4>\n<p>n<\/p>\n<ul>\nn \t<\/p>\n<li>Kompakti\u0161kas \u0161ilumos siurblys, prisitaikantis prie j\u016bs\u0173 nam\u0173 poreiki\u0173<\/li>\n<p>n \t<\/p>\n<li>Didel\u0117 galia net esant \u201320 \u00b0C temperat\u016brai ir veiksminga v\u0117sinimo funkcija<\/li>\n<p>n \t<\/p>\n<li>I\u0161mani, vartotojui draugi\u0161ka valdymo sistema<\/li>\n<p>n \t<\/p>\n<li>I\u0161mani energijos taupymo technologija maksimaliam komfortui<\/li>\n<p>n<\/ul>","protected":false},"excerpt":{"rendered":"<p>NIBE F2040 yra i\u0161manus, kompakti\u0161kas, inverteriu valdomas oras-vanduo \u0161ilumos siurblys. NIBE F2040 optimaliai taupo energij\u0105, nes \u0161ilumos siurblys i\u0161tisus metus automati\u0161kai pritaiko savo gali\u0105 prie J\u016bs\u0173 nam\u0173 poreiki\u0173.<br \/>\nn<br \/>\nn<strong>\u012e<\/strong><strong> kain\u0105 \u012fskai\u010diuota:<\/strong><br \/>\nn<\/p>\n<ul>\nn \t<\/p>\n<li>Lauko modulis NIBE F2040<\/li>\n<p>n \t<\/p>\n<li>Vidaus modulis NIBE VVM225 su integruota kar\u0161to vandens talpa (pagal EN16147 standart\u0105 175 litrai prie vidutinio komforto lygio)<\/li>\n<p>n \t<\/p>\n<li>2 met\u0173 gamintojo garantija (suteikiama Lietuvoje eksploatuojamiems produktams)<\/li>\n<p>n \t<\/p>\n<li>Paleidimo ir derinimo darbai<\/li>\n<p>n \t<\/p>\n<li>Pristatymas visoje Lietuvoje<\/li>\n<p>n \t<\/p>\n<li>Nuotolinis servisas internetu vis\u0105 \u0161ilumos siurblio eksploatacin\u012f laikotarp\u012f (prijungus siurbl\u012f prie NIBE myUplink)<\/li>\n<p>n<\/ul>","protected":false},"featured_media":7888,"template":"","meta":{"om_disable_all_campaigns":false,"_monsterinsights_skip_tracking":false,"_monsterinsights_sitenote_active":false,"_monsterinsights_sitenote_note":"","_monsterinsights_sitenote_category":0},"product_brand":[],"product_cat":[103],"product_tag":[],"class_list":{"0":"post-7887","1":"product","2":"type-product","3":"status-publish","4":"has-post-thumbnail","6":"product_cat-oro-kondicionieriai-oras-oras","7":"pa_galingumas-6-kw-8-kw","9":"first","10":"instock","11":"product-type-simple"},"aioseo_notices":[],"_links":{"self":[{"href":"https:\/\/izopaga.lt\/en\/wp-json\/wp\/v2\/product\/7887","targetHints":{"allow":["GET"]}}],"collection":[{"href":"https:\/\/izopaga.lt\/en\/wp-json\/wp\/v2\/product"}],"about":[{"href":"https:\/\/izopaga.lt\/en\/wp-json\/wp\/v2\/types\/product"}],"wp:featuredmedia":[{"embeddable":true,"href":"https:\/\/izopaga.lt\/en\/wp-json\/wp\/v2\/media\/7888"}],"wp:attachment":[{"href":"https:\/\/izopaga.lt\/en\/wp-json\/wp\/v2\/media?parent=7887"}],"wp:term":[{"taxonomy":"product_brand","embeddable":true,"href":"https:\/\/izopaga.lt\/en\/wp-json\/wp\/v2\/product_brand?post=7887"},{"taxonomy":"product_cat","embeddable":true,"href":"https:\/\/izopaga.lt\/en\/wp-json\/wp\/v2\/product_cat?post=7887"},{"taxonomy":"product_tag","embeddable":true,"href":"https:\/\/izopaga.lt\/en\/wp-json\/wp\/v2\/product_tag?post=7887"}],"curies":[{"name":"wp","href":"https:\/\/api.w.org\/{rel}","templated":true}]}}