{"id":7901,"date":"2026-04-20T09:18:06","date_gmt":"2026-04-20T06:18:06","guid":{"rendered":"https:\/\/izopaga.lt\/produktai\/istraukiamo-oro-silumos-siurblys-nibe-f470-3-kw\/"},"modified":"2026-04-20T09:18:40","modified_gmt":"2026-04-20T06:18:40","slug":"istraukiamo-oro-silumos-siurblys-nibe-f470-3-kw","status":"publish","type":"product","link":"https:\/\/izopaga.lt\/en\/produktai\/istraukiamo-oro-silumos-siurblys-nibe-f470-3-kw\/","title":{"rendered":"I\u0161traukiamo oro \u0161ilumos siurblys NIBE F470 (3 kw)"},"content":{"rendered":"<p>\u0160ilumos gamyba saugi bei ekonomi\u0161ka, kadangi \u012frenginyje integruotas kar\u0161to vandens \u0161ildytuvas, panardinamas elektrinis \u0161ildytuvas, taupieji cirkuliaciniai siurbliai bei valdymo sistema. NIBE F470 \u0161ilumos siurblys jungiamas prie \u017eematemperat\u016brin\u0117s sistemos, tokios kaip radiatoriai<br \/>\nnar grindinis \u0161ildymas. Jis taip pat paruo\u0161tas sujungti su kitais \u0161ilumos \u0161altiniais, pvz., centralizuotu \u0161ildymu.<br \/>\nnI\u0161manios technologijos d\u0117ka \u012frenginys leid\u017eia valdyti energijos suvartojim\u0105 ir yra vienas svarbiausi\u0173 J\u016bs\u0173 i\u0161mani\u0173 nam\u0173 element\u0173. Efektyvi valdymo sistema automati\u0161kai sureguliuoja vidaus klimat\u0105, kad b\u016bt\u0173 maksimalus komfortas ir tuo pa\u010diu metu J\u016bs tausojate gamt\u0105.<br \/>\nn<a href=\"https:\/\/www.perkunibe.lt\/wp-content\/uploads\/2020\/10\/KBR-LT-Exhaust-Air-2020-visi-produktai-F470.pdf\" target=\"_blank\" rel=\"noopener noreferrer\">Technin\u0117s specifikacijos NIBE F470<\/a><br \/>\nn<\/p>\n<h4>Savyb\u0117s:<\/h4>\n<p>n<\/p>\n<ul>\nn \t<\/p>\n<li>\u0160ildymas, kar\u0161tas vanduo, v\u0117dinimas su \u0161ilumos sugr\u0105\u017einimu \u2013 viskas viename.<\/li>\n<p>n \t<\/p>\n<li>Rentabilus gyvenam\u0173j\u0173 patalp\u0173 \u0161ildymas ne tik naujiems pastatams, bet ir renovuojamiems.<\/li>\n<p>n \t<\/p>\n<li>Namai su i\u0161mani\u0105ja technologija, kad gyvenimas b\u016bt\u0173 paprastesnis.<\/li>\n<p>n<\/ul>","protected":false},"excerpt":{"rendered":"<p>NIBE F470 yra i\u0161manus viskas-viename i\u0161traukiamojo oro \u0161ilumos siurblys. NIBE F470 veiksmingai, paprastai ir taupiai \u0161ildo, v\u0117dina, surenka \u0161ilum\u0105 ir tiekia kar\u0161t\u0105 vanden\u012f. Patrauklaus stilingo dizaino kompakti\u0161kam \u0161ilumos siurbliui lengva rasti viet\u0105 ir sumontuoti tiek montuojant i\u0161 naujo, tiek atnaujinant esam\u0105 \u0161ilumos siurbl\u012f.<br \/>\nn<br \/>\nn<strong>\u012e kain\u0105 \u012fskai\u010diuota:<\/strong><br \/>\nn<\/p>\n<ul>\nn \t<\/p>\n<li>I\u0161traukiamo oro \u0161ilumos siurblys NIBE F470 su integruota 217l kar\u0161to vandens talpa<\/li>\n<p>n \t<\/p>\n<li>2 met\u0173 gamintojo garantija (suteikiama Lietuvoje eksploatuojamiems produktams)<\/li>\n<p>n \t<\/p>\n<li>Pristatymas visoje Lietuvoje<\/li>\n<p>n \t<\/p>\n<li>Nuotolinis servisas internetu vis\u0105 \u0161ilumos siurblio eksploatacin\u012f laikotarp\u012f (prijungus siurbl\u012f \u012f oficiali\u0105 NIBE \u0161ilumos siurbli\u0173 duomen\u0173 baz\u0119)<\/li>\n<p>n<\/ul>","protected":false},"featured_media":7902,"template":"","meta":{"om_disable_all_campaigns":false,"_monsterinsights_skip_tracking":false,"_monsterinsights_sitenote_active":false,"_monsterinsights_sitenote_note":"","_monsterinsights_sitenote_category":0},"product_brand":[],"product_cat":[103],"product_tag":[],"class_list":{"0":"post-7901","1":"product","2":"type-product","3":"status-publish","4":"has-post-thumbnail","6":"product_cat-oro-kondicionieriai-oras-oras","7":"pa_galingumas-3-kw","9":"first","10":"instock","11":"purchasable","12":"product-type-simple"},"aioseo_notices":[],"_links":{"self":[{"href":"https:\/\/izopaga.lt\/en\/wp-json\/wp\/v2\/product\/7901","targetHints":{"allow":["GET"]}}],"collection":[{"href":"https:\/\/izopaga.lt\/en\/wp-json\/wp\/v2\/product"}],"about":[{"href":"https:\/\/izopaga.lt\/en\/wp-json\/wp\/v2\/types\/product"}],"wp:featuredmedia":[{"embeddable":true,"href":"https:\/\/izopaga.lt\/en\/wp-json\/wp\/v2\/media\/7902"}],"wp:attachment":[{"href":"https:\/\/izopaga.lt\/en\/wp-json\/wp\/v2\/media?parent=7901"}],"wp:term":[{"taxonomy":"product_brand","embeddable":true,"href":"https:\/\/izopaga.lt\/en\/wp-json\/wp\/v2\/product_brand?post=7901"},{"taxonomy":"product_cat","embeddable":true,"href":"https:\/\/izopaga.lt\/en\/wp-json\/wp\/v2\/product_cat?post=7901"},{"taxonomy":"product_tag","embeddable":true,"href":"https:\/\/izopaga.lt\/en\/wp-json\/wp\/v2\/product_tag?post=7901"}],"curies":[{"name":"wp","href":"https:\/\/api.w.org\/{rel}","templated":true}]}}