{"id":7906,"date":"2026-04-20T09:18:06","date_gmt":"2026-04-20T06:18:06","guid":{"rendered":"https:\/\/izopaga.lt\/produktai\/oras-vanduo-silumos-siurblys-nibe-s2125vvm225-8-kw\/"},"modified":"2026-04-22T16:42:36","modified_gmt":"2026-04-22T13:42:36","slug":"oras-vanduo-silumos-siurblys-nibe-s2125vvm225-8-kw","status":"publish","type":"product","link":"https:\/\/izopaga.lt\/en\/produktai\/oras-vanduo-silumos-siurblys-nibe-s2125vvm225-8-kw\/","title":{"rendered":"Nibe Oras-vanduo \u0161ilumos siurblys NIBE S2125+VVM225 &#8211; 8 kw"},"content":{"rendered":"<h1 class=\"product_title entry-title\">Nibe Oras-vanduo \u0161ilumos siurblys NIBE S2125+VVM225 (8 kw)<\/h1>\n<div class=\"woocommerce-product-details__short-description\">\n<p>NIBE S2125 \u2013 itin efektyvus \u0161ilumos siurblys. Jo darbinis diapazonas yra auk\u0161\u010diausias klas\u0117je. \u0160ilumo siurblys u\u017etikrina tiekiamo srauto temperat\u016br\u0105 iki 75 \u00b0C. Net i\u0161or\u0117s temperat\u016brai nukritus iki \u201325 \u00b0C, vis dar u\u017etikrinama iki 65 \u00b0C temperat\u016bra, o garso lygis yra \u017eemas. NIBE S2125 jungimas yra trifazis, tod\u0117l elektros instaliacija paprasta.<br \/>\n<a href=\"https:\/\/www.perkunibe.lt\/wp-content\/uploads\/2022\/11\/CIL-LT-S2125-M12626-1.pdf\">Technin\u0117s specifikacijos lauko modulio NIBE S2125<\/a><\/p>\n<p>NIBE VVM 225 turi i\u0161mani\u0105, draugi\u0161k\u0105 vartotojui valdymo sistem\u0105, kuri u\u017etikrina efektyv\u0173 \u0161ildym\u0105 ir auk\u0161to na\u0161umo kar\u0161to vandens ruo\u0161im\u0105. NIBE VVM 225 yra pilnai paruo\u0161tas montavimui, nes komplekte yra vandens \u0161ildytuvas, papildoma elektrin\u0117 \u0161ildymo sistema, savireguliacinis cirkuliacinis siurblys, pripildymo vo\u017etuvas, manometras, apsauginis vo\u017etuvas ir i\u0161sipl\u0117timo indas.<br \/>\n<a href=\"https:\/\/www.perkunibe.lt\/wp-content\/uploads\/2020\/10\/KBR-LT-Air_Water-2020-visi-produktai-VVM225.pdf\" target=\"_blank\" rel=\"noopener noreferrer\">Technin\u0117s specifikacijos vidaus modulio NIBE VVM225<\/a><\/p>\n<h4>Komplekto savyb\u0117s:<\/h4>\n<ul>\n<li>Efektyviausias savo klas\u0117je \u2013 sezoninis na\u0161umo koeficientas net 5.0<\/li>\n<li>Did\u017eiausias klas\u0117je darbinis diapazonas: tiekiamo srauto temperat\u016bra yra iki 75 \u00b0C ir net 65 \u00b0C, kai i\u0161or\u0117s temperat\u016bra \u201325 \u00b0C<\/li>\n<li>Ypatingai tylus, net veikiant visa galia<\/li>\n<li>I\u0161mani, vartotojui draugi\u0161ka valdymo sistema<\/li>\n<li>I\u0161mani energijos taupymo technologija maksimaliam komfortui<\/li>\n<\/ul>\n<\/div>","protected":false},"excerpt":{"rendered":"<p>NIBE S serijos naujausias oras-vanduo \u0161ilumos siurblys, inverteriu valdomas monoblokas, kuris \u0161ildo, v\u0117sina ir tiekia kar\u0161t\u0105 vanden\u012f. S2125 pagamina penkis kartus daugiau \u0161ilumos per metus nei elektrinis \u0161ildytuvas, sunaudojantis tiek pat energijos \u2013 sezoninis na\u0161umo faktorius (SCOP) yra 5,0. NIBE S2125 optimaliai taupo energij\u0105, nes \u0161ilumos siurblys i\u0161tisus metus automati\u0161kai pritaiko savo gali\u0105 prie j\u016bs\u0173 nam\u0173 poreiki\u0173.<\/p>\n<p><strong>\u012e kain\u0105 \u012fskai\u010diuota:<\/strong><\/p>\n<ul>\n<li>Lauko modulis NIBE S2125 (8 kw)<\/li>\n<li>Vidaus modulis NIBE VVM225 su integruota kar\u0161to vandens talpa (pagal EN16147 standart\u0105 175 litrai prie vidutinio komforto lygio)<\/li>\n<li>2 met\u0173 gamintojo garantija (suteikiama Lietuvoje eksploatuojamiems produktams)<\/li>\n<li>Pristatymas visoje Lietuvoje (i\u0161skyrus Nering\u0105)<\/li>\n<li>Nuotolinis servisas internetu vis\u0105 \u0161ilumos siurblio eksploatacin\u012f laikotarp\u012f (prijungus siurbl\u012f \u012f oficiali\u0105 NIBE \u0161ilumos siurbli\u0173 duomen\u0173 baz\u0119)<\/li>\n<\/ul>","protected":false},"featured_media":7907,"template":"","meta":{"om_disable_all_campaigns":false,"_monsterinsights_skip_tracking":false,"_monsterinsights_sitenote_active":false,"_monsterinsights_sitenote_note":"","_monsterinsights_sitenote_category":0},"product_brand":[],"product_cat":[48],"product_tag":[859,905],"class_list":{"0":"post-7906","1":"product","2":"type-product","3":"status-publish","4":"has-post-thumbnail","6":"product_cat-silumos-siurbliai-oras-vanduo","7":"product_tag-nibe-oras-vanduo","8":"product_tag-nibe-oras-vanduo-silumos-siurblys-nibe-s2125vvm225-8-kw","9":"pa_galingumas-8-kw","11":"first","12":"instock","13":"purchasable","14":"product-type-simple"},"aioseo_notices":[],"_links":{"self":[{"href":"https:\/\/izopaga.lt\/en\/wp-json\/wp\/v2\/product\/7906","targetHints":{"allow":["GET"]}}],"collection":[{"href":"https:\/\/izopaga.lt\/en\/wp-json\/wp\/v2\/product"}],"about":[{"href":"https:\/\/izopaga.lt\/en\/wp-json\/wp\/v2\/types\/product"}],"wp:featuredmedia":[{"embeddable":true,"href":"https:\/\/izopaga.lt\/en\/wp-json\/wp\/v2\/media\/7907"}],"wp:attachment":[{"href":"https:\/\/izopaga.lt\/en\/wp-json\/wp\/v2\/media?parent=7906"}],"wp:term":[{"taxonomy":"product_brand","embeddable":true,"href":"https:\/\/izopaga.lt\/en\/wp-json\/wp\/v2\/product_brand?post=7906"},{"taxonomy":"product_cat","embeddable":true,"href":"https:\/\/izopaga.lt\/en\/wp-json\/wp\/v2\/product_cat?post=7906"},{"taxonomy":"product_tag","embeddable":true,"href":"https:\/\/izopaga.lt\/en\/wp-json\/wp\/v2\/product_tag?post=7906"}],"curies":[{"name":"wp","href":"https:\/\/api.w.org\/{rel}","templated":true}]}}