{"id":7917,"date":"2026-04-20T09:19:34","date_gmt":"2026-04-20T06:19:34","guid":{"rendered":"https:\/\/izopaga.lt\/produktai\/geoterminis-silumos-siurblys-nibe-f1245-6-kw\/"},"modified":"2026-04-22T11:51:30","modified_gmt":"2026-04-22T08:51:30","slug":"geoterminis-silumos-siurblys-nibe-f1245-6-kw","status":"publish","type":"product","link":"https:\/\/izopaga.lt\/en\/produktai\/geoterminis-silumos-siurblys-nibe-f1245-6-kw\/","title":{"rendered":"Nibe Geoterminis \u0161ilumos siurblys gruntas vanduo NIBE F1245 &#8211; 6 kw"},"content":{"rendered":"<h1 class=\"product_title entry-title\">Nibe Geoterminis \u0161ilumos siurblys NIBE F1245<\/h1>\n<p>NIBE F1245 galima rinktis i\u0161 keturi\u0173 galingum\u0173: 6, 8, 10 ir 12 kW. Tinkamas tiek gyvenamuose, tiek komerciniuose pastatuose.<br \/>\nI\u0161manios technologijos d\u0117ka \u012frenginys leid\u017eia valdyti energijos suvartojim\u0105 ir yra vienas svarbiausi\u0173 J\u016bs\u0173 i\u0161mani\u0173 nam\u0173 element\u0173. Efektyvi valdymo sistema automati\u0161kai sureguliuoja vidaus klimat\u0105, kad b\u016bt\u0173 maksimalus komfortas ir tuo pa\u010diu metu J\u016bs tausojate gamt\u0105.<br \/>\n<a href=\"https:\/\/www.perkunibe.lt\/wp-content\/uploads\/2020\/10\/KBR-LT-Ground-source-2020-visi-produktai-F1245.pdf\" target=\"_blank\" rel=\"noopener noreferrer\">Technin\u0117s specifikacijos NIBE F1245<\/a><\/p>\n<h4>Savyb\u0117s:<\/h4>\n<ul>\n<li>Efektyvus \u0161ilumos siurblys su integruotu vandens \u0161ildytuvu.<\/li>\n<li>Auk\u0161tas sezoninio efektyvumo koeficientas.<\/li>\n<li>Vartotojui draugi\u0161kas valdymas ir i\u0161mani energijos taupymo technologija maksimaliam komfortui pasiekti.<\/li>\n<\/ul>","protected":false},"excerpt":{"rendered":"<p>NIBE F1245 yra \u0161iuolaiki\u0161kas geoterminis \u0161ilumos siurblys su integruotu 180l kar\u0161to vandens \u0161ildytuvu. NIBE F1245 pasi\u017eymi auk\u0161tu sezoninio efektyvumo koeficientu.<\/p>\n<p><strong>\u012e kain\u0105 \u012fskai\u010diuota:<\/strong><\/p>\n<ul>\n<li>Geoterminis \u0161ilumos siurblys NIBE F1245 su integruota 180l kar\u0161to vandens talpa<\/li>\n<li>2 met\u0173 gamintojo garantija (suteikiama Lietuvoje eksploatuojamiems produktams)<\/li>\n<li>Pristatymas visoje Lietuvoje<\/li>\n<li>Nuotolinis servisas internetu vis\u0105 \u0161ilumos siurblio eksploatacin\u012f laikotarp\u012f (prijungus siurbl\u012f \u012f oficiali\u0105 NIBE \u0161ilumos siurbli\u0173 duomen\u0173 baz\u0119)<\/li>\n<\/ul>","protected":false},"featured_media":7884,"template":"","meta":{"om_disable_all_campaigns":false,"_monsterinsights_skip_tracking":false,"_monsterinsights_sitenote_active":false,"_monsterinsights_sitenote_note":"","_monsterinsights_sitenote_category":0},"product_brand":[],"product_cat":[415],"product_tag":[857,897,856],"class_list":{"0":"post-7917","1":"product","2":"type-product","3":"status-publish","4":"has-post-thumbnail","6":"product_cat-geoterminiai-gruntas-vanduo","7":"product_tag-nibe-geoterminis","8":"product_tag-nibe-geoterminis-silumos-siurblys-gruntas-vanduo-nibe-f1245-6-kw","9":"product_tag-nibe-gruntas-vanduo","10":"pa_galingumas-6-kw","12":"first","13":"instock","14":"sale","15":"purchasable","16":"product-type-simple"},"aioseo_notices":[],"_links":{"self":[{"href":"https:\/\/izopaga.lt\/en\/wp-json\/wp\/v2\/product\/7917","targetHints":{"allow":["GET"]}}],"collection":[{"href":"https:\/\/izopaga.lt\/en\/wp-json\/wp\/v2\/product"}],"about":[{"href":"https:\/\/izopaga.lt\/en\/wp-json\/wp\/v2\/types\/product"}],"wp:featuredmedia":[{"embeddable":true,"href":"https:\/\/izopaga.lt\/en\/wp-json\/wp\/v2\/media\/7884"}],"wp:attachment":[{"href":"https:\/\/izopaga.lt\/en\/wp-json\/wp\/v2\/media?parent=7917"}],"wp:term":[{"taxonomy":"product_brand","embeddable":true,"href":"https:\/\/izopaga.lt\/en\/wp-json\/wp\/v2\/product_brand?post=7917"},{"taxonomy":"product_cat","embeddable":true,"href":"https:\/\/izopaga.lt\/en\/wp-json\/wp\/v2\/product_cat?post=7917"},{"taxonomy":"product_tag","embeddable":true,"href":"https:\/\/izopaga.lt\/en\/wp-json\/wp\/v2\/product_tag?post=7917"}],"curies":[{"name":"wp","href":"https:\/\/api.w.org\/{rel}","templated":true}]}}