{"id":7930,"date":"2026-04-20T09:19:34","date_gmt":"2026-04-20T06:19:34","guid":{"rendered":"https:\/\/izopaga.lt\/produktai\/oras-vanduo-silumos-siurblys-nibe-split-hbs05ams10vvm-310-16-kw\/"},"modified":"2026-04-22T15:26:16","modified_gmt":"2026-04-22T12:26:16","slug":"oras-vanduo-silumos-siurblys-nibe-split-hbs05ams10vvm-310-16-kw","status":"publish","type":"product","link":"https:\/\/izopaga.lt\/en\/produktai\/oras-vanduo-silumos-siurblys-nibe-split-hbs05ams10vvm-310-16-kw\/","title":{"rendered":"Nibe Oras-vanduo \u0161ilumos siurblys NIBE Split HBS05+AMS10+VVM 310 &#8211; 16 kw"},"content":{"rendered":"<h1 class=\"product_title entry-title\">Nibe Oras-vanduo \u0161ilumos siurblys NIBE Split HBS05+AMS10+VVM 310 16 kw<\/h1>\n<p>NIBE SPLIT HBS 05 veikia i\u0161or\u0117s temperat\u016brai esant net \u201320 \u00b0C, tiekdamas iki 58 \u00b0C temperat\u016br\u0105 tiekimo linijoje. Veiksminga v\u0117sinimo funkcija leid\u017eia \u0161ilumos siurbliui sukurti komforti\u0161k\u0105 patalp\u0173 klimat\u0105 net esant auk\u0161tai i\u0161or\u0117s temperat\u016brai.<br \/>\n<a href=\"https:\/\/www.perkunibe.lt\/wp-content\/uploads\/2020\/10\/KBR-LT-Air_Water-2020-visi-produktai-SplitHBS05AMS10.pdf\" target=\"_blank\" rel=\"noopener noreferrer\">Technin\u0117s specifikacijos lauko modulio NIBE SPLIT HBS 05<\/a><\/p>\n<p>NIBE VVM 310 yra suprojektuotas jungti su bet kokiu NIBE \u0161ilumos siurbliu oras-vanduo labai veiksmingai, universaliai klimato sistemai sukurti j\u016bs\u0173 namuose. NIBE VVM 310 turi i\u0161mani\u0105, lengv\u0105 naudoti valdymo sistem\u0105, kuri na\u0161iai tiekia efektyv\u0173 \u0161ildym\u0105 \/ v\u0117sinim\u0105 ir kar\u0161t\u0105 vanden\u012f. NIBE VVM 310 \u012frengti labai paprasta, nes prid\u0117ti vandens \u0161ildytuvas, elektrinis papildomas \u0161ildymo ir automatinio reguliavimo cirkuliacijos siurbliai. I\u0161manioji gaminio technologija leid\u017eia kontroliuoti suvartojam\u0105 energijos kiek\u012f ir yra svarbi j\u016bs\u0173 nam\u0173 dalis. Veiksminga valdymo sistema automati\u0161kai sureguliuoja patalp\u0173 or\u0105 did\u017eiausiam komforto lygiui u\u017etikrinti, o j\u016bs tuo pat metu tausojate gamt\u0105.<br \/>\n<a href=\"https:\/\/www.perkunibe.lt\/wp-content\/uploads\/2020\/10\/KBR-LT-Air_Water-2020-visi-produktai-34-1.pdf\" target=\"_blank\" rel=\"noopener noreferrer\">Technin\u0117s specifikacijos vidaus modulio NIBE VVM310<\/a><\/p>\n<h4>Komplekto savyb\u0117s:<\/h4>\n<ul>\n<li>Kompakti\u0161kas \u0161ilumos siurblys, prisitaikantis prie j\u016bs\u0173 nam\u0173 poreiki\u0173<\/li>\n<li>Didel\u0117 galia net esant \u201320 \u00b0C temperat\u016brai ir veiksminga v\u0117sinimo funkcija<\/li>\n<li>I\u0161mani, vartotojui draugi\u0161ka valdymo sistema<\/li>\n<li>Integruotas bevielis ry\u0161ys, lie\u010diamas ekranas<\/li>\n<li>Lengvai valdoma energijos taupymo technologija maksimaliam komfortui<\/li>\n<\/ul>","protected":false},"excerpt":{"rendered":"<p>NIBE SPLIT HBS 05 yra i\u0161manus, kompakti\u0161kas, inverteriu valdomas oras-vanduo \u0161ilumos siurblys. I\u0161orinis modulis NIBE AMS 10 \u0161altne\u0161io vamzd\u017eiais yra sujungtas su viduje esan\u010diu NIBE HBS 05 prijungimo bloku. NIBE SPLIT optimaliai taupo energij\u0105, nes \u0161ilumos siurblys i\u0161tisus metus automati\u0161kai pritaiko savo gali\u0105 prie patalp\u0173 poreiki\u0173.<\/p>\n<p><strong>\u012e kain\u0105 \u012fskai\u010diuota:<\/strong><\/p>\n<ul>\n<li>Lauko modulis NIBE AMS10 (16 kw)<\/li>\n<li>Vidaus modulis NIBE VVM 310 su integruota 240l kar\u0161to vandens talpa<\/li>\n<li>NIBE SPLIT d\u0117\u017e\u0117 HBS05<\/li>\n<li>2 met\u0173 gamintojo garantija (suteikiama Lietuvoje eksploatuojamiems produktams)<\/li>\n<li>Pristatymas visoje Lietuvoje (i\u0161skyrus Nering\u0105)<\/li>\n<li>Nuotolinis servisas internetu vis\u0105 \u0161ilumos siurblio eksploatacin\u012f laikotarp\u012f (prijungus siurbl\u012f \u012f oficiali\u0105 NIBE \u0161ilumos siurbli\u0173 duomen\u0173 baz\u0119)<\/li>\n<\/ul>","protected":false},"featured_media":7931,"template":"","meta":{"om_disable_all_campaigns":false,"_monsterinsights_skip_tracking":false,"_monsterinsights_sitenote_active":false,"_monsterinsights_sitenote_note":"","_monsterinsights_sitenote_category":0},"product_brand":[],"product_cat":[48],"product_tag":[859,899],"class_list":{"0":"post-7930","1":"product","2":"type-product","3":"status-publish","4":"has-post-thumbnail","6":"product_cat-silumos-siurbliai-oras-vanduo","7":"product_tag-nibe-oras-vanduo","8":"product_tag-nibe-oras-vanduo-silumos-siurblys-nibe-split-hbs05ams10vvm-310-16-kw","9":"pa_galingumas-16-kw","11":"first","12":"instock","13":"purchasable","14":"product-type-simple"},"aioseo_notices":[],"_links":{"self":[{"href":"https:\/\/izopaga.lt\/en\/wp-json\/wp\/v2\/product\/7930","targetHints":{"allow":["GET"]}}],"collection":[{"href":"https:\/\/izopaga.lt\/en\/wp-json\/wp\/v2\/product"}],"about":[{"href":"https:\/\/izopaga.lt\/en\/wp-json\/wp\/v2\/types\/product"}],"wp:featuredmedia":[{"embeddable":true,"href":"https:\/\/izopaga.lt\/en\/wp-json\/wp\/v2\/media\/7931"}],"wp:attachment":[{"href":"https:\/\/izopaga.lt\/en\/wp-json\/wp\/v2\/media?parent=7930"}],"wp:term":[{"taxonomy":"product_brand","embeddable":true,"href":"https:\/\/izopaga.lt\/en\/wp-json\/wp\/v2\/product_brand?post=7930"},{"taxonomy":"product_cat","embeddable":true,"href":"https:\/\/izopaga.lt\/en\/wp-json\/wp\/v2\/product_cat?post=7930"},{"taxonomy":"product_tag","embeddable":true,"href":"https:\/\/izopaga.lt\/en\/wp-json\/wp\/v2\/product_tag?post=7930"}],"curies":[{"name":"wp","href":"https:\/\/api.w.org\/{rel}","templated":true}]}}