{"id":7946,"date":"2026-04-20T09:20:44","date_gmt":"2026-04-20T06:20:44","guid":{"rendered":"https:\/\/izopaga.lt\/produktai\/tvirtinimo-prie-zemes-laikiklis-nibe-ams10\/"},"modified":"2026-04-20T09:21:01","modified_gmt":"2026-04-20T06:21:01","slug":"tvirtinimo-prie-zemes-laikiklis-nibe-ams10","status":"publish","type":"product","link":"https:\/\/izopaga.lt\/en\/produktai\/tvirtinimo-prie-zemes-laikiklis-nibe-ams10\/","title":{"rendered":"Tvirtinimo prie \u017eem\u0117s laikiklis NIBE AMS10"},"content":{"rendered":"","protected":false},"excerpt":{"rendered":"<p>Montavimui ant \u017eem\u0117s.<\/p>","protected":false},"featured_media":7947,"template":"","meta":{"om_disable_all_campaigns":false,"_monsterinsights_skip_tracking":false,"_monsterinsights_sitenote_active":false,"_monsterinsights_sitenote_note":"","_monsterinsights_sitenote_category":0},"product_brand":[],"product_cat":[103],"product_tag":[],"class_list":{"0":"post-7946","1":"product","2":"type-product","3":"status-publish","4":"has-post-thumbnail","6":"product_cat-oro-kondicionieriai-oras-oras","8":"first","9":"instock","10":"purchasable","11":"product-type-simple"},"aioseo_notices":[],"_links":{"self":[{"href":"https:\/\/izopaga.lt\/en\/wp-json\/wp\/v2\/product\/7946","targetHints":{"allow":["GET"]}}],"collection":[{"href":"https:\/\/izopaga.lt\/en\/wp-json\/wp\/v2\/product"}],"about":[{"href":"https:\/\/izopaga.lt\/en\/wp-json\/wp\/v2\/types\/product"}],"wp:featuredmedia":[{"embeddable":true,"href":"https:\/\/izopaga.lt\/en\/wp-json\/wp\/v2\/media\/7947"}],"wp:attachment":[{"href":"https:\/\/izopaga.lt\/en\/wp-json\/wp\/v2\/media?parent=7946"}],"wp:term":[{"taxonomy":"product_brand","embeddable":true,"href":"https:\/\/izopaga.lt\/en\/wp-json\/wp\/v2\/product_brand?post=7946"},{"taxonomy":"product_cat","embeddable":true,"href":"https:\/\/izopaga.lt\/en\/wp-json\/wp\/v2\/product_cat?post=7946"},{"taxonomy":"product_tag","embeddable":true,"href":"https:\/\/izopaga.lt\/en\/wp-json\/wp\/v2\/product_tag?post=7946"}],"curies":[{"name":"wp","href":"https:\/\/api.w.org\/{rel}","templated":true}]}}