{"id":7948,"date":"2026-04-20T09:20:44","date_gmt":"2026-04-20T06:20:44","guid":{"rendered":"https:\/\/izopaga.lt\/produktai\/vedinimo-irenginys-nibe-ers-s10-400\/"},"modified":"2026-04-20T09:21:18","modified_gmt":"2026-04-20T06:21:18","slug":"vedinimo-irenginys-nibe-ers-s10-400","status":"publish","type":"product","link":"https:\/\/izopaga.lt\/en\/produktai\/vedinimo-irenginys-nibe-ers-s10-400\/","title":{"rendered":"V\u0117dinimo \u012frenginys NIBE ERS S10-400"},"content":{"rendered":"","protected":false},"excerpt":{"rendered":"<div class=\"expandCollapseComponent\">\nn<\/p>\n<div class=\"expandCollapseComponent-container\">\nn<\/p>\n<div class=\"expandCollapseComponent-content\">\nn<br \/>\nnTai \u0161ilumos atgavimo v\u0117dinimo \u012frenginys, pasi\u017eymintis dideliu temperat\u016bros efektyvumu iki 92 % ir ma\u017eomis energijos s\u0105naudomis. \u0160ilumos atgavimo v\u0117dinimo \u012frenginys naudojamas iki ma\u017edaug 300 m2 ploto namuose. NIBE ERS S10-400 yra suprojektuotas \u012frengti su NIBE geoterminiu \u0161ilumos siurbliu arba NIBE \u0161ilumos siurbliu oras-vanduo visapusi\u0161kai \u0161ildymo ir v\u0117dinimo sistemai. \u0160ilumos atgavimo v\u0117dinimo \u012frenginys lengvai valdomas \u0161ilumos siurbliu. NIBE S serija yra nat\u016brali j\u016bs\u0173 i\u0161mani\u0173 nam\u0173 dalis. I\u0161manioji technologija automati\u0161kai reguliuoja patalp\u0173 klimat\u0105, o j\u016bs galite visi\u0161kai valdyti \u0161ilumoms siurbl\u012f i\u0161 savo telefono ar plan\u0161etinio kompiuterio. Maksimalus patogumas, minimalios energijos s\u0105naudos ir tuo pa\u010diu metu pagalba gamtai.<br \/>\nn<br \/>\nn<\/div>\n<p>n<\/p><\/div>\n<p>n<\/p><\/div>","protected":false},"featured_media":7949,"template":"","meta":{"om_disable_all_campaigns":false,"_monsterinsights_skip_tracking":false,"_monsterinsights_sitenote_active":false,"_monsterinsights_sitenote_note":"","_monsterinsights_sitenote_category":0},"product_brand":[],"product_cat":[103],"product_tag":[],"class_list":{"0":"post-7948","1":"product","2":"type-product","3":"status-publish","4":"has-post-thumbnail","6":"product_cat-oro-kondicionieriai-oras-oras","8":"first","9":"instock","10":"purchasable","11":"product-type-simple"},"aioseo_notices":[],"_links":{"self":[{"href":"https:\/\/izopaga.lt\/en\/wp-json\/wp\/v2\/product\/7948","targetHints":{"allow":["GET"]}}],"collection":[{"href":"https:\/\/izopaga.lt\/en\/wp-json\/wp\/v2\/product"}],"about":[{"href":"https:\/\/izopaga.lt\/en\/wp-json\/wp\/v2\/types\/product"}],"wp:featuredmedia":[{"embeddable":true,"href":"https:\/\/izopaga.lt\/en\/wp-json\/wp\/v2\/media\/7949"}],"wp:attachment":[{"href":"https:\/\/izopaga.lt\/en\/wp-json\/wp\/v2\/media?parent=7948"}],"wp:term":[{"taxonomy":"product_brand","embeddable":true,"href":"https:\/\/izopaga.lt\/en\/wp-json\/wp\/v2\/product_brand?post=7948"},{"taxonomy":"product_cat","embeddable":true,"href":"https:\/\/izopaga.lt\/en\/wp-json\/wp\/v2\/product_cat?post=7948"},{"taxonomy":"product_tag","embeddable":true,"href":"https:\/\/izopaga.lt\/en\/wp-json\/wp\/v2\/product_tag?post=7948"}],"curies":[{"name":"wp","href":"https:\/\/api.w.org\/{rel}","templated":true}]}}