{"id":7950,"date":"2026-04-20T09:20:44","date_gmt":"2026-04-20T06:20:44","guid":{"rendered":"https:\/\/izopaga.lt\/produktai\/vedinimo-irenginys-nibe-ers-20-250\/"},"modified":"2026-04-20T09:21:34","modified_gmt":"2026-04-20T06:21:34","slug":"vedinimo-irenginys-nibe-ers-20-250","status":"publish","type":"product","link":"https:\/\/izopaga.lt\/en\/produktai\/vedinimo-irenginys-nibe-ers-20-250\/","title":{"rendered":"V\u0117dinimo \u012frenginys NIBE ERS 20-250"},"content":{"rendered":"","protected":false},"excerpt":{"rendered":"<p>NIBE ERS 20-250 \u2013 tai \u0161ilumos atgavimo v\u0117dinimo \u012frenginys, pasi\u017eymintis dideliu temperat\u016bros efektyvumu iki 92 % ir ma\u017eomis energijos s\u0105naudomis. \u0160ilumos atgavimo v\u0117dinimo \u012frenginys naudojamas iki 200 m2 ploto namuose. NIBE ERS 20-250 yra suprojektuotas \u012frengti su NIBE geoterminiu \u0161ilumos siurbliu arba NIBE \u0161ilumos siurbliu oras-vanduo integruotai \u0161ildymo, kar\u0161to vandens ir v\u0117dinimo sistemai. \u0160ilumos atgavimo v\u0117dinimo \u012frenginys lengvai valdomas \u0161ilumos siurbliu. I\u0161manioji gaminio technologija leid\u017eia kontroliuoti suvartojam\u0105 energijos kiek\u012f ir bus svarbi j\u016bs\u0173 gyvenimo b\u016bdo dalis. Veiksminga valdymo sistema automati\u0161kai sureguliuoja patalp\u0173 or\u0105 did\u017eiausiam komforto lygiui u\u017etikrinti, o j\u016bs tuo pat metu tausojate gamt\u0105.<\/p>","protected":false},"featured_media":7951,"template":"","meta":{"om_disable_all_campaigns":false,"_monsterinsights_skip_tracking":false,"_monsterinsights_sitenote_active":false,"_monsterinsights_sitenote_note":"","_monsterinsights_sitenote_category":0},"product_brand":[],"product_cat":[103],"product_tag":[],"class_list":{"0":"post-7950","1":"product","2":"type-product","3":"status-publish","4":"has-post-thumbnail","6":"product_cat-oro-kondicionieriai-oras-oras","8":"first","9":"instock","10":"purchasable","11":"product-type-simple"},"aioseo_notices":[],"_links":{"self":[{"href":"https:\/\/izopaga.lt\/en\/wp-json\/wp\/v2\/product\/7950","targetHints":{"allow":["GET"]}}],"collection":[{"href":"https:\/\/izopaga.lt\/en\/wp-json\/wp\/v2\/product"}],"about":[{"href":"https:\/\/izopaga.lt\/en\/wp-json\/wp\/v2\/types\/product"}],"wp:featuredmedia":[{"embeddable":true,"href":"https:\/\/izopaga.lt\/en\/wp-json\/wp\/v2\/media\/7951"}],"wp:attachment":[{"href":"https:\/\/izopaga.lt\/en\/wp-json\/wp\/v2\/media?parent=7950"}],"wp:term":[{"taxonomy":"product_brand","embeddable":true,"href":"https:\/\/izopaga.lt\/en\/wp-json\/wp\/v2\/product_brand?post=7950"},{"taxonomy":"product_cat","embeddable":true,"href":"https:\/\/izopaga.lt\/en\/wp-json\/wp\/v2\/product_cat?post=7950"},{"taxonomy":"product_tag","embeddable":true,"href":"https:\/\/izopaga.lt\/en\/wp-json\/wp\/v2\/product_tag?post=7950"}],"curies":[{"name":"wp","href":"https:\/\/api.w.org\/{rel}","templated":true}]}}