{"id":7960,"date":"2026-04-20T09:36:36","date_gmt":"2026-04-20T06:36:36","guid":{"rendered":"https:\/\/izopaga.lt\/produktai\/oras-vanduo-silumos-siurblys-nibe-split-ba-svme-ams10-8-kw\/"},"modified":"2026-04-22T11:15:47","modified_gmt":"2026-04-22T08:15:47","slug":"oras-vanduo-silumos-siurblys-nibe-split-ba-svme-ams10-8-kw","status":"publish","type":"product","link":"https:\/\/izopaga.lt\/en\/produktai\/oras-vanduo-silumos-siurblys-nibe-split-ba-svme-ams10-8-kw\/","title":{"rendered":"Nibe Oras-vanduo \u0161ilumos siurblys NIBE Split BA-SVM(E) + AMS10 &#8211; 8 kw"},"content":{"rendered":"<h1 class=\"product_title entry-title\">Nibe Oras-vanduo \u0161ilumos siurblys NIBE Split BA-SVM(E) + AMS10 (8 kw)<\/h1>\n<p>NIBE BA-SVM veikia i\u0161or\u0117s temperat\u016brai esant net \u201320\u00b0C tiekdamas iki 58\u00b0C temperat\u016br\u0105 tiekimo linijoje. Veiksminga v\u0117sinimo funkcija leid\u017eia \u0161ilumos siurbliui sukurti komforti\u0161k\u0105 patalp\u0173 klimat\u0105 net esant auk\u0161tai lauko temperat\u016brai.<br \/>\nI\u0161manioji gaminio technologija leid\u017eia kontroliuoti suvartojam\u0105 energijos kiek\u012f ir yra svarbi j\u016bs\u0173 nam\u0173 dalis. Veiksminga valdymo sistema automati\u0161kai sureguliuoja patalp\u0173 or\u0105 did\u017eiausiam komforto lygiui u\u017etikrinti, o j\u016bs tuo pa\u010diu metu tausojate gamt\u0105.<br \/>\n<a href=\"https:\/\/www.perkunibe.lt\/wp-content\/uploads\/2025\/01\/CIL-LT-SPLIT-BA-SVM-20-200-_-AMS-20-M13695-2502_updated.pdf\" target=\"_blank\" rel=\"noopener noreferrer\">Technin\u0117s specifikacijos NIBE SPLIT BA-SVM + AMS10<\/a><\/p>\n<h4>Komplekto savyb\u0117s:<\/h4>\n<ul>\n<li>Klimato sistema efektyviai taupo energij\u0105.<\/li>\n<li>Didelis na\u0161umas esant net \u201320 \u00b0C temperat\u016brai ir veiksminga v\u0117sinimo funkcija.<\/li>\n<li>J\u016bs\u0173 i\u0161mani\u0173 nam\u0173 dalis \u2013 valdykite savo nam\u0173 komfort\u0105 ir jaukum\u0105 internetu, naudodami NIBE Uplink.<\/li>\n<\/ul>","protected":false},"excerpt":{"rendered":"<p>NIBE BA-SVM yra kompakti\u0161kas vidaus modulis, tinkantis kombinuotoms \u0161ildymo sistemoms oras-vanduo. I\u0161orinis modulis AMS \u0161altne\u0161io vamzd\u017eiais sujungiamas su NIBE BA-SVM. NIBE BA-SVM leid\u017eia optimaliai taupyti, nes \u0161ilumos siurblys i\u0161tisus metus automati\u0161kai pritaiko savo gali\u0105 prie patalp\u0173 poreiki\u0173.<\/p>\n<p><strong>\u012e kain\u0105 \u012fskai\u010diuota:<\/strong><\/p>\n<ul>\n<li>Lauko modulis NIBE AMS10<\/li>\n<li>Vidaus modulis NIBE BA-SVM 20-200 su integruota 180l kar\u0161to vandens talpa (emaliuota)<\/li>\n<li>2 met\u0173 gamintojo garantija (suteikiama Lietuvoje eksploatuojamiems produktams)<\/li>\n<li>Pristatymas visoje Lietuvoje (i\u0161skyrus Nering\u0105)<\/li>\n<li>Nuotolinis servisas internetu vis\u0105 \u0161ilumos siurblio eksploatacin\u012f laikotarp\u012f (prijungus siurbl\u012f \u012f oficiali\u0105 NIBE \u0161ilumos siurbli\u0173 duomen\u0173 baz\u0119)<\/li>\n<\/ul>","protected":false},"featured_media":7962,"template":"","meta":{"om_disable_all_campaigns":false,"_monsterinsights_skip_tracking":false,"_monsterinsights_sitenote_active":false,"_monsterinsights_sitenote_note":"","_monsterinsights_sitenote_category":0},"product_brand":[],"product_cat":[48],"product_tag":[859,891],"class_list":{"0":"post-7960","1":"product","2":"type-product","3":"status-publish","4":"has-post-thumbnail","6":"product_cat-silumos-siurbliai-oras-vanduo","7":"product_tag-nibe-oras-vanduo","8":"product_tag-nibe-oras-vanduo-silumos-siurblys-nibe-split-ba-svme-ams10-8-kw","9":"pa_galingumas-8-kw","11":"first","12":"instock","13":"sale","14":"purchasable","15":"product-type-simple"},"aioseo_notices":[],"_links":{"self":[{"href":"https:\/\/izopaga.lt\/en\/wp-json\/wp\/v2\/product\/7960","targetHints":{"allow":["GET"]}}],"collection":[{"href":"https:\/\/izopaga.lt\/en\/wp-json\/wp\/v2\/product"}],"about":[{"href":"https:\/\/izopaga.lt\/en\/wp-json\/wp\/v2\/types\/product"}],"wp:featuredmedia":[{"embeddable":true,"href":"https:\/\/izopaga.lt\/en\/wp-json\/wp\/v2\/media\/7962"}],"wp:attachment":[{"href":"https:\/\/izopaga.lt\/en\/wp-json\/wp\/v2\/media?parent=7960"}],"wp:term":[{"taxonomy":"product_brand","embeddable":true,"href":"https:\/\/izopaga.lt\/en\/wp-json\/wp\/v2\/product_brand?post=7960"},{"taxonomy":"product_cat","embeddable":true,"href":"https:\/\/izopaga.lt\/en\/wp-json\/wp\/v2\/product_cat?post=7960"},{"taxonomy":"product_tag","embeddable":true,"href":"https:\/\/izopaga.lt\/en\/wp-json\/wp\/v2\/product_tag?post=7960"}],"curies":[{"name":"wp","href":"https:\/\/api.w.org\/{rel}","templated":true}]}}