{"id":7987,"date":"2026-04-20T09:46:08","date_gmt":"2026-04-20T06:46:08","guid":{"rendered":"https:\/\/izopaga.lt\/produktai\/oras-vanduo-silumos-siurblys-nibe-split-svm-s332ams20-6-kw\/"},"modified":"2026-04-22T11:10:02","modified_gmt":"2026-04-22T08:10:02","slug":"oras-vanduo-silumos-siurblys-nibe-split-svm-s332ams20-6-kw","status":"publish","type":"product","link":"https:\/\/izopaga.lt\/en\/produktai\/oras-vanduo-silumos-siurblys-nibe-split-svm-s332ams20-6-kw\/","title":{"rendered":"Nibe Oras-vanduo \u0161ilumos siurblys NIBE Split SVM S332+AMS20 &#8211; 6 kw"},"content":{"rendered":"<h1 class=\"product_title entry-title\">Nibe Oras-vanduo \u0161ilumos siurblys NIBE Split SVM S332+AMS20<\/h1>\n<div class=\"woocommerce-product-details__short-description\">\n<p>D\u0117l integruoto \u201eWi-Fi\u201c ir galimyb\u0117s prijungti belaid\u017eius priedus, NIBE gamini\u0173 S serija tampa nat\u016brali J\u016bs\u0173 i\u0161mani\u0173 nam\u0173 dalis. Jums visi\u0161kai valdant \u0161ilumos siurbl\u012f savo i\u0161maniajame telefone ar plan\u0161etiniame kompiuteryje, i\u0161manioji technologija reguliuoja patalp\u0173 mikroklimat\u0105 automati\u0161kai. Didelis komfortas ir ma\u017eos energijos s\u0105naudos tuo pa\u010diu metu tausojant gamt\u0105.<br \/>\n<a href=\"https:\/\/www.perkunibe.lt\/wp-content\/uploads\/2024\/07\/CIL_CIL-LT-SPLIT-SVM-S332_AMS-20-M13519-2.pdf\">Technin\u0117s specifikacijos NIBE SVM 332 + AMS20<\/a><\/p>\n<h4>Komplekto savyb\u0117s:<\/h4>\n<ul>\n<li>Didel\u0117 galia net iki -20\u00b0C ir efektyvus v\u0117sinimas iki +7\u00b0C<\/li>\n<li>Patogus naudotojui jutiklinis ekranas, belaid\u017eiai priedai ir integruotas belaidis ry\u0161ys su energij\u0105 taupan\u010dia i\u0161mani\u0105ja technologija dideliam patogumui u\u017etikrinti<\/li>\n<li>Kompakti\u0161kas \u0161ilumos siurblys, prisitaikantis prie J\u016bs\u0173 nam\u0173 poreiki\u0173<\/li>\n<li>I\u0161mani, vartotojui draugi\u0161ka valdymo sistema<\/li>\n<\/ul>\n<\/div>","protected":false},"excerpt":{"rendered":"<p>NIBE SVM S332 yra i\u0161manus vidaus modulis, kuris u\u017etikrina efektyv\u0173 \u0161ildym\u0105, galing\u0105 v\u0117sinim\u0105 ir kar\u0161t\u0105 vanden\u012f J\u016bs\u0173 namuose. Kartu su NIBE AMS 20 lauko moduliu jis sudaro visapus\u0119 klimato sistem\u0105, u\u017etikrinan\u010di\u0105 didel\u012f komfort\u0105 ir paprast\u0105 montavim\u0105.<\/p>\n<p>Sistema veikia esant lauko temperat\u016brai iki -20\u00b0C ir tiekia iki 58\u00b0C temperat\u016br\u0105 tiekimo linijoje. Sistema u\u017etikrina optimal\u0173 taupym\u0105, nes automati\u0161kai prisitaiko prie pastato poreiki\u0173 i\u0161tisus metus. Veiksminga v\u0117sinimo funkcija leid\u017eia \u0161ilumos siurbliui sukurti komforti\u0161k\u0105 patalp\u0173 klimat\u0105 net esant auk\u0161tai lauko temperat\u016brai.<\/p>\n<p><strong>\u012e kain\u0105 \u012fskai\u010diuota:<\/strong><\/p>\n<ul>\n<li>Lauko modulis NIBE AMS20<\/li>\n<li>Vidaus modulis NIBE SVM S332 su integruota kar\u0161to vandens talpa (pagal EN16147 standart\u0105 185 l. prie vidutinio komforto lygio)<\/li>\n<li>2 met\u0173 gamintojo garantija (suteikiama Lietuvoje eksploatuojamiems produktams)<\/li>\n<li>Pristatymas visoje Lietuvoje<\/li>\n<li>Nuotolinis servisas internetu vis\u0105 \u0161ilumos siurblio eksploatacin\u012f laikotarp\u012f (prijungus siurbl\u012f \u012f oficiali\u0105 NIBE \u0161ilumos siurbli\u0173 duomen\u0173 baz\u0119)<\/li>\n<\/ul>","protected":false},"featured_media":7986,"template":"","meta":{"om_disable_all_campaigns":false,"_monsterinsights_skip_tracking":false,"_monsterinsights_sitenote_active":false,"_monsterinsights_sitenote_note":"","_monsterinsights_sitenote_category":0},"product_brand":[],"product_cat":[48],"product_tag":[859,890],"class_list":{"0":"post-7987","1":"product","2":"type-product","3":"status-publish","4":"has-post-thumbnail","6":"product_cat-silumos-siurbliai-oras-vanduo","7":"product_tag-nibe-oras-vanduo","8":"product_tag-nibe-oras-vanduo-silumos-siurblys-nibe-split-svm-s332ams20-6-kw","9":"pa_galingumas-6-kw","11":"first","12":"instock","13":"purchasable","14":"product-type-simple"},"aioseo_notices":[],"_links":{"self":[{"href":"https:\/\/izopaga.lt\/en\/wp-json\/wp\/v2\/product\/7987","targetHints":{"allow":["GET"]}}],"collection":[{"href":"https:\/\/izopaga.lt\/en\/wp-json\/wp\/v2\/product"}],"about":[{"href":"https:\/\/izopaga.lt\/en\/wp-json\/wp\/v2\/types\/product"}],"wp:featuredmedia":[{"embeddable":true,"href":"https:\/\/izopaga.lt\/en\/wp-json\/wp\/v2\/media\/7986"}],"wp:attachment":[{"href":"https:\/\/izopaga.lt\/en\/wp-json\/wp\/v2\/media?parent=7987"}],"wp:term":[{"taxonomy":"product_brand","embeddable":true,"href":"https:\/\/izopaga.lt\/en\/wp-json\/wp\/v2\/product_brand?post=7987"},{"taxonomy":"product_cat","embeddable":true,"href":"https:\/\/izopaga.lt\/en\/wp-json\/wp\/v2\/product_cat?post=7987"},{"taxonomy":"product_tag","embeddable":true,"href":"https:\/\/izopaga.lt\/en\/wp-json\/wp\/v2\/product_tag?post=7987"}],"curies":[{"name":"wp","href":"https:\/\/api.w.org\/{rel}","templated":true}]}}